{"id":2584,"date":"2023-09-23T23:28:57","date_gmt":"2023-09-23T21:28:57","guid":{"rendered":"https:\/\/mhdemo.local\/?page_id=2584"},"modified":"2024-09-22T15:40:09","modified_gmt":"2024-09-22T13:40:09","slug":"containerhybrid-2","status":"publish","type":"page","link":"https:\/\/mobilhybrid.de\/en\/containerhybrid-2\/","title":{"rendered":"Container power supply"},"content":{"rendered":"<div data-elementor-type=\"wp-page\" data-elementor-id=\"2584\" class=\"elementor elementor-2584\" data-elementor-post-type=\"page\">\n\t\t\t\t\t\t<section class=\"elementor-section elementor-top-section elementor-element elementor-element-5b6c504 elementor-section-boxed elementor-section-height-default elementor-section-height-default\" data-id=\"5b6c504\" data-element_type=\"section\">\n\t\t\t\t\t\t<div class=\"elementor-container elementor-column-gap-default\">\n\t\t\t\t\t<div class=\"elementor-column elementor-col-50 elementor-top-column elementor-element elementor-element-5ecce16\" data-id=\"5ecce16\" data-element_type=\"column\">\n\t\t\t<div class=\"elementor-widget-wrap elementor-element-populated\">\n\t\t\t\t\t\t<div class=\"elementor-element elementor-element-e16ebaa elementor-widget elementor-widget-heading\" data-id=\"e16ebaa\" data-element_type=\"widget\" data-widget_type=\"heading.default\">\n\t\t\t\t<div class=\"elementor-widget-container\">\n\t\t\t\t\t<h2 class=\"elementor-heading-title elementor-size-default\">Flexible and powerful container power supply from MobilHybrid<\/h2>\t\t\t\t<\/div>\n\t\t\t\t<\/div>\n\t\t\t\t<div class=\"elementor-element elementor-element-65886cf elementor-widget elementor-widget-text-editor\" data-id=\"65886cf\" data-element_type=\"widget\" data-widget_type=\"text-editor.default\">\n\t\t\t\t<div class=\"elementor-widget-container\">\n\t\t\t\t\t\t\t\t\t<p>Our <strong>Container power supply<\/strong> offers you flexible and powerful energy systems for various applications. Whether for large construction projects, events or temporary power requirements, our containerised solutions are reliable, efficient and easy to install. Discover the advantages of our <strong>Container energy systems<\/strong> and secure a stable energy supply.<\/p>\t\t\t\t\t\t\t\t<\/div>\n\t\t\t\t<\/div>\n\t\t\t\t<div class=\"elementor-element elementor-element-4eb345e elementor-widget elementor-widget-image\" data-id=\"4eb345e\" data-element_type=\"widget\" data-widget_type=\"image.default\">\n\t\t\t\t<div class=\"elementor-widget-container\">\n\t\t\t\t\t\t\t\t\t\t\t\t\t\t\t\t<a href=\"https:\/\/mobilhybrid.de\/en\/product\/mh-108\/\">\n\t\t\t\t\t\t\t<img fetchpriority=\"high\" decoding=\"async\" width=\"800\" height=\"800\" src=\"https:\/\/mobilhybrid.de\/wp-content\/uploads\/2023\/09\/ContainerHybrid.jpg\" class=\"attachment-large size-large wp-image-2515\" alt=\"The ContainerHybrid MH-108 is a product innovation that has been specially developed for large construction sites and demanding applications.\" srcset=\"https:\/\/mobilhybrid.de\/wp-content\/uploads\/2023\/09\/ContainerHybrid.jpg 1000w, https:\/\/mobilhybrid.de\/wp-content\/uploads\/2023\/09\/ContainerHybrid-300x300.jpg 300w, https:\/\/mobilhybrid.de\/wp-content\/uploads\/2023\/09\/ContainerHybrid-150x150.jpg 150w, https:\/\/mobilhybrid.de\/wp-content\/uploads\/2023\/09\/ContainerHybrid-768x768.jpg 768w, https:\/\/mobilhybrid.de\/wp-content\/uploads\/2023\/09\/ContainerHybrid-600x600.jpg 600w, https:\/\/mobilhybrid.de\/wp-content\/uploads\/2023\/09\/ContainerHybrid-100x100.jpg 100w\" sizes=\"(max-width: 800px) 100vw, 800px\" \/>\t\t\t\t\t\t\t\t<\/a>\n\t\t\t\t\t\t\t\t\t\t\t\t\t\t\t<\/div>\n\t\t\t\t<\/div>\n\t\t\t\t<div class=\"elementor-element elementor-element-28577b7 elementor-align-center elementor-widget elementor-widget-button\" data-id=\"28577b7\" data-element_type=\"widget\" data-widget_type=\"button.default\">\n\t\t\t\t<div class=\"elementor-widget-container\">\n\t\t\t\t\t\t\t\t\t<div class=\"elementor-button-wrapper\">\n\t\t\t\t\t<a class=\"elementor-button elementor-button-link elementor-size-sm\" href=\"https:\/\/mobilhybrid.de\/en\/product\/mh-108\/\">\n\t\t\t\t\t\t<span class=\"elementor-button-content-wrapper\">\n\t\t\t\t\t\t\t\t\t<span class=\"elementor-button-text\">Further product information &amp; technical data<\/span>\n\t\t\t\t\t<\/span>\n\t\t\t\t\t<\/a>\n\t\t\t\t<\/div>\n\t\t\t\t\t\t\t\t<\/div>\n\t\t\t\t<\/div>\n\t\t\t\t\t<\/div>\n\t\t<\/div>\n\t\t\t\t<div class=\"elementor-column elementor-col-50 elementor-top-column elementor-element elementor-element-9dd396c\" data-id=\"9dd396c\" data-element_type=\"column\">\n\t\t\t<div class=\"elementor-widget-wrap elementor-element-populated\">\n\t\t\t\t\t\t<div class=\"elementor-element elementor-element-102fa60 elementor-widget elementor-widget-heading\" data-id=\"102fa60\" data-element_type=\"widget\" data-widget_type=\"heading.default\">\n\t\t\t\t<div class=\"elementor-widget-container\">\n\t\t\t\t\t<h4 class=\"elementor-heading-title elementor-size-default\">The stationary power supply for your construction project<\/h4>\t\t\t\t<\/div>\n\t\t\t\t<\/div>\n\t\t\t\t<div class=\"elementor-element elementor-element-789a643 elementor-widget elementor-widget-text-editor\" data-id=\"789a643\" data-element_type=\"widget\" data-widget_type=\"text-editor.default\">\n\t\t\t\t<div class=\"elementor-widget-container\">\n\t\t\t\t\t\t\t\t\t<p>The big <strong><span style=\"color: #58a332\">M<\/span><\/strong>obil<strong><span style=\"color: #58a332\">H<\/span><\/strong>ybrid are installed in a container and can therefore be easily integrated into the construction site logistics.<span class=\"Apple-converted-space\">\u00a0<\/span>The HS-48 and HS-72 containers are housed in a 10-foot container and the HS-108 is delivered ready for operation in a 20-foot container.<span class=\"Apple-converted-space\">\u00a0<\/span>The ventilation and air-conditioning of the containers is based on customer requirements and can range from a very cold -40 \u00b0C to a tropical 55 \u00b0C. The container is designed so that solar panels can be attached to the container roof to generate solar power.<span class=\"Apple-converted-space\">\u00a0<\/span>to produce. This enables a particularly environmentally friendly supply to your consumers.<span class=\"Apple-converted-space\">\u00a0<\/span><\/p>\t\t\t\t\t\t\t\t<\/div>\n\t\t\t\t<\/div>\n\t\t\t\t<div class=\"elementor-element elementor-element-37b833b elementor-widget elementor-widget-heading\" data-id=\"37b833b\" data-element_type=\"widget\" data-widget_type=\"heading.default\">\n\t\t\t\t<div class=\"elementor-widget-container\">\n\t\t\t\t\t<h4 class=\"elementor-heading-title elementor-size-default\">ContainerHybrid &amp; ContainerPV <\/h4>\t\t\t\t<\/div>\n\t\t\t\t<\/div>\n\t\t\t\t<div class=\"elementor-element elementor-element-dfd345e elementor-widget elementor-widget-image\" data-id=\"dfd345e\" data-element_type=\"widget\" data-widget_type=\"image.default\">\n\t\t\t\t<div class=\"elementor-widget-container\">\n\t\t\t\t\t\t\t\t\t\t\t\t\t\t\t<img decoding=\"async\" width=\"300\" height=\"300\" src=\"https:\/\/mobilhybrid.de\/wp-content\/uploads\/2023\/09\/ContainerPV-WP-300x300.jpg\" class=\"attachment-medium size-medium wp-image-2469\" alt=\"\" srcset=\"https:\/\/mobilhybrid.de\/wp-content\/uploads\/2023\/09\/ContainerPV-WP-300x300.jpg 300w, https:\/\/mobilhybrid.de\/wp-content\/uploads\/2023\/09\/ContainerPV-WP-150x150.jpg 150w, https:\/\/mobilhybrid.de\/wp-content\/uploads\/2023\/09\/ContainerPV-WP-768x768.jpg 768w, https:\/\/mobilhybrid.de\/wp-content\/uploads\/2023\/09\/ContainerPV-WP-600x600.jpg 600w, https:\/\/mobilhybrid.de\/wp-content\/uploads\/2023\/09\/ContainerPV-WP-100x100.jpg 100w, https:\/\/mobilhybrid.de\/wp-content\/uploads\/2023\/09\/ContainerPV-WP.jpg 1000w\" sizes=\"(max-width: 300px) 100vw, 300px\" \/>\t\t\t\t\t\t\t\t\t\t\t\t\t\t\t<\/div>\n\t\t\t\t<\/div>\n\t\t\t\t<div class=\"elementor-element elementor-element-78c8357 elementor-widget elementor-widget-text-editor\" data-id=\"78c8357\" data-element_type=\"widget\" data-widget_type=\"text-editor.default\">\n\t\t\t\t<div class=\"elementor-widget-container\">\n\t\t\t\t\t\t\t\t\t<p>With this combination, you have control over your energy supply and benefit from maximum efficiency and cost savings. Discover today how <strong><span style=\"color: #58a332\">C<\/span><\/strong>ontainer<span style=\"color: #58a332\"><strong>H<\/strong><\/span>ybrid and <strong><span style=\"color: #58a332\">C<\/span><\/strong>ontainer<span style=\"color: #58a332\"><strong>PV<\/strong><\/span> 2.0 offers the perfect solution for your energy needs.<\/p>\t\t\t\t\t\t\t\t<\/div>\n\t\t\t\t<\/div>\n\t\t\t\t\t<\/div>\n\t\t<\/div>\n\t\t\t\t\t<\/div>\n\t\t<\/section>\n\t\t\t\t<section class=\"elementor-section elementor-top-section elementor-element elementor-element-da64734 elementor-section-boxed elementor-section-height-default elementor-section-height-default\" data-id=\"da64734\" data-element_type=\"section\">\n\t\t\t\t\t\t<div class=\"elementor-container elementor-column-gap-default\">\n\t\t\t\t\t<div class=\"elementor-column elementor-col-100 elementor-top-column elementor-element elementor-element-890b3a9\" data-id=\"890b3a9\" data-element_type=\"column\">\n\t\t\t<div class=\"elementor-widget-wrap elementor-element-populated\">\n\t\t\t\t\t\t<div class=\"elementor-element elementor-element-3fcc2a7 elementor-widget-divider--view-line elementor-widget elementor-widget-divider\" data-id=\"3fcc2a7\" data-element_type=\"widget\" data-settings=\"{&quot;motion_fx_motion_fx_scrolling&quot;:&quot;yes&quot;,&quot;motion_fx_opacity_effect&quot;:&quot;yes&quot;,&quot;motion_fx_opacity_range&quot;:{&quot;unit&quot;:&quot;%&quot;,&quot;size&quot;:&quot;&quot;,&quot;sizes&quot;:{&quot;start&quot;:7,&quot;end&quot;:61}},&quot;motion_fx_opacity_direction&quot;:&quot;out-in&quot;,&quot;motion_fx_opacity_level&quot;:{&quot;unit&quot;:&quot;px&quot;,&quot;size&quot;:10,&quot;sizes&quot;:[]},&quot;motion_fx_devices&quot;:[&quot;desktop&quot;,&quot;tablet&quot;,&quot;mobile&quot;]}\" data-widget_type=\"divider.default\">\n\t\t\t\t<div class=\"elementor-widget-container\">\n\t\t\t\t\t\t\t<div class=\"elementor-divider\">\n\t\t\t<span class=\"elementor-divider-separator\">\n\t\t\t\t\t\t<\/span>\n\t\t<\/div>\n\t\t\t\t\t\t<\/div>\n\t\t\t\t<\/div>\n\t\t\t\t<div class=\"elementor-element elementor-element-8223244 elementor-widget elementor-widget-heading\" data-id=\"8223244\" data-element_type=\"widget\" data-settings=\"{&quot;motion_fx_motion_fx_scrolling&quot;:&quot;yes&quot;,&quot;motion_fx_opacity_effect&quot;:&quot;yes&quot;,&quot;motion_fx_opacity_range&quot;:{&quot;unit&quot;:&quot;%&quot;,&quot;size&quot;:&quot;&quot;,&quot;sizes&quot;:{&quot;start&quot;:10,&quot;end&quot;:52}},&quot;motion_fx_opacity_direction&quot;:&quot;out-in&quot;,&quot;motion_fx_opacity_level&quot;:{&quot;unit&quot;:&quot;px&quot;,&quot;size&quot;:10,&quot;sizes&quot;:[]},&quot;motion_fx_devices&quot;:[&quot;desktop&quot;,&quot;tablet&quot;,&quot;mobile&quot;]}\" data-widget_type=\"heading.default\">\n\t\t\t\t<div class=\"elementor-widget-container\">\n\t\t\t\t\t<h2 class=\"elementor-heading-title elementor-size-default\">Advantages &amp; functions<\/h2>\t\t\t\t<\/div>\n\t\t\t\t<\/div>\n\t\t\t\t\t<\/div>\n\t\t<\/div>\n\t\t\t\t\t<\/div>\n\t\t<\/section>\n\t\t<div class=\"elementor-element elementor-element-13548ae e-flex e-con-boxed e-con e-parent\" data-id=\"13548ae\" data-element_type=\"container\">\n\t\t\t\t\t<div class=\"e-con-inner\">\n\t\t\t\t<div class=\"elementor-element elementor-element-97b7088 elementor-widget elementor-widget-toggle\" data-id=\"97b7088\" data-element_type=\"widget\" data-widget_type=\"toggle.default\">\n\t\t\t\t<div class=\"elementor-widget-container\">\n\t\t\t\t\t\t\t<div class=\"elementor-toggle\">\n\t\t\t\t\t\t\t<div class=\"elementor-toggle-item\">\n\t\t\t\t\t<div id=\"elementor-tab-title-1591\" class=\"elementor-tab-title\" data-tab=\"1\" role=\"button\" aria-controls=\"elementor-tab-content-1591\" aria-expanded=\"false\">\n\t\t\t\t\t\t\t\t\t\t\t\t<a class=\"elementor-toggle-title\" tabindex=\"0\">HOW DOES IT WORK?<\/a>\n\t\t\t\t\t<\/div>\n\n\t\t\t\t\t<div id=\"elementor-tab-content-1591\" class=\"elementor-tab-content elementor-clearfix\" data-tab=\"1\" role=\"region\" aria-labelledby=\"elementor-tab-title-1591\"><p>The <strong><span style=\"color: #58a332;\">C<\/span><\/strong>ontainer<strong><span style=\"color: #58a332;\">H<\/span><\/strong>ybrid selects the most favourable of several energy sources (hybrid) for the current load status. This can be the integrated battery storage system, a diesel generator, photovoltaic modules or even an existing grid.<\/p><\/div>\n\t\t\t\t<\/div>\n\t\t\t\t\t\t\t<div class=\"elementor-toggle-item\">\n\t\t\t\t\t<div id=\"elementor-tab-title-1592\" class=\"elementor-tab-title\" data-tab=\"2\" role=\"button\" aria-controls=\"elementor-tab-content-1592\" aria-expanded=\"false\">\n\t\t\t\t\t\t\t\t\t\t\t\t<a class=\"elementor-toggle-title\" tabindex=\"0\">WHY CAN YOU SAVE A LOT OF MONEY IN THE PROCESS?<\/a>\n\t\t\t\t\t<\/div>\n\n\t\t\t\t\t<div id=\"elementor-tab-content-1592\" class=\"elementor-tab-content elementor-clearfix\" data-tab=\"2\" role=\"region\" aria-labelledby=\"elementor-tab-title-1592\"><p>The diesel generator is only started when the <strong><span style=\"color: #58a332;\">C<\/span><\/strong>ontainer<strong><span style=\"color: #58a332;\">H<\/span><\/strong>ybrid has to be recharged or large loads are to be operated. This significantly reduces fuel and maintenance costs for the diesel unit and extends its service life.<\/p><ul><li>Less frequent refuelling<\/li><li>No unnecessary fuel consumption<\/li><li>Never fill up with fuel again thanks to the combination of <strong><span style=\"color: #58a332;\">C<\/span><\/strong>ontainer<strong><span style=\"color: #58a332;\">H<\/span><\/strong>ybrid and <strong><span style=\"color: #58a332;\">C<\/span><\/strong>ontainer<strong><span style=\"color: #58a332;\">PV<\/span><\/strong><\/li><\/ul><\/div>\n\t\t\t\t<\/div>\n\t\t\t\t\t\t\t<div class=\"elementor-toggle-item\">\n\t\t\t\t\t<div id=\"elementor-tab-title-1593\" class=\"elementor-tab-title\" data-tab=\"3\" role=\"button\" aria-controls=\"elementor-tab-content-1593\" aria-expanded=\"false\">\n\t\t\t\t\t\t\t\t\t\t\t\t<a class=\"elementor-toggle-title\" tabindex=\"0\">WHAT DOES THE ENVIRONMENT GET OUT OF IT?<\/a>\n\t\t\t\t\t<\/div>\n\n\t\t\t\t\t<div id=\"elementor-tab-content-1593\" class=\"elementor-tab-content elementor-clearfix\" data-tab=\"3\" role=\"region\" aria-labelledby=\"elementor-tab-title-1593\"><ul><li>Significant amounts of CO2 and harmful exhaust gases are saved<\/li><li>The service life and maintenance intervals of the diesel unit are extended<\/li><li>Whisper-quiet operation of the power supply, as the diesel generator is switched off most of the time or is no longer needed at all in some applications<\/li><li>Further CO2 and money savings when photovoltaic modules are added to the hybrid system<\/li><li>The lead batteries used are 99% recyclable<\/li><\/ul><\/div>\n\t\t\t\t<\/div>\n\t\t\t\t\t\t\t<div class=\"elementor-toggle-item\">\n\t\t\t\t\t<div id=\"elementor-tab-title-1594\" class=\"elementor-tab-title\" data-tab=\"4\" role=\"button\" aria-controls=\"elementor-tab-content-1594\" aria-expanded=\"false\">\n\t\t\t\t\t\t\t\t\t\t\t\t<a class=\"elementor-toggle-title\" tabindex=\"0\">HOW LONG DO THE BATTERIES LAST? DO THEY TAKE THE BATTERIES BACK?<\/a>\n\t\t\t\t\t<\/div>\n\n\t\t\t\t\t<div id=\"elementor-tab-content-1594\" class=\"elementor-tab-content elementor-clearfix\" data-tab=\"4\" role=\"region\" aria-labelledby=\"elementor-tab-title-1594\"><p>The batteries are designed for a service life of 1200 cycles. At one cycle per day, this corresponds to a service life of approx. 5 years. A residual capacity of 80% is defined as the end of the service life. The battery set can be replaced cost-effectively in a short time. Of course, we take back the old battery sets.<\/p><\/div>\n\t\t\t\t<\/div>\n\t\t\t\t\t\t\t<div class=\"elementor-toggle-item\">\n\t\t\t\t\t<div id=\"elementor-tab-title-1595\" class=\"elementor-tab-title\" data-tab=\"5\" role=\"button\" aria-controls=\"elementor-tab-content-1595\" aria-expanded=\"false\">\n\t\t\t\t\t\t\t\t\t\t\t\t<a class=\"elementor-toggle-title\" tabindex=\"0\">WHAT ABOUT THE WARRANTY?<\/a>\n\t\t\t\t\t<\/div>\n\n\t\t\t\t\t<div id=\"elementor-tab-content-1595\" class=\"elementor-tab-content elementor-clearfix\" data-tab=\"5\" role=\"region\" aria-labelledby=\"elementor-tab-title-1595\"><p>On the <strong><span style=\"color: #58a332;\">C<\/span><\/strong>ontainer<strong><span style=\"color: #58a332;\">H<\/span><\/strong>ybrid device, with the exception of the battery pack, comes with a 2-year guarantee.<\/p><p>Further arguments:<\/p><ul><li>Attractive design<\/li><li>PV charging unit as an option for operation with <strong><span style=\"color: #58a332;\">C<\/span><\/strong>ontainer<strong><span style=\"color: #58a332;\">PV<\/span><\/strong><\/li><li>Mains input as option<\/li><li>IP54 Schuko \/ IP67 CEE plug connector<\/li><\/ul><\/div>\n\t\t\t\t<\/div>\n\t\t\t\t\t\t\t\t<\/div>\n\t\t\t\t\t\t<\/div>\n\t\t\t\t<\/div>\n\t\t\t\t\t<\/div>\n\t\t\t\t<\/div>\n\t\t\t\t<\/div>","protected":false},"excerpt":{"rendered":"<p>Flexible and powerful containerised power supply from MobilHybrid Our containerised power supply offers you flexible and powerful energy systems for various applications. Whether for large construction projects, events or temporary power requirements, our container solutions are reliable, efficient and easy to install. Discover the advantages of our containerised energy systems and secure a stable energy supply. Further product information &amp; technical data The stationary [...]<\/p>","protected":false},"author":6,"featured_media":0,"parent":0,"menu_order":0,"comment_status":"closed","ping_status":"closed","template":"","meta":{"footnotes":""},"class_list":["post-2584","page","type-page","status-publish","hentry"],"yoast_head":"<!-- This site is optimized with the Yoast SEO plugin v26.6 - https:\/\/yoast.com\/wordpress\/plugins\/seo\/ -->\n<title>ContainerHybrid | Die Leistungsstarke Containerstromversorgung<\/title>\n<meta name=\"description\" content=\"Unsere mobilen Container-Energiesysteme bieten zuverl\u00e4ssige und effiziente L\u00f6sungen f\u00fcr gro\u00dfe Projekte und tempor\u00e4re Anwendungen.\" \/>\n<meta name=\"robots\" content=\"index, follow, max-snippet:-1, max-image-preview:large, max-video-preview:-1\" \/>\n<link rel=\"canonical\" href=\"https:\/\/mobilhybrid.de\/en\/containerhybrid-2\/\" \/>\n<meta property=\"og:locale\" content=\"en_GB\" \/>\n<meta property=\"og:type\" content=\"article\" \/>\n<meta property=\"og:title\" content=\"ContainerHybrid | Die Leistungsstarke Containerstromversorgung\" \/>\n<meta property=\"og:description\" content=\"Unsere mobilen Container-Energiesysteme bieten zuverl\u00e4ssige und effiziente L\u00f6sungen f\u00fcr gro\u00dfe Projekte und tempor\u00e4re Anwendungen.\" \/>\n<meta property=\"og:url\" content=\"https:\/\/mobilhybrid.de\/en\/containerhybrid-2\/\" \/>\n<meta property=\"og:site_name\" content=\"MobilHybrid\" \/>\n<meta property=\"article:publisher\" content=\"https:\/\/www.facebook.com\/MobilHybrid\/\" \/>\n<meta property=\"article:modified_time\" content=\"2024-09-22T13:40:09+00:00\" \/>\n<meta property=\"og:image\" content=\"https:\/\/mobilhybrid.de\/wp-content\/uploads\/2023\/09\/ContainerHybrid.jpg\" \/>\n<meta name=\"twitter:card\" content=\"summary_large_image\" \/>\n<script type=\"application\/ld+json\" class=\"yoast-schema-graph\">{\"@context\":\"https:\/\/schema.org\",\"@graph\":[{\"@type\":\"WebPage\",\"@id\":\"https:\/\/mobilhybrid.de\/containerhybrid-2\/\",\"url\":\"https:\/\/mobilhybrid.de\/containerhybrid-2\/\",\"name\":\"ContainerHybrid | Die Leistungsstarke Containerstromversorgung\",\"isPartOf\":{\"@id\":\"https:\/\/mobilhybrid.de\/#website\"},\"primaryImageOfPage\":{\"@id\":\"https:\/\/mobilhybrid.de\/containerhybrid-2\/#primaryimage\"},\"image\":{\"@id\":\"https:\/\/mobilhybrid.de\/containerhybrid-2\/#primaryimage\"},\"thumbnailUrl\":\"https:\/\/mobilhybrid.de\/wp-content\/uploads\/2023\/09\/ContainerHybrid.jpg\",\"datePublished\":\"2023-09-23T21:28:57+00:00\",\"dateModified\":\"2024-09-22T13:40:09+00:00\",\"description\":\"Unsere mobilen Container-Energiesysteme bieten zuverl\u00e4ssige und effiziente L\u00f6sungen f\u00fcr gro\u00dfe Projekte und tempor\u00e4re Anwendungen.\",\"breadcrumb\":{\"@id\":\"https:\/\/mobilhybrid.de\/containerhybrid-2\/#breadcrumb\"},\"inLanguage\":\"en-GB\",\"potentialAction\":[{\"@type\":\"ReadAction\",\"target\":[\"https:\/\/mobilhybrid.de\/containerhybrid-2\/\"]}]},{\"@type\":\"ImageObject\",\"inLanguage\":\"en-GB\",\"@id\":\"https:\/\/mobilhybrid.de\/containerhybrid-2\/#primaryimage\",\"url\":\"https:\/\/mobilhybrid.de\/wp-content\/uploads\/2023\/09\/ContainerHybrid.jpg\",\"contentUrl\":\"https:\/\/mobilhybrid.de\/wp-content\/uploads\/2023\/09\/ContainerHybrid.jpg\"},{\"@type\":\"BreadcrumbList\",\"@id\":\"https:\/\/mobilhybrid.de\/containerhybrid-2\/#breadcrumb\",\"itemListElement\":[{\"@type\":\"ListItem\",\"position\":1,\"name\":\"Home\",\"item\":\"https:\/\/mobilhybrid.de\/\"},{\"@type\":\"ListItem\",\"position\":2,\"name\":\"Containerstromversorgung\"}]},{\"@type\":\"WebSite\",\"@id\":\"https:\/\/mobilhybrid.de\/#website\",\"url\":\"https:\/\/mobilhybrid.de\/\",\"name\":\"MobilHybrid\",\"description\":\"die autarke, mobile netzunabh\u00e4ngige Stromversorgung\",\"publisher\":{\"@id\":\"https:\/\/mobilhybrid.de\/#organization\"},\"potentialAction\":[{\"@type\":\"SearchAction\",\"target\":{\"@type\":\"EntryPoint\",\"urlTemplate\":\"https:\/\/mobilhybrid.de\/?s={search_term_string}\"},\"query-input\":{\"@type\":\"PropertyValueSpecification\",\"valueRequired\":true,\"valueName\":\"search_term_string\"}}],\"inLanguage\":\"en-GB\"},{\"@type\":\"Organization\",\"@id\":\"https:\/\/mobilhybrid.de\/#organization\",\"name\":\"MobilHybrid GmbH\",\"url\":\"https:\/\/mobilhybrid.de\/\",\"logo\":{\"@type\":\"ImageObject\",\"inLanguage\":\"en-GB\",\"@id\":\"https:\/\/mobilhybrid.de\/#\/schema\/logo\/image\/\",\"url\":\"https:\/\/mobilhybrid.de\/wp-content\/uploads\/2020\/04\/152.png\",\"contentUrl\":\"https:\/\/mobilhybrid.de\/wp-content\/uploads\/2020\/04\/152.png\",\"width\":152,\"height\":152,\"caption\":\"MobilHybrid GmbH\"},\"image\":{\"@id\":\"https:\/\/mobilhybrid.de\/#\/schema\/logo\/image\/\"},\"sameAs\":[\"https:\/\/www.facebook.com\/MobilHybrid\/\",\"https:\/\/www.instagram.com\/_mobilhybrid_\/?hl=de\",\"https:\/\/www.youtube.com\/@pv4lifegmbh476\",\"https:\/\/de.linkedin.com\/company\/mobilhybrid-ug\"]}]}<\/script>\n<!-- \/ Yoast SEO plugin. -->","yoast_head_json":{"title":"ContainerHybrid | The powerful container power supply","description":"Our mobile containerised energy systems offer reliable and efficient solutions for large projects and temporary applications.","robots":{"index":"index","follow":"follow","max-snippet":"max-snippet:-1","max-image-preview":"max-image-preview:large","max-video-preview":"max-video-preview:-1"},"canonical":"https:\/\/mobilhybrid.de\/en\/containerhybrid-2\/","og_locale":"en_GB","og_type":"article","og_title":"ContainerHybrid | Die Leistungsstarke Containerstromversorgung","og_description":"Unsere mobilen Container-Energiesysteme bieten zuverl\u00e4ssige und effiziente L\u00f6sungen f\u00fcr gro\u00dfe Projekte und tempor\u00e4re Anwendungen.","og_url":"https:\/\/mobilhybrid.de\/en\/containerhybrid-2\/","og_site_name":"MobilHybrid","article_publisher":"https:\/\/www.facebook.com\/MobilHybrid\/","article_modified_time":"2024-09-22T13:40:09+00:00","og_image":[{"url":"https:\/\/mobilhybrid.de\/wp-content\/uploads\/2023\/09\/ContainerHybrid.jpg","type":"","width":"","height":""}],"twitter_card":"summary_large_image","schema":{"@context":"https:\/\/schema.org","@graph":[{"@type":"WebPage","@id":"https:\/\/mobilhybrid.de\/containerhybrid-2\/","url":"https:\/\/mobilhybrid.de\/containerhybrid-2\/","name":"ContainerHybrid | The powerful container power supply","isPartOf":{"@id":"https:\/\/mobilhybrid.de\/#website"},"primaryImageOfPage":{"@id":"https:\/\/mobilhybrid.de\/containerhybrid-2\/#primaryimage"},"image":{"@id":"https:\/\/mobilhybrid.de\/containerhybrid-2\/#primaryimage"},"thumbnailUrl":"https:\/\/mobilhybrid.de\/wp-content\/uploads\/2023\/09\/ContainerHybrid.jpg","datePublished":"2023-09-23T21:28:57+00:00","dateModified":"2024-09-22T13:40:09+00:00","description":"Our mobile containerised energy systems offer reliable and efficient solutions for large projects and temporary applications.","breadcrumb":{"@id":"https:\/\/mobilhybrid.de\/containerhybrid-2\/#breadcrumb"},"inLanguage":"en-GB","potentialAction":[{"@type":"ReadAction","target":["https:\/\/mobilhybrid.de\/containerhybrid-2\/"]}]},{"@type":"ImageObject","inLanguage":"en-GB","@id":"https:\/\/mobilhybrid.de\/containerhybrid-2\/#primaryimage","url":"https:\/\/mobilhybrid.de\/wp-content\/uploads\/2023\/09\/ContainerHybrid.jpg","contentUrl":"https:\/\/mobilhybrid.de\/wp-content\/uploads\/2023\/09\/ContainerHybrid.jpg"},{"@type":"BreadcrumbList","@id":"https:\/\/mobilhybrid.de\/containerhybrid-2\/#breadcrumb","itemListElement":[{"@type":"ListItem","position":1,"name":"Home","item":"https:\/\/mobilhybrid.de\/"},{"@type":"ListItem","position":2,"name":"Containerstromversorgung"}]},{"@type":"WebSite","@id":"https:\/\/mobilhybrid.de\/#website","url":"https:\/\/mobilhybrid.de\/","name":"MobilHybrid","description":"the self-sufficient, mobile, off-grid power supply","publisher":{"@id":"https:\/\/mobilhybrid.de\/#organization"},"potentialAction":[{"@type":"SearchAction","target":{"@type":"EntryPoint","urlTemplate":"https:\/\/mobilhybrid.de\/?s={search_term_string}"},"query-input":{"@type":"PropertyValueSpecification","valueRequired":true,"valueName":"search_term_string"}}],"inLanguage":"en-GB"},{"@type":"Organization","@id":"https:\/\/mobilhybrid.de\/#organization","name":"MobilHybrid GmbH","url":"https:\/\/mobilhybrid.de\/","logo":{"@type":"ImageObject","inLanguage":"en-GB","@id":"https:\/\/mobilhybrid.de\/#\/schema\/logo\/image\/","url":"https:\/\/mobilhybrid.de\/wp-content\/uploads\/2020\/04\/152.png","contentUrl":"https:\/\/mobilhybrid.de\/wp-content\/uploads\/2020\/04\/152.png","width":152,"height":152,"caption":"MobilHybrid GmbH"},"image":{"@id":"https:\/\/mobilhybrid.de\/#\/schema\/logo\/image\/"},"sameAs":["https:\/\/www.facebook.com\/MobilHybrid\/","https:\/\/www.instagram.com\/_mobilhybrid_\/?hl=de","https:\/\/www.youtube.com\/@pv4lifegmbh476","https:\/\/de.linkedin.com\/company\/mobilhybrid-ug"]}]}},"_links":{"self":[{"href":"https:\/\/mobilhybrid.de\/en\/wp-json\/wp\/v2\/pages\/2584","targetHints":{"allow":["GET"]}}],"collection":[{"href":"https:\/\/mobilhybrid.de\/en\/wp-json\/wp\/v2\/pages"}],"about":[{"href":"https:\/\/mobilhybrid.de\/en\/wp-json\/wp\/v2\/types\/page"}],"author":[{"embeddable":true,"href":"https:\/\/mobilhybrid.de\/en\/wp-json\/wp\/v2\/users\/6"}],"replies":[{"embeddable":true,"href":"https:\/\/mobilhybrid.de\/en\/wp-json\/wp\/v2\/comments?post=2584"}],"version-history":[{"count":50,"href":"https:\/\/mobilhybrid.de\/en\/wp-json\/wp\/v2\/pages\/2584\/revisions"}],"predecessor-version":[{"id":4042,"href":"https:\/\/mobilhybrid.de\/en\/wp-json\/wp\/v2\/pages\/2584\/revisions\/4042"}],"wp:attachment":[{"href":"https:\/\/mobilhybrid.de\/en\/wp-json\/wp\/v2\/media?parent=2584"}],"curies":[{"name":"wp","href":"https:\/\/api.w.org\/{rel}","templated":true}]}}