{"id":3652,"date":"2024-01-28T13:31:43","date_gmt":"2024-01-28T12:31:43","guid":{"rendered":"https:\/\/mhdemo.local\/?page_id=3652"},"modified":"2025-10-03T20:59:40","modified_gmt":"2025-10-03T18:59:40","slug":"data-protection-declaration","status":"publish","type":"page","link":"https:\/\/mobilhybrid.de\/en\/data-protection-declaration\/","title":{"rendered":"Privacy policy"},"content":{"rendered":"<div data-elementor-type=\"wp-page\" data-elementor-id=\"3652\" class=\"elementor elementor-3652\" data-elementor-post-type=\"page\">\n\t\t\t\t<div class=\"elementor-element elementor-element-0978cd9 e-flex e-con-boxed e-con e-parent\" data-id=\"0978cd9\" data-element_type=\"container\">\n\t\t\t\t\t<div class=\"e-con-inner\">\n\t\t\t\t<div class=\"elementor-element elementor-element-48f2ab3 elementor-widget elementor-widget-heading\" data-id=\"48f2ab3\" data-element_type=\"widget\" data-widget_type=\"heading.default\">\n\t\t\t\t<div class=\"elementor-widget-container\">\n\t\t\t\t\t<h1 class=\"elementor-heading-title elementor-size-default\">Privacy policy<\/h1>\t\t\t\t<\/div>\n\t\t\t\t<\/div>\n\t\t\t\t<div class=\"elementor-element elementor-element-59744a3 elementor-widget elementor-widget-text-editor\" data-id=\"59744a3\" data-element_type=\"widget\" data-widget_type=\"text-editor.default\">\n\t\t\t\t<div class=\"elementor-widget-container\">\n\t\t\t\t\t\t\t\t\t<p style=\"font-weight: 400\"><strong>1. data protection at a glance<\/strong><\/p><p style=\"font-weight: 400\"><strong>General notes<\/strong><\/p><p style=\"font-weight: 400\">The following information provides a simple overview of what happens to your personal data when you visit our website.<br \/>Personal data is all data with which you can be personally identified.<br \/>For detailed information, please refer to the complete privacy policy below.<\/p><p style=\"font-weight: 400\">\u00a0<\/p><p style=\"font-weight: 400\"><strong>2. responsible body<\/strong><\/p><p style=\"font-weight: 400\"><strong>MobilHybrid GmbH<\/strong><br \/>B\u00fcrgermeister-Wegele-Stra\u00dfe 12<br \/>86167 Augsburg<\/p><p style=\"font-weight: 400\">Represented by: Dr Michael Seehuber<br \/>Phone: +49 (0)1578 3503438<br \/>E-mail: info@mobilhybrid.de<\/p><p style=\"font-weight: 400\">\u00a0<\/p><p style=\"font-weight: 400\"><strong>3. general information on data processing<\/strong><\/p><ul style=\"font-weight: 400\"><li>We treat your personal data confidentially and in accordance with the statutory data protection regulations (GDPR, BDSG, Digital Services Act [DDG] and Telecommunications Digital Services Data Protection Act [TDDDG]).<\/li><li>Data processing only takes place for the purposes stated here.<\/li><li>We would like to point out that data transmission over the Internet (e.g. communication by e-mail) may be subject to security vulnerabilities.<\/li><\/ul><p style=\"font-weight: 400\">\u00a0<\/p><p style=\"font-weight: 400\"><strong>4. your rights<\/strong><\/p><p style=\"font-weight: 400\">You have the right to at any time:<\/p><ul style=\"font-weight: 400\"><li>Information (Art. 15 GDPR)<\/li><li>Rectification (Art. 16 GDPR)<\/li><li>Erasure (Art. 17 GDPR)<\/li><li>Restriction of processing (Art. 18 GDPR)<\/li><li>Objection to the processing (Art. 21 GDPR)<\/li><li>Data portability (Art. 20 GDPR)<\/li><li>Revocation of a given consent (Art. 7 para. 3 GDPR)<\/li><li>Complaint to a supervisory authority (Art. 77 GDPR)<\/li><\/ul><p style=\"font-weight: 400\">\u00a0<\/p><p style=\"font-weight: 400\"><strong>5. data collection on our website<\/strong><\/p><p><strong>a) Server log files<\/strong><\/p><p style=\"font-weight: 400\">When you visit our website, data is automatically collected by the hosting provider (e.g. browser type, operating system, referrer URL, IP address, time of access).<br \/>Legal basis: Art. 6 para. 1 lit. f GDPR (legitimate interest in secure provision).<\/p><p><strong>b) Contact form<\/strong><\/p><p style=\"font-weight: 400\">If you contact us via the form, we will save the data you provide (name, e-mail, etc.) in order to answer your enquiry.<br \/>Legal basis: Art. 6 para. 1 lit. a GDPR (consent).<\/p><p style=\"font-weight: 400\">\u00a0<\/p><p style=\"font-weight: 400\"><strong>6. cookies &amp; consent<\/strong><\/p><p style=\"font-weight: 400\">Our website uses cookies and similar technologies.<\/p><ul style=\"font-weight: 400\"><li><strong>Necessary cookies<\/strong>Legal basis Art. 6 para. 1 lit. f GDPR.<\/li><li><strong>Analysis\/marketing cookies<\/strong>Legal basis Art. 6 para. 1 lit. a GDPR in conjunction with \u00a7 25 para. 1 TDDDG (only with consent via cookie banner).<br \/>You can revoke your consent at any time via the cookie banner.<\/li><\/ul><p style=\"font-weight: 400\">\u00a0<\/p><p style=\"font-weight: 400\"><strong>7. analysis and tracking tools<\/strong><\/p><p style=\"font-weight: 400\"><strong>Google Analytics<\/strong><\/p><p style=\"font-weight: 400\">We use Google Analytics (provider: Google Ireland Limited, Dublin, Ireland) to analyse user behaviour.<\/p><ul style=\"font-weight: 400\"><li>Cookies and similar technologies are used.<\/li><li>IP anonymisation is activated.<\/li><li>Data may be transferred to the USA (legal basis: standard contractual clauses of the EU Commission).<\/li><\/ul><p>\u00a0<\/p><p style=\"font-weight: 400\"><strong>Legal basis:<\/strong>\u00a0Consent (Art. 6 para. 1 lit. a GDPR, \u00a7 25 para. 1 TDDDG).<br \/>You can revoke your consent at any time via the cookie banner.<\/p><p style=\"font-weight: 400\">More info:\u00a0<a href=\"https:\/\/policies.google.com\/privacy?hl=de\">Google privacy policy<\/a><\/p><p style=\"font-weight: 400\"><strong>Google Search Console<\/strong><\/p><p style=\"font-weight: 400\">We use the Google Search Console for the technical optimisation of our website (e.g. error analysis, visibility in search engines).<br \/>In the process\u00a0<strong>no personal data of visitors is processed<\/strong>but only technical data of the website.<\/p><p style=\"font-weight: 400\"><strong>Google Ads &amp; Conversion Tracking<\/strong><\/p><p style=\"font-weight: 400\">We use Google Ads Conversion Tracking to measure the success of adverts.<br \/>When you click on an advert, a cookie is set that expires after 30 days.<\/p><p style=\"font-weight: 400\"><strong>Legal basis:<\/strong>\u00a0Consent (Art. 6 para. 1 lit. a GDPR, \u00a7 25 para. 1 TDDDG).<\/p><p style=\"font-weight: 400\"><strong>Google reCAPTCHA<\/strong><\/p><p style=\"font-weight: 400\">We use reCAPTCHA to prevent abuse by automated bots.<br \/>Usage data (e.g. IP address, mouse movements) is transmitted to Google.<\/p><p style=\"font-weight: 400\"><strong>Legal basis:<\/strong>\u00a0Consent (Art. 6 para. 1 lit. a GDPR).<\/p><p style=\"font-weight: 400\">\u00a0<\/p><p style=\"font-weight: 400\"><strong>8. plugins &amp; tools<\/strong><\/p><p style=\"font-weight: 400\"><strong>YouTube<\/strong><\/p><p style=\"font-weight: 400\">Our website integrates videos from YouTube.<br \/>When you play a video, data is transmitted to Google\/YouTube.<\/p><p style=\"font-weight: 400\"><strong>Legal basis:<\/strong>\u00a0Consent (Art. 6 para. 1 lit. a GDPR).<\/p><p style=\"font-weight: 400\"><strong>Google Fonts<\/strong><\/p><p style=\"font-weight: 400\">Our website uses Google Fonts for the standardised display of fonts.<br \/>This establishes a connection to Google servers.<\/p><p style=\"font-weight: 400\"><strong>Legal basis:<\/strong>\u00a0Consent (Art. 6 para. 1 lit. a GDPR).<\/p><p style=\"font-weight: 400\">\u00a0<\/p><p style=\"font-weight: 400\"><strong>9. hosting<\/strong><\/p><p style=\"font-weight: 400\">Our hosting takes place at:<br \/><strong>IONOS by 1&amp;1, 1&amp;1 Versatel Deutschland GmbH, Wanheimer Str. 90, 40468 D\u00fcsseldorf<\/strong>.<\/p><p style=\"font-weight: 400\">There is a contract for order processing (AVV) in accordance with Art. 28 GDPR.<\/p><p style=\"font-weight: 400\">\u00a0<\/p><p style=\"font-weight: 400\"><strong>10. data security<\/strong><\/p><p style=\"font-weight: 400\">We use SSL\/TLS encryption throughout.<br \/>Our systems are regularly technically updated to prevent unauthorised access.<\/p><p style=\"font-weight: 400\">\u00a0<\/p><p style=\"font-weight: 400\"><strong>11. actuality<\/strong><\/p><p style=\"font-weight: 400\">This privacy policy is valid from\u00a0<strong>January 2025<\/strong>.<br \/>New legal requirements or technical developments may necessitate an adjustment.<\/p>\t\t\t\t\t\t\t\t<\/div>\n\t\t\t\t<\/div>\n\t\t\t\t\t<\/div>\n\t\t\t\t<\/div>\n\t\t\t\t<\/div>","protected":false},"excerpt":{"rendered":"<p>Data protection declaration 1. data protection at a glance General information The following information provides a simple overview of what happens to your personal data when you visit our website.personal data is all data that can be used to identify you personally.for detailed information, please refer to the complete data protection declaration below.   2. responsible body MobilHybrid GmbHB\u00fcrgermeister-Wegele-Stra\u00dfe 1286167 Augsburg [...]<\/p>","protected":false},"author":6,"featured_media":0,"parent":0,"menu_order":0,"comment_status":"closed","ping_status":"closed","template":"","meta":{"footnotes":""},"class_list":["post-3652","page","type-page","status-publish","hentry"],"yoast_head":"<!-- This site is optimized with the Yoast SEO plugin v26.6 - https:\/\/yoast.com\/wordpress\/plugins\/seo\/ -->\n<title>Datenschutzerkl\u00e4rung - MobilHybrid<\/title>\n<meta name=\"robots\" content=\"index, follow, max-snippet:-1, max-image-preview:large, max-video-preview:-1\" \/>\n<link rel=\"canonical\" href=\"https:\/\/mobilhybrid.de\/en\/data-protection-declaration\/\" \/>\n<meta property=\"og:locale\" content=\"en_GB\" \/>\n<meta property=\"og:type\" content=\"article\" \/>\n<meta property=\"og:title\" content=\"Datenschutzerkl\u00e4rung - MobilHybrid\" \/>\n<meta property=\"og:description\" content=\"Datenschutzerkl\u00e4rung 1. Datenschutz auf einen Blick Allgemeine Hinweise Die folgenden Hinweise geben einen einfachen \u00dcberblick dar\u00fcber, was mit Ihren personenbezogenen Daten passiert, wenn Sie unsere Website besuchen.Personenbezogene Daten sind alle Daten, mit denen Sie pers\u00f6nlich identifiziert werden k\u00f6nnen.Ausf\u00fchrliche Informationen entnehmen Sie bitte der vollst\u00e4ndigen Datenschutzerkl\u00e4rung weiter unten. \u00a0 2. Verantwortliche Stelle MobilHybrid GmbHB\u00fcrgermeister-Wegele-Stra\u00dfe 1286167 Augsburg [&hellip;]\" \/>\n<meta property=\"og:url\" content=\"https:\/\/mobilhybrid.de\/en\/data-protection-declaration\/\" \/>\n<meta property=\"og:site_name\" content=\"MobilHybrid\" \/>\n<meta property=\"article:publisher\" content=\"https:\/\/www.facebook.com\/MobilHybrid\/\" \/>\n<meta property=\"article:modified_time\" content=\"2025-10-03T18:59:40+00:00\" \/>\n<meta property=\"og:image\" content=\"https:\/\/mobilhybrid.de\/wp-content\/uploads\/2024\/04\/MH-8-1.jpg\" \/>\n\t<meta property=\"og:image:width\" content=\"1000\" \/>\n\t<meta property=\"og:image:height\" content=\"1000\" \/>\n\t<meta property=\"og:image:type\" content=\"image\/jpeg\" \/>\n<meta name=\"twitter:card\" content=\"summary_large_image\" \/>\n<script type=\"application\/ld+json\" class=\"yoast-schema-graph\">{\"@context\":\"https:\/\/schema.org\",\"@graph\":[{\"@type\":\"WebPage\",\"@id\":\"https:\/\/mobilhybrid.de\/datenschutzerklaerung\/\",\"url\":\"https:\/\/mobilhybrid.de\/datenschutzerklaerung\/\",\"name\":\"Datenschutzerkl\u00e4rung - MobilHybrid\",\"isPartOf\":{\"@id\":\"https:\/\/mobilhybrid.de\/#website\"},\"datePublished\":\"2024-01-28T12:31:43+00:00\",\"dateModified\":\"2025-10-03T18:59:40+00:00\",\"breadcrumb\":{\"@id\":\"https:\/\/mobilhybrid.de\/datenschutzerklaerung\/#breadcrumb\"},\"inLanguage\":\"en-GB\",\"potentialAction\":[{\"@type\":\"ReadAction\",\"target\":[\"https:\/\/mobilhybrid.de\/datenschutzerklaerung\/\"]}]},{\"@type\":\"BreadcrumbList\",\"@id\":\"https:\/\/mobilhybrid.de\/datenschutzerklaerung\/#breadcrumb\",\"itemListElement\":[{\"@type\":\"ListItem\",\"position\":1,\"name\":\"Home\",\"item\":\"https:\/\/mobilhybrid.de\/\"},{\"@type\":\"ListItem\",\"position\":2,\"name\":\"Datenschutzerkl\u00e4rung\"}]},{\"@type\":\"WebSite\",\"@id\":\"https:\/\/mobilhybrid.de\/#website\",\"url\":\"https:\/\/mobilhybrid.de\/\",\"name\":\"MobilHybrid\",\"description\":\"die autarke, mobile netzunabh\u00e4ngige Stromversorgung\",\"publisher\":{\"@id\":\"https:\/\/mobilhybrid.de\/#organization\"},\"potentialAction\":[{\"@type\":\"SearchAction\",\"target\":{\"@type\":\"EntryPoint\",\"urlTemplate\":\"https:\/\/mobilhybrid.de\/?s={search_term_string}\"},\"query-input\":{\"@type\":\"PropertyValueSpecification\",\"valueRequired\":true,\"valueName\":\"search_term_string\"}}],\"inLanguage\":\"en-GB\"},{\"@type\":\"Organization\",\"@id\":\"https:\/\/mobilhybrid.de\/#organization\",\"name\":\"MobilHybrid GmbH\",\"url\":\"https:\/\/mobilhybrid.de\/\",\"logo\":{\"@type\":\"ImageObject\",\"inLanguage\":\"en-GB\",\"@id\":\"https:\/\/mobilhybrid.de\/#\/schema\/logo\/image\/\",\"url\":\"https:\/\/mobilhybrid.de\/wp-content\/uploads\/2020\/04\/152.png\",\"contentUrl\":\"https:\/\/mobilhybrid.de\/wp-content\/uploads\/2020\/04\/152.png\",\"width\":152,\"height\":152,\"caption\":\"MobilHybrid GmbH\"},\"image\":{\"@id\":\"https:\/\/mobilhybrid.de\/#\/schema\/logo\/image\/\"},\"sameAs\":[\"https:\/\/www.facebook.com\/MobilHybrid\/\",\"https:\/\/www.instagram.com\/_mobilhybrid_\/?hl=de\",\"https:\/\/www.youtube.com\/@pv4lifegmbh476\",\"https:\/\/de.linkedin.com\/company\/mobilhybrid-ug\"]}]}<\/script>\n<!-- \/ Yoast SEO plugin. -->","yoast_head_json":{"title":"Privacy policy - MobilHybrid","robots":{"index":"index","follow":"follow","max-snippet":"max-snippet:-1","max-image-preview":"max-image-preview:large","max-video-preview":"max-video-preview:-1"},"canonical":"https:\/\/mobilhybrid.de\/en\/data-protection-declaration\/","og_locale":"en_GB","og_type":"article","og_title":"Datenschutzerkl\u00e4rung - MobilHybrid","og_description":"Datenschutzerkl\u00e4rung 1. Datenschutz auf einen Blick Allgemeine Hinweise Die folgenden Hinweise geben einen einfachen \u00dcberblick dar\u00fcber, was mit Ihren personenbezogenen Daten passiert, wenn Sie unsere Website besuchen.Personenbezogene Daten sind alle Daten, mit denen Sie pers\u00f6nlich identifiziert werden k\u00f6nnen.Ausf\u00fchrliche Informationen entnehmen Sie bitte der vollst\u00e4ndigen Datenschutzerkl\u00e4rung weiter unten. \u00a0 2. Verantwortliche Stelle MobilHybrid GmbHB\u00fcrgermeister-Wegele-Stra\u00dfe 1286167 Augsburg [&hellip;]","og_url":"https:\/\/mobilhybrid.de\/en\/data-protection-declaration\/","og_site_name":"MobilHybrid","article_publisher":"https:\/\/www.facebook.com\/MobilHybrid\/","article_modified_time":"2025-10-03T18:59:40+00:00","og_image":[{"width":1000,"height":1000,"url":"https:\/\/mobilhybrid.de\/wp-content\/uploads\/2024\/04\/MH-8-1.jpg","type":"image\/jpeg"}],"twitter_card":"summary_large_image","schema":{"@context":"https:\/\/schema.org","@graph":[{"@type":"WebPage","@id":"https:\/\/mobilhybrid.de\/datenschutzerklaerung\/","url":"https:\/\/mobilhybrid.de\/datenschutzerklaerung\/","name":"Privacy policy - MobilHybrid","isPartOf":{"@id":"https:\/\/mobilhybrid.de\/#website"},"datePublished":"2024-01-28T12:31:43+00:00","dateModified":"2025-10-03T18:59:40+00:00","breadcrumb":{"@id":"https:\/\/mobilhybrid.de\/datenschutzerklaerung\/#breadcrumb"},"inLanguage":"en-GB","potentialAction":[{"@type":"ReadAction","target":["https:\/\/mobilhybrid.de\/datenschutzerklaerung\/"]}]},{"@type":"BreadcrumbList","@id":"https:\/\/mobilhybrid.de\/datenschutzerklaerung\/#breadcrumb","itemListElement":[{"@type":"ListItem","position":1,"name":"Home","item":"https:\/\/mobilhybrid.de\/"},{"@type":"ListItem","position":2,"name":"Datenschutzerkl\u00e4rung"}]},{"@type":"WebSite","@id":"https:\/\/mobilhybrid.de\/#website","url":"https:\/\/mobilhybrid.de\/","name":"MobilHybrid","description":"the self-sufficient, mobile, off-grid power supply","publisher":{"@id":"https:\/\/mobilhybrid.de\/#organization"},"potentialAction":[{"@type":"SearchAction","target":{"@type":"EntryPoint","urlTemplate":"https:\/\/mobilhybrid.de\/?s={search_term_string}"},"query-input":{"@type":"PropertyValueSpecification","valueRequired":true,"valueName":"search_term_string"}}],"inLanguage":"en-GB"},{"@type":"Organization","@id":"https:\/\/mobilhybrid.de\/#organization","name":"MobilHybrid GmbH","url":"https:\/\/mobilhybrid.de\/","logo":{"@type":"ImageObject","inLanguage":"en-GB","@id":"https:\/\/mobilhybrid.de\/#\/schema\/logo\/image\/","url":"https:\/\/mobilhybrid.de\/wp-content\/uploads\/2020\/04\/152.png","contentUrl":"https:\/\/mobilhybrid.de\/wp-content\/uploads\/2020\/04\/152.png","width":152,"height":152,"caption":"MobilHybrid GmbH"},"image":{"@id":"https:\/\/mobilhybrid.de\/#\/schema\/logo\/image\/"},"sameAs":["https:\/\/www.facebook.com\/MobilHybrid\/","https:\/\/www.instagram.com\/_mobilhybrid_\/?hl=de","https:\/\/www.youtube.com\/@pv4lifegmbh476","https:\/\/de.linkedin.com\/company\/mobilhybrid-ug"]}]}},"_links":{"self":[{"href":"https:\/\/mobilhybrid.de\/en\/wp-json\/wp\/v2\/pages\/3652","targetHints":{"allow":["GET"]}}],"collection":[{"href":"https:\/\/mobilhybrid.de\/en\/wp-json\/wp\/v2\/pages"}],"about":[{"href":"https:\/\/mobilhybrid.de\/en\/wp-json\/wp\/v2\/types\/page"}],"author":[{"embeddable":true,"href":"https:\/\/mobilhybrid.de\/en\/wp-json\/wp\/v2\/users\/6"}],"replies":[{"embeddable":true,"href":"https:\/\/mobilhybrid.de\/en\/wp-json\/wp\/v2\/comments?post=3652"}],"version-history":[{"count":11,"href":"https:\/\/mobilhybrid.de\/en\/wp-json\/wp\/v2\/pages\/3652\/revisions"}],"predecessor-version":[{"id":4465,"href":"https:\/\/mobilhybrid.de\/en\/wp-json\/wp\/v2\/pages\/3652\/revisions\/4465"}],"wp:attachment":[{"href":"https:\/\/mobilhybrid.de\/en\/wp-json\/wp\/v2\/media?parent=3652"}],"curies":[{"name":"wp","href":"https:\/\/api.w.org\/{rel}","templated":true}]}}