{"id":1146,"date":"2020-04-13T18:04:38","date_gmt":"2020-04-13T16:04:38","guid":{"rendered":"https:\/\/mhdemo.local\/?post_type=product&#038;p=1146"},"modified":"2025-07-06T15:43:41","modified_gmt":"2025-07-06T13:43:41","slug":"mh-108","status":"publish","type":"product","link":"https:\/\/mobilhybrid.de\/en\/product\/mh-108\/","title":{"rendered":"MH-108"},"content":{"rendered":"<p>The <strong><span style=\"color: #58a332;\">C<\/span><\/strong>ontainer<strong><span style=\"color: #58a332;\">H<\/span><\/strong>ybrid <strong><span style=\"color: #58a332;\">MH<\/span><\/strong>The -108 is a product innovation developed for large construction sites and demanding applications. With its impressive capacity and flexibility, it is ideal for:<\/p>\n<ol>\n<li><strong>Supply of construction sites up to 200 kWh per day:<\/strong> The <strong><span style=\"color: #58a332;\">MH<\/span><\/strong>-108 reliably supplies construction sites with up to 200 kWh per day. It enables the smooth operation of machines and systems with high energy requirements.<\/li>\n<li><strong>Increasing the performance of the grid connection (grid booster):<\/strong> As a grid booster, the <strong><span style=\"color: #58a332;\">MH<\/span><\/strong>-The power supply unit ensures a stable power supply, even with increased energy requirements.<\/li>\n<li><strong>Hybridisation of power generators:<\/strong> The <strong><span style=\"color: #58a332;\">MH<\/span><\/strong>-108 reduces operating costs by up to 70% through the hybridisation of power generators. This increases efficiency and saves considerable costs.<\/li>\n<li><strong>Supply of machines with high starting current:<\/strong> The <strong><span style=\"color: #58a332;\">MH<\/span><\/strong>-108 provides a safe and efficient power supply for machines with high starting currents such as cranes, saws and pumps. It ensures the smooth operation of such devices.<\/li>\n<li><strong>Environmentally friendly power generation through solar systems:<\/strong> The <strong><span style=\"color: #58a332;\">MH<\/span><\/strong>-108 enables the installation of solar panels on the container roof. This promotes the environmentally friendly generation of solar power to support the electricity supply.<\/li>\n<li><strong>Air conditioning according to customer requirements:<\/strong> The container can be individually climate-controlled to cope with temperatures from -40 \u00b0C to 55 \u00b0C. This allows it to be used in extreme environments.<\/li>\n<\/ol>","protected":false},"excerpt":{"rendered":"<p>The <strong><span style=\"color: #58a332;\">C<\/span><\/strong>ontainer<strong><span style=\"color: #58a332;\">H<\/span><\/strong>ybrid <strong><span style=\"color: #58a332;\">MH<\/span><\/strong>108 offers maximum performance and flexibility in a 20-foot container. It is designed so that it can be easily integrated into construction site logistics. Whether for supplying energy to construction sites, increasing the grid connection or hybridising power generators - the <strong><span style=\"color: #58a332;\">MH<\/span><\/strong>-108 is the optimal choice to fulfil your requirements.<\/p>","protected":false},"featured_media":2515,"comment_status":"closed","ping_status":"closed","template":"","meta":[],"product_brand":[],"product_cat":[63],"product_tag":[],"class_list":{"0":"post-1146","1":"product","2":"type-product","3":"status-publish","4":"has-post-thumbnail","6":"product_cat-containerhybrid","8":"first","9":"instock","10":"shipping-taxable","11":"product-type-simple"},"yoast_head":"<!-- This site is optimized with the Yoast SEO plugin v26.6 - https:\/\/yoast.com\/wordpress\/plugins\/seo\/ -->\n<title>ContainerHybrid MH-108 \u2013 H\u00f6chstleistung f\u00fcr Gro\u00dfe Baustellen<\/title>\n<meta name=\"description\" content=\"Der ContainerHybrid MH-108 liefert Spitzenleistung f\u00fcr gro\u00dfe Baustellen bis zu 200 kWh pro Tag. Effiziente Energieversorgung f\u00fcr anspruchsvolle Anwendungen.\" \/>\n<meta name=\"robots\" content=\"index, follow, max-snippet:-1, max-image-preview:large, max-video-preview:-1\" \/>\n<link rel=\"canonical\" href=\"https:\/\/mobilhybrid.de\/en\/product\/mh-108\/\" \/>\n<meta property=\"og:locale\" content=\"en_GB\" \/>\n<meta property=\"og:type\" content=\"article\" \/>\n<meta property=\"og:title\" content=\"ContainerHybrid MH-108 \u2013 H\u00f6chstleistung f\u00fcr Gro\u00dfe Baustellen\" \/>\n<meta property=\"og:description\" content=\"Der ContainerHybrid MH-108 liefert Spitzenleistung f\u00fcr gro\u00dfe Baustellen bis zu 200 kWh pro Tag. Effiziente Energieversorgung f\u00fcr anspruchsvolle Anwendungen.\" \/>\n<meta property=\"og:url\" content=\"https:\/\/mobilhybrid.de\/en\/product\/mh-108\/\" \/>\n<meta property=\"og:site_name\" content=\"MobilHybrid\" \/>\n<meta property=\"article:publisher\" content=\"https:\/\/www.facebook.com\/MobilHybrid\/\" \/>\n<meta property=\"article:modified_time\" content=\"2025-07-06T13:43:41+00:00\" \/>\n<meta property=\"og:image\" content=\"https:\/\/mobilhybrid.de\/wp-content\/uploads\/2023\/09\/ContainerHybrid.jpg\" \/>\n\t<meta property=\"og:image:width\" content=\"1000\" \/>\n\t<meta property=\"og:image:height\" content=\"1000\" \/>\n\t<meta property=\"og:image:type\" content=\"image\/jpeg\" \/>\n<meta name=\"twitter:card\" content=\"summary_large_image\" \/>\n<script type=\"application\/ld+json\" class=\"yoast-schema-graph\">{\"@context\":\"https:\/\/schema.org\",\"@graph\":[{\"@type\":\"WebPage\",\"@id\":\"https:\/\/mobilhybrid.de\/product\/mh-108\/\",\"url\":\"https:\/\/mobilhybrid.de\/product\/mh-108\/\",\"name\":\"ContainerHybrid MH-108 \u2013 H\u00f6chstleistung f\u00fcr Gro\u00dfe Baustellen\",\"isPartOf\":{\"@id\":\"https:\/\/mobilhybrid.de\/#website\"},\"primaryImageOfPage\":{\"@id\":\"https:\/\/mobilhybrid.de\/product\/mh-108\/#primaryimage\"},\"image\":{\"@id\":\"https:\/\/mobilhybrid.de\/product\/mh-108\/#primaryimage\"},\"thumbnailUrl\":\"https:\/\/mobilhybrid.de\/wp-content\/uploads\/2023\/09\/ContainerHybrid.jpg\",\"datePublished\":\"2020-04-13T16:04:38+00:00\",\"dateModified\":\"2025-07-06T13:43:41+00:00\",\"description\":\"Der ContainerHybrid MH-108 liefert Spitzenleistung f\u00fcr gro\u00dfe Baustellen bis zu 200 kWh pro Tag. Effiziente Energieversorgung f\u00fcr anspruchsvolle Anwendungen.\",\"breadcrumb\":{\"@id\":\"https:\/\/mobilhybrid.de\/product\/mh-108\/#breadcrumb\"},\"inLanguage\":\"en-GB\",\"potentialAction\":[{\"@type\":\"ReadAction\",\"target\":[\"https:\/\/mobilhybrid.de\/product\/mh-108\/\"]}]},{\"@type\":\"ImageObject\",\"inLanguage\":\"en-GB\",\"@id\":\"https:\/\/mobilhybrid.de\/product\/mh-108\/#primaryimage\",\"url\":\"https:\/\/mobilhybrid.de\/wp-content\/uploads\/2023\/09\/ContainerHybrid.jpg\",\"contentUrl\":\"https:\/\/mobilhybrid.de\/wp-content\/uploads\/2023\/09\/ContainerHybrid.jpg\",\"width\":1000,\"height\":1000,\"caption\":\"ContainerHybrid MH-108\"},{\"@type\":\"BreadcrumbList\",\"@id\":\"https:\/\/mobilhybrid.de\/product\/mh-108\/#breadcrumb\",\"itemListElement\":[{\"@type\":\"ListItem\",\"position\":1,\"name\":\"Home\",\"item\":\"https:\/\/mobilhybrid.de\/\"},{\"@type\":\"ListItem\",\"position\":2,\"name\":\"Produkte\",\"item\":\"https:\/\/mobilhybrid.de\/shop\/\"},{\"@type\":\"ListItem\",\"position\":3,\"name\":\"MH-108\"}]},{\"@type\":\"WebSite\",\"@id\":\"https:\/\/mobilhybrid.de\/#website\",\"url\":\"https:\/\/mobilhybrid.de\/\",\"name\":\"MobilHybrid\",\"description\":\"die autarke, mobile netzunabh\u00e4ngige Stromversorgung\",\"publisher\":{\"@id\":\"https:\/\/mobilhybrid.de\/#organization\"},\"potentialAction\":[{\"@type\":\"SearchAction\",\"target\":{\"@type\":\"EntryPoint\",\"urlTemplate\":\"https:\/\/mobilhybrid.de\/?s={search_term_string}\"},\"query-input\":{\"@type\":\"PropertyValueSpecification\",\"valueRequired\":true,\"valueName\":\"search_term_string\"}}],\"inLanguage\":\"en-GB\"},{\"@type\":\"Organization\",\"@id\":\"https:\/\/mobilhybrid.de\/#organization\",\"name\":\"MobilHybrid GmbH\",\"url\":\"https:\/\/mobilhybrid.de\/\",\"logo\":{\"@type\":\"ImageObject\",\"inLanguage\":\"en-GB\",\"@id\":\"https:\/\/mobilhybrid.de\/#\/schema\/logo\/image\/\",\"url\":\"https:\/\/mobilhybrid.de\/wp-content\/uploads\/2020\/04\/152.png\",\"contentUrl\":\"https:\/\/mobilhybrid.de\/wp-content\/uploads\/2020\/04\/152.png\",\"width\":152,\"height\":152,\"caption\":\"MobilHybrid GmbH\"},\"image\":{\"@id\":\"https:\/\/mobilhybrid.de\/#\/schema\/logo\/image\/\"},\"sameAs\":[\"https:\/\/www.facebook.com\/MobilHybrid\/\",\"https:\/\/www.instagram.com\/_mobilhybrid_\/?hl=de\",\"https:\/\/www.youtube.com\/@pv4lifegmbh476\",\"https:\/\/de.linkedin.com\/company\/mobilhybrid-ug\"]}]}<\/script>\n<!-- \/ Yoast SEO plugin. -->","yoast_head_json":{"title":"ContainerHybrid MH-108 - High performance for large construction sites","description":"The ContainerHybrid MH-108 delivers peak power for large construction sites of up to 200 kWh per day. Efficient energy supply for demanding applications.","robots":{"index":"index","follow":"follow","max-snippet":"max-snippet:-1","max-image-preview":"max-image-preview:large","max-video-preview":"max-video-preview:-1"},"canonical":"https:\/\/mobilhybrid.de\/en\/product\/mh-108\/","og_locale":"en_GB","og_type":"article","og_title":"ContainerHybrid MH-108 \u2013 H\u00f6chstleistung f\u00fcr Gro\u00dfe Baustellen","og_description":"Der ContainerHybrid MH-108 liefert Spitzenleistung f\u00fcr gro\u00dfe Baustellen bis zu 200 kWh pro Tag. Effiziente Energieversorgung f\u00fcr anspruchsvolle Anwendungen.","og_url":"https:\/\/mobilhybrid.de\/en\/product\/mh-108\/","og_site_name":"MobilHybrid","article_publisher":"https:\/\/www.facebook.com\/MobilHybrid\/","article_modified_time":"2025-07-06T13:43:41+00:00","og_image":[{"width":1000,"height":1000,"url":"https:\/\/mobilhybrid.de\/wp-content\/uploads\/2023\/09\/ContainerHybrid.jpg","type":"image\/jpeg"}],"twitter_card":"summary_large_image","schema":{"@context":"https:\/\/schema.org","@graph":[{"@type":"WebPage","@id":"https:\/\/mobilhybrid.de\/product\/mh-108\/","url":"https:\/\/mobilhybrid.de\/product\/mh-108\/","name":"ContainerHybrid MH-108 - High performance for large construction sites","isPartOf":{"@id":"https:\/\/mobilhybrid.de\/#website"},"primaryImageOfPage":{"@id":"https:\/\/mobilhybrid.de\/product\/mh-108\/#primaryimage"},"image":{"@id":"https:\/\/mobilhybrid.de\/product\/mh-108\/#primaryimage"},"thumbnailUrl":"https:\/\/mobilhybrid.de\/wp-content\/uploads\/2023\/09\/ContainerHybrid.jpg","datePublished":"2020-04-13T16:04:38+00:00","dateModified":"2025-07-06T13:43:41+00:00","description":"The ContainerHybrid MH-108 delivers peak power for large construction sites of up to 200 kWh per day. Efficient energy supply for demanding applications.","breadcrumb":{"@id":"https:\/\/mobilhybrid.de\/product\/mh-108\/#breadcrumb"},"inLanguage":"en-GB","potentialAction":[{"@type":"ReadAction","target":["https:\/\/mobilhybrid.de\/product\/mh-108\/"]}]},{"@type":"ImageObject","inLanguage":"en-GB","@id":"https:\/\/mobilhybrid.de\/product\/mh-108\/#primaryimage","url":"https:\/\/mobilhybrid.de\/wp-content\/uploads\/2023\/09\/ContainerHybrid.jpg","contentUrl":"https:\/\/mobilhybrid.de\/wp-content\/uploads\/2023\/09\/ContainerHybrid.jpg","width":1000,"height":1000,"caption":"ContainerHybrid MH-108"},{"@type":"BreadcrumbList","@id":"https:\/\/mobilhybrid.de\/product\/mh-108\/#breadcrumb","itemListElement":[{"@type":"ListItem","position":1,"name":"Home","item":"https:\/\/mobilhybrid.de\/"},{"@type":"ListItem","position":2,"name":"Produkte","item":"https:\/\/mobilhybrid.de\/shop\/"},{"@type":"ListItem","position":3,"name":"MH-108"}]},{"@type":"WebSite","@id":"https:\/\/mobilhybrid.de\/#website","url":"https:\/\/mobilhybrid.de\/","name":"MobilHybrid","description":"the self-sufficient, mobile, off-grid power supply","publisher":{"@id":"https:\/\/mobilhybrid.de\/#organization"},"potentialAction":[{"@type":"SearchAction","target":{"@type":"EntryPoint","urlTemplate":"https:\/\/mobilhybrid.de\/?s={search_term_string}"},"query-input":{"@type":"PropertyValueSpecification","valueRequired":true,"valueName":"search_term_string"}}],"inLanguage":"en-GB"},{"@type":"Organization","@id":"https:\/\/mobilhybrid.de\/#organization","name":"MobilHybrid GmbH","url":"https:\/\/mobilhybrid.de\/","logo":{"@type":"ImageObject","inLanguage":"en-GB","@id":"https:\/\/mobilhybrid.de\/#\/schema\/logo\/image\/","url":"https:\/\/mobilhybrid.de\/wp-content\/uploads\/2020\/04\/152.png","contentUrl":"https:\/\/mobilhybrid.de\/wp-content\/uploads\/2020\/04\/152.png","width":152,"height":152,"caption":"MobilHybrid GmbH"},"image":{"@id":"https:\/\/mobilhybrid.de\/#\/schema\/logo\/image\/"},"sameAs":["https:\/\/www.facebook.com\/MobilHybrid\/","https:\/\/www.instagram.com\/_mobilhybrid_\/?hl=de","https:\/\/www.youtube.com\/@pv4lifegmbh476","https:\/\/de.linkedin.com\/company\/mobilhybrid-ug"]}]}},"_links":{"self":[{"href":"https:\/\/mobilhybrid.de\/en\/wp-json\/wp\/v2\/product\/1146","targetHints":{"allow":["GET"]}}],"collection":[{"href":"https:\/\/mobilhybrid.de\/en\/wp-json\/wp\/v2\/product"}],"about":[{"href":"https:\/\/mobilhybrid.de\/en\/wp-json\/wp\/v2\/types\/product"}],"replies":[{"embeddable":true,"href":"https:\/\/mobilhybrid.de\/en\/wp-json\/wp\/v2\/comments?post=1146"}],"wp:featuredmedia":[{"embeddable":true,"href":"https:\/\/mobilhybrid.de\/en\/wp-json\/wp\/v2\/media\/2515"}],"wp:attachment":[{"href":"https:\/\/mobilhybrid.de\/en\/wp-json\/wp\/v2\/media?parent=1146"}],"wp:term":[{"taxonomy":"product_brand","embeddable":true,"href":"https:\/\/mobilhybrid.de\/en\/wp-json\/wp\/v2\/product_brand?post=1146"},{"taxonomy":"product_cat","embeddable":true,"href":"https:\/\/mobilhybrid.de\/en\/wp-json\/wp\/v2\/product_cat?post=1146"},{"taxonomy":"product_tag","embeddable":true,"href":"https:\/\/mobilhybrid.de\/en\/wp-json\/wp\/v2\/product_tag?post=1146"}],"curies":[{"name":"wp","href":"https:\/\/api.w.org\/{rel}","templated":true}]}}