{"id":1552,"date":"2022-02-10T20:18:43","date_gmt":"2022-02-10T19:18:43","guid":{"rendered":"https:\/\/mhdemo.local\/?post_type=product&#038;p=1552"},"modified":"2025-07-06T15:42:24","modified_gmt":"2025-07-06T13:42:24","slug":"homehybrid-3","status":"publish","type":"product","link":"https:\/\/mobilhybrid.de\/en\/product\/homehybrid-3\/","title":{"rendered":"HomeHybrid"},"content":{"rendered":"<p>The <strong><span style=\"color: #58a332;\">H<\/span><\/strong>ome<strong><span style=\"color: #58a332;\">H<\/span><\/strong>ybrid works without feeding into the grid and operates like an uninterruptible power supply. It protects electrical consumers such as computer systems and heat pumps. It also eliminates bureaucratic hurdles at the grid operator and tax office. The solar power is efficiently stored and utilised. The <strong><span style=\"color: #58a332;\">H<\/span><\/strong>ome<strong><span style=\"color: #58a332;\">H<\/span><\/strong>ybrid is ideal for anyone looking for maximum security of supply, both for households and businesses.<\/p>\n<p>In the event of a blackout, the <strong><span style=\"color: #58a332;\">H<\/span><\/strong>ome<strong><span style=\"color: #58a332;\">H<\/span><\/strong>ybrid for an uninterrupted power supply to all consumers over several hours, days, weeks or even months. A power generator can be connected in addition to the photovoltaic system. The <strong><span style=\"color: #58a332;\">H<\/span><\/strong>ome<strong><span style=\"color: #58a332;\">H<\/span><\/strong>ybrid controls this process automatically. If the energy from the photovoltaic system is not sufficient or appliances with high energy requirements are operated, the <strong><span style=\"color: #58a332;\">H<\/span><\/strong>ome<strong><span style=\"color: #58a332;\">H<\/span><\/strong>ybrid the power generator automatically. The energy generated is used to charge the battery and operate the generator as efficiently as possible. The <strong><span style=\"color: #58a332;\">H<\/span><\/strong>ome<strong><span style=\"color: #58a332;\">H<\/span><\/strong>ybrid is delivered completely ready for house connection, including all the necessary components in a space-saving housing. In addition to the storage system, we also offer PV modules and substructures from a single source.<\/p>","protected":false},"excerpt":{"rendered":"<p>The <strong><span style=\"color: #58a332;\">H<\/span><\/strong>ome<strong><span style=\"color: #58a332;\">H<\/span><\/strong>ybrid is a stand-alone energy source that functions independently of the mains supply and works like an uninterruptible power supply. This protects sensitive electrical devices such as computers and heat pumps. This mode of operation significantly reduces bureaucratic hurdles for both the grid operator and the tax office.<\/p>","protected":false},"featured_media":2238,"comment_status":"closed","ping_status":"closed","template":"","meta":[],"product_brand":[],"product_cat":[64],"product_tag":[],"class_list":{"0":"post-1552","1":"product","2":"type-product","3":"status-publish","4":"has-post-thumbnail","6":"product_cat-homehybrid","8":"first","9":"instock","10":"shipping-taxable","11":"product-type-simple"},"yoast_head":"<!-- This site is optimized with the Yoast SEO plugin v26.6 - https:\/\/yoast.com\/wordpress\/plugins\/seo\/ -->\n<title>HomeHybrid \u2013 Stromversorgung f\u00fcr Haushalte &amp; Gewerbe<\/title>\n<meta name=\"description\" content=\"Der HomeHybrid bietet zuverl\u00e4ssige Notstromversorgung. Speichern Sie Solarstrom effizient und genie\u00dfen Sie maximale Versorgungssicherheit\" \/>\n<meta name=\"robots\" content=\"index, follow, max-snippet:-1, max-image-preview:large, max-video-preview:-1\" \/>\n<link rel=\"canonical\" href=\"https:\/\/mobilhybrid.de\/en\/product\/homehybrid-3\/\" \/>\n<meta property=\"og:locale\" content=\"en_GB\" \/>\n<meta property=\"og:type\" content=\"article\" \/>\n<meta property=\"og:title\" content=\"HomeHybrid \u2013 Stromversorgung f\u00fcr Haushalte &amp; Gewerbe\" \/>\n<meta property=\"og:description\" content=\"Der HomeHybrid bietet zuverl\u00e4ssige Notstromversorgung. Speichern Sie Solarstrom effizient und genie\u00dfen Sie maximale Versorgungssicherheit\" \/>\n<meta property=\"og:url\" content=\"https:\/\/mobilhybrid.de\/en\/product\/homehybrid-3\/\" \/>\n<meta property=\"og:site_name\" content=\"MobilHybrid\" \/>\n<meta property=\"article:publisher\" content=\"https:\/\/www.facebook.com\/MobilHybrid\/\" \/>\n<meta property=\"article:modified_time\" content=\"2025-07-06T13:42:24+00:00\" \/>\n<meta property=\"og:image\" content=\"https:\/\/mobilhybrid.de\/wp-content\/uploads\/2023\/08\/HomeHybrid.jpg\" \/>\n\t<meta property=\"og:image:width\" content=\"1000\" \/>\n\t<meta property=\"og:image:height\" content=\"1000\" \/>\n\t<meta property=\"og:image:type\" content=\"image\/jpeg\" \/>\n<meta name=\"twitter:card\" content=\"summary_large_image\" \/>\n<script type=\"application\/ld+json\" class=\"yoast-schema-graph\">{\"@context\":\"https:\/\/schema.org\",\"@graph\":[{\"@type\":\"WebPage\",\"@id\":\"https:\/\/mobilhybrid.de\/product\/homehybrid\/\",\"url\":\"https:\/\/mobilhybrid.de\/product\/homehybrid\/\",\"name\":\"HomeHybrid \u2013 Stromversorgung f\u00fcr Haushalte & Gewerbe\",\"isPartOf\":{\"@id\":\"https:\/\/mobilhybrid.de\/#website\"},\"primaryImageOfPage\":{\"@id\":\"https:\/\/mobilhybrid.de\/product\/homehybrid\/#primaryimage\"},\"image\":{\"@id\":\"https:\/\/mobilhybrid.de\/product\/homehybrid\/#primaryimage\"},\"thumbnailUrl\":\"https:\/\/mobilhybrid.de\/wp-content\/uploads\/2023\/08\/HomeHybrid.jpg\",\"datePublished\":\"2022-02-10T19:18:43+00:00\",\"dateModified\":\"2025-07-06T13:42:24+00:00\",\"description\":\"Der HomeHybrid bietet zuverl\u00e4ssige Notstromversorgung. Speichern Sie Solarstrom effizient und genie\u00dfen Sie maximale Versorgungssicherheit\",\"breadcrumb\":{\"@id\":\"https:\/\/mobilhybrid.de\/product\/homehybrid\/#breadcrumb\"},\"inLanguage\":\"en-GB\",\"potentialAction\":[{\"@type\":\"ReadAction\",\"target\":[\"https:\/\/mobilhybrid.de\/product\/homehybrid\/\"]}]},{\"@type\":\"ImageObject\",\"inLanguage\":\"en-GB\",\"@id\":\"https:\/\/mobilhybrid.de\/product\/homehybrid\/#primaryimage\",\"url\":\"https:\/\/mobilhybrid.de\/wp-content\/uploads\/2023\/08\/HomeHybrid.jpg\",\"contentUrl\":\"https:\/\/mobilhybrid.de\/wp-content\/uploads\/2023\/08\/HomeHybrid.jpg\",\"width\":1000,\"height\":1000,\"caption\":\"HomeHybrid\"},{\"@type\":\"BreadcrumbList\",\"@id\":\"https:\/\/mobilhybrid.de\/product\/homehybrid\/#breadcrumb\",\"itemListElement\":[{\"@type\":\"ListItem\",\"position\":1,\"name\":\"Home\",\"item\":\"https:\/\/mobilhybrid.de\/\"},{\"@type\":\"ListItem\",\"position\":2,\"name\":\"Produkte\",\"item\":\"https:\/\/mobilhybrid.de\/shop\/\"},{\"@type\":\"ListItem\",\"position\":3,\"name\":\"HomeHybrid\"}]},{\"@type\":\"WebSite\",\"@id\":\"https:\/\/mobilhybrid.de\/#website\",\"url\":\"https:\/\/mobilhybrid.de\/\",\"name\":\"MobilHybrid\",\"description\":\"die autarke, mobile netzunabh\u00e4ngige Stromversorgung\",\"publisher\":{\"@id\":\"https:\/\/mobilhybrid.de\/#organization\"},\"potentialAction\":[{\"@type\":\"SearchAction\",\"target\":{\"@type\":\"EntryPoint\",\"urlTemplate\":\"https:\/\/mobilhybrid.de\/?s={search_term_string}\"},\"query-input\":{\"@type\":\"PropertyValueSpecification\",\"valueRequired\":true,\"valueName\":\"search_term_string\"}}],\"inLanguage\":\"en-GB\"},{\"@type\":\"Organization\",\"@id\":\"https:\/\/mobilhybrid.de\/#organization\",\"name\":\"MobilHybrid GmbH\",\"url\":\"https:\/\/mobilhybrid.de\/\",\"logo\":{\"@type\":\"ImageObject\",\"inLanguage\":\"en-GB\",\"@id\":\"https:\/\/mobilhybrid.de\/#\/schema\/logo\/image\/\",\"url\":\"https:\/\/mobilhybrid.de\/wp-content\/uploads\/2020\/04\/152.png\",\"contentUrl\":\"https:\/\/mobilhybrid.de\/wp-content\/uploads\/2020\/04\/152.png\",\"width\":152,\"height\":152,\"caption\":\"MobilHybrid GmbH\"},\"image\":{\"@id\":\"https:\/\/mobilhybrid.de\/#\/schema\/logo\/image\/\"},\"sameAs\":[\"https:\/\/www.facebook.com\/MobilHybrid\/\",\"https:\/\/www.instagram.com\/_mobilhybrid_\/?hl=de\",\"https:\/\/www.youtube.com\/@pv4lifegmbh476\",\"https:\/\/de.linkedin.com\/company\/mobilhybrid-ug\"]}]}<\/script>\n<!-- \/ Yoast SEO plugin. -->","yoast_head_json":{"title":"HomeHybrid - Power supply for households &amp; businesses","description":"The HomeHybrid offers a reliable emergency power supply. Store solar power efficiently and enjoy maximum security of supply","robots":{"index":"index","follow":"follow","max-snippet":"max-snippet:-1","max-image-preview":"max-image-preview:large","max-video-preview":"max-video-preview:-1"},"canonical":"https:\/\/mobilhybrid.de\/en\/product\/homehybrid-3\/","og_locale":"en_GB","og_type":"article","og_title":"HomeHybrid \u2013 Stromversorgung f\u00fcr Haushalte & Gewerbe","og_description":"Der HomeHybrid bietet zuverl\u00e4ssige Notstromversorgung. Speichern Sie Solarstrom effizient und genie\u00dfen Sie maximale Versorgungssicherheit","og_url":"https:\/\/mobilhybrid.de\/en\/product\/homehybrid-3\/","og_site_name":"MobilHybrid","article_publisher":"https:\/\/www.facebook.com\/MobilHybrid\/","article_modified_time":"2025-07-06T13:42:24+00:00","og_image":[{"width":1000,"height":1000,"url":"https:\/\/mobilhybrid.de\/wp-content\/uploads\/2023\/08\/HomeHybrid.jpg","type":"image\/jpeg"}],"twitter_card":"summary_large_image","schema":{"@context":"https:\/\/schema.org","@graph":[{"@type":"WebPage","@id":"https:\/\/mobilhybrid.de\/product\/homehybrid\/","url":"https:\/\/mobilhybrid.de\/product\/homehybrid\/","name":"HomeHybrid - Power supply for households &amp; businesses","isPartOf":{"@id":"https:\/\/mobilhybrid.de\/#website"},"primaryImageOfPage":{"@id":"https:\/\/mobilhybrid.de\/product\/homehybrid\/#primaryimage"},"image":{"@id":"https:\/\/mobilhybrid.de\/product\/homehybrid\/#primaryimage"},"thumbnailUrl":"https:\/\/mobilhybrid.de\/wp-content\/uploads\/2023\/08\/HomeHybrid.jpg","datePublished":"2022-02-10T19:18:43+00:00","dateModified":"2025-07-06T13:42:24+00:00","description":"The HomeHybrid offers a reliable emergency power supply. Store solar power efficiently and enjoy maximum security of supply","breadcrumb":{"@id":"https:\/\/mobilhybrid.de\/product\/homehybrid\/#breadcrumb"},"inLanguage":"en-GB","potentialAction":[{"@type":"ReadAction","target":["https:\/\/mobilhybrid.de\/product\/homehybrid\/"]}]},{"@type":"ImageObject","inLanguage":"en-GB","@id":"https:\/\/mobilhybrid.de\/product\/homehybrid\/#primaryimage","url":"https:\/\/mobilhybrid.de\/wp-content\/uploads\/2023\/08\/HomeHybrid.jpg","contentUrl":"https:\/\/mobilhybrid.de\/wp-content\/uploads\/2023\/08\/HomeHybrid.jpg","width":1000,"height":1000,"caption":"HomeHybrid"},{"@type":"BreadcrumbList","@id":"https:\/\/mobilhybrid.de\/product\/homehybrid\/#breadcrumb","itemListElement":[{"@type":"ListItem","position":1,"name":"Home","item":"https:\/\/mobilhybrid.de\/"},{"@type":"ListItem","position":2,"name":"Produkte","item":"https:\/\/mobilhybrid.de\/shop\/"},{"@type":"ListItem","position":3,"name":"HomeHybrid"}]},{"@type":"WebSite","@id":"https:\/\/mobilhybrid.de\/#website","url":"https:\/\/mobilhybrid.de\/","name":"MobilHybrid","description":"the self-sufficient, mobile, off-grid power supply","publisher":{"@id":"https:\/\/mobilhybrid.de\/#organization"},"potentialAction":[{"@type":"SearchAction","target":{"@type":"EntryPoint","urlTemplate":"https:\/\/mobilhybrid.de\/?s={search_term_string}"},"query-input":{"@type":"PropertyValueSpecification","valueRequired":true,"valueName":"search_term_string"}}],"inLanguage":"en-GB"},{"@type":"Organization","@id":"https:\/\/mobilhybrid.de\/#organization","name":"MobilHybrid GmbH","url":"https:\/\/mobilhybrid.de\/","logo":{"@type":"ImageObject","inLanguage":"en-GB","@id":"https:\/\/mobilhybrid.de\/#\/schema\/logo\/image\/","url":"https:\/\/mobilhybrid.de\/wp-content\/uploads\/2020\/04\/152.png","contentUrl":"https:\/\/mobilhybrid.de\/wp-content\/uploads\/2020\/04\/152.png","width":152,"height":152,"caption":"MobilHybrid GmbH"},"image":{"@id":"https:\/\/mobilhybrid.de\/#\/schema\/logo\/image\/"},"sameAs":["https:\/\/www.facebook.com\/MobilHybrid\/","https:\/\/www.instagram.com\/_mobilhybrid_\/?hl=de","https:\/\/www.youtube.com\/@pv4lifegmbh476","https:\/\/de.linkedin.com\/company\/mobilhybrid-ug"]}]}},"_links":{"self":[{"href":"https:\/\/mobilhybrid.de\/en\/wp-json\/wp\/v2\/product\/1552","targetHints":{"allow":["GET"]}}],"collection":[{"href":"https:\/\/mobilhybrid.de\/en\/wp-json\/wp\/v2\/product"}],"about":[{"href":"https:\/\/mobilhybrid.de\/en\/wp-json\/wp\/v2\/types\/product"}],"replies":[{"embeddable":true,"href":"https:\/\/mobilhybrid.de\/en\/wp-json\/wp\/v2\/comments?post=1552"}],"wp:featuredmedia":[{"embeddable":true,"href":"https:\/\/mobilhybrid.de\/en\/wp-json\/wp\/v2\/media\/2238"}],"wp:attachment":[{"href":"https:\/\/mobilhybrid.de\/en\/wp-json\/wp\/v2\/media?parent=1552"}],"wp:term":[{"taxonomy":"product_brand","embeddable":true,"href":"https:\/\/mobilhybrid.de\/en\/wp-json\/wp\/v2\/product_brand?post=1552"},{"taxonomy":"product_cat","embeddable":true,"href":"https:\/\/mobilhybrid.de\/en\/wp-json\/wp\/v2\/product_cat?post=1552"},{"taxonomy":"product_tag","embeddable":true,"href":"https:\/\/mobilhybrid.de\/en\/wp-json\/wp\/v2\/product_tag?post=1552"}],"curies":[{"name":"wp","href":"https:\/\/api.w.org\/{rel}","templated":true}]}}