{"id":3992,"date":"2024-06-09T12:36:18","date_gmt":"2024-06-09T10:36:18","guid":{"rendered":"https:\/\/mobilhybrid.de\/?post_type=product&#038;p=3992"},"modified":"2025-07-06T15:25:52","modified_gmt":"2025-07-06T13:25:52","slug":"innovative-solar-solution-for-mobile-hybrid-mh-rooftoppv-self-sufficient-power-supply","status":"publish","type":"product","link":"https:\/\/mobilhybrid.de\/en\/product\/innovative-solar-solution-for-mobile-hybrid-mh-rooftoppv-self-sufficient-power-supply\/","title":{"rendered":"MH RoofTopPV"},"content":{"rendered":"<div class=\"page\" title=\"Page 1\">\n<div class=\"layoutArea\">\n<div class=\"column\">\n<p>The <strong><span style=\"color: #58a332;\">MH<\/span> <span style=\"color: #58a332;\">R<\/span><\/strong>oof<strong><span style=\"color: #58a332;\">T<\/span><\/strong>op<span style=\"color: #58a332;\"><strong>PV<\/strong><\/span> a newly developed and innovative solar solution especially for your <strong><span style=\"color: #58a332;\">M<\/span><\/strong>obil<strong><span style=\"color: #58a332;\">H<\/span><\/strong>ybrid. Installed in a flash thanks to prefabricated brackets. <strong><span style=\"color: #58a332;\">MH<\/span> <span style=\"color: #58a332;\">R<\/span><\/strong>oof<strong><span style=\"color: #58a332;\">T<\/span><\/strong>op<span style=\"color: #58a332;\"><strong>PV<\/strong><\/span> simply on the roof of the <strong><span style=\"color: #58a332;\">M<\/span><\/strong>obil<strong><span style=\"color: #58a332;\">H<\/span><\/strong>ybrid and up to 800kWh of solar power can be generated per year.<\/p>\n<ul>\n<li><strong>Quick installation<\/strong>Thanks to prefabricated brackets, it can be installed in no time at all.<\/li>\n<li><strong>High energy production<\/strong>Generation of up to 800 kWh of solar power per year.<\/li>\n<li><strong>Ultimate self-sufficient power supply<\/strong>In combination with our mobile power storage unit for environmentally friendly energy.<\/li>\n<li><strong>Cost savings<\/strong>Reduces diesel consumption and CO2 emissions, licence-free and can be used off-grid.<\/li>\n<li><strong>Simple assembly<\/strong>Attach robust aluminium profiles to the roof with SuperMagnets, PV modules can be installed by one person in just a few minutes.<\/li>\n<li><strong>Longer battery life<\/strong>PV modules protect against deep discharge in the event of a generator or grid failure.<\/li>\n<li><strong>Summer advantages<\/strong>Optimum shading of the MobilHybrid.<\/li>\n<li><strong>High compatibility<\/strong>Easy to transport and compatible with any MobilHybrid with PV option.<\/li>\n<\/ul>\n<\/div>\n<\/div>\n<\/div>","protected":false},"excerpt":{"rendered":"<p>The <strong><span style=\"color: #58a332;\">MH<\/span> <span style=\"color: #58a332;\">R<\/span><\/strong>oof<strong><span style=\"color: #58a332;\">T<\/span><\/strong>op<span style=\"color: #58a332;\"><strong>PV<\/strong><\/span> is an innovative solar solution for <strong><span style=\"color: #58a332;\">M<\/span><\/strong>obil<strong><span style=\"color: #58a332;\">H<\/span><\/strong>ybrid. Quick installation, up to 800 kWh of solar power per year, environmentally friendly, off-grid and cost-saving. Ideal for self-sufficient energy supply when travelling.<\/p>","protected":false},"featured_media":3993,"comment_status":"closed","ping_status":"closed","template":"","meta":[],"product_brand":[],"product_cat":[65],"product_tag":[],"class_list":{"0":"post-3992","1":"product","2":"type-product","3":"status-publish","4":"has-post-thumbnail","6":"product_cat-pv-systeme","8":"first","9":"instock","10":"shipping-taxable","11":"product-type-simple"},"yoast_head":"<!-- This site is optimized with the Yoast SEO plugin v26.6 - https:\/\/yoast.com\/wordpress\/plugins\/seo\/ -->\n<title>MH RoofTopPV - MobilHybrid<\/title>\n<meta name=\"description\" content=\"Entdecken Sie die MH RoofTopPV Solarl\u00f6sung f\u00fcr Ihren MobilHybrid. Schnelle Installation, netzunabh\u00e4ngig und umweltfreundlich.\" \/>\n<meta name=\"robots\" content=\"noindex, follow, max-snippet:-1, max-image-preview:large, max-video-preview:-1\" \/>\n<meta property=\"og:locale\" content=\"en_GB\" \/>\n<meta property=\"og:type\" content=\"article\" \/>\n<meta property=\"og:title\" content=\"MH RoofTopPV - MobilHybrid\" \/>\n<meta property=\"og:description\" content=\"Entdecken Sie die MH RoofTopPV Solarl\u00f6sung f\u00fcr Ihren MobilHybrid. Schnelle Installation, netzunabh\u00e4ngig und umweltfreundlich.\" \/>\n<meta property=\"og:url\" content=\"https:\/\/mobilhybrid.de\/en\/product\/innovative-solar-solution-for-mobile-hybrid-mh-rooftoppv-self-sufficient-power-supply\/\" \/>\n<meta property=\"og:site_name\" content=\"MobilHybrid\" \/>\n<meta property=\"article:publisher\" content=\"https:\/\/www.facebook.com\/MobilHybrid\/\" \/>\n<meta property=\"article:modified_time\" content=\"2025-07-06T13:25:52+00:00\" \/>\n<meta property=\"og:image\" content=\"https:\/\/mobilhybrid.de\/wp-content\/uploads\/2024\/06\/MH-RoofTopPV.jpg\" \/>\n\t<meta property=\"og:image:width\" content=\"1000\" \/>\n\t<meta property=\"og:image:height\" content=\"1000\" \/>\n\t<meta property=\"og:image:type\" content=\"image\/jpeg\" \/>\n<meta name=\"twitter:card\" content=\"summary_large_image\" \/>\n<script type=\"application\/ld+json\" class=\"yoast-schema-graph\">{\"@context\":\"https:\/\/schema.org\",\"@graph\":[{\"@type\":\"WebPage\",\"@id\":\"https:\/\/mobilhybrid.de\/product\/innovative-solarloesung-fuer-mobilhybrid-mh-rooftoppv-autarke-stromversorgung\/\",\"url\":\"https:\/\/mobilhybrid.de\/product\/innovative-solarloesung-fuer-mobilhybrid-mh-rooftoppv-autarke-stromversorgung\/\",\"name\":\"MH RoofTopPV - MobilHybrid\",\"isPartOf\":{\"@id\":\"https:\/\/mobilhybrid.de\/#website\"},\"primaryImageOfPage\":{\"@id\":\"https:\/\/mobilhybrid.de\/product\/innovative-solarloesung-fuer-mobilhybrid-mh-rooftoppv-autarke-stromversorgung\/#primaryimage\"},\"image\":{\"@id\":\"https:\/\/mobilhybrid.de\/product\/innovative-solarloesung-fuer-mobilhybrid-mh-rooftoppv-autarke-stromversorgung\/#primaryimage\"},\"thumbnailUrl\":\"https:\/\/mobilhybrid.de\/wp-content\/uploads\/2024\/06\/MH-RoofTopPV.jpg\",\"datePublished\":\"2024-06-09T10:36:18+00:00\",\"dateModified\":\"2025-07-06T13:25:52+00:00\",\"description\":\"Entdecken Sie die MH RoofTopPV Solarl\u00f6sung f\u00fcr Ihren MobilHybrid. Schnelle Installation, netzunabh\u00e4ngig und umweltfreundlich.\",\"breadcrumb\":{\"@id\":\"https:\/\/mobilhybrid.de\/product\/innovative-solarloesung-fuer-mobilhybrid-mh-rooftoppv-autarke-stromversorgung\/#breadcrumb\"},\"inLanguage\":\"en-GB\",\"potentialAction\":[{\"@type\":\"ReadAction\",\"target\":[\"https:\/\/mobilhybrid.de\/product\/innovative-solarloesung-fuer-mobilhybrid-mh-rooftoppv-autarke-stromversorgung\/\"]}]},{\"@type\":\"ImageObject\",\"inLanguage\":\"en-GB\",\"@id\":\"https:\/\/mobilhybrid.de\/product\/innovative-solarloesung-fuer-mobilhybrid-mh-rooftoppv-autarke-stromversorgung\/#primaryimage\",\"url\":\"https:\/\/mobilhybrid.de\/wp-content\/uploads\/2024\/06\/MH-RoofTopPV.jpg\",\"contentUrl\":\"https:\/\/mobilhybrid.de\/wp-content\/uploads\/2024\/06\/MH-RoofTopPV.jpg\",\"width\":1000,\"height\":1000,\"caption\":\"Mobile PV-Anlage f\u00fcr MobilHybrid\"},{\"@type\":\"BreadcrumbList\",\"@id\":\"https:\/\/mobilhybrid.de\/product\/innovative-solarloesung-fuer-mobilhybrid-mh-rooftoppv-autarke-stromversorgung\/#breadcrumb\",\"itemListElement\":[{\"@type\":\"ListItem\",\"position\":1,\"name\":\"Home\",\"item\":\"https:\/\/mobilhybrid.de\/\"},{\"@type\":\"ListItem\",\"position\":2,\"name\":\"Produkte\",\"item\":\"https:\/\/mobilhybrid.de\/shop\/\"},{\"@type\":\"ListItem\",\"position\":3,\"name\":\"MH RoofTopPV\"}]},{\"@type\":\"WebSite\",\"@id\":\"https:\/\/mobilhybrid.de\/#website\",\"url\":\"https:\/\/mobilhybrid.de\/\",\"name\":\"MobilHybrid\",\"description\":\"die autarke, mobile netzunabh\u00e4ngige Stromversorgung\",\"publisher\":{\"@id\":\"https:\/\/mobilhybrid.de\/#organization\"},\"potentialAction\":[{\"@type\":\"SearchAction\",\"target\":{\"@type\":\"EntryPoint\",\"urlTemplate\":\"https:\/\/mobilhybrid.de\/?s={search_term_string}\"},\"query-input\":{\"@type\":\"PropertyValueSpecification\",\"valueRequired\":true,\"valueName\":\"search_term_string\"}}],\"inLanguage\":\"en-GB\"},{\"@type\":\"Organization\",\"@id\":\"https:\/\/mobilhybrid.de\/#organization\",\"name\":\"MobilHybrid GmbH\",\"url\":\"https:\/\/mobilhybrid.de\/\",\"logo\":{\"@type\":\"ImageObject\",\"inLanguage\":\"en-GB\",\"@id\":\"https:\/\/mobilhybrid.de\/#\/schema\/logo\/image\/\",\"url\":\"https:\/\/mobilhybrid.de\/wp-content\/uploads\/2020\/04\/152.png\",\"contentUrl\":\"https:\/\/mobilhybrid.de\/wp-content\/uploads\/2020\/04\/152.png\",\"width\":152,\"height\":152,\"caption\":\"MobilHybrid GmbH\"},\"image\":{\"@id\":\"https:\/\/mobilhybrid.de\/#\/schema\/logo\/image\/\"},\"sameAs\":[\"https:\/\/www.facebook.com\/MobilHybrid\/\",\"https:\/\/www.instagram.com\/_mobilhybrid_\/?hl=de\",\"https:\/\/www.youtube.com\/@pv4lifegmbh476\",\"https:\/\/de.linkedin.com\/company\/mobilhybrid-ug\"]}]}<\/script>\n<!-- \/ Yoast SEO plugin. -->","yoast_head_json":{"title":"MH RoofTopPV - MobilHybrid","description":"Discover the MH RoofTopPV solar solution for your MobilHybrid. Quick installation, off-grid and environmentally friendly.","robots":{"index":"noindex","follow":"follow","max-snippet":"max-snippet:-1","max-image-preview":"max-image-preview:large","max-video-preview":"max-video-preview:-1"},"og_locale":"en_GB","og_type":"article","og_title":"MH RoofTopPV - MobilHybrid","og_description":"Entdecken Sie die MH RoofTopPV Solarl\u00f6sung f\u00fcr Ihren MobilHybrid. Schnelle Installation, netzunabh\u00e4ngig und umweltfreundlich.","og_url":"https:\/\/mobilhybrid.de\/en\/product\/innovative-solar-solution-for-mobile-hybrid-mh-rooftoppv-self-sufficient-power-supply\/","og_site_name":"MobilHybrid","article_publisher":"https:\/\/www.facebook.com\/MobilHybrid\/","article_modified_time":"2025-07-06T13:25:52+00:00","og_image":[{"width":1000,"height":1000,"url":"https:\/\/mobilhybrid.de\/wp-content\/uploads\/2024\/06\/MH-RoofTopPV.jpg","type":"image\/jpeg"}],"twitter_card":"summary_large_image","schema":{"@context":"https:\/\/schema.org","@graph":[{"@type":"WebPage","@id":"https:\/\/mobilhybrid.de\/product\/innovative-solarloesung-fuer-mobilhybrid-mh-rooftoppv-autarke-stromversorgung\/","url":"https:\/\/mobilhybrid.de\/product\/innovative-solarloesung-fuer-mobilhybrid-mh-rooftoppv-autarke-stromversorgung\/","name":"MH RoofTopPV - MobilHybrid","isPartOf":{"@id":"https:\/\/mobilhybrid.de\/#website"},"primaryImageOfPage":{"@id":"https:\/\/mobilhybrid.de\/product\/innovative-solarloesung-fuer-mobilhybrid-mh-rooftoppv-autarke-stromversorgung\/#primaryimage"},"image":{"@id":"https:\/\/mobilhybrid.de\/product\/innovative-solarloesung-fuer-mobilhybrid-mh-rooftoppv-autarke-stromversorgung\/#primaryimage"},"thumbnailUrl":"https:\/\/mobilhybrid.de\/wp-content\/uploads\/2024\/06\/MH-RoofTopPV.jpg","datePublished":"2024-06-09T10:36:18+00:00","dateModified":"2025-07-06T13:25:52+00:00","description":"Discover the MH RoofTopPV solar solution for your MobilHybrid. Quick installation, off-grid and environmentally friendly.","breadcrumb":{"@id":"https:\/\/mobilhybrid.de\/product\/innovative-solarloesung-fuer-mobilhybrid-mh-rooftoppv-autarke-stromversorgung\/#breadcrumb"},"inLanguage":"en-GB","potentialAction":[{"@type":"ReadAction","target":["https:\/\/mobilhybrid.de\/product\/innovative-solarloesung-fuer-mobilhybrid-mh-rooftoppv-autarke-stromversorgung\/"]}]},{"@type":"ImageObject","inLanguage":"en-GB","@id":"https:\/\/mobilhybrid.de\/product\/innovative-solarloesung-fuer-mobilhybrid-mh-rooftoppv-autarke-stromversorgung\/#primaryimage","url":"https:\/\/mobilhybrid.de\/wp-content\/uploads\/2024\/06\/MH-RoofTopPV.jpg","contentUrl":"https:\/\/mobilhybrid.de\/wp-content\/uploads\/2024\/06\/MH-RoofTopPV.jpg","width":1000,"height":1000,"caption":"Mobile PV-Anlage f\u00fcr MobilHybrid"},{"@type":"BreadcrumbList","@id":"https:\/\/mobilhybrid.de\/product\/innovative-solarloesung-fuer-mobilhybrid-mh-rooftoppv-autarke-stromversorgung\/#breadcrumb","itemListElement":[{"@type":"ListItem","position":1,"name":"Home","item":"https:\/\/mobilhybrid.de\/"},{"@type":"ListItem","position":2,"name":"Produkte","item":"https:\/\/mobilhybrid.de\/shop\/"},{"@type":"ListItem","position":3,"name":"MH RoofTopPV"}]},{"@type":"WebSite","@id":"https:\/\/mobilhybrid.de\/#website","url":"https:\/\/mobilhybrid.de\/","name":"MobilHybrid","description":"the self-sufficient, mobile, off-grid power supply","publisher":{"@id":"https:\/\/mobilhybrid.de\/#organization"},"potentialAction":[{"@type":"SearchAction","target":{"@type":"EntryPoint","urlTemplate":"https:\/\/mobilhybrid.de\/?s={search_term_string}"},"query-input":{"@type":"PropertyValueSpecification","valueRequired":true,"valueName":"search_term_string"}}],"inLanguage":"en-GB"},{"@type":"Organization","@id":"https:\/\/mobilhybrid.de\/#organization","name":"MobilHybrid GmbH","url":"https:\/\/mobilhybrid.de\/","logo":{"@type":"ImageObject","inLanguage":"en-GB","@id":"https:\/\/mobilhybrid.de\/#\/schema\/logo\/image\/","url":"https:\/\/mobilhybrid.de\/wp-content\/uploads\/2020\/04\/152.png","contentUrl":"https:\/\/mobilhybrid.de\/wp-content\/uploads\/2020\/04\/152.png","width":152,"height":152,"caption":"MobilHybrid GmbH"},"image":{"@id":"https:\/\/mobilhybrid.de\/#\/schema\/logo\/image\/"},"sameAs":["https:\/\/www.facebook.com\/MobilHybrid\/","https:\/\/www.instagram.com\/_mobilhybrid_\/?hl=de","https:\/\/www.youtube.com\/@pv4lifegmbh476","https:\/\/de.linkedin.com\/company\/mobilhybrid-ug"]}]}},"_links":{"self":[{"href":"https:\/\/mobilhybrid.de\/en\/wp-json\/wp\/v2\/product\/3992","targetHints":{"allow":["GET"]}}],"collection":[{"href":"https:\/\/mobilhybrid.de\/en\/wp-json\/wp\/v2\/product"}],"about":[{"href":"https:\/\/mobilhybrid.de\/en\/wp-json\/wp\/v2\/types\/product"}],"replies":[{"embeddable":true,"href":"https:\/\/mobilhybrid.de\/en\/wp-json\/wp\/v2\/comments?post=3992"}],"wp:featuredmedia":[{"embeddable":true,"href":"https:\/\/mobilhybrid.de\/en\/wp-json\/wp\/v2\/media\/3993"}],"wp:attachment":[{"href":"https:\/\/mobilhybrid.de\/en\/wp-json\/wp\/v2\/media?parent=3992"}],"wp:term":[{"taxonomy":"product_brand","embeddable":true,"href":"https:\/\/mobilhybrid.de\/en\/wp-json\/wp\/v2\/product_brand?post=3992"},{"taxonomy":"product_cat","embeddable":true,"href":"https:\/\/mobilhybrid.de\/en\/wp-json\/wp\/v2\/product_cat?post=3992"},{"taxonomy":"product_tag","embeddable":true,"href":"https:\/\/mobilhybrid.de\/en\/wp-json\/wp\/v2\/product_tag?post=3992"}],"curies":[{"name":"wp","href":"https:\/\/api.w.org\/{rel}","templated":true}]}}