{"id":4498,"date":"2025-12-19T09:48:06","date_gmt":"2025-12-19T08:48:06","guid":{"rendered":"https:\/\/mobilhybrid.de\/?post_type=product&#038;p=4498"},"modified":"2026-04-02T18:28:51","modified_gmt":"2026-04-02T16:28:51","slug":"powerhybrid-ph60","status":"publish","type":"product","link":"https:\/\/mobilhybrid.de\/en\/product\/powerhybrid-ph60\/","title":{"rendered":"PowerHybrid PH60"},"content":{"rendered":"<p><strong>PowerHybrid PH60 - your turnkey energy platform for construction sites, events and BOS applications.<\/strong><\/p>\n<p>The PowerHybrid PH60 combines flexibility, efficiency and environmental awareness in a ready-to-use solution for modern energy supply. It reliably supplies power for container systems, cranes, electrical machines and tools - even without a mains connection.<\/p>\n<h3>Your advantages<\/h3>\n<ul>\n<li>Reliable power supply for demanding applications<\/li>\n<li>Power Boost through combination of power generator and battery storage<\/li>\n<li>Efficient hybridisation of power generators with high savings potential<\/li>\n<li>Reliable supply for machines with high starting current<\/li>\n<li>PV support for reduced emissions and more self-sufficiency<\/li>\n<li>Digital real-time monitoring for safe and smooth operation<\/li>\n<li>Ready for immediate use without time-consuming installation<\/li>\n<\/ul>\n<h3>Technical highlights<\/h3>\n<ul>\n<li>Power generator: 30 kVA, exhaust gas stage 5, optional HVO100<\/li>\n<li>Energy storage: MobilHybrid MH24 with 30 kVA<\/li>\n<li>Continuous power: 24 kW \/ 30 kVA<\/li>\n<li>Power Boost: 48 kW<\/li>\n<li>Battery capacity: 24 kWh usable<\/li>\n<li>Temperature range: -15 \u00b0C to +45 \u00b0C<\/li>\n<\/ul>\n<p>The PowerHybrid PH60 is the ideal solution for construction sites that require a powerful, reliable and sustainable power supply at all times.<\/p>","protected":false},"excerpt":{"rendered":"<p>The PowerHybrid PH60 is a turnkey, mobile energy platform for construction sites, events and BOS applications. With 24 kW continuous power, 48 kW power boost and integrated PV support, it supplies container systems, cranes and electrical machines with reliable and sustainable power.<\/p>","protected":false},"featured_media":5114,"comment_status":"closed","ping_status":"closed","template":"","meta":[],"product_brand":[],"product_cat":[84],"product_tag":[86,87,89,88,91,97],"class_list":{"0":"post-4498","1":"product","2":"type-product","3":"status-publish","4":"has-post-thumbnail","6":"product_cat-powerhybrid","7":"product_tag-baustelle","8":"product_tag-energieplattform","9":"product_tag-generator","10":"product_tag-hybridstrom","11":"product_tag-photovoltaik","12":"product_tag-powerhybrid","14":"first","15":"instock","16":"shipping-taxable","17":"product-type-simple"},"yoast_head":"<!-- This site is optimized with the Yoast SEO plugin v26.6 - https:\/\/yoast.com\/wordpress\/plugins\/seo\/ -->\n<title>PowerHybrid PH60 \u2013 mobile Energieplattform f\u00fcr Baustellen | MobilHybrid<\/title>\n<meta name=\"description\" content=\"Der PowerHybrid PH60 ist die schl\u00fcsselfertige mobile Energieplattform f\u00fcr Baustellen, Events und BOS-Anwendungen \u2013 effizient, flexibel und nachhaltig.\" \/>\n<meta name=\"robots\" content=\"index, follow, max-snippet:-1, max-image-preview:large, max-video-preview:-1\" \/>\n<link rel=\"canonical\" href=\"https:\/\/mobilhybrid.de\/en\/product\/powerhybrid-ph60\/\" \/>\n<meta property=\"og:locale\" content=\"en_GB\" \/>\n<meta property=\"og:type\" content=\"article\" \/>\n<meta property=\"og:title\" content=\"PowerHybrid PH60 \u2013 mobile Energieplattform f\u00fcr Baustellen | MobilHybrid\" \/>\n<meta property=\"og:description\" content=\"Der PowerHybrid PH60 ist die schl\u00fcsselfertige mobile Energieplattform f\u00fcr Baustellen, Events und BOS-Anwendungen \u2013 effizient, flexibel und nachhaltig.\" \/>\n<meta property=\"og:url\" content=\"https:\/\/mobilhybrid.de\/en\/product\/powerhybrid-ph60\/\" \/>\n<meta property=\"og:site_name\" content=\"MobilHybrid\" \/>\n<meta property=\"article:publisher\" content=\"https:\/\/www.facebook.com\/MobilHybrid\/\" \/>\n<meta property=\"article:modified_time\" content=\"2026-04-02T16:28:51+00:00\" \/>\n<meta property=\"og:image\" content=\"https:\/\/mobilhybrid.de\/wp-content\/uploads\/2026\/04\/PowerHybrid_V2.jpeg\" \/>\n\t<meta property=\"og:image:width\" content=\"1536\" \/>\n\t<meta property=\"og:image:height\" content=\"1024\" \/>\n\t<meta property=\"og:image:type\" content=\"image\/jpeg\" \/>\n<meta name=\"twitter:card\" content=\"summary_large_image\" \/>\n<script type=\"application\/ld+json\" class=\"yoast-schema-graph\">{\"@context\":\"https:\/\/schema.org\",\"@graph\":[{\"@type\":\"WebPage\",\"@id\":\"https:\/\/mobilhybrid.de\/product\/powerhybrid-ph60\/\",\"url\":\"https:\/\/mobilhybrid.de\/product\/powerhybrid-ph60\/\",\"name\":\"PowerHybrid PH60 \u2013 mobile Energieplattform f\u00fcr Baustellen | MobilHybrid\",\"isPartOf\":{\"@id\":\"https:\/\/mobilhybrid.de\/#website\"},\"primaryImageOfPage\":{\"@id\":\"https:\/\/mobilhybrid.de\/product\/powerhybrid-ph60\/#primaryimage\"},\"image\":{\"@id\":\"https:\/\/mobilhybrid.de\/product\/powerhybrid-ph60\/#primaryimage\"},\"thumbnailUrl\":\"https:\/\/mobilhybrid.de\/wp-content\/uploads\/2026\/04\/PowerHybrid_V2.jpeg\",\"datePublished\":\"2025-12-19T08:48:06+00:00\",\"dateModified\":\"2026-04-02T16:28:51+00:00\",\"description\":\"Der PowerHybrid PH60 ist die schl\u00fcsselfertige mobile Energieplattform f\u00fcr Baustellen, Events und BOS-Anwendungen \u2013 effizient, flexibel und nachhaltig.\",\"breadcrumb\":{\"@id\":\"https:\/\/mobilhybrid.de\/product\/powerhybrid-ph60\/#breadcrumb\"},\"inLanguage\":\"en-GB\",\"potentialAction\":[{\"@type\":\"ReadAction\",\"target\":[\"https:\/\/mobilhybrid.de\/product\/powerhybrid-ph60\/\"]}]},{\"@type\":\"ImageObject\",\"inLanguage\":\"en-GB\",\"@id\":\"https:\/\/mobilhybrid.de\/product\/powerhybrid-ph60\/#primaryimage\",\"url\":\"https:\/\/mobilhybrid.de\/wp-content\/uploads\/2026\/04\/PowerHybrid_V2.jpeg\",\"contentUrl\":\"https:\/\/mobilhybrid.de\/wp-content\/uploads\/2026\/04\/PowerHybrid_V2.jpeg\",\"width\":1536,\"height\":1024},{\"@type\":\"BreadcrumbList\",\"@id\":\"https:\/\/mobilhybrid.de\/product\/powerhybrid-ph60\/#breadcrumb\",\"itemListElement\":[{\"@type\":\"ListItem\",\"position\":1,\"name\":\"Home\",\"item\":\"https:\/\/mobilhybrid.de\/\"},{\"@type\":\"ListItem\",\"position\":2,\"name\":\"Produkte\",\"item\":\"https:\/\/mobilhybrid.de\/shop\/\"},{\"@type\":\"ListItem\",\"position\":3,\"name\":\"PowerHybrid PH60\"}]},{\"@type\":\"WebSite\",\"@id\":\"https:\/\/mobilhybrid.de\/#website\",\"url\":\"https:\/\/mobilhybrid.de\/\",\"name\":\"MobilHybrid\",\"description\":\"die autarke, mobile netzunabh\u00e4ngige Stromversorgung\",\"publisher\":{\"@id\":\"https:\/\/mobilhybrid.de\/#organization\"},\"potentialAction\":[{\"@type\":\"SearchAction\",\"target\":{\"@type\":\"EntryPoint\",\"urlTemplate\":\"https:\/\/mobilhybrid.de\/?s={search_term_string}\"},\"query-input\":{\"@type\":\"PropertyValueSpecification\",\"valueRequired\":true,\"valueName\":\"search_term_string\"}}],\"inLanguage\":\"en-GB\"},{\"@type\":\"Organization\",\"@id\":\"https:\/\/mobilhybrid.de\/#organization\",\"name\":\"MobilHybrid GmbH\",\"url\":\"https:\/\/mobilhybrid.de\/\",\"logo\":{\"@type\":\"ImageObject\",\"inLanguage\":\"en-GB\",\"@id\":\"https:\/\/mobilhybrid.de\/#\/schema\/logo\/image\/\",\"url\":\"https:\/\/mobilhybrid.de\/wp-content\/uploads\/2020\/04\/152.png\",\"contentUrl\":\"https:\/\/mobilhybrid.de\/wp-content\/uploads\/2020\/04\/152.png\",\"width\":152,\"height\":152,\"caption\":\"MobilHybrid GmbH\"},\"image\":{\"@id\":\"https:\/\/mobilhybrid.de\/#\/schema\/logo\/image\/\"},\"sameAs\":[\"https:\/\/www.facebook.com\/MobilHybrid\/\",\"https:\/\/www.instagram.com\/_mobilhybrid_\/?hl=de\",\"https:\/\/www.youtube.com\/@pv4lifegmbh476\",\"https:\/\/de.linkedin.com\/company\/mobilhybrid-ug\"]}]}<\/script>\n<!-- \/ Yoast SEO plugin. -->","yoast_head_json":{"title":"PowerHybrid PH60 - mobile energy platform for construction sites | MobilHybrid","description":"The PowerHybrid PH60 is the turnkey mobile energy platform for construction sites, events and BOS applications - efficient, flexible and sustainable.","robots":{"index":"index","follow":"follow","max-snippet":"max-snippet:-1","max-image-preview":"max-image-preview:large","max-video-preview":"max-video-preview:-1"},"canonical":"https:\/\/mobilhybrid.de\/en\/product\/powerhybrid-ph60\/","og_locale":"en_GB","og_type":"article","og_title":"PowerHybrid PH60 \u2013 mobile Energieplattform f\u00fcr Baustellen | MobilHybrid","og_description":"Der PowerHybrid PH60 ist die schl\u00fcsselfertige mobile Energieplattform f\u00fcr Baustellen, Events und BOS-Anwendungen \u2013 effizient, flexibel und nachhaltig.","og_url":"https:\/\/mobilhybrid.de\/en\/product\/powerhybrid-ph60\/","og_site_name":"MobilHybrid","article_publisher":"https:\/\/www.facebook.com\/MobilHybrid\/","article_modified_time":"2026-04-02T16:28:51+00:00","og_image":[{"width":1536,"height":1024,"url":"https:\/\/mobilhybrid.de\/wp-content\/uploads\/2026\/04\/PowerHybrid_V2.jpeg","type":"image\/jpeg"}],"twitter_card":"summary_large_image","schema":{"@context":"https:\/\/schema.org","@graph":[{"@type":"WebPage","@id":"https:\/\/mobilhybrid.de\/product\/powerhybrid-ph60\/","url":"https:\/\/mobilhybrid.de\/product\/powerhybrid-ph60\/","name":"PowerHybrid PH60 - mobile energy platform for construction sites | MobilHybrid","isPartOf":{"@id":"https:\/\/mobilhybrid.de\/#website"},"primaryImageOfPage":{"@id":"https:\/\/mobilhybrid.de\/product\/powerhybrid-ph60\/#primaryimage"},"image":{"@id":"https:\/\/mobilhybrid.de\/product\/powerhybrid-ph60\/#primaryimage"},"thumbnailUrl":"https:\/\/mobilhybrid.de\/wp-content\/uploads\/2026\/04\/PowerHybrid_V2.jpeg","datePublished":"2025-12-19T08:48:06+00:00","dateModified":"2026-04-02T16:28:51+00:00","description":"The PowerHybrid PH60 is the turnkey mobile energy platform for construction sites, events and BOS applications - efficient, flexible and sustainable.","breadcrumb":{"@id":"https:\/\/mobilhybrid.de\/product\/powerhybrid-ph60\/#breadcrumb"},"inLanguage":"en-GB","potentialAction":[{"@type":"ReadAction","target":["https:\/\/mobilhybrid.de\/product\/powerhybrid-ph60\/"]}]},{"@type":"ImageObject","inLanguage":"en-GB","@id":"https:\/\/mobilhybrid.de\/product\/powerhybrid-ph60\/#primaryimage","url":"https:\/\/mobilhybrid.de\/wp-content\/uploads\/2026\/04\/PowerHybrid_V2.jpeg","contentUrl":"https:\/\/mobilhybrid.de\/wp-content\/uploads\/2026\/04\/PowerHybrid_V2.jpeg","width":1536,"height":1024},{"@type":"BreadcrumbList","@id":"https:\/\/mobilhybrid.de\/product\/powerhybrid-ph60\/#breadcrumb","itemListElement":[{"@type":"ListItem","position":1,"name":"Home","item":"https:\/\/mobilhybrid.de\/"},{"@type":"ListItem","position":2,"name":"Produkte","item":"https:\/\/mobilhybrid.de\/shop\/"},{"@type":"ListItem","position":3,"name":"PowerHybrid PH60"}]},{"@type":"WebSite","@id":"https:\/\/mobilhybrid.de\/#website","url":"https:\/\/mobilhybrid.de\/","name":"MobilHybrid","description":"the self-sufficient, mobile, off-grid power supply","publisher":{"@id":"https:\/\/mobilhybrid.de\/#organization"},"potentialAction":[{"@type":"SearchAction","target":{"@type":"EntryPoint","urlTemplate":"https:\/\/mobilhybrid.de\/?s={search_term_string}"},"query-input":{"@type":"PropertyValueSpecification","valueRequired":true,"valueName":"search_term_string"}}],"inLanguage":"en-GB"},{"@type":"Organization","@id":"https:\/\/mobilhybrid.de\/#organization","name":"MobilHybrid GmbH","url":"https:\/\/mobilhybrid.de\/","logo":{"@type":"ImageObject","inLanguage":"en-GB","@id":"https:\/\/mobilhybrid.de\/#\/schema\/logo\/image\/","url":"https:\/\/mobilhybrid.de\/wp-content\/uploads\/2020\/04\/152.png","contentUrl":"https:\/\/mobilhybrid.de\/wp-content\/uploads\/2020\/04\/152.png","width":152,"height":152,"caption":"MobilHybrid GmbH"},"image":{"@id":"https:\/\/mobilhybrid.de\/#\/schema\/logo\/image\/"},"sameAs":["https:\/\/www.facebook.com\/MobilHybrid\/","https:\/\/www.instagram.com\/_mobilhybrid_\/?hl=de","https:\/\/www.youtube.com\/@pv4lifegmbh476","https:\/\/de.linkedin.com\/company\/mobilhybrid-ug"]}]}},"_links":{"self":[{"href":"https:\/\/mobilhybrid.de\/en\/wp-json\/wp\/v2\/product\/4498","targetHints":{"allow":["GET"]}}],"collection":[{"href":"https:\/\/mobilhybrid.de\/en\/wp-json\/wp\/v2\/product"}],"about":[{"href":"https:\/\/mobilhybrid.de\/en\/wp-json\/wp\/v2\/types\/product"}],"replies":[{"embeddable":true,"href":"https:\/\/mobilhybrid.de\/en\/wp-json\/wp\/v2\/comments?post=4498"}],"wp:featuredmedia":[{"embeddable":true,"href":"https:\/\/mobilhybrid.de\/en\/wp-json\/wp\/v2\/media\/5114"}],"wp:attachment":[{"href":"https:\/\/mobilhybrid.de\/en\/wp-json\/wp\/v2\/media?parent=4498"}],"wp:term":[{"taxonomy":"product_brand","embeddable":true,"href":"https:\/\/mobilhybrid.de\/en\/wp-json\/wp\/v2\/product_brand?post=4498"},{"taxonomy":"product_cat","embeddable":true,"href":"https:\/\/mobilhybrid.de\/en\/wp-json\/wp\/v2\/product_cat?post=4498"},{"taxonomy":"product_tag","embeddable":true,"href":"https:\/\/mobilhybrid.de\/en\/wp-json\/wp\/v2\/product_tag?post=4498"}],"curies":[{"name":"wp","href":"https:\/\/api.w.org\/{rel}","templated":true}]}}