{"id":5105,"date":"2026-04-02T14:37:55","date_gmt":"2026-04-02T12:37:55","guid":{"rendered":"https:\/\/mobilhybrid.de\/product\/poweranalyzer\/"},"modified":"2026-04-02T15:22:22","modified_gmt":"2026-04-02T13:22:22","slug":"poweranalyzer","status":"publish","type":"product","link":"https:\/\/mobilhybrid.de\/en\/product\/poweranalyzer\/","title":{"rendered":"PowerAnalyzer 63A"},"content":{"rendered":"<p><strong>MobilHybrid PowerAnalyzer 63A - Understanding energy. Recognise demand.<\/strong><\/p>\n<p>The PowerAnalyzer 63A is a robust, intelligent measuring case for simple and precise recording of energy and power requirements on construction sites and in demanding environments. The system is connected between the power generator or power grid and the consumers - switch on, measure, done.<\/p>\n<h3>Main features<\/h3>\n<ul>\n<li>Simultaneous measurement of power, energy, current and voltage per phase<\/li>\n<li>Robust housing for construction site environments (IP65)<\/li>\n<li>Real-time data acquisition and visualisation via the MobilHybrid data portal<\/li>\n<li>Automatic logging and export as CSV and PDF<\/li>\n<li>Integrated LTE modem with data card included for 12 months<\/li>\n<\/ul>\n<h3>Areas of application<\/h3>\n<ul>\n<li>Energy management on construction sites<\/li>\n<li>Peak power detection and load management<\/li>\n<li>Optimisation of operating processes<\/li>\n<li>Compliance and documentation<\/li>\n<li>Maintenance planning through anomaly detection<\/li>\n<\/ul>\n<h3>Execution<\/h3>\n<ul>\n<li>Input: CEE 400 V \/ 63 A<\/li>\n<li>Output: CEE 400 V \/ 63 A<\/li>\n<li>Dimensions: 60 \u00d7 40 \u00d7 27.8 cm<\/li>\n<li>Temperature range: -10 \u00b0C to 45 \u00b0C<\/li>\n<li>Portal monitoring with remote access<\/li>\n<\/ul>","protected":false},"excerpt":{"rendered":"<p>The MobilHybrid PowerAnalyzer 63A is a ready-to-connect, intelligent measuring case for the precise recording of energy and power requirements. It measures power, energy, current and voltage per phase and transmits the data to the MobilHybrid data portal via LTE.<\/p>","protected":false},"featured_media":5109,"comment_status":"closed","ping_status":"closed","template":"","meta":[],"product_brand":[],"product_cat":[92],"product_tag":[86,95,93,94,96],"class_list":{"0":"post-5105","1":"product","2":"type-product","3":"status-publish","4":"has-post-thumbnail","6":"product_cat-poweranalyzer","7":"product_tag-baustelle","8":"product_tag-energieanalyse","9":"product_tag-energiemessung","10":"product_tag-lastmanagement","11":"product_tag-poweranalyzer","13":"first","14":"instock","15":"shipping-taxable","16":"product-type-simple"},"yoast_head":"<!-- This site is optimized with the Yoast SEO plugin v26.6 - https:\/\/yoast.com\/wordpress\/plugins\/seo\/ -->\n<title>PowerAnalyzer 63A \u2013 Leistungs- und Energiemessung f\u00fcr Baustellen | MobilHybrid<\/title>\n<meta name=\"description\" content=\"Der MobilHybrid PowerAnalyzer 63A misst Leistung, Energie, Strom und Spannung pr\u00e4zise und \u00fcbertr\u00e4gt die Daten in Echtzeit ins Datenportal.\" \/>\n<meta name=\"robots\" content=\"noindex, follow, max-snippet:-1, max-image-preview:large, max-video-preview:-1\" \/>\n<meta property=\"og:locale\" content=\"en_GB\" \/>\n<meta property=\"og:type\" content=\"article\" \/>\n<meta property=\"og:title\" content=\"PowerAnalyzer 63A \u2013 Leistungs- und Energiemessung f\u00fcr Baustellen | MobilHybrid\" \/>\n<meta property=\"og:description\" content=\"Der MobilHybrid PowerAnalyzer 63A misst Leistung, Energie, Strom und Spannung pr\u00e4zise und \u00fcbertr\u00e4gt die Daten in Echtzeit ins Datenportal.\" \/>\n<meta property=\"og:url\" content=\"https:\/\/mobilhybrid.de\/en\/product\/poweranalyzer\/\" \/>\n<meta property=\"og:site_name\" content=\"MobilHybrid\" \/>\n<meta property=\"article:publisher\" content=\"https:\/\/www.facebook.com\/MobilHybrid\/\" \/>\n<meta property=\"article:modified_time\" content=\"2026-04-02T13:22:22+00:00\" \/>\n<meta property=\"og:image\" content=\"https:\/\/mobilhybrid.de\/wp-content\/uploads\/2026\/04\/ChatGPT-Image-6.-Feb.-2026-11_03_13.jpeg\" \/>\n\t<meta property=\"og:image:width\" content=\"1024\" \/>\n\t<meta property=\"og:image:height\" content=\"1536\" \/>\n\t<meta property=\"og:image:type\" content=\"image\/jpeg\" \/>\n<meta name=\"twitter:card\" content=\"summary_large_image\" \/>\n<script type=\"application\/ld+json\" class=\"yoast-schema-graph\">{\"@context\":\"https:\/\/schema.org\",\"@graph\":[{\"@type\":\"WebPage\",\"@id\":\"https:\/\/mobilhybrid.de\/product\/poweranalyzer\/\",\"url\":\"https:\/\/mobilhybrid.de\/product\/poweranalyzer\/\",\"name\":\"PowerAnalyzer 63A \u2013 Leistungs- und Energiemessung f\u00fcr Baustellen | MobilHybrid\",\"isPartOf\":{\"@id\":\"https:\/\/mobilhybrid.de\/#website\"},\"primaryImageOfPage\":{\"@id\":\"https:\/\/mobilhybrid.de\/product\/poweranalyzer\/#primaryimage\"},\"image\":{\"@id\":\"https:\/\/mobilhybrid.de\/product\/poweranalyzer\/#primaryimage\"},\"thumbnailUrl\":\"https:\/\/mobilhybrid.de\/wp-content\/uploads\/2026\/04\/ChatGPT-Image-6.-Feb.-2026-11_03_13.jpeg\",\"datePublished\":\"2026-04-02T12:37:55+00:00\",\"dateModified\":\"2026-04-02T13:22:22+00:00\",\"description\":\"Der MobilHybrid PowerAnalyzer 63A misst Leistung, Energie, Strom und Spannung pr\u00e4zise und \u00fcbertr\u00e4gt die Daten in Echtzeit ins Datenportal.\",\"breadcrumb\":{\"@id\":\"https:\/\/mobilhybrid.de\/product\/poweranalyzer\/#breadcrumb\"},\"inLanguage\":\"en-GB\",\"potentialAction\":[{\"@type\":\"ReadAction\",\"target\":[\"https:\/\/mobilhybrid.de\/product\/poweranalyzer\/\"]}]},{\"@type\":\"ImageObject\",\"inLanguage\":\"en-GB\",\"@id\":\"https:\/\/mobilhybrid.de\/product\/poweranalyzer\/#primaryimage\",\"url\":\"https:\/\/mobilhybrid.de\/wp-content\/uploads\/2026\/04\/ChatGPT-Image-6.-Feb.-2026-11_03_13.jpeg\",\"contentUrl\":\"https:\/\/mobilhybrid.de\/wp-content\/uploads\/2026\/04\/ChatGPT-Image-6.-Feb.-2026-11_03_13.jpeg\",\"width\":1024,\"height\":1536},{\"@type\":\"BreadcrumbList\",\"@id\":\"https:\/\/mobilhybrid.de\/product\/poweranalyzer\/#breadcrumb\",\"itemListElement\":[{\"@type\":\"ListItem\",\"position\":1,\"name\":\"Home\",\"item\":\"https:\/\/mobilhybrid.de\/\"},{\"@type\":\"ListItem\",\"position\":2,\"name\":\"Produkte\",\"item\":\"https:\/\/mobilhybrid.de\/shop\/\"},{\"@type\":\"ListItem\",\"position\":3,\"name\":\"PowerAnalyzer 63A\"}]},{\"@type\":\"WebSite\",\"@id\":\"https:\/\/mobilhybrid.de\/#website\",\"url\":\"https:\/\/mobilhybrid.de\/\",\"name\":\"MobilHybrid\",\"description\":\"die autarke, mobile netzunabh\u00e4ngige Stromversorgung\",\"publisher\":{\"@id\":\"https:\/\/mobilhybrid.de\/#organization\"},\"potentialAction\":[{\"@type\":\"SearchAction\",\"target\":{\"@type\":\"EntryPoint\",\"urlTemplate\":\"https:\/\/mobilhybrid.de\/?s={search_term_string}\"},\"query-input\":{\"@type\":\"PropertyValueSpecification\",\"valueRequired\":true,\"valueName\":\"search_term_string\"}}],\"inLanguage\":\"en-GB\"},{\"@type\":\"Organization\",\"@id\":\"https:\/\/mobilhybrid.de\/#organization\",\"name\":\"MobilHybrid GmbH\",\"url\":\"https:\/\/mobilhybrid.de\/\",\"logo\":{\"@type\":\"ImageObject\",\"inLanguage\":\"en-GB\",\"@id\":\"https:\/\/mobilhybrid.de\/#\/schema\/logo\/image\/\",\"url\":\"https:\/\/mobilhybrid.de\/wp-content\/uploads\/2020\/04\/152.png\",\"contentUrl\":\"https:\/\/mobilhybrid.de\/wp-content\/uploads\/2020\/04\/152.png\",\"width\":152,\"height\":152,\"caption\":\"MobilHybrid GmbH\"},\"image\":{\"@id\":\"https:\/\/mobilhybrid.de\/#\/schema\/logo\/image\/\"},\"sameAs\":[\"https:\/\/www.facebook.com\/MobilHybrid\/\",\"https:\/\/www.instagram.com\/_mobilhybrid_\/?hl=de\",\"https:\/\/www.youtube.com\/@pv4lifegmbh476\",\"https:\/\/de.linkedin.com\/company\/mobilhybrid-ug\"]}]}<\/script>\n<!-- \/ Yoast SEO plugin. -->","yoast_head_json":{"title":"PowerAnalyzer 63A - Power and energy measurement for construction sites | MobilHybrid","description":"The MobilHybrid PowerAnalyzer 63A precisely measures power, energy, current and voltage and transmits the data to the data portal in real time.","robots":{"index":"noindex","follow":"follow","max-snippet":"max-snippet:-1","max-image-preview":"max-image-preview:large","max-video-preview":"max-video-preview:-1"},"og_locale":"en_GB","og_type":"article","og_title":"PowerAnalyzer 63A \u2013 Leistungs- und Energiemessung f\u00fcr Baustellen | MobilHybrid","og_description":"Der MobilHybrid PowerAnalyzer 63A misst Leistung, Energie, Strom und Spannung pr\u00e4zise und \u00fcbertr\u00e4gt die Daten in Echtzeit ins Datenportal.","og_url":"https:\/\/mobilhybrid.de\/en\/product\/poweranalyzer\/","og_site_name":"MobilHybrid","article_publisher":"https:\/\/www.facebook.com\/MobilHybrid\/","article_modified_time":"2026-04-02T13:22:22+00:00","og_image":[{"width":1024,"height":1536,"url":"https:\/\/mobilhybrid.de\/wp-content\/uploads\/2026\/04\/ChatGPT-Image-6.-Feb.-2026-11_03_13.jpeg","type":"image\/jpeg"}],"twitter_card":"summary_large_image","schema":{"@context":"https:\/\/schema.org","@graph":[{"@type":"WebPage","@id":"https:\/\/mobilhybrid.de\/product\/poweranalyzer\/","url":"https:\/\/mobilhybrid.de\/product\/poweranalyzer\/","name":"PowerAnalyzer 63A - Power and energy measurement for construction sites | MobilHybrid","isPartOf":{"@id":"https:\/\/mobilhybrid.de\/#website"},"primaryImageOfPage":{"@id":"https:\/\/mobilhybrid.de\/product\/poweranalyzer\/#primaryimage"},"image":{"@id":"https:\/\/mobilhybrid.de\/product\/poweranalyzer\/#primaryimage"},"thumbnailUrl":"https:\/\/mobilhybrid.de\/wp-content\/uploads\/2026\/04\/ChatGPT-Image-6.-Feb.-2026-11_03_13.jpeg","datePublished":"2026-04-02T12:37:55+00:00","dateModified":"2026-04-02T13:22:22+00:00","description":"The MobilHybrid PowerAnalyzer 63A precisely measures power, energy, current and voltage and transmits the data to the data portal in real time.","breadcrumb":{"@id":"https:\/\/mobilhybrid.de\/product\/poweranalyzer\/#breadcrumb"},"inLanguage":"en-GB","potentialAction":[{"@type":"ReadAction","target":["https:\/\/mobilhybrid.de\/product\/poweranalyzer\/"]}]},{"@type":"ImageObject","inLanguage":"en-GB","@id":"https:\/\/mobilhybrid.de\/product\/poweranalyzer\/#primaryimage","url":"https:\/\/mobilhybrid.de\/wp-content\/uploads\/2026\/04\/ChatGPT-Image-6.-Feb.-2026-11_03_13.jpeg","contentUrl":"https:\/\/mobilhybrid.de\/wp-content\/uploads\/2026\/04\/ChatGPT-Image-6.-Feb.-2026-11_03_13.jpeg","width":1024,"height":1536},{"@type":"BreadcrumbList","@id":"https:\/\/mobilhybrid.de\/product\/poweranalyzer\/#breadcrumb","itemListElement":[{"@type":"ListItem","position":1,"name":"Home","item":"https:\/\/mobilhybrid.de\/"},{"@type":"ListItem","position":2,"name":"Produkte","item":"https:\/\/mobilhybrid.de\/shop\/"},{"@type":"ListItem","position":3,"name":"PowerAnalyzer 63A"}]},{"@type":"WebSite","@id":"https:\/\/mobilhybrid.de\/#website","url":"https:\/\/mobilhybrid.de\/","name":"MobilHybrid","description":"the self-sufficient, mobile, off-grid power supply","publisher":{"@id":"https:\/\/mobilhybrid.de\/#organization"},"potentialAction":[{"@type":"SearchAction","target":{"@type":"EntryPoint","urlTemplate":"https:\/\/mobilhybrid.de\/?s={search_term_string}"},"query-input":{"@type":"PropertyValueSpecification","valueRequired":true,"valueName":"search_term_string"}}],"inLanguage":"en-GB"},{"@type":"Organization","@id":"https:\/\/mobilhybrid.de\/#organization","name":"MobilHybrid GmbH","url":"https:\/\/mobilhybrid.de\/","logo":{"@type":"ImageObject","inLanguage":"en-GB","@id":"https:\/\/mobilhybrid.de\/#\/schema\/logo\/image\/","url":"https:\/\/mobilhybrid.de\/wp-content\/uploads\/2020\/04\/152.png","contentUrl":"https:\/\/mobilhybrid.de\/wp-content\/uploads\/2020\/04\/152.png","width":152,"height":152,"caption":"MobilHybrid GmbH"},"image":{"@id":"https:\/\/mobilhybrid.de\/#\/schema\/logo\/image\/"},"sameAs":["https:\/\/www.facebook.com\/MobilHybrid\/","https:\/\/www.instagram.com\/_mobilhybrid_\/?hl=de","https:\/\/www.youtube.com\/@pv4lifegmbh476","https:\/\/de.linkedin.com\/company\/mobilhybrid-ug"]}]}},"_links":{"self":[{"href":"https:\/\/mobilhybrid.de\/en\/wp-json\/wp\/v2\/product\/5105","targetHints":{"allow":["GET"]}}],"collection":[{"href":"https:\/\/mobilhybrid.de\/en\/wp-json\/wp\/v2\/product"}],"about":[{"href":"https:\/\/mobilhybrid.de\/en\/wp-json\/wp\/v2\/types\/product"}],"replies":[{"embeddable":true,"href":"https:\/\/mobilhybrid.de\/en\/wp-json\/wp\/v2\/comments?post=5105"}],"wp:featuredmedia":[{"embeddable":true,"href":"https:\/\/mobilhybrid.de\/en\/wp-json\/wp\/v2\/media\/5109"}],"wp:attachment":[{"href":"https:\/\/mobilhybrid.de\/en\/wp-json\/wp\/v2\/media?parent=5105"}],"wp:term":[{"taxonomy":"product_brand","embeddable":true,"href":"https:\/\/mobilhybrid.de\/en\/wp-json\/wp\/v2\/product_brand?post=5105"},{"taxonomy":"product_cat","embeddable":true,"href":"https:\/\/mobilhybrid.de\/en\/wp-json\/wp\/v2\/product_cat?post=5105"},{"taxonomy":"product_tag","embeddable":true,"href":"https:\/\/mobilhybrid.de\/en\/wp-json\/wp\/v2\/product_tag?post=5105"}],"curies":[{"name":"wp","href":"https:\/\/api.w.org\/{rel}","templated":true}]}}