{"id":3652,"date":"2024-01-28T13:31:43","date_gmt":"2024-01-28T12:31:43","guid":{"rendered":"https:\/\/mhdemo.local\/?page_id=3652"},"modified":"2025-10-03T20:59:40","modified_gmt":"2025-10-03T18:59:40","slug":"declaracion-de-proteccion-de-datos","status":"publish","type":"page","link":"https:\/\/mobilhybrid.de\/es\/declaracion-de-proteccion-de-datos\/","title":{"rendered":"Pol\u00edtica de privacidad"},"content":{"rendered":"<div data-elementor-type=\"wp-page\" data-elementor-id=\"3652\" class=\"elementor elementor-3652\" data-elementor-post-type=\"page\">\n\t\t\t\t<div class=\"elementor-element elementor-element-0978cd9 e-flex e-con-boxed e-con e-parent\" data-id=\"0978cd9\" data-element_type=\"container\">\n\t\t\t\t\t<div class=\"e-con-inner\">\n\t\t\t\t<div class=\"elementor-element elementor-element-48f2ab3 elementor-widget elementor-widget-heading\" data-id=\"48f2ab3\" data-element_type=\"widget\" data-widget_type=\"heading.default\">\n\t\t\t\t<div class=\"elementor-widget-container\">\n\t\t\t\t\t<h1 class=\"elementor-heading-title elementor-size-default\">Pol\u00edtica de privacidad<\/h1>\t\t\t\t<\/div>\n\t\t\t\t<\/div>\n\t\t\t\t<div class=\"elementor-element elementor-element-59744a3 elementor-widget elementor-widget-text-editor\" data-id=\"59744a3\" data-element_type=\"widget\" data-widget_type=\"text-editor.default\">\n\t\t\t\t<div class=\"elementor-widget-container\">\n\t\t\t\t\t\t\t\t\t<p style=\"font-weight: 400\"><strong>1. la protecci\u00f3n de datos de un vistazo<\/strong><\/p><p style=\"font-weight: 400\"><strong>Notas generales<\/strong><\/p><p style=\"font-weight: 400\">La siguiente informaci\u00f3n ofrece una visi\u00f3n general de lo que ocurre con sus datos personales cuando visita nuestro sitio web.<br \/>Los datos personales son todos aquellos con los que se le puede identificar personalmente.<br \/>Para obtener informaci\u00f3n detallada, consulte la pol\u00edtica de privacidad completa que figura a continuaci\u00f3n.<\/p><p style=\"font-weight: 400\">\u00a0<\/p><p style=\"font-weight: 400\"><strong>2. organismo responsable<\/strong><\/p><p style=\"font-weight: 400\"><strong>MobilHybrid GmbH<\/strong><br \/>B\u00fcrgermeister-Wegele-Stra\u00dfe 12<br \/>86167 Augsburgo<\/p><p style=\"font-weight: 400\">Representado por: Dr. Michael Seehuber<br \/>Tel\u00e9fono: +49 (0)1578 3503438<br \/>Correo electr\u00f3nico: info@mobilhybrid.de<\/p><p style=\"font-weight: 400\">\u00a0<\/p><p style=\"font-weight: 400\"><strong>3. informaci\u00f3n general sobre el tratamiento de datos<\/strong><\/p><ul style=\"font-weight: 400\"><li>Tratamos sus datos personales de forma confidencial y de acuerdo con la normativa legal de protecci\u00f3n de datos (GDPR, BDSG, Ley de Servicios Digitales [DDG] y Ley de Protecci\u00f3n de Datos de Servicios Digitales de Telecomunicaciones [TDDDG]).<\/li><li>El tratamiento de datos s\u00f3lo tiene lugar para los fines aqu\u00ed indicados.<\/li><li>Nos gustar\u00eda se\u00f1alar que la transmisi\u00f3n de datos a trav\u00e9s de Internet (por ejemplo, la comunicaci\u00f3n por correo electr\u00f3nico) puede estar sujeta a vulnerabilidades de seguridad.<\/li><\/ul><p style=\"font-weight: 400\">\u00a0<\/p><p style=\"font-weight: 400\"><strong>4. sus derechos<\/strong><\/p><p style=\"font-weight: 400\">Tiene derecho a hacerlo en cualquier momento:<\/p><ul style=\"font-weight: 400\"><li>Informaci\u00f3n (Art. 15 GDPR)<\/li><li>Rectificaci\u00f3n (Art. 16 GDPR)<\/li><li>Supresi\u00f3n (Art. 17 GDPR)<\/li><li>Restricci\u00f3n del tratamiento (Art. 18 GDPR)<\/li><li>Objeci\u00f3n al tratamiento (Art. 21 GDPR)<\/li><li>Portabilidad de datos (Art. 20 GDPR)<\/li><li>Revocaci\u00f3n de un consentimiento dado (Art. 7 p\u00e1rrafo 3 GDPR)<\/li><li>Reclamaci\u00f3n a una autoridad de control (Art. 77 GDPR)<\/li><\/ul><p style=\"font-weight: 400\">\u00a0<\/p><p style=\"font-weight: 400\"><strong>5. recogida de datos en nuestro sitio web<\/strong><\/p><p><strong>a) Archivos de registro del servidor<\/strong><\/p><p style=\"font-weight: 400\">Cuando visita nuestro sitio web, el proveedor de alojamiento recopila datos autom\u00e1ticamente (por ejemplo, tipo de navegador, sistema operativo, URL de referencia, direcci\u00f3n IP, hora de acceso).<br \/>Base jur\u00eddica: Art. 6 apartado 1 lit. f GDPR (inter\u00e9s leg\u00edtimo en la prestaci\u00f3n segura).<\/p><p><strong>b) Formulario de contacto<\/strong><\/p><p style=\"font-weight: 400\">Si se pone en contacto con nosotros a trav\u00e9s del formulario, guardaremos los datos que nos proporcione (nombre, correo electr\u00f3nico, etc.) para responder a su consulta.<br \/>Base jur\u00eddica: Art. 6 apartado 1 lit. a GDPR (consentimiento).<\/p><p style=\"font-weight: 400\">\u00a0<\/p><p style=\"font-weight: 400\"><strong>6. cookies y consentimiento<\/strong><\/p><p style=\"font-weight: 400\">Nuestro sitio web utiliza cookies y tecnolog\u00edas similares.<\/p><ul style=\"font-weight: 400\"><li><strong>Cookies necesarias<\/strong>Base jur\u00eddica Art. 6 para. 1 lit. f GDPR.<\/li><li><strong>Cookies de an\u00e1lisis\/marketing<\/strong>Base jur\u00eddica Art. 6 p\u00e1rr. 1 lit. a GDPR en relaci\u00f3n con \u00a7 25 p\u00e1rr. 1 TDDDG (s\u00f3lo con consentimiento a trav\u00e9s de banner de cookies).<br \/>Puede revocar su consentimiento en cualquier momento a trav\u00e9s del banner de cookies.<\/li><\/ul><p style=\"font-weight: 400\">\u00a0<\/p><p style=\"font-weight: 400\"><strong>7. herramientas de an\u00e1lisis y seguimiento<\/strong><\/p><p style=\"font-weight: 400\"><strong>Google Analytics<\/strong><\/p><p style=\"font-weight: 400\">Utilizamos Google Analytics (proveedor: Google Ireland Limited, Dubl\u00edn, Irlanda) para analizar el comportamiento de los usuarios.<\/p><ul style=\"font-weight: 400\"><li>Se utilizan cookies y tecnolog\u00edas similares.<\/li><li>La anonimizaci\u00f3n de IP est\u00e1 activada.<\/li><li>Los datos pueden transferirse a Estados Unidos (base jur\u00eddica: cl\u00e1usulas contractuales tipo de la Comisi\u00f3n Europea).<\/li><\/ul><p>\u00a0<\/p><p style=\"font-weight: 400\"><strong>Base jur\u00eddica:<\/strong>\u00a0Consentimiento (Art. 6 p\u00e1rr. 1 lit. a GDPR, \u00a7 25 p\u00e1rr. 1 TDDDG).<br \/>Puede revocar su consentimiento en cualquier momento a trav\u00e9s del banner de cookies.<\/p><p style=\"font-weight: 400\">M\u00e1s informaci\u00f3n:\u00a0<a href=\"https:\/\/policies.google.com\/privacy?hl=de\">Pol\u00edtica de privacidad de Google<\/a><\/p><p style=\"font-weight: 400\"><strong>Consola de b\u00fasqueda de Google<\/strong><\/p><p style=\"font-weight: 400\">Utilizamos Google Search Console para la optimizaci\u00f3n t\u00e9cnica de nuestro sitio web (por ejemplo, an\u00e1lisis de errores, visibilidad en los motores de b\u00fasqueda).<br \/>En el proceso\u00a0<strong>no se tratan datos personales de los visitantes<\/strong>sino \u00fanicamente datos t\u00e9cnicos del sitio web.<\/p><p style=\"font-weight: 400\"><strong>Google Ads y seguimiento de conversiones<\/strong><\/p><p style=\"font-weight: 400\">Utilizamos Google Ads Conversion Tracking para medir el \u00e9xito de los anuncios.<br \/>Al hacer clic en un anuncio, se instala una cookie que caduca a los 30 d\u00edas.<\/p><p style=\"font-weight: 400\"><strong>Base jur\u00eddica:<\/strong>\u00a0Consentimiento (Art. 6 p\u00e1rr. 1 lit. a GDPR, \u00a7 25 p\u00e1rr. 1 TDDDG).<\/p><p style=\"font-weight: 400\"><strong>Google reCAPTCHA<\/strong><\/p><p style=\"font-weight: 400\">Utilizamos reCAPTCHA para evitar el abuso por parte de robots automatizados.<br \/>Los datos de uso (por ejemplo, direcci\u00f3n IP, movimientos del rat\u00f3n) se transmiten a Google.<\/p><p style=\"font-weight: 400\"><strong>Base jur\u00eddica:<\/strong>\u00a0Consentimiento (Art. 6 p\u00e1rrafo 1 lit. a GDPR).<\/p><p style=\"font-weight: 400\">\u00a0<\/p><p style=\"font-weight: 400\"><strong>8. plugins y herramientas<\/strong><\/p><p style=\"font-weight: 400\"><strong>YouTube<\/strong><\/p><p style=\"font-weight: 400\">Nuestro sitio web integra v\u00eddeos de YouTube.<br \/>Cuando reproduces un v\u00eddeo, se transmiten datos a Google\/YouTube.<\/p><p style=\"font-weight: 400\"><strong>Base jur\u00eddica:<\/strong>\u00a0Consentimiento (Art. 6 p\u00e1rrafo 1 lit. a GDPR).<\/p><p style=\"font-weight: 400\"><strong>Fuentes Google<\/strong><\/p><p style=\"font-weight: 400\">Nuestro sitio web utiliza Google Fonts para la visualizaci\u00f3n normalizada de fuentes.<br \/>Esto establece una conexi\u00f3n con los servidores de Google.<\/p><p style=\"font-weight: 400\"><strong>Base jur\u00eddica:<\/strong>\u00a0Consentimiento (Art. 6 p\u00e1rrafo 1 lit. a GDPR).<\/p><p style=\"font-weight: 400\">\u00a0<\/p><p style=\"font-weight: 400\"><strong>9. alojamiento<\/strong><\/p><p style=\"font-weight: 400\">Nuestro alojamiento tiene lugar en:<br \/><strong>IONOS by 1&amp;1, 1&amp;1 Versatel Deutschland GmbH, Wanheimer Str. 90, 40468 D\u00fcsseldorf<\/strong>.<\/p><p style=\"font-weight: 400\">Existe un contrato para la tramitaci\u00f3n de pedidos (AVV) de conformidad con el art\u00edculo 28 del GDPR.<\/p><p style=\"font-weight: 400\">\u00a0<\/p><p style=\"font-weight: 400\"><strong>10. seguridad de los datos<\/strong><\/p><p style=\"font-weight: 400\">Utilizamos cifrado SSL\/TLS en todo el sitio.<br \/>Nuestros sistemas se actualizan t\u00e9cnicamente con regularidad para evitar accesos no autorizados.<\/p><p style=\"font-weight: 400\">\u00a0<\/p><p style=\"font-weight: 400\"><strong>11. actualidad<\/strong><\/p><p style=\"font-weight: 400\">Esta pol\u00edtica de privacidad es v\u00e1lida desde\u00a0<strong>Enero de 2025<\/strong>.<br \/>Nuevos requisitos legales o avances t\u00e9cnicos pueden hacer necesario un ajuste.<\/p>\t\t\t\t\t\t\t\t<\/div>\n\t\t\t\t<\/div>\n\t\t\t\t\t<\/div>\n\t\t\t\t<\/div>\n\t\t\t\t<\/div>","protected":false},"excerpt":{"rendered":"<p>Declaraci\u00f3n de protecci\u00f3n de datos 1. Protecci\u00f3n de datos de un vistazo Informaci\u00f3n general La siguiente informaci\u00f3n proporciona una visi\u00f3n general sencilla de lo que ocurre con sus datos personales cuando visita nuestro sitio web.Los datos personales son todos los datos que se pueden utilizar para identificarle personalmente.Para obtener informaci\u00f3n detallada, consulte la declaraci\u00f3n de protecci\u00f3n de datos completa a continuaci\u00f3n.   2. organismo responsable MobilHybrid GmbHB\u00fcrgermeister-Wegele-Stra\u00dfe 1286167 Augsburg [...]<\/p>","protected":false},"author":6,"featured_media":0,"parent":0,"menu_order":0,"comment_status":"closed","ping_status":"closed","template":"","meta":{"footnotes":""},"class_list":["post-3652","page","type-page","status-publish","hentry"],"yoast_head":"<!-- This site is optimized with the Yoast SEO plugin v26.6 - https:\/\/yoast.com\/wordpress\/plugins\/seo\/ -->\n<title>Datenschutzerkl\u00e4rung - MobilHybrid<\/title>\n<meta name=\"robots\" content=\"index, follow, max-snippet:-1, max-image-preview:large, max-video-preview:-1\" \/>\n<link rel=\"canonical\" href=\"https:\/\/mobilhybrid.de\/es\/declaracion-de-proteccion-de-datos\/\" \/>\n<meta property=\"og:locale\" content=\"es_ES\" \/>\n<meta property=\"og:type\" content=\"article\" \/>\n<meta property=\"og:title\" content=\"Datenschutzerkl\u00e4rung - MobilHybrid\" \/>\n<meta property=\"og:description\" content=\"Datenschutzerkl\u00e4rung 1. Datenschutz auf einen Blick Allgemeine Hinweise Die folgenden Hinweise geben einen einfachen \u00dcberblick dar\u00fcber, was mit Ihren personenbezogenen Daten passiert, wenn Sie unsere Website besuchen.Personenbezogene Daten sind alle Daten, mit denen Sie pers\u00f6nlich identifiziert werden k\u00f6nnen.Ausf\u00fchrliche Informationen entnehmen Sie bitte der vollst\u00e4ndigen Datenschutzerkl\u00e4rung weiter unten. \u00a0 2. Verantwortliche Stelle MobilHybrid GmbHB\u00fcrgermeister-Wegele-Stra\u00dfe 1286167 Augsburg [&hellip;]\" \/>\n<meta property=\"og:url\" content=\"https:\/\/mobilhybrid.de\/es\/declaracion-de-proteccion-de-datos\/\" \/>\n<meta property=\"og:site_name\" content=\"MobilHybrid\" \/>\n<meta property=\"article:publisher\" content=\"https:\/\/www.facebook.com\/MobilHybrid\/\" \/>\n<meta property=\"article:modified_time\" content=\"2025-10-03T18:59:40+00:00\" \/>\n<meta property=\"og:image\" content=\"https:\/\/mobilhybrid.de\/wp-content\/uploads\/2024\/04\/MH-8-1.jpg\" \/>\n\t<meta property=\"og:image:width\" content=\"1000\" \/>\n\t<meta property=\"og:image:height\" content=\"1000\" \/>\n\t<meta property=\"og:image:type\" content=\"image\/jpeg\" \/>\n<meta name=\"twitter:card\" content=\"summary_large_image\" \/>\n<script type=\"application\/ld+json\" class=\"yoast-schema-graph\">{\"@context\":\"https:\/\/schema.org\",\"@graph\":[{\"@type\":\"WebPage\",\"@id\":\"https:\/\/mobilhybrid.de\/datenschutzerklaerung\/\",\"url\":\"https:\/\/mobilhybrid.de\/datenschutzerklaerung\/\",\"name\":\"Datenschutzerkl\u00e4rung - MobilHybrid\",\"isPartOf\":{\"@id\":\"https:\/\/mobilhybrid.de\/#website\"},\"datePublished\":\"2024-01-28T12:31:43+00:00\",\"dateModified\":\"2025-10-03T18:59:40+00:00\",\"breadcrumb\":{\"@id\":\"https:\/\/mobilhybrid.de\/datenschutzerklaerung\/#breadcrumb\"},\"inLanguage\":\"es\",\"potentialAction\":[{\"@type\":\"ReadAction\",\"target\":[\"https:\/\/mobilhybrid.de\/datenschutzerklaerung\/\"]}]},{\"@type\":\"BreadcrumbList\",\"@id\":\"https:\/\/mobilhybrid.de\/datenschutzerklaerung\/#breadcrumb\",\"itemListElement\":[{\"@type\":\"ListItem\",\"position\":1,\"name\":\"Home\",\"item\":\"https:\/\/mobilhybrid.de\/\"},{\"@type\":\"ListItem\",\"position\":2,\"name\":\"Datenschutzerkl\u00e4rung\"}]},{\"@type\":\"WebSite\",\"@id\":\"https:\/\/mobilhybrid.de\/#website\",\"url\":\"https:\/\/mobilhybrid.de\/\",\"name\":\"MobilHybrid\",\"description\":\"die autarke, mobile netzunabh\u00e4ngige Stromversorgung\",\"publisher\":{\"@id\":\"https:\/\/mobilhybrid.de\/#organization\"},\"potentialAction\":[{\"@type\":\"SearchAction\",\"target\":{\"@type\":\"EntryPoint\",\"urlTemplate\":\"https:\/\/mobilhybrid.de\/?s={search_term_string}\"},\"query-input\":{\"@type\":\"PropertyValueSpecification\",\"valueRequired\":true,\"valueName\":\"search_term_string\"}}],\"inLanguage\":\"es\"},{\"@type\":\"Organization\",\"@id\":\"https:\/\/mobilhybrid.de\/#organization\",\"name\":\"MobilHybrid GmbH\",\"url\":\"https:\/\/mobilhybrid.de\/\",\"logo\":{\"@type\":\"ImageObject\",\"inLanguage\":\"es\",\"@id\":\"https:\/\/mobilhybrid.de\/#\/schema\/logo\/image\/\",\"url\":\"https:\/\/mobilhybrid.de\/wp-content\/uploads\/2020\/04\/152.png\",\"contentUrl\":\"https:\/\/mobilhybrid.de\/wp-content\/uploads\/2020\/04\/152.png\",\"width\":152,\"height\":152,\"caption\":\"MobilHybrid GmbH\"},\"image\":{\"@id\":\"https:\/\/mobilhybrid.de\/#\/schema\/logo\/image\/\"},\"sameAs\":[\"https:\/\/www.facebook.com\/MobilHybrid\/\",\"https:\/\/www.instagram.com\/_mobilhybrid_\/?hl=de\",\"https:\/\/www.youtube.com\/@pv4lifegmbh476\",\"https:\/\/de.linkedin.com\/company\/mobilhybrid-ug\"]}]}<\/script>\n<!-- \/ Yoast SEO plugin. -->","yoast_head_json":{"title":"Pol\u00edtica de privacidad - MobilHybrid","robots":{"index":"index","follow":"follow","max-snippet":"max-snippet:-1","max-image-preview":"max-image-preview:large","max-video-preview":"max-video-preview:-1"},"canonical":"https:\/\/mobilhybrid.de\/es\/declaracion-de-proteccion-de-datos\/","og_locale":"es_ES","og_type":"article","og_title":"Datenschutzerkl\u00e4rung - MobilHybrid","og_description":"Datenschutzerkl\u00e4rung 1. Datenschutz auf einen Blick Allgemeine Hinweise Die folgenden Hinweise geben einen einfachen \u00dcberblick dar\u00fcber, was mit Ihren personenbezogenen Daten passiert, wenn Sie unsere Website besuchen.Personenbezogene Daten sind alle Daten, mit denen Sie pers\u00f6nlich identifiziert werden k\u00f6nnen.Ausf\u00fchrliche Informationen entnehmen Sie bitte der vollst\u00e4ndigen Datenschutzerkl\u00e4rung weiter unten. \u00a0 2. Verantwortliche Stelle MobilHybrid GmbHB\u00fcrgermeister-Wegele-Stra\u00dfe 1286167 Augsburg [&hellip;]","og_url":"https:\/\/mobilhybrid.de\/es\/declaracion-de-proteccion-de-datos\/","og_site_name":"MobilHybrid","article_publisher":"https:\/\/www.facebook.com\/MobilHybrid\/","article_modified_time":"2025-10-03T18:59:40+00:00","og_image":[{"width":1000,"height":1000,"url":"https:\/\/mobilhybrid.de\/wp-content\/uploads\/2024\/04\/MH-8-1.jpg","type":"image\/jpeg"}],"twitter_card":"summary_large_image","schema":{"@context":"https:\/\/schema.org","@graph":[{"@type":"WebPage","@id":"https:\/\/mobilhybrid.de\/datenschutzerklaerung\/","url":"https:\/\/mobilhybrid.de\/datenschutzerklaerung\/","name":"Pol\u00edtica de privacidad - MobilHybrid","isPartOf":{"@id":"https:\/\/mobilhybrid.de\/#website"},"datePublished":"2024-01-28T12:31:43+00:00","dateModified":"2025-10-03T18:59:40+00:00","breadcrumb":{"@id":"https:\/\/mobilhybrid.de\/datenschutzerklaerung\/#breadcrumb"},"inLanguage":"es","potentialAction":[{"@type":"ReadAction","target":["https:\/\/mobilhybrid.de\/datenschutzerklaerung\/"]}]},{"@type":"BreadcrumbList","@id":"https:\/\/mobilhybrid.de\/datenschutzerklaerung\/#breadcrumb","itemListElement":[{"@type":"ListItem","position":1,"name":"Home","item":"https:\/\/mobilhybrid.de\/"},{"@type":"ListItem","position":2,"name":"Datenschutzerkl\u00e4rung"}]},{"@type":"WebSite","@id":"https:\/\/mobilhybrid.de\/#website","url":"https:\/\/mobilhybrid.de\/","name":"MobilHybrid","description":"el suministro de energ\u00eda autosuficiente, m\u00f3vil y fuera de la red","publisher":{"@id":"https:\/\/mobilhybrid.de\/#organization"},"potentialAction":[{"@type":"SearchAction","target":{"@type":"EntryPoint","urlTemplate":"https:\/\/mobilhybrid.de\/?s={search_term_string}"},"query-input":{"@type":"PropertyValueSpecification","valueRequired":true,"valueName":"search_term_string"}}],"inLanguage":"es"},{"@type":"Organization","@id":"https:\/\/mobilhybrid.de\/#organization","name":"MobilHybrid GmbH","url":"https:\/\/mobilhybrid.de\/","logo":{"@type":"ImageObject","inLanguage":"es","@id":"https:\/\/mobilhybrid.de\/#\/schema\/logo\/image\/","url":"https:\/\/mobilhybrid.de\/wp-content\/uploads\/2020\/04\/152.png","contentUrl":"https:\/\/mobilhybrid.de\/wp-content\/uploads\/2020\/04\/152.png","width":152,"height":152,"caption":"MobilHybrid GmbH"},"image":{"@id":"https:\/\/mobilhybrid.de\/#\/schema\/logo\/image\/"},"sameAs":["https:\/\/www.facebook.com\/MobilHybrid\/","https:\/\/www.instagram.com\/_mobilhybrid_\/?hl=de","https:\/\/www.youtube.com\/@pv4lifegmbh476","https:\/\/de.linkedin.com\/company\/mobilhybrid-ug"]}]}},"_links":{"self":[{"href":"https:\/\/mobilhybrid.de\/es\/wp-json\/wp\/v2\/pages\/3652","targetHints":{"allow":["GET"]}}],"collection":[{"href":"https:\/\/mobilhybrid.de\/es\/wp-json\/wp\/v2\/pages"}],"about":[{"href":"https:\/\/mobilhybrid.de\/es\/wp-json\/wp\/v2\/types\/page"}],"author":[{"embeddable":true,"href":"https:\/\/mobilhybrid.de\/es\/wp-json\/wp\/v2\/users\/6"}],"replies":[{"embeddable":true,"href":"https:\/\/mobilhybrid.de\/es\/wp-json\/wp\/v2\/comments?post=3652"}],"version-history":[{"count":11,"href":"https:\/\/mobilhybrid.de\/es\/wp-json\/wp\/v2\/pages\/3652\/revisions"}],"predecessor-version":[{"id":4465,"href":"https:\/\/mobilhybrid.de\/es\/wp-json\/wp\/v2\/pages\/3652\/revisions\/4465"}],"wp:attachment":[{"href":"https:\/\/mobilhybrid.de\/es\/wp-json\/wp\/v2\/media?parent=3652"}],"curies":[{"name":"wp","href":"https:\/\/api.w.org\/{rel}","templated":true}]}}