{"id":1133,"date":"2020-04-13T16:48:24","date_gmt":"2020-04-13T14:48:24","guid":{"rendered":"https:\/\/mhdemo.local\/?post_type=product&#038;p=1133"},"modified":"2025-07-06T15:54:06","modified_gmt":"2025-07-06T13:54:06","slug":"mh-8","status":"publish","type":"product","link":"https:\/\/mobilhybrid.de\/es\/producto\/mh-8\/","title":{"rendered":"MH-8"},"content":{"rendered":"<p>En <strong><span style=\"color: #58a332;\">M<\/span><\/strong>obil<strong><span style=\"color: #58a332;\">H<\/span><\/strong>ybrid <strong><span style=\"color: #58a332;\">MH<\/span><\/strong>-8 es un sistema vers\u00e1til de almacenamiento de energ\u00eda ideal para una amplia gama de aplicaciones. Su tama\u00f1o compacto y su potente tecnolog\u00eda de bater\u00edas lo convierten en la soluci\u00f3n perfecta para:<\/p>\n<p><strong>1. obras peque\u00f1as<\/strong>En <strong><span style=\"color: #58a332;\">MH<\/span><\/strong>-8 proporciona la energ\u00eda necesaria para abastecer eficazmente a las obras m\u00e1s peque\u00f1as. Funciona tanto con gas\u00f3leo como sin \u00e9l y garantiza un suministro el\u00e9ctrico fiable, especialmente durante las horas de poca carga nocturna.<\/p>\n<p><strong>2. suministro el\u00e9ctrico autosuficiente para oficinas y contenedores sociales<\/strong>En combinaci\u00f3n con nuestro sistema fotovoltaico para contenedores, el <strong><span style=\"color: #58a332;\">MH<\/span><\/strong>-8 para un suministro de energ\u00eda autosuficiente para contenedores de oficina y sociales. Puedes operar tus contenedores de forma independiente con energ\u00eda limpia.<\/p>\n<p><strong>3. carga de dispositivos alimentados por bater\u00eda<\/strong>En <strong><span style=\"color: #58a332;\">MH<\/span><\/strong>-8 es ideal para cargar dispositivos alimentados por bater\u00eda, ya sea en obras, eventos o zonas remotas. Siempre tendr\u00e1s a mano una fuente de alimentaci\u00f3n fiable.<\/p>\n<p><strong>4. suministro de iluminaci\u00f3n, sistemas de vigilancia, ordenadores, etc.<\/strong>: Utiliza el <strong><span style=\"color: #58a332;\">MH<\/span><\/strong>-8 para suministrar energ\u00eda a la iluminaci\u00f3n, los sistemas de vigilancia, los ordenadores y otros dispositivos electr\u00f3nicos. Garantiza un funcionamiento sin problemas.<\/p>","protected":false},"excerpt":{"rendered":"<p>En <strong><span style=\"color: #58a332;\">M<\/span><\/strong>obil<strong><span style=\"color: #58a332;\">H<\/span><\/strong>ybrid <strong><span style=\"color: #58a332;\">MH<\/span><\/strong>-8 est\u00e1 dise\u00f1ado para satisfacer sus necesidades con flexibilidad y proporcionarle una fuente de energ\u00eda fiable all\u00ed donde la necesite. Con una tecnolog\u00eda respetuosa con el medio ambiente y un dise\u00f1o eficiente, puede aprovechar las ventajas de la energ\u00eda limpia en diversos escenarios.<\/p>","protected":false},"featured_media":3958,"comment_status":"closed","ping_status":"closed","template":"","meta":[],"product_brand":[],"product_cat":[68,34],"product_tag":[],"class_list":{"0":"post-1133","1":"product","2":"type-product","3":"status-publish","4":"has-post-thumbnail","6":"product_cat-bg-b","7":"product_cat-mobilhybrid","9":"first","10":"instock","11":"shipping-taxable","12":"product-type-simple"},"yoast_head":"<!-- This site is optimized with the Yoast SEO plugin v26.6 - https:\/\/yoast.com\/wordpress\/plugins\/seo\/ -->\n<title>MobilHybrid MH-8: Vielseitiger Energiespeicher f\u00fcr Bau &amp; mehr<\/title>\n<meta name=\"description\" content=\"Der MobilHybrid MH-8 liefert zuverl\u00e4ssige Energie f\u00fcr Baustellen, B\u00fcrocontainer und mobile Ger\u00e4te. Kompakt, leistungsstark und vielseitig einsetzbar.\" \/>\n<meta name=\"robots\" content=\"index, follow, max-snippet:-1, max-image-preview:large, max-video-preview:-1\" \/>\n<link rel=\"canonical\" href=\"https:\/\/mobilhybrid.de\/es\/producto\/mh-8\/\" \/>\n<meta property=\"og:locale\" content=\"es_ES\" \/>\n<meta property=\"og:type\" content=\"article\" \/>\n<meta property=\"og:title\" content=\"MobilHybrid MH-8: Vielseitiger Energiespeicher f\u00fcr Bau &amp; mehr\" \/>\n<meta property=\"og:description\" content=\"Der MobilHybrid MH-8 liefert zuverl\u00e4ssige Energie f\u00fcr Baustellen, B\u00fcrocontainer und mobile Ger\u00e4te. Kompakt, leistungsstark und vielseitig einsetzbar.\" \/>\n<meta property=\"og:url\" content=\"https:\/\/mobilhybrid.de\/es\/producto\/mh-8\/\" \/>\n<meta property=\"og:site_name\" content=\"MobilHybrid\" \/>\n<meta property=\"article:publisher\" content=\"https:\/\/www.facebook.com\/MobilHybrid\/\" \/>\n<meta property=\"article:modified_time\" content=\"2025-07-06T13:54:06+00:00\" \/>\n<meta property=\"og:image\" content=\"https:\/\/mobilhybrid.de\/wp-content\/uploads\/2024\/04\/MH-8-1.jpg\" \/>\n\t<meta property=\"og:image:width\" content=\"1000\" \/>\n\t<meta property=\"og:image:height\" content=\"1000\" \/>\n\t<meta property=\"og:image:type\" content=\"image\/jpeg\" \/>\n<meta name=\"twitter:card\" content=\"summary_large_image\" \/>\n<script type=\"application\/ld+json\" class=\"yoast-schema-graph\">{\"@context\":\"https:\/\/schema.org\",\"@graph\":[{\"@type\":\"WebPage\",\"@id\":\"https:\/\/mobilhybrid.de\/product\/mh-8\/\",\"url\":\"https:\/\/mobilhybrid.de\/product\/mh-8\/\",\"name\":\"MobilHybrid MH-8: Vielseitiger Energiespeicher f\u00fcr Bau & mehr\",\"isPartOf\":{\"@id\":\"https:\/\/mobilhybrid.de\/#website\"},\"primaryImageOfPage\":{\"@id\":\"https:\/\/mobilhybrid.de\/product\/mh-8\/#primaryimage\"},\"image\":{\"@id\":\"https:\/\/mobilhybrid.de\/product\/mh-8\/#primaryimage\"},\"thumbnailUrl\":\"https:\/\/mobilhybrid.de\/wp-content\/uploads\/2024\/04\/MH-8-1.jpg\",\"datePublished\":\"2020-04-13T14:48:24+00:00\",\"dateModified\":\"2025-07-06T13:54:06+00:00\",\"description\":\"Der MobilHybrid MH-8 liefert zuverl\u00e4ssige Energie f\u00fcr Baustellen, B\u00fcrocontainer und mobile Ger\u00e4te. Kompakt, leistungsstark und vielseitig einsetzbar.\",\"breadcrumb\":{\"@id\":\"https:\/\/mobilhybrid.de\/product\/mh-8\/#breadcrumb\"},\"inLanguage\":\"es\",\"potentialAction\":[{\"@type\":\"ReadAction\",\"target\":[\"https:\/\/mobilhybrid.de\/product\/mh-8\/\"]}]},{\"@type\":\"ImageObject\",\"inLanguage\":\"es\",\"@id\":\"https:\/\/mobilhybrid.de\/product\/mh-8\/#primaryimage\",\"url\":\"https:\/\/mobilhybrid.de\/wp-content\/uploads\/2024\/04\/MH-8-1.jpg\",\"contentUrl\":\"https:\/\/mobilhybrid.de\/wp-content\/uploads\/2024\/04\/MH-8-1.jpg\",\"width\":1000,\"height\":1000,\"caption\":\"MobilHybrid MH-8\"},{\"@type\":\"BreadcrumbList\",\"@id\":\"https:\/\/mobilhybrid.de\/product\/mh-8\/#breadcrumb\",\"itemListElement\":[{\"@type\":\"ListItem\",\"position\":1,\"name\":\"Home\",\"item\":\"https:\/\/mobilhybrid.de\/\"},{\"@type\":\"ListItem\",\"position\":2,\"name\":\"Produkte\",\"item\":\"https:\/\/mobilhybrid.de\/shop\/\"},{\"@type\":\"ListItem\",\"position\":3,\"name\":\"MH-8\"}]},{\"@type\":\"WebSite\",\"@id\":\"https:\/\/mobilhybrid.de\/#website\",\"url\":\"https:\/\/mobilhybrid.de\/\",\"name\":\"MobilHybrid\",\"description\":\"die autarke, mobile netzunabh\u00e4ngige Stromversorgung\",\"publisher\":{\"@id\":\"https:\/\/mobilhybrid.de\/#organization\"},\"potentialAction\":[{\"@type\":\"SearchAction\",\"target\":{\"@type\":\"EntryPoint\",\"urlTemplate\":\"https:\/\/mobilhybrid.de\/?s={search_term_string}\"},\"query-input\":{\"@type\":\"PropertyValueSpecification\",\"valueRequired\":true,\"valueName\":\"search_term_string\"}}],\"inLanguage\":\"es\"},{\"@type\":\"Organization\",\"@id\":\"https:\/\/mobilhybrid.de\/#organization\",\"name\":\"MobilHybrid GmbH\",\"url\":\"https:\/\/mobilhybrid.de\/\",\"logo\":{\"@type\":\"ImageObject\",\"inLanguage\":\"es\",\"@id\":\"https:\/\/mobilhybrid.de\/#\/schema\/logo\/image\/\",\"url\":\"https:\/\/mobilhybrid.de\/wp-content\/uploads\/2020\/04\/152.png\",\"contentUrl\":\"https:\/\/mobilhybrid.de\/wp-content\/uploads\/2020\/04\/152.png\",\"width\":152,\"height\":152,\"caption\":\"MobilHybrid GmbH\"},\"image\":{\"@id\":\"https:\/\/mobilhybrid.de\/#\/schema\/logo\/image\/\"},\"sameAs\":[\"https:\/\/www.facebook.com\/MobilHybrid\/\",\"https:\/\/www.instagram.com\/_mobilhybrid_\/?hl=de\",\"https:\/\/www.youtube.com\/@pv4lifegmbh476\",\"https:\/\/de.linkedin.com\/company\/mobilhybrid-ug\"]}]}<\/script>\n<!-- \/ Yoast SEO plugin. -->","yoast_head_json":{"title":"MobilHybrid MH-8: Almacenamiento de energ\u00eda vers\u00e1til para la construcci\u00f3n y m\u00e1s","description":"El MobilHybrid MH-8 suministra energ\u00eda fiable para obras, contenedores de oficina y dispositivos m\u00f3viles. Compacto, potente y vers\u00e1til.","robots":{"index":"index","follow":"follow","max-snippet":"max-snippet:-1","max-image-preview":"max-image-preview:large","max-video-preview":"max-video-preview:-1"},"canonical":"https:\/\/mobilhybrid.de\/es\/producto\/mh-8\/","og_locale":"es_ES","og_type":"article","og_title":"MobilHybrid MH-8: Vielseitiger Energiespeicher f\u00fcr Bau & mehr","og_description":"Der MobilHybrid MH-8 liefert zuverl\u00e4ssige Energie f\u00fcr Baustellen, B\u00fcrocontainer und mobile Ger\u00e4te. Kompakt, leistungsstark und vielseitig einsetzbar.","og_url":"https:\/\/mobilhybrid.de\/es\/producto\/mh-8\/","og_site_name":"MobilHybrid","article_publisher":"https:\/\/www.facebook.com\/MobilHybrid\/","article_modified_time":"2025-07-06T13:54:06+00:00","og_image":[{"width":1000,"height":1000,"url":"https:\/\/mobilhybrid.de\/wp-content\/uploads\/2024\/04\/MH-8-1.jpg","type":"image\/jpeg"}],"twitter_card":"summary_large_image","schema":{"@context":"https:\/\/schema.org","@graph":[{"@type":"WebPage","@id":"https:\/\/mobilhybrid.de\/product\/mh-8\/","url":"https:\/\/mobilhybrid.de\/product\/mh-8\/","name":"MobilHybrid MH-8: Almacenamiento de energ\u00eda vers\u00e1til para la construcci\u00f3n y m\u00e1s","isPartOf":{"@id":"https:\/\/mobilhybrid.de\/#website"},"primaryImageOfPage":{"@id":"https:\/\/mobilhybrid.de\/product\/mh-8\/#primaryimage"},"image":{"@id":"https:\/\/mobilhybrid.de\/product\/mh-8\/#primaryimage"},"thumbnailUrl":"https:\/\/mobilhybrid.de\/wp-content\/uploads\/2024\/04\/MH-8-1.jpg","datePublished":"2020-04-13T14:48:24+00:00","dateModified":"2025-07-06T13:54:06+00:00","description":"El MobilHybrid MH-8 suministra energ\u00eda fiable para obras, contenedores de oficina y dispositivos m\u00f3viles. Compacto, potente y vers\u00e1til.","breadcrumb":{"@id":"https:\/\/mobilhybrid.de\/product\/mh-8\/#breadcrumb"},"inLanguage":"es","potentialAction":[{"@type":"ReadAction","target":["https:\/\/mobilhybrid.de\/product\/mh-8\/"]}]},{"@type":"ImageObject","inLanguage":"es","@id":"https:\/\/mobilhybrid.de\/product\/mh-8\/#primaryimage","url":"https:\/\/mobilhybrid.de\/wp-content\/uploads\/2024\/04\/MH-8-1.jpg","contentUrl":"https:\/\/mobilhybrid.de\/wp-content\/uploads\/2024\/04\/MH-8-1.jpg","width":1000,"height":1000,"caption":"MobilHybrid MH-8"},{"@type":"BreadcrumbList","@id":"https:\/\/mobilhybrid.de\/product\/mh-8\/#breadcrumb","itemListElement":[{"@type":"ListItem","position":1,"name":"Home","item":"https:\/\/mobilhybrid.de\/"},{"@type":"ListItem","position":2,"name":"Produkte","item":"https:\/\/mobilhybrid.de\/shop\/"},{"@type":"ListItem","position":3,"name":"MH-8"}]},{"@type":"WebSite","@id":"https:\/\/mobilhybrid.de\/#website","url":"https:\/\/mobilhybrid.de\/","name":"MobilHybrid","description":"el suministro de energ\u00eda autosuficiente, m\u00f3vil y fuera de la red","publisher":{"@id":"https:\/\/mobilhybrid.de\/#organization"},"potentialAction":[{"@type":"SearchAction","target":{"@type":"EntryPoint","urlTemplate":"https:\/\/mobilhybrid.de\/?s={search_term_string}"},"query-input":{"@type":"PropertyValueSpecification","valueRequired":true,"valueName":"search_term_string"}}],"inLanguage":"es"},{"@type":"Organization","@id":"https:\/\/mobilhybrid.de\/#organization","name":"MobilHybrid GmbH","url":"https:\/\/mobilhybrid.de\/","logo":{"@type":"ImageObject","inLanguage":"es","@id":"https:\/\/mobilhybrid.de\/#\/schema\/logo\/image\/","url":"https:\/\/mobilhybrid.de\/wp-content\/uploads\/2020\/04\/152.png","contentUrl":"https:\/\/mobilhybrid.de\/wp-content\/uploads\/2020\/04\/152.png","width":152,"height":152,"caption":"MobilHybrid GmbH"},"image":{"@id":"https:\/\/mobilhybrid.de\/#\/schema\/logo\/image\/"},"sameAs":["https:\/\/www.facebook.com\/MobilHybrid\/","https:\/\/www.instagram.com\/_mobilhybrid_\/?hl=de","https:\/\/www.youtube.com\/@pv4lifegmbh476","https:\/\/de.linkedin.com\/company\/mobilhybrid-ug"]}]}},"_links":{"self":[{"href":"https:\/\/mobilhybrid.de\/es\/wp-json\/wp\/v2\/product\/1133","targetHints":{"allow":["GET"]}}],"collection":[{"href":"https:\/\/mobilhybrid.de\/es\/wp-json\/wp\/v2\/product"}],"about":[{"href":"https:\/\/mobilhybrid.de\/es\/wp-json\/wp\/v2\/types\/product"}],"replies":[{"embeddable":true,"href":"https:\/\/mobilhybrid.de\/es\/wp-json\/wp\/v2\/comments?post=1133"}],"wp:featuredmedia":[{"embeddable":true,"href":"https:\/\/mobilhybrid.de\/es\/wp-json\/wp\/v2\/media\/3958"}],"wp:attachment":[{"href":"https:\/\/mobilhybrid.de\/es\/wp-json\/wp\/v2\/media?parent=1133"}],"wp:term":[{"taxonomy":"product_brand","embeddable":true,"href":"https:\/\/mobilhybrid.de\/es\/wp-json\/wp\/v2\/product_brand?post=1133"},{"taxonomy":"product_cat","embeddable":true,"href":"https:\/\/mobilhybrid.de\/es\/wp-json\/wp\/v2\/product_cat?post=1133"},{"taxonomy":"product_tag","embeddable":true,"href":"https:\/\/mobilhybrid.de\/es\/wp-json\/wp\/v2\/product_tag?post=1133"}],"curies":[{"name":"wp","href":"https:\/\/api.w.org\/{rel}","templated":true}]}}