{"id":1139,"date":"2020-04-13T17:14:32","date_gmt":"2020-04-13T15:14:32","guid":{"rendered":"https:\/\/mhdemo.local\/?post_type=product&#038;p=1139"},"modified":"2025-07-06T15:51:38","modified_gmt":"2025-07-06T13:51:38","slug":"mh-18","status":"publish","type":"product","link":"https:\/\/mobilhybrid.de\/es\/producto\/mh-18\/","title":{"rendered":"MH-18"},"content":{"rendered":"<p>En <strong><span style=\"color: #58a332;\">M<\/span><\/strong>obil<span style=\"color: #58a332;\"><strong>H<\/strong><\/span>ybrid <strong><span style=\"color: #58a332;\">MH<\/span><\/strong>-18 \/ 3ph es un potente sistema de almacenamiento de energ\u00eda para escenarios exigentes. Ofrece un rendimiento y una flexibilidad impresionantes y es ideal para:<\/p>\n<ol>\n<li><strong>Obras medianas y grandes:<\/strong> En <strong><span style=\"color: #58a332;\">MH<\/span><\/strong>-18 \/ 3ph suministra energ\u00eda de forma fiable a obras medianas y grandes. Funciona independientemente de una fuente de alimentaci\u00f3n di\u00e9sel y garantiza un suministro de energ\u00eda estable, especialmente por la noche.<\/li>\n<li><strong>Mayor rendimiento en las obras:<\/strong> En <strong><span style=\"color: #58a332;\">MH<\/span><\/strong>-18 \/ 3ph refuerza la conexi\u00f3n a la red cuando se necesita potencia adicional. Garantiza una alimentaci\u00f3n estable y cubre la mayor demanda de energ\u00eda.<\/li>\n<li><strong>Reducci\u00f3n de picos con una corriente de arranque elevada:<\/strong> En <strong><span style=\"color: #58a332;\">MH<\/span><\/strong>-18 \/ 3ph admite m\u00e1quinas con altas corrientes de arranque, como gr\u00faas, sierras o bombas. Permite reducir eficazmente los picos y estabilizar el consumo de energ\u00eda.<\/li>\n<li><strong>Fuente de alimentaci\u00f3n para m\u00e1quinas m\u00f3viles (220V\/400V):<\/strong> En <strong><span style=\"color: #58a332;\">MH<\/span><\/strong>-18 \/ 3ph suministra energ\u00eda para m\u00e1quinas m\u00f3viles con 220V y 400V. Esto es crucial para el buen funcionamiento en las obras de construcci\u00f3n y otros lugares.<\/li>\n<li><strong>Trabajos de mantenimiento para empresas ferroviarias:<\/strong> Las empresas ferroviarias utilizan el <strong><span style=\"color: #58a332;\">MH<\/span><\/strong>-18 \/ 3ph para el mantenimiento de agujas y v\u00edas, especialmente para soldadura y amolado. Garantiza un suministro el\u00e9ctrico fiable para estas tareas cr\u00edticas.<\/li>\n<\/ol>","protected":false},"excerpt":{"rendered":"<p>En <strong><span style=\"color: #58a332;\">M<\/span><\/strong>obil<strong><span style=\"color: #58a332;\">H<\/span><\/strong>ybrid <strong><span style=\"color: #58a332;\">MH<\/span><\/strong>-18 \/ 3ph ofrece una soluci\u00f3n energ\u00e9tica potente, fiable y flexible para una amplia gama de aplicaciones exigentes. Con el objetivo de satisfacer las necesidades energ\u00e9ticas minimizando el impacto medioambiental, el <strong><span style=\"color: #58a332;\">MH<\/span><\/strong>-18 \/ 3ph es la elecci\u00f3n correcta para el \u00e9xito de sus proyectos.<\/p>","protected":false},"featured_media":2326,"comment_status":"closed","ping_status":"closed","template":"","meta":[],"product_brand":[],"product_cat":[69,34],"product_tag":[],"class_list":{"0":"post-1139","1":"product","2":"type-product","3":"status-publish","4":"has-post-thumbnail","6":"product_cat-bg-c","7":"product_cat-mobilhybrid","9":"first","10":"instock","11":"shipping-taxable","12":"product-type-simple"},"yoast_head":"<!-- This site is optimized with the Yoast SEO plugin v26.6 - https:\/\/yoast.com\/wordpress\/plugins\/seo\/ -->\n<title>MobilHybrid MH-18 \u2013 Leistungsstarke, mobile Energieversorgung<\/title>\n<meta name=\"description\" content=\"Der MH-18 \/ 3ph bietet starke Leistung f\u00fcr mittlere bis gro\u00dfe Baustellen, Netzanschlusssteigerung, Peak-Shaving und mobile Maschinenversorgung.\" \/>\n<meta name=\"robots\" content=\"index, follow, max-snippet:-1, max-image-preview:large, max-video-preview:-1\" \/>\n<link rel=\"canonical\" href=\"https:\/\/mobilhybrid.de\/es\/producto\/mh-18\/\" \/>\n<meta property=\"og:locale\" content=\"es_ES\" \/>\n<meta property=\"og:type\" content=\"article\" \/>\n<meta property=\"og:title\" content=\"MobilHybrid MH-18 \u2013 Leistungsstarke, mobile Energieversorgung\" \/>\n<meta property=\"og:description\" content=\"Der MH-18 \/ 3ph bietet starke Leistung f\u00fcr mittlere bis gro\u00dfe Baustellen, Netzanschlusssteigerung, Peak-Shaving und mobile Maschinenversorgung.\" \/>\n<meta property=\"og:url\" content=\"https:\/\/mobilhybrid.de\/es\/producto\/mh-18\/\" \/>\n<meta property=\"og:site_name\" content=\"MobilHybrid\" \/>\n<meta property=\"article:publisher\" content=\"https:\/\/www.facebook.com\/MobilHybrid\/\" \/>\n<meta property=\"article:modified_time\" content=\"2025-07-06T13:51:38+00:00\" \/>\n<meta property=\"og:image\" content=\"https:\/\/mobilhybrid.de\/wp-content\/uploads\/2023\/09\/MH24.jpg\" \/>\n\t<meta property=\"og:image:width\" content=\"1000\" \/>\n\t<meta property=\"og:image:height\" content=\"1000\" \/>\n\t<meta property=\"og:image:type\" content=\"image\/jpeg\" \/>\n<meta name=\"twitter:card\" content=\"summary_large_image\" \/>\n<script type=\"application\/ld+json\" class=\"yoast-schema-graph\">{\"@context\":\"https:\/\/schema.org\",\"@graph\":[{\"@type\":\"WebPage\",\"@id\":\"https:\/\/mobilhybrid.de\/product\/mh-18\/\",\"url\":\"https:\/\/mobilhybrid.de\/product\/mh-18\/\",\"name\":\"MobilHybrid MH-18 \u2013 Leistungsstarke, mobile Energieversorgung\",\"isPartOf\":{\"@id\":\"https:\/\/mobilhybrid.de\/#website\"},\"primaryImageOfPage\":{\"@id\":\"https:\/\/mobilhybrid.de\/product\/mh-18\/#primaryimage\"},\"image\":{\"@id\":\"https:\/\/mobilhybrid.de\/product\/mh-18\/#primaryimage\"},\"thumbnailUrl\":\"https:\/\/mobilhybrid.de\/wp-content\/uploads\/2023\/09\/MH24.jpg\",\"datePublished\":\"2020-04-13T15:14:32+00:00\",\"dateModified\":\"2025-07-06T13:51:38+00:00\",\"description\":\"Der MH-18 \/ 3ph bietet starke Leistung f\u00fcr mittlere bis gro\u00dfe Baustellen, Netzanschlusssteigerung, Peak-Shaving und mobile Maschinenversorgung.\",\"breadcrumb\":{\"@id\":\"https:\/\/mobilhybrid.de\/product\/mh-18\/#breadcrumb\"},\"inLanguage\":\"es\",\"potentialAction\":[{\"@type\":\"ReadAction\",\"target\":[\"https:\/\/mobilhybrid.de\/product\/mh-18\/\"]}]},{\"@type\":\"ImageObject\",\"inLanguage\":\"es\",\"@id\":\"https:\/\/mobilhybrid.de\/product\/mh-18\/#primaryimage\",\"url\":\"https:\/\/mobilhybrid.de\/wp-content\/uploads\/2023\/09\/MH24.jpg\",\"contentUrl\":\"https:\/\/mobilhybrid.de\/wp-content\/uploads\/2023\/09\/MH24.jpg\",\"width\":1000,\"height\":1000,\"caption\":\"MobilHybrid MH-24\"},{\"@type\":\"BreadcrumbList\",\"@id\":\"https:\/\/mobilhybrid.de\/product\/mh-18\/#breadcrumb\",\"itemListElement\":[{\"@type\":\"ListItem\",\"position\":1,\"name\":\"Home\",\"item\":\"https:\/\/mobilhybrid.de\/\"},{\"@type\":\"ListItem\",\"position\":2,\"name\":\"Produkte\",\"item\":\"https:\/\/mobilhybrid.de\/shop\/\"},{\"@type\":\"ListItem\",\"position\":3,\"name\":\"MH-18\"}]},{\"@type\":\"WebSite\",\"@id\":\"https:\/\/mobilhybrid.de\/#website\",\"url\":\"https:\/\/mobilhybrid.de\/\",\"name\":\"MobilHybrid\",\"description\":\"die autarke, mobile netzunabh\u00e4ngige Stromversorgung\",\"publisher\":{\"@id\":\"https:\/\/mobilhybrid.de\/#organization\"},\"potentialAction\":[{\"@type\":\"SearchAction\",\"target\":{\"@type\":\"EntryPoint\",\"urlTemplate\":\"https:\/\/mobilhybrid.de\/?s={search_term_string}\"},\"query-input\":{\"@type\":\"PropertyValueSpecification\",\"valueRequired\":true,\"valueName\":\"search_term_string\"}}],\"inLanguage\":\"es\"},{\"@type\":\"Organization\",\"@id\":\"https:\/\/mobilhybrid.de\/#organization\",\"name\":\"MobilHybrid GmbH\",\"url\":\"https:\/\/mobilhybrid.de\/\",\"logo\":{\"@type\":\"ImageObject\",\"inLanguage\":\"es\",\"@id\":\"https:\/\/mobilhybrid.de\/#\/schema\/logo\/image\/\",\"url\":\"https:\/\/mobilhybrid.de\/wp-content\/uploads\/2020\/04\/152.png\",\"contentUrl\":\"https:\/\/mobilhybrid.de\/wp-content\/uploads\/2020\/04\/152.png\",\"width\":152,\"height\":152,\"caption\":\"MobilHybrid GmbH\"},\"image\":{\"@id\":\"https:\/\/mobilhybrid.de\/#\/schema\/logo\/image\/\"},\"sameAs\":[\"https:\/\/www.facebook.com\/MobilHybrid\/\",\"https:\/\/www.instagram.com\/_mobilhybrid_\/?hl=de\",\"https:\/\/www.youtube.com\/@pv4lifegmbh476\",\"https:\/\/de.linkedin.com\/company\/mobilhybrid-ug\"]}]}<\/script>\n<!-- \/ Yoast SEO plugin. -->","yoast_head_json":{"title":"MobilHybrid MH-18 - Fuente de alimentaci\u00f3n m\u00f3vil y potente","description":"El MH-18 \/ 3ph ofrece un potente rendimiento para obras medianas y grandes, refuerzo de la conexi\u00f3n a la red, reducci\u00f3n de picos y suministro de m\u00e1quinas m\u00f3viles.","robots":{"index":"index","follow":"follow","max-snippet":"max-snippet:-1","max-image-preview":"max-image-preview:large","max-video-preview":"max-video-preview:-1"},"canonical":"https:\/\/mobilhybrid.de\/es\/producto\/mh-18\/","og_locale":"es_ES","og_type":"article","og_title":"MobilHybrid MH-18 \u2013 Leistungsstarke, mobile Energieversorgung","og_description":"Der MH-18 \/ 3ph bietet starke Leistung f\u00fcr mittlere bis gro\u00dfe Baustellen, Netzanschlusssteigerung, Peak-Shaving und mobile Maschinenversorgung.","og_url":"https:\/\/mobilhybrid.de\/es\/producto\/mh-18\/","og_site_name":"MobilHybrid","article_publisher":"https:\/\/www.facebook.com\/MobilHybrid\/","article_modified_time":"2025-07-06T13:51:38+00:00","og_image":[{"width":1000,"height":1000,"url":"https:\/\/mobilhybrid.de\/wp-content\/uploads\/2023\/09\/MH24.jpg","type":"image\/jpeg"}],"twitter_card":"summary_large_image","schema":{"@context":"https:\/\/schema.org","@graph":[{"@type":"WebPage","@id":"https:\/\/mobilhybrid.de\/product\/mh-18\/","url":"https:\/\/mobilhybrid.de\/product\/mh-18\/","name":"MobilHybrid MH-18 - Fuente de alimentaci\u00f3n m\u00f3vil y potente","isPartOf":{"@id":"https:\/\/mobilhybrid.de\/#website"},"primaryImageOfPage":{"@id":"https:\/\/mobilhybrid.de\/product\/mh-18\/#primaryimage"},"image":{"@id":"https:\/\/mobilhybrid.de\/product\/mh-18\/#primaryimage"},"thumbnailUrl":"https:\/\/mobilhybrid.de\/wp-content\/uploads\/2023\/09\/MH24.jpg","datePublished":"2020-04-13T15:14:32+00:00","dateModified":"2025-07-06T13:51:38+00:00","description":"El MH-18 \/ 3ph ofrece un potente rendimiento para obras medianas y grandes, refuerzo de la conexi\u00f3n a la red, reducci\u00f3n de picos y suministro de m\u00e1quinas m\u00f3viles.","breadcrumb":{"@id":"https:\/\/mobilhybrid.de\/product\/mh-18\/#breadcrumb"},"inLanguage":"es","potentialAction":[{"@type":"ReadAction","target":["https:\/\/mobilhybrid.de\/product\/mh-18\/"]}]},{"@type":"ImageObject","inLanguage":"es","@id":"https:\/\/mobilhybrid.de\/product\/mh-18\/#primaryimage","url":"https:\/\/mobilhybrid.de\/wp-content\/uploads\/2023\/09\/MH24.jpg","contentUrl":"https:\/\/mobilhybrid.de\/wp-content\/uploads\/2023\/09\/MH24.jpg","width":1000,"height":1000,"caption":"MobilHybrid MH-24"},{"@type":"BreadcrumbList","@id":"https:\/\/mobilhybrid.de\/product\/mh-18\/#breadcrumb","itemListElement":[{"@type":"ListItem","position":1,"name":"Home","item":"https:\/\/mobilhybrid.de\/"},{"@type":"ListItem","position":2,"name":"Produkte","item":"https:\/\/mobilhybrid.de\/shop\/"},{"@type":"ListItem","position":3,"name":"MH-18"}]},{"@type":"WebSite","@id":"https:\/\/mobilhybrid.de\/#website","url":"https:\/\/mobilhybrid.de\/","name":"MobilHybrid","description":"el suministro de energ\u00eda autosuficiente, m\u00f3vil y fuera de la red","publisher":{"@id":"https:\/\/mobilhybrid.de\/#organization"},"potentialAction":[{"@type":"SearchAction","target":{"@type":"EntryPoint","urlTemplate":"https:\/\/mobilhybrid.de\/?s={search_term_string}"},"query-input":{"@type":"PropertyValueSpecification","valueRequired":true,"valueName":"search_term_string"}}],"inLanguage":"es"},{"@type":"Organization","@id":"https:\/\/mobilhybrid.de\/#organization","name":"MobilHybrid GmbH","url":"https:\/\/mobilhybrid.de\/","logo":{"@type":"ImageObject","inLanguage":"es","@id":"https:\/\/mobilhybrid.de\/#\/schema\/logo\/image\/","url":"https:\/\/mobilhybrid.de\/wp-content\/uploads\/2020\/04\/152.png","contentUrl":"https:\/\/mobilhybrid.de\/wp-content\/uploads\/2020\/04\/152.png","width":152,"height":152,"caption":"MobilHybrid GmbH"},"image":{"@id":"https:\/\/mobilhybrid.de\/#\/schema\/logo\/image\/"},"sameAs":["https:\/\/www.facebook.com\/MobilHybrid\/","https:\/\/www.instagram.com\/_mobilhybrid_\/?hl=de","https:\/\/www.youtube.com\/@pv4lifegmbh476","https:\/\/de.linkedin.com\/company\/mobilhybrid-ug"]}]}},"_links":{"self":[{"href":"https:\/\/mobilhybrid.de\/es\/wp-json\/wp\/v2\/product\/1139","targetHints":{"allow":["GET"]}}],"collection":[{"href":"https:\/\/mobilhybrid.de\/es\/wp-json\/wp\/v2\/product"}],"about":[{"href":"https:\/\/mobilhybrid.de\/es\/wp-json\/wp\/v2\/types\/product"}],"replies":[{"embeddable":true,"href":"https:\/\/mobilhybrid.de\/es\/wp-json\/wp\/v2\/comments?post=1139"}],"wp:featuredmedia":[{"embeddable":true,"href":"https:\/\/mobilhybrid.de\/es\/wp-json\/wp\/v2\/media\/2326"}],"wp:attachment":[{"href":"https:\/\/mobilhybrid.de\/es\/wp-json\/wp\/v2\/media?parent=1139"}],"wp:term":[{"taxonomy":"product_brand","embeddable":true,"href":"https:\/\/mobilhybrid.de\/es\/wp-json\/wp\/v2\/product_brand?post=1139"},{"taxonomy":"product_cat","embeddable":true,"href":"https:\/\/mobilhybrid.de\/es\/wp-json\/wp\/v2\/product_cat?post=1139"},{"taxonomy":"product_tag","embeddable":true,"href":"https:\/\/mobilhybrid.de\/es\/wp-json\/wp\/v2\/product_tag?post=1139"}],"curies":[{"name":"wp","href":"https:\/\/api.w.org\/{rel}","templated":true}]}}