{"id":1143,"date":"2020-04-13T17:29:28","date_gmt":"2020-04-13T15:29:28","guid":{"rendered":"https:\/\/mhdemo.local\/?post_type=product&#038;p=1143"},"modified":"2025-07-06T15:48:45","modified_gmt":"2025-07-06T13:48:45","slug":"mh-36","status":"publish","type":"product","link":"https:\/\/mobilhybrid.de\/es\/producto\/mh-36\/","title":{"rendered":"MH-36"},"content":{"rendered":"<p>En <strong><span style=\"color: #58a332;\">M<\/span><\/strong>obil<strong><span style=\"color: #58a332;\">H<\/span><\/strong>ybrid <strong><span style=\"color: #58a332;\">MH<\/span><\/strong>-36\/3ph es la soluci\u00f3n para proyectos con elevados requisitos energ\u00e9ticos y retos especiales. Con su potente fuente de alimentaci\u00f3n trif\u00e1sica y su avanzada tecnolog\u00eda de bater\u00edas, proporciona energ\u00eda fiable para aplicaciones exigentes.<\/p>\n<p><strong>\u00c1mbitos de aplicaci\u00f3n:<\/strong><\/p>\n<ul>\n<li><strong>Grandes obras de construcci\u00f3n:<\/strong> En <strong><span style=\"color: #58a332;\">MH<\/span><\/strong>-36\/3ph es la opci\u00f3n ideal para grandes obras, tanto con funcionamiento di\u00e9sel como sin \u00e9l. Garantiza un suministro el\u00e9ctrico constante y fiable, incluso en situaciones con poca carga nocturna.<\/li>\n<li><strong>Mayor rendimiento de la conexi\u00f3n a la red:<\/strong> En entornos en los que la conexi\u00f3n a la red el\u00e9ctrica alcanza sus l\u00edmites, el <strong><span style=\"color: #58a332;\">MH<\/span><\/strong>-36\/3ph proporciona el aumento de rendimiento necesario. Garantiza una alimentaci\u00f3n estable y compensa las fluctuaciones de la red.<\/li>\n<li><strong>Reducci\u00f3n de picos durante el funcionamiento de la gr\u00faa:<\/strong> Para el funcionamiento de gr\u00faas y otras aplicaciones con alta corriente de arranque, el <strong><span style=\"color: #58a332;\">MH<\/span><\/strong>-36\/3ph caras cargas punta. Optimiza la eficiencia energ\u00e9tica y favorece el buen funcionamiento de gr\u00faas y equipos similares.<\/li>\n<li><strong>Fuente de alimentaci\u00f3n sin emisiones:<\/strong> Especialmente en entornos en los que deben evitarse las emisiones, como la construcci\u00f3n de t\u00faneles, las obras en zonas urbanas y las reservas naturales, el <strong><span style=\"color: #58a332;\">MH<\/span><\/strong>-36\/3ph es inmejorable. Garantiza la disponibilidad de energ\u00eda limpia y respetuosa con el medio ambiente sin comprometer el rendimiento.<\/li>\n<li><strong>Red monof\u00e1sica disponible, pero se requiere red trif\u00e1sica:<\/strong> Si se dispone de una red monof\u00e1sica pero se necesita una red trif\u00e1sica, la <strong><span style=\"color: #58a332;\">MH<\/span><\/strong>-36\/3ph es la soluci\u00f3n. Convierte eficazmente la energ\u00eda disponible en la forma requerida.<\/li>\n<\/ul>","protected":false},"excerpt":{"rendered":"<p>En <strong><span style=\"color: #58a332;\">M<\/span><\/strong>obil<strong><span style=\"color: #58a332;\">H<\/span><\/strong>ybrid <strong><span style=\"color: #58a332;\">MH<\/span><\/strong>El -36\/3ph ofrece una soluci\u00f3n fiable y potente para el suministro el\u00e9ctrico en entornos exigentes. Con su dise\u00f1o robusto y su tecnolog\u00eda avanzada, es la opci\u00f3n ideal para realizar con \u00e9xito sus proyectos de alto consumo energ\u00e9tico.<\/p>","protected":false},"featured_media":2327,"comment_status":"closed","ping_status":"closed","template":"","meta":[],"product_brand":[],"product_cat":[70,34],"product_tag":[],"class_list":{"0":"post-1143","1":"product","2":"type-product","3":"status-publish","4":"has-post-thumbnail","6":"product_cat-bg-d","7":"product_cat-mobilhybrid","9":"first","10":"instock","11":"shipping-taxable","12":"product-type-simple"},"yoast_head":"<!-- This site is optimized with the Yoast SEO plugin v26.6 - https:\/\/yoast.com\/wordpress\/plugins\/seo\/ -->\n<title>MobilHybrid MH-36 \u2013 Mobile Stromversorgung f\u00fcr gro\u00dfe Projekte<\/title>\n<meta name=\"description\" content=\"Der MH-36\/3ph bietet zuverl\u00e4ssige Energie f\u00fcr gro\u00dfe Baustellen, Netzanschlussverst\u00e4rkung und Peak-Shaving. Emissionsfrei und leistungsstark.\" \/>\n<meta name=\"robots\" content=\"index, follow, max-snippet:-1, max-image-preview:large, max-video-preview:-1\" \/>\n<link rel=\"canonical\" href=\"https:\/\/mobilhybrid.de\/es\/producto\/mh-36\/\" \/>\n<meta property=\"og:locale\" content=\"es_ES\" \/>\n<meta property=\"og:type\" content=\"article\" \/>\n<meta property=\"og:title\" content=\"MobilHybrid MH-36 \u2013 Mobile Stromversorgung f\u00fcr gro\u00dfe Projekte\" \/>\n<meta property=\"og:description\" content=\"Der MH-36\/3ph bietet zuverl\u00e4ssige Energie f\u00fcr gro\u00dfe Baustellen, Netzanschlussverst\u00e4rkung und Peak-Shaving. Emissionsfrei und leistungsstark.\" \/>\n<meta property=\"og:url\" content=\"https:\/\/mobilhybrid.de\/es\/producto\/mh-36\/\" \/>\n<meta property=\"og:site_name\" content=\"MobilHybrid\" \/>\n<meta property=\"article:publisher\" content=\"https:\/\/www.facebook.com\/MobilHybrid\/\" \/>\n<meta property=\"article:modified_time\" content=\"2025-07-06T13:48:45+00:00\" \/>\n<meta property=\"og:image\" content=\"https:\/\/mobilhybrid.de\/wp-content\/uploads\/2023\/09\/MH36.jpg\" \/>\n\t<meta property=\"og:image:width\" content=\"1000\" \/>\n\t<meta property=\"og:image:height\" content=\"1000\" \/>\n\t<meta property=\"og:image:type\" content=\"image\/jpeg\" \/>\n<meta name=\"twitter:card\" content=\"summary_large_image\" \/>\n<script type=\"application\/ld+json\" class=\"yoast-schema-graph\">{\"@context\":\"https:\/\/schema.org\",\"@graph\":[{\"@type\":\"WebPage\",\"@id\":\"https:\/\/mobilhybrid.de\/product\/mh-36\/\",\"url\":\"https:\/\/mobilhybrid.de\/product\/mh-36\/\",\"name\":\"MobilHybrid MH-36 \u2013 Mobile Stromversorgung f\u00fcr gro\u00dfe Projekte\",\"isPartOf\":{\"@id\":\"https:\/\/mobilhybrid.de\/#website\"},\"primaryImageOfPage\":{\"@id\":\"https:\/\/mobilhybrid.de\/product\/mh-36\/#primaryimage\"},\"image\":{\"@id\":\"https:\/\/mobilhybrid.de\/product\/mh-36\/#primaryimage\"},\"thumbnailUrl\":\"https:\/\/mobilhybrid.de\/wp-content\/uploads\/2023\/09\/MH36.jpg\",\"datePublished\":\"2020-04-13T15:29:28+00:00\",\"dateModified\":\"2025-07-06T13:48:45+00:00\",\"description\":\"Der MH-36\/3ph bietet zuverl\u00e4ssige Energie f\u00fcr gro\u00dfe Baustellen, Netzanschlussverst\u00e4rkung und Peak-Shaving. Emissionsfrei und leistungsstark.\",\"breadcrumb\":{\"@id\":\"https:\/\/mobilhybrid.de\/product\/mh-36\/#breadcrumb\"},\"inLanguage\":\"es\",\"potentialAction\":[{\"@type\":\"ReadAction\",\"target\":[\"https:\/\/mobilhybrid.de\/product\/mh-36\/\"]}]},{\"@type\":\"ImageObject\",\"inLanguage\":\"es\",\"@id\":\"https:\/\/mobilhybrid.de\/product\/mh-36\/#primaryimage\",\"url\":\"https:\/\/mobilhybrid.de\/wp-content\/uploads\/2023\/09\/MH36.jpg\",\"contentUrl\":\"https:\/\/mobilhybrid.de\/wp-content\/uploads\/2023\/09\/MH36.jpg\",\"width\":1000,\"height\":1000,\"caption\":\"MobilHybrid MH-36\"},{\"@type\":\"BreadcrumbList\",\"@id\":\"https:\/\/mobilhybrid.de\/product\/mh-36\/#breadcrumb\",\"itemListElement\":[{\"@type\":\"ListItem\",\"position\":1,\"name\":\"Home\",\"item\":\"https:\/\/mobilhybrid.de\/\"},{\"@type\":\"ListItem\",\"position\":2,\"name\":\"Produkte\",\"item\":\"https:\/\/mobilhybrid.de\/shop\/\"},{\"@type\":\"ListItem\",\"position\":3,\"name\":\"MH-36\"}]},{\"@type\":\"WebSite\",\"@id\":\"https:\/\/mobilhybrid.de\/#website\",\"url\":\"https:\/\/mobilhybrid.de\/\",\"name\":\"MobilHybrid\",\"description\":\"die autarke, mobile netzunabh\u00e4ngige Stromversorgung\",\"publisher\":{\"@id\":\"https:\/\/mobilhybrid.de\/#organization\"},\"potentialAction\":[{\"@type\":\"SearchAction\",\"target\":{\"@type\":\"EntryPoint\",\"urlTemplate\":\"https:\/\/mobilhybrid.de\/?s={search_term_string}\"},\"query-input\":{\"@type\":\"PropertyValueSpecification\",\"valueRequired\":true,\"valueName\":\"search_term_string\"}}],\"inLanguage\":\"es\"},{\"@type\":\"Organization\",\"@id\":\"https:\/\/mobilhybrid.de\/#organization\",\"name\":\"MobilHybrid GmbH\",\"url\":\"https:\/\/mobilhybrid.de\/\",\"logo\":{\"@type\":\"ImageObject\",\"inLanguage\":\"es\",\"@id\":\"https:\/\/mobilhybrid.de\/#\/schema\/logo\/image\/\",\"url\":\"https:\/\/mobilhybrid.de\/wp-content\/uploads\/2020\/04\/152.png\",\"contentUrl\":\"https:\/\/mobilhybrid.de\/wp-content\/uploads\/2020\/04\/152.png\",\"width\":152,\"height\":152,\"caption\":\"MobilHybrid GmbH\"},\"image\":{\"@id\":\"https:\/\/mobilhybrid.de\/#\/schema\/logo\/image\/\"},\"sameAs\":[\"https:\/\/www.facebook.com\/MobilHybrid\/\",\"https:\/\/www.instagram.com\/_mobilhybrid_\/?hl=de\",\"https:\/\/www.youtube.com\/@pv4lifegmbh476\",\"https:\/\/de.linkedin.com\/company\/mobilhybrid-ug\"]}]}<\/script>\n<!-- \/ Yoast SEO plugin. -->","yoast_head_json":{"title":"MobilHybrid MH-36 - Fuente de alimentaci\u00f3n m\u00f3vil para grandes proyectos","description":"La MH-36\/3ph ofrece energ\u00eda fiable para grandes obras, refuerzo de la conexi\u00f3n a la red y reducci\u00f3n de picos. Sin emisiones y potente.","robots":{"index":"index","follow":"follow","max-snippet":"max-snippet:-1","max-image-preview":"max-image-preview:large","max-video-preview":"max-video-preview:-1"},"canonical":"https:\/\/mobilhybrid.de\/es\/producto\/mh-36\/","og_locale":"es_ES","og_type":"article","og_title":"MobilHybrid MH-36 \u2013 Mobile Stromversorgung f\u00fcr gro\u00dfe Projekte","og_description":"Der MH-36\/3ph bietet zuverl\u00e4ssige Energie f\u00fcr gro\u00dfe Baustellen, Netzanschlussverst\u00e4rkung und Peak-Shaving. Emissionsfrei und leistungsstark.","og_url":"https:\/\/mobilhybrid.de\/es\/producto\/mh-36\/","og_site_name":"MobilHybrid","article_publisher":"https:\/\/www.facebook.com\/MobilHybrid\/","article_modified_time":"2025-07-06T13:48:45+00:00","og_image":[{"width":1000,"height":1000,"url":"https:\/\/mobilhybrid.de\/wp-content\/uploads\/2023\/09\/MH36.jpg","type":"image\/jpeg"}],"twitter_card":"summary_large_image","schema":{"@context":"https:\/\/schema.org","@graph":[{"@type":"WebPage","@id":"https:\/\/mobilhybrid.de\/product\/mh-36\/","url":"https:\/\/mobilhybrid.de\/product\/mh-36\/","name":"MobilHybrid MH-36 - Fuente de alimentaci\u00f3n m\u00f3vil para grandes proyectos","isPartOf":{"@id":"https:\/\/mobilhybrid.de\/#website"},"primaryImageOfPage":{"@id":"https:\/\/mobilhybrid.de\/product\/mh-36\/#primaryimage"},"image":{"@id":"https:\/\/mobilhybrid.de\/product\/mh-36\/#primaryimage"},"thumbnailUrl":"https:\/\/mobilhybrid.de\/wp-content\/uploads\/2023\/09\/MH36.jpg","datePublished":"2020-04-13T15:29:28+00:00","dateModified":"2025-07-06T13:48:45+00:00","description":"La MH-36\/3ph ofrece energ\u00eda fiable para grandes obras, refuerzo de la conexi\u00f3n a la red y reducci\u00f3n de picos. Sin emisiones y potente.","breadcrumb":{"@id":"https:\/\/mobilhybrid.de\/product\/mh-36\/#breadcrumb"},"inLanguage":"es","potentialAction":[{"@type":"ReadAction","target":["https:\/\/mobilhybrid.de\/product\/mh-36\/"]}]},{"@type":"ImageObject","inLanguage":"es","@id":"https:\/\/mobilhybrid.de\/product\/mh-36\/#primaryimage","url":"https:\/\/mobilhybrid.de\/wp-content\/uploads\/2023\/09\/MH36.jpg","contentUrl":"https:\/\/mobilhybrid.de\/wp-content\/uploads\/2023\/09\/MH36.jpg","width":1000,"height":1000,"caption":"MobilHybrid MH-36"},{"@type":"BreadcrumbList","@id":"https:\/\/mobilhybrid.de\/product\/mh-36\/#breadcrumb","itemListElement":[{"@type":"ListItem","position":1,"name":"Home","item":"https:\/\/mobilhybrid.de\/"},{"@type":"ListItem","position":2,"name":"Produkte","item":"https:\/\/mobilhybrid.de\/shop\/"},{"@type":"ListItem","position":3,"name":"MH-36"}]},{"@type":"WebSite","@id":"https:\/\/mobilhybrid.de\/#website","url":"https:\/\/mobilhybrid.de\/","name":"MobilHybrid","description":"el suministro de energ\u00eda autosuficiente, m\u00f3vil y fuera de la red","publisher":{"@id":"https:\/\/mobilhybrid.de\/#organization"},"potentialAction":[{"@type":"SearchAction","target":{"@type":"EntryPoint","urlTemplate":"https:\/\/mobilhybrid.de\/?s={search_term_string}"},"query-input":{"@type":"PropertyValueSpecification","valueRequired":true,"valueName":"search_term_string"}}],"inLanguage":"es"},{"@type":"Organization","@id":"https:\/\/mobilhybrid.de\/#organization","name":"MobilHybrid GmbH","url":"https:\/\/mobilhybrid.de\/","logo":{"@type":"ImageObject","inLanguage":"es","@id":"https:\/\/mobilhybrid.de\/#\/schema\/logo\/image\/","url":"https:\/\/mobilhybrid.de\/wp-content\/uploads\/2020\/04\/152.png","contentUrl":"https:\/\/mobilhybrid.de\/wp-content\/uploads\/2020\/04\/152.png","width":152,"height":152,"caption":"MobilHybrid GmbH"},"image":{"@id":"https:\/\/mobilhybrid.de\/#\/schema\/logo\/image\/"},"sameAs":["https:\/\/www.facebook.com\/MobilHybrid\/","https:\/\/www.instagram.com\/_mobilhybrid_\/?hl=de","https:\/\/www.youtube.com\/@pv4lifegmbh476","https:\/\/de.linkedin.com\/company\/mobilhybrid-ug"]}]}},"_links":{"self":[{"href":"https:\/\/mobilhybrid.de\/es\/wp-json\/wp\/v2\/product\/1143","targetHints":{"allow":["GET"]}}],"collection":[{"href":"https:\/\/mobilhybrid.de\/es\/wp-json\/wp\/v2\/product"}],"about":[{"href":"https:\/\/mobilhybrid.de\/es\/wp-json\/wp\/v2\/types\/product"}],"replies":[{"embeddable":true,"href":"https:\/\/mobilhybrid.de\/es\/wp-json\/wp\/v2\/comments?post=1143"}],"wp:featuredmedia":[{"embeddable":true,"href":"https:\/\/mobilhybrid.de\/es\/wp-json\/wp\/v2\/media\/2327"}],"wp:attachment":[{"href":"https:\/\/mobilhybrid.de\/es\/wp-json\/wp\/v2\/media?parent=1143"}],"wp:term":[{"taxonomy":"product_brand","embeddable":true,"href":"https:\/\/mobilhybrid.de\/es\/wp-json\/wp\/v2\/product_brand?post=1143"},{"taxonomy":"product_cat","embeddable":true,"href":"https:\/\/mobilhybrid.de\/es\/wp-json\/wp\/v2\/product_cat?post=1143"},{"taxonomy":"product_tag","embeddable":true,"href":"https:\/\/mobilhybrid.de\/es\/wp-json\/wp\/v2\/product_tag?post=1143"}],"curies":[{"name":"wp","href":"https:\/\/api.w.org\/{rel}","templated":true}]}}