{"id":1144,"date":"2020-04-13T17:36:22","date_gmt":"2020-04-13T15:36:22","guid":{"rendered":"https:\/\/mhdemo.local\/?post_type=product&#038;p=1144"},"modified":"2026-04-02T00:02:41","modified_gmt":"2026-04-01T22:02:41","slug":"mh-48","status":"publish","type":"product","link":"https:\/\/mobilhybrid.de\/es\/producto\/mh-48\/","title":{"rendered":"MH-48"},"content":{"rendered":"<p>En <strong><span style=\"color: #58a332;\">M<\/span><\/strong>obil<strong><span style=\"color: #58a332;\">H<\/span><\/strong>ybrid <strong><span style=\"color: #58a332;\">MH<\/span><\/strong>-48 \/ 3ph es una potente unidad de almacenamiento de energ\u00eda que ofrece excelentes resultados en muchas aplicaciones exigentes. Es especialmente adecuado para:<\/p>\n<ol>\n<li><strong>Suministro de obras de hasta 100 kWh al d\u00eda:<\/strong> En <strong><span style=\"color: #58a332;\">MH<\/span><\/strong>-48 \/ 3ph cubre las necesidades energ\u00e9ticas de las obras con hasta 100 kWh al d\u00eda. Garantiza un suministro de energ\u00eda fiable, incluso en entornos dif\u00edciles.<\/li>\n<li><strong>Aumento del rendimiento de la conexi\u00f3n a la red (refuerzo de la red):<\/strong> Como potenciador de la red, el <strong><span style=\"color: #58a332;\">MH<\/span><\/strong>-48 \/ 3ph y cubre las necesidades de potencia adicionales. Esto resulta especialmente \u00fatil cuando se necesita m\u00e1s potencia.<\/li>\n<li><strong>Hibridaci\u00f3n de generadores de energ\u00eda:<\/strong> En <strong><span style=\"color: #58a332;\">MH<\/span><\/strong>-48 \/ 3ph reduce los costes de explotaci\u00f3n hasta 70% mediante la hibridaci\u00f3n de los generadores de energ\u00eda. Esto aumenta la eficiencia y ahorra costes.<\/li>\n<li><strong>Reducci\u00f3n de picos con una corriente de arranque elevada:<\/strong> En <strong><span style=\"color: #58a332;\">MH<\/span><\/strong>-48 \/ 3ph ayuda a las m\u00e1quinas con corrientes de arranque elevadas, como gr\u00faas, sierras y bombas, mediante una eficaz reducci\u00f3n de picos. Esto estabiliza el consumo de energ\u00eda.<\/li>\n<li><strong>Suministro el\u00e9ctrico sin emisiones para trabajos en t\u00faneles y obras:<\/strong> En <strong><span style=\"color: #58a332;\">MH<\/span><\/strong>-48 \/ 3ph ofrece una soluci\u00f3n respetuosa con el medio ambiente para trabajos en t\u00faneles y obras en ciudades y reservas naturales. Reduce las emisiones de CO2 y minimiza el impacto medioambiental.<\/li>\n<li><strong>Fuente de alimentaci\u00f3n redundante para eventos y rodajes:<\/strong> En <strong><span style=\"color: #58a332;\">MH<\/span><\/strong>-48 \/ 3ph asegura una fuente de alimentaci\u00f3n fiable y redundante para eventos y filmaciones. Garantiza un suministro el\u00e9ctrico continuo, incluso en caso de fallos imprevistos.<\/li>\n<\/ol>","protected":false},"excerpt":{"rendered":"<p>En <strong><span style=\"color: #58a332;\">M<\/span><\/strong>obil<strong><span style=\"color: #58a332;\">H<\/span><\/strong>ybrid <strong><span style=\"color: #58a332;\">MH<\/span><\/strong>-48 \/ 3ph ofrece el m\u00e1ximo rendimiento y fiabilidad en una amplia gama de aplicaciones exigentes. Con el objetivo de satisfacer los requisitos energ\u00e9ticos, reducir los costes de funcionamiento y minimizar el impacto medioambiental, el <strong><span style=\"color: #58a332;\">MH<\/span><\/strong>-48 \/ 3ph es la elecci\u00f3n correcta para el \u00e9xito de sus proyectos.<\/p>","protected":false},"featured_media":2329,"comment_status":"closed","ping_status":"closed","template":"","meta":[],"product_brand":[],"product_cat":[71,34],"product_tag":[],"class_list":{"0":"post-1144","1":"product","2":"type-product","3":"status-publish","4":"has-post-thumbnail","6":"product_cat-bg-e","7":"product_cat-mobilhybrid","9":"first","10":"instock","11":"shipping-taxable","12":"product-type-simple"},"yoast_head":"<!-- This site is optimized with the Yoast SEO plugin v26.6 - https:\/\/yoast.com\/wordpress\/plugins\/seo\/ -->\n<title>MH-48 \u2013 Leistungsstarker Energiespeicher f\u00fcr gro\u00dfe Projekt<\/title>\n<meta name=\"description\" content=\"Der MH-48 liefert zuverl\u00e4ssige Energie f\u00fcr Baustellen, Netzverst\u00e4rkung und Peak-Shaving. Ideal f\u00fcr emissionsfreie Stromversorgung.\" \/>\n<meta name=\"robots\" content=\"index, follow, max-snippet:-1, max-image-preview:large, max-video-preview:-1\" \/>\n<link rel=\"canonical\" href=\"https:\/\/mobilhybrid.de\/es\/producto\/mh-48\/\" \/>\n<meta property=\"og:locale\" content=\"es_ES\" \/>\n<meta property=\"og:type\" content=\"article\" \/>\n<meta property=\"og:title\" content=\"MH-48 \u2013 Leistungsstarker Energiespeicher f\u00fcr gro\u00dfe Projekt\" \/>\n<meta property=\"og:description\" content=\"Der MH-48 liefert zuverl\u00e4ssige Energie f\u00fcr Baustellen, Netzverst\u00e4rkung und Peak-Shaving. Ideal f\u00fcr emissionsfreie Stromversorgung.\" \/>\n<meta property=\"og:url\" content=\"https:\/\/mobilhybrid.de\/es\/producto\/mh-48\/\" \/>\n<meta property=\"og:site_name\" content=\"MobilHybrid\" \/>\n<meta property=\"article:publisher\" content=\"https:\/\/www.facebook.com\/MobilHybrid\/\" \/>\n<meta property=\"article:modified_time\" content=\"2026-04-01T22:02:41+00:00\" \/>\n<meta property=\"og:image\" content=\"https:\/\/mobilhybrid.de\/wp-content\/uploads\/2023\/09\/MH-Hintergrund-weiss.jpg\" \/>\n\t<meta property=\"og:image:width\" content=\"1000\" \/>\n\t<meta property=\"og:image:height\" content=\"1000\" \/>\n\t<meta property=\"og:image:type\" content=\"image\/jpeg\" \/>\n<meta name=\"twitter:card\" content=\"summary_large_image\" \/>\n<script type=\"application\/ld+json\" class=\"yoast-schema-graph\">{\"@context\":\"https:\/\/schema.org\",\"@graph\":[{\"@type\":\"WebPage\",\"@id\":\"https:\/\/mobilhybrid.de\/product\/mh-48\/\",\"url\":\"https:\/\/mobilhybrid.de\/product\/mh-48\/\",\"name\":\"MH-48 \u2013 Leistungsstarker Energiespeicher f\u00fcr gro\u00dfe Projekt\",\"isPartOf\":{\"@id\":\"https:\/\/mobilhybrid.de\/#website\"},\"primaryImageOfPage\":{\"@id\":\"https:\/\/mobilhybrid.de\/product\/mh-48\/#primaryimage\"},\"image\":{\"@id\":\"https:\/\/mobilhybrid.de\/product\/mh-48\/#primaryimage\"},\"thumbnailUrl\":\"https:\/\/mobilhybrid.de\/wp-content\/uploads\/2023\/09\/MH-Hintergrund-weiss.jpg\",\"datePublished\":\"2020-04-13T15:36:22+00:00\",\"dateModified\":\"2026-04-01T22:02:41+00:00\",\"description\":\"Der MH-48 liefert zuverl\u00e4ssige Energie f\u00fcr Baustellen, Netzverst\u00e4rkung und Peak-Shaving. Ideal f\u00fcr emissionsfreie Stromversorgung.\",\"breadcrumb\":{\"@id\":\"https:\/\/mobilhybrid.de\/product\/mh-48\/#breadcrumb\"},\"inLanguage\":\"es\",\"potentialAction\":[{\"@type\":\"ReadAction\",\"target\":[\"https:\/\/mobilhybrid.de\/product\/mh-48\/\"]}]},{\"@type\":\"ImageObject\",\"inLanguage\":\"es\",\"@id\":\"https:\/\/mobilhybrid.de\/product\/mh-48\/#primaryimage\",\"url\":\"https:\/\/mobilhybrid.de\/wp-content\/uploads\/2023\/09\/MH-Hintergrund-weiss.jpg\",\"contentUrl\":\"https:\/\/mobilhybrid.de\/wp-content\/uploads\/2023\/09\/MH-Hintergrund-weiss.jpg\",\"width\":1000,\"height\":1000,\"caption\":\"MobilHybrid MH-48\"},{\"@type\":\"BreadcrumbList\",\"@id\":\"https:\/\/mobilhybrid.de\/product\/mh-48\/#breadcrumb\",\"itemListElement\":[{\"@type\":\"ListItem\",\"position\":1,\"name\":\"Home\",\"item\":\"https:\/\/mobilhybrid.de\/\"},{\"@type\":\"ListItem\",\"position\":2,\"name\":\"Produkte\",\"item\":\"https:\/\/mobilhybrid.de\/shop\/\"},{\"@type\":\"ListItem\",\"position\":3,\"name\":\"MH-48\"}]},{\"@type\":\"WebSite\",\"@id\":\"https:\/\/mobilhybrid.de\/#website\",\"url\":\"https:\/\/mobilhybrid.de\/\",\"name\":\"MobilHybrid\",\"description\":\"die autarke, mobile netzunabh\u00e4ngige Stromversorgung\",\"publisher\":{\"@id\":\"https:\/\/mobilhybrid.de\/#organization\"},\"potentialAction\":[{\"@type\":\"SearchAction\",\"target\":{\"@type\":\"EntryPoint\",\"urlTemplate\":\"https:\/\/mobilhybrid.de\/?s={search_term_string}\"},\"query-input\":{\"@type\":\"PropertyValueSpecification\",\"valueRequired\":true,\"valueName\":\"search_term_string\"}}],\"inLanguage\":\"es\"},{\"@type\":\"Organization\",\"@id\":\"https:\/\/mobilhybrid.de\/#organization\",\"name\":\"MobilHybrid GmbH\",\"url\":\"https:\/\/mobilhybrid.de\/\",\"logo\":{\"@type\":\"ImageObject\",\"inLanguage\":\"es\",\"@id\":\"https:\/\/mobilhybrid.de\/#\/schema\/logo\/image\/\",\"url\":\"https:\/\/mobilhybrid.de\/wp-content\/uploads\/2020\/04\/152.png\",\"contentUrl\":\"https:\/\/mobilhybrid.de\/wp-content\/uploads\/2020\/04\/152.png\",\"width\":152,\"height\":152,\"caption\":\"MobilHybrid GmbH\"},\"image\":{\"@id\":\"https:\/\/mobilhybrid.de\/#\/schema\/logo\/image\/\"},\"sameAs\":[\"https:\/\/www.facebook.com\/MobilHybrid\/\",\"https:\/\/www.instagram.com\/_mobilhybrid_\/?hl=de\",\"https:\/\/www.youtube.com\/@pv4lifegmbh476\",\"https:\/\/de.linkedin.com\/company\/mobilhybrid-ug\"]}]}<\/script>\n<!-- \/ Yoast SEO plugin. -->","yoast_head_json":{"title":"MH-48 - Potente almacenamiento de energ\u00eda para grandes proyectos","description":"La MH-48 proporciona energ\u00eda fiable para obras, refuerzo de la red y reducci\u00f3n de picos. Ideal para el suministro de energ\u00eda sin emisiones.","robots":{"index":"index","follow":"follow","max-snippet":"max-snippet:-1","max-image-preview":"max-image-preview:large","max-video-preview":"max-video-preview:-1"},"canonical":"https:\/\/mobilhybrid.de\/es\/producto\/mh-48\/","og_locale":"es_ES","og_type":"article","og_title":"MH-48 \u2013 Leistungsstarker Energiespeicher f\u00fcr gro\u00dfe Projekt","og_description":"Der MH-48 liefert zuverl\u00e4ssige Energie f\u00fcr Baustellen, Netzverst\u00e4rkung und Peak-Shaving. Ideal f\u00fcr emissionsfreie Stromversorgung.","og_url":"https:\/\/mobilhybrid.de\/es\/producto\/mh-48\/","og_site_name":"MobilHybrid","article_publisher":"https:\/\/www.facebook.com\/MobilHybrid\/","article_modified_time":"2026-04-01T22:02:41+00:00","og_image":[{"width":1000,"height":1000,"url":"https:\/\/mobilhybrid.de\/wp-content\/uploads\/2023\/09\/MH-Hintergrund-weiss.jpg","type":"image\/jpeg"}],"twitter_card":"summary_large_image","schema":{"@context":"https:\/\/schema.org","@graph":[{"@type":"WebPage","@id":"https:\/\/mobilhybrid.de\/product\/mh-48\/","url":"https:\/\/mobilhybrid.de\/product\/mh-48\/","name":"MH-48 - Potente almacenamiento de energ\u00eda para grandes proyectos","isPartOf":{"@id":"https:\/\/mobilhybrid.de\/#website"},"primaryImageOfPage":{"@id":"https:\/\/mobilhybrid.de\/product\/mh-48\/#primaryimage"},"image":{"@id":"https:\/\/mobilhybrid.de\/product\/mh-48\/#primaryimage"},"thumbnailUrl":"https:\/\/mobilhybrid.de\/wp-content\/uploads\/2023\/09\/MH-Hintergrund-weiss.jpg","datePublished":"2020-04-13T15:36:22+00:00","dateModified":"2026-04-01T22:02:41+00:00","description":"La MH-48 proporciona energ\u00eda fiable para obras, refuerzo de la red y reducci\u00f3n de picos. Ideal para el suministro de energ\u00eda sin emisiones.","breadcrumb":{"@id":"https:\/\/mobilhybrid.de\/product\/mh-48\/#breadcrumb"},"inLanguage":"es","potentialAction":[{"@type":"ReadAction","target":["https:\/\/mobilhybrid.de\/product\/mh-48\/"]}]},{"@type":"ImageObject","inLanguage":"es","@id":"https:\/\/mobilhybrid.de\/product\/mh-48\/#primaryimage","url":"https:\/\/mobilhybrid.de\/wp-content\/uploads\/2023\/09\/MH-Hintergrund-weiss.jpg","contentUrl":"https:\/\/mobilhybrid.de\/wp-content\/uploads\/2023\/09\/MH-Hintergrund-weiss.jpg","width":1000,"height":1000,"caption":"MobilHybrid MH-48"},{"@type":"BreadcrumbList","@id":"https:\/\/mobilhybrid.de\/product\/mh-48\/#breadcrumb","itemListElement":[{"@type":"ListItem","position":1,"name":"Home","item":"https:\/\/mobilhybrid.de\/"},{"@type":"ListItem","position":2,"name":"Produkte","item":"https:\/\/mobilhybrid.de\/shop\/"},{"@type":"ListItem","position":3,"name":"MH-48"}]},{"@type":"WebSite","@id":"https:\/\/mobilhybrid.de\/#website","url":"https:\/\/mobilhybrid.de\/","name":"MobilHybrid","description":"el suministro de energ\u00eda autosuficiente, m\u00f3vil y fuera de la red","publisher":{"@id":"https:\/\/mobilhybrid.de\/#organization"},"potentialAction":[{"@type":"SearchAction","target":{"@type":"EntryPoint","urlTemplate":"https:\/\/mobilhybrid.de\/?s={search_term_string}"},"query-input":{"@type":"PropertyValueSpecification","valueRequired":true,"valueName":"search_term_string"}}],"inLanguage":"es"},{"@type":"Organization","@id":"https:\/\/mobilhybrid.de\/#organization","name":"MobilHybrid GmbH","url":"https:\/\/mobilhybrid.de\/","logo":{"@type":"ImageObject","inLanguage":"es","@id":"https:\/\/mobilhybrid.de\/#\/schema\/logo\/image\/","url":"https:\/\/mobilhybrid.de\/wp-content\/uploads\/2020\/04\/152.png","contentUrl":"https:\/\/mobilhybrid.de\/wp-content\/uploads\/2020\/04\/152.png","width":152,"height":152,"caption":"MobilHybrid GmbH"},"image":{"@id":"https:\/\/mobilhybrid.de\/#\/schema\/logo\/image\/"},"sameAs":["https:\/\/www.facebook.com\/MobilHybrid\/","https:\/\/www.instagram.com\/_mobilhybrid_\/?hl=de","https:\/\/www.youtube.com\/@pv4lifegmbh476","https:\/\/de.linkedin.com\/company\/mobilhybrid-ug"]}]}},"_links":{"self":[{"href":"https:\/\/mobilhybrid.de\/es\/wp-json\/wp\/v2\/product\/1144","targetHints":{"allow":["GET"]}}],"collection":[{"href":"https:\/\/mobilhybrid.de\/es\/wp-json\/wp\/v2\/product"}],"about":[{"href":"https:\/\/mobilhybrid.de\/es\/wp-json\/wp\/v2\/types\/product"}],"replies":[{"embeddable":true,"href":"https:\/\/mobilhybrid.de\/es\/wp-json\/wp\/v2\/comments?post=1144"}],"wp:featuredmedia":[{"embeddable":true,"href":"https:\/\/mobilhybrid.de\/es\/wp-json\/wp\/v2\/media\/2329"}],"wp:attachment":[{"href":"https:\/\/mobilhybrid.de\/es\/wp-json\/wp\/v2\/media?parent=1144"}],"wp:term":[{"taxonomy":"product_brand","embeddable":true,"href":"https:\/\/mobilhybrid.de\/es\/wp-json\/wp\/v2\/product_brand?post=1144"},{"taxonomy":"product_cat","embeddable":true,"href":"https:\/\/mobilhybrid.de\/es\/wp-json\/wp\/v2\/product_cat?post=1144"},{"taxonomy":"product_tag","embeddable":true,"href":"https:\/\/mobilhybrid.de\/es\/wp-json\/wp\/v2\/product_tag?post=1144"}],"curies":[{"name":"wp","href":"https:\/\/api.w.org\/{rel}","templated":true}]}}