{"id":1146,"date":"2020-04-13T18:04:38","date_gmt":"2020-04-13T16:04:38","guid":{"rendered":"https:\/\/mhdemo.local\/?post_type=product&#038;p=1146"},"modified":"2025-07-06T15:43:41","modified_gmt":"2025-07-06T13:43:41","slug":"mh-108","status":"publish","type":"product","link":"https:\/\/mobilhybrid.de\/es\/producto\/mh-108\/","title":{"rendered":"MH-108"},"content":{"rendered":"<p>En <strong><span style=\"color: #58a332;\">C<\/span><\/strong>ontenedor<strong><span style=\"color: #58a332;\">H<\/span><\/strong>ybrid <strong><span style=\"color: #58a332;\">MH<\/span><\/strong>La -108 es un producto innovador desarrollado para grandes obras y aplicaciones exigentes. Con su impresionante capacidad y flexibilidad, es ideal para:<\/p>\n<ol>\n<li><strong>Suministro de obras de hasta 200 kWh al d\u00eda:<\/strong> En <strong><span style=\"color: #58a332;\">MH<\/span><\/strong>-108 suministra a las obras de forma fiable hasta 200 kWh al d\u00eda. Permite el funcionamiento sin problemas de m\u00e1quinas y sistemas con elevados requisitos energ\u00e9ticos.<\/li>\n<li><strong>Aumento del rendimiento de la conexi\u00f3n a la red (refuerzo de la red):<\/strong> Como potenciador de la red, el <strong><span style=\"color: #58a332;\">MH<\/span><\/strong>-La fuente de alimentaci\u00f3n garantiza un suministro el\u00e9ctrico estable, incluso con mayores necesidades de energ\u00eda.<\/li>\n<li><strong>Hibridaci\u00f3n de generadores de energ\u00eda:<\/strong> En <strong><span style=\"color: #58a332;\">MH<\/span><\/strong>-108 reduce los costes de explotaci\u00f3n hasta 70% gracias a la hibridaci\u00f3n de los generadores el\u00e9ctricos. Esto aumenta la eficiencia y ahorra costes considerables.<\/li>\n<li><strong>Suministro de m\u00e1quinas con alta corriente de arranque:<\/strong> En <strong><span style=\"color: #58a332;\">MH<\/span><\/strong>-108 proporciona una fuente de alimentaci\u00f3n segura y eficaz para m\u00e1quinas con altas corrientes de arranque, como gr\u00faas, sierras y bombas. Garantiza el buen funcionamiento de tales dispositivos.<\/li>\n<li><strong>Generaci\u00f3n de energ\u00eda respetuosa con el medio ambiente mediante sistemas solares:<\/strong> En <strong><span style=\"color: #58a332;\">MH<\/span><\/strong>-108 permite instalar paneles solares en el techo del contenedor. Esto favorece la generaci\u00f3n ecol\u00f3gica de energ\u00eda solar para apoyar el suministro el\u00e9ctrico.<\/li>\n<li><strong>Aire acondicionado seg\u00fan los requisitos del cliente:<\/strong> El contenedor puede climatizarse individualmente para soportar temperaturas de -40 \u00b0C a 55 \u00b0C. Esto permite utilizarlo en entornos extremos.<\/li>\n<\/ol>","protected":false},"excerpt":{"rendered":"<p>En <strong><span style=\"color: #58a332;\">C<\/span><\/strong>ontenedor<strong><span style=\"color: #58a332;\">H<\/span><\/strong>ybrid <strong><span style=\"color: #58a332;\">MH<\/span><\/strong>108 ofrece el m\u00e1ximo rendimiento y flexibilidad en un contenedor de 20 pies. Est\u00e1 dise\u00f1ado para integrarse f\u00e1cilmente en la log\u00edstica de las obras. Ya sea para suministrar energ\u00eda a las obras, aumentar la conexi\u00f3n a la red o hibridar generadores de energ\u00eda, el <strong><span style=\"color: #58a332;\">MH<\/span><\/strong>-108 es la elecci\u00f3n \u00f3ptima para satisfacer sus necesidades.<\/p>","protected":false},"featured_media":2515,"comment_status":"closed","ping_status":"closed","template":"","meta":[],"product_brand":[],"product_cat":[63],"product_tag":[],"class_list":{"0":"post-1146","1":"product","2":"type-product","3":"status-publish","4":"has-post-thumbnail","6":"product_cat-containerhybrid","8":"first","9":"instock","10":"shipping-taxable","11":"product-type-simple"},"yoast_head":"<!-- This site is optimized with the Yoast SEO plugin v26.6 - https:\/\/yoast.com\/wordpress\/plugins\/seo\/ -->\n<title>ContainerHybrid MH-108 \u2013 H\u00f6chstleistung f\u00fcr Gro\u00dfe Baustellen<\/title>\n<meta name=\"description\" content=\"Der ContainerHybrid MH-108 liefert Spitzenleistung f\u00fcr gro\u00dfe Baustellen bis zu 200 kWh pro Tag. Effiziente Energieversorgung f\u00fcr anspruchsvolle Anwendungen.\" \/>\n<meta name=\"robots\" content=\"index, follow, max-snippet:-1, max-image-preview:large, max-video-preview:-1\" \/>\n<link rel=\"canonical\" href=\"https:\/\/mobilhybrid.de\/es\/producto\/mh-108\/\" \/>\n<meta property=\"og:locale\" content=\"es_ES\" \/>\n<meta property=\"og:type\" content=\"article\" \/>\n<meta property=\"og:title\" content=\"ContainerHybrid MH-108 \u2013 H\u00f6chstleistung f\u00fcr Gro\u00dfe Baustellen\" \/>\n<meta property=\"og:description\" content=\"Der ContainerHybrid MH-108 liefert Spitzenleistung f\u00fcr gro\u00dfe Baustellen bis zu 200 kWh pro Tag. Effiziente Energieversorgung f\u00fcr anspruchsvolle Anwendungen.\" \/>\n<meta property=\"og:url\" content=\"https:\/\/mobilhybrid.de\/es\/producto\/mh-108\/\" \/>\n<meta property=\"og:site_name\" content=\"MobilHybrid\" \/>\n<meta property=\"article:publisher\" content=\"https:\/\/www.facebook.com\/MobilHybrid\/\" \/>\n<meta property=\"article:modified_time\" content=\"2025-07-06T13:43:41+00:00\" \/>\n<meta property=\"og:image\" content=\"https:\/\/mobilhybrid.de\/wp-content\/uploads\/2023\/09\/ContainerHybrid.jpg\" \/>\n\t<meta property=\"og:image:width\" content=\"1000\" \/>\n\t<meta property=\"og:image:height\" content=\"1000\" \/>\n\t<meta property=\"og:image:type\" content=\"image\/jpeg\" \/>\n<meta name=\"twitter:card\" content=\"summary_large_image\" \/>\n<script type=\"application\/ld+json\" class=\"yoast-schema-graph\">{\"@context\":\"https:\/\/schema.org\",\"@graph\":[{\"@type\":\"WebPage\",\"@id\":\"https:\/\/mobilhybrid.de\/product\/mh-108\/\",\"url\":\"https:\/\/mobilhybrid.de\/product\/mh-108\/\",\"name\":\"ContainerHybrid MH-108 \u2013 H\u00f6chstleistung f\u00fcr Gro\u00dfe Baustellen\",\"isPartOf\":{\"@id\":\"https:\/\/mobilhybrid.de\/#website\"},\"primaryImageOfPage\":{\"@id\":\"https:\/\/mobilhybrid.de\/product\/mh-108\/#primaryimage\"},\"image\":{\"@id\":\"https:\/\/mobilhybrid.de\/product\/mh-108\/#primaryimage\"},\"thumbnailUrl\":\"https:\/\/mobilhybrid.de\/wp-content\/uploads\/2023\/09\/ContainerHybrid.jpg\",\"datePublished\":\"2020-04-13T16:04:38+00:00\",\"dateModified\":\"2025-07-06T13:43:41+00:00\",\"description\":\"Der ContainerHybrid MH-108 liefert Spitzenleistung f\u00fcr gro\u00dfe Baustellen bis zu 200 kWh pro Tag. Effiziente Energieversorgung f\u00fcr anspruchsvolle Anwendungen.\",\"breadcrumb\":{\"@id\":\"https:\/\/mobilhybrid.de\/product\/mh-108\/#breadcrumb\"},\"inLanguage\":\"es\",\"potentialAction\":[{\"@type\":\"ReadAction\",\"target\":[\"https:\/\/mobilhybrid.de\/product\/mh-108\/\"]}]},{\"@type\":\"ImageObject\",\"inLanguage\":\"es\",\"@id\":\"https:\/\/mobilhybrid.de\/product\/mh-108\/#primaryimage\",\"url\":\"https:\/\/mobilhybrid.de\/wp-content\/uploads\/2023\/09\/ContainerHybrid.jpg\",\"contentUrl\":\"https:\/\/mobilhybrid.de\/wp-content\/uploads\/2023\/09\/ContainerHybrid.jpg\",\"width\":1000,\"height\":1000,\"caption\":\"ContainerHybrid MH-108\"},{\"@type\":\"BreadcrumbList\",\"@id\":\"https:\/\/mobilhybrid.de\/product\/mh-108\/#breadcrumb\",\"itemListElement\":[{\"@type\":\"ListItem\",\"position\":1,\"name\":\"Home\",\"item\":\"https:\/\/mobilhybrid.de\/\"},{\"@type\":\"ListItem\",\"position\":2,\"name\":\"Produkte\",\"item\":\"https:\/\/mobilhybrid.de\/shop\/\"},{\"@type\":\"ListItem\",\"position\":3,\"name\":\"MH-108\"}]},{\"@type\":\"WebSite\",\"@id\":\"https:\/\/mobilhybrid.de\/#website\",\"url\":\"https:\/\/mobilhybrid.de\/\",\"name\":\"MobilHybrid\",\"description\":\"die autarke, mobile netzunabh\u00e4ngige Stromversorgung\",\"publisher\":{\"@id\":\"https:\/\/mobilhybrid.de\/#organization\"},\"potentialAction\":[{\"@type\":\"SearchAction\",\"target\":{\"@type\":\"EntryPoint\",\"urlTemplate\":\"https:\/\/mobilhybrid.de\/?s={search_term_string}\"},\"query-input\":{\"@type\":\"PropertyValueSpecification\",\"valueRequired\":true,\"valueName\":\"search_term_string\"}}],\"inLanguage\":\"es\"},{\"@type\":\"Organization\",\"@id\":\"https:\/\/mobilhybrid.de\/#organization\",\"name\":\"MobilHybrid GmbH\",\"url\":\"https:\/\/mobilhybrid.de\/\",\"logo\":{\"@type\":\"ImageObject\",\"inLanguage\":\"es\",\"@id\":\"https:\/\/mobilhybrid.de\/#\/schema\/logo\/image\/\",\"url\":\"https:\/\/mobilhybrid.de\/wp-content\/uploads\/2020\/04\/152.png\",\"contentUrl\":\"https:\/\/mobilhybrid.de\/wp-content\/uploads\/2020\/04\/152.png\",\"width\":152,\"height\":152,\"caption\":\"MobilHybrid GmbH\"},\"image\":{\"@id\":\"https:\/\/mobilhybrid.de\/#\/schema\/logo\/image\/\"},\"sameAs\":[\"https:\/\/www.facebook.com\/MobilHybrid\/\",\"https:\/\/www.instagram.com\/_mobilhybrid_\/?hl=de\",\"https:\/\/www.youtube.com\/@pv4lifegmbh476\",\"https:\/\/de.linkedin.com\/company\/mobilhybrid-ug\"]}]}<\/script>\n<!-- \/ Yoast SEO plugin. -->","yoast_head_json":{"title":"ContainerHybrid MH-108 - Alto rendimiento para grandes obras","description":"El ContainerHybrid MH-108 ofrece una potencia m\u00e1xima para grandes obras de hasta 200 kWh al d\u00eda. Suministro de energ\u00eda eficiente para aplicaciones exigentes.","robots":{"index":"index","follow":"follow","max-snippet":"max-snippet:-1","max-image-preview":"max-image-preview:large","max-video-preview":"max-video-preview:-1"},"canonical":"https:\/\/mobilhybrid.de\/es\/producto\/mh-108\/","og_locale":"es_ES","og_type":"article","og_title":"ContainerHybrid MH-108 \u2013 H\u00f6chstleistung f\u00fcr Gro\u00dfe Baustellen","og_description":"Der ContainerHybrid MH-108 liefert Spitzenleistung f\u00fcr gro\u00dfe Baustellen bis zu 200 kWh pro Tag. Effiziente Energieversorgung f\u00fcr anspruchsvolle Anwendungen.","og_url":"https:\/\/mobilhybrid.de\/es\/producto\/mh-108\/","og_site_name":"MobilHybrid","article_publisher":"https:\/\/www.facebook.com\/MobilHybrid\/","article_modified_time":"2025-07-06T13:43:41+00:00","og_image":[{"width":1000,"height":1000,"url":"https:\/\/mobilhybrid.de\/wp-content\/uploads\/2023\/09\/ContainerHybrid.jpg","type":"image\/jpeg"}],"twitter_card":"summary_large_image","schema":{"@context":"https:\/\/schema.org","@graph":[{"@type":"WebPage","@id":"https:\/\/mobilhybrid.de\/product\/mh-108\/","url":"https:\/\/mobilhybrid.de\/product\/mh-108\/","name":"ContainerHybrid MH-108 - Alto rendimiento para grandes obras","isPartOf":{"@id":"https:\/\/mobilhybrid.de\/#website"},"primaryImageOfPage":{"@id":"https:\/\/mobilhybrid.de\/product\/mh-108\/#primaryimage"},"image":{"@id":"https:\/\/mobilhybrid.de\/product\/mh-108\/#primaryimage"},"thumbnailUrl":"https:\/\/mobilhybrid.de\/wp-content\/uploads\/2023\/09\/ContainerHybrid.jpg","datePublished":"2020-04-13T16:04:38+00:00","dateModified":"2025-07-06T13:43:41+00:00","description":"El ContainerHybrid MH-108 ofrece una potencia m\u00e1xima para grandes obras de hasta 200 kWh al d\u00eda. Suministro de energ\u00eda eficiente para aplicaciones exigentes.","breadcrumb":{"@id":"https:\/\/mobilhybrid.de\/product\/mh-108\/#breadcrumb"},"inLanguage":"es","potentialAction":[{"@type":"ReadAction","target":["https:\/\/mobilhybrid.de\/product\/mh-108\/"]}]},{"@type":"ImageObject","inLanguage":"es","@id":"https:\/\/mobilhybrid.de\/product\/mh-108\/#primaryimage","url":"https:\/\/mobilhybrid.de\/wp-content\/uploads\/2023\/09\/ContainerHybrid.jpg","contentUrl":"https:\/\/mobilhybrid.de\/wp-content\/uploads\/2023\/09\/ContainerHybrid.jpg","width":1000,"height":1000,"caption":"ContainerHybrid MH-108"},{"@type":"BreadcrumbList","@id":"https:\/\/mobilhybrid.de\/product\/mh-108\/#breadcrumb","itemListElement":[{"@type":"ListItem","position":1,"name":"Home","item":"https:\/\/mobilhybrid.de\/"},{"@type":"ListItem","position":2,"name":"Produkte","item":"https:\/\/mobilhybrid.de\/shop\/"},{"@type":"ListItem","position":3,"name":"MH-108"}]},{"@type":"WebSite","@id":"https:\/\/mobilhybrid.de\/#website","url":"https:\/\/mobilhybrid.de\/","name":"MobilHybrid","description":"el suministro de energ\u00eda autosuficiente, m\u00f3vil y fuera de la red","publisher":{"@id":"https:\/\/mobilhybrid.de\/#organization"},"potentialAction":[{"@type":"SearchAction","target":{"@type":"EntryPoint","urlTemplate":"https:\/\/mobilhybrid.de\/?s={search_term_string}"},"query-input":{"@type":"PropertyValueSpecification","valueRequired":true,"valueName":"search_term_string"}}],"inLanguage":"es"},{"@type":"Organization","@id":"https:\/\/mobilhybrid.de\/#organization","name":"MobilHybrid GmbH","url":"https:\/\/mobilhybrid.de\/","logo":{"@type":"ImageObject","inLanguage":"es","@id":"https:\/\/mobilhybrid.de\/#\/schema\/logo\/image\/","url":"https:\/\/mobilhybrid.de\/wp-content\/uploads\/2020\/04\/152.png","contentUrl":"https:\/\/mobilhybrid.de\/wp-content\/uploads\/2020\/04\/152.png","width":152,"height":152,"caption":"MobilHybrid GmbH"},"image":{"@id":"https:\/\/mobilhybrid.de\/#\/schema\/logo\/image\/"},"sameAs":["https:\/\/www.facebook.com\/MobilHybrid\/","https:\/\/www.instagram.com\/_mobilhybrid_\/?hl=de","https:\/\/www.youtube.com\/@pv4lifegmbh476","https:\/\/de.linkedin.com\/company\/mobilhybrid-ug"]}]}},"_links":{"self":[{"href":"https:\/\/mobilhybrid.de\/es\/wp-json\/wp\/v2\/product\/1146","targetHints":{"allow":["GET"]}}],"collection":[{"href":"https:\/\/mobilhybrid.de\/es\/wp-json\/wp\/v2\/product"}],"about":[{"href":"https:\/\/mobilhybrid.de\/es\/wp-json\/wp\/v2\/types\/product"}],"replies":[{"embeddable":true,"href":"https:\/\/mobilhybrid.de\/es\/wp-json\/wp\/v2\/comments?post=1146"}],"wp:featuredmedia":[{"embeddable":true,"href":"https:\/\/mobilhybrid.de\/es\/wp-json\/wp\/v2\/media\/2515"}],"wp:attachment":[{"href":"https:\/\/mobilhybrid.de\/es\/wp-json\/wp\/v2\/media?parent=1146"}],"wp:term":[{"taxonomy":"product_brand","embeddable":true,"href":"https:\/\/mobilhybrid.de\/es\/wp-json\/wp\/v2\/product_brand?post=1146"},{"taxonomy":"product_cat","embeddable":true,"href":"https:\/\/mobilhybrid.de\/es\/wp-json\/wp\/v2\/product_cat?post=1146"},{"taxonomy":"product_tag","embeddable":true,"href":"https:\/\/mobilhybrid.de\/es\/wp-json\/wp\/v2\/product_tag?post=1146"}],"curies":[{"name":"wp","href":"https:\/\/api.w.org\/{rel}","templated":true}]}}