{"id":1552,"date":"2022-02-10T20:18:43","date_gmt":"2022-02-10T19:18:43","guid":{"rendered":"https:\/\/mhdemo.local\/?post_type=product&#038;p=1552"},"modified":"2025-07-06T15:42:24","modified_gmt":"2025-07-06T13:42:24","slug":"hogarhibrido","status":"publish","type":"product","link":"https:\/\/mobilhybrid.de\/es\/producto\/hogarhibrido\/","title":{"rendered":"InicioH\u00edbrido"},"content":{"rendered":"<p>En <strong><span style=\"color: #58a332;\">H<\/span><\/strong>ome<strong><span style=\"color: #58a332;\">H<\/span><\/strong>ybrid funciona sin alimentar la red y funciona como un sistema de alimentaci\u00f3n ininterrumpida. Protege a los consumidores el\u00e9ctricos, como los sistemas inform\u00e1ticos y las bombas de calor. Adem\u00e1s, elimina las trabas burocr\u00e1ticas del operador de la red y la Agencia Tributaria. La energ\u00eda solar se almacena y utiliza de forma eficiente. El sitio <strong><span style=\"color: #58a332;\">H<\/span><\/strong>ome<strong><span style=\"color: #58a332;\">H<\/span><\/strong>ybrid es ideal para cualquiera que busque la m\u00e1xima seguridad de suministro, tanto para hogares como para empresas.<\/p>\n<p>En caso de apag\u00f3n, el <strong><span style=\"color: #58a332;\">H<\/span><\/strong>ome<strong><span style=\"color: #58a332;\">H<\/span><\/strong>ybrid para un suministro ininterrumpido de energ\u00eda a todos los consumidores durante varias horas, d\u00edas, semanas o incluso meses. Adem\u00e1s del sistema fotovoltaico, puede conectarse un generador el\u00e9ctrico. El sitio <strong><span style=\"color: #58a332;\">H<\/span><\/strong>ome<strong><span style=\"color: #58a332;\">H<\/span><\/strong>ybrid controla este proceso autom\u00e1ticamente. Si la energ\u00eda de la instalaci\u00f3n fotovoltaica es insuficiente o se est\u00e1n utilizando aparatos con elevados requisitos energ\u00e9ticos, el <strong><span style=\"color: #58a332;\">H<\/span><\/strong>ome<strong><span style=\"color: #58a332;\">H<\/span><\/strong>ybridar autom\u00e1ticamente el generador de energ\u00eda. La energ\u00eda generada se utiliza para cargar la bater\u00eda y hacer funcionar el generador de la forma m\u00e1s eficiente posible. El sitio <strong><span style=\"color: #58a332;\">H<\/span><\/strong>ome<strong><span style=\"color: #58a332;\">H<\/span><\/strong>ybrid se entrega completamente listo para su conexi\u00f3n a la vivienda, incluyendo todos los componentes necesarios en una carcasa que ahorra espacio. Adem\u00e1s del sistema de almacenamiento, tambi\u00e9n ofrecemos m\u00f3dulos fotovoltaicos y subestructuras de un solo proveedor.<\/p>","protected":false},"excerpt":{"rendered":"<p>En <strong><span style=\"color: #58a332;\">H<\/span><\/strong>ome<strong><span style=\"color: #58a332;\">H<\/span><\/strong>ybrid es una fuente de energ\u00eda aut\u00f3noma que funciona independientemente de la red el\u00e9ctrica y funciona como un sistema de alimentaci\u00f3n ininterrumpida. De este modo se protegen los aparatos el\u00e9ctricos sensibles, como ordenadores y bombas de calor. Este modo de funcionamiento reduce considerablemente las trabas burocr\u00e1ticas tanto para el operador de la red como para la Agencia Tributaria.<\/p>","protected":false},"featured_media":2238,"comment_status":"closed","ping_status":"closed","template":"","meta":[],"product_brand":[],"product_cat":[64],"product_tag":[],"class_list":{"0":"post-1552","1":"product","2":"type-product","3":"status-publish","4":"has-post-thumbnail","6":"product_cat-homehybrid","8":"first","9":"instock","10":"shipping-taxable","11":"product-type-simple"},"yoast_head":"<!-- This site is optimized with the Yoast SEO plugin v26.6 - https:\/\/yoast.com\/wordpress\/plugins\/seo\/ -->\n<title>HomeHybrid \u2013 Stromversorgung f\u00fcr Haushalte &amp; Gewerbe<\/title>\n<meta name=\"description\" content=\"Der HomeHybrid bietet zuverl\u00e4ssige Notstromversorgung. Speichern Sie Solarstrom effizient und genie\u00dfen Sie maximale Versorgungssicherheit\" \/>\n<meta name=\"robots\" content=\"index, follow, max-snippet:-1, max-image-preview:large, max-video-preview:-1\" \/>\n<link rel=\"canonical\" href=\"https:\/\/mobilhybrid.de\/es\/producto\/hogarhibrido\/\" \/>\n<meta property=\"og:locale\" content=\"es_ES\" \/>\n<meta property=\"og:type\" content=\"article\" \/>\n<meta property=\"og:title\" content=\"HomeHybrid \u2013 Stromversorgung f\u00fcr Haushalte &amp; Gewerbe\" \/>\n<meta property=\"og:description\" content=\"Der HomeHybrid bietet zuverl\u00e4ssige Notstromversorgung. Speichern Sie Solarstrom effizient und genie\u00dfen Sie maximale Versorgungssicherheit\" \/>\n<meta property=\"og:url\" content=\"https:\/\/mobilhybrid.de\/es\/producto\/hogarhibrido\/\" \/>\n<meta property=\"og:site_name\" content=\"MobilHybrid\" \/>\n<meta property=\"article:publisher\" content=\"https:\/\/www.facebook.com\/MobilHybrid\/\" \/>\n<meta property=\"article:modified_time\" content=\"2025-07-06T13:42:24+00:00\" \/>\n<meta property=\"og:image\" content=\"https:\/\/mobilhybrid.de\/wp-content\/uploads\/2023\/08\/HomeHybrid.jpg\" \/>\n\t<meta property=\"og:image:width\" content=\"1000\" \/>\n\t<meta property=\"og:image:height\" content=\"1000\" \/>\n\t<meta property=\"og:image:type\" content=\"image\/jpeg\" \/>\n<meta name=\"twitter:card\" content=\"summary_large_image\" \/>\n<script type=\"application\/ld+json\" class=\"yoast-schema-graph\">{\"@context\":\"https:\/\/schema.org\",\"@graph\":[{\"@type\":\"WebPage\",\"@id\":\"https:\/\/mobilhybrid.de\/product\/homehybrid\/\",\"url\":\"https:\/\/mobilhybrid.de\/product\/homehybrid\/\",\"name\":\"HomeHybrid \u2013 Stromversorgung f\u00fcr Haushalte & Gewerbe\",\"isPartOf\":{\"@id\":\"https:\/\/mobilhybrid.de\/#website\"},\"primaryImageOfPage\":{\"@id\":\"https:\/\/mobilhybrid.de\/product\/homehybrid\/#primaryimage\"},\"image\":{\"@id\":\"https:\/\/mobilhybrid.de\/product\/homehybrid\/#primaryimage\"},\"thumbnailUrl\":\"https:\/\/mobilhybrid.de\/wp-content\/uploads\/2023\/08\/HomeHybrid.jpg\",\"datePublished\":\"2022-02-10T19:18:43+00:00\",\"dateModified\":\"2025-07-06T13:42:24+00:00\",\"description\":\"Der HomeHybrid bietet zuverl\u00e4ssige Notstromversorgung. Speichern Sie Solarstrom effizient und genie\u00dfen Sie maximale Versorgungssicherheit\",\"breadcrumb\":{\"@id\":\"https:\/\/mobilhybrid.de\/product\/homehybrid\/#breadcrumb\"},\"inLanguage\":\"es\",\"potentialAction\":[{\"@type\":\"ReadAction\",\"target\":[\"https:\/\/mobilhybrid.de\/product\/homehybrid\/\"]}]},{\"@type\":\"ImageObject\",\"inLanguage\":\"es\",\"@id\":\"https:\/\/mobilhybrid.de\/product\/homehybrid\/#primaryimage\",\"url\":\"https:\/\/mobilhybrid.de\/wp-content\/uploads\/2023\/08\/HomeHybrid.jpg\",\"contentUrl\":\"https:\/\/mobilhybrid.de\/wp-content\/uploads\/2023\/08\/HomeHybrid.jpg\",\"width\":1000,\"height\":1000,\"caption\":\"HomeHybrid\"},{\"@type\":\"BreadcrumbList\",\"@id\":\"https:\/\/mobilhybrid.de\/product\/homehybrid\/#breadcrumb\",\"itemListElement\":[{\"@type\":\"ListItem\",\"position\":1,\"name\":\"Home\",\"item\":\"https:\/\/mobilhybrid.de\/\"},{\"@type\":\"ListItem\",\"position\":2,\"name\":\"Produkte\",\"item\":\"https:\/\/mobilhybrid.de\/shop\/\"},{\"@type\":\"ListItem\",\"position\":3,\"name\":\"HomeHybrid\"}]},{\"@type\":\"WebSite\",\"@id\":\"https:\/\/mobilhybrid.de\/#website\",\"url\":\"https:\/\/mobilhybrid.de\/\",\"name\":\"MobilHybrid\",\"description\":\"die autarke, mobile netzunabh\u00e4ngige Stromversorgung\",\"publisher\":{\"@id\":\"https:\/\/mobilhybrid.de\/#organization\"},\"potentialAction\":[{\"@type\":\"SearchAction\",\"target\":{\"@type\":\"EntryPoint\",\"urlTemplate\":\"https:\/\/mobilhybrid.de\/?s={search_term_string}\"},\"query-input\":{\"@type\":\"PropertyValueSpecification\",\"valueRequired\":true,\"valueName\":\"search_term_string\"}}],\"inLanguage\":\"es\"},{\"@type\":\"Organization\",\"@id\":\"https:\/\/mobilhybrid.de\/#organization\",\"name\":\"MobilHybrid GmbH\",\"url\":\"https:\/\/mobilhybrid.de\/\",\"logo\":{\"@type\":\"ImageObject\",\"inLanguage\":\"es\",\"@id\":\"https:\/\/mobilhybrid.de\/#\/schema\/logo\/image\/\",\"url\":\"https:\/\/mobilhybrid.de\/wp-content\/uploads\/2020\/04\/152.png\",\"contentUrl\":\"https:\/\/mobilhybrid.de\/wp-content\/uploads\/2020\/04\/152.png\",\"width\":152,\"height\":152,\"caption\":\"MobilHybrid GmbH\"},\"image\":{\"@id\":\"https:\/\/mobilhybrid.de\/#\/schema\/logo\/image\/\"},\"sameAs\":[\"https:\/\/www.facebook.com\/MobilHybrid\/\",\"https:\/\/www.instagram.com\/_mobilhybrid_\/?hl=de\",\"https:\/\/www.youtube.com\/@pv4lifegmbh476\",\"https:\/\/de.linkedin.com\/company\/mobilhybrid-ug\"]}]}<\/script>\n<!-- \/ Yoast SEO plugin. -->","yoast_head_json":{"title":"HomeHybrid - Suministro el\u00e9ctrico para hogares y empresas","description":"El HomeHybrid ofrece un suministro el\u00e9ctrico de emergencia fiable. Almacena la energ\u00eda solar de forma eficiente y disfruta de la m\u00e1xima seguridad de suministro.","robots":{"index":"index","follow":"follow","max-snippet":"max-snippet:-1","max-image-preview":"max-image-preview:large","max-video-preview":"max-video-preview:-1"},"canonical":"https:\/\/mobilhybrid.de\/es\/producto\/hogarhibrido\/","og_locale":"es_ES","og_type":"article","og_title":"HomeHybrid \u2013 Stromversorgung f\u00fcr Haushalte & Gewerbe","og_description":"Der HomeHybrid bietet zuverl\u00e4ssige Notstromversorgung. Speichern Sie Solarstrom effizient und genie\u00dfen Sie maximale Versorgungssicherheit","og_url":"https:\/\/mobilhybrid.de\/es\/producto\/hogarhibrido\/","og_site_name":"MobilHybrid","article_publisher":"https:\/\/www.facebook.com\/MobilHybrid\/","article_modified_time":"2025-07-06T13:42:24+00:00","og_image":[{"width":1000,"height":1000,"url":"https:\/\/mobilhybrid.de\/wp-content\/uploads\/2023\/08\/HomeHybrid.jpg","type":"image\/jpeg"}],"twitter_card":"summary_large_image","schema":{"@context":"https:\/\/schema.org","@graph":[{"@type":"WebPage","@id":"https:\/\/mobilhybrid.de\/product\/homehybrid\/","url":"https:\/\/mobilhybrid.de\/product\/homehybrid\/","name":"HomeHybrid - Suministro el\u00e9ctrico para hogares y empresas","isPartOf":{"@id":"https:\/\/mobilhybrid.de\/#website"},"primaryImageOfPage":{"@id":"https:\/\/mobilhybrid.de\/product\/homehybrid\/#primaryimage"},"image":{"@id":"https:\/\/mobilhybrid.de\/product\/homehybrid\/#primaryimage"},"thumbnailUrl":"https:\/\/mobilhybrid.de\/wp-content\/uploads\/2023\/08\/HomeHybrid.jpg","datePublished":"2022-02-10T19:18:43+00:00","dateModified":"2025-07-06T13:42:24+00:00","description":"El HomeHybrid ofrece un suministro el\u00e9ctrico de emergencia fiable. Almacena la energ\u00eda solar de forma eficiente y disfruta de la m\u00e1xima seguridad de suministro.","breadcrumb":{"@id":"https:\/\/mobilhybrid.de\/product\/homehybrid\/#breadcrumb"},"inLanguage":"es","potentialAction":[{"@type":"ReadAction","target":["https:\/\/mobilhybrid.de\/product\/homehybrid\/"]}]},{"@type":"ImageObject","inLanguage":"es","@id":"https:\/\/mobilhybrid.de\/product\/homehybrid\/#primaryimage","url":"https:\/\/mobilhybrid.de\/wp-content\/uploads\/2023\/08\/HomeHybrid.jpg","contentUrl":"https:\/\/mobilhybrid.de\/wp-content\/uploads\/2023\/08\/HomeHybrid.jpg","width":1000,"height":1000,"caption":"HomeHybrid"},{"@type":"BreadcrumbList","@id":"https:\/\/mobilhybrid.de\/product\/homehybrid\/#breadcrumb","itemListElement":[{"@type":"ListItem","position":1,"name":"Home","item":"https:\/\/mobilhybrid.de\/"},{"@type":"ListItem","position":2,"name":"Produkte","item":"https:\/\/mobilhybrid.de\/shop\/"},{"@type":"ListItem","position":3,"name":"HomeHybrid"}]},{"@type":"WebSite","@id":"https:\/\/mobilhybrid.de\/#website","url":"https:\/\/mobilhybrid.de\/","name":"MobilHybrid","description":"el suministro de energ\u00eda autosuficiente, m\u00f3vil y fuera de la red","publisher":{"@id":"https:\/\/mobilhybrid.de\/#organization"},"potentialAction":[{"@type":"SearchAction","target":{"@type":"EntryPoint","urlTemplate":"https:\/\/mobilhybrid.de\/?s={search_term_string}"},"query-input":{"@type":"PropertyValueSpecification","valueRequired":true,"valueName":"search_term_string"}}],"inLanguage":"es"},{"@type":"Organization","@id":"https:\/\/mobilhybrid.de\/#organization","name":"MobilHybrid GmbH","url":"https:\/\/mobilhybrid.de\/","logo":{"@type":"ImageObject","inLanguage":"es","@id":"https:\/\/mobilhybrid.de\/#\/schema\/logo\/image\/","url":"https:\/\/mobilhybrid.de\/wp-content\/uploads\/2020\/04\/152.png","contentUrl":"https:\/\/mobilhybrid.de\/wp-content\/uploads\/2020\/04\/152.png","width":152,"height":152,"caption":"MobilHybrid GmbH"},"image":{"@id":"https:\/\/mobilhybrid.de\/#\/schema\/logo\/image\/"},"sameAs":["https:\/\/www.facebook.com\/MobilHybrid\/","https:\/\/www.instagram.com\/_mobilhybrid_\/?hl=de","https:\/\/www.youtube.com\/@pv4lifegmbh476","https:\/\/de.linkedin.com\/company\/mobilhybrid-ug"]}]}},"_links":{"self":[{"href":"https:\/\/mobilhybrid.de\/es\/wp-json\/wp\/v2\/product\/1552","targetHints":{"allow":["GET"]}}],"collection":[{"href":"https:\/\/mobilhybrid.de\/es\/wp-json\/wp\/v2\/product"}],"about":[{"href":"https:\/\/mobilhybrid.de\/es\/wp-json\/wp\/v2\/types\/product"}],"replies":[{"embeddable":true,"href":"https:\/\/mobilhybrid.de\/es\/wp-json\/wp\/v2\/comments?post=1552"}],"wp:featuredmedia":[{"embeddable":true,"href":"https:\/\/mobilhybrid.de\/es\/wp-json\/wp\/v2\/media\/2238"}],"wp:attachment":[{"href":"https:\/\/mobilhybrid.de\/es\/wp-json\/wp\/v2\/media?parent=1552"}],"wp:term":[{"taxonomy":"product_brand","embeddable":true,"href":"https:\/\/mobilhybrid.de\/es\/wp-json\/wp\/v2\/product_brand?post=1552"},{"taxonomy":"product_cat","embeddable":true,"href":"https:\/\/mobilhybrid.de\/es\/wp-json\/wp\/v2\/product_cat?post=1552"},{"taxonomy":"product_tag","embeddable":true,"href":"https:\/\/mobilhybrid.de\/es\/wp-json\/wp\/v2\/product_tag?post=1552"}],"curies":[{"name":"wp","href":"https:\/\/api.w.org\/{rel}","templated":true}]}}