{"id":1598,"date":"2022-02-16T21:42:24","date_gmt":"2022-02-16T20:42:24","guid":{"rendered":"https:\/\/mhdemo.local\/?post_type=product&#038;p=1598"},"modified":"2025-07-06T15:37:00","modified_gmt":"2025-07-06T13:37:00","slug":"foldpv","status":"publish","type":"product","link":"https:\/\/mobilhybrid.de\/es\/producto\/foldpv\/","title":{"rendered":"PlegablePV"},"content":{"rendered":"<p>En <strong><span style=\"color: #58a332;\">K<\/span><\/strong>lapp<strong><span style=\"color: #58a332;\">FV<\/span><\/strong> es un innovador sistema fotovoltaico especialmente dise\u00f1ado para aplicaciones m\u00f3viles y uso temporal. Se caracteriza por una serie de ventajas que lo convierten en la opci\u00f3n ideal para diversos \u00e1mbitos de aplicaci\u00f3n:<\/p>\n<p><strong>1. uso gratuito de energ\u00eda fotovoltaica en obras, ferias y eventos<\/strong>En <strong><span style=\"color: #58a332;\">K<\/span><\/strong>lapp<strong><span style=\"color: #58a332;\">FV<\/span><\/strong> permite utilizar la energ\u00eda fotovoltaica sin problemas ni licencias en diversos entornos, como obras, ferias y eventos. Se trata de una alternativa rentable y respetuosa con el medio ambiente a las fuentes de energ\u00eda convencionales.<\/p>\n<p><strong>2. f\u00e1cil transporte y almacenamiento seguro en el estante de transporte<\/strong>En <strong><span style=\"color: #58a332;\">K<\/span><\/strong>lapp<strong><span style=\"color: #58a332;\">FV<\/span><\/strong> es extremadamente m\u00f3vil y puede guardarse de forma segura en su bastidor de transporte especial. Esto facilita el transporte y protege el sistema de posibles da\u00f1os.<\/p>\n<p><strong>3. modular y ampliable con flexibilidad<\/strong>En <strong><span style=\"color: #58a332;\">K<\/span><\/strong>lapp<strong><span style=\"color: #58a332;\">FV<\/span><\/strong> tiene una estructura modular, lo que significa que puede ampliarse seg\u00fan las necesidades. Esto permite una adaptaci\u00f3n flexible a las distintas necesidades.<\/p>\n<p><strong>4. ajustable hasta 30\u00b0 respecto al sol - 20% mayor rendimiento energ\u00e9tico<\/strong>En <strong><span style=\"color: #58a332;\">K<\/span><\/strong>lapp<strong><span style=\"color: #58a332;\">FV<\/span><\/strong> puede orientarse hasta 30 grados hacia el sol, lo que permite obtener hasta 20% m\u00e1s de energ\u00eda en comparaci\u00f3n con el funcionamiento en plano.<\/p>\n<p><strong>5. utilizaci\u00f3n flexible de la energ\u00eda solar all\u00ed donde se necesite<\/strong>En <strong><span style=\"color: #58a332;\">K<\/span><\/strong>lapp<strong><span style=\"color: #58a332;\">FV<\/span><\/strong> ofrece la posibilidad de utilizar la energ\u00eda solar de forma flexible en distintos lugares donde se necesite. Esto puede incluir vertederos, casas de fin de semana, pastos de monta\u00f1a, obras itinerantes y mucho m\u00e1s.<\/p>\n<p><strong>6. plug &amp; play, montaje\/desmontaje en 2 minutos<\/strong>: La instalaci\u00f3n del <strong><span style=\"color: #58a332;\">K<\/span><\/strong>lapp<strong><span style=\"color: #58a332;\">FV<\/span><\/strong> es extremadamente sencillo y s\u00f3lo lleva unos minutos. El principio \"plug &amp; play\" permite un montaje y desmontaje r\u00e1pidos, lo que aumenta la eficiencia.<\/p>","protected":false},"excerpt":{"rendered":"<p>En <strong><span style=\"color: #58a332;\">K<\/span><\/strong>lapp<strong><span style=\"color: #58a332;\">FV<\/span><\/strong> es la soluci\u00f3n \u00f3ptima para el suministro temporal de energ\u00eda y proporciona energ\u00eda solar respetuosa con el medio ambiente all\u00ed donde se necesita. Su versatilidad y eficiencia la convierten en la primera opci\u00f3n para aplicaciones a corto y medio plazo en distintos entornos.<\/p>","protected":false},"featured_media":2470,"comment_status":"closed","ping_status":"closed","template":"","meta":[],"product_brand":[],"product_cat":[65],"product_tag":[],"class_list":{"0":"post-1598","1":"product","2":"type-product","3":"status-publish","4":"has-post-thumbnail","6":"product_cat-pv-systeme","8":"first","9":"instock","10":"shipping-taxable","11":"product-type-simple"},"yoast_head":"<!-- This site is optimized with the Yoast SEO plugin v26.6 - https:\/\/yoast.com\/wordpress\/plugins\/seo\/ -->\n<title>KlappPV - MobilHybrid<\/title>\n<meta name=\"description\" content=\"Die MobilHybrid KlappPV ist Ihre mobile PV Anlage f\u00fcr die netzunabh\u00e4ngige Stromversorgung Ihrer Betriebsst\u00e4tte oder Baustelle.\" \/>\n<meta name=\"robots\" content=\"index, follow, max-snippet:-1, max-image-preview:large, max-video-preview:-1\" \/>\n<link rel=\"canonical\" href=\"https:\/\/mobilhybrid.de\/es\/producto\/foldpv\/\" \/>\n<meta property=\"og:locale\" content=\"es_ES\" \/>\n<meta property=\"og:type\" content=\"article\" \/>\n<meta property=\"og:title\" content=\"KlappPV - MobilHybrid\" \/>\n<meta property=\"og:description\" content=\"Die MobilHybrid KlappPV ist Ihre mobile PV Anlage f\u00fcr die netzunabh\u00e4ngige Stromversorgung Ihrer Betriebsst\u00e4tte oder Baustelle.\" \/>\n<meta property=\"og:url\" content=\"https:\/\/mobilhybrid.de\/es\/producto\/foldpv\/\" \/>\n<meta property=\"og:site_name\" content=\"MobilHybrid\" \/>\n<meta property=\"article:publisher\" content=\"https:\/\/www.facebook.com\/MobilHybrid\/\" \/>\n<meta property=\"article:modified_time\" content=\"2025-07-06T13:37:00+00:00\" \/>\n<meta property=\"og:image\" content=\"https:\/\/mobilhybrid.de\/wp-content\/uploads\/2023\/09\/KlappPV-WP.jpg\" \/>\n\t<meta property=\"og:image:width\" content=\"1000\" \/>\n\t<meta property=\"og:image:height\" content=\"1000\" \/>\n\t<meta property=\"og:image:type\" content=\"image\/jpeg\" \/>\n<meta name=\"twitter:card\" content=\"summary_large_image\" \/>\n<script type=\"application\/ld+json\" class=\"yoast-schema-graph\">{\"@context\":\"https:\/\/schema.org\",\"@graph\":[{\"@type\":\"WebPage\",\"@id\":\"https:\/\/mobilhybrid.de\/product\/klapppv\/\",\"url\":\"https:\/\/mobilhybrid.de\/product\/klapppv\/\",\"name\":\"KlappPV - MobilHybrid\",\"isPartOf\":{\"@id\":\"https:\/\/mobilhybrid.de\/#website\"},\"primaryImageOfPage\":{\"@id\":\"https:\/\/mobilhybrid.de\/product\/klapppv\/#primaryimage\"},\"image\":{\"@id\":\"https:\/\/mobilhybrid.de\/product\/klapppv\/#primaryimage\"},\"thumbnailUrl\":\"https:\/\/mobilhybrid.de\/wp-content\/uploads\/2023\/09\/KlappPV-WP.jpg\",\"datePublished\":\"2022-02-16T20:42:24+00:00\",\"dateModified\":\"2025-07-06T13:37:00+00:00\",\"description\":\"Die MobilHybrid KlappPV ist Ihre mobile PV Anlage f\u00fcr die netzunabh\u00e4ngige Stromversorgung Ihrer Betriebsst\u00e4tte oder Baustelle.\",\"breadcrumb\":{\"@id\":\"https:\/\/mobilhybrid.de\/product\/klapppv\/#breadcrumb\"},\"inLanguage\":\"es\",\"potentialAction\":[{\"@type\":\"ReadAction\",\"target\":[\"https:\/\/mobilhybrid.de\/product\/klapppv\/\"]}]},{\"@type\":\"ImageObject\",\"inLanguage\":\"es\",\"@id\":\"https:\/\/mobilhybrid.de\/product\/klapppv\/#primaryimage\",\"url\":\"https:\/\/mobilhybrid.de\/wp-content\/uploads\/2023\/09\/KlappPV-WP.jpg\",\"contentUrl\":\"https:\/\/mobilhybrid.de\/wp-content\/uploads\/2023\/09\/KlappPV-WP.jpg\",\"width\":1000,\"height\":1000,\"caption\":\"KlappPV\"},{\"@type\":\"BreadcrumbList\",\"@id\":\"https:\/\/mobilhybrid.de\/product\/klapppv\/#breadcrumb\",\"itemListElement\":[{\"@type\":\"ListItem\",\"position\":1,\"name\":\"Home\",\"item\":\"https:\/\/mobilhybrid.de\/\"},{\"@type\":\"ListItem\",\"position\":2,\"name\":\"Produkte\",\"item\":\"https:\/\/mobilhybrid.de\/shop\/\"},{\"@type\":\"ListItem\",\"position\":3,\"name\":\"KlappPV\"}]},{\"@type\":\"WebSite\",\"@id\":\"https:\/\/mobilhybrid.de\/#website\",\"url\":\"https:\/\/mobilhybrid.de\/\",\"name\":\"MobilHybrid\",\"description\":\"die autarke, mobile netzunabh\u00e4ngige Stromversorgung\",\"publisher\":{\"@id\":\"https:\/\/mobilhybrid.de\/#organization\"},\"potentialAction\":[{\"@type\":\"SearchAction\",\"target\":{\"@type\":\"EntryPoint\",\"urlTemplate\":\"https:\/\/mobilhybrid.de\/?s={search_term_string}\"},\"query-input\":{\"@type\":\"PropertyValueSpecification\",\"valueRequired\":true,\"valueName\":\"search_term_string\"}}],\"inLanguage\":\"es\"},{\"@type\":\"Organization\",\"@id\":\"https:\/\/mobilhybrid.de\/#organization\",\"name\":\"MobilHybrid GmbH\",\"url\":\"https:\/\/mobilhybrid.de\/\",\"logo\":{\"@type\":\"ImageObject\",\"inLanguage\":\"es\",\"@id\":\"https:\/\/mobilhybrid.de\/#\/schema\/logo\/image\/\",\"url\":\"https:\/\/mobilhybrid.de\/wp-content\/uploads\/2020\/04\/152.png\",\"contentUrl\":\"https:\/\/mobilhybrid.de\/wp-content\/uploads\/2020\/04\/152.png\",\"width\":152,\"height\":152,\"caption\":\"MobilHybrid GmbH\"},\"image\":{\"@id\":\"https:\/\/mobilhybrid.de\/#\/schema\/logo\/image\/\"},\"sameAs\":[\"https:\/\/www.facebook.com\/MobilHybrid\/\",\"https:\/\/www.instagram.com\/_mobilhybrid_\/?hl=de\",\"https:\/\/www.youtube.com\/@pv4lifegmbh476\",\"https:\/\/de.linkedin.com\/company\/mobilhybrid-ug\"]}]}<\/script>\n<!-- \/ Yoast SEO plugin. -->","yoast_head_json":{"title":"PlegablePV - MobilHybrid","description":"El sistema fotovoltaico plegable MobilHybrid es su sistema fotovoltaico m\u00f3vil para el suministro de energ\u00eda sin conexi\u00f3n a la red a sus locales comerciales u obras.","robots":{"index":"index","follow":"follow","max-snippet":"max-snippet:-1","max-image-preview":"max-image-preview:large","max-video-preview":"max-video-preview:-1"},"canonical":"https:\/\/mobilhybrid.de\/es\/producto\/foldpv\/","og_locale":"es_ES","og_type":"article","og_title":"KlappPV - MobilHybrid","og_description":"Die MobilHybrid KlappPV ist Ihre mobile PV Anlage f\u00fcr die netzunabh\u00e4ngige Stromversorgung Ihrer Betriebsst\u00e4tte oder Baustelle.","og_url":"https:\/\/mobilhybrid.de\/es\/producto\/foldpv\/","og_site_name":"MobilHybrid","article_publisher":"https:\/\/www.facebook.com\/MobilHybrid\/","article_modified_time":"2025-07-06T13:37:00+00:00","og_image":[{"width":1000,"height":1000,"url":"https:\/\/mobilhybrid.de\/wp-content\/uploads\/2023\/09\/KlappPV-WP.jpg","type":"image\/jpeg"}],"twitter_card":"summary_large_image","schema":{"@context":"https:\/\/schema.org","@graph":[{"@type":"WebPage","@id":"https:\/\/mobilhybrid.de\/product\/klapppv\/","url":"https:\/\/mobilhybrid.de\/product\/klapppv\/","name":"PlegablePV - MobilHybrid","isPartOf":{"@id":"https:\/\/mobilhybrid.de\/#website"},"primaryImageOfPage":{"@id":"https:\/\/mobilhybrid.de\/product\/klapppv\/#primaryimage"},"image":{"@id":"https:\/\/mobilhybrid.de\/product\/klapppv\/#primaryimage"},"thumbnailUrl":"https:\/\/mobilhybrid.de\/wp-content\/uploads\/2023\/09\/KlappPV-WP.jpg","datePublished":"2022-02-16T20:42:24+00:00","dateModified":"2025-07-06T13:37:00+00:00","description":"El sistema fotovoltaico plegable MobilHybrid es su sistema fotovoltaico m\u00f3vil para el suministro de energ\u00eda sin conexi\u00f3n a la red a sus locales comerciales u obras.","breadcrumb":{"@id":"https:\/\/mobilhybrid.de\/product\/klapppv\/#breadcrumb"},"inLanguage":"es","potentialAction":[{"@type":"ReadAction","target":["https:\/\/mobilhybrid.de\/product\/klapppv\/"]}]},{"@type":"ImageObject","inLanguage":"es","@id":"https:\/\/mobilhybrid.de\/product\/klapppv\/#primaryimage","url":"https:\/\/mobilhybrid.de\/wp-content\/uploads\/2023\/09\/KlappPV-WP.jpg","contentUrl":"https:\/\/mobilhybrid.de\/wp-content\/uploads\/2023\/09\/KlappPV-WP.jpg","width":1000,"height":1000,"caption":"KlappPV"},{"@type":"BreadcrumbList","@id":"https:\/\/mobilhybrid.de\/product\/klapppv\/#breadcrumb","itemListElement":[{"@type":"ListItem","position":1,"name":"Home","item":"https:\/\/mobilhybrid.de\/"},{"@type":"ListItem","position":2,"name":"Produkte","item":"https:\/\/mobilhybrid.de\/shop\/"},{"@type":"ListItem","position":3,"name":"KlappPV"}]},{"@type":"WebSite","@id":"https:\/\/mobilhybrid.de\/#website","url":"https:\/\/mobilhybrid.de\/","name":"MobilHybrid","description":"el suministro de energ\u00eda autosuficiente, m\u00f3vil y fuera de la red","publisher":{"@id":"https:\/\/mobilhybrid.de\/#organization"},"potentialAction":[{"@type":"SearchAction","target":{"@type":"EntryPoint","urlTemplate":"https:\/\/mobilhybrid.de\/?s={search_term_string}"},"query-input":{"@type":"PropertyValueSpecification","valueRequired":true,"valueName":"search_term_string"}}],"inLanguage":"es"},{"@type":"Organization","@id":"https:\/\/mobilhybrid.de\/#organization","name":"MobilHybrid GmbH","url":"https:\/\/mobilhybrid.de\/","logo":{"@type":"ImageObject","inLanguage":"es","@id":"https:\/\/mobilhybrid.de\/#\/schema\/logo\/image\/","url":"https:\/\/mobilhybrid.de\/wp-content\/uploads\/2020\/04\/152.png","contentUrl":"https:\/\/mobilhybrid.de\/wp-content\/uploads\/2020\/04\/152.png","width":152,"height":152,"caption":"MobilHybrid GmbH"},"image":{"@id":"https:\/\/mobilhybrid.de\/#\/schema\/logo\/image\/"},"sameAs":["https:\/\/www.facebook.com\/MobilHybrid\/","https:\/\/www.instagram.com\/_mobilhybrid_\/?hl=de","https:\/\/www.youtube.com\/@pv4lifegmbh476","https:\/\/de.linkedin.com\/company\/mobilhybrid-ug"]}]}},"_links":{"self":[{"href":"https:\/\/mobilhybrid.de\/es\/wp-json\/wp\/v2\/product\/1598","targetHints":{"allow":["GET"]}}],"collection":[{"href":"https:\/\/mobilhybrid.de\/es\/wp-json\/wp\/v2\/product"}],"about":[{"href":"https:\/\/mobilhybrid.de\/es\/wp-json\/wp\/v2\/types\/product"}],"replies":[{"embeddable":true,"href":"https:\/\/mobilhybrid.de\/es\/wp-json\/wp\/v2\/comments?post=1598"}],"wp:featuredmedia":[{"embeddable":true,"href":"https:\/\/mobilhybrid.de\/es\/wp-json\/wp\/v2\/media\/2470"}],"wp:attachment":[{"href":"https:\/\/mobilhybrid.de\/es\/wp-json\/wp\/v2\/media?parent=1598"}],"wp:term":[{"taxonomy":"product_brand","embeddable":true,"href":"https:\/\/mobilhybrid.de\/es\/wp-json\/wp\/v2\/product_brand?post=1598"},{"taxonomy":"product_cat","embeddable":true,"href":"https:\/\/mobilhybrid.de\/es\/wp-json\/wp\/v2\/product_cat?post=1598"},{"taxonomy":"product_tag","embeddable":true,"href":"https:\/\/mobilhybrid.de\/es\/wp-json\/wp\/v2\/product_tag?post=1598"}],"curies":[{"name":"wp","href":"https:\/\/api.w.org\/{rel}","templated":true}]}}