{"id":1633,"date":"2022-02-21T23:18:29","date_gmt":"2022-02-21T22:18:29","guid":{"rendered":"https:\/\/mhdemo.local\/?post_type=product&#038;p=1633"},"modified":"2025-07-06T15:30:56","modified_gmt":"2025-07-06T13:30:56","slug":"contenedorpv","status":"publish","type":"product","link":"https:\/\/mobilhybrid.de\/es\/producto\/contenedorpv\/","title":{"rendered":"ContenedorPV CPV20F"},"content":{"rendered":"<p>El nuevo <strong><span style=\"color: #58a332;\">C<\/span><\/strong>ontenedor<strong><span style=\"color: #58a332;\">FV<\/span><\/strong> es un innovador sistema solar para su contenedor. Simplemente col\u00f3quelo en el techo del contenedor y atorn\u00edllelo a las esquinas del contenedor utilizando los elementos de fijaci\u00f3n suministrados, y podr\u00e1 generar inmediatamente su propia energ\u00eda solar. El nuevo <strong><span style=\"color: #58a332;\">C<\/span><\/strong>ontenedor<strong><span style=\"color: #58a332;\">FV<\/span><\/strong> es el complemento ideal de nuestro <strong><span style=\"color: #58a332;\">M<\/span><\/strong>obil<strong><span style=\"color: #58a332;\">H<\/span><\/strong>ybrid, juntos optimizan el ahorro de CO2 y di\u00e9sel.<\/p>\n<p>Gracias a la sencilla opci\u00f3n de inclinaci\u00f3n, el <strong><span style=\"color: #58a332;\">C<\/span><\/strong>ontenedor<strong><span style=\"color: #58a332;\">FV<\/span><\/strong> con una inclinaci\u00f3n de 30\u00b0 y orientaci\u00f3n sur siempre maximiza la energ\u00eda. Si el contenedor se traslada a otro lugar, la <strong><span style=\"color: #58a332;\">C<\/span><\/strong>ontenedor<strong><span style=\"color: #58a332;\">FV<\/span><\/strong> de forma segura en el contenedor, incluso durante el transporte, gracias a la s\u00f3lida uni\u00f3n atornillada. Basta con plegar el soporte de instalaci\u00f3n y el <strong><span style=\"color: #58a332;\">C<\/span><\/strong>ontenedor<strong><span style=\"color: #58a332;\">FV<\/span><\/strong> s\u00f3lo tiene 110 mm de altura, ideal para el transporte.<\/p>\n<p><strong>Otras ventajas:<\/strong><\/p>\n<ol>\n<li>A <strong><span style=\"color: #58a332;\">C<\/span><\/strong>ontenedor<strong><span style=\"color: #58a332;\">FV<\/span><\/strong> a un contenedor de 20 pies y dos a un contenedor de 40 pies<\/li>\n<li>Gracias al sombreado del contenedor, en verano se necesita mucho menos aire acondicionado.<\/li>\n<\/ol>","protected":false},"excerpt":{"rendered":"<p>En <strong><span style=\"color: #58a332;\">C<\/span><\/strong>ontenedor<strong><span style=\"color: #58a332;\">FV<\/span><\/strong> es un innovador sistema solar para contenedores. Simplemente se coloca en el techo del contenedor y se fija a las esquinas del mismo mediante los elementos de fijaci\u00f3n suministrados para generar su propia energ\u00eda solar de forma inmediata. Esta soluci\u00f3n solar complementa a la perfecci\u00f3n nuestros <strong><span style=\"color: #58a332;\">C<\/span><\/strong>ontenedor<strong><span style=\"color: #58a332;\">H<\/span><\/strong>ybrid y juntos optimizan la reducci\u00f3n de las emisiones de CO2 y los costes del di\u00e9sel.<\/p>","protected":false},"featured_media":3962,"comment_status":"closed","ping_status":"closed","template":"","meta":[],"product_brand":[],"product_cat":[65],"product_tag":[],"class_list":{"0":"post-1633","1":"product","2":"type-product","3":"status-publish","4":"has-post-thumbnail","6":"product_cat-pv-systeme","8":"first","9":"instock","10":"shipping-taxable","11":"product-type-simple"},"yoast_head":"<!-- This site is optimized with the Yoast SEO plugin v26.6 - https:\/\/yoast.com\/wordpress\/plugins\/seo\/ -->\n<title>ContainerPV CPV20F - MobilHybrid<\/title>\n<meta name=\"description\" content=\"Entdecken Sie ContainerPV - die nachhaltige und effiziente L\u00f6sung f\u00fcr Ihre Energiebed\u00fcrfnisse. Zuverl\u00e4ssige Stromversorgung, reduzierter CO2-Fu\u00dfabdruck!\" \/>\n<meta name=\"robots\" content=\"index, follow, max-snippet:-1, max-image-preview:large, max-video-preview:-1\" \/>\n<link rel=\"canonical\" href=\"https:\/\/mobilhybrid.de\/es\/producto\/contenedorpv\/\" \/>\n<meta property=\"og:locale\" content=\"es_ES\" \/>\n<meta property=\"og:type\" content=\"article\" \/>\n<meta property=\"og:title\" content=\"ContainerPV CPV20F - MobilHybrid\" \/>\n<meta property=\"og:description\" content=\"Entdecken Sie ContainerPV - die nachhaltige und effiziente L\u00f6sung f\u00fcr Ihre Energiebed\u00fcrfnisse. Zuverl\u00e4ssige Stromversorgung, reduzierter CO2-Fu\u00dfabdruck!\" \/>\n<meta property=\"og:url\" content=\"https:\/\/mobilhybrid.de\/es\/producto\/contenedorpv\/\" \/>\n<meta property=\"og:site_name\" content=\"MobilHybrid\" \/>\n<meta property=\"article:publisher\" content=\"https:\/\/www.facebook.com\/MobilHybrid\/\" \/>\n<meta property=\"article:modified_time\" content=\"2025-07-06T13:30:56+00:00\" \/>\n<meta property=\"og:image\" content=\"https:\/\/mobilhybrid.de\/wp-content\/uploads\/2022\/02\/Container-PV-CPV20F.jpg\" \/>\n\t<meta property=\"og:image:width\" content=\"1000\" \/>\n\t<meta property=\"og:image:height\" content=\"1000\" \/>\n\t<meta property=\"og:image:type\" content=\"image\/jpeg\" \/>\n<meta name=\"twitter:card\" content=\"summary_large_image\" \/>\n<script type=\"application\/ld+json\" class=\"yoast-schema-graph\">{\"@context\":\"https:\/\/schema.org\",\"@graph\":[{\"@type\":\"WebPage\",\"@id\":\"https:\/\/mobilhybrid.de\/product\/containerpv\/\",\"url\":\"https:\/\/mobilhybrid.de\/product\/containerpv\/\",\"name\":\"ContainerPV CPV20F - MobilHybrid\",\"isPartOf\":{\"@id\":\"https:\/\/mobilhybrid.de\/#website\"},\"primaryImageOfPage\":{\"@id\":\"https:\/\/mobilhybrid.de\/product\/containerpv\/#primaryimage\"},\"image\":{\"@id\":\"https:\/\/mobilhybrid.de\/product\/containerpv\/#primaryimage\"},\"thumbnailUrl\":\"https:\/\/mobilhybrid.de\/wp-content\/uploads\/2022\/02\/Container-PV-CPV20F.jpg\",\"datePublished\":\"2022-02-21T22:18:29+00:00\",\"dateModified\":\"2025-07-06T13:30:56+00:00\",\"description\":\"Entdecken Sie ContainerPV - die nachhaltige und effiziente L\u00f6sung f\u00fcr Ihre Energiebed\u00fcrfnisse. Zuverl\u00e4ssige Stromversorgung, reduzierter CO2-Fu\u00dfabdruck!\",\"breadcrumb\":{\"@id\":\"https:\/\/mobilhybrid.de\/product\/containerpv\/#breadcrumb\"},\"inLanguage\":\"es\",\"potentialAction\":[{\"@type\":\"ReadAction\",\"target\":[\"https:\/\/mobilhybrid.de\/product\/containerpv\/\"]}]},{\"@type\":\"ImageObject\",\"inLanguage\":\"es\",\"@id\":\"https:\/\/mobilhybrid.de\/product\/containerpv\/#primaryimage\",\"url\":\"https:\/\/mobilhybrid.de\/wp-content\/uploads\/2022\/02\/Container-PV-CPV20F.jpg\",\"contentUrl\":\"https:\/\/mobilhybrid.de\/wp-content\/uploads\/2022\/02\/Container-PV-CPV20F.jpg\",\"width\":1000,\"height\":1000,\"caption\":\"mobile Stromerzeugung durch ContainerPV\"},{\"@type\":\"BreadcrumbList\",\"@id\":\"https:\/\/mobilhybrid.de\/product\/containerpv\/#breadcrumb\",\"itemListElement\":[{\"@type\":\"ListItem\",\"position\":1,\"name\":\"Home\",\"item\":\"https:\/\/mobilhybrid.de\/\"},{\"@type\":\"ListItem\",\"position\":2,\"name\":\"Produkte\",\"item\":\"https:\/\/mobilhybrid.de\/shop\/\"},{\"@type\":\"ListItem\",\"position\":3,\"name\":\"ContainerPV CPV20F\"}]},{\"@type\":\"WebSite\",\"@id\":\"https:\/\/mobilhybrid.de\/#website\",\"url\":\"https:\/\/mobilhybrid.de\/\",\"name\":\"MobilHybrid\",\"description\":\"die autarke, mobile netzunabh\u00e4ngige Stromversorgung\",\"publisher\":{\"@id\":\"https:\/\/mobilhybrid.de\/#organization\"},\"potentialAction\":[{\"@type\":\"SearchAction\",\"target\":{\"@type\":\"EntryPoint\",\"urlTemplate\":\"https:\/\/mobilhybrid.de\/?s={search_term_string}\"},\"query-input\":{\"@type\":\"PropertyValueSpecification\",\"valueRequired\":true,\"valueName\":\"search_term_string\"}}],\"inLanguage\":\"es\"},{\"@type\":\"Organization\",\"@id\":\"https:\/\/mobilhybrid.de\/#organization\",\"name\":\"MobilHybrid GmbH\",\"url\":\"https:\/\/mobilhybrid.de\/\",\"logo\":{\"@type\":\"ImageObject\",\"inLanguage\":\"es\",\"@id\":\"https:\/\/mobilhybrid.de\/#\/schema\/logo\/image\/\",\"url\":\"https:\/\/mobilhybrid.de\/wp-content\/uploads\/2020\/04\/152.png\",\"contentUrl\":\"https:\/\/mobilhybrid.de\/wp-content\/uploads\/2020\/04\/152.png\",\"width\":152,\"height\":152,\"caption\":\"MobilHybrid GmbH\"},\"image\":{\"@id\":\"https:\/\/mobilhybrid.de\/#\/schema\/logo\/image\/\"},\"sameAs\":[\"https:\/\/www.facebook.com\/MobilHybrid\/\",\"https:\/\/www.instagram.com\/_mobilhybrid_\/?hl=de\",\"https:\/\/www.youtube.com\/@pv4lifegmbh476\",\"https:\/\/de.linkedin.com\/company\/mobilhybrid-ug\"]}]}<\/script>\n<!-- \/ Yoast SEO plugin. -->","yoast_head_json":{"title":"ContenedorPV CPV20F - M\u00f3vilH\u00edbrido","description":"Descubra ContainerPV: la soluci\u00f3n sostenible y eficiente para sus necesidades energ\u00e9ticas. Suministro de energ\u00eda fiable, huella de CO2 reducida.","robots":{"index":"index","follow":"follow","max-snippet":"max-snippet:-1","max-image-preview":"max-image-preview:large","max-video-preview":"max-video-preview:-1"},"canonical":"https:\/\/mobilhybrid.de\/es\/producto\/contenedorpv\/","og_locale":"es_ES","og_type":"article","og_title":"ContainerPV CPV20F - MobilHybrid","og_description":"Entdecken Sie ContainerPV - die nachhaltige und effiziente L\u00f6sung f\u00fcr Ihre Energiebed\u00fcrfnisse. Zuverl\u00e4ssige Stromversorgung, reduzierter CO2-Fu\u00dfabdruck!","og_url":"https:\/\/mobilhybrid.de\/es\/producto\/contenedorpv\/","og_site_name":"MobilHybrid","article_publisher":"https:\/\/www.facebook.com\/MobilHybrid\/","article_modified_time":"2025-07-06T13:30:56+00:00","og_image":[{"width":1000,"height":1000,"url":"https:\/\/mobilhybrid.de\/wp-content\/uploads\/2022\/02\/Container-PV-CPV20F.jpg","type":"image\/jpeg"}],"twitter_card":"summary_large_image","schema":{"@context":"https:\/\/schema.org","@graph":[{"@type":"WebPage","@id":"https:\/\/mobilhybrid.de\/product\/containerpv\/","url":"https:\/\/mobilhybrid.de\/product\/containerpv\/","name":"ContenedorPV CPV20F - M\u00f3vilH\u00edbrido","isPartOf":{"@id":"https:\/\/mobilhybrid.de\/#website"},"primaryImageOfPage":{"@id":"https:\/\/mobilhybrid.de\/product\/containerpv\/#primaryimage"},"image":{"@id":"https:\/\/mobilhybrid.de\/product\/containerpv\/#primaryimage"},"thumbnailUrl":"https:\/\/mobilhybrid.de\/wp-content\/uploads\/2022\/02\/Container-PV-CPV20F.jpg","datePublished":"2022-02-21T22:18:29+00:00","dateModified":"2025-07-06T13:30:56+00:00","description":"Descubra ContainerPV: la soluci\u00f3n sostenible y eficiente para sus necesidades energ\u00e9ticas. Suministro de energ\u00eda fiable, huella de CO2 reducida.","breadcrumb":{"@id":"https:\/\/mobilhybrid.de\/product\/containerpv\/#breadcrumb"},"inLanguage":"es","potentialAction":[{"@type":"ReadAction","target":["https:\/\/mobilhybrid.de\/product\/containerpv\/"]}]},{"@type":"ImageObject","inLanguage":"es","@id":"https:\/\/mobilhybrid.de\/product\/containerpv\/#primaryimage","url":"https:\/\/mobilhybrid.de\/wp-content\/uploads\/2022\/02\/Container-PV-CPV20F.jpg","contentUrl":"https:\/\/mobilhybrid.de\/wp-content\/uploads\/2022\/02\/Container-PV-CPV20F.jpg","width":1000,"height":1000,"caption":"mobile Stromerzeugung durch ContainerPV"},{"@type":"BreadcrumbList","@id":"https:\/\/mobilhybrid.de\/product\/containerpv\/#breadcrumb","itemListElement":[{"@type":"ListItem","position":1,"name":"Home","item":"https:\/\/mobilhybrid.de\/"},{"@type":"ListItem","position":2,"name":"Produkte","item":"https:\/\/mobilhybrid.de\/shop\/"},{"@type":"ListItem","position":3,"name":"ContainerPV CPV20F"}]},{"@type":"WebSite","@id":"https:\/\/mobilhybrid.de\/#website","url":"https:\/\/mobilhybrid.de\/","name":"MobilHybrid","description":"el suministro de energ\u00eda autosuficiente, m\u00f3vil y fuera de la red","publisher":{"@id":"https:\/\/mobilhybrid.de\/#organization"},"potentialAction":[{"@type":"SearchAction","target":{"@type":"EntryPoint","urlTemplate":"https:\/\/mobilhybrid.de\/?s={search_term_string}"},"query-input":{"@type":"PropertyValueSpecification","valueRequired":true,"valueName":"search_term_string"}}],"inLanguage":"es"},{"@type":"Organization","@id":"https:\/\/mobilhybrid.de\/#organization","name":"MobilHybrid GmbH","url":"https:\/\/mobilhybrid.de\/","logo":{"@type":"ImageObject","inLanguage":"es","@id":"https:\/\/mobilhybrid.de\/#\/schema\/logo\/image\/","url":"https:\/\/mobilhybrid.de\/wp-content\/uploads\/2020\/04\/152.png","contentUrl":"https:\/\/mobilhybrid.de\/wp-content\/uploads\/2020\/04\/152.png","width":152,"height":152,"caption":"MobilHybrid GmbH"},"image":{"@id":"https:\/\/mobilhybrid.de\/#\/schema\/logo\/image\/"},"sameAs":["https:\/\/www.facebook.com\/MobilHybrid\/","https:\/\/www.instagram.com\/_mobilhybrid_\/?hl=de","https:\/\/www.youtube.com\/@pv4lifegmbh476","https:\/\/de.linkedin.com\/company\/mobilhybrid-ug"]}]}},"_links":{"self":[{"href":"https:\/\/mobilhybrid.de\/es\/wp-json\/wp\/v2\/product\/1633","targetHints":{"allow":["GET"]}}],"collection":[{"href":"https:\/\/mobilhybrid.de\/es\/wp-json\/wp\/v2\/product"}],"about":[{"href":"https:\/\/mobilhybrid.de\/es\/wp-json\/wp\/v2\/types\/product"}],"replies":[{"embeddable":true,"href":"https:\/\/mobilhybrid.de\/es\/wp-json\/wp\/v2\/comments?post=1633"}],"wp:featuredmedia":[{"embeddable":true,"href":"https:\/\/mobilhybrid.de\/es\/wp-json\/wp\/v2\/media\/3962"}],"wp:attachment":[{"href":"https:\/\/mobilhybrid.de\/es\/wp-json\/wp\/v2\/media?parent=1633"}],"wp:term":[{"taxonomy":"product_brand","embeddable":true,"href":"https:\/\/mobilhybrid.de\/es\/wp-json\/wp\/v2\/product_brand?post=1633"},{"taxonomy":"product_cat","embeddable":true,"href":"https:\/\/mobilhybrid.de\/es\/wp-json\/wp\/v2\/product_cat?post=1633"},{"taxonomy":"product_tag","embeddable":true,"href":"https:\/\/mobilhybrid.de\/es\/wp-json\/wp\/v2\/product_tag?post=1633"}],"curies":[{"name":"wp","href":"https:\/\/api.w.org\/{rel}","templated":true}]}}