{"id":2364,"date":"2023-09-10T15:40:28","date_gmt":"2023-09-10T13:40:28","guid":{"rendered":"https:\/\/mhdemo.local\/?page_id=2364"},"modified":"2026-04-01T18:41:58","modified_gmt":"2026-04-01T16:41:58","slug":"kotitalouksien-saehkoensyoettoe","status":"publish","type":"page","link":"https:\/\/mobilhybrid.de\/fi\/kotitalouksien-saehkoensyoettoe\/","title":{"rendered":"kotitalouksien s\u00e4hk\u00f6nsy\u00f6tt\u00f6"},"content":{"rendered":"<div data-elementor-type=\"wp-page\" data-elementor-id=\"2364\" class=\"elementor elementor-2364\" data-elementor-post-type=\"page\">\n\t\t\t\t<div class=\"elementor-element elementor-element-6514c71 e-con-full e-flex e-con e-parent\" data-id=\"6514c71\" data-element_type=\"container\">\n\t\t<div class=\"elementor-element elementor-element-24e85f8 e-con-full e-flex e-con e-child\" data-id=\"24e85f8\" data-element_type=\"container\">\n\t\t<div class=\"elementor-element elementor-element-e189dc3 e-con-full e-flex e-con e-child\" data-id=\"e189dc3\" data-element_type=\"container\" data-settings=\"{&quot;background_background&quot;:&quot;classic&quot;}\">\n\t\t<div class=\"elementor-element elementor-element-1afe2a4 e-con-full e-flex e-con e-child\" data-id=\"1afe2a4\" data-element_type=\"container\">\n\t\t<div class=\"elementor-element elementor-element-1b1e9ac e-con-full e-flex e-con e-child\" data-id=\"1b1e9ac\" data-element_type=\"container\">\n\t\t\t\t<div class=\"elementor-element elementor-element-ca20549 elementor-widget elementor-widget-softlite_dynamic_card_box\" data-id=\"ca20549\" data-element_type=\"widget\" data-widget_type=\"softlite_dynamic_card_box.default\">\n\t\t\t\t<div class=\"elementor-widget-container\">\n\t\t\t\t\t \n\t\t\t\t<section class=\"softlite-dynamic-card-box wn1mwp23 softlite-dynamic-card-box-background-color-1\" data-softlite-card-box-link-href=\"\" data-softlite-card-box-link-target=\"\"><div class=\"muykwxj5\"><div class=\"r84iwvv7\"><div class=\"eyhvrncu\"><div class=\"yixyo0i3 softlite-dynamic-card-box-background-color-2\"><svg xmlns=\"http:\/\/www.w3.org\/2000\/svg\" width=\"24\" height=\"24\" viewbox=\"0 0 24 24\" fill=\"none\" stroke=\"currentColor\" stroke-width=\"2\" stroke-linecap=\"round\" stroke-linejoin=\"round\" class=\"zv9yjo7k\"><path d=\"M15 21v-8a1 1 0 0 0-1-1h-4a1 1 0 0 0-1 1v8\"><\/path><path d=\"M3 10a2 2 0 0 1 .709-1.528l7-5.999a2 2 0 0 1 2.582 0l7 5.999A2 2 0 0 1 21 10v9a2 2 0 0 1-2 2H5a2 2 0 0 1-2-2z\"><\/path><\/svg><span class=\"kxvfrdgb softlite-dynamic-card-box-text-1\">KotiHybridi<\/span><\/div><h1 class=\"cm9vqjm7 softlite-dynamic-card-box-text-2\">kotitalouksien s\u00e4hk\u00f6nsy\u00f6tt\u00f6<\/h1><h2 class=\"bkiuqj85 softlite-dynamic-card-box-text-3\">Lis\u00e4\u00e4 omankulutusta ja tee energiakustannuksista ennakoitavissa olevia.<\/h2><p class=\"bf627xow softlite-dynamic-card-box-text-4\">HomeHybrid yhdist\u00e4\u00e4 varastoinnin, ohjauksen ja aurinkos\u00e4hk\u00f6n integroinnin. N\u00e4in voit hy\u00f6dynt\u00e4\u00e4 enemm\u00e4n omaa s\u00e4hk\u00f6\u00e4si ja luoda kest\u00e4v\u00e4n perustan suuremmalle riippumattomuudelle.<\/p><\/div><div class=\"avk7ncwi\"><img decoding=\"async\" class=\"zug9ss7b softlite-dynamic-icon\" src=\"https:\/\/prototype.brosemedia.de\/mobilhybrid\/assets\/mobilhybrid\/homehybrid.jpg\" \/><\/div><\/div><\/div><\/section> \t\t\t\t<\/div>\n\t\t\t\t<\/div>\n\t\t<div class=\"elementor-element elementor-element-5d53b99 e-con-full e-flex e-con e-child\" data-id=\"5d53b99\" data-element_type=\"container\">\n\t\t<div class=\"elementor-element elementor-element-b1a8923 e-con-full e-flex e-con e-child\" data-id=\"b1a8923\" data-element_type=\"container\">\n\t\t<div class=\"elementor-element elementor-element-8181e69 e-con-full e-flex e-con e-child\" data-id=\"8181e69\" data-element_type=\"container\">\n\t\t<div class=\"elementor-element elementor-element-beb23de e-con-full e-flex e-con e-child\" data-id=\"beb23de\" data-element_type=\"container\">\n\t\t<div class=\"elementor-element elementor-element-d1efdcd e-con-full e-flex e-con e-child\" data-id=\"d1efdcd\" data-element_type=\"container\">\n\t\t<div class=\"elementor-element elementor-element-b521f37 e-con-full e-flex e-con e-child\" data-id=\"b521f37\" data-element_type=\"container\" data-settings=\"{&quot;background_background&quot;:&quot;classic&quot;}\">\n\t\t\t\t<div class=\"elementor-element elementor-element-0abd53d elementor-widget elementor-widget-html\" data-id=\"0abd53d\" data-element_type=\"widget\" data-widget_type=\"html.default\">\n\t\t\t\t<div class=\"elementor-widget-container\">\n\t\t\t\t\t<svg xmlns=\"http:\/\/www.w3.org\/2000\/svg\" width=\"24\" height=\"24\" viewbox=\"0 0 24 24\" fill=\"none\" stroke=\"currentColor\" stroke-width=\"2\" stroke-linecap=\"round\" stroke-linejoin=\"round\" class=\"hnsbv9ff\"><path d=\"M15 21v-8a1 1 0 0 0-1-1h-4a1 1 0 0 0-1 1v8\" class=\"jhbr5r46\"><\/path><path d=\"M3 10a2 2 0 0 1 .709-1.528l7-5.999a2 2 0 0 1 2.582 0l7 5.999A2 2 0 0 1 21 10v9a2 2 0 0 1-2 2H5a2 2 0 0 1-2-2z\" class=\"jhbr5r46\"><\/path><\/svg>\t\t\t\t<\/div>\n\t\t\t\t<\/div>\n\t\t\t\t<\/div>\n\t\t\t\t<div class=\"elementor-element elementor-element-5a2341a elementor-widget__width-initial elementor-widget elementor-widget-heading\" data-id=\"5a2341a\" data-element_type=\"widget\" data-widget_type=\"heading.default\">\n\t\t\t\t<div class=\"elementor-widget-container\">\n\t\t\t\t\t<h2 class=\"elementor-heading-title elementor-size-default\">kotitalouksien s\u00e4hk\u00f6nsy\u00f6tt\u00f6<\/h2>\t\t\t\t<\/div>\n\t\t\t\t<\/div>\n\t\t\t\t<div class=\"elementor-element elementor-element-49b2a3f elementor-widget__width-initial elementor-widget elementor-widget-text-editor\" data-id=\"49b2a3f\" data-element_type=\"widget\" data-widget_type=\"text-editor.default\">\n\t\t\t\t<div class=\"elementor-widget-container\">\n\t\t\t\t\t\t\t\t\tKompakti energiaratkaisu kotiin - integroitu aurinkos\u00e4hk\u00f6, varavoimatoiminto ja \u00e4lyk\u00e4s kuormanhallinta.\t\t\t\t\t\t\t\t<\/div>\n\t\t\t\t<\/div>\n\t\t\t\t<div class=\"elementor-element elementor-element-d0b1a7a elementor-widget__width-initial elementor-widget elementor-widget-text-editor\" data-id=\"d0b1a7a\" data-element_type=\"widget\" data-widget_type=\"text-editor.default\">\n\t\t\t\t<div class=\"elementor-widget-container\">\n\t\t\t\t\t\t\t\t\tLis\u00e4\u00e4 omankulutusta ja tee energiakustannuksista ennakoitavissa olevia.\t\t\t\t\t\t\t\t<\/div>\n\t\t\t\t<\/div>\n\t\t<div class=\"elementor-element elementor-element-27567f4 e-con-full e-flex e-con e-child\" data-id=\"27567f4\" data-element_type=\"container\">\n\t\t\t\t<div class=\"elementor-element elementor-element-3385bec elementor-widget__width-initial elementor-widget-mobile__width-initial elementor-widget elementor-widget-button\" data-id=\"3385bec\" data-element_type=\"widget\" data-widget_type=\"button.default\">\n\t\t\t\t<div class=\"elementor-widget-container\">\n\t\t\t\t\t<div class=\"elementor-button-wrapper\"><a class=\"elementor-button elementor-button-link elementor-size-sm\" href=\"https:\/\/mobilhybrid.de\/fi\/yhteystiedot\/\">Pyyd\u00e4 neuvoja <svg xmlns=\"http:\/\/www.w3.org\/2000\/svg\" width=\"24\" height=\"24\" viewbox=\"0 0 24 24\" fill=\"none\" stroke=\"currentColor\" stroke-width=\"2\" stroke-linecap=\"round\" stroke-linejoin=\"round\" class=\"kvndlabr\"><path d=\"M5 12h14\" class=\"p9xmnkds\"><\/path><path d=\"m12 5 7 7-7 7\" class=\"p9xmnkds\"><\/path><\/svg><\/a><\/div>\t\t\t\t<\/div>\n\t\t\t\t<\/div>\n\t\t\t\t<div class=\"elementor-element elementor-element-8fd42ce elementor-widget__width-initial elementor-widget-mobile__width-initial elementor-widget elementor-widget-button\" data-id=\"8fd42ce\" data-element_type=\"widget\" data-widget_type=\"button.default\">\n\t\t\t\t<div class=\"elementor-widget-container\">\n\t\t\t\t\t<div class=\"elementor-button-wrapper\"><a class=\"elementor-button elementor-button-link elementor-size-sm\" href=\"https:\/\/mobilhybrid.de\/fi\/tuote\/kotihybridi\/\">HomeView hybridi<\/a><\/div>\t\t\t\t<\/div>\n\t\t\t\t<\/div>\n\t\t\t\t<\/div>\n\t\t\t\t<\/div>\n\t\t<div class=\"elementor-element elementor-element-69929de e-con-full e-flex e-con e-child\" data-id=\"69929de\" data-element_type=\"container\">\n\t\t\t\t<div class=\"elementor-element elementor-element-6bba54d elementor-widget elementor-widget-softlite_dynamic_card_box\" data-id=\"6bba54d\" data-element_type=\"widget\" data-widget_type=\"softlite_dynamic_card_box.default\">\n\t\t\t\t<div class=\"elementor-widget-container\">\n\t\t\t\t\t \n\t<div class=\"softlite-dynamic-card-box myzf3k34 softlite-dynamic-card-box-background-color-1\" data-softlite-card-box-link-href=\"\" data-softlite-card-box-link-target=\"\"><div class=\"g7kwhtbl\"><span class=\"\"><svg xmlns=\"http:\/\/www.w3.org\/2000\/svg\" width=\"24\" height=\"24\" viewbox=\"0 0 24 24\" fill=\"none\" stroke=\"currentColor\" stroke-width=\"2\" stroke-linecap=\"round\" stroke-linejoin=\"round\" class=\"ex26okb4 softlite-dynamic-icon\"><circle cx=\"12\" cy=\"12\" r=\"4\"><\/circle><path d=\"M12 2v2\"><\/path><path d=\"M12 20v2\"><\/path><path d=\"m4.93 4.93 1.41 1.41\"><\/path><path d=\"m17.66 17.66 1.41 1.41\"><\/path><path d=\"M2 12h2\"><\/path><path d=\"M20 12h2\"><\/path><path d=\"m6.34 17.66-1.41 1.41\"><\/path><path d=\"m19.07 4.93-1.41 1.41\"><\/path><\/svg><\/span><div class=\"nbd6ewn7\"><div class=\"softlite-dynamic-card-box-text-1 nbd6ewn7\">PV-integraatio<\/div><div class=\"eclsskpq softlite-dynamic-card-box-text-2\">Yhteensopiva yleisten aurinkos\u00e4hk\u00f6j\u00e4rjestelmien kanssa, mik\u00e4 lis\u00e4\u00e4 omavaraisuutta.<\/div><\/div><\/div><\/div> \t\t\t\t<\/div>\n\t\t\t\t<\/div>\n\t\t\t\t<div class=\"elementor-element elementor-element-cd1ee88 elementor-widget elementor-widget-softlite_dynamic_card_box\" data-id=\"cd1ee88\" data-element_type=\"widget\" data-widget_type=\"softlite_dynamic_card_box.default\">\n\t\t\t\t<div class=\"elementor-widget-container\">\n\t\t\t\t\t \n\t<div class=\"softlite-dynamic-card-box t7k6masu softlite-dynamic-card-box-background-color-1\" data-softlite-card-box-link-href=\"\" data-softlite-card-box-link-target=\"\"><div class=\"e38ayjd8\"><span class=\"\"><svg xmlns=\"http:\/\/www.w3.org\/2000\/svg\" width=\"24\" height=\"24\" viewbox=\"0 0 24 24\" fill=\"none\" stroke=\"currentColor\" stroke-width=\"2\" stroke-linecap=\"round\" stroke-linejoin=\"round\" class=\"wg1oynbh softlite-dynamic-icon\"><path d=\"M20 13c0 5-3.5 7.5-7.66 8.95a1 1 0 0 1-.67-.01C7.5 20.5 4 18 4 13V6a1 1 0 0 1 1-1c2 0 4.5-1.2 6.24-2.72a1.17 1.17 0 0 1 1.52 0C14.51 3.81 17 5 19 5a1 1 0 0 1 1 1z\"><\/path><\/svg><\/span><div class=\"bnrau2q4\"><div class=\"softlite-dynamic-card-box-text-1 bnrau2q4\">H\u00e4t\u00e4toiminto<\/div><div class=\"h8wghrw6 softlite-dynamic-card-box-text-2\">Suojaa t\u00e4rkeit\u00e4 kuormia s\u00e4hk\u00f6katkoksen sattuessa (valinnainen).<\/div><\/div><\/div><\/div> \t\t\t\t<\/div>\n\t\t\t\t<\/div>\n\t\t\t\t<div class=\"elementor-element elementor-element-8c0956d elementor-widget elementor-widget-softlite_dynamic_card_box\" data-id=\"8c0956d\" data-element_type=\"widget\" data-widget_type=\"softlite_dynamic_card_box.default\">\n\t\t\t\t<div class=\"elementor-widget-container\">\n\t\t\t\t\t \n\t<div class=\"softlite-dynamic-card-box q362xfrq softlite-dynamic-card-box-background-color-1\" data-softlite-card-box-link-href=\"\" data-softlite-card-box-link-target=\"\"><div class=\"niouvx0v\"><span class=\"\"><svg xmlns=\"http:\/\/www.w3.org\/2000\/svg\" width=\"24\" height=\"24\" viewbox=\"0 0 24 24\" fill=\"none\" stroke=\"currentColor\" stroke-width=\"2\" stroke-linecap=\"round\" stroke-linejoin=\"round\" class=\"wnl0zkzk softlite-dynamic-icon\"><path d=\"M4 14a1 1 0 0 1-.78-1.63l9.9-10.2a.5.5 0 0 1 .86.46l-1.92 6.02A1 1 0 0 0 13 10h7a1 1 0 0 1 .78 1.63l-9.9 10.2a.5.5 0 0 1-.86-.46l1.92-6.02A1 1 0 0 0 11 14z\"><\/path><\/svg><\/span><div class=\"idoosea9\"><div class=\"softlite-dynamic-card-box-text-1 idoosea9\">\u00c4lyk\u00e4s ohjaus<\/div><div class=\"q0hkhdzn softlite-dynamic-card-box-text-2\">Avoimuus ja valvonta seurantaj\u00e4rjestelm\u00e4n avulla<\/div><\/div><\/div><\/div> \t\t\t\t<\/div>\n\t\t\t\t<\/div>\n\t\t\t\t<\/div>\n\t\t\t\t<\/div>\n\t\t\t\t<\/div>\n\t\t\t\t<\/div>\n\t\t\t\t<\/div>\n\t\t\t\t<div class=\"elementor-element elementor-element-d774e3e elementor-widget elementor-widget-softlite_dynamic_card_box\" data-id=\"d774e3e\" data-element_type=\"widget\" data-widget_type=\"softlite_dynamic_card_box.default\">\n\t\t\t\t<div class=\"elementor-widget-container\">\n\t\t\t\t\t <section class=\"softlite-dynamic-card-box ivbo3ukp softlite-dynamic-card-box-background-color-1\" data-softlite-card-box-link-href=\"\" data-softlite-card-box-link-target=\"\"><div class=\"ps0nkiul\"><h2 class=\"sht81dbe softlite-dynamic-card-box-text-1\">Kiinnostaako kotivirtal\u00e4hde?<\/h2><p class=\"vtbhmmw8 softlite-dynamic-card-box-text-2\">L\u00f6yd\u00e4mme yhdess\u00e4 optimaalisen ratkaisun projektillesi.<\/p><button class=\"w6rr59v7 softlite-dynamic-card-box-button softlite-dynamic-card-box-button-text\">Pyyd\u00e4 maksutonta konsultaatiota <svg xmlns=\"http:\/\/www.w3.org\/2000\/svg\" width=\"24\" height=\"24\" viewbox=\"0 0 24 24\" fill=\"none\" stroke=\"currentColor\" stroke-width=\"2\" stroke-linecap=\"round\" stroke-linejoin=\"round\" class=\"n2inyx7s\"><path d=\"M5 12h14\"><\/path><path d=\"m12 5 7 7-7 7\"><\/path><\/svg><\/button><\/div><\/section> \t\t\t\t<\/div>\n\t\t\t\t<\/div>\n\t\t\t\t<\/div>\n\t\t\t\t<\/div>\n\t\t<div class=\"elementor-element elementor-element-02a19f6 e-con-full e-flex e-con e-child\" data-id=\"02a19f6\" data-element_type=\"container\" data-settings=\"{&quot;background_background&quot;:&quot;classic&quot;}\">\n\t\t<div class=\"elementor-element elementor-element-a8fedfe e-con-full e-flex e-con e-child\" data-id=\"a8fedfe\" data-element_type=\"container\">\n\t\t\t\t<div class=\"elementor-element elementor-element-b612a20 elementor-widget__width-initial elementor-widget-mobile__width-initial elementor-widget elementor-widget-button\" data-id=\"b612a20\" data-element_type=\"widget\" data-widget_type=\"button.default\">\n\t\t\t\t<div class=\"elementor-widget-container\">\n\t\t\t\t\t<div class=\"elementor-button-wrapper\"><a class=\"elementor-button elementor-size-sm\" role=\"button\"><svg xmlns=\"http:\/\/www.w3.org\/2000\/svg\" width=\"24\" height=\"24\" viewbox=\"0 0 24 24\" fill=\"none\" stroke=\"currentColor\" stroke-width=\"2\" stroke-linecap=\"round\" stroke-linejoin=\"round\" class=\"ckimx472\"><path d=\"M7.9 20A9 9 0 1 0 4 16.1L2 22Z\" class=\"i87vt4sg\"><\/path><\/svg>Pyyd\u00e4 tarjous<\/a><\/div>\t\t\t\t<\/div>\n\t\t\t\t<\/div>\n\t\t\t\t<div class=\"elementor-element elementor-element-40f52a8 elementor-widget__width-initial elementor-widget-mobile__width-initial elementor-widget elementor-widget-button\" data-id=\"40f52a8\" data-element_type=\"widget\" data-widget_type=\"button.default\">\n\t\t\t\t<div class=\"elementor-widget-container\">\n\t\t\t\t\t<div class=\"elementor-button-wrapper\"><a class=\"elementor-button elementor-button-link elementor-size-sm\" href=\"tel:+4915783503438\"><svg xmlns=\"http:\/\/www.w3.org\/2000\/svg\" width=\"24\" height=\"24\" viewbox=\"0 0 24 24\" fill=\"none\" stroke=\"currentColor\" stroke-width=\"2\" stroke-linecap=\"round\" stroke-linejoin=\"round\" class=\"v9rwbxs0\"><path d=\"M22 16.92v3a2 2 0 0 1-2.18 2 19.79 19.79 0 0 1-8.63-3.07 19.5 19.5 0 0 1-6-6 19.79 19.79 0 0 1-3.07-8.67A2 2 0 0 1 4.11 2h3a2 2 0 0 1 2 1.72 12.84 12.84 0 0 0 .7 2.81 2 2 0 0 1-.45 2.11L8.09 9.91a16 16 0 0 0 6 6l1.27-1.27a2 2 0 0 1 2.11-.45 12.84 12.84 0 0 0 2.81.7A2 2 0 0 1 22 16.92z\" class=\"zwf0noao\"><\/path><\/svg><\/a><\/div>\t\t\t\t<\/div>\n\t\t\t\t<\/div>\n\t\t\t\t<\/div>\n\t\t\t\t<\/div>\n\t\t\t\t<\/div>\n\t\t\t\t<\/div>\n\t\t<div class=\"elementor-element elementor-element-185b4ce e-con-full e-flex e-con e-child\" data-id=\"185b4ce\" data-element_type=\"container\" data-settings=\"{&quot;background_background&quot;:&quot;classic&quot;}\">\n\t\t\t\t<\/div>\n\t\t<div class=\"elementor-element elementor-element-9046aeb e-con-full e-flex e-con e-child\" data-id=\"9046aeb\" data-element_type=\"container\" data-settings=\"{&quot;background_background&quot;:&quot;classic&quot;}\">\n\t\t\t\t<\/div>\n\t\t\t\t<\/div>\n\t\t\t\t<\/div>","protected":false},"excerpt":{"rendered":"<p>HomeHybrid Heimstromversorgung Eigenverbrauch steigern und Energiekosten planbar machen. HomeHybrid verbindet Speicher, Steuerung und PV-Integration. So nutzen Sie mehr Eigenstrom und schaffen eine belastbare Grundlage f\u00fcr mehr Unabh\u00e4ngigkeit. Heimstromversorgung Kompakte Energiel\u00f6sung f\u00fcr Zuhause \u2013 mit PV-Integration, Notstromfunktion und intelligentem Lastmanagement.Eigenverbrauch steigern und Energiekosten planbar machen. Beratung anfragen HomeHybrid ansehen PV-IntegrationKompatibel mit g\u00e4ngigen PV-Systemen f\u00fcr mehr Eigenverbrauch [&hellip;]<\/p>","protected":false},"author":6,"featured_media":0,"parent":0,"menu_order":0,"comment_status":"closed","ping_status":"closed","template":"","meta":{"footnotes":""},"class_list":["post-2364","page","type-page","status-publish","hentry"],"yoast_head":"<!-- This site is optimized with the Yoast SEO plugin v26.6 - https:\/\/yoast.com\/wordpress\/plugins\/seo\/ -->\n<title>HomeHybrid | Zuverl\u00e4ssige Energie f\u00fcr Ihr Zuhause<\/title>\n<meta name=\"description\" content=\"Unsere Heimstromversorgungsl\u00f6sungen bieten zuverl\u00e4ssige und effiziente Energie f\u00fcr Ihr Zuhause. Ideal f\u00fcr Notf\u00e4lle und unabh\u00e4ngige Energieversorgung.\" \/>\n<meta name=\"robots\" content=\"index, follow, max-snippet:-1, max-image-preview:large, max-video-preview:-1\" \/>\n<link rel=\"canonical\" href=\"https:\/\/mobilhybrid.de\/fi\/kotitalouksien-saehkoensyoettoe\/\" \/>\n<meta property=\"og:locale\" content=\"fi_FI\" \/>\n<meta property=\"og:type\" content=\"article\" \/>\n<meta property=\"og:title\" content=\"HomeHybrid | Zuverl\u00e4ssige Energie f\u00fcr Ihr Zuhause\" \/>\n<meta property=\"og:description\" content=\"Unsere Heimstromversorgungsl\u00f6sungen bieten zuverl\u00e4ssige und effiziente Energie f\u00fcr Ihr Zuhause. Ideal f\u00fcr Notf\u00e4lle und unabh\u00e4ngige Energieversorgung.\" \/>\n<meta property=\"og:url\" content=\"https:\/\/mobilhybrid.de\/fi\/kotitalouksien-saehkoensyoettoe\/\" \/>\n<meta property=\"og:site_name\" content=\"MobilHybrid\" \/>\n<meta property=\"article:publisher\" content=\"https:\/\/www.facebook.com\/MobilHybrid\/\" \/>\n<meta property=\"article:modified_time\" content=\"2026-04-01T16:41:58+00:00\" \/>\n<meta property=\"og:image\" content=\"https:\/\/prototype.brosemedia.de\/mobilhybrid\/assets\/mobilhybrid\/homehybrid.jpg\" \/>\n<meta name=\"twitter:card\" content=\"summary_large_image\" \/>\n<script type=\"application\/ld+json\" class=\"yoast-schema-graph\">{\"@context\":\"https:\/\/schema.org\",\"@graph\":[{\"@type\":\"WebPage\",\"@id\":\"https:\/\/mobilhybrid.de\/heimstromversorgung\/\",\"url\":\"https:\/\/mobilhybrid.de\/heimstromversorgung\/\",\"name\":\"HomeHybrid | Zuverl\u00e4ssige Energie f\u00fcr Ihr Zuhause\",\"isPartOf\":{\"@id\":\"https:\/\/mobilhybrid.de\/#website\"},\"primaryImageOfPage\":{\"@id\":\"https:\/\/mobilhybrid.de\/heimstromversorgung\/#primaryimage\"},\"image\":{\"@id\":\"https:\/\/mobilhybrid.de\/heimstromversorgung\/#primaryimage\"},\"thumbnailUrl\":\"https:\/\/prototype.brosemedia.de\/mobilhybrid\/assets\/mobilhybrid\/homehybrid.jpg\",\"datePublished\":\"2023-09-10T13:40:28+00:00\",\"dateModified\":\"2026-04-01T16:41:58+00:00\",\"description\":\"Unsere Heimstromversorgungsl\u00f6sungen bieten zuverl\u00e4ssige und effiziente Energie f\u00fcr Ihr Zuhause. Ideal f\u00fcr Notf\u00e4lle und unabh\u00e4ngige Energieversorgung.\",\"breadcrumb\":{\"@id\":\"https:\/\/mobilhybrid.de\/heimstromversorgung\/#breadcrumb\"},\"inLanguage\":\"fi\",\"potentialAction\":[{\"@type\":\"ReadAction\",\"target\":[\"https:\/\/mobilhybrid.de\/heimstromversorgung\/\"]}]},{\"@type\":\"ImageObject\",\"inLanguage\":\"fi\",\"@id\":\"https:\/\/mobilhybrid.de\/heimstromversorgung\/#primaryimage\",\"url\":\"https:\/\/prototype.brosemedia.de\/mobilhybrid\/assets\/mobilhybrid\/homehybrid.jpg\",\"contentUrl\":\"https:\/\/prototype.brosemedia.de\/mobilhybrid\/assets\/mobilhybrid\/homehybrid.jpg\"},{\"@type\":\"BreadcrumbList\",\"@id\":\"https:\/\/mobilhybrid.de\/heimstromversorgung\/#breadcrumb\",\"itemListElement\":[{\"@type\":\"ListItem\",\"position\":1,\"name\":\"Home\",\"item\":\"https:\/\/mobilhybrid.de\/\"},{\"@type\":\"ListItem\",\"position\":2,\"name\":\"Heimstromversorgung\"}]},{\"@type\":\"WebSite\",\"@id\":\"https:\/\/mobilhybrid.de\/#website\",\"url\":\"https:\/\/mobilhybrid.de\/\",\"name\":\"MobilHybrid\",\"description\":\"die autarke, mobile netzunabh\u00e4ngige Stromversorgung\",\"publisher\":{\"@id\":\"https:\/\/mobilhybrid.de\/#organization\"},\"potentialAction\":[{\"@type\":\"SearchAction\",\"target\":{\"@type\":\"EntryPoint\",\"urlTemplate\":\"https:\/\/mobilhybrid.de\/?s={search_term_string}\"},\"query-input\":{\"@type\":\"PropertyValueSpecification\",\"valueRequired\":true,\"valueName\":\"search_term_string\"}}],\"inLanguage\":\"fi\"},{\"@type\":\"Organization\",\"@id\":\"https:\/\/mobilhybrid.de\/#organization\",\"name\":\"MobilHybrid GmbH\",\"url\":\"https:\/\/mobilhybrid.de\/\",\"logo\":{\"@type\":\"ImageObject\",\"inLanguage\":\"fi\",\"@id\":\"https:\/\/mobilhybrid.de\/#\/schema\/logo\/image\/\",\"url\":\"https:\/\/mobilhybrid.de\/wp-content\/uploads\/2020\/04\/152.png\",\"contentUrl\":\"https:\/\/mobilhybrid.de\/wp-content\/uploads\/2020\/04\/152.png\",\"width\":152,\"height\":152,\"caption\":\"MobilHybrid GmbH\"},\"image\":{\"@id\":\"https:\/\/mobilhybrid.de\/#\/schema\/logo\/image\/\"},\"sameAs\":[\"https:\/\/www.facebook.com\/MobilHybrid\/\",\"https:\/\/www.instagram.com\/_mobilhybrid_\/?hl=de\",\"https:\/\/www.youtube.com\/@pv4lifegmbh476\",\"https:\/\/de.linkedin.com\/company\/mobilhybrid-ug\"]}]}<\/script>\n<!-- \/ Yoast SEO plugin. -->","yoast_head_json":{"title":"HomeHybrid | Luotettavaa energiaa kotiisi","description":"Kotitalouksien virransy\u00f6tt\u00f6ratkaisumme tarjoavat luotettavaa ja tehokasta energiaa kotiisi. Ihanteellinen h\u00e4t\u00e4tilanteisiin ja itsen\u00e4iseen energiansaantiin.","robots":{"index":"index","follow":"follow","max-snippet":"max-snippet:-1","max-image-preview":"max-image-preview:large","max-video-preview":"max-video-preview:-1"},"canonical":"https:\/\/mobilhybrid.de\/fi\/kotitalouksien-saehkoensyoettoe\/","og_locale":"fi_FI","og_type":"article","og_title":"HomeHybrid | Zuverl\u00e4ssige Energie f\u00fcr Ihr Zuhause","og_description":"Unsere Heimstromversorgungsl\u00f6sungen bieten zuverl\u00e4ssige und effiziente Energie f\u00fcr Ihr Zuhause. Ideal f\u00fcr Notf\u00e4lle und unabh\u00e4ngige Energieversorgung.","og_url":"https:\/\/mobilhybrid.de\/fi\/kotitalouksien-saehkoensyoettoe\/","og_site_name":"MobilHybrid","article_publisher":"https:\/\/www.facebook.com\/MobilHybrid\/","article_modified_time":"2026-04-01T16:41:58+00:00","og_image":[{"url":"https:\/\/prototype.brosemedia.de\/mobilhybrid\/assets\/mobilhybrid\/homehybrid.jpg","type":"","width":"","height":""}],"twitter_card":"summary_large_image","schema":{"@context":"https:\/\/schema.org","@graph":[{"@type":"WebPage","@id":"https:\/\/mobilhybrid.de\/heimstromversorgung\/","url":"https:\/\/mobilhybrid.de\/heimstromversorgung\/","name":"HomeHybrid | Luotettavaa energiaa kotiisi","isPartOf":{"@id":"https:\/\/mobilhybrid.de\/#website"},"primaryImageOfPage":{"@id":"https:\/\/mobilhybrid.de\/heimstromversorgung\/#primaryimage"},"image":{"@id":"https:\/\/mobilhybrid.de\/heimstromversorgung\/#primaryimage"},"thumbnailUrl":"https:\/\/prototype.brosemedia.de\/mobilhybrid\/assets\/mobilhybrid\/homehybrid.jpg","datePublished":"2023-09-10T13:40:28+00:00","dateModified":"2026-04-01T16:41:58+00:00","description":"Kotitalouksien virransy\u00f6tt\u00f6ratkaisumme tarjoavat luotettavaa ja tehokasta energiaa kotiisi. Ihanteellinen h\u00e4t\u00e4tilanteisiin ja itsen\u00e4iseen energiansaantiin.","breadcrumb":{"@id":"https:\/\/mobilhybrid.de\/heimstromversorgung\/#breadcrumb"},"inLanguage":"fi","potentialAction":[{"@type":"ReadAction","target":["https:\/\/mobilhybrid.de\/heimstromversorgung\/"]}]},{"@type":"ImageObject","inLanguage":"fi","@id":"https:\/\/mobilhybrid.de\/heimstromversorgung\/#primaryimage","url":"https:\/\/prototype.brosemedia.de\/mobilhybrid\/assets\/mobilhybrid\/homehybrid.jpg","contentUrl":"https:\/\/prototype.brosemedia.de\/mobilhybrid\/assets\/mobilhybrid\/homehybrid.jpg"},{"@type":"BreadcrumbList","@id":"https:\/\/mobilhybrid.de\/heimstromversorgung\/#breadcrumb","itemListElement":[{"@type":"ListItem","position":1,"name":"Home","item":"https:\/\/mobilhybrid.de\/"},{"@type":"ListItem","position":2,"name":"Heimstromversorgung"}]},{"@type":"WebSite","@id":"https:\/\/mobilhybrid.de\/#website","url":"https:\/\/mobilhybrid.de\/","name":"MobilHybrid","description":"itsen\u00e4inen, mobiili, verkosta riippumaton virransy\u00f6tt\u00f6","publisher":{"@id":"https:\/\/mobilhybrid.de\/#organization"},"potentialAction":[{"@type":"SearchAction","target":{"@type":"EntryPoint","urlTemplate":"https:\/\/mobilhybrid.de\/?s={search_term_string}"},"query-input":{"@type":"PropertyValueSpecification","valueRequired":true,"valueName":"search_term_string"}}],"inLanguage":"fi"},{"@type":"Organization","@id":"https:\/\/mobilhybrid.de\/#organization","name":"MobilHybrid GmbH","url":"https:\/\/mobilhybrid.de\/","logo":{"@type":"ImageObject","inLanguage":"fi","@id":"https:\/\/mobilhybrid.de\/#\/schema\/logo\/image\/","url":"https:\/\/mobilhybrid.de\/wp-content\/uploads\/2020\/04\/152.png","contentUrl":"https:\/\/mobilhybrid.de\/wp-content\/uploads\/2020\/04\/152.png","width":152,"height":152,"caption":"MobilHybrid GmbH"},"image":{"@id":"https:\/\/mobilhybrid.de\/#\/schema\/logo\/image\/"},"sameAs":["https:\/\/www.facebook.com\/MobilHybrid\/","https:\/\/www.instagram.com\/_mobilhybrid_\/?hl=de","https:\/\/www.youtube.com\/@pv4lifegmbh476","https:\/\/de.linkedin.com\/company\/mobilhybrid-ug"]}]}},"_links":{"self":[{"href":"https:\/\/mobilhybrid.de\/fi\/wp-json\/wp\/v2\/pages\/2364","targetHints":{"allow":["GET"]}}],"collection":[{"href":"https:\/\/mobilhybrid.de\/fi\/wp-json\/wp\/v2\/pages"}],"about":[{"href":"https:\/\/mobilhybrid.de\/fi\/wp-json\/wp\/v2\/types\/page"}],"author":[{"embeddable":true,"href":"https:\/\/mobilhybrid.de\/fi\/wp-json\/wp\/v2\/users\/6"}],"replies":[{"embeddable":true,"href":"https:\/\/mobilhybrid.de\/fi\/wp-json\/wp\/v2\/comments?post=2364"}],"version-history":[{"count":10,"href":"https:\/\/mobilhybrid.de\/fi\/wp-json\/wp\/v2\/pages\/2364\/revisions"}],"predecessor-version":[{"id":4844,"href":"https:\/\/mobilhybrid.de\/fi\/wp-json\/wp\/v2\/pages\/2364\/revisions\/4844"}],"wp:attachment":[{"href":"https:\/\/mobilhybrid.de\/fi\/wp-json\/wp\/v2\/media?parent=2364"}],"curies":[{"name":"wp","href":"https:\/\/api.w.org\/{rel}","templated":true}]}}