{"id":3641,"date":"2024-01-28T13:21:04","date_gmt":"2024-01-28T12:21:04","guid":{"rendered":"https:\/\/mhdemo.local\/?page_id=3641"},"modified":"2025-10-26T18:53:04","modified_gmt":"2025-10-26T17:53:04","slug":"impressum","status":"publish","type":"page","link":"https:\/\/mobilhybrid.de\/fi\/impressum\/","title":{"rendered":"Julkaisutiedot"},"content":{"rendered":"<div data-elementor-type=\"wp-page\" data-elementor-id=\"3641\" class=\"elementor elementor-3641\" data-elementor-post-type=\"page\">\n\t\t\t\t<div class=\"elementor-element elementor-element-5b891db e-flex e-con-boxed e-con e-parent\" data-id=\"5b891db\" data-element_type=\"container\">\n\t\t\t\t\t<div class=\"e-con-inner\">\n\t\t\t\t<div class=\"elementor-element elementor-element-01a6853 elementor-widget elementor-widget-heading\" data-id=\"01a6853\" data-element_type=\"widget\" data-widget_type=\"heading.default\">\n\t\t\t\t<div class=\"elementor-widget-container\">\n\t\t\t\t\t<h1 class=\"elementor-heading-title elementor-size-default\">Julkaisutiedot<\/h1>\t\t\t\t<\/div>\n\t\t\t\t<\/div>\n\t\t\t\t<div class=\"elementor-element elementor-element-4aab9d3 elementor-widget elementor-widget-text-editor\" data-id=\"4aab9d3\" data-element_type=\"widget\" data-widget_type=\"text-editor.default\">\n\t\t\t\t<div class=\"elementor-widget-container\">\n\t\t\t\t\t\t\t\t\t<p style=\"font-weight: 400\"><strong>Tiedot digitaalipalvelulain (DDG) 5 \u00a7:n mukaisesti:<\/strong><\/p><p style=\"font-weight: 400\">MobilHybrid GmbH<br \/>B\u00fcrgermeister-Wegele-Stra\u00dfe 12<br \/>86167 Augsburg<\/p><p style=\"font-weight: 400\"><strong>Edustaja:<\/strong><br \/>Tohtori Michael Seehuber<\/p><p style=\"font-weight: 400\"><strong>Yhteystiedot:<\/strong><br \/>Puhelin: +49 (0)1578 3503438<br \/>S\u00e4hk\u00f6posti: info@mobilhybrid.de<\/p><p style=\"font-weight: 400\"><strong>Rekisterimerkint\u00e4:<\/strong><br \/>Kaupparekisteriin merkitseminen.<br \/>Rekister\u00f6intituomioistuin: M\u00fcnchenin k\u00e4r\u00e4j\u00e4oikeus<br \/>Rekisterinumero: HRB 33553<\/p><p style=\"font-weight: 400\"><strong>Arvonlis\u00e4verotunnus:<\/strong><br \/>Arvonlis\u00e4verotunniste \u00a7 27a arvonlis\u00e4verolain mukaisesti: DE328287121<\/p><p style=\"font-weight: 400\"><strong>Vastuu sis\u00e4ll\u00f6st\u00e4<\/strong><\/p><p style=\"font-weight: 400\">Palveluntarjoajana olemme \u00a7 7 Abs. 1 DDG:n mukaisesti vastuussa omasta sis\u00e4ll\u00f6st\u00e4mme n\u00e4ill\u00e4 sivuilla yleisten lakien mukaisesti. \u00a7\u00a7 8\u201310 DDG:n mukaisesti palveluntarjoajana emme kuitenkaan ole velvollisia valvomaan v\u00e4litettyj\u00e4 tai tallennettuja ulkopuolisia tietoja tai tutkimaan olosuhteita, jotka viittaavat laittomaan toimintaan.<\/p><p style=\"font-weight: 400\">Velvollisuudet poistaa tai est\u00e4\u00e4 tietojen k\u00e4ytt\u00f6 yleisten lakien mukaisesti eiv\u00e4t muutu t\u00e4m\u00e4n vuoksi. T\u00e4st\u00e4 johtuva vastuu on kuitenkin mahdollista vasta siit\u00e4 hetkest\u00e4 l\u00e4htien, kun konkreettisesta oikeudenloukkauksesta on saatu tieto. Kun t\u00e4llaisista oikeudenloukkauksista tulee tietoon, poistamme kyseiset sis\u00e4ll\u00f6t v\u00e4litt\u00f6m\u00e4sti.<\/p><p style=\"font-weight: 400\"><strong>Vastuu linkeist\u00e4<\/strong><\/p><p style=\"font-weight: 400\">Tarjouksemme sis\u00e4lt\u00e4\u00e4 linkkej\u00e4 kolmansien osapuolten ulkoisiin verkkosivustoihin, joiden sis\u00e4lt\u00f6\u00f6n emme voi vaikuttaa. Siksi emme voi ottaa vastuuta n\u00e4iden ulkoisten sis\u00e4lt\u00f6jen suhteen. Linkitettyjen sivujen sis\u00e4ll\u00f6st\u00e4 vastaa aina kyseinen tarjoaja tai yll\u00e4pit\u00e4j\u00e4.<\/p><p style=\"font-weight: 400\">Linkitetyt sivut on tarkistettu linkitt\u00e4misen ajankohtana mahdollisten oikeudenloukkausten varalta. Linkitt\u00e4misen ajankohtana sivustoilla ei ollut havaittavissa laittomia sis\u00e4lt\u00f6j\u00e4. Linkitettyjen sivujen jatkuva valvonta ei kuitenkaan ole kohtuullista ilman konkreettisia viitteit\u00e4. Jos oikeudenloukkauksista tulee tietoon, poistamme t\u00e4llaiset linkit v\u00e4litt\u00f6m\u00e4sti.<\/p><p style=\"font-weight: 400\"><strong>tekij\u00e4noikeus<\/strong><\/p><p style=\"font-weight: 400\">Sivuston yll\u00e4pit\u00e4jien luomat sis\u00e4ll\u00f6t ja teokset n\u00e4ill\u00e4 sivuilla ovat Saksan tekij\u00e4noikeuslain alaisia.<br \/>J\u00e4ljent\u00e4minen, muokkaaminen, levitt\u00e4minen ja kaikenlainen k\u00e4ytt\u00f6 tekij\u00e4noikeuden rajojen ulkopuolella edellytt\u00e4v\u00e4t kirjallista lupaa kyseiselt\u00e4 tekij\u00e4lt\u00e4 tai luojalta. T\u00e4m\u00e4n sivuston lataaminen ja kopioiminen on sallittua vain yksityiseen, ei-kaupalliseen k\u00e4ytt\u00f6\u00f6n.<\/p><p style=\"font-weight: 400\">Sivuston sis\u00e4ll\u00f6n, jota ei ole luonut sivuston yll\u00e4pit\u00e4j\u00e4, tekij\u00e4noikeudet kuuluvat kolmansille osapuolille. Kolmansien osapuolten sis\u00e4lt\u00f6 on merkitty sellaiseksi. Jos huomaat kuitenkin tekij\u00e4noikeusrikkomuksen, pyyd\u00e4mme ilmoittamaan siit\u00e4 meille. Kun saamme tiet\u00e4\u00e4 oikeudenloukkauksista, poistamme kyseisen sis\u00e4ll\u00f6n v\u00e4litt\u00f6m\u00e4sti.<\/p><p style=\"font-weight: 400\"><strong>Kuvien l\u00e4hteet<\/strong><\/p><p style=\"font-weight: 400\">\u00a9 MobilHybrid GmbH<br \/>\u00a9 Kuva Hunger<br \/>\u00a9 Tohtori Michael Seehuber<br \/>\u00a9 Harald Hornbacher<br \/>\u00a9 Adobe Stock (ent. Fotolia.com)<\/p><p style=\"font-weight: 400\"><strong>riidanratkaisu<\/strong><\/p><p style=\"font-weight: 400\">Emme ole valmiita eik\u00e4 velvollisia osallistumaan kuluttajariitojen sovittelumenettelyihin kuluttajariitojen sovitteluelimess\u00e4.<\/p>\t\t\t\t\t\t\t\t<\/div>\n\t\t\t\t<\/div>\n\t\t\t\t\t<\/div>\n\t\t\t\t<\/div>\n\t\t\t\t<\/div>","protected":false},"excerpt":{"rendered":"<p>5 \u00a7:n mukaiset tiedot digitaalisista palveluista annetun lain (DDG) mukaisesti: MobilHybrid GmbHB\u00fcrgermeister-Wegele-Stra\u00dfe 1286167 Augsburg Edustaja: Dr. Michael Seehuber Yhteystiedot: Puhelin: +49 (0)1578 3503438S\u00e4hk\u00f6posti: info@mobilhybrid.de Rekisterimerkint\u00e4: Merkint\u00e4 kaupparekisteriin.Rekisterituomioistuin: M\u00fcnchenin maistraattiRekisterinumero: HRB 33553 Arvonlis\u00e4verotunniste: Arvonlis\u00e4verolain 27 a \u00a7:n mukainen arvonlis\u00e4verotunniste: DE328287121 Vastuu sis\u00e4ll\u00f6st\u00e4 Palveluntarjoajana olemme vastuussa n\u00e4ill\u00e4 sivuilla olevasta omasta sis\u00e4ll\u00f6st\u00e4mme DDG:n 7 \u00a7:n 1 momentin mukaisesti [...]<\/p>","protected":false},"author":6,"featured_media":0,"parent":0,"menu_order":0,"comment_status":"closed","ping_status":"closed","template":"","meta":{"footnotes":""},"class_list":["post-3641","page","type-page","status-publish","hentry"],"yoast_head":"<!-- This site is optimized with the Yoast SEO plugin v26.6 - https:\/\/yoast.com\/wordpress\/plugins\/seo\/ -->\n<title>Impressum - MobilHybrid<\/title>\n<meta name=\"robots\" content=\"index, follow, max-snippet:-1, max-image-preview:large, max-video-preview:-1\" \/>\n<link rel=\"canonical\" href=\"https:\/\/mobilhybrid.de\/fi\/impressum\/\" \/>\n<meta property=\"og:locale\" content=\"fi_FI\" \/>\n<meta property=\"og:type\" content=\"article\" \/>\n<meta property=\"og:title\" content=\"Impressum - MobilHybrid\" \/>\n<meta property=\"og:description\" content=\"Impressum Angaben gem\u00e4\u00df \u00a7 5 Digitale-Dienste-Gesetz (DDG): MobilHybrid GmbHB\u00fcrgermeister-Wegele-Stra\u00dfe 1286167 Augsburg Vertreten durch:Dr. Michael Seehuber Kontakt:Telefon: +49 (0)1578 3503438E-Mail:\u00a0info@mobilhybrid.de Registereintrag:Eintragung im Handelsregister.Registergericht: Amtsgericht M\u00fcnchenRegisternummer: HRB 33553 Umsatzsteuer-ID:Umsatzsteuer-Identifikationsnummer gem\u00e4\u00df \u00a7 27a Umsatzsteuergesetz: DE328287121 Haftung f\u00fcr Inhalte Als Diensteanbieter sind wir gem\u00e4\u00df \u00a7 7 Abs. 1 DDG f\u00fcr eigene Inhalte auf diesen Seiten nach den allgemeinen Gesetzen [&hellip;]\" \/>\n<meta property=\"og:url\" content=\"https:\/\/mobilhybrid.de\/fi\/impressum\/\" \/>\n<meta property=\"og:site_name\" content=\"MobilHybrid\" \/>\n<meta property=\"article:publisher\" content=\"https:\/\/www.facebook.com\/MobilHybrid\/\" \/>\n<meta property=\"article:modified_time\" content=\"2025-10-26T17:53:04+00:00\" \/>\n<meta property=\"og:image\" content=\"https:\/\/mobilhybrid.de\/wp-content\/uploads\/2024\/04\/MH-8-1.jpg\" \/>\n\t<meta property=\"og:image:width\" content=\"1000\" \/>\n\t<meta property=\"og:image:height\" content=\"1000\" \/>\n\t<meta property=\"og:image:type\" content=\"image\/jpeg\" \/>\n<meta name=\"twitter:card\" content=\"summary_large_image\" \/>\n<script type=\"application\/ld+json\" class=\"yoast-schema-graph\">{\"@context\":\"https:\/\/schema.org\",\"@graph\":[{\"@type\":\"WebPage\",\"@id\":\"https:\/\/mobilhybrid.de\/impressum\/\",\"url\":\"https:\/\/mobilhybrid.de\/impressum\/\",\"name\":\"Impressum - MobilHybrid\",\"isPartOf\":{\"@id\":\"https:\/\/mobilhybrid.de\/#website\"},\"datePublished\":\"2024-01-28T12:21:04+00:00\",\"dateModified\":\"2025-10-26T17:53:04+00:00\",\"breadcrumb\":{\"@id\":\"https:\/\/mobilhybrid.de\/impressum\/#breadcrumb\"},\"inLanguage\":\"fi\",\"potentialAction\":[{\"@type\":\"ReadAction\",\"target\":[\"https:\/\/mobilhybrid.de\/impressum\/\"]}]},{\"@type\":\"BreadcrumbList\",\"@id\":\"https:\/\/mobilhybrid.de\/impressum\/#breadcrumb\",\"itemListElement\":[{\"@type\":\"ListItem\",\"position\":1,\"name\":\"Home\",\"item\":\"https:\/\/mobilhybrid.de\/\"},{\"@type\":\"ListItem\",\"position\":2,\"name\":\"Impressum\"}]},{\"@type\":\"WebSite\",\"@id\":\"https:\/\/mobilhybrid.de\/#website\",\"url\":\"https:\/\/mobilhybrid.de\/\",\"name\":\"MobilHybrid\",\"description\":\"die autarke, mobile netzunabh\u00e4ngige Stromversorgung\",\"publisher\":{\"@id\":\"https:\/\/mobilhybrid.de\/#organization\"},\"potentialAction\":[{\"@type\":\"SearchAction\",\"target\":{\"@type\":\"EntryPoint\",\"urlTemplate\":\"https:\/\/mobilhybrid.de\/?s={search_term_string}\"},\"query-input\":{\"@type\":\"PropertyValueSpecification\",\"valueRequired\":true,\"valueName\":\"search_term_string\"}}],\"inLanguage\":\"fi\"},{\"@type\":\"Organization\",\"@id\":\"https:\/\/mobilhybrid.de\/#organization\",\"name\":\"MobilHybrid GmbH\",\"url\":\"https:\/\/mobilhybrid.de\/\",\"logo\":{\"@type\":\"ImageObject\",\"inLanguage\":\"fi\",\"@id\":\"https:\/\/mobilhybrid.de\/#\/schema\/logo\/image\/\",\"url\":\"https:\/\/mobilhybrid.de\/wp-content\/uploads\/2020\/04\/152.png\",\"contentUrl\":\"https:\/\/mobilhybrid.de\/wp-content\/uploads\/2020\/04\/152.png\",\"width\":152,\"height\":152,\"caption\":\"MobilHybrid GmbH\"},\"image\":{\"@id\":\"https:\/\/mobilhybrid.de\/#\/schema\/logo\/image\/\"},\"sameAs\":[\"https:\/\/www.facebook.com\/MobilHybrid\/\",\"https:\/\/www.instagram.com\/_mobilhybrid_\/?hl=de\",\"https:\/\/www.youtube.com\/@pv4lifegmbh476\",\"https:\/\/de.linkedin.com\/company\/mobilhybrid-ug\"]}]}<\/script>\n<!-- \/ Yoast SEO plugin. -->","yoast_head_json":{"title":"Yksityisyydensuoja - MobilHybrid","robots":{"index":"index","follow":"follow","max-snippet":"max-snippet:-1","max-image-preview":"max-image-preview:large","max-video-preview":"max-video-preview:-1"},"canonical":"https:\/\/mobilhybrid.de\/fi\/impressum\/","og_locale":"fi_FI","og_type":"article","og_title":"Impressum - MobilHybrid","og_description":"Impressum Angaben gem\u00e4\u00df \u00a7 5 Digitale-Dienste-Gesetz (DDG): MobilHybrid GmbHB\u00fcrgermeister-Wegele-Stra\u00dfe 1286167 Augsburg Vertreten durch:Dr. Michael Seehuber Kontakt:Telefon: +49 (0)1578 3503438E-Mail:\u00a0info@mobilhybrid.de Registereintrag:Eintragung im Handelsregister.Registergericht: Amtsgericht M\u00fcnchenRegisternummer: HRB 33553 Umsatzsteuer-ID:Umsatzsteuer-Identifikationsnummer gem\u00e4\u00df \u00a7 27a Umsatzsteuergesetz: DE328287121 Haftung f\u00fcr Inhalte Als Diensteanbieter sind wir gem\u00e4\u00df \u00a7 7 Abs. 1 DDG f\u00fcr eigene Inhalte auf diesen Seiten nach den allgemeinen Gesetzen [&hellip;]","og_url":"https:\/\/mobilhybrid.de\/fi\/impressum\/","og_site_name":"MobilHybrid","article_publisher":"https:\/\/www.facebook.com\/MobilHybrid\/","article_modified_time":"2025-10-26T17:53:04+00:00","og_image":[{"width":1000,"height":1000,"url":"https:\/\/mobilhybrid.de\/wp-content\/uploads\/2024\/04\/MH-8-1.jpg","type":"image\/jpeg"}],"twitter_card":"summary_large_image","schema":{"@context":"https:\/\/schema.org","@graph":[{"@type":"WebPage","@id":"https:\/\/mobilhybrid.de\/impressum\/","url":"https:\/\/mobilhybrid.de\/impressum\/","name":"Yksityisyydensuoja - MobilHybrid","isPartOf":{"@id":"https:\/\/mobilhybrid.de\/#website"},"datePublished":"2024-01-28T12:21:04+00:00","dateModified":"2025-10-26T17:53:04+00:00","breadcrumb":{"@id":"https:\/\/mobilhybrid.de\/impressum\/#breadcrumb"},"inLanguage":"fi","potentialAction":[{"@type":"ReadAction","target":["https:\/\/mobilhybrid.de\/impressum\/"]}]},{"@type":"BreadcrumbList","@id":"https:\/\/mobilhybrid.de\/impressum\/#breadcrumb","itemListElement":[{"@type":"ListItem","position":1,"name":"Home","item":"https:\/\/mobilhybrid.de\/"},{"@type":"ListItem","position":2,"name":"Impressum"}]},{"@type":"WebSite","@id":"https:\/\/mobilhybrid.de\/#website","url":"https:\/\/mobilhybrid.de\/","name":"MobilHybrid","description":"itsen\u00e4inen, mobiili, verkosta riippumaton virransy\u00f6tt\u00f6","publisher":{"@id":"https:\/\/mobilhybrid.de\/#organization"},"potentialAction":[{"@type":"SearchAction","target":{"@type":"EntryPoint","urlTemplate":"https:\/\/mobilhybrid.de\/?s={search_term_string}"},"query-input":{"@type":"PropertyValueSpecification","valueRequired":true,"valueName":"search_term_string"}}],"inLanguage":"fi"},{"@type":"Organization","@id":"https:\/\/mobilhybrid.de\/#organization","name":"MobilHybrid GmbH","url":"https:\/\/mobilhybrid.de\/","logo":{"@type":"ImageObject","inLanguage":"fi","@id":"https:\/\/mobilhybrid.de\/#\/schema\/logo\/image\/","url":"https:\/\/mobilhybrid.de\/wp-content\/uploads\/2020\/04\/152.png","contentUrl":"https:\/\/mobilhybrid.de\/wp-content\/uploads\/2020\/04\/152.png","width":152,"height":152,"caption":"MobilHybrid GmbH"},"image":{"@id":"https:\/\/mobilhybrid.de\/#\/schema\/logo\/image\/"},"sameAs":["https:\/\/www.facebook.com\/MobilHybrid\/","https:\/\/www.instagram.com\/_mobilhybrid_\/?hl=de","https:\/\/www.youtube.com\/@pv4lifegmbh476","https:\/\/de.linkedin.com\/company\/mobilhybrid-ug"]}]}},"_links":{"self":[{"href":"https:\/\/mobilhybrid.de\/fi\/wp-json\/wp\/v2\/pages\/3641","targetHints":{"allow":["GET"]}}],"collection":[{"href":"https:\/\/mobilhybrid.de\/fi\/wp-json\/wp\/v2\/pages"}],"about":[{"href":"https:\/\/mobilhybrid.de\/fi\/wp-json\/wp\/v2\/types\/page"}],"author":[{"embeddable":true,"href":"https:\/\/mobilhybrid.de\/fi\/wp-json\/wp\/v2\/users\/6"}],"replies":[{"embeddable":true,"href":"https:\/\/mobilhybrid.de\/fi\/wp-json\/wp\/v2\/comments?post=3641"}],"version-history":[{"count":24,"href":"https:\/\/mobilhybrid.de\/fi\/wp-json\/wp\/v2\/pages\/3641\/revisions"}],"predecessor-version":[{"id":4469,"href":"https:\/\/mobilhybrid.de\/fi\/wp-json\/wp\/v2\/pages\/3641\/revisions\/4469"}],"wp:attachment":[{"href":"https:\/\/mobilhybrid.de\/fi\/wp-json\/wp\/v2\/media?parent=3641"}],"curies":[{"name":"wp","href":"https:\/\/api.w.org\/{rel}","templated":true}]}}