{"id":3652,"date":"2024-01-28T13:31:43","date_gmt":"2024-01-28T12:31:43","guid":{"rendered":"https:\/\/mhdemo.local\/?page_id=3652"},"modified":"2025-10-03T20:59:40","modified_gmt":"2025-10-03T18:59:40","slug":"tietosuojaseloste","status":"publish","type":"page","link":"https:\/\/mobilhybrid.de\/fi\/tietosuojaseloste\/","title":{"rendered":"Tietosuojaseloste"},"content":{"rendered":"<div data-elementor-type=\"wp-page\" data-elementor-id=\"3652\" class=\"elementor elementor-3652\" data-elementor-post-type=\"page\">\n\t\t\t\t<div class=\"elementor-element elementor-element-0978cd9 e-flex e-con-boxed e-con e-parent\" data-id=\"0978cd9\" data-element_type=\"container\">\n\t\t\t\t\t<div class=\"e-con-inner\">\n\t\t\t\t<div class=\"elementor-element elementor-element-48f2ab3 elementor-widget elementor-widget-heading\" data-id=\"48f2ab3\" data-element_type=\"widget\" data-widget_type=\"heading.default\">\n\t\t\t\t<div class=\"elementor-widget-container\">\n\t\t\t\t\t<h1 class=\"elementor-heading-title elementor-size-default\">Tietosuojaseloste<\/h1>\t\t\t\t<\/div>\n\t\t\t\t<\/div>\n\t\t\t\t<div class=\"elementor-element elementor-element-59744a3 elementor-widget elementor-widget-text-editor\" data-id=\"59744a3\" data-element_type=\"widget\" data-widget_type=\"text-editor.default\">\n\t\t\t\t<div class=\"elementor-widget-container\">\n\t\t\t\t\t\t\t\t\t<p style=\"font-weight: 400\"><strong>1. Tietosuoja yhdell\u00e4 silm\u00e4yksell\u00e4<\/strong><\/p><p style=\"font-weight: 400\"><strong>Yleisi\u00e4 ohjeita<\/strong><\/p><p style=\"font-weight: 400\">Seuraavat ohjeet antavat yksinkertaisen yleiskuvan siit\u00e4, mit\u00e4 henkil\u00f6tietojesi kanssa tapahtuu, kun vierailet verkkosivustollamme.<br \/>Henkil\u00f6kohtaiset tiedot ovat kaikki tiedot, joiden avulla sinut voidaan tunnistaa henkil\u00f6kohtaisesti.<br \/>Yksityiskohtaiset tiedot l\u00f6ytyv\u00e4t alla olevasta t\u00e4ydellisest\u00e4 tietosuojaselosteesta.<\/p><p style=\"font-weight: 400\">\u00a0<\/p><p style=\"font-weight: 400\"><strong>2. Vastuullinen taho<\/strong><\/p><p style=\"font-weight: 400\"><strong>MobilHybrid GmbH<\/strong><br \/>B\u00fcrgermeister-Wegele-Stra\u00dfe 12<br \/>86167 Augsburg<\/p><p style=\"font-weight: 400\">Edustaja: Dr. Michael Seehuber<br \/>Puhelin: +49 (0)1578 3503438<br \/>S\u00e4hk\u00f6posti: info@mobilhybrid.de<\/p><p style=\"font-weight: 400\">\u00a0<\/p><p style=\"font-weight: 400\"><strong>3. Yleisi\u00e4 tietoja tietojen k\u00e4sittelyst\u00e4<\/strong><\/p><ul style=\"font-weight: 400\"><li>K\u00e4sittelemme henkil\u00f6tietojasi luottamuksellisesti ja lakis\u00e4\u00e4teisten tietosuojam\u00e4\u00e4r\u00e4ysten (DSGVO, BDSG, Digitale-Dienste-Gesetz [DDG] sek\u00e4 Telekommunikation-Digitale-Dienste-Datenschutz-Gesetz [TDDDG]) mukaisesti.<\/li><li>Tietojen k\u00e4sittely tapahtuu vain t\u00e4ss\u00e4 mainittuihin tarkoituksiin.<\/li><li>Huomautamme, ett\u00e4 tiedonsiirrossa internetiss\u00e4 (esim. s\u00e4hk\u00f6postiviestinn\u00e4ss\u00e4) voi olla turvallisuusriskej\u00e4.<\/li><\/ul><p style=\"font-weight: 400\">\u00a0<\/p><p style=\"font-weight: 400\"><strong>4. Oikeutesi<\/strong><\/p><p style=\"font-weight: 400\">Sinulla on milloin tahansa oikeus:<\/p><ul style=\"font-weight: 400\"><li>Tietojen saanti (GDPR:n 15 artikla)<\/li><li>Oikaisu (GDPR:n 16 artikla)<\/li><li>Poistaminen (GDPR:n 17 artikla)<\/li><li>K\u00e4sittelyn rajoittaminen (GDPR:n 18 artikla)<\/li><li>K\u00e4sittelyn vastustaminen (GDPR:n 21 artikla)<\/li><li>Tietojen siirrett\u00e4vyys (GDPR:n 20 artikla)<\/li><li>Annetun suostumuksen peruuttaminen (GDPR:n 7 artiklan 3 kohta)<\/li><li>Valitus valvontaviranomaiselle (GDPR:n 77 artikla)<\/li><\/ul><p style=\"font-weight: 400\">\u00a0<\/p><p style=\"font-weight: 400\"><strong>5. Tietojen ker\u00e4\u00e4minen verkkosivustollamme<\/strong><\/p><p><strong>a) Palvelimen lokitiedostot<\/strong><\/p><p style=\"font-weight: 400\">Kun vierailet verkkosivustollamme, hosting-palveluntarjoaja ker\u00e4\u00e4 automaattisesti tietoja (esim. selaimen tyyppi, k\u00e4ytt\u00f6j\u00e4rjestelm\u00e4, viittaava URL-osoite, IP-osoite, vierailun kellonaika).<br \/>Oikeusperusta: GDPR:n 6 artiklan 1 kohdan f alakohta (oikeutettu etu turvalliseen toimittamiseen).<\/p><p><strong>b) Yhteydenottolomake<\/strong><\/p><p style=\"font-weight: 400\">Kun otat meihin yhteytt\u00e4 lomakkeen kautta, tallennamme antamasi tiedot (nimi, s\u00e4hk\u00f6postiosoite jne.) voidaksemme vastata kyselyysi.<br \/>Oikeusperusta: GDPR:n 6 artiklan 1 kohdan a alakohta (suostumus).<\/p><p style=\"font-weight: 400\">\u00a0<\/p><p style=\"font-weight: 400\"><strong>6. Ev\u00e4steet ja suostumus<\/strong><\/p><p style=\"font-weight: 400\">Verkkosivustomme k\u00e4ytt\u00e4\u00e4 ev\u00e4steit\u00e4 ja vastaavia tekniikoita.<\/p><ul style=\"font-weight: 400\"><li><strong>V\u00e4ltt\u00e4m\u00e4tt\u00f6m\u00e4t ev\u00e4steet<\/strong>: Oikeusperusta: GDPR:n 6 artiklan 1 kohdan f alakohta.<\/li><li><strong>Analyysi-\/markkinointiev\u00e4steit\u00e4<\/strong>: Oikeusperusta: GDPR:n 6 artiklan 1 kohdan a alakohta yhdess\u00e4 TDDDG:n 25 \u00a7:n 1 momentin kanssa (vain suostumuksella ev\u00e4stebannerin kautta).<br \/>Voit peruuttaa suostumuksesi milloin tahansa ev\u00e4stebannerin kautta.<\/li><\/ul><p style=\"font-weight: 400\">\u00a0<\/p><p style=\"font-weight: 400\"><strong>7. Analyysi- ja seurantaty\u00f6kalut<\/strong><\/p><p style=\"font-weight: 400\"><strong>Google Analytics<\/strong><\/p><p style=\"font-weight: 400\">K\u00e4yt\u00e4mme Google Analyticsia (tarjoaja: Google Ireland Limited, Dublin, Irlanti) k\u00e4ytt\u00e4jien k\u00e4ytt\u00e4ytymisen analysointiin.<\/p><ul style=\"font-weight: 400\"><li>K\u00e4yt\u00e4mme ev\u00e4steit\u00e4 ja vastaavia tekniikoita.<\/li><li>IP-anonymisointi on k\u00e4yt\u00f6ss\u00e4.<\/li><li>Tietoja voidaan siirt\u00e4\u00e4 Yhdysvaltoihin (oikeusperusta: EU-komission vakiolausekkeet).<\/li><\/ul><p>\u00a0<\/p><p style=\"font-weight: 400\"><strong>Oikeusperusta:<\/strong>\u00a0Suostumus (GDPR:n 6 artiklan 1 kohdan a alakohta, TDDDG:n 25 \u00a7:n 1 momentti).<br \/>Voit peruuttaa suostumuksesi milloin tahansa ev\u00e4stebannerin kautta.<\/p><p style=\"font-weight: 400\">Lis\u00e4tietoja:\u00a0<a href=\"https:\/\/policies.google.com\/privacy?hl=de\">Googlen tietosuojak\u00e4yt\u00e4nt\u00f6<\/a><\/p><p style=\"font-weight: 400\"><strong>Google Search Console<\/strong><\/p><p style=\"font-weight: 400\">K\u00e4yt\u00e4mme Google Search Consolea verkkosivustomme tekniseen optimointiin (esim. virheiden analysointi, n\u00e4kyvyys hakukoneissa).<br \/>T\u00e4ll\u00f6in\u00a0<strong>ei k\u00e4sittele k\u00e4vij\u00f6iden henkil\u00f6tietoja<\/strong>, vaan vain verkkosivuston tekniset tiedot.<\/p><p style=\"font-weight: 400\"><strong>Google Ads ja konversioseuranta<\/strong><\/p><p style=\"font-weight: 400\">K\u00e4yt\u00e4mme Google Ads -konversioseurantaa mainosten menestyksen mittaamiseen.<br \/>Kun klikkaat ilmoitusta, asetetaan ev\u00e4ste, joka vanhenee 30 p\u00e4iv\u00e4n kuluttua.<\/p><p style=\"font-weight: 400\"><strong>Oikeusperusta:<\/strong>\u00a0Suostumus (GDPR:n 6 artiklan 1 kohdan a alakohta, TDDDG:n 25 \u00a7:n 1 momentti).<\/p><p style=\"font-weight: 400\"><strong>Google reCAPTCHA<\/strong><\/p><p style=\"font-weight: 400\">K\u00e4yt\u00e4mme reCAPTCHA-tekniikkaa est\u00e4\u00e4ksemme automatisoitujen bottien v\u00e4\u00e4rink\u00e4yt\u00f6n.<br \/>T\u00e4ll\u00f6in k\u00e4ytt\u00f6tietoja (esim. IP-osoite, hiiren liikkeet) l\u00e4hetet\u00e4\u00e4n Googlelle.<\/p><p style=\"font-weight: 400\"><strong>Oikeusperusta:<\/strong>\u00a0Suostumus (GDPR:n 6 artiklan 1 kohdan a alakohta).<\/p><p style=\"font-weight: 400\">\u00a0<\/p><p style=\"font-weight: 400\"><strong>8. Laajennukset ja ty\u00f6kalut<\/strong><\/p><p style=\"font-weight: 400\"><strong>YouTube<\/strong><\/p><p style=\"font-weight: 400\">Sivustollamme on YouTube-videoita.<br \/>Kun toistat videon, tiedot siirret\u00e4\u00e4n Googlelle\/YouTubeen.<\/p><p style=\"font-weight: 400\"><strong>Oikeusperusta:<\/strong>\u00a0Suostumus (GDPR:n 6 artiklan 1 kohdan a alakohta).<\/p><p style=\"font-weight: 400\"><strong>Google-fontit<\/strong><\/p><p style=\"font-weight: 400\">Verkkosivustomme k\u00e4ytt\u00e4\u00e4 Google Fonts -fontteja fonttien yhdenmukaisen n\u00e4ytt\u00e4misen varmistamiseksi.<br \/>T\u00e4ll\u00f6in muodostetaan yhteys Google-palvelimiin.<\/p><p style=\"font-weight: 400\"><strong>Oikeusperusta:<\/strong>\u00a0Suostumus (GDPR:n 6 artiklan 1 kohdan a alakohta).<\/p><p style=\"font-weight: 400\">\u00a0<\/p><p style=\"font-weight: 400\"><strong>9. Hosting<\/strong><\/p><p style=\"font-weight: 400\">Hosting-palvelumme tarjoaa:<br \/><strong>IONOS by 1&amp;1, 1&amp;1 Versatel Deutschland GmbH, Wanheimer Str. 90, 40468 D\u00fcsseldorf<\/strong>.<\/p><p style=\"font-weight: 400\">On olemassa sopimus tilausten k\u00e4sittelyst\u00e4 (AVV) GDPR:n 28 artiklan mukaisesti.<\/p><p style=\"font-weight: 400\">\u00a0<\/p><p style=\"font-weight: 400\"><strong>10. Tietoturva<\/strong><\/p><p style=\"font-weight: 400\">K\u00e4yt\u00e4mme kauttaaltaan SSL-\/TLS-salausta.<br \/>J\u00e4rjestelm\u00e4mme p\u00e4ivitet\u00e4\u00e4n s\u00e4\u00e4nn\u00f6llisesti teknisesti, jotta estet\u00e4\u00e4n luvaton p\u00e4\u00e4sy.<\/p><p style=\"font-weight: 400\">\u00a0<\/p><p style=\"font-weight: 400\"><strong>11. Ajankohtaisuus<\/strong><\/p><p style=\"font-weight: 400\">T\u00e4m\u00e4 tietosuojaseloste on voimassa alkaen\u00a0<strong>Tammikuu 2025<\/strong>.<br \/>Uudet lakis\u00e4\u00e4teiset vaatimukset tai tekniset kehitykset voivat edellytt\u00e4\u00e4 muutoksia.<\/p>\t\t\t\t\t\t\t\t<\/div>\n\t\t\t\t<\/div>\n\t\t\t\t\t<\/div>\n\t\t\t\t<\/div>\n\t\t\t\t<\/div>","protected":false},"excerpt":{"rendered":"<p>Tietosuojaseloste 1. tietosuoja yhdell\u00e4 silm\u00e4yksell\u00e4 Yleist\u00e4 Seuraavat tiedot antavat yksinkertaisen yleiskatsauksen siit\u00e4, mit\u00e4 henkil\u00f6tiedoillesi tapahtuu, kun vierailet verkkosivuillamme.Henkil\u00f6tietoja ovat kaikki tiedot, joiden avulla sinut voidaan tunnistaa henkil\u00f6kohtaisesti.Yksityiskohtaiset tiedot l\u00f6yd\u00e4t alla olevasta t\u00e4ydellisest\u00e4 tietosuojaselosteesta.   2. Vastuullinen elin MobilHybrid GmbHB\u00fcrgermeister-Wegele-Stra\u00dfe 1286167 Augsburg [...]<\/p>","protected":false},"author":6,"featured_media":0,"parent":0,"menu_order":0,"comment_status":"closed","ping_status":"closed","template":"","meta":{"footnotes":""},"class_list":["post-3652","page","type-page","status-publish","hentry"],"yoast_head":"<!-- This site is optimized with the Yoast SEO plugin v26.6 - https:\/\/yoast.com\/wordpress\/plugins\/seo\/ -->\n<title>Datenschutzerkl\u00e4rung - MobilHybrid<\/title>\n<meta name=\"robots\" content=\"index, follow, max-snippet:-1, max-image-preview:large, max-video-preview:-1\" \/>\n<link rel=\"canonical\" href=\"https:\/\/mobilhybrid.de\/fi\/tietosuojaseloste\/\" \/>\n<meta property=\"og:locale\" content=\"fi_FI\" \/>\n<meta property=\"og:type\" content=\"article\" \/>\n<meta property=\"og:title\" content=\"Datenschutzerkl\u00e4rung - MobilHybrid\" \/>\n<meta property=\"og:description\" content=\"Datenschutzerkl\u00e4rung 1. Datenschutz auf einen Blick Allgemeine Hinweise Die folgenden Hinweise geben einen einfachen \u00dcberblick dar\u00fcber, was mit Ihren personenbezogenen Daten passiert, wenn Sie unsere Website besuchen.Personenbezogene Daten sind alle Daten, mit denen Sie pers\u00f6nlich identifiziert werden k\u00f6nnen.Ausf\u00fchrliche Informationen entnehmen Sie bitte der vollst\u00e4ndigen Datenschutzerkl\u00e4rung weiter unten. \u00a0 2. Verantwortliche Stelle MobilHybrid GmbHB\u00fcrgermeister-Wegele-Stra\u00dfe 1286167 Augsburg [&hellip;]\" \/>\n<meta property=\"og:url\" content=\"https:\/\/mobilhybrid.de\/fi\/tietosuojaseloste\/\" \/>\n<meta property=\"og:site_name\" content=\"MobilHybrid\" \/>\n<meta property=\"article:publisher\" content=\"https:\/\/www.facebook.com\/MobilHybrid\/\" \/>\n<meta property=\"article:modified_time\" content=\"2025-10-03T18:59:40+00:00\" \/>\n<meta property=\"og:image\" content=\"https:\/\/mobilhybrid.de\/wp-content\/uploads\/2024\/04\/MH-8-1.jpg\" \/>\n\t<meta property=\"og:image:width\" content=\"1000\" \/>\n\t<meta property=\"og:image:height\" content=\"1000\" \/>\n\t<meta property=\"og:image:type\" content=\"image\/jpeg\" \/>\n<meta name=\"twitter:card\" content=\"summary_large_image\" \/>\n<script type=\"application\/ld+json\" class=\"yoast-schema-graph\">{\"@context\":\"https:\/\/schema.org\",\"@graph\":[{\"@type\":\"WebPage\",\"@id\":\"https:\/\/mobilhybrid.de\/datenschutzerklaerung\/\",\"url\":\"https:\/\/mobilhybrid.de\/datenschutzerklaerung\/\",\"name\":\"Datenschutzerkl\u00e4rung - MobilHybrid\",\"isPartOf\":{\"@id\":\"https:\/\/mobilhybrid.de\/#website\"},\"datePublished\":\"2024-01-28T12:31:43+00:00\",\"dateModified\":\"2025-10-03T18:59:40+00:00\",\"breadcrumb\":{\"@id\":\"https:\/\/mobilhybrid.de\/datenschutzerklaerung\/#breadcrumb\"},\"inLanguage\":\"fi\",\"potentialAction\":[{\"@type\":\"ReadAction\",\"target\":[\"https:\/\/mobilhybrid.de\/datenschutzerklaerung\/\"]}]},{\"@type\":\"BreadcrumbList\",\"@id\":\"https:\/\/mobilhybrid.de\/datenschutzerklaerung\/#breadcrumb\",\"itemListElement\":[{\"@type\":\"ListItem\",\"position\":1,\"name\":\"Home\",\"item\":\"https:\/\/mobilhybrid.de\/\"},{\"@type\":\"ListItem\",\"position\":2,\"name\":\"Datenschutzerkl\u00e4rung\"}]},{\"@type\":\"WebSite\",\"@id\":\"https:\/\/mobilhybrid.de\/#website\",\"url\":\"https:\/\/mobilhybrid.de\/\",\"name\":\"MobilHybrid\",\"description\":\"die autarke, mobile netzunabh\u00e4ngige Stromversorgung\",\"publisher\":{\"@id\":\"https:\/\/mobilhybrid.de\/#organization\"},\"potentialAction\":[{\"@type\":\"SearchAction\",\"target\":{\"@type\":\"EntryPoint\",\"urlTemplate\":\"https:\/\/mobilhybrid.de\/?s={search_term_string}\"},\"query-input\":{\"@type\":\"PropertyValueSpecification\",\"valueRequired\":true,\"valueName\":\"search_term_string\"}}],\"inLanguage\":\"fi\"},{\"@type\":\"Organization\",\"@id\":\"https:\/\/mobilhybrid.de\/#organization\",\"name\":\"MobilHybrid GmbH\",\"url\":\"https:\/\/mobilhybrid.de\/\",\"logo\":{\"@type\":\"ImageObject\",\"inLanguage\":\"fi\",\"@id\":\"https:\/\/mobilhybrid.de\/#\/schema\/logo\/image\/\",\"url\":\"https:\/\/mobilhybrid.de\/wp-content\/uploads\/2020\/04\/152.png\",\"contentUrl\":\"https:\/\/mobilhybrid.de\/wp-content\/uploads\/2020\/04\/152.png\",\"width\":152,\"height\":152,\"caption\":\"MobilHybrid GmbH\"},\"image\":{\"@id\":\"https:\/\/mobilhybrid.de\/#\/schema\/logo\/image\/\"},\"sameAs\":[\"https:\/\/www.facebook.com\/MobilHybrid\/\",\"https:\/\/www.instagram.com\/_mobilhybrid_\/?hl=de\",\"https:\/\/www.youtube.com\/@pv4lifegmbh476\",\"https:\/\/de.linkedin.com\/company\/mobilhybrid-ug\"]}]}<\/script>\n<!-- \/ Yoast SEO plugin. -->","yoast_head_json":{"title":"Tietosuojaseloste - MobilHybrid","robots":{"index":"index","follow":"follow","max-snippet":"max-snippet:-1","max-image-preview":"max-image-preview:large","max-video-preview":"max-video-preview:-1"},"canonical":"https:\/\/mobilhybrid.de\/fi\/tietosuojaseloste\/","og_locale":"fi_FI","og_type":"article","og_title":"Datenschutzerkl\u00e4rung - MobilHybrid","og_description":"Datenschutzerkl\u00e4rung 1. Datenschutz auf einen Blick Allgemeine Hinweise Die folgenden Hinweise geben einen einfachen \u00dcberblick dar\u00fcber, was mit Ihren personenbezogenen Daten passiert, wenn Sie unsere Website besuchen.Personenbezogene Daten sind alle Daten, mit denen Sie pers\u00f6nlich identifiziert werden k\u00f6nnen.Ausf\u00fchrliche Informationen entnehmen Sie bitte der vollst\u00e4ndigen Datenschutzerkl\u00e4rung weiter unten. \u00a0 2. Verantwortliche Stelle MobilHybrid GmbHB\u00fcrgermeister-Wegele-Stra\u00dfe 1286167 Augsburg [&hellip;]","og_url":"https:\/\/mobilhybrid.de\/fi\/tietosuojaseloste\/","og_site_name":"MobilHybrid","article_publisher":"https:\/\/www.facebook.com\/MobilHybrid\/","article_modified_time":"2025-10-03T18:59:40+00:00","og_image":[{"width":1000,"height":1000,"url":"https:\/\/mobilhybrid.de\/wp-content\/uploads\/2024\/04\/MH-8-1.jpg","type":"image\/jpeg"}],"twitter_card":"summary_large_image","schema":{"@context":"https:\/\/schema.org","@graph":[{"@type":"WebPage","@id":"https:\/\/mobilhybrid.de\/datenschutzerklaerung\/","url":"https:\/\/mobilhybrid.de\/datenschutzerklaerung\/","name":"Tietosuojaseloste - MobilHybrid","isPartOf":{"@id":"https:\/\/mobilhybrid.de\/#website"},"datePublished":"2024-01-28T12:31:43+00:00","dateModified":"2025-10-03T18:59:40+00:00","breadcrumb":{"@id":"https:\/\/mobilhybrid.de\/datenschutzerklaerung\/#breadcrumb"},"inLanguage":"fi","potentialAction":[{"@type":"ReadAction","target":["https:\/\/mobilhybrid.de\/datenschutzerklaerung\/"]}]},{"@type":"BreadcrumbList","@id":"https:\/\/mobilhybrid.de\/datenschutzerklaerung\/#breadcrumb","itemListElement":[{"@type":"ListItem","position":1,"name":"Home","item":"https:\/\/mobilhybrid.de\/"},{"@type":"ListItem","position":2,"name":"Datenschutzerkl\u00e4rung"}]},{"@type":"WebSite","@id":"https:\/\/mobilhybrid.de\/#website","url":"https:\/\/mobilhybrid.de\/","name":"MobilHybrid","description":"itsen\u00e4inen, mobiili, verkosta riippumaton virransy\u00f6tt\u00f6","publisher":{"@id":"https:\/\/mobilhybrid.de\/#organization"},"potentialAction":[{"@type":"SearchAction","target":{"@type":"EntryPoint","urlTemplate":"https:\/\/mobilhybrid.de\/?s={search_term_string}"},"query-input":{"@type":"PropertyValueSpecification","valueRequired":true,"valueName":"search_term_string"}}],"inLanguage":"fi"},{"@type":"Organization","@id":"https:\/\/mobilhybrid.de\/#organization","name":"MobilHybrid GmbH","url":"https:\/\/mobilhybrid.de\/","logo":{"@type":"ImageObject","inLanguage":"fi","@id":"https:\/\/mobilhybrid.de\/#\/schema\/logo\/image\/","url":"https:\/\/mobilhybrid.de\/wp-content\/uploads\/2020\/04\/152.png","contentUrl":"https:\/\/mobilhybrid.de\/wp-content\/uploads\/2020\/04\/152.png","width":152,"height":152,"caption":"MobilHybrid GmbH"},"image":{"@id":"https:\/\/mobilhybrid.de\/#\/schema\/logo\/image\/"},"sameAs":["https:\/\/www.facebook.com\/MobilHybrid\/","https:\/\/www.instagram.com\/_mobilhybrid_\/?hl=de","https:\/\/www.youtube.com\/@pv4lifegmbh476","https:\/\/de.linkedin.com\/company\/mobilhybrid-ug"]}]}},"_links":{"self":[{"href":"https:\/\/mobilhybrid.de\/fi\/wp-json\/wp\/v2\/pages\/3652","targetHints":{"allow":["GET"]}}],"collection":[{"href":"https:\/\/mobilhybrid.de\/fi\/wp-json\/wp\/v2\/pages"}],"about":[{"href":"https:\/\/mobilhybrid.de\/fi\/wp-json\/wp\/v2\/types\/page"}],"author":[{"embeddable":true,"href":"https:\/\/mobilhybrid.de\/fi\/wp-json\/wp\/v2\/users\/6"}],"replies":[{"embeddable":true,"href":"https:\/\/mobilhybrid.de\/fi\/wp-json\/wp\/v2\/comments?post=3652"}],"version-history":[{"count":11,"href":"https:\/\/mobilhybrid.de\/fi\/wp-json\/wp\/v2\/pages\/3652\/revisions"}],"predecessor-version":[{"id":4465,"href":"https:\/\/mobilhybrid.de\/fi\/wp-json\/wp\/v2\/pages\/3652\/revisions\/4465"}],"wp:attachment":[{"href":"https:\/\/mobilhybrid.de\/fi\/wp-json\/wp\/v2\/media?parent=3652"}],"curies":[{"name":"wp","href":"https:\/\/api.w.org\/{rel}","templated":true}]}}