{"id":1133,"date":"2020-04-13T16:48:24","date_gmt":"2020-04-13T14:48:24","guid":{"rendered":"https:\/\/mhdemo.local\/?post_type=product&#038;p=1133"},"modified":"2025-07-06T15:54:06","modified_gmt":"2025-07-06T13:54:06","slug":"mh-8","status":"publish","type":"product","link":"https:\/\/mobilhybrid.de\/fi\/tuote\/mh-8\/","title":{"rendered":"MH-8"},"content":{"rendered":"<p>Der <strong><span style=\"color: #58a332;\">M<\/span><\/strong>obil<strong><span style=\"color: #58a332;\">H<\/span><\/strong>hybridi <strong><span style=\"color: #58a332;\">MH<\/span><\/strong>-8 on monipuolinen energianvarastointij\u00e4rjestelm\u00e4, joka sopii erinomaisesti useisiin eri k\u00e4ytt\u00f6kohteisiin. Sen kompakti koko ja tehokas akkuteknologia tekev\u00e4t siit\u00e4 t\u00e4ydellisen ratkaisun seuraaviin k\u00e4ytt\u00f6kohteisiin:<\/p>\n<p><strong>1. Pienemm\u00e4t rakennusty\u00f6maat<\/strong>: Der <strong><span style=\"color: #58a332;\">MH<\/span><\/strong>-8 tarjoaa tarvittavan energian pienempien rakennusty\u00f6maiden tehokkaaseen virransy\u00f6tt\u00f6\u00f6n. Se toimii sek\u00e4 dieselk\u00e4yt\u00f6ll\u00e4 ett\u00e4 ilman sit\u00e4 ja takaa luotettavan virransy\u00f6t\u00f6n erityisesti y\u00f6ll\u00e4, kun kuormitus on v\u00e4h\u00e4ist\u00e4.<\/p>\n<p><strong>2. Toimisto- ja sosiaalikonttien itsen\u00e4inen s\u00e4hk\u00f6nsy\u00f6tt\u00f6<\/strong>: Yhdess\u00e4 kontti-PV-j\u00e4rjestelm\u00e4mme kanssa <strong><span style=\"color: #58a332;\">MH<\/span><\/strong>-8 toimistokonttien ja sosiaalikonttien itsen\u00e4iseen s\u00e4hk\u00f6nsy\u00f6tt\u00f6\u00f6n. Voit k\u00e4ytt\u00e4\u00e4 konttejasi itsen\u00e4isesti puhtaalla energialla.<\/p>\n<p><strong>3. Akkujen lataaminen<\/strong>: Der <strong><span style=\"color: #58a332;\">MH<\/span><\/strong>-8 on ihanteellinen akkulaitteiden lataamiseen rakennusty\u00f6mailla, tapahtumissa tai syrj\u00e4isill\u00e4 alueilla. Sinulla on aina luotettava virtal\u00e4hde k\u00e4den ulottuvilla.<\/p>\n<p><strong>4. Valaistuksen, valvontaj\u00e4rjestelmien, tietokoneiden jne. virransy\u00f6tt\u00f6.<\/strong>: K\u00e4yt\u00e4 <strong><span style=\"color: #58a332;\">MH<\/span><\/strong>-8, jotta valaistus, valvontaj\u00e4rjestelm\u00e4t, tietokoneet ja muut elektroniset laitteet saavat virtaa. Se takaa sujuvan toiminnan.<\/p>","protected":false},"excerpt":{"rendered":"<p>Der <strong><span style=\"color: #58a332;\">M<\/span><\/strong>obil<strong><span style=\"color: #58a332;\">H<\/span><\/strong>hybridi <strong><span style=\"color: #58a332;\">MH<\/span><\/strong>-8 on suunniteltu vastaamaan joustavasti tarpeisiisi ja tarjoamaan luotettavan energial\u00e4hteen miss\u00e4 tahansa sit\u00e4 tarvitset. Ymp\u00e4rist\u00f6yst\u00e4v\u00e4llisen teknologian ja tehokkaan suunnittelun ansiosta voit hy\u00f6dynt\u00e4\u00e4 puhtaan energian etuja erilaisissa tilanteissa.<\/p>","protected":false},"featured_media":3958,"comment_status":"closed","ping_status":"closed","template":"","meta":[],"product_brand":[],"product_cat":[68,34],"product_tag":[],"class_list":{"0":"post-1133","1":"product","2":"type-product","3":"status-publish","4":"has-post-thumbnail","6":"product_cat-bg-b","7":"product_cat-mobilhybrid","9":"first","10":"instock","11":"shipping-taxable","12":"product-type-simple"},"yoast_head":"<!-- This site is optimized with the Yoast SEO plugin v26.6 - https:\/\/yoast.com\/wordpress\/plugins\/seo\/ -->\n<title>MobilHybrid MH-8: Vielseitiger Energiespeicher f\u00fcr Bau &amp; mehr<\/title>\n<meta name=\"description\" content=\"Der MobilHybrid MH-8 liefert zuverl\u00e4ssige Energie f\u00fcr Baustellen, B\u00fcrocontainer und mobile Ger\u00e4te. Kompakt, leistungsstark und vielseitig einsetzbar.\" \/>\n<meta name=\"robots\" content=\"index, follow, max-snippet:-1, max-image-preview:large, max-video-preview:-1\" \/>\n<link rel=\"canonical\" href=\"https:\/\/mobilhybrid.de\/fi\/tuote\/mh-8\/\" \/>\n<meta property=\"og:locale\" content=\"fi_FI\" \/>\n<meta property=\"og:type\" content=\"article\" \/>\n<meta property=\"og:title\" content=\"MobilHybrid MH-8: Vielseitiger Energiespeicher f\u00fcr Bau &amp; mehr\" \/>\n<meta property=\"og:description\" content=\"Der MobilHybrid MH-8 liefert zuverl\u00e4ssige Energie f\u00fcr Baustellen, B\u00fcrocontainer und mobile Ger\u00e4te. Kompakt, leistungsstark und vielseitig einsetzbar.\" \/>\n<meta property=\"og:url\" content=\"https:\/\/mobilhybrid.de\/fi\/tuote\/mh-8\/\" \/>\n<meta property=\"og:site_name\" content=\"MobilHybrid\" \/>\n<meta property=\"article:publisher\" content=\"https:\/\/www.facebook.com\/MobilHybrid\/\" \/>\n<meta property=\"article:modified_time\" content=\"2025-07-06T13:54:06+00:00\" \/>\n<meta property=\"og:image\" content=\"https:\/\/mobilhybrid.de\/wp-content\/uploads\/2024\/04\/MH-8-1.jpg\" \/>\n\t<meta property=\"og:image:width\" content=\"1000\" \/>\n\t<meta property=\"og:image:height\" content=\"1000\" \/>\n\t<meta property=\"og:image:type\" content=\"image\/jpeg\" \/>\n<meta name=\"twitter:card\" content=\"summary_large_image\" \/>\n<script type=\"application\/ld+json\" class=\"yoast-schema-graph\">{\"@context\":\"https:\/\/schema.org\",\"@graph\":[{\"@type\":\"WebPage\",\"@id\":\"https:\/\/mobilhybrid.de\/product\/mh-8\/\",\"url\":\"https:\/\/mobilhybrid.de\/product\/mh-8\/\",\"name\":\"MobilHybrid MH-8: Vielseitiger Energiespeicher f\u00fcr Bau & mehr\",\"isPartOf\":{\"@id\":\"https:\/\/mobilhybrid.de\/#website\"},\"primaryImageOfPage\":{\"@id\":\"https:\/\/mobilhybrid.de\/product\/mh-8\/#primaryimage\"},\"image\":{\"@id\":\"https:\/\/mobilhybrid.de\/product\/mh-8\/#primaryimage\"},\"thumbnailUrl\":\"https:\/\/mobilhybrid.de\/wp-content\/uploads\/2024\/04\/MH-8-1.jpg\",\"datePublished\":\"2020-04-13T14:48:24+00:00\",\"dateModified\":\"2025-07-06T13:54:06+00:00\",\"description\":\"Der MobilHybrid MH-8 liefert zuverl\u00e4ssige Energie f\u00fcr Baustellen, B\u00fcrocontainer und mobile Ger\u00e4te. Kompakt, leistungsstark und vielseitig einsetzbar.\",\"breadcrumb\":{\"@id\":\"https:\/\/mobilhybrid.de\/product\/mh-8\/#breadcrumb\"},\"inLanguage\":\"fi\",\"potentialAction\":[{\"@type\":\"ReadAction\",\"target\":[\"https:\/\/mobilhybrid.de\/product\/mh-8\/\"]}]},{\"@type\":\"ImageObject\",\"inLanguage\":\"fi\",\"@id\":\"https:\/\/mobilhybrid.de\/product\/mh-8\/#primaryimage\",\"url\":\"https:\/\/mobilhybrid.de\/wp-content\/uploads\/2024\/04\/MH-8-1.jpg\",\"contentUrl\":\"https:\/\/mobilhybrid.de\/wp-content\/uploads\/2024\/04\/MH-8-1.jpg\",\"width\":1000,\"height\":1000,\"caption\":\"MobilHybrid MH-8\"},{\"@type\":\"BreadcrumbList\",\"@id\":\"https:\/\/mobilhybrid.de\/product\/mh-8\/#breadcrumb\",\"itemListElement\":[{\"@type\":\"ListItem\",\"position\":1,\"name\":\"Home\",\"item\":\"https:\/\/mobilhybrid.de\/\"},{\"@type\":\"ListItem\",\"position\":2,\"name\":\"Produkte\",\"item\":\"https:\/\/mobilhybrid.de\/shop\/\"},{\"@type\":\"ListItem\",\"position\":3,\"name\":\"MH-8\"}]},{\"@type\":\"WebSite\",\"@id\":\"https:\/\/mobilhybrid.de\/#website\",\"url\":\"https:\/\/mobilhybrid.de\/\",\"name\":\"MobilHybrid\",\"description\":\"die autarke, mobile netzunabh\u00e4ngige Stromversorgung\",\"publisher\":{\"@id\":\"https:\/\/mobilhybrid.de\/#organization\"},\"potentialAction\":[{\"@type\":\"SearchAction\",\"target\":{\"@type\":\"EntryPoint\",\"urlTemplate\":\"https:\/\/mobilhybrid.de\/?s={search_term_string}\"},\"query-input\":{\"@type\":\"PropertyValueSpecification\",\"valueRequired\":true,\"valueName\":\"search_term_string\"}}],\"inLanguage\":\"fi\"},{\"@type\":\"Organization\",\"@id\":\"https:\/\/mobilhybrid.de\/#organization\",\"name\":\"MobilHybrid GmbH\",\"url\":\"https:\/\/mobilhybrid.de\/\",\"logo\":{\"@type\":\"ImageObject\",\"inLanguage\":\"fi\",\"@id\":\"https:\/\/mobilhybrid.de\/#\/schema\/logo\/image\/\",\"url\":\"https:\/\/mobilhybrid.de\/wp-content\/uploads\/2020\/04\/152.png\",\"contentUrl\":\"https:\/\/mobilhybrid.de\/wp-content\/uploads\/2020\/04\/152.png\",\"width\":152,\"height\":152,\"caption\":\"MobilHybrid GmbH\"},\"image\":{\"@id\":\"https:\/\/mobilhybrid.de\/#\/schema\/logo\/image\/\"},\"sameAs\":[\"https:\/\/www.facebook.com\/MobilHybrid\/\",\"https:\/\/www.instagram.com\/_mobilhybrid_\/?hl=de\",\"https:\/\/www.youtube.com\/@pv4lifegmbh476\",\"https:\/\/de.linkedin.com\/company\/mobilhybrid-ug\"]}]}<\/script>\n<!-- \/ Yoast SEO plugin. -->","yoast_head_json":{"title":"MobilHybrid MH-8: Monipuolinen energianvarastointiratkaisu rakennusalalle ja muille aloille","description":"MobilHybrid MH-8 toimittaa luotettavaa energiaa rakennusty\u00f6maille, toimistokontteihin ja mobiililaitteisiin. Kompakti, tehokas ja monipuolinen.","robots":{"index":"index","follow":"follow","max-snippet":"max-snippet:-1","max-image-preview":"max-image-preview:large","max-video-preview":"max-video-preview:-1"},"canonical":"https:\/\/mobilhybrid.de\/fi\/tuote\/mh-8\/","og_locale":"fi_FI","og_type":"article","og_title":"MobilHybrid MH-8: Vielseitiger Energiespeicher f\u00fcr Bau & mehr","og_description":"Der MobilHybrid MH-8 liefert zuverl\u00e4ssige Energie f\u00fcr Baustellen, B\u00fcrocontainer und mobile Ger\u00e4te. Kompakt, leistungsstark und vielseitig einsetzbar.","og_url":"https:\/\/mobilhybrid.de\/fi\/tuote\/mh-8\/","og_site_name":"MobilHybrid","article_publisher":"https:\/\/www.facebook.com\/MobilHybrid\/","article_modified_time":"2025-07-06T13:54:06+00:00","og_image":[{"width":1000,"height":1000,"url":"https:\/\/mobilhybrid.de\/wp-content\/uploads\/2024\/04\/MH-8-1.jpg","type":"image\/jpeg"}],"twitter_card":"summary_large_image","schema":{"@context":"https:\/\/schema.org","@graph":[{"@type":"WebPage","@id":"https:\/\/mobilhybrid.de\/product\/mh-8\/","url":"https:\/\/mobilhybrid.de\/product\/mh-8\/","name":"MobilHybrid MH-8: Monipuolinen energianvarastointiratkaisu rakennusalalle ja muille aloille","isPartOf":{"@id":"https:\/\/mobilhybrid.de\/#website"},"primaryImageOfPage":{"@id":"https:\/\/mobilhybrid.de\/product\/mh-8\/#primaryimage"},"image":{"@id":"https:\/\/mobilhybrid.de\/product\/mh-8\/#primaryimage"},"thumbnailUrl":"https:\/\/mobilhybrid.de\/wp-content\/uploads\/2024\/04\/MH-8-1.jpg","datePublished":"2020-04-13T14:48:24+00:00","dateModified":"2025-07-06T13:54:06+00:00","description":"MobilHybrid MH-8 toimittaa luotettavaa energiaa rakennusty\u00f6maille, toimistokontteihin ja mobiililaitteisiin. Kompakti, tehokas ja monipuolinen.","breadcrumb":{"@id":"https:\/\/mobilhybrid.de\/product\/mh-8\/#breadcrumb"},"inLanguage":"fi","potentialAction":[{"@type":"ReadAction","target":["https:\/\/mobilhybrid.de\/product\/mh-8\/"]}]},{"@type":"ImageObject","inLanguage":"fi","@id":"https:\/\/mobilhybrid.de\/product\/mh-8\/#primaryimage","url":"https:\/\/mobilhybrid.de\/wp-content\/uploads\/2024\/04\/MH-8-1.jpg","contentUrl":"https:\/\/mobilhybrid.de\/wp-content\/uploads\/2024\/04\/MH-8-1.jpg","width":1000,"height":1000,"caption":"MobilHybrid MH-8"},{"@type":"BreadcrumbList","@id":"https:\/\/mobilhybrid.de\/product\/mh-8\/#breadcrumb","itemListElement":[{"@type":"ListItem","position":1,"name":"Home","item":"https:\/\/mobilhybrid.de\/"},{"@type":"ListItem","position":2,"name":"Produkte","item":"https:\/\/mobilhybrid.de\/shop\/"},{"@type":"ListItem","position":3,"name":"MH-8"}]},{"@type":"WebSite","@id":"https:\/\/mobilhybrid.de\/#website","url":"https:\/\/mobilhybrid.de\/","name":"MobilHybrid","description":"itsen\u00e4inen, mobiili, verkosta riippumaton virransy\u00f6tt\u00f6","publisher":{"@id":"https:\/\/mobilhybrid.de\/#organization"},"potentialAction":[{"@type":"SearchAction","target":{"@type":"EntryPoint","urlTemplate":"https:\/\/mobilhybrid.de\/?s={search_term_string}"},"query-input":{"@type":"PropertyValueSpecification","valueRequired":true,"valueName":"search_term_string"}}],"inLanguage":"fi"},{"@type":"Organization","@id":"https:\/\/mobilhybrid.de\/#organization","name":"MobilHybrid GmbH","url":"https:\/\/mobilhybrid.de\/","logo":{"@type":"ImageObject","inLanguage":"fi","@id":"https:\/\/mobilhybrid.de\/#\/schema\/logo\/image\/","url":"https:\/\/mobilhybrid.de\/wp-content\/uploads\/2020\/04\/152.png","contentUrl":"https:\/\/mobilhybrid.de\/wp-content\/uploads\/2020\/04\/152.png","width":152,"height":152,"caption":"MobilHybrid GmbH"},"image":{"@id":"https:\/\/mobilhybrid.de\/#\/schema\/logo\/image\/"},"sameAs":["https:\/\/www.facebook.com\/MobilHybrid\/","https:\/\/www.instagram.com\/_mobilhybrid_\/?hl=de","https:\/\/www.youtube.com\/@pv4lifegmbh476","https:\/\/de.linkedin.com\/company\/mobilhybrid-ug"]}]}},"_links":{"self":[{"href":"https:\/\/mobilhybrid.de\/fi\/wp-json\/wp\/v2\/product\/1133","targetHints":{"allow":["GET"]}}],"collection":[{"href":"https:\/\/mobilhybrid.de\/fi\/wp-json\/wp\/v2\/product"}],"about":[{"href":"https:\/\/mobilhybrid.de\/fi\/wp-json\/wp\/v2\/types\/product"}],"replies":[{"embeddable":true,"href":"https:\/\/mobilhybrid.de\/fi\/wp-json\/wp\/v2\/comments?post=1133"}],"wp:featuredmedia":[{"embeddable":true,"href":"https:\/\/mobilhybrid.de\/fi\/wp-json\/wp\/v2\/media\/3958"}],"wp:attachment":[{"href":"https:\/\/mobilhybrid.de\/fi\/wp-json\/wp\/v2\/media?parent=1133"}],"wp:term":[{"taxonomy":"product_brand","embeddable":true,"href":"https:\/\/mobilhybrid.de\/fi\/wp-json\/wp\/v2\/product_brand?post=1133"},{"taxonomy":"product_cat","embeddable":true,"href":"https:\/\/mobilhybrid.de\/fi\/wp-json\/wp\/v2\/product_cat?post=1133"},{"taxonomy":"product_tag","embeddable":true,"href":"https:\/\/mobilhybrid.de\/fi\/wp-json\/wp\/v2\/product_tag?post=1133"}],"curies":[{"name":"wp","href":"https:\/\/api.w.org\/{rel}","templated":true}]}}