{"id":1137,"date":"2020-04-13T17:12:15","date_gmt":"2020-04-13T15:12:15","guid":{"rendered":"https:\/\/mhdemo.local\/?post_type=product&#038;p=1137"},"modified":"2025-07-06T15:52:57","modified_gmt":"2025-07-06T13:52:57","slug":"mh-12","status":"publish","type":"product","link":"https:\/\/mobilhybrid.de\/fi\/tuote\/mh-12\/","title":{"rendered":"MH-12"},"content":{"rendered":"<p>Der <strong><span style=\"color: #58a332;\">M<\/span><\/strong>obil<strong><span style=\"color: #58a332;\">H<\/span><\/strong>hybridi <strong><span style=\"color: #58a332;\">M<\/span><span style=\"color: #58a332;\">H<\/span><\/strong>-12 on monipuolinen energianvarastointij\u00e4rjestelm\u00e4, joka on kehitetty erityisesti vastaamaan erilaisissa ymp\u00e4rist\u00f6iss\u00e4 esiintyviin vaatimuksiin. Kompaktin kokonsa ja tehokkaiden akkuj\u00e4rjestelmien ansiosta <strong><span style=\"color: #58a332;\">MH<\/span><\/strong>-12 on kest\u00e4v\u00e4 ja tehokas ratkaisu moniin eri k\u00e4ytt\u00f6tarkoituksiin.<\/p>\n<ul>\n<li><strong>Rakennusty\u00f6maat:<\/strong> Der <strong><span style=\"color: #58a332;\">M<\/span><\/strong>obil<strong><span style=\"color: #58a332;\">H<\/span><\/strong>hybridi <strong><span style=\"color: #58a332;\">M<\/span><span style=\"color: #58a332;\">H<\/span><\/strong>-12 sopii erinomaisesti pienille ja keskisuurille rakennusty\u00f6maille, sek\u00e4 dieselk\u00e4ytt\u00f6isill\u00e4 ett\u00e4 ilman. Se ei ainoastaan tarjoa luotettavaa virransy\u00f6tt\u00f6\u00e4 rakennuskoneille ja -laitteille, vaan my\u00f6s v\u00e4hent\u00e4\u00e4 ymp\u00e4rist\u00f6vaikutuksia k\u00e4ytt\u00e4m\u00e4ll\u00e4 p\u00e4\u00e4st\u00f6t\u00f6nt\u00e4 energiaa.<\/li>\n<li><strong>Verkkoliit\u00e4nn\u00e4n suorituskyvyn parantaminen:<\/strong> Tilanteissa, joissa verkkoyhteys on rajoitettu, voidaan <strong><span style=\"color: #58a332;\">MH<\/span><\/strong>-12 toimii tehonvahvistimena. Se varmistaa vakaan virransy\u00f6t\u00f6n ja tasoittaa verkossa esiintyvi\u00e4 vaihteluita.<\/li>\n<li><strong>Huippukuormituksen tasaaminen:<\/strong> Kuluttajille, joilla on suuri k\u00e4ynnistysvirta, kuten suurille koneille, tarjoaa <strong><span style=\"color: #58a332;\">MH<\/span><\/strong>-12 huippukuormituksen kattaminen. Se est\u00e4\u00e4 kalliiden huippukuormitusmaksujen syntymisen ja optimoi energiatehokkuuden.<\/li>\n<li><strong>Liikkuvien koneiden huolto:<\/strong> Monipuolisten liit\u00e4nt\u00e4mahdollisuuksiensa (220 V\/400 V) ansiosta <strong><span style=\"color: #58a332;\">MH<\/span><\/strong>-12 sopii erinomaisesti liikkuvien koneiden ja laitteiden virransy\u00f6tt\u00f6\u00f6n. Olitpa sitten rakennusty\u00f6maalla tai maataloudessa, se toimittaa tarvittavan energian.<\/li>\n<li><strong>P\u00e4\u00e4st\u00f6t\u00f6n s\u00e4hk\u00f6nsy\u00f6tt\u00f6:<\/strong> Erityisesti ymp\u00e4rist\u00f6iss\u00e4, joissa p\u00e4\u00e4st\u00f6j\u00e4 on v\u00e4ltett\u00e4v\u00e4, kuten tunnelity\u00f6mailla, kaupunkien rakennusty\u00f6mailla ja luonnonsuojelualueilla, loistaa <strong><span style=\"color: #58a332;\">MH<\/span><\/strong>-12. Se varmistaa, ett\u00e4 k\u00e4ytett\u00e4viss\u00e4si on ymp\u00e4rist\u00f6yst\u00e4v\u00e4llist\u00e4, puhdasta energiaa ilman, ett\u00e4 suorituskyky k\u00e4rsii.<\/li>\n<\/ul>","protected":false},"excerpt":{"rendered":"<p>Der <strong><span style=\"color: #58a332;\">M<\/span><\/strong>obil<strong><span style=\"color: #58a332;\">H<\/span><\/strong>hybridi <strong><span style=\"color: #58a332;\">MH<\/span><\/strong>-12 on ratkaisu kest\u00e4v\u00e4\u00e4n, kustannustehokkaaseen ja ymp\u00e4rist\u00f6yst\u00e4v\u00e4lliseen s\u00e4hk\u00f6nsy\u00f6tt\u00f6\u00f6n monenlaisissa sovelluksissa. Kompaktin rakenteensa ja edistyksellisen akkuteknologiansa ansiosta se tarjoaa joustavuuden, jota tarvitset energiantarpeidesi tyydytt\u00e4miseen.<\/p>","protected":false},"featured_media":2328,"comment_status":"closed","ping_status":"closed","template":"","meta":[],"product_brand":[],"product_cat":[68,34,33],"product_tag":[],"class_list":{"0":"post-1137","1":"product","2":"type-product","3":"status-publish","4":"has-post-thumbnail","6":"product_cat-bg-b","7":"product_cat-mobilhybrid","8":"product_cat-uncategorized","10":"first","11":"instock","12":"shipping-taxable","13":"product-type-simple"},"yoast_head":"<!-- This site is optimized with the Yoast SEO plugin v26.6 - https:\/\/yoast.com\/wordpress\/plugins\/seo\/ -->\n<title>MobilHybrid MH-12 \u2013 der mobile Stromspeicher f\u00fcr Baustellen<\/title>\n<meta name=\"description\" content=\"Der MobilHybrid ist ein mobiler Stromspeicher, der entwickelt wurde um Ihr Bauvorhaben emissionsfrei, ger\u00e4uschlos und autark mit Energie zu versorgen.\" \/>\n<meta name=\"robots\" content=\"index, follow, max-snippet:-1, max-image-preview:large, max-video-preview:-1\" \/>\n<link rel=\"canonical\" href=\"https:\/\/mobilhybrid.de\/fi\/tuote\/mh-12\/\" \/>\n<meta property=\"og:locale\" content=\"fi_FI\" \/>\n<meta property=\"og:type\" content=\"article\" \/>\n<meta property=\"og:title\" content=\"MobilHybrid MH-12 \u2013 der mobile Stromspeicher f\u00fcr Baustellen\" \/>\n<meta property=\"og:description\" content=\"Der MobilHybrid ist ein mobiler Stromspeicher, der entwickelt wurde um Ihr Bauvorhaben emissionsfrei, ger\u00e4uschlos und autark mit Energie zu versorgen.\" \/>\n<meta property=\"og:url\" content=\"https:\/\/mobilhybrid.de\/fi\/tuote\/mh-12\/\" \/>\n<meta property=\"og:site_name\" content=\"MobilHybrid\" \/>\n<meta property=\"article:publisher\" content=\"https:\/\/www.facebook.com\/MobilHybrid\/\" \/>\n<meta property=\"article:modified_time\" content=\"2025-07-06T13:52:57+00:00\" \/>\n<meta property=\"og:image\" content=\"https:\/\/mobilhybrid.de\/wp-content\/uploads\/2023\/09\/MobilHybird.jpg\" \/>\n\t<meta property=\"og:image:width\" content=\"1000\" \/>\n\t<meta property=\"og:image:height\" content=\"1000\" \/>\n\t<meta property=\"og:image:type\" content=\"image\/jpeg\" \/>\n<meta name=\"twitter:card\" content=\"summary_large_image\" \/>\n<script type=\"application\/ld+json\" class=\"yoast-schema-graph\">{\"@context\":\"https:\/\/schema.org\",\"@graph\":[{\"@type\":\"WebPage\",\"@id\":\"https:\/\/mobilhybrid.de\/product\/mh-12\/\",\"url\":\"https:\/\/mobilhybrid.de\/product\/mh-12\/\",\"name\":\"MobilHybrid MH-12 \u2013 der mobile Stromspeicher f\u00fcr Baustellen\",\"isPartOf\":{\"@id\":\"https:\/\/mobilhybrid.de\/#website\"},\"primaryImageOfPage\":{\"@id\":\"https:\/\/mobilhybrid.de\/product\/mh-12\/#primaryimage\"},\"image\":{\"@id\":\"https:\/\/mobilhybrid.de\/product\/mh-12\/#primaryimage\"},\"thumbnailUrl\":\"https:\/\/mobilhybrid.de\/wp-content\/uploads\/2023\/09\/MobilHybird.jpg\",\"datePublished\":\"2020-04-13T15:12:15+00:00\",\"dateModified\":\"2025-07-06T13:52:57+00:00\",\"description\":\"Der MobilHybrid ist ein mobiler Stromspeicher, der entwickelt wurde um Ihr Bauvorhaben emissionsfrei, ger\u00e4uschlos und autark mit Energie zu versorgen.\",\"breadcrumb\":{\"@id\":\"https:\/\/mobilhybrid.de\/product\/mh-12\/#breadcrumb\"},\"inLanguage\":\"fi\",\"potentialAction\":[{\"@type\":\"ReadAction\",\"target\":[\"https:\/\/mobilhybrid.de\/product\/mh-12\/\"]}]},{\"@type\":\"ImageObject\",\"inLanguage\":\"fi\",\"@id\":\"https:\/\/mobilhybrid.de\/product\/mh-12\/#primaryimage\",\"url\":\"https:\/\/mobilhybrid.de\/wp-content\/uploads\/2023\/09\/MobilHybird.jpg\",\"contentUrl\":\"https:\/\/mobilhybrid.de\/wp-content\/uploads\/2023\/09\/MobilHybird.jpg\",\"width\":1000,\"height\":1000,\"caption\":\"MobilHybrid MH-12\"},{\"@type\":\"BreadcrumbList\",\"@id\":\"https:\/\/mobilhybrid.de\/product\/mh-12\/#breadcrumb\",\"itemListElement\":[{\"@type\":\"ListItem\",\"position\":1,\"name\":\"Home\",\"item\":\"https:\/\/mobilhybrid.de\/\"},{\"@type\":\"ListItem\",\"position\":2,\"name\":\"Produkte\",\"item\":\"https:\/\/mobilhybrid.de\/shop\/\"},{\"@type\":\"ListItem\",\"position\":3,\"name\":\"MH-12\"}]},{\"@type\":\"WebSite\",\"@id\":\"https:\/\/mobilhybrid.de\/#website\",\"url\":\"https:\/\/mobilhybrid.de\/\",\"name\":\"MobilHybrid\",\"description\":\"die autarke, mobile netzunabh\u00e4ngige Stromversorgung\",\"publisher\":{\"@id\":\"https:\/\/mobilhybrid.de\/#organization\"},\"potentialAction\":[{\"@type\":\"SearchAction\",\"target\":{\"@type\":\"EntryPoint\",\"urlTemplate\":\"https:\/\/mobilhybrid.de\/?s={search_term_string}\"},\"query-input\":{\"@type\":\"PropertyValueSpecification\",\"valueRequired\":true,\"valueName\":\"search_term_string\"}}],\"inLanguage\":\"fi\"},{\"@type\":\"Organization\",\"@id\":\"https:\/\/mobilhybrid.de\/#organization\",\"name\":\"MobilHybrid GmbH\",\"url\":\"https:\/\/mobilhybrid.de\/\",\"logo\":{\"@type\":\"ImageObject\",\"inLanguage\":\"fi\",\"@id\":\"https:\/\/mobilhybrid.de\/#\/schema\/logo\/image\/\",\"url\":\"https:\/\/mobilhybrid.de\/wp-content\/uploads\/2020\/04\/152.png\",\"contentUrl\":\"https:\/\/mobilhybrid.de\/wp-content\/uploads\/2020\/04\/152.png\",\"width\":152,\"height\":152,\"caption\":\"MobilHybrid GmbH\"},\"image\":{\"@id\":\"https:\/\/mobilhybrid.de\/#\/schema\/logo\/image\/\"},\"sameAs\":[\"https:\/\/www.facebook.com\/MobilHybrid\/\",\"https:\/\/www.instagram.com\/_mobilhybrid_\/?hl=de\",\"https:\/\/www.youtube.com\/@pv4lifegmbh476\",\"https:\/\/de.linkedin.com\/company\/mobilhybrid-ug\"]}]}<\/script>\n<!-- \/ Yoast SEO plugin. -->","yoast_head_json":{"title":"MobilHybrid MH-12 \u2013 mobiili virranvarastointij\u00e4rjestelm\u00e4 rakennusty\u00f6maille","description":"MobilHybrid on mobiili energianvarastointij\u00e4rjestelm\u00e4, joka on kehitetty toimittamaan energiaa rakennusprojektillesi p\u00e4\u00e4st\u00f6tt\u00f6m\u00e4sti, \u00e4\u00e4nett\u00f6m\u00e4sti ja itsen\u00e4isesti.","robots":{"index":"index","follow":"follow","max-snippet":"max-snippet:-1","max-image-preview":"max-image-preview:large","max-video-preview":"max-video-preview:-1"},"canonical":"https:\/\/mobilhybrid.de\/fi\/tuote\/mh-12\/","og_locale":"fi_FI","og_type":"article","og_title":"MobilHybrid MH-12 \u2013 der mobile Stromspeicher f\u00fcr Baustellen","og_description":"Der MobilHybrid ist ein mobiler Stromspeicher, der entwickelt wurde um Ihr Bauvorhaben emissionsfrei, ger\u00e4uschlos und autark mit Energie zu versorgen.","og_url":"https:\/\/mobilhybrid.de\/fi\/tuote\/mh-12\/","og_site_name":"MobilHybrid","article_publisher":"https:\/\/www.facebook.com\/MobilHybrid\/","article_modified_time":"2025-07-06T13:52:57+00:00","og_image":[{"width":1000,"height":1000,"url":"https:\/\/mobilhybrid.de\/wp-content\/uploads\/2023\/09\/MobilHybird.jpg","type":"image\/jpeg"}],"twitter_card":"summary_large_image","schema":{"@context":"https:\/\/schema.org","@graph":[{"@type":"WebPage","@id":"https:\/\/mobilhybrid.de\/product\/mh-12\/","url":"https:\/\/mobilhybrid.de\/product\/mh-12\/","name":"MobilHybrid MH-12 \u2013 mobiili virranvarastointij\u00e4rjestelm\u00e4 rakennusty\u00f6maille","isPartOf":{"@id":"https:\/\/mobilhybrid.de\/#website"},"primaryImageOfPage":{"@id":"https:\/\/mobilhybrid.de\/product\/mh-12\/#primaryimage"},"image":{"@id":"https:\/\/mobilhybrid.de\/product\/mh-12\/#primaryimage"},"thumbnailUrl":"https:\/\/mobilhybrid.de\/wp-content\/uploads\/2023\/09\/MobilHybird.jpg","datePublished":"2020-04-13T15:12:15+00:00","dateModified":"2025-07-06T13:52:57+00:00","description":"MobilHybrid on mobiili energianvarastointij\u00e4rjestelm\u00e4, joka on kehitetty toimittamaan energiaa rakennusprojektillesi p\u00e4\u00e4st\u00f6tt\u00f6m\u00e4sti, \u00e4\u00e4nett\u00f6m\u00e4sti ja itsen\u00e4isesti.","breadcrumb":{"@id":"https:\/\/mobilhybrid.de\/product\/mh-12\/#breadcrumb"},"inLanguage":"fi","potentialAction":[{"@type":"ReadAction","target":["https:\/\/mobilhybrid.de\/product\/mh-12\/"]}]},{"@type":"ImageObject","inLanguage":"fi","@id":"https:\/\/mobilhybrid.de\/product\/mh-12\/#primaryimage","url":"https:\/\/mobilhybrid.de\/wp-content\/uploads\/2023\/09\/MobilHybird.jpg","contentUrl":"https:\/\/mobilhybrid.de\/wp-content\/uploads\/2023\/09\/MobilHybird.jpg","width":1000,"height":1000,"caption":"MobilHybrid MH-12"},{"@type":"BreadcrumbList","@id":"https:\/\/mobilhybrid.de\/product\/mh-12\/#breadcrumb","itemListElement":[{"@type":"ListItem","position":1,"name":"Home","item":"https:\/\/mobilhybrid.de\/"},{"@type":"ListItem","position":2,"name":"Produkte","item":"https:\/\/mobilhybrid.de\/shop\/"},{"@type":"ListItem","position":3,"name":"MH-12"}]},{"@type":"WebSite","@id":"https:\/\/mobilhybrid.de\/#website","url":"https:\/\/mobilhybrid.de\/","name":"MobilHybrid","description":"itsen\u00e4inen, mobiili, verkosta riippumaton virransy\u00f6tt\u00f6","publisher":{"@id":"https:\/\/mobilhybrid.de\/#organization"},"potentialAction":[{"@type":"SearchAction","target":{"@type":"EntryPoint","urlTemplate":"https:\/\/mobilhybrid.de\/?s={search_term_string}"},"query-input":{"@type":"PropertyValueSpecification","valueRequired":true,"valueName":"search_term_string"}}],"inLanguage":"fi"},{"@type":"Organization","@id":"https:\/\/mobilhybrid.de\/#organization","name":"MobilHybrid GmbH","url":"https:\/\/mobilhybrid.de\/","logo":{"@type":"ImageObject","inLanguage":"fi","@id":"https:\/\/mobilhybrid.de\/#\/schema\/logo\/image\/","url":"https:\/\/mobilhybrid.de\/wp-content\/uploads\/2020\/04\/152.png","contentUrl":"https:\/\/mobilhybrid.de\/wp-content\/uploads\/2020\/04\/152.png","width":152,"height":152,"caption":"MobilHybrid GmbH"},"image":{"@id":"https:\/\/mobilhybrid.de\/#\/schema\/logo\/image\/"},"sameAs":["https:\/\/www.facebook.com\/MobilHybrid\/","https:\/\/www.instagram.com\/_mobilhybrid_\/?hl=de","https:\/\/www.youtube.com\/@pv4lifegmbh476","https:\/\/de.linkedin.com\/company\/mobilhybrid-ug"]}]}},"_links":{"self":[{"href":"https:\/\/mobilhybrid.de\/fi\/wp-json\/wp\/v2\/product\/1137","targetHints":{"allow":["GET"]}}],"collection":[{"href":"https:\/\/mobilhybrid.de\/fi\/wp-json\/wp\/v2\/product"}],"about":[{"href":"https:\/\/mobilhybrid.de\/fi\/wp-json\/wp\/v2\/types\/product"}],"replies":[{"embeddable":true,"href":"https:\/\/mobilhybrid.de\/fi\/wp-json\/wp\/v2\/comments?post=1137"}],"wp:featuredmedia":[{"embeddable":true,"href":"https:\/\/mobilhybrid.de\/fi\/wp-json\/wp\/v2\/media\/2328"}],"wp:attachment":[{"href":"https:\/\/mobilhybrid.de\/fi\/wp-json\/wp\/v2\/media?parent=1137"}],"wp:term":[{"taxonomy":"product_brand","embeddable":true,"href":"https:\/\/mobilhybrid.de\/fi\/wp-json\/wp\/v2\/product_brand?post=1137"},{"taxonomy":"product_cat","embeddable":true,"href":"https:\/\/mobilhybrid.de\/fi\/wp-json\/wp\/v2\/product_cat?post=1137"},{"taxonomy":"product_tag","embeddable":true,"href":"https:\/\/mobilhybrid.de\/fi\/wp-json\/wp\/v2\/product_tag?post=1137"}],"curies":[{"name":"wp","href":"https:\/\/api.w.org\/{rel}","templated":true}]}}