{"id":1142,"date":"2020-04-13T17:26:13","date_gmt":"2020-04-13T15:26:13","guid":{"rendered":"https:\/\/mhdemo.local\/?post_type=product&#038;p=1142"},"modified":"2025-07-06T15:49:53","modified_gmt":"2025-07-06T13:49:53","slug":"mh-24","status":"publish","type":"product","link":"https:\/\/mobilhybrid.de\/fi\/tuote\/mh-24\/","title":{"rendered":"MH-24"},"content":{"rendered":"<p>Der <strong><span style=\"color: #58a332;\">M<\/span><\/strong>obil<strong><span style=\"color: #58a332;\">H<\/span><\/strong>hybridi <strong><span style=\"color: #58a332;\">MH<\/span><\/strong>-24\/3ph on ratkaisu laajoihin energiantarpeisiin erilaisissa ymp\u00e4rist\u00f6iss\u00e4. Tehokkaalla 3-vaiheisella virransy\u00f6t\u00f6ll\u00e4 ja edistyksellisell\u00e4 akkuteknologialla se tarjoaa luotettavaa virtaa moniin vaativiin sovelluksiin.<\/p>\n<p><strong>K\u00e4ytt\u00f6kohteet:<\/strong><\/p>\n<ul>\n<li><strong>Keskikokoiset ja suuret rakennusty\u00f6maat:<\/strong> Der <strong><span style=\"color: #58a332;\">MH<\/span><\/strong>-24\/3ph on ihanteellinen keskisuurille ja suurille rakennusty\u00f6maille, sek\u00e4 dieselk\u00e4yt\u00f6ss\u00e4 ett\u00e4 ilman. Se takaa vakaan ja jatkuvan virransy\u00f6t\u00f6n ja vastaa energiantarpeisiin my\u00f6s tilanteissa, joissa y\u00f6kuormitus on heikko.<\/li>\n<li><strong>Verkkoliit\u00e4nn\u00e4n suorituskyvyn parantaminen:<\/strong> Tilanteissa, joissa verkkoyhteys on saavuttanut rajansa, <strong><span style=\"color: #58a332;\">MH<\/span><\/strong>-24\/3ph tarvittavan tehonlis\u00e4yksen. Se varmistaa luotettavan virransy\u00f6t\u00f6n ja tasoittaa verkkoj\u00e4nnitteen vaihtelut.<\/li>\n<li><strong>Huippukuormituksen tasaaminen:<\/strong> Kuluttajilla, joilla on suuri k\u00e4ynnistysvirta, kuten nosturit, sahat ja pumput, est\u00e4\u00e4 <strong><span style=\"color: #58a332;\">MH<\/span><\/strong>-24\/3ph kalliit huippukuormamaksut. Se optimoi energiatehokkuuden ja tukee n\u00e4iden laitteiden sujuvaa toimintaa.<\/li>\n<li><strong>Liikkuvien koneiden huolto:<\/strong> Joustavien liit\u00e4nt\u00e4mahdollisuuksiensa (220 V\/400 V) ansiosta <strong><span style=\"color: #58a332;\">MH<\/span><\/strong>-24\/3ph sopii erinomaisesti liikkuvien koneiden ja laitteiden virransy\u00f6tt\u00f6\u00f6n. Se tarjoaa tarvittavan energian sovelluksesta riippumatta.<\/li>\n<li><strong>P\u00e4\u00e4st\u00f6t\u00f6n s\u00e4hk\u00f6nsy\u00f6tt\u00f6:<\/strong> Erityisesti ymp\u00e4rist\u00f6iss\u00e4, joissa p\u00e4\u00e4st\u00f6j\u00e4 on v\u00e4ltett\u00e4v\u00e4, kuten tunnelity\u00f6mailla, kaupunkialueiden rakennusty\u00f6mailla ja luonnonsuojelualueilla, erottuu <strong><span style=\"color: #58a332;\">MH<\/span><\/strong>-24\/3ph. Se varmistaa, ett\u00e4 k\u00e4ytett\u00e4viss\u00e4si on ymp\u00e4rist\u00f6yst\u00e4v\u00e4llist\u00e4 ja puhdasta energiaa ilman, ett\u00e4 suorituskyky k\u00e4rsii.<\/li>\n<\/ul>","protected":false},"excerpt":{"rendered":"<p>Der <strong><span style=\"color: #58a332;\">M<\/span><\/strong>obil<strong><span style=\"color: #58a332;\">H<\/span><\/strong>hybridi <strong><span style=\"color: #58a332;\">MH<\/span><\/strong>-24\/3ph tarjoaa tehokkaan ja kest\u00e4v\u00e4n ratkaisun virransy\u00f6tt\u00f6\u00f6n monenlaisissa sovelluksissa. Sen vankka rakenne ja edistyksellinen tekniikka tekev\u00e4t siit\u00e4 optimaalisen valinnan vaativien energiantarpeiden t\u00e4ytt\u00e4miseen.<\/p>","protected":false},"featured_media":2326,"comment_status":"closed","ping_status":"closed","template":"","meta":[],"product_brand":[],"product_cat":[69,34],"product_tag":[],"class_list":{"0":"post-1142","1":"product","2":"type-product","3":"status-publish","4":"has-post-thumbnail","6":"product_cat-bg-c","7":"product_cat-mobilhybrid","9":"first","10":"instock","11":"shipping-taxable","12":"product-type-simple"},"yoast_head":"<!-- This site is optimized with the Yoast SEO plugin v26.6 - https:\/\/yoast.com\/wordpress\/plugins\/seo\/ -->\n<title>MH-24 \u2013 Leistungsstarker Energiespeicher f\u00fcr gro\u00dfe Anwendungen<\/title>\n<meta name=\"description\" content=\"Der MH-24 bietet zuverl\u00e4ssige Energie f\u00fcr gro\u00dfe Baustellen, Netzanschlussverst\u00e4rkung und Peak-Shaving. Emissionsfrei, flexibel und leistungsstark.\" \/>\n<meta name=\"robots\" content=\"index, follow, max-snippet:-1, max-image-preview:large, max-video-preview:-1\" \/>\n<link rel=\"canonical\" href=\"https:\/\/mobilhybrid.de\/fi\/tuote\/mh-24\/\" \/>\n<meta property=\"og:locale\" content=\"fi_FI\" \/>\n<meta property=\"og:type\" content=\"article\" \/>\n<meta property=\"og:title\" content=\"MH-24 \u2013 Leistungsstarker Energiespeicher f\u00fcr gro\u00dfe Anwendungen\" \/>\n<meta property=\"og:description\" content=\"Der MH-24 bietet zuverl\u00e4ssige Energie f\u00fcr gro\u00dfe Baustellen, Netzanschlussverst\u00e4rkung und Peak-Shaving. Emissionsfrei, flexibel und leistungsstark.\" \/>\n<meta property=\"og:url\" content=\"https:\/\/mobilhybrid.de\/fi\/tuote\/mh-24\/\" \/>\n<meta property=\"og:site_name\" content=\"MobilHybrid\" \/>\n<meta property=\"article:publisher\" content=\"https:\/\/www.facebook.com\/MobilHybrid\/\" \/>\n<meta property=\"article:modified_time\" content=\"2025-07-06T13:49:53+00:00\" \/>\n<meta property=\"og:image\" content=\"https:\/\/mobilhybrid.de\/wp-content\/uploads\/2023\/09\/MH24.jpg\" \/>\n\t<meta property=\"og:image:width\" content=\"1000\" \/>\n\t<meta property=\"og:image:height\" content=\"1000\" \/>\n\t<meta property=\"og:image:type\" content=\"image\/jpeg\" \/>\n<meta name=\"twitter:card\" content=\"summary_large_image\" \/>\n<script type=\"application\/ld+json\" class=\"yoast-schema-graph\">{\"@context\":\"https:\/\/schema.org\",\"@graph\":[{\"@type\":\"WebPage\",\"@id\":\"https:\/\/mobilhybrid.de\/product\/mh-24\/\",\"url\":\"https:\/\/mobilhybrid.de\/product\/mh-24\/\",\"name\":\"MH-24 \u2013 Leistungsstarker Energiespeicher f\u00fcr gro\u00dfe Anwendungen\",\"isPartOf\":{\"@id\":\"https:\/\/mobilhybrid.de\/#website\"},\"primaryImageOfPage\":{\"@id\":\"https:\/\/mobilhybrid.de\/product\/mh-24\/#primaryimage\"},\"image\":{\"@id\":\"https:\/\/mobilhybrid.de\/product\/mh-24\/#primaryimage\"},\"thumbnailUrl\":\"https:\/\/mobilhybrid.de\/wp-content\/uploads\/2023\/09\/MH24.jpg\",\"datePublished\":\"2020-04-13T15:26:13+00:00\",\"dateModified\":\"2025-07-06T13:49:53+00:00\",\"description\":\"Der MH-24 bietet zuverl\u00e4ssige Energie f\u00fcr gro\u00dfe Baustellen, Netzanschlussverst\u00e4rkung und Peak-Shaving. Emissionsfrei, flexibel und leistungsstark.\",\"breadcrumb\":{\"@id\":\"https:\/\/mobilhybrid.de\/product\/mh-24\/#breadcrumb\"},\"inLanguage\":\"fi\",\"potentialAction\":[{\"@type\":\"ReadAction\",\"target\":[\"https:\/\/mobilhybrid.de\/product\/mh-24\/\"]}]},{\"@type\":\"ImageObject\",\"inLanguage\":\"fi\",\"@id\":\"https:\/\/mobilhybrid.de\/product\/mh-24\/#primaryimage\",\"url\":\"https:\/\/mobilhybrid.de\/wp-content\/uploads\/2023\/09\/MH24.jpg\",\"contentUrl\":\"https:\/\/mobilhybrid.de\/wp-content\/uploads\/2023\/09\/MH24.jpg\",\"width\":1000,\"height\":1000,\"caption\":\"MobilHybrid MH-24\"},{\"@type\":\"BreadcrumbList\",\"@id\":\"https:\/\/mobilhybrid.de\/product\/mh-24\/#breadcrumb\",\"itemListElement\":[{\"@type\":\"ListItem\",\"position\":1,\"name\":\"Home\",\"item\":\"https:\/\/mobilhybrid.de\/\"},{\"@type\":\"ListItem\",\"position\":2,\"name\":\"Produkte\",\"item\":\"https:\/\/mobilhybrid.de\/shop\/\"},{\"@type\":\"ListItem\",\"position\":3,\"name\":\"MH-24\"}]},{\"@type\":\"WebSite\",\"@id\":\"https:\/\/mobilhybrid.de\/#website\",\"url\":\"https:\/\/mobilhybrid.de\/\",\"name\":\"MobilHybrid\",\"description\":\"die autarke, mobile netzunabh\u00e4ngige Stromversorgung\",\"publisher\":{\"@id\":\"https:\/\/mobilhybrid.de\/#organization\"},\"potentialAction\":[{\"@type\":\"SearchAction\",\"target\":{\"@type\":\"EntryPoint\",\"urlTemplate\":\"https:\/\/mobilhybrid.de\/?s={search_term_string}\"},\"query-input\":{\"@type\":\"PropertyValueSpecification\",\"valueRequired\":true,\"valueName\":\"search_term_string\"}}],\"inLanguage\":\"fi\"},{\"@type\":\"Organization\",\"@id\":\"https:\/\/mobilhybrid.de\/#organization\",\"name\":\"MobilHybrid GmbH\",\"url\":\"https:\/\/mobilhybrid.de\/\",\"logo\":{\"@type\":\"ImageObject\",\"inLanguage\":\"fi\",\"@id\":\"https:\/\/mobilhybrid.de\/#\/schema\/logo\/image\/\",\"url\":\"https:\/\/mobilhybrid.de\/wp-content\/uploads\/2020\/04\/152.png\",\"contentUrl\":\"https:\/\/mobilhybrid.de\/wp-content\/uploads\/2020\/04\/152.png\",\"width\":152,\"height\":152,\"caption\":\"MobilHybrid GmbH\"},\"image\":{\"@id\":\"https:\/\/mobilhybrid.de\/#\/schema\/logo\/image\/\"},\"sameAs\":[\"https:\/\/www.facebook.com\/MobilHybrid\/\",\"https:\/\/www.instagram.com\/_mobilhybrid_\/?hl=de\",\"https:\/\/www.youtube.com\/@pv4lifegmbh476\",\"https:\/\/de.linkedin.com\/company\/mobilhybrid-ug\"]}]}<\/script>\n<!-- \/ Yoast SEO plugin. -->","yoast_head_json":{"title":"MH-24 \u2013 Tehokas energianvarastointij\u00e4rjestelm\u00e4 suuriin sovelluksiin","description":"MH-24 tarjoaa luotettavaa energiaa suurille rakennusty\u00f6maille, verkkoon liitt\u00e4misen vahvistamiseen ja huippukuormituksen tasaamiseen. P\u00e4\u00e4st\u00f6t\u00f6n, joustava ja tehokas.","robots":{"index":"index","follow":"follow","max-snippet":"max-snippet:-1","max-image-preview":"max-image-preview:large","max-video-preview":"max-video-preview:-1"},"canonical":"https:\/\/mobilhybrid.de\/fi\/tuote\/mh-24\/","og_locale":"fi_FI","og_type":"article","og_title":"MH-24 \u2013 Leistungsstarker Energiespeicher f\u00fcr gro\u00dfe Anwendungen","og_description":"Der MH-24 bietet zuverl\u00e4ssige Energie f\u00fcr gro\u00dfe Baustellen, Netzanschlussverst\u00e4rkung und Peak-Shaving. Emissionsfrei, flexibel und leistungsstark.","og_url":"https:\/\/mobilhybrid.de\/fi\/tuote\/mh-24\/","og_site_name":"MobilHybrid","article_publisher":"https:\/\/www.facebook.com\/MobilHybrid\/","article_modified_time":"2025-07-06T13:49:53+00:00","og_image":[{"width":1000,"height":1000,"url":"https:\/\/mobilhybrid.de\/wp-content\/uploads\/2023\/09\/MH24.jpg","type":"image\/jpeg"}],"twitter_card":"summary_large_image","schema":{"@context":"https:\/\/schema.org","@graph":[{"@type":"WebPage","@id":"https:\/\/mobilhybrid.de\/product\/mh-24\/","url":"https:\/\/mobilhybrid.de\/product\/mh-24\/","name":"MH-24 \u2013 Tehokas energianvarastointij\u00e4rjestelm\u00e4 suuriin sovelluksiin","isPartOf":{"@id":"https:\/\/mobilhybrid.de\/#website"},"primaryImageOfPage":{"@id":"https:\/\/mobilhybrid.de\/product\/mh-24\/#primaryimage"},"image":{"@id":"https:\/\/mobilhybrid.de\/product\/mh-24\/#primaryimage"},"thumbnailUrl":"https:\/\/mobilhybrid.de\/wp-content\/uploads\/2023\/09\/MH24.jpg","datePublished":"2020-04-13T15:26:13+00:00","dateModified":"2025-07-06T13:49:53+00:00","description":"MH-24 tarjoaa luotettavaa energiaa suurille rakennusty\u00f6maille, verkkoon liitt\u00e4misen vahvistamiseen ja huippukuormituksen tasaamiseen. P\u00e4\u00e4st\u00f6t\u00f6n, joustava ja tehokas.","breadcrumb":{"@id":"https:\/\/mobilhybrid.de\/product\/mh-24\/#breadcrumb"},"inLanguage":"fi","potentialAction":[{"@type":"ReadAction","target":["https:\/\/mobilhybrid.de\/product\/mh-24\/"]}]},{"@type":"ImageObject","inLanguage":"fi","@id":"https:\/\/mobilhybrid.de\/product\/mh-24\/#primaryimage","url":"https:\/\/mobilhybrid.de\/wp-content\/uploads\/2023\/09\/MH24.jpg","contentUrl":"https:\/\/mobilhybrid.de\/wp-content\/uploads\/2023\/09\/MH24.jpg","width":1000,"height":1000,"caption":"MobilHybrid MH-24"},{"@type":"BreadcrumbList","@id":"https:\/\/mobilhybrid.de\/product\/mh-24\/#breadcrumb","itemListElement":[{"@type":"ListItem","position":1,"name":"Home","item":"https:\/\/mobilhybrid.de\/"},{"@type":"ListItem","position":2,"name":"Produkte","item":"https:\/\/mobilhybrid.de\/shop\/"},{"@type":"ListItem","position":3,"name":"MH-24"}]},{"@type":"WebSite","@id":"https:\/\/mobilhybrid.de\/#website","url":"https:\/\/mobilhybrid.de\/","name":"MobilHybrid","description":"itsen\u00e4inen, mobiili, verkosta riippumaton virransy\u00f6tt\u00f6","publisher":{"@id":"https:\/\/mobilhybrid.de\/#organization"},"potentialAction":[{"@type":"SearchAction","target":{"@type":"EntryPoint","urlTemplate":"https:\/\/mobilhybrid.de\/?s={search_term_string}"},"query-input":{"@type":"PropertyValueSpecification","valueRequired":true,"valueName":"search_term_string"}}],"inLanguage":"fi"},{"@type":"Organization","@id":"https:\/\/mobilhybrid.de\/#organization","name":"MobilHybrid GmbH","url":"https:\/\/mobilhybrid.de\/","logo":{"@type":"ImageObject","inLanguage":"fi","@id":"https:\/\/mobilhybrid.de\/#\/schema\/logo\/image\/","url":"https:\/\/mobilhybrid.de\/wp-content\/uploads\/2020\/04\/152.png","contentUrl":"https:\/\/mobilhybrid.de\/wp-content\/uploads\/2020\/04\/152.png","width":152,"height":152,"caption":"MobilHybrid GmbH"},"image":{"@id":"https:\/\/mobilhybrid.de\/#\/schema\/logo\/image\/"},"sameAs":["https:\/\/www.facebook.com\/MobilHybrid\/","https:\/\/www.instagram.com\/_mobilhybrid_\/?hl=de","https:\/\/www.youtube.com\/@pv4lifegmbh476","https:\/\/de.linkedin.com\/company\/mobilhybrid-ug"]}]}},"_links":{"self":[{"href":"https:\/\/mobilhybrid.de\/fi\/wp-json\/wp\/v2\/product\/1142","targetHints":{"allow":["GET"]}}],"collection":[{"href":"https:\/\/mobilhybrid.de\/fi\/wp-json\/wp\/v2\/product"}],"about":[{"href":"https:\/\/mobilhybrid.de\/fi\/wp-json\/wp\/v2\/types\/product"}],"replies":[{"embeddable":true,"href":"https:\/\/mobilhybrid.de\/fi\/wp-json\/wp\/v2\/comments?post=1142"}],"wp:featuredmedia":[{"embeddable":true,"href":"https:\/\/mobilhybrid.de\/fi\/wp-json\/wp\/v2\/media\/2326"}],"wp:attachment":[{"href":"https:\/\/mobilhybrid.de\/fi\/wp-json\/wp\/v2\/media?parent=1142"}],"wp:term":[{"taxonomy":"product_brand","embeddable":true,"href":"https:\/\/mobilhybrid.de\/fi\/wp-json\/wp\/v2\/product_brand?post=1142"},{"taxonomy":"product_cat","embeddable":true,"href":"https:\/\/mobilhybrid.de\/fi\/wp-json\/wp\/v2\/product_cat?post=1142"},{"taxonomy":"product_tag","embeddable":true,"href":"https:\/\/mobilhybrid.de\/fi\/wp-json\/wp\/v2\/product_tag?post=1142"}],"curies":[{"name":"wp","href":"https:\/\/api.w.org\/{rel}","templated":true}]}}