{"id":1144,"date":"2020-04-13T17:36:22","date_gmt":"2020-04-13T15:36:22","guid":{"rendered":"https:\/\/mhdemo.local\/?post_type=product&#038;p=1144"},"modified":"2026-04-02T00:02:41","modified_gmt":"2026-04-01T22:02:41","slug":"mh-48","status":"publish","type":"product","link":"https:\/\/mobilhybrid.de\/fi\/tuote\/mh-48\/","title":{"rendered":"MH-48"},"content":{"rendered":"<p>Der <strong><span style=\"color: #58a332;\">M<\/span><\/strong>obil<strong><span style=\"color: #58a332;\">H<\/span><\/strong>hybridi <strong><span style=\"color: #58a332;\">MH<\/span><\/strong>-48 \/ 3ph on tehokas energianvarastointij\u00e4rjestelm\u00e4, joka tuottaa erinomaisia tuloksia monissa vaativissa sovelluksissa. Se sopii erityisesti seuraaviin k\u00e4ytt\u00f6tarkoituksiin:<\/p>\n<ol>\n<li><strong>Rakennusty\u00f6maiden energiantarve enint\u00e4\u00e4n 100 kWh p\u00e4iv\u00e4ss\u00e4:<\/strong> Der <strong><span style=\"color: #58a332;\">MH<\/span><\/strong>-48 \/ 3ph kattaa rakennusty\u00f6maiden energiantarpeen jopa 100 kWh p\u00e4iv\u00e4ss\u00e4. Se takaa luotettavan s\u00e4hk\u00f6nsy\u00f6t\u00f6n my\u00f6s vaikeissa olosuhteissa.<\/li>\n<li><strong>Verkkoliit\u00e4nn\u00e4n suorituskyvyn parantaminen (Grid-Booster):<\/strong> Grid-Booster vahvistaa <strong><span style=\"color: #58a332;\">MH<\/span><\/strong>-48 \/ 3ph verkkoon liit\u00e4nt\u00e4 ja kattaa ylim\u00e4\u00e4r\u00e4isen tehon tarpeen. T\u00e4m\u00e4 on erityisen hy\u00f6dyllist\u00e4, kun tarvitaan enemm\u00e4n energiaa.<\/li>\n<li><strong>S\u00e4hk\u00f6n tuottajien hybridisointi:<\/strong> Der <strong><span style=\"color: #58a332;\">MH<\/span><\/strong>-48 \/ 3ph v\u00e4hent\u00e4\u00e4 k\u00e4ytt\u00f6kustannuksia jopa 70%:lla s\u00e4hk\u00f6ntuottajien hybridisoinnin avulla. T\u00e4m\u00e4 lis\u00e4\u00e4 tehokkuutta ja s\u00e4\u00e4st\u00e4\u00e4 kustannuksia.<\/li>\n<li><strong>Huipputehon tasaus korkealla k\u00e4ynnistysvirralla:<\/strong> Der <strong><span style=\"color: #58a332;\">MH<\/span><\/strong>-48 \/ 3ph tukee koneita, joilla on suuri k\u00e4ynnistysvirta, kuten nostureita, sahoja ja pumppuja, tehokkaalla huipputehon tasoituksella. T\u00e4m\u00e4 vakauttaa energiankulutusta.<\/li>\n<li><strong>P\u00e4\u00e4st\u00f6t\u00f6n s\u00e4hk\u00f6nsy\u00f6tt\u00f6 tunnelity\u00f6maille ja rakennusty\u00f6maille:<\/strong> Der <strong><span style=\"color: #58a332;\">MH<\/span><\/strong>-48 \/ 3ph tarjoaa ymp\u00e4rist\u00f6yst\u00e4v\u00e4llisen ratkaisun tunnelity\u00f6maille ja rakennusty\u00f6maille kaupungeissa sek\u00e4 luonnonsuojelualueilla. Se v\u00e4hent\u00e4\u00e4 CO2-p\u00e4\u00e4st\u00f6j\u00e4 ja minimoi ymp\u00e4rist\u00f6vaikutukset.<\/li>\n<li><strong>Redundantti virransy\u00f6tt\u00f6 tapahtumissa ja kuvauksissa:<\/strong> Der <strong><span style=\"color: #58a332;\">MH<\/span><\/strong>-48 \/ 3ph varmistaa luotettavan ja redundantin virransy\u00f6t\u00f6n tapahtumissa ja kuvauksissa. Se takaa jatkuvan virransy\u00f6t\u00f6n my\u00f6s odottamattomien vikojen sattuessa.<\/li>\n<\/ol>","protected":false},"excerpt":{"rendered":"<p>Der <strong><span style=\"color: #58a332;\">M<\/span><\/strong>obil<strong><span style=\"color: #58a332;\">H<\/span><\/strong>hybridi <strong><span style=\"color: #58a332;\">MH<\/span><\/strong>-48 \/ 3ph tarjoaa maksimaalisen suorituskyvyn ja luotettavuuden monissa vaativissa sovelluksissa. Tavoitteena on vastata energian tarpeeseen, alentaa k\u00e4ytt\u00f6kustannuksia ja minimoida ymp\u00e4rist\u00f6vaikutukset. <strong><span style=\"color: #58a332;\">MH<\/span><\/strong>-48 \/ 3ph on oikea valinta projektiesi menestykseen.<\/p>","protected":false},"featured_media":2329,"comment_status":"closed","ping_status":"closed","template":"","meta":[],"product_brand":[],"product_cat":[71,34],"product_tag":[],"class_list":{"0":"post-1144","1":"product","2":"type-product","3":"status-publish","4":"has-post-thumbnail","6":"product_cat-bg-e","7":"product_cat-mobilhybrid","9":"first","10":"instock","11":"shipping-taxable","12":"product-type-simple"},"yoast_head":"<!-- This site is optimized with the Yoast SEO plugin v26.6 - https:\/\/yoast.com\/wordpress\/plugins\/seo\/ -->\n<title>MH-48 \u2013 Leistungsstarker Energiespeicher f\u00fcr gro\u00dfe Projekt<\/title>\n<meta name=\"description\" content=\"Der MH-48 liefert zuverl\u00e4ssige Energie f\u00fcr Baustellen, Netzverst\u00e4rkung und Peak-Shaving. Ideal f\u00fcr emissionsfreie Stromversorgung.\" \/>\n<meta name=\"robots\" content=\"index, follow, max-snippet:-1, max-image-preview:large, max-video-preview:-1\" \/>\n<link rel=\"canonical\" href=\"https:\/\/mobilhybrid.de\/fi\/tuote\/mh-48\/\" \/>\n<meta property=\"og:locale\" content=\"fi_FI\" \/>\n<meta property=\"og:type\" content=\"article\" \/>\n<meta property=\"og:title\" content=\"MH-48 \u2013 Leistungsstarker Energiespeicher f\u00fcr gro\u00dfe Projekt\" \/>\n<meta property=\"og:description\" content=\"Der MH-48 liefert zuverl\u00e4ssige Energie f\u00fcr Baustellen, Netzverst\u00e4rkung und Peak-Shaving. Ideal f\u00fcr emissionsfreie Stromversorgung.\" \/>\n<meta property=\"og:url\" content=\"https:\/\/mobilhybrid.de\/fi\/tuote\/mh-48\/\" \/>\n<meta property=\"og:site_name\" content=\"MobilHybrid\" \/>\n<meta property=\"article:publisher\" content=\"https:\/\/www.facebook.com\/MobilHybrid\/\" \/>\n<meta property=\"article:modified_time\" content=\"2026-04-01T22:02:41+00:00\" \/>\n<meta property=\"og:image\" content=\"https:\/\/mobilhybrid.de\/wp-content\/uploads\/2023\/09\/MH-Hintergrund-weiss.jpg\" \/>\n\t<meta property=\"og:image:width\" content=\"1000\" \/>\n\t<meta property=\"og:image:height\" content=\"1000\" \/>\n\t<meta property=\"og:image:type\" content=\"image\/jpeg\" \/>\n<meta name=\"twitter:card\" content=\"summary_large_image\" \/>\n<script type=\"application\/ld+json\" class=\"yoast-schema-graph\">{\"@context\":\"https:\/\/schema.org\",\"@graph\":[{\"@type\":\"WebPage\",\"@id\":\"https:\/\/mobilhybrid.de\/product\/mh-48\/\",\"url\":\"https:\/\/mobilhybrid.de\/product\/mh-48\/\",\"name\":\"MH-48 \u2013 Leistungsstarker Energiespeicher f\u00fcr gro\u00dfe Projekt\",\"isPartOf\":{\"@id\":\"https:\/\/mobilhybrid.de\/#website\"},\"primaryImageOfPage\":{\"@id\":\"https:\/\/mobilhybrid.de\/product\/mh-48\/#primaryimage\"},\"image\":{\"@id\":\"https:\/\/mobilhybrid.de\/product\/mh-48\/#primaryimage\"},\"thumbnailUrl\":\"https:\/\/mobilhybrid.de\/wp-content\/uploads\/2023\/09\/MH-Hintergrund-weiss.jpg\",\"datePublished\":\"2020-04-13T15:36:22+00:00\",\"dateModified\":\"2026-04-01T22:02:41+00:00\",\"description\":\"Der MH-48 liefert zuverl\u00e4ssige Energie f\u00fcr Baustellen, Netzverst\u00e4rkung und Peak-Shaving. Ideal f\u00fcr emissionsfreie Stromversorgung.\",\"breadcrumb\":{\"@id\":\"https:\/\/mobilhybrid.de\/product\/mh-48\/#breadcrumb\"},\"inLanguage\":\"fi\",\"potentialAction\":[{\"@type\":\"ReadAction\",\"target\":[\"https:\/\/mobilhybrid.de\/product\/mh-48\/\"]}]},{\"@type\":\"ImageObject\",\"inLanguage\":\"fi\",\"@id\":\"https:\/\/mobilhybrid.de\/product\/mh-48\/#primaryimage\",\"url\":\"https:\/\/mobilhybrid.de\/wp-content\/uploads\/2023\/09\/MH-Hintergrund-weiss.jpg\",\"contentUrl\":\"https:\/\/mobilhybrid.de\/wp-content\/uploads\/2023\/09\/MH-Hintergrund-weiss.jpg\",\"width\":1000,\"height\":1000,\"caption\":\"MobilHybrid MH-48\"},{\"@type\":\"BreadcrumbList\",\"@id\":\"https:\/\/mobilhybrid.de\/product\/mh-48\/#breadcrumb\",\"itemListElement\":[{\"@type\":\"ListItem\",\"position\":1,\"name\":\"Home\",\"item\":\"https:\/\/mobilhybrid.de\/\"},{\"@type\":\"ListItem\",\"position\":2,\"name\":\"Produkte\",\"item\":\"https:\/\/mobilhybrid.de\/shop\/\"},{\"@type\":\"ListItem\",\"position\":3,\"name\":\"MH-48\"}]},{\"@type\":\"WebSite\",\"@id\":\"https:\/\/mobilhybrid.de\/#website\",\"url\":\"https:\/\/mobilhybrid.de\/\",\"name\":\"MobilHybrid\",\"description\":\"die autarke, mobile netzunabh\u00e4ngige Stromversorgung\",\"publisher\":{\"@id\":\"https:\/\/mobilhybrid.de\/#organization\"},\"potentialAction\":[{\"@type\":\"SearchAction\",\"target\":{\"@type\":\"EntryPoint\",\"urlTemplate\":\"https:\/\/mobilhybrid.de\/?s={search_term_string}\"},\"query-input\":{\"@type\":\"PropertyValueSpecification\",\"valueRequired\":true,\"valueName\":\"search_term_string\"}}],\"inLanguage\":\"fi\"},{\"@type\":\"Organization\",\"@id\":\"https:\/\/mobilhybrid.de\/#organization\",\"name\":\"MobilHybrid GmbH\",\"url\":\"https:\/\/mobilhybrid.de\/\",\"logo\":{\"@type\":\"ImageObject\",\"inLanguage\":\"fi\",\"@id\":\"https:\/\/mobilhybrid.de\/#\/schema\/logo\/image\/\",\"url\":\"https:\/\/mobilhybrid.de\/wp-content\/uploads\/2020\/04\/152.png\",\"contentUrl\":\"https:\/\/mobilhybrid.de\/wp-content\/uploads\/2020\/04\/152.png\",\"width\":152,\"height\":152,\"caption\":\"MobilHybrid GmbH\"},\"image\":{\"@id\":\"https:\/\/mobilhybrid.de\/#\/schema\/logo\/image\/\"},\"sameAs\":[\"https:\/\/www.facebook.com\/MobilHybrid\/\",\"https:\/\/www.instagram.com\/_mobilhybrid_\/?hl=de\",\"https:\/\/www.youtube.com\/@pv4lifegmbh476\",\"https:\/\/de.linkedin.com\/company\/mobilhybrid-ug\"]}]}<\/script>\n<!-- \/ Yoast SEO plugin. -->","yoast_head_json":{"title":"MH-48 \u2013 Tehokas energianvarastointij\u00e4rjestelm\u00e4 suurille projekteille","description":"MH-48 toimittaa luotettavaa energiaa rakennusty\u00f6maille, verkkojen vahvistamiseen ja huippukuormituksen tasaamiseen. Ihanteellinen p\u00e4\u00e4st\u00f6t\u00f6n s\u00e4hk\u00f6nsy\u00f6tt\u00f6.","robots":{"index":"index","follow":"follow","max-snippet":"max-snippet:-1","max-image-preview":"max-image-preview:large","max-video-preview":"max-video-preview:-1"},"canonical":"https:\/\/mobilhybrid.de\/fi\/tuote\/mh-48\/","og_locale":"fi_FI","og_type":"article","og_title":"MH-48 \u2013 Leistungsstarker Energiespeicher f\u00fcr gro\u00dfe Projekt","og_description":"Der MH-48 liefert zuverl\u00e4ssige Energie f\u00fcr Baustellen, Netzverst\u00e4rkung und Peak-Shaving. Ideal f\u00fcr emissionsfreie Stromversorgung.","og_url":"https:\/\/mobilhybrid.de\/fi\/tuote\/mh-48\/","og_site_name":"MobilHybrid","article_publisher":"https:\/\/www.facebook.com\/MobilHybrid\/","article_modified_time":"2026-04-01T22:02:41+00:00","og_image":[{"width":1000,"height":1000,"url":"https:\/\/mobilhybrid.de\/wp-content\/uploads\/2023\/09\/MH-Hintergrund-weiss.jpg","type":"image\/jpeg"}],"twitter_card":"summary_large_image","schema":{"@context":"https:\/\/schema.org","@graph":[{"@type":"WebPage","@id":"https:\/\/mobilhybrid.de\/product\/mh-48\/","url":"https:\/\/mobilhybrid.de\/product\/mh-48\/","name":"MH-48 \u2013 Tehokas energianvarastointij\u00e4rjestelm\u00e4 suurille projekteille","isPartOf":{"@id":"https:\/\/mobilhybrid.de\/#website"},"primaryImageOfPage":{"@id":"https:\/\/mobilhybrid.de\/product\/mh-48\/#primaryimage"},"image":{"@id":"https:\/\/mobilhybrid.de\/product\/mh-48\/#primaryimage"},"thumbnailUrl":"https:\/\/mobilhybrid.de\/wp-content\/uploads\/2023\/09\/MH-Hintergrund-weiss.jpg","datePublished":"2020-04-13T15:36:22+00:00","dateModified":"2026-04-01T22:02:41+00:00","description":"MH-48 toimittaa luotettavaa energiaa rakennusty\u00f6maille, verkkojen vahvistamiseen ja huippukuormituksen tasaamiseen. Ihanteellinen p\u00e4\u00e4st\u00f6t\u00f6n s\u00e4hk\u00f6nsy\u00f6tt\u00f6.","breadcrumb":{"@id":"https:\/\/mobilhybrid.de\/product\/mh-48\/#breadcrumb"},"inLanguage":"fi","potentialAction":[{"@type":"ReadAction","target":["https:\/\/mobilhybrid.de\/product\/mh-48\/"]}]},{"@type":"ImageObject","inLanguage":"fi","@id":"https:\/\/mobilhybrid.de\/product\/mh-48\/#primaryimage","url":"https:\/\/mobilhybrid.de\/wp-content\/uploads\/2023\/09\/MH-Hintergrund-weiss.jpg","contentUrl":"https:\/\/mobilhybrid.de\/wp-content\/uploads\/2023\/09\/MH-Hintergrund-weiss.jpg","width":1000,"height":1000,"caption":"MobilHybrid MH-48"},{"@type":"BreadcrumbList","@id":"https:\/\/mobilhybrid.de\/product\/mh-48\/#breadcrumb","itemListElement":[{"@type":"ListItem","position":1,"name":"Home","item":"https:\/\/mobilhybrid.de\/"},{"@type":"ListItem","position":2,"name":"Produkte","item":"https:\/\/mobilhybrid.de\/shop\/"},{"@type":"ListItem","position":3,"name":"MH-48"}]},{"@type":"WebSite","@id":"https:\/\/mobilhybrid.de\/#website","url":"https:\/\/mobilhybrid.de\/","name":"MobilHybrid","description":"itsen\u00e4inen, mobiili, verkosta riippumaton virransy\u00f6tt\u00f6","publisher":{"@id":"https:\/\/mobilhybrid.de\/#organization"},"potentialAction":[{"@type":"SearchAction","target":{"@type":"EntryPoint","urlTemplate":"https:\/\/mobilhybrid.de\/?s={search_term_string}"},"query-input":{"@type":"PropertyValueSpecification","valueRequired":true,"valueName":"search_term_string"}}],"inLanguage":"fi"},{"@type":"Organization","@id":"https:\/\/mobilhybrid.de\/#organization","name":"MobilHybrid GmbH","url":"https:\/\/mobilhybrid.de\/","logo":{"@type":"ImageObject","inLanguage":"fi","@id":"https:\/\/mobilhybrid.de\/#\/schema\/logo\/image\/","url":"https:\/\/mobilhybrid.de\/wp-content\/uploads\/2020\/04\/152.png","contentUrl":"https:\/\/mobilhybrid.de\/wp-content\/uploads\/2020\/04\/152.png","width":152,"height":152,"caption":"MobilHybrid GmbH"},"image":{"@id":"https:\/\/mobilhybrid.de\/#\/schema\/logo\/image\/"},"sameAs":["https:\/\/www.facebook.com\/MobilHybrid\/","https:\/\/www.instagram.com\/_mobilhybrid_\/?hl=de","https:\/\/www.youtube.com\/@pv4lifegmbh476","https:\/\/de.linkedin.com\/company\/mobilhybrid-ug"]}]}},"_links":{"self":[{"href":"https:\/\/mobilhybrid.de\/fi\/wp-json\/wp\/v2\/product\/1144","targetHints":{"allow":["GET"]}}],"collection":[{"href":"https:\/\/mobilhybrid.de\/fi\/wp-json\/wp\/v2\/product"}],"about":[{"href":"https:\/\/mobilhybrid.de\/fi\/wp-json\/wp\/v2\/types\/product"}],"replies":[{"embeddable":true,"href":"https:\/\/mobilhybrid.de\/fi\/wp-json\/wp\/v2\/comments?post=1144"}],"wp:featuredmedia":[{"embeddable":true,"href":"https:\/\/mobilhybrid.de\/fi\/wp-json\/wp\/v2\/media\/2329"}],"wp:attachment":[{"href":"https:\/\/mobilhybrid.de\/fi\/wp-json\/wp\/v2\/media?parent=1144"}],"wp:term":[{"taxonomy":"product_brand","embeddable":true,"href":"https:\/\/mobilhybrid.de\/fi\/wp-json\/wp\/v2\/product_brand?post=1144"},{"taxonomy":"product_cat","embeddable":true,"href":"https:\/\/mobilhybrid.de\/fi\/wp-json\/wp\/v2\/product_cat?post=1144"},{"taxonomy":"product_tag","embeddable":true,"href":"https:\/\/mobilhybrid.de\/fi\/wp-json\/wp\/v2\/product_tag?post=1144"}],"curies":[{"name":"wp","href":"https:\/\/api.w.org\/{rel}","templated":true}]}}