{"id":1146,"date":"2020-04-13T18:04:38","date_gmt":"2020-04-13T16:04:38","guid":{"rendered":"https:\/\/mhdemo.local\/?post_type=product&#038;p=1146"},"modified":"2025-07-06T15:43:41","modified_gmt":"2025-07-06T13:43:41","slug":"mh-108","status":"publish","type":"product","link":"https:\/\/mobilhybrid.de\/fi\/tuote\/mh-108\/","title":{"rendered":"MH-108"},"content":{"rendered":"<p>Der <strong><span style=\"color: #58a332;\">C<\/span><\/strong>kontti<strong><span style=\"color: #58a332;\">H<\/span><\/strong>hybridi <strong><span style=\"color: #58a332;\">MH<\/span><\/strong>-108 on tuoteinnovaatio, joka on kehitetty suurille rakennusty\u00f6maille ja vaativiin sovelluksiin. Sen vaikuttava kapasiteetti ja joustavuus tekev\u00e4t siit\u00e4 erinomaisen valinnan seuraaviin k\u00e4ytt\u00f6tarkoituksiin:<\/p>\n<ol>\n<li><strong>Rakennusty\u00f6maiden energiansaanti jopa 200 kWh p\u00e4iv\u00e4ss\u00e4:<\/strong> Der <strong><span style=\"color: #58a332;\">MH<\/span><\/strong>-108 toimittaa rakennusty\u00f6maille luotettavasti jopa 200 kWh p\u00e4iv\u00e4ss\u00e4. Se mahdollistaa koneiden ja laitteiden sujuvan toiminnan suurilla energiantarpeilla.<\/li>\n<li><strong>Verkkoliit\u00e4nn\u00e4n suorituskyvyn parantaminen (Grid-Booster):<\/strong> Grid-Booster vahvistaa <strong><span style=\"color: #58a332;\">MH<\/span><\/strong>-108 verkkoliit\u00e4nt\u00e4 ja varmistaa vakaan virransy\u00f6t\u00f6n my\u00f6s lis\u00e4\u00e4ntyneen energiankulutuksen aikana.<\/li>\n<li><strong>S\u00e4hk\u00f6n tuottajien hybridisointi:<\/strong> Der <strong><span style=\"color: #58a332;\">MH<\/span><\/strong>-108 v\u00e4hent\u00e4\u00e4 k\u00e4ytt\u00f6kustannuksia jopa 70%:lla s\u00e4hk\u00f6ntuottajien hybridisoinnin avulla. T\u00e4m\u00e4 lis\u00e4\u00e4 tehokkuutta ja s\u00e4\u00e4st\u00e4\u00e4 huomattavasti kustannuksia.<\/li>\n<li><strong>K\u00e4ynnistysvirta-arvoltaan suurten koneiden virransy\u00f6tt\u00f6:<\/strong> Der <strong><span style=\"color: #58a332;\">MH<\/span><\/strong>-108 tarjoaa turvallisen ja tehokkaan virransy\u00f6t\u00f6n koneille, joilla on suuri k\u00e4ynnistysvirta, kuten nosturit, sahat ja pumput. Se takaa t\u00e4llaisten laitteiden sujuvan toiminnan.<\/li>\n<li><strong>Ymp\u00e4rist\u00f6yst\u00e4v\u00e4llinen s\u00e4hk\u00f6ntuotanto aurinkopaneeleilla:<\/strong> Der <strong><span style=\"color: #58a332;\">MH<\/span><\/strong>-108 mahdollistaa aurinkopaneelien asentamisen kontin katolle. T\u00e4m\u00e4 edist\u00e4\u00e4 ymp\u00e4rist\u00f6yst\u00e4v\u00e4llist\u00e4 aurinkos\u00e4hk\u00f6n tuotantoa s\u00e4hk\u00f6ntuotannon tukemiseksi.<\/li>\n<li><strong>Ilmastointi asiakkaan toiveiden mukaan:<\/strong> Kontti voidaan ilmastoida yksil\u00f6llisesti -40 \u00b0C:n ja 55 \u00b0C:n l\u00e4mp\u00f6tiloihin. T\u00e4m\u00e4 mahdollistaa k\u00e4yt\u00f6n \u00e4\u00e4rimm\u00e4isiss\u00e4 olosuhteissa.<\/li>\n<\/ol>","protected":false},"excerpt":{"rendered":"<p>Der <strong><span style=\"color: #58a332;\">C<\/span><\/strong>kontti<strong><span style=\"color: #58a332;\">H<\/span><\/strong>hybridi <strong><span style=\"color: #58a332;\">MH<\/span><\/strong>-108 tarjoaa maksimaalisen suorituskyvyn ja joustavuuden 20 jalan kontissa. Se on suunniteltu siten, ett\u00e4 se voidaan integroida vaivattomasti rakennusty\u00f6maan logistiikkaan. Olipa kyseess\u00e4 rakennusty\u00f6maan energiansaanti, verkkoon liitt\u00e4misen tehostaminen tai s\u00e4hk\u00f6generaattoreiden hybridisointi \u2013 <strong><span style=\"color: #58a332;\">MH<\/span><\/strong>-108 on optimaalinen valinta tarpeisiisi.<\/p>","protected":false},"featured_media":2515,"comment_status":"closed","ping_status":"closed","template":"","meta":[],"product_brand":[],"product_cat":[63],"product_tag":[],"class_list":{"0":"post-1146","1":"product","2":"type-product","3":"status-publish","4":"has-post-thumbnail","6":"product_cat-containerhybrid","8":"first","9":"instock","10":"shipping-taxable","11":"product-type-simple"},"yoast_head":"<!-- This site is optimized with the Yoast SEO plugin v26.6 - https:\/\/yoast.com\/wordpress\/plugins\/seo\/ -->\n<title>ContainerHybrid MH-108 \u2013 H\u00f6chstleistung f\u00fcr Gro\u00dfe Baustellen<\/title>\n<meta name=\"description\" content=\"Der ContainerHybrid MH-108 liefert Spitzenleistung f\u00fcr gro\u00dfe Baustellen bis zu 200 kWh pro Tag. Effiziente Energieversorgung f\u00fcr anspruchsvolle Anwendungen.\" \/>\n<meta name=\"robots\" content=\"index, follow, max-snippet:-1, max-image-preview:large, max-video-preview:-1\" \/>\n<link rel=\"canonical\" href=\"https:\/\/mobilhybrid.de\/fi\/tuote\/mh-108\/\" \/>\n<meta property=\"og:locale\" content=\"fi_FI\" \/>\n<meta property=\"og:type\" content=\"article\" \/>\n<meta property=\"og:title\" content=\"ContainerHybrid MH-108 \u2013 H\u00f6chstleistung f\u00fcr Gro\u00dfe Baustellen\" \/>\n<meta property=\"og:description\" content=\"Der ContainerHybrid MH-108 liefert Spitzenleistung f\u00fcr gro\u00dfe Baustellen bis zu 200 kWh pro Tag. Effiziente Energieversorgung f\u00fcr anspruchsvolle Anwendungen.\" \/>\n<meta property=\"og:url\" content=\"https:\/\/mobilhybrid.de\/fi\/tuote\/mh-108\/\" \/>\n<meta property=\"og:site_name\" content=\"MobilHybrid\" \/>\n<meta property=\"article:publisher\" content=\"https:\/\/www.facebook.com\/MobilHybrid\/\" \/>\n<meta property=\"article:modified_time\" content=\"2025-07-06T13:43:41+00:00\" \/>\n<meta property=\"og:image\" content=\"https:\/\/mobilhybrid.de\/wp-content\/uploads\/2023\/09\/ContainerHybrid.jpg\" \/>\n\t<meta property=\"og:image:width\" content=\"1000\" \/>\n\t<meta property=\"og:image:height\" content=\"1000\" \/>\n\t<meta property=\"og:image:type\" content=\"image\/jpeg\" \/>\n<meta name=\"twitter:card\" content=\"summary_large_image\" \/>\n<script type=\"application\/ld+json\" class=\"yoast-schema-graph\">{\"@context\":\"https:\/\/schema.org\",\"@graph\":[{\"@type\":\"WebPage\",\"@id\":\"https:\/\/mobilhybrid.de\/product\/mh-108\/\",\"url\":\"https:\/\/mobilhybrid.de\/product\/mh-108\/\",\"name\":\"ContainerHybrid MH-108 \u2013 H\u00f6chstleistung f\u00fcr Gro\u00dfe Baustellen\",\"isPartOf\":{\"@id\":\"https:\/\/mobilhybrid.de\/#website\"},\"primaryImageOfPage\":{\"@id\":\"https:\/\/mobilhybrid.de\/product\/mh-108\/#primaryimage\"},\"image\":{\"@id\":\"https:\/\/mobilhybrid.de\/product\/mh-108\/#primaryimage\"},\"thumbnailUrl\":\"https:\/\/mobilhybrid.de\/wp-content\/uploads\/2023\/09\/ContainerHybrid.jpg\",\"datePublished\":\"2020-04-13T16:04:38+00:00\",\"dateModified\":\"2025-07-06T13:43:41+00:00\",\"description\":\"Der ContainerHybrid MH-108 liefert Spitzenleistung f\u00fcr gro\u00dfe Baustellen bis zu 200 kWh pro Tag. Effiziente Energieversorgung f\u00fcr anspruchsvolle Anwendungen.\",\"breadcrumb\":{\"@id\":\"https:\/\/mobilhybrid.de\/product\/mh-108\/#breadcrumb\"},\"inLanguage\":\"fi\",\"potentialAction\":[{\"@type\":\"ReadAction\",\"target\":[\"https:\/\/mobilhybrid.de\/product\/mh-108\/\"]}]},{\"@type\":\"ImageObject\",\"inLanguage\":\"fi\",\"@id\":\"https:\/\/mobilhybrid.de\/product\/mh-108\/#primaryimage\",\"url\":\"https:\/\/mobilhybrid.de\/wp-content\/uploads\/2023\/09\/ContainerHybrid.jpg\",\"contentUrl\":\"https:\/\/mobilhybrid.de\/wp-content\/uploads\/2023\/09\/ContainerHybrid.jpg\",\"width\":1000,\"height\":1000,\"caption\":\"ContainerHybrid MH-108\"},{\"@type\":\"BreadcrumbList\",\"@id\":\"https:\/\/mobilhybrid.de\/product\/mh-108\/#breadcrumb\",\"itemListElement\":[{\"@type\":\"ListItem\",\"position\":1,\"name\":\"Home\",\"item\":\"https:\/\/mobilhybrid.de\/\"},{\"@type\":\"ListItem\",\"position\":2,\"name\":\"Produkte\",\"item\":\"https:\/\/mobilhybrid.de\/shop\/\"},{\"@type\":\"ListItem\",\"position\":3,\"name\":\"MH-108\"}]},{\"@type\":\"WebSite\",\"@id\":\"https:\/\/mobilhybrid.de\/#website\",\"url\":\"https:\/\/mobilhybrid.de\/\",\"name\":\"MobilHybrid\",\"description\":\"die autarke, mobile netzunabh\u00e4ngige Stromversorgung\",\"publisher\":{\"@id\":\"https:\/\/mobilhybrid.de\/#organization\"},\"potentialAction\":[{\"@type\":\"SearchAction\",\"target\":{\"@type\":\"EntryPoint\",\"urlTemplate\":\"https:\/\/mobilhybrid.de\/?s={search_term_string}\"},\"query-input\":{\"@type\":\"PropertyValueSpecification\",\"valueRequired\":true,\"valueName\":\"search_term_string\"}}],\"inLanguage\":\"fi\"},{\"@type\":\"Organization\",\"@id\":\"https:\/\/mobilhybrid.de\/#organization\",\"name\":\"MobilHybrid GmbH\",\"url\":\"https:\/\/mobilhybrid.de\/\",\"logo\":{\"@type\":\"ImageObject\",\"inLanguage\":\"fi\",\"@id\":\"https:\/\/mobilhybrid.de\/#\/schema\/logo\/image\/\",\"url\":\"https:\/\/mobilhybrid.de\/wp-content\/uploads\/2020\/04\/152.png\",\"contentUrl\":\"https:\/\/mobilhybrid.de\/wp-content\/uploads\/2020\/04\/152.png\",\"width\":152,\"height\":152,\"caption\":\"MobilHybrid GmbH\"},\"image\":{\"@id\":\"https:\/\/mobilhybrid.de\/#\/schema\/logo\/image\/\"},\"sameAs\":[\"https:\/\/www.facebook.com\/MobilHybrid\/\",\"https:\/\/www.instagram.com\/_mobilhybrid_\/?hl=de\",\"https:\/\/www.youtube.com\/@pv4lifegmbh476\",\"https:\/\/de.linkedin.com\/company\/mobilhybrid-ug\"]}]}<\/script>\n<!-- \/ Yoast SEO plugin. -->","yoast_head_json":{"title":"ContainerHybrid MH-108 \u2013 huipputeho suurille rakennusty\u00f6maille","description":"ContainerHybrid MH-108 tarjoaa huipputehoa suurille rakennusty\u00f6maille jopa 200 kWh p\u00e4iv\u00e4ss\u00e4. Tehokas energiansaanti vaativiin sovelluksiin.","robots":{"index":"index","follow":"follow","max-snippet":"max-snippet:-1","max-image-preview":"max-image-preview:large","max-video-preview":"max-video-preview:-1"},"canonical":"https:\/\/mobilhybrid.de\/fi\/tuote\/mh-108\/","og_locale":"fi_FI","og_type":"article","og_title":"ContainerHybrid MH-108 \u2013 H\u00f6chstleistung f\u00fcr Gro\u00dfe Baustellen","og_description":"Der ContainerHybrid MH-108 liefert Spitzenleistung f\u00fcr gro\u00dfe Baustellen bis zu 200 kWh pro Tag. Effiziente Energieversorgung f\u00fcr anspruchsvolle Anwendungen.","og_url":"https:\/\/mobilhybrid.de\/fi\/tuote\/mh-108\/","og_site_name":"MobilHybrid","article_publisher":"https:\/\/www.facebook.com\/MobilHybrid\/","article_modified_time":"2025-07-06T13:43:41+00:00","og_image":[{"width":1000,"height":1000,"url":"https:\/\/mobilhybrid.de\/wp-content\/uploads\/2023\/09\/ContainerHybrid.jpg","type":"image\/jpeg"}],"twitter_card":"summary_large_image","schema":{"@context":"https:\/\/schema.org","@graph":[{"@type":"WebPage","@id":"https:\/\/mobilhybrid.de\/product\/mh-108\/","url":"https:\/\/mobilhybrid.de\/product\/mh-108\/","name":"ContainerHybrid MH-108 \u2013 huipputeho suurille rakennusty\u00f6maille","isPartOf":{"@id":"https:\/\/mobilhybrid.de\/#website"},"primaryImageOfPage":{"@id":"https:\/\/mobilhybrid.de\/product\/mh-108\/#primaryimage"},"image":{"@id":"https:\/\/mobilhybrid.de\/product\/mh-108\/#primaryimage"},"thumbnailUrl":"https:\/\/mobilhybrid.de\/wp-content\/uploads\/2023\/09\/ContainerHybrid.jpg","datePublished":"2020-04-13T16:04:38+00:00","dateModified":"2025-07-06T13:43:41+00:00","description":"ContainerHybrid MH-108 tarjoaa huipputehoa suurille rakennusty\u00f6maille jopa 200 kWh p\u00e4iv\u00e4ss\u00e4. Tehokas energiansaanti vaativiin sovelluksiin.","breadcrumb":{"@id":"https:\/\/mobilhybrid.de\/product\/mh-108\/#breadcrumb"},"inLanguage":"fi","potentialAction":[{"@type":"ReadAction","target":["https:\/\/mobilhybrid.de\/product\/mh-108\/"]}]},{"@type":"ImageObject","inLanguage":"fi","@id":"https:\/\/mobilhybrid.de\/product\/mh-108\/#primaryimage","url":"https:\/\/mobilhybrid.de\/wp-content\/uploads\/2023\/09\/ContainerHybrid.jpg","contentUrl":"https:\/\/mobilhybrid.de\/wp-content\/uploads\/2023\/09\/ContainerHybrid.jpg","width":1000,"height":1000,"caption":"ContainerHybrid MH-108"},{"@type":"BreadcrumbList","@id":"https:\/\/mobilhybrid.de\/product\/mh-108\/#breadcrumb","itemListElement":[{"@type":"ListItem","position":1,"name":"Home","item":"https:\/\/mobilhybrid.de\/"},{"@type":"ListItem","position":2,"name":"Produkte","item":"https:\/\/mobilhybrid.de\/shop\/"},{"@type":"ListItem","position":3,"name":"MH-108"}]},{"@type":"WebSite","@id":"https:\/\/mobilhybrid.de\/#website","url":"https:\/\/mobilhybrid.de\/","name":"MobilHybrid","description":"itsen\u00e4inen, mobiili, verkosta riippumaton virransy\u00f6tt\u00f6","publisher":{"@id":"https:\/\/mobilhybrid.de\/#organization"},"potentialAction":[{"@type":"SearchAction","target":{"@type":"EntryPoint","urlTemplate":"https:\/\/mobilhybrid.de\/?s={search_term_string}"},"query-input":{"@type":"PropertyValueSpecification","valueRequired":true,"valueName":"search_term_string"}}],"inLanguage":"fi"},{"@type":"Organization","@id":"https:\/\/mobilhybrid.de\/#organization","name":"MobilHybrid GmbH","url":"https:\/\/mobilhybrid.de\/","logo":{"@type":"ImageObject","inLanguage":"fi","@id":"https:\/\/mobilhybrid.de\/#\/schema\/logo\/image\/","url":"https:\/\/mobilhybrid.de\/wp-content\/uploads\/2020\/04\/152.png","contentUrl":"https:\/\/mobilhybrid.de\/wp-content\/uploads\/2020\/04\/152.png","width":152,"height":152,"caption":"MobilHybrid GmbH"},"image":{"@id":"https:\/\/mobilhybrid.de\/#\/schema\/logo\/image\/"},"sameAs":["https:\/\/www.facebook.com\/MobilHybrid\/","https:\/\/www.instagram.com\/_mobilhybrid_\/?hl=de","https:\/\/www.youtube.com\/@pv4lifegmbh476","https:\/\/de.linkedin.com\/company\/mobilhybrid-ug"]}]}},"_links":{"self":[{"href":"https:\/\/mobilhybrid.de\/fi\/wp-json\/wp\/v2\/product\/1146","targetHints":{"allow":["GET"]}}],"collection":[{"href":"https:\/\/mobilhybrid.de\/fi\/wp-json\/wp\/v2\/product"}],"about":[{"href":"https:\/\/mobilhybrid.de\/fi\/wp-json\/wp\/v2\/types\/product"}],"replies":[{"embeddable":true,"href":"https:\/\/mobilhybrid.de\/fi\/wp-json\/wp\/v2\/comments?post=1146"}],"wp:featuredmedia":[{"embeddable":true,"href":"https:\/\/mobilhybrid.de\/fi\/wp-json\/wp\/v2\/media\/2515"}],"wp:attachment":[{"href":"https:\/\/mobilhybrid.de\/fi\/wp-json\/wp\/v2\/media?parent=1146"}],"wp:term":[{"taxonomy":"product_brand","embeddable":true,"href":"https:\/\/mobilhybrid.de\/fi\/wp-json\/wp\/v2\/product_brand?post=1146"},{"taxonomy":"product_cat","embeddable":true,"href":"https:\/\/mobilhybrid.de\/fi\/wp-json\/wp\/v2\/product_cat?post=1146"},{"taxonomy":"product_tag","embeddable":true,"href":"https:\/\/mobilhybrid.de\/fi\/wp-json\/wp\/v2\/product_tag?post=1146"}],"curies":[{"name":"wp","href":"https:\/\/api.w.org\/{rel}","templated":true}]}}