{"id":1552,"date":"2022-02-10T20:18:43","date_gmt":"2022-02-10T19:18:43","guid":{"rendered":"https:\/\/mhdemo.local\/?post_type=product&#038;p=1552"},"modified":"2025-07-06T15:42:24","modified_gmt":"2025-07-06T13:42:24","slug":"kotihybridi","status":"publish","type":"product","link":"https:\/\/mobilhybrid.de\/fi\/tuote\/kotihybridi\/","title":{"rendered":"KotiHybridi"},"content":{"rendered":"<p>Der <strong><span style=\"color: #58a332;\">H<\/span><\/strong>ome<strong><span style=\"color: #58a332;\">H<\/span><\/strong>Hybridi toimii ilman verkkoon sy\u00f6tt\u00f6\u00e4 ja toimii kuten keskeytym\u00e4t\u00f6n virransy\u00f6tt\u00f6. Se suojaa s\u00e4hk\u00f6laitteita, kuten tietokonej\u00e4rjestelmi\u00e4 ja l\u00e4mp\u00f6pumppuja. Lis\u00e4ksi v\u00e4ltyt\u00e4\u00e4n verkko-operaattorin ja veroviraston byrokraattisilta esteilt\u00e4. Aurinkos\u00e4hk\u00f6 varastoidaan ja k\u00e4ytet\u00e4\u00e4n tehokkaasti. <strong><span style=\"color: #58a332;\">H<\/span><\/strong>ome<strong><span style=\"color: #58a332;\">H<\/span><\/strong>ybrid on ihanteellinen ratkaisu kaikille, jotka haluavat maksimaalisen toimitusvarmuuden, sek\u00e4 kotitalouksille ett\u00e4 yrityksille.<\/p>\n<p>S\u00e4hk\u00f6katkon sattuessa <strong><span style=\"color: #58a332;\">H<\/span><\/strong>ome<strong><span style=\"color: #58a332;\">H<\/span><\/strong>Hybridi takaa keskeytym\u00e4tt\u00f6m\u00e4n virransy\u00f6t\u00f6n kaikille kuluttajille useiden tuntien, p\u00e4ivien, viikkojen tai jopa kuukausien ajan. Aurinkos\u00e4hk\u00f6j\u00e4rjestelm\u00e4n lis\u00e4ksi voidaan kytke\u00e4 my\u00f6s s\u00e4hk\u00f6generaattori. <strong><span style=\"color: #58a332;\">H<\/span><\/strong>ome<strong><span style=\"color: #58a332;\">H<\/span><\/strong>ybrid ohjaa t\u00e4t\u00e4 prosessia automaattisesti. Jos aurinkos\u00e4hk\u00f6j\u00e4rjestelm\u00e4n energia ei riit\u00e4 tai k\u00e4ytet\u00e4\u00e4n paljon energiaa kuluttavia laitteita, <strong><span style=\"color: #58a332;\">H<\/span><\/strong>ome<strong><span style=\"color: #58a332;\">H<\/span><\/strong>hybridi k\u00e4ynnist\u00e4\u00e4 s\u00e4hk\u00f6generaattorin automaattisesti. Tuotettu energia k\u00e4ytet\u00e4\u00e4n akun lataamiseen ja generaattorin mahdollisimman tehokkaaseen k\u00e4ytt\u00f6\u00f6n. <strong><span style=\"color: #58a332;\">H<\/span><\/strong>ome<strong><span style=\"color: #58a332;\">H<\/span><\/strong>Hybrid toimitetaan t\u00e4ysin asennusvalmiina, sis\u00e4lt\u00e4en kaikki tarvittavat komponentit tilaa s\u00e4\u00e4st\u00e4v\u00e4ss\u00e4 kotelossa. Tallennusj\u00e4rjestelm\u00e4n lis\u00e4ksi tarjoamme my\u00f6s aurinkopaneeleja ja alustarakenteita yhdest\u00e4 paikasta.<\/p>","protected":false},"excerpt":{"rendered":"<p>Der <strong><span style=\"color: #58a332;\">H<\/span><\/strong>ome<strong><span style=\"color: #58a332;\">H<\/span><\/strong>Hybridi on itsen\u00e4inen energial\u00e4hde, joka toimii riippumatta verkosta sy\u00f6tetyist\u00e4 s\u00e4hk\u00f6virroista ja toimii kuten keskeytym\u00e4t\u00f6n virransy\u00f6tt\u00f6. T\u00e4m\u00e4 suojaa herkki\u00e4 s\u00e4hk\u00f6laitteita, kuten tietokoneita ja l\u00e4mp\u00f6pumppuja. T\u00e4m\u00e4 toimintatapa v\u00e4hent\u00e4\u00e4 huomattavasti byrokraattisia esteit\u00e4 sek\u00e4 verkko-operaattorin ett\u00e4 veroviraston puolella.<\/p>","protected":false},"featured_media":2238,"comment_status":"closed","ping_status":"closed","template":"","meta":[],"product_brand":[],"product_cat":[64],"product_tag":[],"class_list":{"0":"post-1552","1":"product","2":"type-product","3":"status-publish","4":"has-post-thumbnail","6":"product_cat-homehybrid","8":"first","9":"instock","10":"shipping-taxable","11":"product-type-simple"},"yoast_head":"<!-- This site is optimized with the Yoast SEO plugin v26.6 - https:\/\/yoast.com\/wordpress\/plugins\/seo\/ -->\n<title>HomeHybrid \u2013 Stromversorgung f\u00fcr Haushalte &amp; Gewerbe<\/title>\n<meta name=\"description\" content=\"Der HomeHybrid bietet zuverl\u00e4ssige Notstromversorgung. Speichern Sie Solarstrom effizient und genie\u00dfen Sie maximale Versorgungssicherheit\" \/>\n<meta name=\"robots\" content=\"index, follow, max-snippet:-1, max-image-preview:large, max-video-preview:-1\" \/>\n<link rel=\"canonical\" href=\"https:\/\/mobilhybrid.de\/fi\/tuote\/kotihybridi\/\" \/>\n<meta property=\"og:locale\" content=\"fi_FI\" \/>\n<meta property=\"og:type\" content=\"article\" \/>\n<meta property=\"og:title\" content=\"HomeHybrid \u2013 Stromversorgung f\u00fcr Haushalte &amp; Gewerbe\" \/>\n<meta property=\"og:description\" content=\"Der HomeHybrid bietet zuverl\u00e4ssige Notstromversorgung. Speichern Sie Solarstrom effizient und genie\u00dfen Sie maximale Versorgungssicherheit\" \/>\n<meta property=\"og:url\" content=\"https:\/\/mobilhybrid.de\/fi\/tuote\/kotihybridi\/\" \/>\n<meta property=\"og:site_name\" content=\"MobilHybrid\" \/>\n<meta property=\"article:publisher\" content=\"https:\/\/www.facebook.com\/MobilHybrid\/\" \/>\n<meta property=\"article:modified_time\" content=\"2025-07-06T13:42:24+00:00\" \/>\n<meta property=\"og:image\" content=\"https:\/\/mobilhybrid.de\/wp-content\/uploads\/2023\/08\/HomeHybrid.jpg\" \/>\n\t<meta property=\"og:image:width\" content=\"1000\" \/>\n\t<meta property=\"og:image:height\" content=\"1000\" \/>\n\t<meta property=\"og:image:type\" content=\"image\/jpeg\" \/>\n<meta name=\"twitter:card\" content=\"summary_large_image\" \/>\n<script type=\"application\/ld+json\" class=\"yoast-schema-graph\">{\"@context\":\"https:\/\/schema.org\",\"@graph\":[{\"@type\":\"WebPage\",\"@id\":\"https:\/\/mobilhybrid.de\/product\/homehybrid\/\",\"url\":\"https:\/\/mobilhybrid.de\/product\/homehybrid\/\",\"name\":\"HomeHybrid \u2013 Stromversorgung f\u00fcr Haushalte & Gewerbe\",\"isPartOf\":{\"@id\":\"https:\/\/mobilhybrid.de\/#website\"},\"primaryImageOfPage\":{\"@id\":\"https:\/\/mobilhybrid.de\/product\/homehybrid\/#primaryimage\"},\"image\":{\"@id\":\"https:\/\/mobilhybrid.de\/product\/homehybrid\/#primaryimage\"},\"thumbnailUrl\":\"https:\/\/mobilhybrid.de\/wp-content\/uploads\/2023\/08\/HomeHybrid.jpg\",\"datePublished\":\"2022-02-10T19:18:43+00:00\",\"dateModified\":\"2025-07-06T13:42:24+00:00\",\"description\":\"Der HomeHybrid bietet zuverl\u00e4ssige Notstromversorgung. Speichern Sie Solarstrom effizient und genie\u00dfen Sie maximale Versorgungssicherheit\",\"breadcrumb\":{\"@id\":\"https:\/\/mobilhybrid.de\/product\/homehybrid\/#breadcrumb\"},\"inLanguage\":\"fi\",\"potentialAction\":[{\"@type\":\"ReadAction\",\"target\":[\"https:\/\/mobilhybrid.de\/product\/homehybrid\/\"]}]},{\"@type\":\"ImageObject\",\"inLanguage\":\"fi\",\"@id\":\"https:\/\/mobilhybrid.de\/product\/homehybrid\/#primaryimage\",\"url\":\"https:\/\/mobilhybrid.de\/wp-content\/uploads\/2023\/08\/HomeHybrid.jpg\",\"contentUrl\":\"https:\/\/mobilhybrid.de\/wp-content\/uploads\/2023\/08\/HomeHybrid.jpg\",\"width\":1000,\"height\":1000,\"caption\":\"HomeHybrid\"},{\"@type\":\"BreadcrumbList\",\"@id\":\"https:\/\/mobilhybrid.de\/product\/homehybrid\/#breadcrumb\",\"itemListElement\":[{\"@type\":\"ListItem\",\"position\":1,\"name\":\"Home\",\"item\":\"https:\/\/mobilhybrid.de\/\"},{\"@type\":\"ListItem\",\"position\":2,\"name\":\"Produkte\",\"item\":\"https:\/\/mobilhybrid.de\/shop\/\"},{\"@type\":\"ListItem\",\"position\":3,\"name\":\"HomeHybrid\"}]},{\"@type\":\"WebSite\",\"@id\":\"https:\/\/mobilhybrid.de\/#website\",\"url\":\"https:\/\/mobilhybrid.de\/\",\"name\":\"MobilHybrid\",\"description\":\"die autarke, mobile netzunabh\u00e4ngige Stromversorgung\",\"publisher\":{\"@id\":\"https:\/\/mobilhybrid.de\/#organization\"},\"potentialAction\":[{\"@type\":\"SearchAction\",\"target\":{\"@type\":\"EntryPoint\",\"urlTemplate\":\"https:\/\/mobilhybrid.de\/?s={search_term_string}\"},\"query-input\":{\"@type\":\"PropertyValueSpecification\",\"valueRequired\":true,\"valueName\":\"search_term_string\"}}],\"inLanguage\":\"fi\"},{\"@type\":\"Organization\",\"@id\":\"https:\/\/mobilhybrid.de\/#organization\",\"name\":\"MobilHybrid GmbH\",\"url\":\"https:\/\/mobilhybrid.de\/\",\"logo\":{\"@type\":\"ImageObject\",\"inLanguage\":\"fi\",\"@id\":\"https:\/\/mobilhybrid.de\/#\/schema\/logo\/image\/\",\"url\":\"https:\/\/mobilhybrid.de\/wp-content\/uploads\/2020\/04\/152.png\",\"contentUrl\":\"https:\/\/mobilhybrid.de\/wp-content\/uploads\/2020\/04\/152.png\",\"width\":152,\"height\":152,\"caption\":\"MobilHybrid GmbH\"},\"image\":{\"@id\":\"https:\/\/mobilhybrid.de\/#\/schema\/logo\/image\/\"},\"sameAs\":[\"https:\/\/www.facebook.com\/MobilHybrid\/\",\"https:\/\/www.instagram.com\/_mobilhybrid_\/?hl=de\",\"https:\/\/www.youtube.com\/@pv4lifegmbh476\",\"https:\/\/de.linkedin.com\/company\/mobilhybrid-ug\"]}]}<\/script>\n<!-- \/ Yoast SEO plugin. -->","yoast_head_json":{"title":"HomeHybrid \u2013 S\u00e4hk\u00f6nsy\u00f6tt\u00f6 kotitalouksille ja yrityksille","description":"HomeHybrid tarjoaa luotettavan varavirtal\u00e4hteen. Varastoi aurinkovoimaa tehokkaasti ja nauti maksimaalisesta toimitusvarmuudesta.","robots":{"index":"index","follow":"follow","max-snippet":"max-snippet:-1","max-image-preview":"max-image-preview:large","max-video-preview":"max-video-preview:-1"},"canonical":"https:\/\/mobilhybrid.de\/fi\/tuote\/kotihybridi\/","og_locale":"fi_FI","og_type":"article","og_title":"HomeHybrid \u2013 Stromversorgung f\u00fcr Haushalte & Gewerbe","og_description":"Der HomeHybrid bietet zuverl\u00e4ssige Notstromversorgung. Speichern Sie Solarstrom effizient und genie\u00dfen Sie maximale Versorgungssicherheit","og_url":"https:\/\/mobilhybrid.de\/fi\/tuote\/kotihybridi\/","og_site_name":"MobilHybrid","article_publisher":"https:\/\/www.facebook.com\/MobilHybrid\/","article_modified_time":"2025-07-06T13:42:24+00:00","og_image":[{"width":1000,"height":1000,"url":"https:\/\/mobilhybrid.de\/wp-content\/uploads\/2023\/08\/HomeHybrid.jpg","type":"image\/jpeg"}],"twitter_card":"summary_large_image","schema":{"@context":"https:\/\/schema.org","@graph":[{"@type":"WebPage","@id":"https:\/\/mobilhybrid.de\/product\/homehybrid\/","url":"https:\/\/mobilhybrid.de\/product\/homehybrid\/","name":"HomeHybrid \u2013 S\u00e4hk\u00f6nsy\u00f6tt\u00f6 kotitalouksille ja yrityksille","isPartOf":{"@id":"https:\/\/mobilhybrid.de\/#website"},"primaryImageOfPage":{"@id":"https:\/\/mobilhybrid.de\/product\/homehybrid\/#primaryimage"},"image":{"@id":"https:\/\/mobilhybrid.de\/product\/homehybrid\/#primaryimage"},"thumbnailUrl":"https:\/\/mobilhybrid.de\/wp-content\/uploads\/2023\/08\/HomeHybrid.jpg","datePublished":"2022-02-10T19:18:43+00:00","dateModified":"2025-07-06T13:42:24+00:00","description":"HomeHybrid tarjoaa luotettavan varavirtal\u00e4hteen. Varastoi aurinkovoimaa tehokkaasti ja nauti maksimaalisesta toimitusvarmuudesta.","breadcrumb":{"@id":"https:\/\/mobilhybrid.de\/product\/homehybrid\/#breadcrumb"},"inLanguage":"fi","potentialAction":[{"@type":"ReadAction","target":["https:\/\/mobilhybrid.de\/product\/homehybrid\/"]}]},{"@type":"ImageObject","inLanguage":"fi","@id":"https:\/\/mobilhybrid.de\/product\/homehybrid\/#primaryimage","url":"https:\/\/mobilhybrid.de\/wp-content\/uploads\/2023\/08\/HomeHybrid.jpg","contentUrl":"https:\/\/mobilhybrid.de\/wp-content\/uploads\/2023\/08\/HomeHybrid.jpg","width":1000,"height":1000,"caption":"HomeHybrid"},{"@type":"BreadcrumbList","@id":"https:\/\/mobilhybrid.de\/product\/homehybrid\/#breadcrumb","itemListElement":[{"@type":"ListItem","position":1,"name":"Home","item":"https:\/\/mobilhybrid.de\/"},{"@type":"ListItem","position":2,"name":"Produkte","item":"https:\/\/mobilhybrid.de\/shop\/"},{"@type":"ListItem","position":3,"name":"HomeHybrid"}]},{"@type":"WebSite","@id":"https:\/\/mobilhybrid.de\/#website","url":"https:\/\/mobilhybrid.de\/","name":"MobilHybrid","description":"itsen\u00e4inen, mobiili, verkosta riippumaton virransy\u00f6tt\u00f6","publisher":{"@id":"https:\/\/mobilhybrid.de\/#organization"},"potentialAction":[{"@type":"SearchAction","target":{"@type":"EntryPoint","urlTemplate":"https:\/\/mobilhybrid.de\/?s={search_term_string}"},"query-input":{"@type":"PropertyValueSpecification","valueRequired":true,"valueName":"search_term_string"}}],"inLanguage":"fi"},{"@type":"Organization","@id":"https:\/\/mobilhybrid.de\/#organization","name":"MobilHybrid GmbH","url":"https:\/\/mobilhybrid.de\/","logo":{"@type":"ImageObject","inLanguage":"fi","@id":"https:\/\/mobilhybrid.de\/#\/schema\/logo\/image\/","url":"https:\/\/mobilhybrid.de\/wp-content\/uploads\/2020\/04\/152.png","contentUrl":"https:\/\/mobilhybrid.de\/wp-content\/uploads\/2020\/04\/152.png","width":152,"height":152,"caption":"MobilHybrid GmbH"},"image":{"@id":"https:\/\/mobilhybrid.de\/#\/schema\/logo\/image\/"},"sameAs":["https:\/\/www.facebook.com\/MobilHybrid\/","https:\/\/www.instagram.com\/_mobilhybrid_\/?hl=de","https:\/\/www.youtube.com\/@pv4lifegmbh476","https:\/\/de.linkedin.com\/company\/mobilhybrid-ug"]}]}},"_links":{"self":[{"href":"https:\/\/mobilhybrid.de\/fi\/wp-json\/wp\/v2\/product\/1552","targetHints":{"allow":["GET"]}}],"collection":[{"href":"https:\/\/mobilhybrid.de\/fi\/wp-json\/wp\/v2\/product"}],"about":[{"href":"https:\/\/mobilhybrid.de\/fi\/wp-json\/wp\/v2\/types\/product"}],"replies":[{"embeddable":true,"href":"https:\/\/mobilhybrid.de\/fi\/wp-json\/wp\/v2\/comments?post=1552"}],"wp:featuredmedia":[{"embeddable":true,"href":"https:\/\/mobilhybrid.de\/fi\/wp-json\/wp\/v2\/media\/2238"}],"wp:attachment":[{"href":"https:\/\/mobilhybrid.de\/fi\/wp-json\/wp\/v2\/media?parent=1552"}],"wp:term":[{"taxonomy":"product_brand","embeddable":true,"href":"https:\/\/mobilhybrid.de\/fi\/wp-json\/wp\/v2\/product_brand?post=1552"},{"taxonomy":"product_cat","embeddable":true,"href":"https:\/\/mobilhybrid.de\/fi\/wp-json\/wp\/v2\/product_cat?post=1552"},{"taxonomy":"product_tag","embeddable":true,"href":"https:\/\/mobilhybrid.de\/fi\/wp-json\/wp\/v2\/product_tag?post=1552"}],"curies":[{"name":"wp","href":"https:\/\/api.w.org\/{rel}","templated":true}]}}