{"id":4472,"date":"2025-12-06T13:13:37","date_gmt":"2025-12-06T12:13:37","guid":{"rendered":"https:\/\/mobilhybrid.de\/?post_type=product&#038;p=4472"},"modified":"2025-12-06T14:21:05","modified_gmt":"2025-12-06T13:21:05","slug":"ch90-150","status":"publish","type":"product","link":"https:\/\/mobilhybrid.de\/fi\/tuote\/ch90-150\/","title":{"rendered":"CH90-150"},"content":{"rendered":"<p><strong>ChargeHybrid CH90-150<\/strong><\/p>\n<p>Der <strong>ChargeHybrid CH90-150<\/strong> on uusi, tehokas energiaratkaisu rakennusty\u00f6maille, teollisuusk\u00e4ytt\u00f6\u00f6n ja paikkoihin, joissa verkkojen kapasiteetti on rajallinen. Se yhdist\u00e4\u00e4 \u00e4lykk\u00e4\u00e4n energianvarastoinnin, joustavan tehonannon ja korkeimman k\u00e4ytt\u00f6turvallisuuden \u2013 ihanteellinen ratkaisu nykyaikaisiin latausinfrastruktuurin ja verkon vakauttamisen vaatimuksiin.<\/p>\n<p>&nbsp;<\/p>\n<p><strong>K\u00e4ytt\u00f6kohteet ja edut<\/strong><\/p>\n<ol>\n<li><strong>Tehokas energiansaanti rakennusty\u00f6maille<\/strong><br \/>\nCH90-150 toimittaa rakennusty\u00f6maille luotettavasti energiaa \u2013 jopa suurilla tehohuippuilla. Se mahdollistaa s\u00e4hk\u00f6laitteiden, latureiden ja v\u00e4liaikaisten asennusten tehokkaan k\u00e4yt\u00f6n.<\/li>\n<li><strong>Verkon vahvistus (Grid-Booster)<\/strong><br \/>\nGrid-Boosterina CH90-150 vakauttaa ja vahvistaa olemassa olevia verkkoliit\u00e4nt\u00f6j\u00e4. N\u00e4in my\u00f6s heikot tai teholtaan rajoitetut verkot voivat turvallisesti sy\u00f6tt\u00e4\u00e4 virtaa suuremmille kuluttajille.<\/li>\n<li><strong>S\u00e4hk\u00f6isten rakennuskoneiden latausinfrastruktuuri<\/strong><br \/>\nCH90-150 on ihanteellinen keskitetty latausyksikk\u00f6 s\u00e4hk\u00f6isille rakennuskoneille ja laitteille. Se takaa korkean lataustehon ylikuormittamatta paikallista s\u00e4hk\u00f6verkkoa.<\/li>\n<li><strong>K\u00e4ynnistysvirtaansa suuret koneet<\/strong><br \/>\nKorkean lyhytaikaisen tehonannon ansiosta CH90-150 sopii erinomaisesti laitteisiin, kuten nostureihin, pumppuihin, asfalttilevittimiin tai sahoihin, jotka tarvitsevat voimakkaita k\u00e4ynnistysvirtoja.<\/li>\n<li><strong>S\u00e4hk\u00f6n tuottajien tehokas hybridisointi<\/strong><br \/>\nYhdess\u00e4 generaattorin kanssa CH90-150 lyhent\u00e4\u00e4 huomattavasti aggregaatin k\u00e4yntiaikaa. T\u00e4m\u00e4 v\u00e4hent\u00e4\u00e4 polttoaineenkulutusta, huoltokustannuksia ja CO\u2082-p\u00e4\u00e4st\u00f6j\u00e4 jopa 70 %.<\/li>\n<li><strong>Uusiutuvien energial\u00e4hteiden tuki<\/strong><br \/>\nCH90-150 voidaan yhdist\u00e4\u00e4 ongelmitta aurinkopaneeleihin. Aurinkos\u00e4hk\u00f6n integrointi mahdollistaa kest\u00e4v\u00e4n ja v\u00e4h\u00e4p\u00e4\u00e4st\u00f6isen energiansaannin.<\/li>\n<li><strong>Kest\u00e4v\u00e4 ulkokotelo \u00e4\u00e4rimm\u00e4isiin olosuhteisiin<\/strong><br \/>\nChargeHybrid CH90-150 on asennettu erityisen kest\u00e4v\u00e4\u00e4n ulkokoteloon, joka on kehitetty erityisesti rakennusty\u00f6maiden vaativiin olosuhteisiin.<br \/>\nSuojausluokka IP54 takaa j\u00e4rjestelm\u00e4n luotettavan suojan p\u00f6lylt\u00e4 ja roiskevedelt\u00e4, joten se sopii k\u00e4ytett\u00e4v\u00e4ksi vaativimmissakin olosuhteissa.<br \/>\nLis\u00e4ksi optimoitu turvalliseen k\u00e4ytt\u00f6\u00f6n \u00e4\u00e4rimm\u00e4isiss\u00e4 l\u00e4mp\u00f6tiloissa \u201315 \u00b0C \u2013 +55 \u00b0C.<\/li>\n<\/ol>","protected":false},"excerpt":{"rendered":"<p>Yhdist\u00e4m\u00e4ll\u00e4 energianvarastoinnin, \u00e4lykk\u00e4\u00e4n lataushallinnan ja joustavan tehonjakelun ChargeHybrid toimittaa energiaa juuri sinne, miss\u00e4 sit\u00e4 tarvitaan \u2013 luotettavasti, skaalautuvasti ja verkkojen laadusta riippumatta.<\/p>\n<p>Olipa kyseess\u00e4 suuri konekanta tai monimutkainen rakennusty\u00f6maan logistiikka: ChargeHybrid luo perustan tehokkaille, v\u00e4h\u00e4p\u00e4\u00e4st\u00f6isille ja tulevaisuuteen suuntautuneille rakennusprosesseille.<\/p>","protected":false},"featured_media":2329,"comment_status":"closed","ping_status":"closed","template":"","meta":[],"product_brand":[],"product_cat":[83],"product_tag":[],"class_list":{"0":"post-4472","1":"product","2":"type-product","3":"status-publish","4":"has-post-thumbnail","6":"product_cat-chargehybrid","8":"first","9":"instock","10":"shipping-taxable","11":"product-type-simple"},"yoast_head":"<!-- This site is optimized with the Yoast SEO plugin v26.6 - https:\/\/yoast.com\/wordpress\/plugins\/seo\/ -->\n<title>ChargeHybrid CH90-150 \u2013 H\u00f6chste Energie f\u00fcr Gro\u00dfbaustellen<\/title>\n<meta name=\"description\" content=\"ChargeHybrid CH90-150 Ihre hybride Energie f\u00fcr Gro\u00dfbaustellen. PowerBoost bis 150 kW, PV-ready, netzunabh\u00e4ngig, ideal f\u00fcr Maschinen mit hoher Spitzenlast.\" \/>\n<meta name=\"robots\" content=\"index, follow, max-snippet:-1, max-image-preview:large, max-video-preview:-1\" \/>\n<link rel=\"canonical\" href=\"https:\/\/mobilhybrid.de\/fi\/tuote\/ch90-150\/\" \/>\n<meta property=\"og:locale\" content=\"fi_FI\" \/>\n<meta property=\"og:type\" content=\"article\" \/>\n<meta property=\"og:title\" content=\"ChargeHybrid CH90-150 \u2013 H\u00f6chste Energie f\u00fcr Gro\u00dfbaustellen\" \/>\n<meta property=\"og:description\" content=\"ChargeHybrid CH90-150 Ihre hybride Energie f\u00fcr Gro\u00dfbaustellen. PowerBoost bis 150 kW, PV-ready, netzunabh\u00e4ngig, ideal f\u00fcr Maschinen mit hoher Spitzenlast.\" \/>\n<meta property=\"og:url\" content=\"https:\/\/mobilhybrid.de\/fi\/tuote\/ch90-150\/\" \/>\n<meta property=\"og:site_name\" content=\"MobilHybrid\" \/>\n<meta property=\"article:publisher\" content=\"https:\/\/www.facebook.com\/MobilHybrid\/\" \/>\n<meta property=\"article:modified_time\" content=\"2025-12-06T13:21:05+00:00\" \/>\n<meta property=\"og:image\" content=\"https:\/\/mobilhybrid.de\/wp-content\/uploads\/2023\/09\/MH-Hintergrund-weiss.jpg\" \/>\n\t<meta property=\"og:image:width\" content=\"1000\" \/>\n\t<meta property=\"og:image:height\" content=\"1000\" \/>\n\t<meta property=\"og:image:type\" content=\"image\/jpeg\" \/>\n<meta name=\"twitter:card\" content=\"summary_large_image\" \/>\n<script type=\"application\/ld+json\" class=\"yoast-schema-graph\">{\"@context\":\"https:\/\/schema.org\",\"@graph\":[{\"@type\":\"WebPage\",\"@id\":\"https:\/\/mobilhybrid.de\/product\/ch90-150\/\",\"url\":\"https:\/\/mobilhybrid.de\/product\/ch90-150\/\",\"name\":\"ChargeHybrid CH90-150 \u2013 H\u00f6chste Energie f\u00fcr Gro\u00dfbaustellen\",\"isPartOf\":{\"@id\":\"https:\/\/mobilhybrid.de\/#website\"},\"primaryImageOfPage\":{\"@id\":\"https:\/\/mobilhybrid.de\/product\/ch90-150\/#primaryimage\"},\"image\":{\"@id\":\"https:\/\/mobilhybrid.de\/product\/ch90-150\/#primaryimage\"},\"thumbnailUrl\":\"https:\/\/mobilhybrid.de\/wp-content\/uploads\/2023\/09\/MH-Hintergrund-weiss.jpg\",\"datePublished\":\"2025-12-06T12:13:37+00:00\",\"dateModified\":\"2025-12-06T13:21:05+00:00\",\"description\":\"ChargeHybrid CH90-150 Ihre hybride Energie f\u00fcr Gro\u00dfbaustellen. PowerBoost bis 150 kW, PV-ready, netzunabh\u00e4ngig, ideal f\u00fcr Maschinen mit hoher Spitzenlast.\",\"breadcrumb\":{\"@id\":\"https:\/\/mobilhybrid.de\/product\/ch90-150\/#breadcrumb\"},\"inLanguage\":\"fi\",\"potentialAction\":[{\"@type\":\"ReadAction\",\"target\":[\"https:\/\/mobilhybrid.de\/product\/ch90-150\/\"]}]},{\"@type\":\"ImageObject\",\"inLanguage\":\"fi\",\"@id\":\"https:\/\/mobilhybrid.de\/product\/ch90-150\/#primaryimage\",\"url\":\"https:\/\/mobilhybrid.de\/wp-content\/uploads\/2023\/09\/MH-Hintergrund-weiss.jpg\",\"contentUrl\":\"https:\/\/mobilhybrid.de\/wp-content\/uploads\/2023\/09\/MH-Hintergrund-weiss.jpg\",\"width\":1000,\"height\":1000,\"caption\":\"MobilHybrid MH-48\"},{\"@type\":\"BreadcrumbList\",\"@id\":\"https:\/\/mobilhybrid.de\/product\/ch90-150\/#breadcrumb\",\"itemListElement\":[{\"@type\":\"ListItem\",\"position\":1,\"name\":\"Home\",\"item\":\"https:\/\/mobilhybrid.de\/\"},{\"@type\":\"ListItem\",\"position\":2,\"name\":\"Produkte\",\"item\":\"https:\/\/mobilhybrid.de\/shop\/\"},{\"@type\":\"ListItem\",\"position\":3,\"name\":\"CH90-150\"}]},{\"@type\":\"WebSite\",\"@id\":\"https:\/\/mobilhybrid.de\/#website\",\"url\":\"https:\/\/mobilhybrid.de\/\",\"name\":\"MobilHybrid\",\"description\":\"die autarke, mobile netzunabh\u00e4ngige Stromversorgung\",\"publisher\":{\"@id\":\"https:\/\/mobilhybrid.de\/#organization\"},\"potentialAction\":[{\"@type\":\"SearchAction\",\"target\":{\"@type\":\"EntryPoint\",\"urlTemplate\":\"https:\/\/mobilhybrid.de\/?s={search_term_string}\"},\"query-input\":{\"@type\":\"PropertyValueSpecification\",\"valueRequired\":true,\"valueName\":\"search_term_string\"}}],\"inLanguage\":\"fi\"},{\"@type\":\"Organization\",\"@id\":\"https:\/\/mobilhybrid.de\/#organization\",\"name\":\"MobilHybrid GmbH\",\"url\":\"https:\/\/mobilhybrid.de\/\",\"logo\":{\"@type\":\"ImageObject\",\"inLanguage\":\"fi\",\"@id\":\"https:\/\/mobilhybrid.de\/#\/schema\/logo\/image\/\",\"url\":\"https:\/\/mobilhybrid.de\/wp-content\/uploads\/2020\/04\/152.png\",\"contentUrl\":\"https:\/\/mobilhybrid.de\/wp-content\/uploads\/2020\/04\/152.png\",\"width\":152,\"height\":152,\"caption\":\"MobilHybrid GmbH\"},\"image\":{\"@id\":\"https:\/\/mobilhybrid.de\/#\/schema\/logo\/image\/\"},\"sameAs\":[\"https:\/\/www.facebook.com\/MobilHybrid\/\",\"https:\/\/www.instagram.com\/_mobilhybrid_\/?hl=de\",\"https:\/\/www.youtube.com\/@pv4lifegmbh476\",\"https:\/\/de.linkedin.com\/company\/mobilhybrid-ug\"]}]}<\/script>\n<!-- \/ Yoast SEO plugin. -->","yoast_head_json":{"title":"ChargeHybrid CH90-150 \u2013 Eniten energiaa suurille rakennusty\u00f6maille","description":"ChargeHybrid CH90-150 Hybridienergia suurille rakennusty\u00f6maille. PowerBoost jopa 150 kW, PV-valmis, verkosta riippumaton, ihanteellinen koneille, joilla on suuri huippukuorma.","robots":{"index":"index","follow":"follow","max-snippet":"max-snippet:-1","max-image-preview":"max-image-preview:large","max-video-preview":"max-video-preview:-1"},"canonical":"https:\/\/mobilhybrid.de\/fi\/tuote\/ch90-150\/","og_locale":"fi_FI","og_type":"article","og_title":"ChargeHybrid CH90-150 \u2013 H\u00f6chste Energie f\u00fcr Gro\u00dfbaustellen","og_description":"ChargeHybrid CH90-150 Ihre hybride Energie f\u00fcr Gro\u00dfbaustellen. PowerBoost bis 150 kW, PV-ready, netzunabh\u00e4ngig, ideal f\u00fcr Maschinen mit hoher Spitzenlast.","og_url":"https:\/\/mobilhybrid.de\/fi\/tuote\/ch90-150\/","og_site_name":"MobilHybrid","article_publisher":"https:\/\/www.facebook.com\/MobilHybrid\/","article_modified_time":"2025-12-06T13:21:05+00:00","og_image":[{"width":1000,"height":1000,"url":"https:\/\/mobilhybrid.de\/wp-content\/uploads\/2023\/09\/MH-Hintergrund-weiss.jpg","type":"image\/jpeg"}],"twitter_card":"summary_large_image","schema":{"@context":"https:\/\/schema.org","@graph":[{"@type":"WebPage","@id":"https:\/\/mobilhybrid.de\/product\/ch90-150\/","url":"https:\/\/mobilhybrid.de\/product\/ch90-150\/","name":"ChargeHybrid CH90-150 \u2013 Eniten energiaa suurille rakennusty\u00f6maille","isPartOf":{"@id":"https:\/\/mobilhybrid.de\/#website"},"primaryImageOfPage":{"@id":"https:\/\/mobilhybrid.de\/product\/ch90-150\/#primaryimage"},"image":{"@id":"https:\/\/mobilhybrid.de\/product\/ch90-150\/#primaryimage"},"thumbnailUrl":"https:\/\/mobilhybrid.de\/wp-content\/uploads\/2023\/09\/MH-Hintergrund-weiss.jpg","datePublished":"2025-12-06T12:13:37+00:00","dateModified":"2025-12-06T13:21:05+00:00","description":"ChargeHybrid CH90-150 Hybridienergia suurille rakennusty\u00f6maille. PowerBoost jopa 150 kW, PV-valmis, verkosta riippumaton, ihanteellinen koneille, joilla on suuri huippukuorma.","breadcrumb":{"@id":"https:\/\/mobilhybrid.de\/product\/ch90-150\/#breadcrumb"},"inLanguage":"fi","potentialAction":[{"@type":"ReadAction","target":["https:\/\/mobilhybrid.de\/product\/ch90-150\/"]}]},{"@type":"ImageObject","inLanguage":"fi","@id":"https:\/\/mobilhybrid.de\/product\/ch90-150\/#primaryimage","url":"https:\/\/mobilhybrid.de\/wp-content\/uploads\/2023\/09\/MH-Hintergrund-weiss.jpg","contentUrl":"https:\/\/mobilhybrid.de\/wp-content\/uploads\/2023\/09\/MH-Hintergrund-weiss.jpg","width":1000,"height":1000,"caption":"MobilHybrid MH-48"},{"@type":"BreadcrumbList","@id":"https:\/\/mobilhybrid.de\/product\/ch90-150\/#breadcrumb","itemListElement":[{"@type":"ListItem","position":1,"name":"Home","item":"https:\/\/mobilhybrid.de\/"},{"@type":"ListItem","position":2,"name":"Produkte","item":"https:\/\/mobilhybrid.de\/shop\/"},{"@type":"ListItem","position":3,"name":"CH90-150"}]},{"@type":"WebSite","@id":"https:\/\/mobilhybrid.de\/#website","url":"https:\/\/mobilhybrid.de\/","name":"MobilHybrid","description":"itsen\u00e4inen, mobiili, verkosta riippumaton virransy\u00f6tt\u00f6","publisher":{"@id":"https:\/\/mobilhybrid.de\/#organization"},"potentialAction":[{"@type":"SearchAction","target":{"@type":"EntryPoint","urlTemplate":"https:\/\/mobilhybrid.de\/?s={search_term_string}"},"query-input":{"@type":"PropertyValueSpecification","valueRequired":true,"valueName":"search_term_string"}}],"inLanguage":"fi"},{"@type":"Organization","@id":"https:\/\/mobilhybrid.de\/#organization","name":"MobilHybrid GmbH","url":"https:\/\/mobilhybrid.de\/","logo":{"@type":"ImageObject","inLanguage":"fi","@id":"https:\/\/mobilhybrid.de\/#\/schema\/logo\/image\/","url":"https:\/\/mobilhybrid.de\/wp-content\/uploads\/2020\/04\/152.png","contentUrl":"https:\/\/mobilhybrid.de\/wp-content\/uploads\/2020\/04\/152.png","width":152,"height":152,"caption":"MobilHybrid GmbH"},"image":{"@id":"https:\/\/mobilhybrid.de\/#\/schema\/logo\/image\/"},"sameAs":["https:\/\/www.facebook.com\/MobilHybrid\/","https:\/\/www.instagram.com\/_mobilhybrid_\/?hl=de","https:\/\/www.youtube.com\/@pv4lifegmbh476","https:\/\/de.linkedin.com\/company\/mobilhybrid-ug"]}]}},"_links":{"self":[{"href":"https:\/\/mobilhybrid.de\/fi\/wp-json\/wp\/v2\/product\/4472","targetHints":{"allow":["GET"]}}],"collection":[{"href":"https:\/\/mobilhybrid.de\/fi\/wp-json\/wp\/v2\/product"}],"about":[{"href":"https:\/\/mobilhybrid.de\/fi\/wp-json\/wp\/v2\/types\/product"}],"replies":[{"embeddable":true,"href":"https:\/\/mobilhybrid.de\/fi\/wp-json\/wp\/v2\/comments?post=4472"}],"wp:featuredmedia":[{"embeddable":true,"href":"https:\/\/mobilhybrid.de\/fi\/wp-json\/wp\/v2\/media\/2329"}],"wp:attachment":[{"href":"https:\/\/mobilhybrid.de\/fi\/wp-json\/wp\/v2\/media?parent=4472"}],"wp:term":[{"taxonomy":"product_brand","embeddable":true,"href":"https:\/\/mobilhybrid.de\/fi\/wp-json\/wp\/v2\/product_brand?post=4472"},{"taxonomy":"product_cat","embeddable":true,"href":"https:\/\/mobilhybrid.de\/fi\/wp-json\/wp\/v2\/product_cat?post=4472"},{"taxonomy":"product_tag","embeddable":true,"href":"https:\/\/mobilhybrid.de\/fi\/wp-json\/wp\/v2\/product_tag?post=4472"}],"curies":[{"name":"wp","href":"https:\/\/api.w.org\/{rel}","templated":true}]}}