{"id":5104,"date":"2026-04-02T14:37:55","date_gmt":"2026-04-02T12:37:55","guid":{"rendered":"https:\/\/mobilhybrid.de\/product\/powerhybrid\/"},"modified":"2026-04-02T18:29:35","modified_gmt":"2026-04-02T16:29:35","slug":"tehohybridi","status":"publish","type":"product","link":"https:\/\/mobilhybrid.de\/fi\/tuote\/tehohybridi\/","title":{"rendered":"PowerHybrid PH90"},"content":{"rendered":"<p><strong>PowerHybrid PH90 - avaimet k\u00e4teen - energia-alusta rakennusty\u00f6maille, tapahtumiin ja BOS-sovelluksiin.<\/strong><\/p>\n<p>PowerHybrid PH90 on joustava ja tehokas energia-alusta sovelluksiin, joissa energiantarve on suuri. Siin\u00e4 yhdistyv\u00e4t energiageneraattori, akkuvarasto ja aurinkos\u00e4hk\u00f6tuki, ja se muodostaa tehokkaan ja tulevaisuudenkest\u00e4v\u00e4n ratkaisun nykyaikaisille rakennusty\u00f6maille.<\/p>\n<h3>Sinun etusi<\/h3>\n<ul>\n<li>Luotettava virransy\u00f6tt\u00f6 rakennusty\u00f6maille, tapahtumiin ja BOS-sovelluksiin<\/li>\n<li>Power Boost vakaata virransy\u00f6tt\u00f6\u00e4 varten my\u00f6s huippukuormituksilla<\/li>\n<li>Tehokas s\u00e4hk\u00f6ntuottajien hybridisointi, jolla on suuri s\u00e4\u00e4st\u00f6potentiaali.<\/li>\n<li>Luotettava sy\u00f6tt\u00f6 nostureille, sahoille, pumpuille ja muille kuluttajille, joiden k\u00e4ynnistysvirta on suuri.<\/li>\n<li>PV-tuki pienemm\u00e4n hiilijalanj\u00e4ljen ja suuremman omavaraisuuden saavuttamiseksi.<\/li>\n<li>Digitaalinen reaaliaikainen valvonta takaa turvallisen ja h\u00e4iri\u00f6tt\u00f6m\u00e4n toiminnan<\/li>\n<li>Valmiina v\u00e4litt\u00f6m\u00e4\u00e4n k\u00e4ytt\u00f6\u00f6n ilman aikaa viev\u00e4\u00e4 asennusta.<\/li>\n<\/ul>\n<h3>Tekniset kohokohdat<\/h3>\n<ul>\n<li>Generaattori: 45 kVA, p\u00e4\u00e4st\u00f6taso 5, lis\u00e4varusteena HVO100.<\/li>\n<li>Energiavarasto: MobilHybrid MH36, jossa on 45 kVA:n teho<\/li>\n<li>Jatkuva teho: 36 kW \/ 45 kVA<\/li>\n<li>Tehonlis\u00e4ys: 72 kW<\/li>\n<li>Akun kapasiteetti: 36 kWh k\u00e4ytt\u00f6kelpoinen<\/li>\n<li>L\u00e4mp\u00f6tila-alue: -15 \u00b0C - +45 \u00b0C<\/li>\n<\/ul>\n<p>PowerHybrid PH90 yhdist\u00e4\u00e4 tehon, joustavuuden ja kest\u00e4vyyden avaimet k\u00e4teen - jokaiseen rakennusty\u00f6maahan ja jokaiseen haasteeseen.<\/p>","protected":false},"excerpt":{"rendered":"<p>PowerHybrid PH90 on avaimet k\u00e4teen -periaatteella toimiva, siirrett\u00e4v\u00e4 energia-alusta rakennusty\u00f6maille, tapahtumiin ja BOS-sovelluksiin. Se tarjoaa 36 kW:n jatkuvan tehon, 72 kW:n tehonlis\u00e4yksen ja integroidun aurinkos\u00e4hk\u00f6tuen avulla luotettavaa ja kest\u00e4v\u00e4\u00e4 energiaa vaativiin sovelluksiin.<\/p>","protected":false},"featured_media":5114,"comment_status":"closed","ping_status":"closed","template":"","meta":[],"product_brand":[],"product_cat":[84],"product_tag":[86,87,89,88,91,97],"class_list":{"0":"post-5104","1":"product","2":"type-product","3":"status-publish","4":"has-post-thumbnail","6":"product_cat-powerhybrid","7":"product_tag-baustelle","8":"product_tag-energieplattform","9":"product_tag-generator","10":"product_tag-hybridstrom","11":"product_tag-photovoltaik","12":"product_tag-powerhybrid","14":"first","15":"instock","16":"shipping-taxable","17":"product-type-simple"},"yoast_head":"<!-- This site is optimized with the Yoast SEO plugin v26.6 - https:\/\/yoast.com\/wordpress\/plugins\/seo\/ -->\n<title>PowerHybrid PH90 \u2013 mobile Energieplattform f\u00fcr Baustellen | MobilHybrid<\/title>\n<meta name=\"description\" content=\"Der PowerHybrid PH90 ist die schl\u00fcsselfertige mobile Energieplattform f\u00fcr Baustellen, Events und BOS-Anwendungen \u2013 leistungsstark, flexibel und nachhaltig.\" \/>\n<meta name=\"robots\" content=\"noindex, follow, max-snippet:-1, max-image-preview:large, max-video-preview:-1\" \/>\n<meta property=\"og:locale\" content=\"fi_FI\" \/>\n<meta property=\"og:type\" content=\"article\" \/>\n<meta property=\"og:title\" content=\"PowerHybrid PH90 \u2013 mobile Energieplattform f\u00fcr Baustellen | MobilHybrid\" \/>\n<meta property=\"og:description\" content=\"Der PowerHybrid PH90 ist die schl\u00fcsselfertige mobile Energieplattform f\u00fcr Baustellen, Events und BOS-Anwendungen \u2013 leistungsstark, flexibel und nachhaltig.\" \/>\n<meta property=\"og:url\" content=\"https:\/\/mobilhybrid.de\/fi\/tuote\/tehohybridi\/\" \/>\n<meta property=\"og:site_name\" content=\"MobilHybrid\" \/>\n<meta property=\"article:publisher\" content=\"https:\/\/www.facebook.com\/MobilHybrid\/\" \/>\n<meta property=\"article:modified_time\" content=\"2026-04-02T16:29:35+00:00\" \/>\n<meta property=\"og:image\" content=\"https:\/\/mobilhybrid.de\/wp-content\/uploads\/2026\/04\/PowerHybrid_V2.jpeg\" \/>\n\t<meta property=\"og:image:width\" content=\"1536\" \/>\n\t<meta property=\"og:image:height\" content=\"1024\" \/>\n\t<meta property=\"og:image:type\" content=\"image\/jpeg\" \/>\n<meta name=\"twitter:card\" content=\"summary_large_image\" \/>\n<script type=\"application\/ld+json\" class=\"yoast-schema-graph\">{\"@context\":\"https:\/\/schema.org\",\"@graph\":[{\"@type\":\"WebPage\",\"@id\":\"https:\/\/mobilhybrid.de\/product\/powerhybrid\/\",\"url\":\"https:\/\/mobilhybrid.de\/product\/powerhybrid\/\",\"name\":\"PowerHybrid PH90 \u2013 mobile Energieplattform f\u00fcr Baustellen | MobilHybrid\",\"isPartOf\":{\"@id\":\"https:\/\/mobilhybrid.de\/#website\"},\"primaryImageOfPage\":{\"@id\":\"https:\/\/mobilhybrid.de\/product\/powerhybrid\/#primaryimage\"},\"image\":{\"@id\":\"https:\/\/mobilhybrid.de\/product\/powerhybrid\/#primaryimage\"},\"thumbnailUrl\":\"https:\/\/mobilhybrid.de\/wp-content\/uploads\/2026\/04\/PowerHybrid_V2.jpeg\",\"datePublished\":\"2026-04-02T12:37:55+00:00\",\"dateModified\":\"2026-04-02T16:29:35+00:00\",\"description\":\"Der PowerHybrid PH90 ist die schl\u00fcsselfertige mobile Energieplattform f\u00fcr Baustellen, Events und BOS-Anwendungen \u2013 leistungsstark, flexibel und nachhaltig.\",\"breadcrumb\":{\"@id\":\"https:\/\/mobilhybrid.de\/product\/powerhybrid\/#breadcrumb\"},\"inLanguage\":\"fi\",\"potentialAction\":[{\"@type\":\"ReadAction\",\"target\":[\"https:\/\/mobilhybrid.de\/product\/powerhybrid\/\"]}]},{\"@type\":\"ImageObject\",\"inLanguage\":\"fi\",\"@id\":\"https:\/\/mobilhybrid.de\/product\/powerhybrid\/#primaryimage\",\"url\":\"https:\/\/mobilhybrid.de\/wp-content\/uploads\/2026\/04\/PowerHybrid_V2.jpeg\",\"contentUrl\":\"https:\/\/mobilhybrid.de\/wp-content\/uploads\/2026\/04\/PowerHybrid_V2.jpeg\",\"width\":1536,\"height\":1024},{\"@type\":\"BreadcrumbList\",\"@id\":\"https:\/\/mobilhybrid.de\/product\/powerhybrid\/#breadcrumb\",\"itemListElement\":[{\"@type\":\"ListItem\",\"position\":1,\"name\":\"Home\",\"item\":\"https:\/\/mobilhybrid.de\/\"},{\"@type\":\"ListItem\",\"position\":2,\"name\":\"Produkte\",\"item\":\"https:\/\/mobilhybrid.de\/shop\/\"},{\"@type\":\"ListItem\",\"position\":3,\"name\":\"PowerHybrid PH90\"}]},{\"@type\":\"WebSite\",\"@id\":\"https:\/\/mobilhybrid.de\/#website\",\"url\":\"https:\/\/mobilhybrid.de\/\",\"name\":\"MobilHybrid\",\"description\":\"die autarke, mobile netzunabh\u00e4ngige Stromversorgung\",\"publisher\":{\"@id\":\"https:\/\/mobilhybrid.de\/#organization\"},\"potentialAction\":[{\"@type\":\"SearchAction\",\"target\":{\"@type\":\"EntryPoint\",\"urlTemplate\":\"https:\/\/mobilhybrid.de\/?s={search_term_string}\"},\"query-input\":{\"@type\":\"PropertyValueSpecification\",\"valueRequired\":true,\"valueName\":\"search_term_string\"}}],\"inLanguage\":\"fi\"},{\"@type\":\"Organization\",\"@id\":\"https:\/\/mobilhybrid.de\/#organization\",\"name\":\"MobilHybrid GmbH\",\"url\":\"https:\/\/mobilhybrid.de\/\",\"logo\":{\"@type\":\"ImageObject\",\"inLanguage\":\"fi\",\"@id\":\"https:\/\/mobilhybrid.de\/#\/schema\/logo\/image\/\",\"url\":\"https:\/\/mobilhybrid.de\/wp-content\/uploads\/2020\/04\/152.png\",\"contentUrl\":\"https:\/\/mobilhybrid.de\/wp-content\/uploads\/2020\/04\/152.png\",\"width\":152,\"height\":152,\"caption\":\"MobilHybrid GmbH\"},\"image\":{\"@id\":\"https:\/\/mobilhybrid.de\/#\/schema\/logo\/image\/\"},\"sameAs\":[\"https:\/\/www.facebook.com\/MobilHybrid\/\",\"https:\/\/www.instagram.com\/_mobilhybrid_\/?hl=de\",\"https:\/\/www.youtube.com\/@pv4lifegmbh476\",\"https:\/\/de.linkedin.com\/company\/mobilhybrid-ug\"]}]}<\/script>\n<!-- \/ Yoast SEO plugin. -->","yoast_head_json":{"title":"PowerHybrid PH90 - liikkuva energiaj\u00e4rjestelm\u00e4 rakennusty\u00f6maille | MobilHybrid","description":"PowerHybrid PH90 on avaimet k\u00e4teen -mobiilienergiaj\u00e4rjestelm\u00e4 rakennusty\u00f6maille, tapahtumiin ja BOS-sovelluksiin - tehokas, joustava ja kest\u00e4v\u00e4.","robots":{"index":"noindex","follow":"follow","max-snippet":"max-snippet:-1","max-image-preview":"max-image-preview:large","max-video-preview":"max-video-preview:-1"},"og_locale":"fi_FI","og_type":"article","og_title":"PowerHybrid PH90 \u2013 mobile Energieplattform f\u00fcr Baustellen | MobilHybrid","og_description":"Der PowerHybrid PH90 ist die schl\u00fcsselfertige mobile Energieplattform f\u00fcr Baustellen, Events und BOS-Anwendungen \u2013 leistungsstark, flexibel und nachhaltig.","og_url":"https:\/\/mobilhybrid.de\/fi\/tuote\/tehohybridi\/","og_site_name":"MobilHybrid","article_publisher":"https:\/\/www.facebook.com\/MobilHybrid\/","article_modified_time":"2026-04-02T16:29:35+00:00","og_image":[{"width":1536,"height":1024,"url":"https:\/\/mobilhybrid.de\/wp-content\/uploads\/2026\/04\/PowerHybrid_V2.jpeg","type":"image\/jpeg"}],"twitter_card":"summary_large_image","schema":{"@context":"https:\/\/schema.org","@graph":[{"@type":"WebPage","@id":"https:\/\/mobilhybrid.de\/product\/powerhybrid\/","url":"https:\/\/mobilhybrid.de\/product\/powerhybrid\/","name":"PowerHybrid PH90 - liikkuva energiaj\u00e4rjestelm\u00e4 rakennusty\u00f6maille | MobilHybrid","isPartOf":{"@id":"https:\/\/mobilhybrid.de\/#website"},"primaryImageOfPage":{"@id":"https:\/\/mobilhybrid.de\/product\/powerhybrid\/#primaryimage"},"image":{"@id":"https:\/\/mobilhybrid.de\/product\/powerhybrid\/#primaryimage"},"thumbnailUrl":"https:\/\/mobilhybrid.de\/wp-content\/uploads\/2026\/04\/PowerHybrid_V2.jpeg","datePublished":"2026-04-02T12:37:55+00:00","dateModified":"2026-04-02T16:29:35+00:00","description":"PowerHybrid PH90 on avaimet k\u00e4teen -mobiilienergiaj\u00e4rjestelm\u00e4 rakennusty\u00f6maille, tapahtumiin ja BOS-sovelluksiin - tehokas, joustava ja kest\u00e4v\u00e4.","breadcrumb":{"@id":"https:\/\/mobilhybrid.de\/product\/powerhybrid\/#breadcrumb"},"inLanguage":"fi","potentialAction":[{"@type":"ReadAction","target":["https:\/\/mobilhybrid.de\/product\/powerhybrid\/"]}]},{"@type":"ImageObject","inLanguage":"fi","@id":"https:\/\/mobilhybrid.de\/product\/powerhybrid\/#primaryimage","url":"https:\/\/mobilhybrid.de\/wp-content\/uploads\/2026\/04\/PowerHybrid_V2.jpeg","contentUrl":"https:\/\/mobilhybrid.de\/wp-content\/uploads\/2026\/04\/PowerHybrid_V2.jpeg","width":1536,"height":1024},{"@type":"BreadcrumbList","@id":"https:\/\/mobilhybrid.de\/product\/powerhybrid\/#breadcrumb","itemListElement":[{"@type":"ListItem","position":1,"name":"Home","item":"https:\/\/mobilhybrid.de\/"},{"@type":"ListItem","position":2,"name":"Produkte","item":"https:\/\/mobilhybrid.de\/shop\/"},{"@type":"ListItem","position":3,"name":"PowerHybrid PH90"}]},{"@type":"WebSite","@id":"https:\/\/mobilhybrid.de\/#website","url":"https:\/\/mobilhybrid.de\/","name":"MobilHybrid","description":"itsen\u00e4inen, mobiili, verkosta riippumaton virransy\u00f6tt\u00f6","publisher":{"@id":"https:\/\/mobilhybrid.de\/#organization"},"potentialAction":[{"@type":"SearchAction","target":{"@type":"EntryPoint","urlTemplate":"https:\/\/mobilhybrid.de\/?s={search_term_string}"},"query-input":{"@type":"PropertyValueSpecification","valueRequired":true,"valueName":"search_term_string"}}],"inLanguage":"fi"},{"@type":"Organization","@id":"https:\/\/mobilhybrid.de\/#organization","name":"MobilHybrid GmbH","url":"https:\/\/mobilhybrid.de\/","logo":{"@type":"ImageObject","inLanguage":"fi","@id":"https:\/\/mobilhybrid.de\/#\/schema\/logo\/image\/","url":"https:\/\/mobilhybrid.de\/wp-content\/uploads\/2020\/04\/152.png","contentUrl":"https:\/\/mobilhybrid.de\/wp-content\/uploads\/2020\/04\/152.png","width":152,"height":152,"caption":"MobilHybrid GmbH"},"image":{"@id":"https:\/\/mobilhybrid.de\/#\/schema\/logo\/image\/"},"sameAs":["https:\/\/www.facebook.com\/MobilHybrid\/","https:\/\/www.instagram.com\/_mobilhybrid_\/?hl=de","https:\/\/www.youtube.com\/@pv4lifegmbh476","https:\/\/de.linkedin.com\/company\/mobilhybrid-ug"]}]}},"_links":{"self":[{"href":"https:\/\/mobilhybrid.de\/fi\/wp-json\/wp\/v2\/product\/5104","targetHints":{"allow":["GET"]}}],"collection":[{"href":"https:\/\/mobilhybrid.de\/fi\/wp-json\/wp\/v2\/product"}],"about":[{"href":"https:\/\/mobilhybrid.de\/fi\/wp-json\/wp\/v2\/types\/product"}],"replies":[{"embeddable":true,"href":"https:\/\/mobilhybrid.de\/fi\/wp-json\/wp\/v2\/comments?post=5104"}],"wp:featuredmedia":[{"embeddable":true,"href":"https:\/\/mobilhybrid.de\/fi\/wp-json\/wp\/v2\/media\/5114"}],"wp:attachment":[{"href":"https:\/\/mobilhybrid.de\/fi\/wp-json\/wp\/v2\/media?parent=5104"}],"wp:term":[{"taxonomy":"product_brand","embeddable":true,"href":"https:\/\/mobilhybrid.de\/fi\/wp-json\/wp\/v2\/product_brand?post=5104"},{"taxonomy":"product_cat","embeddable":true,"href":"https:\/\/mobilhybrid.de\/fi\/wp-json\/wp\/v2\/product_cat?post=5104"},{"taxonomy":"product_tag","embeddable":true,"href":"https:\/\/mobilhybrid.de\/fi\/wp-json\/wp\/v2\/product_tag?post=5104"}],"curies":[{"name":"wp","href":"https:\/\/api.w.org\/{rel}","templated":true}]}}