{"id":3652,"date":"2024-01-28T13:31:43","date_gmt":"2024-01-28T12:31:43","guid":{"rendered":"https:\/\/mhdemo.local\/?page_id=3652"},"modified":"2025-10-03T20:59:40","modified_gmt":"2025-10-03T18:59:40","slug":"declaration-de-protection-des-donnees","status":"publish","type":"page","link":"https:\/\/mobilhybrid.de\/fr\/declaration-de-protection-des-donnees\/","title":{"rendered":"D\u00e9claration de confidentialit\u00e9"},"content":{"rendered":"<div data-elementor-type=\"wp-page\" data-elementor-id=\"3652\" class=\"elementor elementor-3652\" data-elementor-post-type=\"page\">\n\t\t\t\t<div class=\"elementor-element elementor-element-0978cd9 e-flex e-con-boxed e-con e-parent\" data-id=\"0978cd9\" data-element_type=\"container\">\n\t\t\t\t\t<div class=\"e-con-inner\">\n\t\t\t\t<div class=\"elementor-element elementor-element-48f2ab3 elementor-widget elementor-widget-heading\" data-id=\"48f2ab3\" data-element_type=\"widget\" data-widget_type=\"heading.default\">\n\t\t\t\t<div class=\"elementor-widget-container\">\n\t\t\t\t\t<h1 class=\"elementor-heading-title elementor-size-default\">D\u00e9claration de confidentialit\u00e9<\/h1>\t\t\t\t<\/div>\n\t\t\t\t<\/div>\n\t\t\t\t<div class=\"elementor-element elementor-element-59744a3 elementor-widget elementor-widget-text-editor\" data-id=\"59744a3\" data-element_type=\"widget\" data-widget_type=\"text-editor.default\">\n\t\t\t\t<div class=\"elementor-widget-container\">\n\t\t\t\t\t\t\t\t\t<p style=\"font-weight: 400\"><strong>1. la protection des donn\u00e9es en un coup d'\u0153il<\/strong><\/p><p style=\"font-weight: 400\"><strong>Remarques g\u00e9n\u00e9rales<\/strong><\/p><p style=\"font-weight: 400\">Les indications suivantes donnent un aper\u00e7u simple de ce qui se passe avec vos donn\u00e9es personnelles lorsque vous visitez notre site web.<br \/>Les donn\u00e9es personnelles sont toutes les donn\u00e9es qui permettent de vous identifier personnellement.<br \/>Pour des informations d\u00e9taill\u00e9es, veuillez consulter la d\u00e9claration de confidentialit\u00e9 compl\u00e8te ci-dessous.<\/p><p style=\"font-weight: 400\">\u00a0<\/p><p style=\"font-weight: 400\"><strong>2. organisme responsable<\/strong><\/p><p style=\"font-weight: 400\"><strong>MobilHybrid GmbH<\/strong><br \/>12, rue B\u00fcrgermeister-Wegele<br \/>86167 Augsbourg<\/p><p style=\"font-weight: 400\">Repr\u00e9sent\u00e9 par : Dr. Michael Seehuber<br \/>T\u00e9l\u00e9phone : +49 (0)1578 3503438<br \/>Courrier \u00e9lectronique : info@mobilhybrid.de<\/p><p style=\"font-weight: 400\">\u00a0<\/p><p style=\"font-weight: 400\"><strong>3. indications g\u00e9n\u00e9rales sur le traitement des donn\u00e9es<\/strong><\/p><ul style=\"font-weight: 400\"><li>Nous traitons vos donn\u00e9es personnelles de mani\u00e8re confidentielle et conform\u00e9ment aux dispositions l\u00e9gales en mati\u00e8re de protection des donn\u00e9es (RGPD, BDSG, loi sur les services num\u00e9riques [DDG] et loi sur la protection des donn\u00e9es des services num\u00e9riques de t\u00e9l\u00e9communication [TDDDG]).<\/li><li>Le traitement des donn\u00e9es n'a lieu qu'aux fins mentionn\u00e9es ici.<\/li><li>Nous attirons votre attention sur le fait que la transmission de donn\u00e9es sur Internet (par exemple, la communication par courrier \u00e9lectronique) peut pr\u00e9senter des failles de s\u00e9curit\u00e9.<\/li><\/ul><p style=\"font-weight: 400\">\u00a0<\/p><p style=\"font-weight: 400\"><strong>4. vos droits<\/strong><\/p><p style=\"font-weight: 400\">Vous avez le droit, \u00e0 tout moment, de<\/p><ul style=\"font-weight: 400\"><li>Information (article 15 du RGPD)<\/li><li>Rectification (article 16 du RGPD)<\/li><li>Effacement (article 17 du RGPD)<\/li><li>Limitation du traitement (article 18 du RGPD)<\/li><li>Opposition au traitement (article 21 du RGPD)<\/li><li>Transf\u00e9rabilit\u00e9 des donn\u00e9es (art. 20 RGPD)<\/li><li>R\u00e9vocation d'un consentement donn\u00e9 (article 7, paragraphe 3, du RGPD)<\/li><li>Recours aupr\u00e8s d'une autorit\u00e9 de contr\u00f4le (article 77 du RGPD)<\/li><\/ul><p style=\"font-weight: 400\">\u00a0<\/p><p style=\"font-weight: 400\"><strong>5. collecte de donn\u00e9es sur notre site web<\/strong><\/p><p><strong>a) Fichiers journaux du serveur<\/strong><\/p><p style=\"font-weight: 400\">Lorsque vous visitez notre site web, des donn\u00e9es sont automatiquement collect\u00e9es par le fournisseur d'h\u00e9bergement (par ex. type de navigateur, syst\u00e8me d'exploitation, URL de r\u00e9f\u00e9rence, adresse IP, heure d'acc\u00e8s).<br \/>Base juridique : article 6, paragraphe 1, point f du RGPD (int\u00e9r\u00eat l\u00e9gitime \u00e0 une mise \u00e0 disposition s\u00e9curis\u00e9e).<\/p><p><strong>b) Formulaire de contact<\/strong><\/p><p style=\"font-weight: 400\">Si vous nous contactez via le formulaire, nous enregistrons les donn\u00e9es fournies (nom, e-mail, etc.) afin de pouvoir r\u00e9pondre \u00e0 votre demande.<br \/>Base juridique : article 6, paragraphe 1, point a du RGPD (consentement).<\/p><p style=\"font-weight: 400\">\u00a0<\/p><p style=\"font-weight: 400\"><strong>6. cookies &amp; consentement<\/strong><\/p><p style=\"font-weight: 400\">Notre site web utilise des cookies et des technologies similaires.<\/p><ul style=\"font-weight: 400\"><li><strong>Cookies n\u00e9cessaires<\/strong>Base juridique : Art. 6, paragraphe 1, lettre f du RGPD.<\/li><li><strong>Cookies d'analyse\/de marketing<\/strong>: base juridique art. 6, al. 1, let. a DSGVO en relation avec \u00a7 25, al. 1 TDDDG (uniquement avec le consentement via la banni\u00e8re cookie).<br \/>Vous pouvez r\u00e9voquer votre consentement \u00e0 tout moment en cliquant sur la banni\u00e8re des cookies.<\/li><\/ul><p style=\"font-weight: 400\">\u00a0<\/p><p style=\"font-weight: 400\"><strong>7. outils d'analyse et de suivi<\/strong><\/p><p style=\"font-weight: 400\"><strong>Google Analytics<\/strong><\/p><p style=\"font-weight: 400\">Nous utilisons Google Analytics (fournisseur : Google Ireland Limited, Dublin, Irlande) pour analyser le comportement des utilisateurs.<\/p><ul style=\"font-weight: 400\"><li>Des cookies et des technologies comparables sont utilis\u00e9s.<\/li><li>L'anonymisation IP est activ\u00e9e.<\/li><li>Les donn\u00e9es peuvent \u00eatre transf\u00e9r\u00e9es aux \u00c9tats-Unis (base juridique : clauses contractuelles types de la Commission europ\u00e9enne).<\/li><\/ul><p>\u00a0<\/p><p style=\"font-weight: 400\"><strong>Base juridique :<\/strong>\u00a0Consentement (article 6, paragraphe 1, point a) du RGPD, article 25, paragraphe 1 de la TDDDG).<br \/>Vous pouvez r\u00e9voquer votre consentement \u00e0 tout moment en cliquant sur la banni\u00e8re des cookies.<\/p><p style=\"font-weight: 400\">Plus d'informations :\u00a0<a href=\"https:\/\/policies.google.com\/privacy?hl=de\">D\u00e9claration de confidentialit\u00e9 de Google<\/a><\/p><p style=\"font-weight: 400\"><strong>Console de recherche Google<\/strong><\/p><p style=\"font-weight: 400\">Nous utilisons la Google Search Console pour l'optimisation technique de notre site web (par ex. analyse des erreurs, visibilit\u00e9 dans les moteurs de recherche).<br \/>Dans ce contexte, les\u00a0<strong>ne traite pas les donn\u00e9es personnelles des visiteurs<\/strong>Les donn\u00e9es ne sont pas des donn\u00e9es personnelles, mais uniquement des donn\u00e9es techniques du site web.<\/p><p style=\"font-weight: 400\"><strong>Google Ads &amp; suivi des conversions<\/strong><\/p><p style=\"font-weight: 400\">Nous utilisons Google Ads Conversion Tracking pour mesurer le succ\u00e8s des annonces publicitaires.<br \/>Lorsque vous cliquez sur une annonce, un cookie est cr\u00e9\u00e9 et expire au bout de 30 jours.<\/p><p style=\"font-weight: 400\"><strong>Base juridique :<\/strong>\u00a0Consentement (article 6, paragraphe 1, point a) du RGPD, article 25, paragraphe 1 de la TDDDG).<\/p><p style=\"font-weight: 400\"><strong>Google reCAPTCHA<\/strong><\/p><p style=\"font-weight: 400\">Nous utilisons reCAPTCHA pour emp\u00eacher les abus par des robots automatis\u00e9s.<br \/>Des donn\u00e9es d'utilisation (par ex. adresse IP, mouvements de la souris) sont alors transmises \u00e0 Google.<\/p><p style=\"font-weight: 400\"><strong>Base juridique :<\/strong>\u00a0Consentement (article 6, paragraphe 1, point a) du RGPD).<\/p><p style=\"font-weight: 400\">\u00a0<\/p><p style=\"font-weight: 400\"><strong>8. plugins &amp; outils<\/strong><\/p><p style=\"font-weight: 400\"><strong>YouTube<\/strong><\/p><p style=\"font-weight: 400\">Notre site web int\u00e8gre des vid\u00e9os de YouTube.<br \/>Lorsque vous lisez une vid\u00e9o, des donn\u00e9es sont transmises \u00e0 Google\/YouTube.<\/p><p style=\"font-weight: 400\"><strong>Base juridique :<\/strong>\u00a0Consentement (article 6, paragraphe 1, point a) du RGPD).<\/p><p style=\"font-weight: 400\"><strong>Google Fonts<\/strong><\/p><p style=\"font-weight: 400\">Notre site utilise Google Fonts pour une pr\u00e9sentation uniforme des polices de caract\u00e8res.<br \/>Une connexion aux serveurs de Google est alors \u00e9tablie.<\/p><p style=\"font-weight: 400\"><strong>Base juridique :<\/strong>\u00a0Consentement (article 6, paragraphe 1, point a) du RGPD).<\/p><p style=\"font-weight: 400\">\u00a0<\/p><p style=\"font-weight: 400\"><strong>9. h\u00e9bergement<\/strong><\/p><p style=\"font-weight: 400\">Notre h\u00e9bergement est assur\u00e9 par :<br \/><strong>IONOS by 1&amp;1, 1&amp;1 Versatel Deutschland GmbH, Wanheimer Str. 90, 40468 D\u00fcsseldorf<\/strong>.<\/p><p style=\"font-weight: 400\">Il existe un contrat de traitement des commandes (CAT) conform\u00e9ment \u00e0 l'article 28 du RGPD.<\/p><p style=\"font-weight: 400\">\u00a0<\/p><p style=\"font-weight: 400\"><strong>10. s\u00e9curit\u00e9 des donn\u00e9es<\/strong><\/p><p style=\"font-weight: 400\">Nous utilisons syst\u00e9matiquement le cryptage SSL\/TLS.<br \/>Nos syst\u00e8mes sont r\u00e9guli\u00e8rement mis \u00e0 jour sur le plan technique afin d'emp\u00eacher tout acc\u00e8s non autoris\u00e9.<\/p><p style=\"font-weight: 400\">\u00a0<\/p><p style=\"font-weight: 400\"><strong>11. actualit\u00e9<\/strong><\/p><p style=\"font-weight: 400\">La pr\u00e9sente d\u00e9claration de confidentialit\u00e9 est valable \u00e0 partir du\u00a0<strong>Janvier 2025<\/strong>.<br \/>Une adaptation peut s'av\u00e9rer n\u00e9cessaire en raison de nouvelles dispositions l\u00e9gales ou de d\u00e9veloppements techniques.<\/p>\t\t\t\t\t\t\t\t<\/div>\n\t\t\t\t<\/div>\n\t\t\t\t\t<\/div>\n\t\t\t\t<\/div>\n\t\t\t\t<\/div>","protected":false},"excerpt":{"rendered":"<p>D\u00e9claration de protection des donn\u00e9es 1. Protection des donn\u00e9es en un coup d'\u0153il Remarques g\u00e9n\u00e9rales Les remarques suivantes donnent un aper\u00e7u simple de ce qui se passe avec vos donn\u00e9es personnelles lorsque vous visitez notre site web.Les donn\u00e9es personnelles sont toutes les donn\u00e9es qui permettent de vous identifier personnellement.Pour des informations d\u00e9taill\u00e9es, veuillez consulter la d\u00e9claration de protection des donn\u00e9es compl\u00e8te ci-dessous.   2. entit\u00e9 responsable MobilHybrid GmbHB\u00fcrgermeister-Wegele-Stra\u00dfe 1286167 Augsburg [...]<\/p>","protected":false},"author":6,"featured_media":0,"parent":0,"menu_order":0,"comment_status":"closed","ping_status":"closed","template":"","meta":{"footnotes":""},"class_list":["post-3652","page","type-page","status-publish","hentry"],"yoast_head":"<!-- This site is optimized with the Yoast SEO plugin v26.6 - https:\/\/yoast.com\/wordpress\/plugins\/seo\/ -->\n<title>Datenschutzerkl\u00e4rung - MobilHybrid<\/title>\n<meta name=\"robots\" content=\"index, follow, max-snippet:-1, max-image-preview:large, max-video-preview:-1\" \/>\n<link rel=\"canonical\" href=\"https:\/\/mobilhybrid.de\/fr\/declaration-de-protection-des-donnees\/\" \/>\n<meta property=\"og:locale\" content=\"fr_FR\" \/>\n<meta property=\"og:type\" content=\"article\" \/>\n<meta property=\"og:title\" content=\"Datenschutzerkl\u00e4rung - MobilHybrid\" \/>\n<meta property=\"og:description\" content=\"Datenschutzerkl\u00e4rung 1. Datenschutz auf einen Blick Allgemeine Hinweise Die folgenden Hinweise geben einen einfachen \u00dcberblick dar\u00fcber, was mit Ihren personenbezogenen Daten passiert, wenn Sie unsere Website besuchen.Personenbezogene Daten sind alle Daten, mit denen Sie pers\u00f6nlich identifiziert werden k\u00f6nnen.Ausf\u00fchrliche Informationen entnehmen Sie bitte der vollst\u00e4ndigen Datenschutzerkl\u00e4rung weiter unten. \u00a0 2. Verantwortliche Stelle MobilHybrid GmbHB\u00fcrgermeister-Wegele-Stra\u00dfe 1286167 Augsburg [&hellip;]\" \/>\n<meta property=\"og:url\" content=\"https:\/\/mobilhybrid.de\/fr\/declaration-de-protection-des-donnees\/\" \/>\n<meta property=\"og:site_name\" content=\"MobilHybrid\" \/>\n<meta property=\"article:publisher\" content=\"https:\/\/www.facebook.com\/MobilHybrid\/\" \/>\n<meta property=\"article:modified_time\" content=\"2025-10-03T18:59:40+00:00\" \/>\n<meta property=\"og:image\" content=\"https:\/\/mobilhybrid.de\/wp-content\/uploads\/2024\/04\/MH-8-1.jpg\" \/>\n\t<meta property=\"og:image:width\" content=\"1000\" \/>\n\t<meta property=\"og:image:height\" content=\"1000\" \/>\n\t<meta property=\"og:image:type\" content=\"image\/jpeg\" \/>\n<meta name=\"twitter:card\" content=\"summary_large_image\" \/>\n<script type=\"application\/ld+json\" class=\"yoast-schema-graph\">{\"@context\":\"https:\/\/schema.org\",\"@graph\":[{\"@type\":\"WebPage\",\"@id\":\"https:\/\/mobilhybrid.de\/datenschutzerklaerung\/\",\"url\":\"https:\/\/mobilhybrid.de\/datenschutzerklaerung\/\",\"name\":\"Datenschutzerkl\u00e4rung - MobilHybrid\",\"isPartOf\":{\"@id\":\"https:\/\/mobilhybrid.de\/#website\"},\"datePublished\":\"2024-01-28T12:31:43+00:00\",\"dateModified\":\"2025-10-03T18:59:40+00:00\",\"breadcrumb\":{\"@id\":\"https:\/\/mobilhybrid.de\/datenschutzerklaerung\/#breadcrumb\"},\"inLanguage\":\"fr-FR\",\"potentialAction\":[{\"@type\":\"ReadAction\",\"target\":[\"https:\/\/mobilhybrid.de\/datenschutzerklaerung\/\"]}]},{\"@type\":\"BreadcrumbList\",\"@id\":\"https:\/\/mobilhybrid.de\/datenschutzerklaerung\/#breadcrumb\",\"itemListElement\":[{\"@type\":\"ListItem\",\"position\":1,\"name\":\"Home\",\"item\":\"https:\/\/mobilhybrid.de\/\"},{\"@type\":\"ListItem\",\"position\":2,\"name\":\"Datenschutzerkl\u00e4rung\"}]},{\"@type\":\"WebSite\",\"@id\":\"https:\/\/mobilhybrid.de\/#website\",\"url\":\"https:\/\/mobilhybrid.de\/\",\"name\":\"MobilHybrid\",\"description\":\"die autarke, mobile netzunabh\u00e4ngige Stromversorgung\",\"publisher\":{\"@id\":\"https:\/\/mobilhybrid.de\/#organization\"},\"potentialAction\":[{\"@type\":\"SearchAction\",\"target\":{\"@type\":\"EntryPoint\",\"urlTemplate\":\"https:\/\/mobilhybrid.de\/?s={search_term_string}\"},\"query-input\":{\"@type\":\"PropertyValueSpecification\",\"valueRequired\":true,\"valueName\":\"search_term_string\"}}],\"inLanguage\":\"fr-FR\"},{\"@type\":\"Organization\",\"@id\":\"https:\/\/mobilhybrid.de\/#organization\",\"name\":\"MobilHybrid GmbH\",\"url\":\"https:\/\/mobilhybrid.de\/\",\"logo\":{\"@type\":\"ImageObject\",\"inLanguage\":\"fr-FR\",\"@id\":\"https:\/\/mobilhybrid.de\/#\/schema\/logo\/image\/\",\"url\":\"https:\/\/mobilhybrid.de\/wp-content\/uploads\/2020\/04\/152.png\",\"contentUrl\":\"https:\/\/mobilhybrid.de\/wp-content\/uploads\/2020\/04\/152.png\",\"width\":152,\"height\":152,\"caption\":\"MobilHybrid GmbH\"},\"image\":{\"@id\":\"https:\/\/mobilhybrid.de\/#\/schema\/logo\/image\/\"},\"sameAs\":[\"https:\/\/www.facebook.com\/MobilHybrid\/\",\"https:\/\/www.instagram.com\/_mobilhybrid_\/?hl=de\",\"https:\/\/www.youtube.com\/@pv4lifegmbh476\",\"https:\/\/de.linkedin.com\/company\/mobilhybrid-ug\"]}]}<\/script>\n<!-- \/ Yoast SEO plugin. -->","yoast_head_json":{"title":"D\u00e9claration de confidentialit\u00e9 - MobilHybrid","robots":{"index":"index","follow":"follow","max-snippet":"max-snippet:-1","max-image-preview":"max-image-preview:large","max-video-preview":"max-video-preview:-1"},"canonical":"https:\/\/mobilhybrid.de\/fr\/declaration-de-protection-des-donnees\/","og_locale":"fr_FR","og_type":"article","og_title":"Datenschutzerkl\u00e4rung - MobilHybrid","og_description":"Datenschutzerkl\u00e4rung 1. Datenschutz auf einen Blick Allgemeine Hinweise Die folgenden Hinweise geben einen einfachen \u00dcberblick dar\u00fcber, was mit Ihren personenbezogenen Daten passiert, wenn Sie unsere Website besuchen.Personenbezogene Daten sind alle Daten, mit denen Sie pers\u00f6nlich identifiziert werden k\u00f6nnen.Ausf\u00fchrliche Informationen entnehmen Sie bitte der vollst\u00e4ndigen Datenschutzerkl\u00e4rung weiter unten. \u00a0 2. Verantwortliche Stelle MobilHybrid GmbHB\u00fcrgermeister-Wegele-Stra\u00dfe 1286167 Augsburg [&hellip;]","og_url":"https:\/\/mobilhybrid.de\/fr\/declaration-de-protection-des-donnees\/","og_site_name":"MobilHybrid","article_publisher":"https:\/\/www.facebook.com\/MobilHybrid\/","article_modified_time":"2025-10-03T18:59:40+00:00","og_image":[{"width":1000,"height":1000,"url":"https:\/\/mobilhybrid.de\/wp-content\/uploads\/2024\/04\/MH-8-1.jpg","type":"image\/jpeg"}],"twitter_card":"summary_large_image","schema":{"@context":"https:\/\/schema.org","@graph":[{"@type":"WebPage","@id":"https:\/\/mobilhybrid.de\/datenschutzerklaerung\/","url":"https:\/\/mobilhybrid.de\/datenschutzerklaerung\/","name":"D\u00e9claration de confidentialit\u00e9 - MobilHybrid","isPartOf":{"@id":"https:\/\/mobilhybrid.de\/#website"},"datePublished":"2024-01-28T12:31:43+00:00","dateModified":"2025-10-03T18:59:40+00:00","breadcrumb":{"@id":"https:\/\/mobilhybrid.de\/datenschutzerklaerung\/#breadcrumb"},"inLanguage":"fr-FR","potentialAction":[{"@type":"ReadAction","target":["https:\/\/mobilhybrid.de\/datenschutzerklaerung\/"]}]},{"@type":"BreadcrumbList","@id":"https:\/\/mobilhybrid.de\/datenschutzerklaerung\/#breadcrumb","itemListElement":[{"@type":"ListItem","position":1,"name":"Home","item":"https:\/\/mobilhybrid.de\/"},{"@type":"ListItem","position":2,"name":"Datenschutzerkl\u00e4rung"}]},{"@type":"WebSite","@id":"https:\/\/mobilhybrid.de\/#website","url":"https:\/\/mobilhybrid.de\/","name":"MobilHybrid","description":"l'alimentation \u00e9lectrique autonome, mobile et ind\u00e9pendante du r\u00e9seau","publisher":{"@id":"https:\/\/mobilhybrid.de\/#organization"},"potentialAction":[{"@type":"SearchAction","target":{"@type":"EntryPoint","urlTemplate":"https:\/\/mobilhybrid.de\/?s={search_term_string}"},"query-input":{"@type":"PropertyValueSpecification","valueRequired":true,"valueName":"search_term_string"}}],"inLanguage":"fr-FR"},{"@type":"Organization","@id":"https:\/\/mobilhybrid.de\/#organization","name":"MobilHybrid GmbH","url":"https:\/\/mobilhybrid.de\/","logo":{"@type":"ImageObject","inLanguage":"fr-FR","@id":"https:\/\/mobilhybrid.de\/#\/schema\/logo\/image\/","url":"https:\/\/mobilhybrid.de\/wp-content\/uploads\/2020\/04\/152.png","contentUrl":"https:\/\/mobilhybrid.de\/wp-content\/uploads\/2020\/04\/152.png","width":152,"height":152,"caption":"MobilHybrid GmbH"},"image":{"@id":"https:\/\/mobilhybrid.de\/#\/schema\/logo\/image\/"},"sameAs":["https:\/\/www.facebook.com\/MobilHybrid\/","https:\/\/www.instagram.com\/_mobilhybrid_\/?hl=de","https:\/\/www.youtube.com\/@pv4lifegmbh476","https:\/\/de.linkedin.com\/company\/mobilhybrid-ug"]}]}},"_links":{"self":[{"href":"https:\/\/mobilhybrid.de\/fr\/wp-json\/wp\/v2\/pages\/3652","targetHints":{"allow":["GET"]}}],"collection":[{"href":"https:\/\/mobilhybrid.de\/fr\/wp-json\/wp\/v2\/pages"}],"about":[{"href":"https:\/\/mobilhybrid.de\/fr\/wp-json\/wp\/v2\/types\/page"}],"author":[{"embeddable":true,"href":"https:\/\/mobilhybrid.de\/fr\/wp-json\/wp\/v2\/users\/6"}],"replies":[{"embeddable":true,"href":"https:\/\/mobilhybrid.de\/fr\/wp-json\/wp\/v2\/comments?post=3652"}],"version-history":[{"count":11,"href":"https:\/\/mobilhybrid.de\/fr\/wp-json\/wp\/v2\/pages\/3652\/revisions"}],"predecessor-version":[{"id":4465,"href":"https:\/\/mobilhybrid.de\/fr\/wp-json\/wp\/v2\/pages\/3652\/revisions\/4465"}],"wp:attachment":[{"href":"https:\/\/mobilhybrid.de\/fr\/wp-json\/wp\/v2\/media?parent=3652"}],"curies":[{"name":"wp","href":"https:\/\/api.w.org\/{rel}","templated":true}]}}