{"id":1133,"date":"2020-04-13T16:48:24","date_gmt":"2020-04-13T14:48:24","guid":{"rendered":"https:\/\/mhdemo.local\/?post_type=product&#038;p=1133"},"modified":"2025-07-06T15:54:06","modified_gmt":"2025-07-06T13:54:06","slug":"mh-8","status":"publish","type":"product","link":"https:\/\/mobilhybrid.de\/fr\/produit\/mh-8\/","title":{"rendered":"MH-8"},"content":{"rendered":"<p>Le site <strong><span style=\"color: #58a332;\">M<\/span><\/strong>obil<strong><span style=\"color: #58a332;\">H<\/span><\/strong>ybrid <strong><span style=\"color: #58a332;\">MH<\/span><\/strong>-8 est un accumulateur d'\u00e9nergie polyvalent qui convient parfaitement \u00e0 toute une s\u00e9rie d'applications. Sa taille compacte et sa technologie de batterie puissante en font la solution parfaite pour :<\/p>\n<p><strong>1. petits chantiers<\/strong>: Le <strong><span style=\"color: #58a332;\">MH<\/span><\/strong>-8 fournit l'\u00e9nergie n\u00e9cessaire pour alimenter efficacement les petits chantiers. Il fonctionne aussi bien avec que sans diesel et garantit une alimentation \u00e9lectrique fiable, notamment pendant les p\u00e9riodes de faible charge nocturne.<\/p>\n<p><strong>2. alimentation \u00e9lectrique autonome des bureaux et des conteneurs sociaux<\/strong>En combinaison avec notre syst\u00e8me photovolta\u00efque en conteneur, le <strong><span style=\"color: #58a332;\">MH<\/span><\/strong>-8 pour une alimentation \u00e9lectrique autonome des conteneurs de bureaux et des conteneurs sociaux. Vous pouvez faire fonctionner vos conteneurs de mani\u00e8re ind\u00e9pendante avec de l'\u00e9nergie propre.<\/p>\n<p><strong>3. recharger les appareils \u00e0 piles<\/strong>: Le <strong><span style=\"color: #58a332;\">MH<\/span><\/strong>-8 est id\u00e9al pour recharger les appareils sans fil, que ce soit sur les chantiers, lors d'\u00e9v\u00e9nements ou dans des zones isol\u00e9es. Vous avez toujours une source d'\u00e9nergie fiable \u00e0 port\u00e9e de main.<\/p>\n<p><strong>4. alimentation de l'\u00e9clairage, des syst\u00e8mes de surveillance, des PC, etc.<\/strong>: Utilisez le <strong><span style=\"color: #58a332;\">MH<\/span><\/strong>-8, pour alimenter en \u00e9nergie l'\u00e9clairage, les syst\u00e8mes de surveillance, les ordinateurs et autres appareils \u00e9lectroniques. Il garantit un fonctionnement sans faille.<\/p>","protected":false},"excerpt":{"rendered":"<p>Le site <strong><span style=\"color: #58a332;\">M<\/span><\/strong>obil<strong><span style=\"color: #58a332;\">H<\/span><\/strong>ybrid <strong><span style=\"color: #58a332;\">MH<\/span><\/strong>-8 est con\u00e7u pour r\u00e9pondre de mani\u00e8re flexible \u00e0 vos besoins et vous offrir une source d'\u00e9nergie fiable, o\u00f9 que vous soyez. Gr\u00e2ce \u00e0 une technologie respectueuse de l'environnement et \u00e0 un design efficace, vous pouvez profiter des avantages de l'\u00e9nergie propre dans diff\u00e9rents sc\u00e9narios.<\/p>","protected":false},"featured_media":3958,"comment_status":"closed","ping_status":"closed","template":"","meta":[],"product_brand":[],"product_cat":[68,34],"product_tag":[],"class_list":{"0":"post-1133","1":"product","2":"type-product","3":"status-publish","4":"has-post-thumbnail","6":"product_cat-bg-b","7":"product_cat-mobilhybrid","9":"first","10":"instock","11":"shipping-taxable","12":"product-type-simple"},"yoast_head":"<!-- This site is optimized with the Yoast SEO plugin v26.6 - https:\/\/yoast.com\/wordpress\/plugins\/seo\/ -->\n<title>MobilHybrid MH-8: Vielseitiger Energiespeicher f\u00fcr Bau &amp; mehr<\/title>\n<meta name=\"description\" content=\"Der MobilHybrid MH-8 liefert zuverl\u00e4ssige Energie f\u00fcr Baustellen, B\u00fcrocontainer und mobile Ger\u00e4te. Kompakt, leistungsstark und vielseitig einsetzbar.\" \/>\n<meta name=\"robots\" content=\"index, follow, max-snippet:-1, max-image-preview:large, max-video-preview:-1\" \/>\n<link rel=\"canonical\" href=\"https:\/\/mobilhybrid.de\/fr\/produit\/mh-8\/\" \/>\n<meta property=\"og:locale\" content=\"fr_FR\" \/>\n<meta property=\"og:type\" content=\"article\" \/>\n<meta property=\"og:title\" content=\"MobilHybrid MH-8: Vielseitiger Energiespeicher f\u00fcr Bau &amp; mehr\" \/>\n<meta property=\"og:description\" content=\"Der MobilHybrid MH-8 liefert zuverl\u00e4ssige Energie f\u00fcr Baustellen, B\u00fcrocontainer und mobile Ger\u00e4te. Kompakt, leistungsstark und vielseitig einsetzbar.\" \/>\n<meta property=\"og:url\" content=\"https:\/\/mobilhybrid.de\/fr\/produit\/mh-8\/\" \/>\n<meta property=\"og:site_name\" content=\"MobilHybrid\" \/>\n<meta property=\"article:publisher\" content=\"https:\/\/www.facebook.com\/MobilHybrid\/\" \/>\n<meta property=\"article:modified_time\" content=\"2025-07-06T13:54:06+00:00\" \/>\n<meta property=\"og:image\" content=\"https:\/\/mobilhybrid.de\/wp-content\/uploads\/2024\/04\/MH-8-1.jpg\" \/>\n\t<meta property=\"og:image:width\" content=\"1000\" \/>\n\t<meta property=\"og:image:height\" content=\"1000\" \/>\n\t<meta property=\"og:image:type\" content=\"image\/jpeg\" \/>\n<meta name=\"twitter:card\" content=\"summary_large_image\" \/>\n<script type=\"application\/ld+json\" class=\"yoast-schema-graph\">{\"@context\":\"https:\/\/schema.org\",\"@graph\":[{\"@type\":\"WebPage\",\"@id\":\"https:\/\/mobilhybrid.de\/product\/mh-8\/\",\"url\":\"https:\/\/mobilhybrid.de\/product\/mh-8\/\",\"name\":\"MobilHybrid MH-8: Vielseitiger Energiespeicher f\u00fcr Bau & mehr\",\"isPartOf\":{\"@id\":\"https:\/\/mobilhybrid.de\/#website\"},\"primaryImageOfPage\":{\"@id\":\"https:\/\/mobilhybrid.de\/product\/mh-8\/#primaryimage\"},\"image\":{\"@id\":\"https:\/\/mobilhybrid.de\/product\/mh-8\/#primaryimage\"},\"thumbnailUrl\":\"https:\/\/mobilhybrid.de\/wp-content\/uploads\/2024\/04\/MH-8-1.jpg\",\"datePublished\":\"2020-04-13T14:48:24+00:00\",\"dateModified\":\"2025-07-06T13:54:06+00:00\",\"description\":\"Der MobilHybrid MH-8 liefert zuverl\u00e4ssige Energie f\u00fcr Baustellen, B\u00fcrocontainer und mobile Ger\u00e4te. Kompakt, leistungsstark und vielseitig einsetzbar.\",\"breadcrumb\":{\"@id\":\"https:\/\/mobilhybrid.de\/product\/mh-8\/#breadcrumb\"},\"inLanguage\":\"fr-FR\",\"potentialAction\":[{\"@type\":\"ReadAction\",\"target\":[\"https:\/\/mobilhybrid.de\/product\/mh-8\/\"]}]},{\"@type\":\"ImageObject\",\"inLanguage\":\"fr-FR\",\"@id\":\"https:\/\/mobilhybrid.de\/product\/mh-8\/#primaryimage\",\"url\":\"https:\/\/mobilhybrid.de\/wp-content\/uploads\/2024\/04\/MH-8-1.jpg\",\"contentUrl\":\"https:\/\/mobilhybrid.de\/wp-content\/uploads\/2024\/04\/MH-8-1.jpg\",\"width\":1000,\"height\":1000,\"caption\":\"MobilHybrid MH-8\"},{\"@type\":\"BreadcrumbList\",\"@id\":\"https:\/\/mobilhybrid.de\/product\/mh-8\/#breadcrumb\",\"itemListElement\":[{\"@type\":\"ListItem\",\"position\":1,\"name\":\"Home\",\"item\":\"https:\/\/mobilhybrid.de\/\"},{\"@type\":\"ListItem\",\"position\":2,\"name\":\"Produkte\",\"item\":\"https:\/\/mobilhybrid.de\/shop\/\"},{\"@type\":\"ListItem\",\"position\":3,\"name\":\"MH-8\"}]},{\"@type\":\"WebSite\",\"@id\":\"https:\/\/mobilhybrid.de\/#website\",\"url\":\"https:\/\/mobilhybrid.de\/\",\"name\":\"MobilHybrid\",\"description\":\"die autarke, mobile netzunabh\u00e4ngige Stromversorgung\",\"publisher\":{\"@id\":\"https:\/\/mobilhybrid.de\/#organization\"},\"potentialAction\":[{\"@type\":\"SearchAction\",\"target\":{\"@type\":\"EntryPoint\",\"urlTemplate\":\"https:\/\/mobilhybrid.de\/?s={search_term_string}\"},\"query-input\":{\"@type\":\"PropertyValueSpecification\",\"valueRequired\":true,\"valueName\":\"search_term_string\"}}],\"inLanguage\":\"fr-FR\"},{\"@type\":\"Organization\",\"@id\":\"https:\/\/mobilhybrid.de\/#organization\",\"name\":\"MobilHybrid GmbH\",\"url\":\"https:\/\/mobilhybrid.de\/\",\"logo\":{\"@type\":\"ImageObject\",\"inLanguage\":\"fr-FR\",\"@id\":\"https:\/\/mobilhybrid.de\/#\/schema\/logo\/image\/\",\"url\":\"https:\/\/mobilhybrid.de\/wp-content\/uploads\/2020\/04\/152.png\",\"contentUrl\":\"https:\/\/mobilhybrid.de\/wp-content\/uploads\/2020\/04\/152.png\",\"width\":152,\"height\":152,\"caption\":\"MobilHybrid GmbH\"},\"image\":{\"@id\":\"https:\/\/mobilhybrid.de\/#\/schema\/logo\/image\/\"},\"sameAs\":[\"https:\/\/www.facebook.com\/MobilHybrid\/\",\"https:\/\/www.instagram.com\/_mobilhybrid_\/?hl=de\",\"https:\/\/www.youtube.com\/@pv4lifegmbh476\",\"https:\/\/de.linkedin.com\/company\/mobilhybrid-ug\"]}]}<\/script>\n<!-- \/ Yoast SEO plugin. -->","yoast_head_json":{"title":"MobilHybrid MH-8 : un accumulateur d'\u00e9nergie polyvalent pour la construction et bien plus encore","description":"Le MobilHybrid MH-8 fournit une \u00e9nergie fiable pour les chantiers, les conteneurs de bureaux et les appareils mobiles. Compact, puissant et polyvalent.","robots":{"index":"index","follow":"follow","max-snippet":"max-snippet:-1","max-image-preview":"max-image-preview:large","max-video-preview":"max-video-preview:-1"},"canonical":"https:\/\/mobilhybrid.de\/fr\/produit\/mh-8\/","og_locale":"fr_FR","og_type":"article","og_title":"MobilHybrid MH-8: Vielseitiger Energiespeicher f\u00fcr Bau & mehr","og_description":"Der MobilHybrid MH-8 liefert zuverl\u00e4ssige Energie f\u00fcr Baustellen, B\u00fcrocontainer und mobile Ger\u00e4te. Kompakt, leistungsstark und vielseitig einsetzbar.","og_url":"https:\/\/mobilhybrid.de\/fr\/produit\/mh-8\/","og_site_name":"MobilHybrid","article_publisher":"https:\/\/www.facebook.com\/MobilHybrid\/","article_modified_time":"2025-07-06T13:54:06+00:00","og_image":[{"width":1000,"height":1000,"url":"https:\/\/mobilhybrid.de\/wp-content\/uploads\/2024\/04\/MH-8-1.jpg","type":"image\/jpeg"}],"twitter_card":"summary_large_image","schema":{"@context":"https:\/\/schema.org","@graph":[{"@type":"WebPage","@id":"https:\/\/mobilhybrid.de\/product\/mh-8\/","url":"https:\/\/mobilhybrid.de\/product\/mh-8\/","name":"MobilHybrid MH-8 : un accumulateur d'\u00e9nergie polyvalent pour la construction et bien plus encore","isPartOf":{"@id":"https:\/\/mobilhybrid.de\/#website"},"primaryImageOfPage":{"@id":"https:\/\/mobilhybrid.de\/product\/mh-8\/#primaryimage"},"image":{"@id":"https:\/\/mobilhybrid.de\/product\/mh-8\/#primaryimage"},"thumbnailUrl":"https:\/\/mobilhybrid.de\/wp-content\/uploads\/2024\/04\/MH-8-1.jpg","datePublished":"2020-04-13T14:48:24+00:00","dateModified":"2025-07-06T13:54:06+00:00","description":"Le MobilHybrid MH-8 fournit une \u00e9nergie fiable pour les chantiers, les conteneurs de bureaux et les appareils mobiles. Compact, puissant et polyvalent.","breadcrumb":{"@id":"https:\/\/mobilhybrid.de\/product\/mh-8\/#breadcrumb"},"inLanguage":"fr-FR","potentialAction":[{"@type":"ReadAction","target":["https:\/\/mobilhybrid.de\/product\/mh-8\/"]}]},{"@type":"ImageObject","inLanguage":"fr-FR","@id":"https:\/\/mobilhybrid.de\/product\/mh-8\/#primaryimage","url":"https:\/\/mobilhybrid.de\/wp-content\/uploads\/2024\/04\/MH-8-1.jpg","contentUrl":"https:\/\/mobilhybrid.de\/wp-content\/uploads\/2024\/04\/MH-8-1.jpg","width":1000,"height":1000,"caption":"MobilHybrid MH-8"},{"@type":"BreadcrumbList","@id":"https:\/\/mobilhybrid.de\/product\/mh-8\/#breadcrumb","itemListElement":[{"@type":"ListItem","position":1,"name":"Home","item":"https:\/\/mobilhybrid.de\/"},{"@type":"ListItem","position":2,"name":"Produkte","item":"https:\/\/mobilhybrid.de\/shop\/"},{"@type":"ListItem","position":3,"name":"MH-8"}]},{"@type":"WebSite","@id":"https:\/\/mobilhybrid.de\/#website","url":"https:\/\/mobilhybrid.de\/","name":"MobilHybrid","description":"l'alimentation \u00e9lectrique autonome, mobile et ind\u00e9pendante du r\u00e9seau","publisher":{"@id":"https:\/\/mobilhybrid.de\/#organization"},"potentialAction":[{"@type":"SearchAction","target":{"@type":"EntryPoint","urlTemplate":"https:\/\/mobilhybrid.de\/?s={search_term_string}"},"query-input":{"@type":"PropertyValueSpecification","valueRequired":true,"valueName":"search_term_string"}}],"inLanguage":"fr-FR"},{"@type":"Organization","@id":"https:\/\/mobilhybrid.de\/#organization","name":"MobilHybrid GmbH","url":"https:\/\/mobilhybrid.de\/","logo":{"@type":"ImageObject","inLanguage":"fr-FR","@id":"https:\/\/mobilhybrid.de\/#\/schema\/logo\/image\/","url":"https:\/\/mobilhybrid.de\/wp-content\/uploads\/2020\/04\/152.png","contentUrl":"https:\/\/mobilhybrid.de\/wp-content\/uploads\/2020\/04\/152.png","width":152,"height":152,"caption":"MobilHybrid GmbH"},"image":{"@id":"https:\/\/mobilhybrid.de\/#\/schema\/logo\/image\/"},"sameAs":["https:\/\/www.facebook.com\/MobilHybrid\/","https:\/\/www.instagram.com\/_mobilhybrid_\/?hl=de","https:\/\/www.youtube.com\/@pv4lifegmbh476","https:\/\/de.linkedin.com\/company\/mobilhybrid-ug"]}]}},"_links":{"self":[{"href":"https:\/\/mobilhybrid.de\/fr\/wp-json\/wp\/v2\/product\/1133","targetHints":{"allow":["GET"]}}],"collection":[{"href":"https:\/\/mobilhybrid.de\/fr\/wp-json\/wp\/v2\/product"}],"about":[{"href":"https:\/\/mobilhybrid.de\/fr\/wp-json\/wp\/v2\/types\/product"}],"replies":[{"embeddable":true,"href":"https:\/\/mobilhybrid.de\/fr\/wp-json\/wp\/v2\/comments?post=1133"}],"wp:featuredmedia":[{"embeddable":true,"href":"https:\/\/mobilhybrid.de\/fr\/wp-json\/wp\/v2\/media\/3958"}],"wp:attachment":[{"href":"https:\/\/mobilhybrid.de\/fr\/wp-json\/wp\/v2\/media?parent=1133"}],"wp:term":[{"taxonomy":"product_brand","embeddable":true,"href":"https:\/\/mobilhybrid.de\/fr\/wp-json\/wp\/v2\/product_brand?post=1133"},{"taxonomy":"product_cat","embeddable":true,"href":"https:\/\/mobilhybrid.de\/fr\/wp-json\/wp\/v2\/product_cat?post=1133"},{"taxonomy":"product_tag","embeddable":true,"href":"https:\/\/mobilhybrid.de\/fr\/wp-json\/wp\/v2\/product_tag?post=1133"}],"curies":[{"name":"wp","href":"https:\/\/api.w.org\/{rel}","templated":true}]}}