{"id":1137,"date":"2020-04-13T17:12:15","date_gmt":"2020-04-13T15:12:15","guid":{"rendered":"https:\/\/mhdemo.local\/?post_type=product&#038;p=1137"},"modified":"2025-07-06T15:52:57","modified_gmt":"2025-07-06T13:52:57","slug":"mh-12","status":"publish","type":"product","link":"https:\/\/mobilhybrid.de\/fr\/produit\/mh-12\/","title":{"rendered":"MH-12"},"content":{"rendered":"<p>Le site <strong><span style=\"color: #58a332;\">M<\/span><\/strong>obil<strong><span style=\"color: #58a332;\">H<\/span><\/strong>ybrid <strong><span style=\"color: #58a332;\">M<\/span><span style=\"color: #58a332;\">H<\/span><\/strong>-12 est un accumulateur d'\u00e9nergie polyvalent, sp\u00e9cialement con\u00e7u pour r\u00e9pondre aux besoins de diff\u00e9rents environnements. Avec sa taille compacte et ses syst\u00e8mes de batterie puissants, le <strong><span style=\"color: #58a332;\">MH<\/span><\/strong>-12 une solution durable et efficace pour une multitude d'applications.<\/p>\n<ul>\n<li><strong>Chantiers de construction :<\/strong> Le site <strong><span style=\"color: #58a332;\">M<\/span><\/strong>obil<strong><span style=\"color: #58a332;\">H<\/span><\/strong>ybrid <strong><span style=\"color: #58a332;\">M<\/span><span style=\"color: #58a332;\">H<\/span><\/strong>-12 est id\u00e9al pour les petits et moyens chantiers, qu'ils fonctionnent ou non au diesel. Il permet non seulement d'assurer une alimentation \u00e9lectrique fiable pour les machines et appareils de chantier, mais aussi de r\u00e9duire l'impact sur l'environnement gr\u00e2ce \u00e0 l'utilisation d'une \u00e9nergie sans \u00e9missions.<\/li>\n<li><strong>Augmentation de la performance du raccordement au r\u00e9seau :<\/strong> Dans les situations o\u00f9 le raccordement au r\u00e9seau est limit\u00e9, le <strong><span style=\"color: #58a332;\">MH<\/span><\/strong>-12 peut servir d'amplificateur de puissance. Il assure une alimentation \u00e9lectrique stable et compense les fluctuations du r\u00e9seau.<\/li>\n<li><strong>Peak Shaving :<\/strong> Pour les consommateurs ayant un courant de d\u00e9marrage \u00e9lev\u00e9, comme les grosses machines, le <strong><span style=\"color: #58a332;\">MH<\/span><\/strong>-12 une couverture des charges de pointe. Il \u00e9vite de payer des frais de pointe on\u00e9reux et optimise l'efficacit\u00e9 \u00e9nerg\u00e9tique.<\/li>\n<li><strong>Alimentation des machines mobiles :<\/strong> Avec ses multiples possibilit\u00e9s de raccordement (220V\/400V), le <strong><span style=\"color: #58a332;\">MH<\/span><\/strong>-12 est parfaitement adapt\u00e9 \u00e0 l'alimentation \u00e9lectrique des machines et appareils mobiles. Que vous travailliez sur un chantier ou dans l'agriculture, il fournit l'\u00e9nergie n\u00e9cessaire.<\/li>\n<li><strong>Une alimentation \u00e9lectrique sans \u00e9missions :<\/strong> En particulier dans les environnements o\u00f9 les \u00e9missions doivent \u00eatre \u00e9vit\u00e9es, comme les travaux dans les tunnels, les chantiers en ville et les r\u00e9serves naturelles, le <strong><span style=\"color: #58a332;\">MH<\/span><\/strong>-12. il garantit que vous disposez d'une \u00e9nergie propre et respectueuse de l'environnement sans faire de compromis sur les performances.<\/li>\n<\/ul>","protected":false},"excerpt":{"rendered":"<p>Le site <strong><span style=\"color: #58a332;\">M<\/span><\/strong>obil<strong><span style=\"color: #58a332;\">H<\/span><\/strong>ybrid <strong><span style=\"color: #58a332;\">MH<\/span><\/strong>-12 est la solution pour une alimentation \u00e9lectrique durable, rentable et respectueuse de l'environnement dans un large \u00e9ventail d'applications. Avec son design compact et sa technologie de batterie avanc\u00e9e, il offre la flexibilit\u00e9 dont vous avez besoin pour r\u00e9pondre \u00e0 vos besoins en \u00e9nergie.<\/p>","protected":false},"featured_media":2328,"comment_status":"closed","ping_status":"closed","template":"","meta":[],"product_brand":[],"product_cat":[68,34,33],"product_tag":[],"class_list":{"0":"post-1137","1":"product","2":"type-product","3":"status-publish","4":"has-post-thumbnail","6":"product_cat-bg-b","7":"product_cat-mobilhybrid","8":"product_cat-uncategorized","10":"first","11":"instock","12":"shipping-taxable","13":"product-type-simple"},"yoast_head":"<!-- This site is optimized with the Yoast SEO plugin v26.6 - https:\/\/yoast.com\/wordpress\/plugins\/seo\/ -->\n<title>MobilHybrid MH-12 \u2013 der mobile Stromspeicher f\u00fcr Baustellen<\/title>\n<meta name=\"description\" content=\"Der MobilHybrid ist ein mobiler Stromspeicher, der entwickelt wurde um Ihr Bauvorhaben emissionsfrei, ger\u00e4uschlos und autark mit Energie zu versorgen.\" \/>\n<meta name=\"robots\" content=\"index, follow, max-snippet:-1, max-image-preview:large, max-video-preview:-1\" \/>\n<link rel=\"canonical\" href=\"https:\/\/mobilhybrid.de\/fr\/produit\/mh-12\/\" \/>\n<meta property=\"og:locale\" content=\"fr_FR\" \/>\n<meta property=\"og:type\" content=\"article\" \/>\n<meta property=\"og:title\" content=\"MobilHybrid MH-12 \u2013 der mobile Stromspeicher f\u00fcr Baustellen\" \/>\n<meta property=\"og:description\" content=\"Der MobilHybrid ist ein mobiler Stromspeicher, der entwickelt wurde um Ihr Bauvorhaben emissionsfrei, ger\u00e4uschlos und autark mit Energie zu versorgen.\" \/>\n<meta property=\"og:url\" content=\"https:\/\/mobilhybrid.de\/fr\/produit\/mh-12\/\" \/>\n<meta property=\"og:site_name\" content=\"MobilHybrid\" \/>\n<meta property=\"article:publisher\" content=\"https:\/\/www.facebook.com\/MobilHybrid\/\" \/>\n<meta property=\"article:modified_time\" content=\"2025-07-06T13:52:57+00:00\" \/>\n<meta property=\"og:image\" content=\"https:\/\/mobilhybrid.de\/wp-content\/uploads\/2023\/09\/MobilHybird.jpg\" \/>\n\t<meta property=\"og:image:width\" content=\"1000\" \/>\n\t<meta property=\"og:image:height\" content=\"1000\" \/>\n\t<meta property=\"og:image:type\" content=\"image\/jpeg\" \/>\n<meta name=\"twitter:card\" content=\"summary_large_image\" \/>\n<script type=\"application\/ld+json\" class=\"yoast-schema-graph\">{\"@context\":\"https:\/\/schema.org\",\"@graph\":[{\"@type\":\"WebPage\",\"@id\":\"https:\/\/mobilhybrid.de\/product\/mh-12\/\",\"url\":\"https:\/\/mobilhybrid.de\/product\/mh-12\/\",\"name\":\"MobilHybrid MH-12 \u2013 der mobile Stromspeicher f\u00fcr Baustellen\",\"isPartOf\":{\"@id\":\"https:\/\/mobilhybrid.de\/#website\"},\"primaryImageOfPage\":{\"@id\":\"https:\/\/mobilhybrid.de\/product\/mh-12\/#primaryimage\"},\"image\":{\"@id\":\"https:\/\/mobilhybrid.de\/product\/mh-12\/#primaryimage\"},\"thumbnailUrl\":\"https:\/\/mobilhybrid.de\/wp-content\/uploads\/2023\/09\/MobilHybird.jpg\",\"datePublished\":\"2020-04-13T15:12:15+00:00\",\"dateModified\":\"2025-07-06T13:52:57+00:00\",\"description\":\"Der MobilHybrid ist ein mobiler Stromspeicher, der entwickelt wurde um Ihr Bauvorhaben emissionsfrei, ger\u00e4uschlos und autark mit Energie zu versorgen.\",\"breadcrumb\":{\"@id\":\"https:\/\/mobilhybrid.de\/product\/mh-12\/#breadcrumb\"},\"inLanguage\":\"fr-FR\",\"potentialAction\":[{\"@type\":\"ReadAction\",\"target\":[\"https:\/\/mobilhybrid.de\/product\/mh-12\/\"]}]},{\"@type\":\"ImageObject\",\"inLanguage\":\"fr-FR\",\"@id\":\"https:\/\/mobilhybrid.de\/product\/mh-12\/#primaryimage\",\"url\":\"https:\/\/mobilhybrid.de\/wp-content\/uploads\/2023\/09\/MobilHybird.jpg\",\"contentUrl\":\"https:\/\/mobilhybrid.de\/wp-content\/uploads\/2023\/09\/MobilHybird.jpg\",\"width\":1000,\"height\":1000,\"caption\":\"MobilHybrid MH-12\"},{\"@type\":\"BreadcrumbList\",\"@id\":\"https:\/\/mobilhybrid.de\/product\/mh-12\/#breadcrumb\",\"itemListElement\":[{\"@type\":\"ListItem\",\"position\":1,\"name\":\"Home\",\"item\":\"https:\/\/mobilhybrid.de\/\"},{\"@type\":\"ListItem\",\"position\":2,\"name\":\"Produkte\",\"item\":\"https:\/\/mobilhybrid.de\/shop\/\"},{\"@type\":\"ListItem\",\"position\":3,\"name\":\"MH-12\"}]},{\"@type\":\"WebSite\",\"@id\":\"https:\/\/mobilhybrid.de\/#website\",\"url\":\"https:\/\/mobilhybrid.de\/\",\"name\":\"MobilHybrid\",\"description\":\"die autarke, mobile netzunabh\u00e4ngige Stromversorgung\",\"publisher\":{\"@id\":\"https:\/\/mobilhybrid.de\/#organization\"},\"potentialAction\":[{\"@type\":\"SearchAction\",\"target\":{\"@type\":\"EntryPoint\",\"urlTemplate\":\"https:\/\/mobilhybrid.de\/?s={search_term_string}\"},\"query-input\":{\"@type\":\"PropertyValueSpecification\",\"valueRequired\":true,\"valueName\":\"search_term_string\"}}],\"inLanguage\":\"fr-FR\"},{\"@type\":\"Organization\",\"@id\":\"https:\/\/mobilhybrid.de\/#organization\",\"name\":\"MobilHybrid GmbH\",\"url\":\"https:\/\/mobilhybrid.de\/\",\"logo\":{\"@type\":\"ImageObject\",\"inLanguage\":\"fr-FR\",\"@id\":\"https:\/\/mobilhybrid.de\/#\/schema\/logo\/image\/\",\"url\":\"https:\/\/mobilhybrid.de\/wp-content\/uploads\/2020\/04\/152.png\",\"contentUrl\":\"https:\/\/mobilhybrid.de\/wp-content\/uploads\/2020\/04\/152.png\",\"width\":152,\"height\":152,\"caption\":\"MobilHybrid GmbH\"},\"image\":{\"@id\":\"https:\/\/mobilhybrid.de\/#\/schema\/logo\/image\/\"},\"sameAs\":[\"https:\/\/www.facebook.com\/MobilHybrid\/\",\"https:\/\/www.instagram.com\/_mobilhybrid_\/?hl=de\",\"https:\/\/www.youtube.com\/@pv4lifegmbh476\",\"https:\/\/de.linkedin.com\/company\/mobilhybrid-ug\"]}]}<\/script>\n<!-- \/ Yoast SEO plugin. -->","yoast_head_json":{"title":"MobilHybrid MH-12 - le r\u00e9servoir d'\u00e9lectricit\u00e9 mobile pour les chantiers","description":"Le MobilHybrid est un accumulateur d'\u00e9nergie mobile qui a \u00e9t\u00e9 d\u00e9velopp\u00e9 pour alimenter votre projet de construction en \u00e9nergie sans \u00e9missions, sans bruit et de mani\u00e8re autonome.","robots":{"index":"index","follow":"follow","max-snippet":"max-snippet:-1","max-image-preview":"max-image-preview:large","max-video-preview":"max-video-preview:-1"},"canonical":"https:\/\/mobilhybrid.de\/fr\/produit\/mh-12\/","og_locale":"fr_FR","og_type":"article","og_title":"MobilHybrid MH-12 \u2013 der mobile Stromspeicher f\u00fcr Baustellen","og_description":"Der MobilHybrid ist ein mobiler Stromspeicher, der entwickelt wurde um Ihr Bauvorhaben emissionsfrei, ger\u00e4uschlos und autark mit Energie zu versorgen.","og_url":"https:\/\/mobilhybrid.de\/fr\/produit\/mh-12\/","og_site_name":"MobilHybrid","article_publisher":"https:\/\/www.facebook.com\/MobilHybrid\/","article_modified_time":"2025-07-06T13:52:57+00:00","og_image":[{"width":1000,"height":1000,"url":"https:\/\/mobilhybrid.de\/wp-content\/uploads\/2023\/09\/MobilHybird.jpg","type":"image\/jpeg"}],"twitter_card":"summary_large_image","schema":{"@context":"https:\/\/schema.org","@graph":[{"@type":"WebPage","@id":"https:\/\/mobilhybrid.de\/product\/mh-12\/","url":"https:\/\/mobilhybrid.de\/product\/mh-12\/","name":"MobilHybrid MH-12 - le r\u00e9servoir d'\u00e9lectricit\u00e9 mobile pour les chantiers","isPartOf":{"@id":"https:\/\/mobilhybrid.de\/#website"},"primaryImageOfPage":{"@id":"https:\/\/mobilhybrid.de\/product\/mh-12\/#primaryimage"},"image":{"@id":"https:\/\/mobilhybrid.de\/product\/mh-12\/#primaryimage"},"thumbnailUrl":"https:\/\/mobilhybrid.de\/wp-content\/uploads\/2023\/09\/MobilHybird.jpg","datePublished":"2020-04-13T15:12:15+00:00","dateModified":"2025-07-06T13:52:57+00:00","description":"Le MobilHybrid est un accumulateur d'\u00e9nergie mobile qui a \u00e9t\u00e9 d\u00e9velopp\u00e9 pour alimenter votre projet de construction en \u00e9nergie sans \u00e9missions, sans bruit et de mani\u00e8re autonome.","breadcrumb":{"@id":"https:\/\/mobilhybrid.de\/product\/mh-12\/#breadcrumb"},"inLanguage":"fr-FR","potentialAction":[{"@type":"ReadAction","target":["https:\/\/mobilhybrid.de\/product\/mh-12\/"]}]},{"@type":"ImageObject","inLanguage":"fr-FR","@id":"https:\/\/mobilhybrid.de\/product\/mh-12\/#primaryimage","url":"https:\/\/mobilhybrid.de\/wp-content\/uploads\/2023\/09\/MobilHybird.jpg","contentUrl":"https:\/\/mobilhybrid.de\/wp-content\/uploads\/2023\/09\/MobilHybird.jpg","width":1000,"height":1000,"caption":"MobilHybrid MH-12"},{"@type":"BreadcrumbList","@id":"https:\/\/mobilhybrid.de\/product\/mh-12\/#breadcrumb","itemListElement":[{"@type":"ListItem","position":1,"name":"Home","item":"https:\/\/mobilhybrid.de\/"},{"@type":"ListItem","position":2,"name":"Produkte","item":"https:\/\/mobilhybrid.de\/shop\/"},{"@type":"ListItem","position":3,"name":"MH-12"}]},{"@type":"WebSite","@id":"https:\/\/mobilhybrid.de\/#website","url":"https:\/\/mobilhybrid.de\/","name":"MobilHybrid","description":"l'alimentation \u00e9lectrique autonome, mobile et ind\u00e9pendante du r\u00e9seau","publisher":{"@id":"https:\/\/mobilhybrid.de\/#organization"},"potentialAction":[{"@type":"SearchAction","target":{"@type":"EntryPoint","urlTemplate":"https:\/\/mobilhybrid.de\/?s={search_term_string}"},"query-input":{"@type":"PropertyValueSpecification","valueRequired":true,"valueName":"search_term_string"}}],"inLanguage":"fr-FR"},{"@type":"Organization","@id":"https:\/\/mobilhybrid.de\/#organization","name":"MobilHybrid GmbH","url":"https:\/\/mobilhybrid.de\/","logo":{"@type":"ImageObject","inLanguage":"fr-FR","@id":"https:\/\/mobilhybrid.de\/#\/schema\/logo\/image\/","url":"https:\/\/mobilhybrid.de\/wp-content\/uploads\/2020\/04\/152.png","contentUrl":"https:\/\/mobilhybrid.de\/wp-content\/uploads\/2020\/04\/152.png","width":152,"height":152,"caption":"MobilHybrid GmbH"},"image":{"@id":"https:\/\/mobilhybrid.de\/#\/schema\/logo\/image\/"},"sameAs":["https:\/\/www.facebook.com\/MobilHybrid\/","https:\/\/www.instagram.com\/_mobilhybrid_\/?hl=de","https:\/\/www.youtube.com\/@pv4lifegmbh476","https:\/\/de.linkedin.com\/company\/mobilhybrid-ug"]}]}},"_links":{"self":[{"href":"https:\/\/mobilhybrid.de\/fr\/wp-json\/wp\/v2\/product\/1137","targetHints":{"allow":["GET"]}}],"collection":[{"href":"https:\/\/mobilhybrid.de\/fr\/wp-json\/wp\/v2\/product"}],"about":[{"href":"https:\/\/mobilhybrid.de\/fr\/wp-json\/wp\/v2\/types\/product"}],"replies":[{"embeddable":true,"href":"https:\/\/mobilhybrid.de\/fr\/wp-json\/wp\/v2\/comments?post=1137"}],"wp:featuredmedia":[{"embeddable":true,"href":"https:\/\/mobilhybrid.de\/fr\/wp-json\/wp\/v2\/media\/2328"}],"wp:attachment":[{"href":"https:\/\/mobilhybrid.de\/fr\/wp-json\/wp\/v2\/media?parent=1137"}],"wp:term":[{"taxonomy":"product_brand","embeddable":true,"href":"https:\/\/mobilhybrid.de\/fr\/wp-json\/wp\/v2\/product_brand?post=1137"},{"taxonomy":"product_cat","embeddable":true,"href":"https:\/\/mobilhybrid.de\/fr\/wp-json\/wp\/v2\/product_cat?post=1137"},{"taxonomy":"product_tag","embeddable":true,"href":"https:\/\/mobilhybrid.de\/fr\/wp-json\/wp\/v2\/product_tag?post=1137"}],"curies":[{"name":"wp","href":"https:\/\/api.w.org\/{rel}","templated":true}]}}