{"id":1139,"date":"2020-04-13T17:14:32","date_gmt":"2020-04-13T15:14:32","guid":{"rendered":"https:\/\/mhdemo.local\/?post_type=product&#038;p=1139"},"modified":"2025-07-06T15:51:38","modified_gmt":"2025-07-06T13:51:38","slug":"mh-18","status":"publish","type":"product","link":"https:\/\/mobilhybrid.de\/fr\/produit\/mh-18\/","title":{"rendered":"MH-18"},"content":{"rendered":"<p>Le site <strong><span style=\"color: #58a332;\">M<\/span><\/strong>obil<span style=\"color: #58a332;\"><strong>H<\/strong><\/span>ybrid <strong><span style=\"color: #58a332;\">MH<\/span><\/strong>-18 \/ 3ph est un accumulateur d'\u00e9nergie puissant pour les sc\u00e9narios exigeants. Il offre des performances et une flexibilit\u00e9 impressionnantes et est id\u00e9al pour :<\/p>\n<ol>\n<li><strong>Chantiers moyens \u00e0 grands :<\/strong> Le site <strong><span style=\"color: #58a332;\">MH<\/span><\/strong>-18 \/ 3ph alimente en \u00e9nergie de mani\u00e8re fiable les chantiers de taille moyenne \u00e0 grande. Il fonctionne ind\u00e9pendamment d'une alimentation en courant diesel et garantit une alimentation en \u00e9nergie stable, en particulier la nuit.<\/li>\n<li><strong>Am\u00e9lioration des performances sur les chantiers :<\/strong> Le site <strong><span style=\"color: #58a332;\">MH<\/span><\/strong>-18 \/ 3ph renforce le raccordement au r\u00e9seau lorsqu'une puissance suppl\u00e9mentaire est n\u00e9cessaire. Il assure une alimentation en \u00e9nergie stable et couvre les besoins accrus en \u00e9nergie.<\/li>\n<li><strong>Peak shaving en cas de courant de d\u00e9marrage \u00e9lev\u00e9 :<\/strong> Le site <strong><span style=\"color: #58a332;\">MH<\/span><\/strong>-18 \/ 3ph soutient les machines avec un courant de d\u00e9marrage \u00e9lev\u00e9 comme les grues, les scies ou les pompes. Il permet un peak shaving efficace et stabilise la consommation d'\u00e9nergie.<\/li>\n<li><strong>Alimentation des machines mobiles (220V\/400V) :<\/strong> Le site <strong><span style=\"color: #58a332;\">MH<\/span><\/strong>-18 \/ 3ph fournit de l'\u00e9nergie aux machines mobiles de 220V et 400V. C'est essentiel pour un fonctionnement sans faille sur les chantiers et autres lieux d'intervention.<\/li>\n<li><strong>Travaux de maintenance dans les entreprises ferroviaires :<\/strong> Les entreprises ferroviaires utilisent le <strong><span style=\"color: #58a332;\">MH<\/span><\/strong>-18 \/ 3ph pour l'entretien des aiguillages et des voies, notamment lors du soudage et du meulage. Il garantit une alimentation en \u00e9nergie fiable pour ces t\u00e2ches critiques.<\/li>\n<\/ol>","protected":false},"excerpt":{"rendered":"<p>Le site <strong><span style=\"color: #58a332;\">M<\/span><\/strong>obil<strong><span style=\"color: #58a332;\">H<\/span><\/strong>ybrid <strong><span style=\"color: #58a332;\">MH<\/span><\/strong>-18 \/ 3ph offre une solution \u00e9nerg\u00e9tique puissante, fiable et flexible pour une multitude d'applications exigeantes. Dans le but de r\u00e9pondre aux besoins en \u00e9nergie tout en minimisant l'impact sur l'environnement, le <strong><span style=\"color: #58a332;\">MH<\/span><\/strong>-18 \/ 3ph le bon choix pour la r\u00e9ussite de vos projets.<\/p>","protected":false},"featured_media":2326,"comment_status":"closed","ping_status":"closed","template":"","meta":[],"product_brand":[],"product_cat":[69,34],"product_tag":[],"class_list":{"0":"post-1139","1":"product","2":"type-product","3":"status-publish","4":"has-post-thumbnail","6":"product_cat-bg-c","7":"product_cat-mobilhybrid","9":"first","10":"instock","11":"shipping-taxable","12":"product-type-simple"},"yoast_head":"<!-- This site is optimized with the Yoast SEO plugin v26.6 - https:\/\/yoast.com\/wordpress\/plugins\/seo\/ -->\n<title>MobilHybrid MH-18 \u2013 Leistungsstarke, mobile Energieversorgung<\/title>\n<meta name=\"description\" content=\"Der MH-18 \/ 3ph bietet starke Leistung f\u00fcr mittlere bis gro\u00dfe Baustellen, Netzanschlusssteigerung, Peak-Shaving und mobile Maschinenversorgung.\" \/>\n<meta name=\"robots\" content=\"index, follow, max-snippet:-1, max-image-preview:large, max-video-preview:-1\" \/>\n<link rel=\"canonical\" href=\"https:\/\/mobilhybrid.de\/fr\/produit\/mh-18\/\" \/>\n<meta property=\"og:locale\" content=\"fr_FR\" \/>\n<meta property=\"og:type\" content=\"article\" \/>\n<meta property=\"og:title\" content=\"MobilHybrid MH-18 \u2013 Leistungsstarke, mobile Energieversorgung\" \/>\n<meta property=\"og:description\" content=\"Der MH-18 \/ 3ph bietet starke Leistung f\u00fcr mittlere bis gro\u00dfe Baustellen, Netzanschlusssteigerung, Peak-Shaving und mobile Maschinenversorgung.\" \/>\n<meta property=\"og:url\" content=\"https:\/\/mobilhybrid.de\/fr\/produit\/mh-18\/\" \/>\n<meta property=\"og:site_name\" content=\"MobilHybrid\" \/>\n<meta property=\"article:publisher\" content=\"https:\/\/www.facebook.com\/MobilHybrid\/\" \/>\n<meta property=\"article:modified_time\" content=\"2025-07-06T13:51:38+00:00\" \/>\n<meta property=\"og:image\" content=\"https:\/\/mobilhybrid.de\/wp-content\/uploads\/2023\/09\/MH24.jpg\" \/>\n\t<meta property=\"og:image:width\" content=\"1000\" \/>\n\t<meta property=\"og:image:height\" content=\"1000\" \/>\n\t<meta property=\"og:image:type\" content=\"image\/jpeg\" \/>\n<meta name=\"twitter:card\" content=\"summary_large_image\" \/>\n<script type=\"application\/ld+json\" class=\"yoast-schema-graph\">{\"@context\":\"https:\/\/schema.org\",\"@graph\":[{\"@type\":\"WebPage\",\"@id\":\"https:\/\/mobilhybrid.de\/product\/mh-18\/\",\"url\":\"https:\/\/mobilhybrid.de\/product\/mh-18\/\",\"name\":\"MobilHybrid MH-18 \u2013 Leistungsstarke, mobile Energieversorgung\",\"isPartOf\":{\"@id\":\"https:\/\/mobilhybrid.de\/#website\"},\"primaryImageOfPage\":{\"@id\":\"https:\/\/mobilhybrid.de\/product\/mh-18\/#primaryimage\"},\"image\":{\"@id\":\"https:\/\/mobilhybrid.de\/product\/mh-18\/#primaryimage\"},\"thumbnailUrl\":\"https:\/\/mobilhybrid.de\/wp-content\/uploads\/2023\/09\/MH24.jpg\",\"datePublished\":\"2020-04-13T15:14:32+00:00\",\"dateModified\":\"2025-07-06T13:51:38+00:00\",\"description\":\"Der MH-18 \/ 3ph bietet starke Leistung f\u00fcr mittlere bis gro\u00dfe Baustellen, Netzanschlusssteigerung, Peak-Shaving und mobile Maschinenversorgung.\",\"breadcrumb\":{\"@id\":\"https:\/\/mobilhybrid.de\/product\/mh-18\/#breadcrumb\"},\"inLanguage\":\"fr-FR\",\"potentialAction\":[{\"@type\":\"ReadAction\",\"target\":[\"https:\/\/mobilhybrid.de\/product\/mh-18\/\"]}]},{\"@type\":\"ImageObject\",\"inLanguage\":\"fr-FR\",\"@id\":\"https:\/\/mobilhybrid.de\/product\/mh-18\/#primaryimage\",\"url\":\"https:\/\/mobilhybrid.de\/wp-content\/uploads\/2023\/09\/MH24.jpg\",\"contentUrl\":\"https:\/\/mobilhybrid.de\/wp-content\/uploads\/2023\/09\/MH24.jpg\",\"width\":1000,\"height\":1000,\"caption\":\"MobilHybrid MH-24\"},{\"@type\":\"BreadcrumbList\",\"@id\":\"https:\/\/mobilhybrid.de\/product\/mh-18\/#breadcrumb\",\"itemListElement\":[{\"@type\":\"ListItem\",\"position\":1,\"name\":\"Home\",\"item\":\"https:\/\/mobilhybrid.de\/\"},{\"@type\":\"ListItem\",\"position\":2,\"name\":\"Produkte\",\"item\":\"https:\/\/mobilhybrid.de\/shop\/\"},{\"@type\":\"ListItem\",\"position\":3,\"name\":\"MH-18\"}]},{\"@type\":\"WebSite\",\"@id\":\"https:\/\/mobilhybrid.de\/#website\",\"url\":\"https:\/\/mobilhybrid.de\/\",\"name\":\"MobilHybrid\",\"description\":\"die autarke, mobile netzunabh\u00e4ngige Stromversorgung\",\"publisher\":{\"@id\":\"https:\/\/mobilhybrid.de\/#organization\"},\"potentialAction\":[{\"@type\":\"SearchAction\",\"target\":{\"@type\":\"EntryPoint\",\"urlTemplate\":\"https:\/\/mobilhybrid.de\/?s={search_term_string}\"},\"query-input\":{\"@type\":\"PropertyValueSpecification\",\"valueRequired\":true,\"valueName\":\"search_term_string\"}}],\"inLanguage\":\"fr-FR\"},{\"@type\":\"Organization\",\"@id\":\"https:\/\/mobilhybrid.de\/#organization\",\"name\":\"MobilHybrid GmbH\",\"url\":\"https:\/\/mobilhybrid.de\/\",\"logo\":{\"@type\":\"ImageObject\",\"inLanguage\":\"fr-FR\",\"@id\":\"https:\/\/mobilhybrid.de\/#\/schema\/logo\/image\/\",\"url\":\"https:\/\/mobilhybrid.de\/wp-content\/uploads\/2020\/04\/152.png\",\"contentUrl\":\"https:\/\/mobilhybrid.de\/wp-content\/uploads\/2020\/04\/152.png\",\"width\":152,\"height\":152,\"caption\":\"MobilHybrid GmbH\"},\"image\":{\"@id\":\"https:\/\/mobilhybrid.de\/#\/schema\/logo\/image\/\"},\"sameAs\":[\"https:\/\/www.facebook.com\/MobilHybrid\/\",\"https:\/\/www.instagram.com\/_mobilhybrid_\/?hl=de\",\"https:\/\/www.youtube.com\/@pv4lifegmbh476\",\"https:\/\/de.linkedin.com\/company\/mobilhybrid-ug\"]}]}<\/script>\n<!-- \/ Yoast SEO plugin. -->","yoast_head_json":{"title":"MobilHybrid MH-18 - Une alimentation en \u00e9nergie puissante et mobile","description":"Le MH-18 \/ 3ph offre une forte puissance pour les chantiers de taille moyenne \u00e0 grande, l'augmentation du raccordement au r\u00e9seau, le peak-shaving et l'alimentation mobile des machines.","robots":{"index":"index","follow":"follow","max-snippet":"max-snippet:-1","max-image-preview":"max-image-preview:large","max-video-preview":"max-video-preview:-1"},"canonical":"https:\/\/mobilhybrid.de\/fr\/produit\/mh-18\/","og_locale":"fr_FR","og_type":"article","og_title":"MobilHybrid MH-18 \u2013 Leistungsstarke, mobile Energieversorgung","og_description":"Der MH-18 \/ 3ph bietet starke Leistung f\u00fcr mittlere bis gro\u00dfe Baustellen, Netzanschlusssteigerung, Peak-Shaving und mobile Maschinenversorgung.","og_url":"https:\/\/mobilhybrid.de\/fr\/produit\/mh-18\/","og_site_name":"MobilHybrid","article_publisher":"https:\/\/www.facebook.com\/MobilHybrid\/","article_modified_time":"2025-07-06T13:51:38+00:00","og_image":[{"width":1000,"height":1000,"url":"https:\/\/mobilhybrid.de\/wp-content\/uploads\/2023\/09\/MH24.jpg","type":"image\/jpeg"}],"twitter_card":"summary_large_image","schema":{"@context":"https:\/\/schema.org","@graph":[{"@type":"WebPage","@id":"https:\/\/mobilhybrid.de\/product\/mh-18\/","url":"https:\/\/mobilhybrid.de\/product\/mh-18\/","name":"MobilHybrid MH-18 - Une alimentation en \u00e9nergie puissante et mobile","isPartOf":{"@id":"https:\/\/mobilhybrid.de\/#website"},"primaryImageOfPage":{"@id":"https:\/\/mobilhybrid.de\/product\/mh-18\/#primaryimage"},"image":{"@id":"https:\/\/mobilhybrid.de\/product\/mh-18\/#primaryimage"},"thumbnailUrl":"https:\/\/mobilhybrid.de\/wp-content\/uploads\/2023\/09\/MH24.jpg","datePublished":"2020-04-13T15:14:32+00:00","dateModified":"2025-07-06T13:51:38+00:00","description":"Le MH-18 \/ 3ph offre une forte puissance pour les chantiers de taille moyenne \u00e0 grande, l'augmentation du raccordement au r\u00e9seau, le peak-shaving et l'alimentation mobile des machines.","breadcrumb":{"@id":"https:\/\/mobilhybrid.de\/product\/mh-18\/#breadcrumb"},"inLanguage":"fr-FR","potentialAction":[{"@type":"ReadAction","target":["https:\/\/mobilhybrid.de\/product\/mh-18\/"]}]},{"@type":"ImageObject","inLanguage":"fr-FR","@id":"https:\/\/mobilhybrid.de\/product\/mh-18\/#primaryimage","url":"https:\/\/mobilhybrid.de\/wp-content\/uploads\/2023\/09\/MH24.jpg","contentUrl":"https:\/\/mobilhybrid.de\/wp-content\/uploads\/2023\/09\/MH24.jpg","width":1000,"height":1000,"caption":"MobilHybrid MH-24"},{"@type":"BreadcrumbList","@id":"https:\/\/mobilhybrid.de\/product\/mh-18\/#breadcrumb","itemListElement":[{"@type":"ListItem","position":1,"name":"Home","item":"https:\/\/mobilhybrid.de\/"},{"@type":"ListItem","position":2,"name":"Produkte","item":"https:\/\/mobilhybrid.de\/shop\/"},{"@type":"ListItem","position":3,"name":"MH-18"}]},{"@type":"WebSite","@id":"https:\/\/mobilhybrid.de\/#website","url":"https:\/\/mobilhybrid.de\/","name":"MobilHybrid","description":"l'alimentation \u00e9lectrique autonome, mobile et ind\u00e9pendante du r\u00e9seau","publisher":{"@id":"https:\/\/mobilhybrid.de\/#organization"},"potentialAction":[{"@type":"SearchAction","target":{"@type":"EntryPoint","urlTemplate":"https:\/\/mobilhybrid.de\/?s={search_term_string}"},"query-input":{"@type":"PropertyValueSpecification","valueRequired":true,"valueName":"search_term_string"}}],"inLanguage":"fr-FR"},{"@type":"Organization","@id":"https:\/\/mobilhybrid.de\/#organization","name":"MobilHybrid GmbH","url":"https:\/\/mobilhybrid.de\/","logo":{"@type":"ImageObject","inLanguage":"fr-FR","@id":"https:\/\/mobilhybrid.de\/#\/schema\/logo\/image\/","url":"https:\/\/mobilhybrid.de\/wp-content\/uploads\/2020\/04\/152.png","contentUrl":"https:\/\/mobilhybrid.de\/wp-content\/uploads\/2020\/04\/152.png","width":152,"height":152,"caption":"MobilHybrid GmbH"},"image":{"@id":"https:\/\/mobilhybrid.de\/#\/schema\/logo\/image\/"},"sameAs":["https:\/\/www.facebook.com\/MobilHybrid\/","https:\/\/www.instagram.com\/_mobilhybrid_\/?hl=de","https:\/\/www.youtube.com\/@pv4lifegmbh476","https:\/\/de.linkedin.com\/company\/mobilhybrid-ug"]}]}},"_links":{"self":[{"href":"https:\/\/mobilhybrid.de\/fr\/wp-json\/wp\/v2\/product\/1139","targetHints":{"allow":["GET"]}}],"collection":[{"href":"https:\/\/mobilhybrid.de\/fr\/wp-json\/wp\/v2\/product"}],"about":[{"href":"https:\/\/mobilhybrid.de\/fr\/wp-json\/wp\/v2\/types\/product"}],"replies":[{"embeddable":true,"href":"https:\/\/mobilhybrid.de\/fr\/wp-json\/wp\/v2\/comments?post=1139"}],"wp:featuredmedia":[{"embeddable":true,"href":"https:\/\/mobilhybrid.de\/fr\/wp-json\/wp\/v2\/media\/2326"}],"wp:attachment":[{"href":"https:\/\/mobilhybrid.de\/fr\/wp-json\/wp\/v2\/media?parent=1139"}],"wp:term":[{"taxonomy":"product_brand","embeddable":true,"href":"https:\/\/mobilhybrid.de\/fr\/wp-json\/wp\/v2\/product_brand?post=1139"},{"taxonomy":"product_cat","embeddable":true,"href":"https:\/\/mobilhybrid.de\/fr\/wp-json\/wp\/v2\/product_cat?post=1139"},{"taxonomy":"product_tag","embeddable":true,"href":"https:\/\/mobilhybrid.de\/fr\/wp-json\/wp\/v2\/product_tag?post=1139"}],"curies":[{"name":"wp","href":"https:\/\/api.w.org\/{rel}","templated":true}]}}