{"id":1143,"date":"2020-04-13T17:29:28","date_gmt":"2020-04-13T15:29:28","guid":{"rendered":"https:\/\/mhdemo.local\/?post_type=product&#038;p=1143"},"modified":"2025-07-06T15:48:45","modified_gmt":"2025-07-06T13:48:45","slug":"mh-36","status":"publish","type":"product","link":"https:\/\/mobilhybrid.de\/fr\/produit\/mh-36\/","title":{"rendered":"MH-36"},"content":{"rendered":"<p>Le site <strong><span style=\"color: #58a332;\">M<\/span><\/strong>obil<strong><span style=\"color: #58a332;\">H<\/span><\/strong>ybrid <strong><span style=\"color: #58a332;\">MH<\/span><\/strong>-36\/3ph est la solution pour les projets aux exigences \u00e9nerg\u00e9tiques \u00e9lev\u00e9es et aux d\u00e9fis particuliers. Avec sa puissante alimentation triphas\u00e9e et sa technologie de batterie avanc\u00e9e, il offre une puissance fiable pour les applications exigeantes.<\/p>\n<p><strong>Domaines d'application :<\/strong><\/p>\n<ul>\n<li><strong>De grands chantiers :<\/strong> Le site <strong><span style=\"color: #58a332;\">MH<\/span><\/strong>-36\/3ph est le choix optimal pour les grands chantiers, qu'ils fonctionnent ou non au diesel. Il garantit une alimentation \u00e9lectrique constante et fiable, m\u00eame dans les situations de faible charge nocturne.<\/li>\n<li><strong>Augmentation de la performance du raccordement au r\u00e9seau :<\/strong> Dans les environnements o\u00f9 le raccordement au r\u00e9seau atteint ses limites, le <strong><span style=\"color: #58a332;\">MH<\/span><\/strong>-36\/3ph apporte l'augmentation de puissance n\u00e9cessaire. Il assure une alimentation \u00e9lectrique stable et compense les fluctuations du r\u00e9seau.<\/li>\n<li><strong>Peak shaving lors du fonctionnement de la grue :<\/strong> Lors de l'utilisation de grues ou d'autres applications avec un courant de d\u00e9marrage \u00e9lev\u00e9, le <strong><span style=\"color: #58a332;\">MH<\/span><\/strong>-36\/3ph des frais de pointe co\u00fbteux. Il optimise l'efficacit\u00e9 \u00e9nerg\u00e9tique et favorise le bon fonctionnement des grues et autres \u00e9quipements similaires.<\/li>\n<li><strong>Une alimentation \u00e9lectrique sans \u00e9missions :<\/strong> En particulier dans les environnements o\u00f9 les \u00e9missions doivent \u00eatre \u00e9vit\u00e9es, comme les travaux dans les tunnels, les chantiers dans les zones urbaines et les r\u00e9serves naturelles, le <strong><span style=\"color: #58a332;\">MH<\/span><\/strong>-36\/3ph est imbattable. Il vous assure de disposer d'une \u00e9nergie propre et respectueuse de l'environnement sans faire de compromis sur les performances.<\/li>\n<li><strong>R\u00e9seau monophas\u00e9 disponible, mais r\u00e9seau triphas\u00e9 n\u00e9cessaire :<\/strong> Si un r\u00e9seau monophas\u00e9 est disponible, mais qu'un r\u00e9seau triphas\u00e9 est n\u00e9cessaire, le <strong><span style=\"color: #58a332;\">MH<\/span><\/strong>-36\/3ph est la solution. Il convertit efficacement l'\u00e9nergie disponible en la forme requise.<\/li>\n<\/ul>","protected":false},"excerpt":{"rendered":"<p>Le site <strong><span style=\"color: #58a332;\">M<\/span><\/strong>obil<strong><span style=\"color: #58a332;\">H<\/span><\/strong>ybrid <strong><span style=\"color: #58a332;\">MH<\/span><\/strong>-36\/3ph offre une solution d'alimentation fiable et puissante dans les environnements exigeants. Avec sa construction robuste et sa technologie avanc\u00e9e, c'est le choix id\u00e9al pour mener \u00e0 bien vos projets \u00e0 forte consommation d'\u00e9nergie.<\/p>","protected":false},"featured_media":2327,"comment_status":"closed","ping_status":"closed","template":"","meta":[],"product_brand":[],"product_cat":[70,34],"product_tag":[],"class_list":{"0":"post-1143","1":"product","2":"type-product","3":"status-publish","4":"has-post-thumbnail","6":"product_cat-bg-d","7":"product_cat-mobilhybrid","9":"first","10":"instock","11":"shipping-taxable","12":"product-type-simple"},"yoast_head":"<!-- This site is optimized with the Yoast SEO plugin v26.6 - https:\/\/yoast.com\/wordpress\/plugins\/seo\/ -->\n<title>MobilHybrid MH-36 \u2013 Mobile Stromversorgung f\u00fcr gro\u00dfe Projekte<\/title>\n<meta name=\"description\" content=\"Der MH-36\/3ph bietet zuverl\u00e4ssige Energie f\u00fcr gro\u00dfe Baustellen, Netzanschlussverst\u00e4rkung und Peak-Shaving. Emissionsfrei und leistungsstark.\" \/>\n<meta name=\"robots\" content=\"index, follow, max-snippet:-1, max-image-preview:large, max-video-preview:-1\" \/>\n<link rel=\"canonical\" href=\"https:\/\/mobilhybrid.de\/fr\/produit\/mh-36\/\" \/>\n<meta property=\"og:locale\" content=\"fr_FR\" \/>\n<meta property=\"og:type\" content=\"article\" \/>\n<meta property=\"og:title\" content=\"MobilHybrid MH-36 \u2013 Mobile Stromversorgung f\u00fcr gro\u00dfe Projekte\" \/>\n<meta property=\"og:description\" content=\"Der MH-36\/3ph bietet zuverl\u00e4ssige Energie f\u00fcr gro\u00dfe Baustellen, Netzanschlussverst\u00e4rkung und Peak-Shaving. Emissionsfrei und leistungsstark.\" \/>\n<meta property=\"og:url\" content=\"https:\/\/mobilhybrid.de\/fr\/produit\/mh-36\/\" \/>\n<meta property=\"og:site_name\" content=\"MobilHybrid\" \/>\n<meta property=\"article:publisher\" content=\"https:\/\/www.facebook.com\/MobilHybrid\/\" \/>\n<meta property=\"article:modified_time\" content=\"2025-07-06T13:48:45+00:00\" \/>\n<meta property=\"og:image\" content=\"https:\/\/mobilhybrid.de\/wp-content\/uploads\/2023\/09\/MH36.jpg\" \/>\n\t<meta property=\"og:image:width\" content=\"1000\" \/>\n\t<meta property=\"og:image:height\" content=\"1000\" \/>\n\t<meta property=\"og:image:type\" content=\"image\/jpeg\" \/>\n<meta name=\"twitter:card\" content=\"summary_large_image\" \/>\n<script type=\"application\/ld+json\" class=\"yoast-schema-graph\">{\"@context\":\"https:\/\/schema.org\",\"@graph\":[{\"@type\":\"WebPage\",\"@id\":\"https:\/\/mobilhybrid.de\/product\/mh-36\/\",\"url\":\"https:\/\/mobilhybrid.de\/product\/mh-36\/\",\"name\":\"MobilHybrid MH-36 \u2013 Mobile Stromversorgung f\u00fcr gro\u00dfe Projekte\",\"isPartOf\":{\"@id\":\"https:\/\/mobilhybrid.de\/#website\"},\"primaryImageOfPage\":{\"@id\":\"https:\/\/mobilhybrid.de\/product\/mh-36\/#primaryimage\"},\"image\":{\"@id\":\"https:\/\/mobilhybrid.de\/product\/mh-36\/#primaryimage\"},\"thumbnailUrl\":\"https:\/\/mobilhybrid.de\/wp-content\/uploads\/2023\/09\/MH36.jpg\",\"datePublished\":\"2020-04-13T15:29:28+00:00\",\"dateModified\":\"2025-07-06T13:48:45+00:00\",\"description\":\"Der MH-36\/3ph bietet zuverl\u00e4ssige Energie f\u00fcr gro\u00dfe Baustellen, Netzanschlussverst\u00e4rkung und Peak-Shaving. Emissionsfrei und leistungsstark.\",\"breadcrumb\":{\"@id\":\"https:\/\/mobilhybrid.de\/product\/mh-36\/#breadcrumb\"},\"inLanguage\":\"fr-FR\",\"potentialAction\":[{\"@type\":\"ReadAction\",\"target\":[\"https:\/\/mobilhybrid.de\/product\/mh-36\/\"]}]},{\"@type\":\"ImageObject\",\"inLanguage\":\"fr-FR\",\"@id\":\"https:\/\/mobilhybrid.de\/product\/mh-36\/#primaryimage\",\"url\":\"https:\/\/mobilhybrid.de\/wp-content\/uploads\/2023\/09\/MH36.jpg\",\"contentUrl\":\"https:\/\/mobilhybrid.de\/wp-content\/uploads\/2023\/09\/MH36.jpg\",\"width\":1000,\"height\":1000,\"caption\":\"MobilHybrid MH-36\"},{\"@type\":\"BreadcrumbList\",\"@id\":\"https:\/\/mobilhybrid.de\/product\/mh-36\/#breadcrumb\",\"itemListElement\":[{\"@type\":\"ListItem\",\"position\":1,\"name\":\"Home\",\"item\":\"https:\/\/mobilhybrid.de\/\"},{\"@type\":\"ListItem\",\"position\":2,\"name\":\"Produkte\",\"item\":\"https:\/\/mobilhybrid.de\/shop\/\"},{\"@type\":\"ListItem\",\"position\":3,\"name\":\"MH-36\"}]},{\"@type\":\"WebSite\",\"@id\":\"https:\/\/mobilhybrid.de\/#website\",\"url\":\"https:\/\/mobilhybrid.de\/\",\"name\":\"MobilHybrid\",\"description\":\"die autarke, mobile netzunabh\u00e4ngige Stromversorgung\",\"publisher\":{\"@id\":\"https:\/\/mobilhybrid.de\/#organization\"},\"potentialAction\":[{\"@type\":\"SearchAction\",\"target\":{\"@type\":\"EntryPoint\",\"urlTemplate\":\"https:\/\/mobilhybrid.de\/?s={search_term_string}\"},\"query-input\":{\"@type\":\"PropertyValueSpecification\",\"valueRequired\":true,\"valueName\":\"search_term_string\"}}],\"inLanguage\":\"fr-FR\"},{\"@type\":\"Organization\",\"@id\":\"https:\/\/mobilhybrid.de\/#organization\",\"name\":\"MobilHybrid GmbH\",\"url\":\"https:\/\/mobilhybrid.de\/\",\"logo\":{\"@type\":\"ImageObject\",\"inLanguage\":\"fr-FR\",\"@id\":\"https:\/\/mobilhybrid.de\/#\/schema\/logo\/image\/\",\"url\":\"https:\/\/mobilhybrid.de\/wp-content\/uploads\/2020\/04\/152.png\",\"contentUrl\":\"https:\/\/mobilhybrid.de\/wp-content\/uploads\/2020\/04\/152.png\",\"width\":152,\"height\":152,\"caption\":\"MobilHybrid GmbH\"},\"image\":{\"@id\":\"https:\/\/mobilhybrid.de\/#\/schema\/logo\/image\/\"},\"sameAs\":[\"https:\/\/www.facebook.com\/MobilHybrid\/\",\"https:\/\/www.instagram.com\/_mobilhybrid_\/?hl=de\",\"https:\/\/www.youtube.com\/@pv4lifegmbh476\",\"https:\/\/de.linkedin.com\/company\/mobilhybrid-ug\"]}]}<\/script>\n<!-- \/ Yoast SEO plugin. -->","yoast_head_json":{"title":"MobilHybrid MH-36 - Alimentation mobile pour les grands projets","description":"La MH-36\/3ph offre une \u00e9nergie fiable pour les grands chantiers, le renforcement du raccordement au r\u00e9seau et le peak shaving. Sans \u00e9mission et puissant.","robots":{"index":"index","follow":"follow","max-snippet":"max-snippet:-1","max-image-preview":"max-image-preview:large","max-video-preview":"max-video-preview:-1"},"canonical":"https:\/\/mobilhybrid.de\/fr\/produit\/mh-36\/","og_locale":"fr_FR","og_type":"article","og_title":"MobilHybrid MH-36 \u2013 Mobile Stromversorgung f\u00fcr gro\u00dfe Projekte","og_description":"Der MH-36\/3ph bietet zuverl\u00e4ssige Energie f\u00fcr gro\u00dfe Baustellen, Netzanschlussverst\u00e4rkung und Peak-Shaving. Emissionsfrei und leistungsstark.","og_url":"https:\/\/mobilhybrid.de\/fr\/produit\/mh-36\/","og_site_name":"MobilHybrid","article_publisher":"https:\/\/www.facebook.com\/MobilHybrid\/","article_modified_time":"2025-07-06T13:48:45+00:00","og_image":[{"width":1000,"height":1000,"url":"https:\/\/mobilhybrid.de\/wp-content\/uploads\/2023\/09\/MH36.jpg","type":"image\/jpeg"}],"twitter_card":"summary_large_image","schema":{"@context":"https:\/\/schema.org","@graph":[{"@type":"WebPage","@id":"https:\/\/mobilhybrid.de\/product\/mh-36\/","url":"https:\/\/mobilhybrid.de\/product\/mh-36\/","name":"MobilHybrid MH-36 - Alimentation mobile pour les grands projets","isPartOf":{"@id":"https:\/\/mobilhybrid.de\/#website"},"primaryImageOfPage":{"@id":"https:\/\/mobilhybrid.de\/product\/mh-36\/#primaryimage"},"image":{"@id":"https:\/\/mobilhybrid.de\/product\/mh-36\/#primaryimage"},"thumbnailUrl":"https:\/\/mobilhybrid.de\/wp-content\/uploads\/2023\/09\/MH36.jpg","datePublished":"2020-04-13T15:29:28+00:00","dateModified":"2025-07-06T13:48:45+00:00","description":"La MH-36\/3ph offre une \u00e9nergie fiable pour les grands chantiers, le renforcement du raccordement au r\u00e9seau et le peak shaving. Sans \u00e9mission et puissant.","breadcrumb":{"@id":"https:\/\/mobilhybrid.de\/product\/mh-36\/#breadcrumb"},"inLanguage":"fr-FR","potentialAction":[{"@type":"ReadAction","target":["https:\/\/mobilhybrid.de\/product\/mh-36\/"]}]},{"@type":"ImageObject","inLanguage":"fr-FR","@id":"https:\/\/mobilhybrid.de\/product\/mh-36\/#primaryimage","url":"https:\/\/mobilhybrid.de\/wp-content\/uploads\/2023\/09\/MH36.jpg","contentUrl":"https:\/\/mobilhybrid.de\/wp-content\/uploads\/2023\/09\/MH36.jpg","width":1000,"height":1000,"caption":"MobilHybrid MH-36"},{"@type":"BreadcrumbList","@id":"https:\/\/mobilhybrid.de\/product\/mh-36\/#breadcrumb","itemListElement":[{"@type":"ListItem","position":1,"name":"Home","item":"https:\/\/mobilhybrid.de\/"},{"@type":"ListItem","position":2,"name":"Produkte","item":"https:\/\/mobilhybrid.de\/shop\/"},{"@type":"ListItem","position":3,"name":"MH-36"}]},{"@type":"WebSite","@id":"https:\/\/mobilhybrid.de\/#website","url":"https:\/\/mobilhybrid.de\/","name":"MobilHybrid","description":"l'alimentation \u00e9lectrique autonome, mobile et ind\u00e9pendante du r\u00e9seau","publisher":{"@id":"https:\/\/mobilhybrid.de\/#organization"},"potentialAction":[{"@type":"SearchAction","target":{"@type":"EntryPoint","urlTemplate":"https:\/\/mobilhybrid.de\/?s={search_term_string}"},"query-input":{"@type":"PropertyValueSpecification","valueRequired":true,"valueName":"search_term_string"}}],"inLanguage":"fr-FR"},{"@type":"Organization","@id":"https:\/\/mobilhybrid.de\/#organization","name":"MobilHybrid GmbH","url":"https:\/\/mobilhybrid.de\/","logo":{"@type":"ImageObject","inLanguage":"fr-FR","@id":"https:\/\/mobilhybrid.de\/#\/schema\/logo\/image\/","url":"https:\/\/mobilhybrid.de\/wp-content\/uploads\/2020\/04\/152.png","contentUrl":"https:\/\/mobilhybrid.de\/wp-content\/uploads\/2020\/04\/152.png","width":152,"height":152,"caption":"MobilHybrid GmbH"},"image":{"@id":"https:\/\/mobilhybrid.de\/#\/schema\/logo\/image\/"},"sameAs":["https:\/\/www.facebook.com\/MobilHybrid\/","https:\/\/www.instagram.com\/_mobilhybrid_\/?hl=de","https:\/\/www.youtube.com\/@pv4lifegmbh476","https:\/\/de.linkedin.com\/company\/mobilhybrid-ug"]}]}},"_links":{"self":[{"href":"https:\/\/mobilhybrid.de\/fr\/wp-json\/wp\/v2\/product\/1143","targetHints":{"allow":["GET"]}}],"collection":[{"href":"https:\/\/mobilhybrid.de\/fr\/wp-json\/wp\/v2\/product"}],"about":[{"href":"https:\/\/mobilhybrid.de\/fr\/wp-json\/wp\/v2\/types\/product"}],"replies":[{"embeddable":true,"href":"https:\/\/mobilhybrid.de\/fr\/wp-json\/wp\/v2\/comments?post=1143"}],"wp:featuredmedia":[{"embeddable":true,"href":"https:\/\/mobilhybrid.de\/fr\/wp-json\/wp\/v2\/media\/2327"}],"wp:attachment":[{"href":"https:\/\/mobilhybrid.de\/fr\/wp-json\/wp\/v2\/media?parent=1143"}],"wp:term":[{"taxonomy":"product_brand","embeddable":true,"href":"https:\/\/mobilhybrid.de\/fr\/wp-json\/wp\/v2\/product_brand?post=1143"},{"taxonomy":"product_cat","embeddable":true,"href":"https:\/\/mobilhybrid.de\/fr\/wp-json\/wp\/v2\/product_cat?post=1143"},{"taxonomy":"product_tag","embeddable":true,"href":"https:\/\/mobilhybrid.de\/fr\/wp-json\/wp\/v2\/product_tag?post=1143"}],"curies":[{"name":"wp","href":"https:\/\/api.w.org\/{rel}","templated":true}]}}