{"id":1144,"date":"2020-04-13T17:36:22","date_gmt":"2020-04-13T15:36:22","guid":{"rendered":"https:\/\/mhdemo.local\/?post_type=product&#038;p=1144"},"modified":"2026-04-02T00:02:41","modified_gmt":"2026-04-01T22:02:41","slug":"mh-48","status":"publish","type":"product","link":"https:\/\/mobilhybrid.de\/fr\/produit\/mh-48\/","title":{"rendered":"MH-48"},"content":{"rendered":"<p>Le site <strong><span style=\"color: #58a332;\">M<\/span><\/strong>obil<strong><span style=\"color: #58a332;\">H<\/span><\/strong>ybrid <strong><span style=\"color: #58a332;\">MH<\/span><\/strong>-48 \/ 3ph est un accumulateur d'\u00e9nergie puissant qui donne d'excellents r\u00e9sultats dans de nombreuses applications exigeantes. Il est particuli\u00e8rement adapt\u00e9 pour :<\/p>\n<ol>\n<li><strong>Alimentation de chantiers jusqu'\u00e0 100 kWh par jour :<\/strong> Le site <strong><span style=\"color: #58a332;\">MH<\/span><\/strong>-48 \/ 3ph couvre les besoins en \u00e9nergie des chantiers jusqu'\u00e0 100 kWh par jour. Il garantit une alimentation \u00e9lectrique fiable, m\u00eame dans des environnements difficiles.<\/li>\n<li><strong>Augmentation de la puissance du raccordement au r\u00e9seau (grid booster) :<\/strong> En tant que grid booster, le <strong><span style=\"color: #58a332;\">MH<\/span><\/strong>-48 \/ 3ph le raccordement au r\u00e9seau et couvre les besoins en puissance suppl\u00e9mentaires. Ceci est particuli\u00e8rement utile lorsque davantage de puissance est n\u00e9cessaire.<\/li>\n<li><strong>Hybridation des g\u00e9n\u00e9rateurs d'\u00e9lectricit\u00e9 :<\/strong> Le site <strong><span style=\"color: #58a332;\">MH<\/span><\/strong>-48 \/ 3ph r\u00e9duit les co\u00fbts d'exploitation par l'hybridation des groupes \u00e9lectrog\u00e8nes jusqu'\u00e0 70%. Cela permet d'augmenter l'efficacit\u00e9 et de r\u00e9duire les co\u00fbts.<\/li>\n<li><strong>Peak shaving en cas de courant de d\u00e9marrage \u00e9lev\u00e9 :<\/strong> Le site <strong><span style=\"color: #58a332;\">MH<\/span><\/strong>-48 \/ 3ph soutient les machines avec un courant de d\u00e9marrage \u00e9lev\u00e9, comme les grues, les scies et les pompes, gr\u00e2ce \u00e0 un peak shaving efficace. Cela permet de stabiliser la consommation d'\u00e9nergie.<\/li>\n<li><strong>Alimentation \u00e9lectrique sans \u00e9mission pour les travaux dans les tunnels et les chantiers :<\/strong> Le site <strong><span style=\"color: #58a332;\">MH<\/span><\/strong>-48 \/ 3ph offre une solution respectueuse de l'environnement pour les travaux dans les tunnels et les chantiers en milieu urbain ainsi que dans les r\u00e9serves naturelles. Il r\u00e9duit les \u00e9missions de CO2 et minimise l'impact sur l'environnement.<\/li>\n<li><strong>Alimentation \u00e9lectrique redondante lors d'\u00e9v\u00e9nements et de tournages :<\/strong> Le site <strong><span style=\"color: #58a332;\">MH<\/span><\/strong>-48 \/ 3ph assure une alimentation \u00e9lectrique fiable et redondante lors d'\u00e9v\u00e9nements et de tournages. Il garantit une alimentation \u00e9lectrique continue, m\u00eame en cas de pannes impr\u00e9vues.<\/li>\n<\/ol>","protected":false},"excerpt":{"rendered":"<p>Le site <strong><span style=\"color: #58a332;\">M<\/span><\/strong>obil<strong><span style=\"color: #58a332;\">H<\/span><\/strong>ybrid <strong><span style=\"color: #58a332;\">MH<\/span><\/strong>-48 \/ 3ph offre des performances et une fiabilit\u00e9 maximales dans une multitude d'applications exigeantes. Dans le but de couvrir les besoins en \u00e9nergie, de r\u00e9duire les co\u00fbts d'exploitation et de minimiser l'impact sur l'environnement, le <strong><span style=\"color: #58a332;\">MH<\/span><\/strong>-48 \/ 3ph le bon choix pour la r\u00e9ussite de vos projets.<\/p>","protected":false},"featured_media":2329,"comment_status":"closed","ping_status":"closed","template":"","meta":[],"product_brand":[],"product_cat":[71,34],"product_tag":[],"class_list":{"0":"post-1144","1":"product","2":"type-product","3":"status-publish","4":"has-post-thumbnail","6":"product_cat-bg-e","7":"product_cat-mobilhybrid","9":"first","10":"instock","11":"shipping-taxable","12":"product-type-simple"},"yoast_head":"<!-- This site is optimized with the Yoast SEO plugin v26.6 - https:\/\/yoast.com\/wordpress\/plugins\/seo\/ -->\n<title>MH-48 \u2013 Leistungsstarker Energiespeicher f\u00fcr gro\u00dfe Projekt<\/title>\n<meta name=\"description\" content=\"Der MH-48 liefert zuverl\u00e4ssige Energie f\u00fcr Baustellen, Netzverst\u00e4rkung und Peak-Shaving. Ideal f\u00fcr emissionsfreie Stromversorgung.\" \/>\n<meta name=\"robots\" content=\"index, follow, max-snippet:-1, max-image-preview:large, max-video-preview:-1\" \/>\n<link rel=\"canonical\" href=\"https:\/\/mobilhybrid.de\/fr\/produit\/mh-48\/\" \/>\n<meta property=\"og:locale\" content=\"fr_FR\" \/>\n<meta property=\"og:type\" content=\"article\" \/>\n<meta property=\"og:title\" content=\"MH-48 \u2013 Leistungsstarker Energiespeicher f\u00fcr gro\u00dfe Projekt\" \/>\n<meta property=\"og:description\" content=\"Der MH-48 liefert zuverl\u00e4ssige Energie f\u00fcr Baustellen, Netzverst\u00e4rkung und Peak-Shaving. Ideal f\u00fcr emissionsfreie Stromversorgung.\" \/>\n<meta property=\"og:url\" content=\"https:\/\/mobilhybrid.de\/fr\/produit\/mh-48\/\" \/>\n<meta property=\"og:site_name\" content=\"MobilHybrid\" \/>\n<meta property=\"article:publisher\" content=\"https:\/\/www.facebook.com\/MobilHybrid\/\" \/>\n<meta property=\"article:modified_time\" content=\"2026-04-01T22:02:41+00:00\" \/>\n<meta property=\"og:image\" content=\"https:\/\/mobilhybrid.de\/wp-content\/uploads\/2023\/09\/MH-Hintergrund-weiss.jpg\" \/>\n\t<meta property=\"og:image:width\" content=\"1000\" \/>\n\t<meta property=\"og:image:height\" content=\"1000\" \/>\n\t<meta property=\"og:image:type\" content=\"image\/jpeg\" \/>\n<meta name=\"twitter:card\" content=\"summary_large_image\" \/>\n<script type=\"application\/ld+json\" class=\"yoast-schema-graph\">{\"@context\":\"https:\/\/schema.org\",\"@graph\":[{\"@type\":\"WebPage\",\"@id\":\"https:\/\/mobilhybrid.de\/product\/mh-48\/\",\"url\":\"https:\/\/mobilhybrid.de\/product\/mh-48\/\",\"name\":\"MH-48 \u2013 Leistungsstarker Energiespeicher f\u00fcr gro\u00dfe Projekt\",\"isPartOf\":{\"@id\":\"https:\/\/mobilhybrid.de\/#website\"},\"primaryImageOfPage\":{\"@id\":\"https:\/\/mobilhybrid.de\/product\/mh-48\/#primaryimage\"},\"image\":{\"@id\":\"https:\/\/mobilhybrid.de\/product\/mh-48\/#primaryimage\"},\"thumbnailUrl\":\"https:\/\/mobilhybrid.de\/wp-content\/uploads\/2023\/09\/MH-Hintergrund-weiss.jpg\",\"datePublished\":\"2020-04-13T15:36:22+00:00\",\"dateModified\":\"2026-04-01T22:02:41+00:00\",\"description\":\"Der MH-48 liefert zuverl\u00e4ssige Energie f\u00fcr Baustellen, Netzverst\u00e4rkung und Peak-Shaving. Ideal f\u00fcr emissionsfreie Stromversorgung.\",\"breadcrumb\":{\"@id\":\"https:\/\/mobilhybrid.de\/product\/mh-48\/#breadcrumb\"},\"inLanguage\":\"fr-FR\",\"potentialAction\":[{\"@type\":\"ReadAction\",\"target\":[\"https:\/\/mobilhybrid.de\/product\/mh-48\/\"]}]},{\"@type\":\"ImageObject\",\"inLanguage\":\"fr-FR\",\"@id\":\"https:\/\/mobilhybrid.de\/product\/mh-48\/#primaryimage\",\"url\":\"https:\/\/mobilhybrid.de\/wp-content\/uploads\/2023\/09\/MH-Hintergrund-weiss.jpg\",\"contentUrl\":\"https:\/\/mobilhybrid.de\/wp-content\/uploads\/2023\/09\/MH-Hintergrund-weiss.jpg\",\"width\":1000,\"height\":1000,\"caption\":\"MobilHybrid MH-48\"},{\"@type\":\"BreadcrumbList\",\"@id\":\"https:\/\/mobilhybrid.de\/product\/mh-48\/#breadcrumb\",\"itemListElement\":[{\"@type\":\"ListItem\",\"position\":1,\"name\":\"Home\",\"item\":\"https:\/\/mobilhybrid.de\/\"},{\"@type\":\"ListItem\",\"position\":2,\"name\":\"Produkte\",\"item\":\"https:\/\/mobilhybrid.de\/shop\/\"},{\"@type\":\"ListItem\",\"position\":3,\"name\":\"MH-48\"}]},{\"@type\":\"WebSite\",\"@id\":\"https:\/\/mobilhybrid.de\/#website\",\"url\":\"https:\/\/mobilhybrid.de\/\",\"name\":\"MobilHybrid\",\"description\":\"die autarke, mobile netzunabh\u00e4ngige Stromversorgung\",\"publisher\":{\"@id\":\"https:\/\/mobilhybrid.de\/#organization\"},\"potentialAction\":[{\"@type\":\"SearchAction\",\"target\":{\"@type\":\"EntryPoint\",\"urlTemplate\":\"https:\/\/mobilhybrid.de\/?s={search_term_string}\"},\"query-input\":{\"@type\":\"PropertyValueSpecification\",\"valueRequired\":true,\"valueName\":\"search_term_string\"}}],\"inLanguage\":\"fr-FR\"},{\"@type\":\"Organization\",\"@id\":\"https:\/\/mobilhybrid.de\/#organization\",\"name\":\"MobilHybrid GmbH\",\"url\":\"https:\/\/mobilhybrid.de\/\",\"logo\":{\"@type\":\"ImageObject\",\"inLanguage\":\"fr-FR\",\"@id\":\"https:\/\/mobilhybrid.de\/#\/schema\/logo\/image\/\",\"url\":\"https:\/\/mobilhybrid.de\/wp-content\/uploads\/2020\/04\/152.png\",\"contentUrl\":\"https:\/\/mobilhybrid.de\/wp-content\/uploads\/2020\/04\/152.png\",\"width\":152,\"height\":152,\"caption\":\"MobilHybrid GmbH\"},\"image\":{\"@id\":\"https:\/\/mobilhybrid.de\/#\/schema\/logo\/image\/\"},\"sameAs\":[\"https:\/\/www.facebook.com\/MobilHybrid\/\",\"https:\/\/www.instagram.com\/_mobilhybrid_\/?hl=de\",\"https:\/\/www.youtube.com\/@pv4lifegmbh476\",\"https:\/\/de.linkedin.com\/company\/mobilhybrid-ug\"]}]}<\/script>\n<!-- \/ Yoast SEO plugin. -->","yoast_head_json":{"title":"MH-48 - Un stockage d'\u00e9nergie puissant pour les grands projets","description":"La MH-48 fournit une \u00e9nergie fiable pour les chantiers, le renforcement du r\u00e9seau et le peak shaving. Id\u00e9al pour une alimentation \u00e9lectrique sans \u00e9missions.","robots":{"index":"index","follow":"follow","max-snippet":"max-snippet:-1","max-image-preview":"max-image-preview:large","max-video-preview":"max-video-preview:-1"},"canonical":"https:\/\/mobilhybrid.de\/fr\/produit\/mh-48\/","og_locale":"fr_FR","og_type":"article","og_title":"MH-48 \u2013 Leistungsstarker Energiespeicher f\u00fcr gro\u00dfe Projekt","og_description":"Der MH-48 liefert zuverl\u00e4ssige Energie f\u00fcr Baustellen, Netzverst\u00e4rkung und Peak-Shaving. Ideal f\u00fcr emissionsfreie Stromversorgung.","og_url":"https:\/\/mobilhybrid.de\/fr\/produit\/mh-48\/","og_site_name":"MobilHybrid","article_publisher":"https:\/\/www.facebook.com\/MobilHybrid\/","article_modified_time":"2026-04-01T22:02:41+00:00","og_image":[{"width":1000,"height":1000,"url":"https:\/\/mobilhybrid.de\/wp-content\/uploads\/2023\/09\/MH-Hintergrund-weiss.jpg","type":"image\/jpeg"}],"twitter_card":"summary_large_image","schema":{"@context":"https:\/\/schema.org","@graph":[{"@type":"WebPage","@id":"https:\/\/mobilhybrid.de\/product\/mh-48\/","url":"https:\/\/mobilhybrid.de\/product\/mh-48\/","name":"MH-48 - Un stockage d'\u00e9nergie puissant pour les grands projets","isPartOf":{"@id":"https:\/\/mobilhybrid.de\/#website"},"primaryImageOfPage":{"@id":"https:\/\/mobilhybrid.de\/product\/mh-48\/#primaryimage"},"image":{"@id":"https:\/\/mobilhybrid.de\/product\/mh-48\/#primaryimage"},"thumbnailUrl":"https:\/\/mobilhybrid.de\/wp-content\/uploads\/2023\/09\/MH-Hintergrund-weiss.jpg","datePublished":"2020-04-13T15:36:22+00:00","dateModified":"2026-04-01T22:02:41+00:00","description":"La MH-48 fournit une \u00e9nergie fiable pour les chantiers, le renforcement du r\u00e9seau et le peak shaving. Id\u00e9al pour une alimentation \u00e9lectrique sans \u00e9missions.","breadcrumb":{"@id":"https:\/\/mobilhybrid.de\/product\/mh-48\/#breadcrumb"},"inLanguage":"fr-FR","potentialAction":[{"@type":"ReadAction","target":["https:\/\/mobilhybrid.de\/product\/mh-48\/"]}]},{"@type":"ImageObject","inLanguage":"fr-FR","@id":"https:\/\/mobilhybrid.de\/product\/mh-48\/#primaryimage","url":"https:\/\/mobilhybrid.de\/wp-content\/uploads\/2023\/09\/MH-Hintergrund-weiss.jpg","contentUrl":"https:\/\/mobilhybrid.de\/wp-content\/uploads\/2023\/09\/MH-Hintergrund-weiss.jpg","width":1000,"height":1000,"caption":"MobilHybrid MH-48"},{"@type":"BreadcrumbList","@id":"https:\/\/mobilhybrid.de\/product\/mh-48\/#breadcrumb","itemListElement":[{"@type":"ListItem","position":1,"name":"Home","item":"https:\/\/mobilhybrid.de\/"},{"@type":"ListItem","position":2,"name":"Produkte","item":"https:\/\/mobilhybrid.de\/shop\/"},{"@type":"ListItem","position":3,"name":"MH-48"}]},{"@type":"WebSite","@id":"https:\/\/mobilhybrid.de\/#website","url":"https:\/\/mobilhybrid.de\/","name":"MobilHybrid","description":"l'alimentation \u00e9lectrique autonome, mobile et ind\u00e9pendante du r\u00e9seau","publisher":{"@id":"https:\/\/mobilhybrid.de\/#organization"},"potentialAction":[{"@type":"SearchAction","target":{"@type":"EntryPoint","urlTemplate":"https:\/\/mobilhybrid.de\/?s={search_term_string}"},"query-input":{"@type":"PropertyValueSpecification","valueRequired":true,"valueName":"search_term_string"}}],"inLanguage":"fr-FR"},{"@type":"Organization","@id":"https:\/\/mobilhybrid.de\/#organization","name":"MobilHybrid GmbH","url":"https:\/\/mobilhybrid.de\/","logo":{"@type":"ImageObject","inLanguage":"fr-FR","@id":"https:\/\/mobilhybrid.de\/#\/schema\/logo\/image\/","url":"https:\/\/mobilhybrid.de\/wp-content\/uploads\/2020\/04\/152.png","contentUrl":"https:\/\/mobilhybrid.de\/wp-content\/uploads\/2020\/04\/152.png","width":152,"height":152,"caption":"MobilHybrid GmbH"},"image":{"@id":"https:\/\/mobilhybrid.de\/#\/schema\/logo\/image\/"},"sameAs":["https:\/\/www.facebook.com\/MobilHybrid\/","https:\/\/www.instagram.com\/_mobilhybrid_\/?hl=de","https:\/\/www.youtube.com\/@pv4lifegmbh476","https:\/\/de.linkedin.com\/company\/mobilhybrid-ug"]}]}},"_links":{"self":[{"href":"https:\/\/mobilhybrid.de\/fr\/wp-json\/wp\/v2\/product\/1144","targetHints":{"allow":["GET"]}}],"collection":[{"href":"https:\/\/mobilhybrid.de\/fr\/wp-json\/wp\/v2\/product"}],"about":[{"href":"https:\/\/mobilhybrid.de\/fr\/wp-json\/wp\/v2\/types\/product"}],"replies":[{"embeddable":true,"href":"https:\/\/mobilhybrid.de\/fr\/wp-json\/wp\/v2\/comments?post=1144"}],"wp:featuredmedia":[{"embeddable":true,"href":"https:\/\/mobilhybrid.de\/fr\/wp-json\/wp\/v2\/media\/2329"}],"wp:attachment":[{"href":"https:\/\/mobilhybrid.de\/fr\/wp-json\/wp\/v2\/media?parent=1144"}],"wp:term":[{"taxonomy":"product_brand","embeddable":true,"href":"https:\/\/mobilhybrid.de\/fr\/wp-json\/wp\/v2\/product_brand?post=1144"},{"taxonomy":"product_cat","embeddable":true,"href":"https:\/\/mobilhybrid.de\/fr\/wp-json\/wp\/v2\/product_cat?post=1144"},{"taxonomy":"product_tag","embeddable":true,"href":"https:\/\/mobilhybrid.de\/fr\/wp-json\/wp\/v2\/product_tag?post=1144"}],"curies":[{"name":"wp","href":"https:\/\/api.w.org\/{rel}","templated":true}]}}