{"id":1145,"date":"2020-04-13T17:59:57","date_gmt":"2020-04-13T15:59:57","guid":{"rendered":"https:\/\/mhdemo.local\/?post_type=product&#038;p=1145"},"modified":"2025-07-06T15:47:18","modified_gmt":"2025-07-06T13:47:18","slug":"mh-72","status":"publish","type":"product","link":"https:\/\/mobilhybrid.de\/fr\/produit\/mh-72\/","title":{"rendered":"MH-72"},"content":{"rendered":"<p>Le site <strong><span style=\"color: #58a332;\">M<\/span><\/strong>obil<strong><span style=\"color: #58a332;\">H<\/span><\/strong>ybrid <strong><span style=\"color: #58a332;\">MH<\/span><\/strong>-72 \/ 3ph est un accumulateur d'\u00e9nergie puissant, con\u00e7u pour les applications exigeantes. Avec ses performances et sa fiabilit\u00e9 impressionnantes, il est id\u00e9al pour :<\/p>\n<ol>\n<li><strong>Alimentation des chantiers jusqu'\u00e0 150 kWh par jour :<\/strong> Le site <strong><span style=\"color: #58a332;\">MH<\/span><\/strong>-72 \/ 3ph alimente les chantiers de mani\u00e8re fiable avec jusqu'\u00e0 150 kWh par jour. Il offre une alimentation en \u00e9nergie continue et performante.<\/li>\n<li><strong>Augmentation de la puissance du raccordement au r\u00e9seau (grid booster) :<\/strong> En tant que grid booster, le <strong><span style=\"color: #58a332;\">MH<\/span><\/strong>-72 \/ 3ph le raccordement au r\u00e9seau et assure une alimentation \u00e9lectrique fiable, m\u00eame en cas de besoins \u00e9nerg\u00e9tiques accrus.<\/li>\n<li><strong>Hybridation des g\u00e9n\u00e9rateurs d'\u00e9lectricit\u00e9 :<\/strong> Le site <strong><span style=\"color: #58a332;\">MH<\/span><\/strong>-72 \/ 3ph r\u00e9duit les co\u00fbts d'exploitation jusqu'\u00e0 70% gr\u00e2ce \u00e0 l'hybridation intelligente des groupes \u00e9lectrog\u00e8nes. Cela am\u00e9liore l'efficacit\u00e9 et r\u00e9duit les co\u00fbts.<\/li>\n<li><strong>Alimentation de consommateurs avec un courant de d\u00e9marrage \u00e9lev\u00e9 :<\/strong> Le site <strong><span style=\"color: #58a332;\">MH<\/span><\/strong>-72 \/ 3ph assure une alimentation en \u00e9nergie efficace et s\u00fbre pour les machines ayant un courant de d\u00e9marrage \u00e9lev\u00e9, comme les grues, les scies et les pompes. Cela garantit un fonctionnement sans faille.<\/li>\n<li><strong>Alimentation \u00e9lectrique sans \u00e9mission pour les travaux dans les tunnels et les chantiers :<\/strong> Le site <strong><span style=\"color: #58a332;\">MH<\/span><\/strong>-72 \/ 3ph offre une solution respectueuse de l'environnement pour les travaux dans les tunnels et les chantiers en milieu urbain ainsi que dans les r\u00e9serves naturelles. Il r\u00e9duit les \u00e9missions de CO2 et minimise l'impact sur l'environnement.<\/li>\n<\/ol>","protected":false},"excerpt":{"rendered":"<p>Le site <strong><span style=\"color: #58a332;\">M<\/span><\/strong>obil<strong><span style=\"color: #58a332;\">H<\/span><\/strong>ybrid <strong><span style=\"color: #58a332;\">MH<\/span><\/strong>-72 \/ 3ph fournit une puissance et une fiabilit\u00e9 maximales pour les applications exigeantes. Dans le but de couvrir les besoins en \u00e9nergie, de r\u00e9duire les co\u00fbts d'exploitation et de minimiser l'impact sur l'environnement, le <strong><span style=\"color: #58a332;\">MH<\/span><\/strong>-72 \/ 3ph la solution id\u00e9ale pour votre succ\u00e8s.<\/p>","protected":false},"featured_media":2329,"comment_status":"closed","ping_status":"closed","template":"","meta":[],"product_brand":[],"product_cat":[71,34],"product_tag":[],"class_list":{"0":"post-1145","1":"product","2":"type-product","3":"status-publish","4":"has-post-thumbnail","6":"product_cat-bg-e","7":"product_cat-mobilhybrid","9":"first","10":"instock","11":"shipping-taxable","12":"product-type-simple"},"yoast_head":"<!-- This site is optimized with the Yoast SEO plugin v26.6 - https:\/\/yoast.com\/wordpress\/plugins\/seo\/ -->\n<title>MH-72 \u2013 Hochleistungsspeicher f\u00fcr anspruchsvolle Anwendungen<\/title>\n<meta name=\"description\" content=\"MobilHybrid MH-72 der leistungsstarke Energiespeicher f\u00fcr gro\u00dfe Baustellen, Netzsteigerung, und emissionsfreie Stromversorgung.\" \/>\n<meta name=\"robots\" content=\"index, follow, max-snippet:-1, max-image-preview:large, max-video-preview:-1\" \/>\n<link rel=\"canonical\" href=\"https:\/\/mobilhybrid.de\/fr\/produit\/mh-72\/\" \/>\n<meta property=\"og:locale\" content=\"fr_FR\" \/>\n<meta property=\"og:type\" content=\"article\" \/>\n<meta property=\"og:title\" content=\"MH-72 \u2013 Hochleistungsspeicher f\u00fcr anspruchsvolle Anwendungen\" \/>\n<meta property=\"og:description\" content=\"MobilHybrid MH-72 der leistungsstarke Energiespeicher f\u00fcr gro\u00dfe Baustellen, Netzsteigerung, und emissionsfreie Stromversorgung.\" \/>\n<meta property=\"og:url\" content=\"https:\/\/mobilhybrid.de\/fr\/produit\/mh-72\/\" \/>\n<meta property=\"og:site_name\" content=\"MobilHybrid\" \/>\n<meta property=\"article:publisher\" content=\"https:\/\/www.facebook.com\/MobilHybrid\/\" \/>\n<meta property=\"article:modified_time\" content=\"2025-07-06T13:47:18+00:00\" \/>\n<meta property=\"og:image\" content=\"https:\/\/mobilhybrid.de\/wp-content\/uploads\/2023\/09\/MH-Hintergrund-weiss.jpg\" \/>\n\t<meta property=\"og:image:width\" content=\"1000\" \/>\n\t<meta property=\"og:image:height\" content=\"1000\" \/>\n\t<meta property=\"og:image:type\" content=\"image\/jpeg\" \/>\n<meta name=\"twitter:card\" content=\"summary_large_image\" \/>\n<script type=\"application\/ld+json\" class=\"yoast-schema-graph\">{\"@context\":\"https:\/\/schema.org\",\"@graph\":[{\"@type\":\"WebPage\",\"@id\":\"https:\/\/mobilhybrid.de\/product\/mh-72\/\",\"url\":\"https:\/\/mobilhybrid.de\/product\/mh-72\/\",\"name\":\"MH-72 \u2013 Hochleistungsspeicher f\u00fcr anspruchsvolle Anwendungen\",\"isPartOf\":{\"@id\":\"https:\/\/mobilhybrid.de\/#website\"},\"primaryImageOfPage\":{\"@id\":\"https:\/\/mobilhybrid.de\/product\/mh-72\/#primaryimage\"},\"image\":{\"@id\":\"https:\/\/mobilhybrid.de\/product\/mh-72\/#primaryimage\"},\"thumbnailUrl\":\"https:\/\/mobilhybrid.de\/wp-content\/uploads\/2023\/09\/MH-Hintergrund-weiss.jpg\",\"datePublished\":\"2020-04-13T15:59:57+00:00\",\"dateModified\":\"2025-07-06T13:47:18+00:00\",\"description\":\"MobilHybrid MH-72 der leistungsstarke Energiespeicher f\u00fcr gro\u00dfe Baustellen, Netzsteigerung, und emissionsfreie Stromversorgung.\",\"breadcrumb\":{\"@id\":\"https:\/\/mobilhybrid.de\/product\/mh-72\/#breadcrumb\"},\"inLanguage\":\"fr-FR\",\"potentialAction\":[{\"@type\":\"ReadAction\",\"target\":[\"https:\/\/mobilhybrid.de\/product\/mh-72\/\"]}]},{\"@type\":\"ImageObject\",\"inLanguage\":\"fr-FR\",\"@id\":\"https:\/\/mobilhybrid.de\/product\/mh-72\/#primaryimage\",\"url\":\"https:\/\/mobilhybrid.de\/wp-content\/uploads\/2023\/09\/MH-Hintergrund-weiss.jpg\",\"contentUrl\":\"https:\/\/mobilhybrid.de\/wp-content\/uploads\/2023\/09\/MH-Hintergrund-weiss.jpg\",\"width\":1000,\"height\":1000,\"caption\":\"MobilHybrid MH-48\"},{\"@type\":\"BreadcrumbList\",\"@id\":\"https:\/\/mobilhybrid.de\/product\/mh-72\/#breadcrumb\",\"itemListElement\":[{\"@type\":\"ListItem\",\"position\":1,\"name\":\"Home\",\"item\":\"https:\/\/mobilhybrid.de\/\"},{\"@type\":\"ListItem\",\"position\":2,\"name\":\"Produkte\",\"item\":\"https:\/\/mobilhybrid.de\/shop\/\"},{\"@type\":\"ListItem\",\"position\":3,\"name\":\"MH-72\"}]},{\"@type\":\"WebSite\",\"@id\":\"https:\/\/mobilhybrid.de\/#website\",\"url\":\"https:\/\/mobilhybrid.de\/\",\"name\":\"MobilHybrid\",\"description\":\"die autarke, mobile netzunabh\u00e4ngige Stromversorgung\",\"publisher\":{\"@id\":\"https:\/\/mobilhybrid.de\/#organization\"},\"potentialAction\":[{\"@type\":\"SearchAction\",\"target\":{\"@type\":\"EntryPoint\",\"urlTemplate\":\"https:\/\/mobilhybrid.de\/?s={search_term_string}\"},\"query-input\":{\"@type\":\"PropertyValueSpecification\",\"valueRequired\":true,\"valueName\":\"search_term_string\"}}],\"inLanguage\":\"fr-FR\"},{\"@type\":\"Organization\",\"@id\":\"https:\/\/mobilhybrid.de\/#organization\",\"name\":\"MobilHybrid GmbH\",\"url\":\"https:\/\/mobilhybrid.de\/\",\"logo\":{\"@type\":\"ImageObject\",\"inLanguage\":\"fr-FR\",\"@id\":\"https:\/\/mobilhybrid.de\/#\/schema\/logo\/image\/\",\"url\":\"https:\/\/mobilhybrid.de\/wp-content\/uploads\/2020\/04\/152.png\",\"contentUrl\":\"https:\/\/mobilhybrid.de\/wp-content\/uploads\/2020\/04\/152.png\",\"width\":152,\"height\":152,\"caption\":\"MobilHybrid GmbH\"},\"image\":{\"@id\":\"https:\/\/mobilhybrid.de\/#\/schema\/logo\/image\/\"},\"sameAs\":[\"https:\/\/www.facebook.com\/MobilHybrid\/\",\"https:\/\/www.instagram.com\/_mobilhybrid_\/?hl=de\",\"https:\/\/www.youtube.com\/@pv4lifegmbh476\",\"https:\/\/de.linkedin.com\/company\/mobilhybrid-ug\"]}]}<\/script>\n<!-- \/ Yoast SEO plugin. -->","yoast_head_json":{"title":"MH-72 - M\u00e9moire haute performance pour les applications exigeantes","description":"MobilHybrid MH-72 le puissant accumulateur d'\u00e9nergie pour les grands chantiers, l'augmentation du r\u00e9seau, et l'alimentation \u00e9lectrique sans \u00e9missions.","robots":{"index":"index","follow":"follow","max-snippet":"max-snippet:-1","max-image-preview":"max-image-preview:large","max-video-preview":"max-video-preview:-1"},"canonical":"https:\/\/mobilhybrid.de\/fr\/produit\/mh-72\/","og_locale":"fr_FR","og_type":"article","og_title":"MH-72 \u2013 Hochleistungsspeicher f\u00fcr anspruchsvolle Anwendungen","og_description":"MobilHybrid MH-72 der leistungsstarke Energiespeicher f\u00fcr gro\u00dfe Baustellen, Netzsteigerung, und emissionsfreie Stromversorgung.","og_url":"https:\/\/mobilhybrid.de\/fr\/produit\/mh-72\/","og_site_name":"MobilHybrid","article_publisher":"https:\/\/www.facebook.com\/MobilHybrid\/","article_modified_time":"2025-07-06T13:47:18+00:00","og_image":[{"width":1000,"height":1000,"url":"https:\/\/mobilhybrid.de\/wp-content\/uploads\/2023\/09\/MH-Hintergrund-weiss.jpg","type":"image\/jpeg"}],"twitter_card":"summary_large_image","schema":{"@context":"https:\/\/schema.org","@graph":[{"@type":"WebPage","@id":"https:\/\/mobilhybrid.de\/product\/mh-72\/","url":"https:\/\/mobilhybrid.de\/product\/mh-72\/","name":"MH-72 - M\u00e9moire haute performance pour les applications exigeantes","isPartOf":{"@id":"https:\/\/mobilhybrid.de\/#website"},"primaryImageOfPage":{"@id":"https:\/\/mobilhybrid.de\/product\/mh-72\/#primaryimage"},"image":{"@id":"https:\/\/mobilhybrid.de\/product\/mh-72\/#primaryimage"},"thumbnailUrl":"https:\/\/mobilhybrid.de\/wp-content\/uploads\/2023\/09\/MH-Hintergrund-weiss.jpg","datePublished":"2020-04-13T15:59:57+00:00","dateModified":"2025-07-06T13:47:18+00:00","description":"MobilHybrid MH-72 le puissant accumulateur d'\u00e9nergie pour les grands chantiers, l'augmentation du r\u00e9seau, et l'alimentation \u00e9lectrique sans \u00e9missions.","breadcrumb":{"@id":"https:\/\/mobilhybrid.de\/product\/mh-72\/#breadcrumb"},"inLanguage":"fr-FR","potentialAction":[{"@type":"ReadAction","target":["https:\/\/mobilhybrid.de\/product\/mh-72\/"]}]},{"@type":"ImageObject","inLanguage":"fr-FR","@id":"https:\/\/mobilhybrid.de\/product\/mh-72\/#primaryimage","url":"https:\/\/mobilhybrid.de\/wp-content\/uploads\/2023\/09\/MH-Hintergrund-weiss.jpg","contentUrl":"https:\/\/mobilhybrid.de\/wp-content\/uploads\/2023\/09\/MH-Hintergrund-weiss.jpg","width":1000,"height":1000,"caption":"MobilHybrid MH-48"},{"@type":"BreadcrumbList","@id":"https:\/\/mobilhybrid.de\/product\/mh-72\/#breadcrumb","itemListElement":[{"@type":"ListItem","position":1,"name":"Home","item":"https:\/\/mobilhybrid.de\/"},{"@type":"ListItem","position":2,"name":"Produkte","item":"https:\/\/mobilhybrid.de\/shop\/"},{"@type":"ListItem","position":3,"name":"MH-72"}]},{"@type":"WebSite","@id":"https:\/\/mobilhybrid.de\/#website","url":"https:\/\/mobilhybrid.de\/","name":"MobilHybrid","description":"l'alimentation \u00e9lectrique autonome, mobile et ind\u00e9pendante du r\u00e9seau","publisher":{"@id":"https:\/\/mobilhybrid.de\/#organization"},"potentialAction":[{"@type":"SearchAction","target":{"@type":"EntryPoint","urlTemplate":"https:\/\/mobilhybrid.de\/?s={search_term_string}"},"query-input":{"@type":"PropertyValueSpecification","valueRequired":true,"valueName":"search_term_string"}}],"inLanguage":"fr-FR"},{"@type":"Organization","@id":"https:\/\/mobilhybrid.de\/#organization","name":"MobilHybrid GmbH","url":"https:\/\/mobilhybrid.de\/","logo":{"@type":"ImageObject","inLanguage":"fr-FR","@id":"https:\/\/mobilhybrid.de\/#\/schema\/logo\/image\/","url":"https:\/\/mobilhybrid.de\/wp-content\/uploads\/2020\/04\/152.png","contentUrl":"https:\/\/mobilhybrid.de\/wp-content\/uploads\/2020\/04\/152.png","width":152,"height":152,"caption":"MobilHybrid GmbH"},"image":{"@id":"https:\/\/mobilhybrid.de\/#\/schema\/logo\/image\/"},"sameAs":["https:\/\/www.facebook.com\/MobilHybrid\/","https:\/\/www.instagram.com\/_mobilhybrid_\/?hl=de","https:\/\/www.youtube.com\/@pv4lifegmbh476","https:\/\/de.linkedin.com\/company\/mobilhybrid-ug"]}]}},"_links":{"self":[{"href":"https:\/\/mobilhybrid.de\/fr\/wp-json\/wp\/v2\/product\/1145","targetHints":{"allow":["GET"]}}],"collection":[{"href":"https:\/\/mobilhybrid.de\/fr\/wp-json\/wp\/v2\/product"}],"about":[{"href":"https:\/\/mobilhybrid.de\/fr\/wp-json\/wp\/v2\/types\/product"}],"replies":[{"embeddable":true,"href":"https:\/\/mobilhybrid.de\/fr\/wp-json\/wp\/v2\/comments?post=1145"}],"wp:featuredmedia":[{"embeddable":true,"href":"https:\/\/mobilhybrid.de\/fr\/wp-json\/wp\/v2\/media\/2329"}],"wp:attachment":[{"href":"https:\/\/mobilhybrid.de\/fr\/wp-json\/wp\/v2\/media?parent=1145"}],"wp:term":[{"taxonomy":"product_brand","embeddable":true,"href":"https:\/\/mobilhybrid.de\/fr\/wp-json\/wp\/v2\/product_brand?post=1145"},{"taxonomy":"product_cat","embeddable":true,"href":"https:\/\/mobilhybrid.de\/fr\/wp-json\/wp\/v2\/product_cat?post=1145"},{"taxonomy":"product_tag","embeddable":true,"href":"https:\/\/mobilhybrid.de\/fr\/wp-json\/wp\/v2\/product_tag?post=1145"}],"curies":[{"name":"wp","href":"https:\/\/api.w.org\/{rel}","templated":true}]}}