{"id":1146,"date":"2020-04-13T18:04:38","date_gmt":"2020-04-13T16:04:38","guid":{"rendered":"https:\/\/mhdemo.local\/?post_type=product&#038;p=1146"},"modified":"2025-07-06T15:43:41","modified_gmt":"2025-07-06T13:43:41","slug":"mh-108","status":"publish","type":"product","link":"https:\/\/mobilhybrid.de\/fr\/produit\/mh-108\/","title":{"rendered":"MH-108"},"content":{"rendered":"<p>Le site <strong><span style=\"color: #58a332;\">C<\/span><\/strong>ontainer<strong><span style=\"color: #58a332;\">H<\/span><\/strong>ybrid <strong><span style=\"color: #58a332;\">MH<\/span><\/strong>-108 est une innovation de produit con\u00e7ue pour les grands chantiers et les applications exigeantes. Avec sa capacit\u00e9 et sa flexibilit\u00e9 impressionnantes, il est parfaitement adapt\u00e9 \u00e0 :<\/p>\n<ol>\n<li><strong>Alimentation des chantiers jusqu'\u00e0 200 kWh par jour :<\/strong> Le site <strong><span style=\"color: #58a332;\">MH<\/span><\/strong>-108 alimente les chantiers de mani\u00e8re fiable avec jusqu'\u00e0 200 kWh par jour. Il permet le bon fonctionnement des machines et des installations en cas de besoins \u00e9nerg\u00e9tiques \u00e9lev\u00e9s.<\/li>\n<li><strong>Augmentation de la puissance du raccordement au r\u00e9seau (grid booster) :<\/strong> En tant que grid booster, le <strong><span style=\"color: #58a332;\">MH<\/span><\/strong>-108 le raccordement au r\u00e9seau et assure une alimentation \u00e9lectrique stable, m\u00eame en cas de besoins \u00e9nerg\u00e9tiques accrus.<\/li>\n<li><strong>Hybridation des g\u00e9n\u00e9rateurs d'\u00e9lectricit\u00e9 :<\/strong> Le site <strong><span style=\"color: #58a332;\">MH<\/span><\/strong>-108 r\u00e9duit les co\u00fbts d'exploitation jusqu'\u00e0 70% gr\u00e2ce \u00e0 l'hybridation des groupes \u00e9lectrog\u00e8nes. Cela permet d'augmenter l'efficacit\u00e9 et de r\u00e9aliser des \u00e9conomies substantielles.<\/li>\n<li><strong>Alimentation de machines avec un courant de d\u00e9marrage \u00e9lev\u00e9 :<\/strong> Le site <strong><span style=\"color: #58a332;\">MH<\/span><\/strong>-108 offre une alimentation en \u00e9nergie s\u00fbre et efficace pour les machines \u00e0 courant de d\u00e9marrage \u00e9lev\u00e9 telles que les grues, les scies et les pompes. Il garantit le bon fonctionnement de tels appareils.<\/li>\n<li><strong>Production d'\u00e9lectricit\u00e9 respectueuse de l'environnement gr\u00e2ce \u00e0 des installations solaires :<\/strong> Le site <strong><span style=\"color: #58a332;\">MH<\/span><\/strong>-108 permet d'installer des panneaux solaires sur le toit du conteneur. Cela favorise la production \u00e9cologique d'\u00e9lectricit\u00e9 solaire pour soutenir l'approvisionnement en \u00e9lectricit\u00e9.<\/li>\n<li><strong>Climatisation selon les besoins du client :<\/strong> Le conteneur peut \u00eatre climatis\u00e9 individuellement pour faire face \u00e0 des temp\u00e9ratures comprises entre -40 \u00b0C et 55 \u00b0C. Cela permet de l'utiliser dans des environnements extr\u00eames.<\/li>\n<\/ol>","protected":false},"excerpt":{"rendered":"<p>Le site <strong><span style=\"color: #58a332;\">C<\/span><\/strong>ontainer<strong><span style=\"color: #58a332;\">H<\/span><\/strong>ybrid <strong><span style=\"color: #58a332;\">MH<\/span><\/strong>-108 offre une puissance et une flexibilit\u00e9 maximales dans un conteneur de 20 pieds. Il est con\u00e7u pour s'int\u00e9grer sans effort dans la logistique des chantiers. Que ce soit pour alimenter les chantiers en \u00e9nergie, pour augmenter la connexion au r\u00e9seau ou pour hybrider les groupes \u00e9lectrog\u00e8nes, le <strong><span style=\"color: #58a332;\">MH<\/span><\/strong>-108 est le choix optimal pour r\u00e9pondre \u00e0 vos besoins.<\/p>","protected":false},"featured_media":2515,"comment_status":"closed","ping_status":"closed","template":"","meta":[],"product_brand":[],"product_cat":[63],"product_tag":[],"class_list":{"0":"post-1146","1":"product","2":"type-product","3":"status-publish","4":"has-post-thumbnail","6":"product_cat-containerhybrid","8":"first","9":"instock","10":"shipping-taxable","11":"product-type-simple"},"yoast_head":"<!-- This site is optimized with the Yoast SEO plugin v26.6 - https:\/\/yoast.com\/wordpress\/plugins\/seo\/ -->\n<title>ContainerHybrid MH-108 \u2013 H\u00f6chstleistung f\u00fcr Gro\u00dfe Baustellen<\/title>\n<meta name=\"description\" content=\"Der ContainerHybrid MH-108 liefert Spitzenleistung f\u00fcr gro\u00dfe Baustellen bis zu 200 kWh pro Tag. Effiziente Energieversorgung f\u00fcr anspruchsvolle Anwendungen.\" \/>\n<meta name=\"robots\" content=\"index, follow, max-snippet:-1, max-image-preview:large, max-video-preview:-1\" \/>\n<link rel=\"canonical\" href=\"https:\/\/mobilhybrid.de\/fr\/produit\/mh-108\/\" \/>\n<meta property=\"og:locale\" content=\"fr_FR\" \/>\n<meta property=\"og:type\" content=\"article\" \/>\n<meta property=\"og:title\" content=\"ContainerHybrid MH-108 \u2013 H\u00f6chstleistung f\u00fcr Gro\u00dfe Baustellen\" \/>\n<meta property=\"og:description\" content=\"Der ContainerHybrid MH-108 liefert Spitzenleistung f\u00fcr gro\u00dfe Baustellen bis zu 200 kWh pro Tag. Effiziente Energieversorgung f\u00fcr anspruchsvolle Anwendungen.\" \/>\n<meta property=\"og:url\" content=\"https:\/\/mobilhybrid.de\/fr\/produit\/mh-108\/\" \/>\n<meta property=\"og:site_name\" content=\"MobilHybrid\" \/>\n<meta property=\"article:publisher\" content=\"https:\/\/www.facebook.com\/MobilHybrid\/\" \/>\n<meta property=\"article:modified_time\" content=\"2025-07-06T13:43:41+00:00\" \/>\n<meta property=\"og:image\" content=\"https:\/\/mobilhybrid.de\/wp-content\/uploads\/2023\/09\/ContainerHybrid.jpg\" \/>\n\t<meta property=\"og:image:width\" content=\"1000\" \/>\n\t<meta property=\"og:image:height\" content=\"1000\" \/>\n\t<meta property=\"og:image:type\" content=\"image\/jpeg\" \/>\n<meta name=\"twitter:card\" content=\"summary_large_image\" \/>\n<script type=\"application\/ld+json\" class=\"yoast-schema-graph\">{\"@context\":\"https:\/\/schema.org\",\"@graph\":[{\"@type\":\"WebPage\",\"@id\":\"https:\/\/mobilhybrid.de\/product\/mh-108\/\",\"url\":\"https:\/\/mobilhybrid.de\/product\/mh-108\/\",\"name\":\"ContainerHybrid MH-108 \u2013 H\u00f6chstleistung f\u00fcr Gro\u00dfe Baustellen\",\"isPartOf\":{\"@id\":\"https:\/\/mobilhybrid.de\/#website\"},\"primaryImageOfPage\":{\"@id\":\"https:\/\/mobilhybrid.de\/product\/mh-108\/#primaryimage\"},\"image\":{\"@id\":\"https:\/\/mobilhybrid.de\/product\/mh-108\/#primaryimage\"},\"thumbnailUrl\":\"https:\/\/mobilhybrid.de\/wp-content\/uploads\/2023\/09\/ContainerHybrid.jpg\",\"datePublished\":\"2020-04-13T16:04:38+00:00\",\"dateModified\":\"2025-07-06T13:43:41+00:00\",\"description\":\"Der ContainerHybrid MH-108 liefert Spitzenleistung f\u00fcr gro\u00dfe Baustellen bis zu 200 kWh pro Tag. Effiziente Energieversorgung f\u00fcr anspruchsvolle Anwendungen.\",\"breadcrumb\":{\"@id\":\"https:\/\/mobilhybrid.de\/product\/mh-108\/#breadcrumb\"},\"inLanguage\":\"fr-FR\",\"potentialAction\":[{\"@type\":\"ReadAction\",\"target\":[\"https:\/\/mobilhybrid.de\/product\/mh-108\/\"]}]},{\"@type\":\"ImageObject\",\"inLanguage\":\"fr-FR\",\"@id\":\"https:\/\/mobilhybrid.de\/product\/mh-108\/#primaryimage\",\"url\":\"https:\/\/mobilhybrid.de\/wp-content\/uploads\/2023\/09\/ContainerHybrid.jpg\",\"contentUrl\":\"https:\/\/mobilhybrid.de\/wp-content\/uploads\/2023\/09\/ContainerHybrid.jpg\",\"width\":1000,\"height\":1000,\"caption\":\"ContainerHybrid MH-108\"},{\"@type\":\"BreadcrumbList\",\"@id\":\"https:\/\/mobilhybrid.de\/product\/mh-108\/#breadcrumb\",\"itemListElement\":[{\"@type\":\"ListItem\",\"position\":1,\"name\":\"Home\",\"item\":\"https:\/\/mobilhybrid.de\/\"},{\"@type\":\"ListItem\",\"position\":2,\"name\":\"Produkte\",\"item\":\"https:\/\/mobilhybrid.de\/shop\/\"},{\"@type\":\"ListItem\",\"position\":3,\"name\":\"MH-108\"}]},{\"@type\":\"WebSite\",\"@id\":\"https:\/\/mobilhybrid.de\/#website\",\"url\":\"https:\/\/mobilhybrid.de\/\",\"name\":\"MobilHybrid\",\"description\":\"die autarke, mobile netzunabh\u00e4ngige Stromversorgung\",\"publisher\":{\"@id\":\"https:\/\/mobilhybrid.de\/#organization\"},\"potentialAction\":[{\"@type\":\"SearchAction\",\"target\":{\"@type\":\"EntryPoint\",\"urlTemplate\":\"https:\/\/mobilhybrid.de\/?s={search_term_string}\"},\"query-input\":{\"@type\":\"PropertyValueSpecification\",\"valueRequired\":true,\"valueName\":\"search_term_string\"}}],\"inLanguage\":\"fr-FR\"},{\"@type\":\"Organization\",\"@id\":\"https:\/\/mobilhybrid.de\/#organization\",\"name\":\"MobilHybrid GmbH\",\"url\":\"https:\/\/mobilhybrid.de\/\",\"logo\":{\"@type\":\"ImageObject\",\"inLanguage\":\"fr-FR\",\"@id\":\"https:\/\/mobilhybrid.de\/#\/schema\/logo\/image\/\",\"url\":\"https:\/\/mobilhybrid.de\/wp-content\/uploads\/2020\/04\/152.png\",\"contentUrl\":\"https:\/\/mobilhybrid.de\/wp-content\/uploads\/2020\/04\/152.png\",\"width\":152,\"height\":152,\"caption\":\"MobilHybrid GmbH\"},\"image\":{\"@id\":\"https:\/\/mobilhybrid.de\/#\/schema\/logo\/image\/\"},\"sameAs\":[\"https:\/\/www.facebook.com\/MobilHybrid\/\",\"https:\/\/www.instagram.com\/_mobilhybrid_\/?hl=de\",\"https:\/\/www.youtube.com\/@pv4lifegmbh476\",\"https:\/\/de.linkedin.com\/company\/mobilhybrid-ug\"]}]}<\/script>\n<!-- \/ Yoast SEO plugin. -->","yoast_head_json":{"title":"ContainerHybrid MH-108 - Performance maximale pour les grands chantiers","description":"Le ContainerHybrid MH-108 fournit une puissance de pointe pour les grands chantiers jusqu'\u00e0 200 kWh par jour. Une alimentation en \u00e9nergie efficace pour des applications exigeantes.","robots":{"index":"index","follow":"follow","max-snippet":"max-snippet:-1","max-image-preview":"max-image-preview:large","max-video-preview":"max-video-preview:-1"},"canonical":"https:\/\/mobilhybrid.de\/fr\/produit\/mh-108\/","og_locale":"fr_FR","og_type":"article","og_title":"ContainerHybrid MH-108 \u2013 H\u00f6chstleistung f\u00fcr Gro\u00dfe Baustellen","og_description":"Der ContainerHybrid MH-108 liefert Spitzenleistung f\u00fcr gro\u00dfe Baustellen bis zu 200 kWh pro Tag. Effiziente Energieversorgung f\u00fcr anspruchsvolle Anwendungen.","og_url":"https:\/\/mobilhybrid.de\/fr\/produit\/mh-108\/","og_site_name":"MobilHybrid","article_publisher":"https:\/\/www.facebook.com\/MobilHybrid\/","article_modified_time":"2025-07-06T13:43:41+00:00","og_image":[{"width":1000,"height":1000,"url":"https:\/\/mobilhybrid.de\/wp-content\/uploads\/2023\/09\/ContainerHybrid.jpg","type":"image\/jpeg"}],"twitter_card":"summary_large_image","schema":{"@context":"https:\/\/schema.org","@graph":[{"@type":"WebPage","@id":"https:\/\/mobilhybrid.de\/product\/mh-108\/","url":"https:\/\/mobilhybrid.de\/product\/mh-108\/","name":"ContainerHybrid MH-108 - Performance maximale pour les grands chantiers","isPartOf":{"@id":"https:\/\/mobilhybrid.de\/#website"},"primaryImageOfPage":{"@id":"https:\/\/mobilhybrid.de\/product\/mh-108\/#primaryimage"},"image":{"@id":"https:\/\/mobilhybrid.de\/product\/mh-108\/#primaryimage"},"thumbnailUrl":"https:\/\/mobilhybrid.de\/wp-content\/uploads\/2023\/09\/ContainerHybrid.jpg","datePublished":"2020-04-13T16:04:38+00:00","dateModified":"2025-07-06T13:43:41+00:00","description":"Le ContainerHybrid MH-108 fournit une puissance de pointe pour les grands chantiers jusqu'\u00e0 200 kWh par jour. Une alimentation en \u00e9nergie efficace pour des applications exigeantes.","breadcrumb":{"@id":"https:\/\/mobilhybrid.de\/product\/mh-108\/#breadcrumb"},"inLanguage":"fr-FR","potentialAction":[{"@type":"ReadAction","target":["https:\/\/mobilhybrid.de\/product\/mh-108\/"]}]},{"@type":"ImageObject","inLanguage":"fr-FR","@id":"https:\/\/mobilhybrid.de\/product\/mh-108\/#primaryimage","url":"https:\/\/mobilhybrid.de\/wp-content\/uploads\/2023\/09\/ContainerHybrid.jpg","contentUrl":"https:\/\/mobilhybrid.de\/wp-content\/uploads\/2023\/09\/ContainerHybrid.jpg","width":1000,"height":1000,"caption":"ContainerHybrid MH-108"},{"@type":"BreadcrumbList","@id":"https:\/\/mobilhybrid.de\/product\/mh-108\/#breadcrumb","itemListElement":[{"@type":"ListItem","position":1,"name":"Home","item":"https:\/\/mobilhybrid.de\/"},{"@type":"ListItem","position":2,"name":"Produkte","item":"https:\/\/mobilhybrid.de\/shop\/"},{"@type":"ListItem","position":3,"name":"MH-108"}]},{"@type":"WebSite","@id":"https:\/\/mobilhybrid.de\/#website","url":"https:\/\/mobilhybrid.de\/","name":"MobilHybrid","description":"l'alimentation \u00e9lectrique autonome, mobile et ind\u00e9pendante du r\u00e9seau","publisher":{"@id":"https:\/\/mobilhybrid.de\/#organization"},"potentialAction":[{"@type":"SearchAction","target":{"@type":"EntryPoint","urlTemplate":"https:\/\/mobilhybrid.de\/?s={search_term_string}"},"query-input":{"@type":"PropertyValueSpecification","valueRequired":true,"valueName":"search_term_string"}}],"inLanguage":"fr-FR"},{"@type":"Organization","@id":"https:\/\/mobilhybrid.de\/#organization","name":"MobilHybrid GmbH","url":"https:\/\/mobilhybrid.de\/","logo":{"@type":"ImageObject","inLanguage":"fr-FR","@id":"https:\/\/mobilhybrid.de\/#\/schema\/logo\/image\/","url":"https:\/\/mobilhybrid.de\/wp-content\/uploads\/2020\/04\/152.png","contentUrl":"https:\/\/mobilhybrid.de\/wp-content\/uploads\/2020\/04\/152.png","width":152,"height":152,"caption":"MobilHybrid GmbH"},"image":{"@id":"https:\/\/mobilhybrid.de\/#\/schema\/logo\/image\/"},"sameAs":["https:\/\/www.facebook.com\/MobilHybrid\/","https:\/\/www.instagram.com\/_mobilhybrid_\/?hl=de","https:\/\/www.youtube.com\/@pv4lifegmbh476","https:\/\/de.linkedin.com\/company\/mobilhybrid-ug"]}]}},"_links":{"self":[{"href":"https:\/\/mobilhybrid.de\/fr\/wp-json\/wp\/v2\/product\/1146","targetHints":{"allow":["GET"]}}],"collection":[{"href":"https:\/\/mobilhybrid.de\/fr\/wp-json\/wp\/v2\/product"}],"about":[{"href":"https:\/\/mobilhybrid.de\/fr\/wp-json\/wp\/v2\/types\/product"}],"replies":[{"embeddable":true,"href":"https:\/\/mobilhybrid.de\/fr\/wp-json\/wp\/v2\/comments?post=1146"}],"wp:featuredmedia":[{"embeddable":true,"href":"https:\/\/mobilhybrid.de\/fr\/wp-json\/wp\/v2\/media\/2515"}],"wp:attachment":[{"href":"https:\/\/mobilhybrid.de\/fr\/wp-json\/wp\/v2\/media?parent=1146"}],"wp:term":[{"taxonomy":"product_brand","embeddable":true,"href":"https:\/\/mobilhybrid.de\/fr\/wp-json\/wp\/v2\/product_brand?post=1146"},{"taxonomy":"product_cat","embeddable":true,"href":"https:\/\/mobilhybrid.de\/fr\/wp-json\/wp\/v2\/product_cat?post=1146"},{"taxonomy":"product_tag","embeddable":true,"href":"https:\/\/mobilhybrid.de\/fr\/wp-json\/wp\/v2\/product_tag?post=1146"}],"curies":[{"name":"wp","href":"https:\/\/api.w.org\/{rel}","templated":true}]}}