{"id":1150,"date":"2020-04-13T15:08:19","date_gmt":"2020-04-13T13:08:19","guid":{"rendered":"https:\/\/mhdemo.local\/?post_type=product&#038;p=1150"},"modified":"2025-07-06T15:55:22","modified_gmt":"2025-07-06T13:55:22","slug":"mh-4","status":"publish","type":"product","link":"https:\/\/mobilhybrid.de\/fr\/produit\/mh-4\/","title":{"rendered":"MH-4"},"content":{"rendered":"<p>Le site <strong><span style=\"color: #58a332;\">M<\/span><\/strong>obil<strong><span style=\"color: #58a332;\">H<\/span><\/strong>ybrid <strong><span style=\"color: #58a332;\">MH<\/span><\/strong>-4 est le choix optimal pour les solutions d'alimentation mobile qui exigent efficacit\u00e9, durabilit\u00e9 et polyvalence. Avec son design compact et sa technologie de batterie avanc\u00e9e, il fournit une \u00e9nergie fiable pour une large gamme d'applications.<\/p>\n<p><strong>Domaines d'application :<\/strong><\/p>\n<ul>\n<li><strong>Petits chantiers :<\/strong> Le site <strong><span style=\"color: #58a332;\">MH<\/span><\/strong>-4 est sp\u00e9cialement con\u00e7u pour les petits chantiers et peut r\u00e9pondre \u00e0 une multitude de besoins en \u00e9lectricit\u00e9. Qu'il s'agisse de syst\u00e8mes d'\u00e9clairage, d'alimentation de syst\u00e8mes de surveillance, d'ordinateurs ou de recharge d'accumulateurs, le <strong><span style=\"color: #58a332;\">MH<\/span><\/strong>-4 la source d'alimentation fiable dont vous avez besoin.<\/li>\n<li><strong>Alimentation \u00e9lectrique autonome des bureaux et des conteneurs sociaux :<\/strong> En combinaison avec des modules PV en conteneur, le <strong><span style=\"color: #58a332;\">MH<\/span><\/strong>-4 l'alimentation \u00e9lectrique autonome de bureaux et de conteneurs sociaux. Cela cr\u00e9e des sources d'\u00e9nergie ind\u00e9pendantes et respectueuses de l'environnement pour les sites temporaires et les \u00e9v\u00e9nements.<\/li>\n<li><strong>Alimentation des machines mobiles :<\/strong> Avec son raccordement 230V, le <strong><span style=\"color: #58a332;\">MH<\/span><\/strong>-4 est parfaitement adapt\u00e9 \u00e0 l'alimentation des machines et \u00e9quipements mobiles. Qu'il s'agisse de machines de chantier ou d'autres \u00e9quipements mobiles, le <strong><span style=\"color: #58a332;\">MH<\/span><\/strong>-4 fournit l'\u00e9nergie n\u00e9cessaire.<\/li>\n<\/ul>","protected":false},"excerpt":{"rendered":"<p>Le site <span style=\"color: #58a332;\"><strong>M<\/strong><\/span>obil<strong><span style=\"color: #58a332;\">H<\/span><\/strong>ybrid <strong><span style=\"color: #58a332;\">MH<\/span><\/strong>-4 offre une solution d'alimentation \u00e9lectrique rentable et respectueuse de l'environnement pour une grande vari\u00e9t\u00e9 d'applications. Avec sa taille pratique et ses syst\u00e8mes de batterie intelligents, il est le choix id\u00e9al pour r\u00e9pondre \u00e0 vos besoins en \u00e9nergie mobile.<\/p>","protected":false},"featured_media":2330,"comment_status":"closed","ping_status":"closed","template":"","meta":[],"product_brand":[],"product_cat":[72,34],"product_tag":[],"class_list":{"0":"post-1150","1":"product","2":"type-product","3":"status-publish","4":"has-post-thumbnail","6":"product_cat-bg-a","7":"product_cat-mobilhybrid","9":"first","10":"instock","11":"shipping-taxable","12":"product-type-simple"},"yoast_head":"<!-- This site is optimized with the Yoast SEO plugin v26.6 - https:\/\/yoast.com\/wordpress\/plugins\/seo\/ -->\n<title>MobilHybrid MH-4: Kompakte, mobile Stromversorgung<\/title>\n<meta name=\"description\" content=\"MH-4: Kompakte, leistungsstarke mobile Energie f\u00fcr kleine Baustellen, B\u00fcrocontainer und Events. Effizient, nachhaltig und vielseitig einsetzbar.\" \/>\n<meta name=\"robots\" content=\"index, follow, max-snippet:-1, max-image-preview:large, max-video-preview:-1\" \/>\n<link rel=\"canonical\" href=\"https:\/\/mobilhybrid.de\/fr\/produit\/mh-4\/\" \/>\n<meta property=\"og:locale\" content=\"fr_FR\" \/>\n<meta property=\"og:type\" content=\"article\" \/>\n<meta property=\"og:title\" content=\"MobilHybrid MH-4: Kompakte, mobile Stromversorgung\" \/>\n<meta property=\"og:description\" content=\"MH-4: Kompakte, leistungsstarke mobile Energie f\u00fcr kleine Baustellen, B\u00fcrocontainer und Events. Effizient, nachhaltig und vielseitig einsetzbar.\" \/>\n<meta property=\"og:url\" content=\"https:\/\/mobilhybrid.de\/fr\/produit\/mh-4\/\" \/>\n<meta property=\"og:site_name\" content=\"MobilHybrid\" \/>\n<meta property=\"article:publisher\" content=\"https:\/\/www.facebook.com\/MobilHybrid\/\" \/>\n<meta property=\"article:modified_time\" content=\"2025-07-06T13:55:22+00:00\" \/>\n<meta property=\"og:image\" content=\"https:\/\/mobilhybrid.de\/wp-content\/uploads\/2023\/09\/MH4.jpg\" \/>\n\t<meta property=\"og:image:width\" content=\"1000\" \/>\n\t<meta property=\"og:image:height\" content=\"1000\" \/>\n\t<meta property=\"og:image:type\" content=\"image\/jpeg\" \/>\n<meta name=\"twitter:card\" content=\"summary_large_image\" \/>\n<script type=\"application\/ld+json\" class=\"yoast-schema-graph\">{\"@context\":\"https:\/\/schema.org\",\"@graph\":[{\"@type\":\"WebPage\",\"@id\":\"https:\/\/mobilhybrid.de\/product\/mh-4\/\",\"url\":\"https:\/\/mobilhybrid.de\/product\/mh-4\/\",\"name\":\"MobilHybrid MH-4: Kompakte, mobile Stromversorgung\",\"isPartOf\":{\"@id\":\"https:\/\/mobilhybrid.de\/#website\"},\"primaryImageOfPage\":{\"@id\":\"https:\/\/mobilhybrid.de\/product\/mh-4\/#primaryimage\"},\"image\":{\"@id\":\"https:\/\/mobilhybrid.de\/product\/mh-4\/#primaryimage\"},\"thumbnailUrl\":\"https:\/\/mobilhybrid.de\/wp-content\/uploads\/2023\/09\/MH4.jpg\",\"datePublished\":\"2020-04-13T13:08:19+00:00\",\"dateModified\":\"2025-07-06T13:55:22+00:00\",\"description\":\"MH-4: Kompakte, leistungsstarke mobile Energie f\u00fcr kleine Baustellen, B\u00fcrocontainer und Events. Effizient, nachhaltig und vielseitig einsetzbar.\",\"breadcrumb\":{\"@id\":\"https:\/\/mobilhybrid.de\/product\/mh-4\/#breadcrumb\"},\"inLanguage\":\"fr-FR\",\"potentialAction\":[{\"@type\":\"ReadAction\",\"target\":[\"https:\/\/mobilhybrid.de\/product\/mh-4\/\"]}]},{\"@type\":\"ImageObject\",\"inLanguage\":\"fr-FR\",\"@id\":\"https:\/\/mobilhybrid.de\/product\/mh-4\/#primaryimage\",\"url\":\"https:\/\/mobilhybrid.de\/wp-content\/uploads\/2023\/09\/MH4.jpg\",\"contentUrl\":\"https:\/\/mobilhybrid.de\/wp-content\/uploads\/2023\/09\/MH4.jpg\",\"width\":1000,\"height\":1000,\"caption\":\"Der MobilHybrid MH-4 ist die optimale Wahl f\u00fcr mobile Energieversorgungsl\u00f6sungen, die Effizienz, Nachhaltigkeit und Vielseitigkeit erfordern.\"},{\"@type\":\"BreadcrumbList\",\"@id\":\"https:\/\/mobilhybrid.de\/product\/mh-4\/#breadcrumb\",\"itemListElement\":[{\"@type\":\"ListItem\",\"position\":1,\"name\":\"Home\",\"item\":\"https:\/\/mobilhybrid.de\/\"},{\"@type\":\"ListItem\",\"position\":2,\"name\":\"Produkte\",\"item\":\"https:\/\/mobilhybrid.de\/shop\/\"},{\"@type\":\"ListItem\",\"position\":3,\"name\":\"MH-4\"}]},{\"@type\":\"WebSite\",\"@id\":\"https:\/\/mobilhybrid.de\/#website\",\"url\":\"https:\/\/mobilhybrid.de\/\",\"name\":\"MobilHybrid\",\"description\":\"die autarke, mobile netzunabh\u00e4ngige Stromversorgung\",\"publisher\":{\"@id\":\"https:\/\/mobilhybrid.de\/#organization\"},\"potentialAction\":[{\"@type\":\"SearchAction\",\"target\":{\"@type\":\"EntryPoint\",\"urlTemplate\":\"https:\/\/mobilhybrid.de\/?s={search_term_string}\"},\"query-input\":{\"@type\":\"PropertyValueSpecification\",\"valueRequired\":true,\"valueName\":\"search_term_string\"}}],\"inLanguage\":\"fr-FR\"},{\"@type\":\"Organization\",\"@id\":\"https:\/\/mobilhybrid.de\/#organization\",\"name\":\"MobilHybrid GmbH\",\"url\":\"https:\/\/mobilhybrid.de\/\",\"logo\":{\"@type\":\"ImageObject\",\"inLanguage\":\"fr-FR\",\"@id\":\"https:\/\/mobilhybrid.de\/#\/schema\/logo\/image\/\",\"url\":\"https:\/\/mobilhybrid.de\/wp-content\/uploads\/2020\/04\/152.png\",\"contentUrl\":\"https:\/\/mobilhybrid.de\/wp-content\/uploads\/2020\/04\/152.png\",\"width\":152,\"height\":152,\"caption\":\"MobilHybrid GmbH\"},\"image\":{\"@id\":\"https:\/\/mobilhybrid.de\/#\/schema\/logo\/image\/\"},\"sameAs\":[\"https:\/\/www.facebook.com\/MobilHybrid\/\",\"https:\/\/www.instagram.com\/_mobilhybrid_\/?hl=de\",\"https:\/\/www.youtube.com\/@pv4lifegmbh476\",\"https:\/\/de.linkedin.com\/company\/mobilhybrid-ug\"]}]}<\/script>\n<!-- \/ Yoast SEO plugin. -->","yoast_head_json":{"title":"MobilHybrid MH-4 : alimentation \u00e9lectrique compacte et mobile","description":"MH-4 : \u00e9nergie mobile compacte et puissante pour les petits chantiers, les conteneurs de bureaux et les \u00e9v\u00e9nements. Efficace, durable et polyvalente.","robots":{"index":"index","follow":"follow","max-snippet":"max-snippet:-1","max-image-preview":"max-image-preview:large","max-video-preview":"max-video-preview:-1"},"canonical":"https:\/\/mobilhybrid.de\/fr\/produit\/mh-4\/","og_locale":"fr_FR","og_type":"article","og_title":"MobilHybrid MH-4: Kompakte, mobile Stromversorgung","og_description":"MH-4: Kompakte, leistungsstarke mobile Energie f\u00fcr kleine Baustellen, B\u00fcrocontainer und Events. Effizient, nachhaltig und vielseitig einsetzbar.","og_url":"https:\/\/mobilhybrid.de\/fr\/produit\/mh-4\/","og_site_name":"MobilHybrid","article_publisher":"https:\/\/www.facebook.com\/MobilHybrid\/","article_modified_time":"2025-07-06T13:55:22+00:00","og_image":[{"width":1000,"height":1000,"url":"https:\/\/mobilhybrid.de\/wp-content\/uploads\/2023\/09\/MH4.jpg","type":"image\/jpeg"}],"twitter_card":"summary_large_image","schema":{"@context":"https:\/\/schema.org","@graph":[{"@type":"WebPage","@id":"https:\/\/mobilhybrid.de\/product\/mh-4\/","url":"https:\/\/mobilhybrid.de\/product\/mh-4\/","name":"MobilHybrid MH-4 : alimentation \u00e9lectrique compacte et mobile","isPartOf":{"@id":"https:\/\/mobilhybrid.de\/#website"},"primaryImageOfPage":{"@id":"https:\/\/mobilhybrid.de\/product\/mh-4\/#primaryimage"},"image":{"@id":"https:\/\/mobilhybrid.de\/product\/mh-4\/#primaryimage"},"thumbnailUrl":"https:\/\/mobilhybrid.de\/wp-content\/uploads\/2023\/09\/MH4.jpg","datePublished":"2020-04-13T13:08:19+00:00","dateModified":"2025-07-06T13:55:22+00:00","description":"MH-4 : \u00e9nergie mobile compacte et puissante pour les petits chantiers, les conteneurs de bureaux et les \u00e9v\u00e9nements. Efficace, durable et polyvalente.","breadcrumb":{"@id":"https:\/\/mobilhybrid.de\/product\/mh-4\/#breadcrumb"},"inLanguage":"fr-FR","potentialAction":[{"@type":"ReadAction","target":["https:\/\/mobilhybrid.de\/product\/mh-4\/"]}]},{"@type":"ImageObject","inLanguage":"fr-FR","@id":"https:\/\/mobilhybrid.de\/product\/mh-4\/#primaryimage","url":"https:\/\/mobilhybrid.de\/wp-content\/uploads\/2023\/09\/MH4.jpg","contentUrl":"https:\/\/mobilhybrid.de\/wp-content\/uploads\/2023\/09\/MH4.jpg","width":1000,"height":1000,"caption":"Der MobilHybrid MH-4 ist die optimale Wahl f\u00fcr mobile Energieversorgungsl\u00f6sungen, die Effizienz, Nachhaltigkeit und Vielseitigkeit erfordern."},{"@type":"BreadcrumbList","@id":"https:\/\/mobilhybrid.de\/product\/mh-4\/#breadcrumb","itemListElement":[{"@type":"ListItem","position":1,"name":"Home","item":"https:\/\/mobilhybrid.de\/"},{"@type":"ListItem","position":2,"name":"Produkte","item":"https:\/\/mobilhybrid.de\/shop\/"},{"@type":"ListItem","position":3,"name":"MH-4"}]},{"@type":"WebSite","@id":"https:\/\/mobilhybrid.de\/#website","url":"https:\/\/mobilhybrid.de\/","name":"MobilHybrid","description":"l'alimentation \u00e9lectrique autonome, mobile et ind\u00e9pendante du r\u00e9seau","publisher":{"@id":"https:\/\/mobilhybrid.de\/#organization"},"potentialAction":[{"@type":"SearchAction","target":{"@type":"EntryPoint","urlTemplate":"https:\/\/mobilhybrid.de\/?s={search_term_string}"},"query-input":{"@type":"PropertyValueSpecification","valueRequired":true,"valueName":"search_term_string"}}],"inLanguage":"fr-FR"},{"@type":"Organization","@id":"https:\/\/mobilhybrid.de\/#organization","name":"MobilHybrid GmbH","url":"https:\/\/mobilhybrid.de\/","logo":{"@type":"ImageObject","inLanguage":"fr-FR","@id":"https:\/\/mobilhybrid.de\/#\/schema\/logo\/image\/","url":"https:\/\/mobilhybrid.de\/wp-content\/uploads\/2020\/04\/152.png","contentUrl":"https:\/\/mobilhybrid.de\/wp-content\/uploads\/2020\/04\/152.png","width":152,"height":152,"caption":"MobilHybrid GmbH"},"image":{"@id":"https:\/\/mobilhybrid.de\/#\/schema\/logo\/image\/"},"sameAs":["https:\/\/www.facebook.com\/MobilHybrid\/","https:\/\/www.instagram.com\/_mobilhybrid_\/?hl=de","https:\/\/www.youtube.com\/@pv4lifegmbh476","https:\/\/de.linkedin.com\/company\/mobilhybrid-ug"]}]}},"_links":{"self":[{"href":"https:\/\/mobilhybrid.de\/fr\/wp-json\/wp\/v2\/product\/1150","targetHints":{"allow":["GET"]}}],"collection":[{"href":"https:\/\/mobilhybrid.de\/fr\/wp-json\/wp\/v2\/product"}],"about":[{"href":"https:\/\/mobilhybrid.de\/fr\/wp-json\/wp\/v2\/types\/product"}],"replies":[{"embeddable":true,"href":"https:\/\/mobilhybrid.de\/fr\/wp-json\/wp\/v2\/comments?post=1150"}],"wp:featuredmedia":[{"embeddable":true,"href":"https:\/\/mobilhybrid.de\/fr\/wp-json\/wp\/v2\/media\/2330"}],"wp:attachment":[{"href":"https:\/\/mobilhybrid.de\/fr\/wp-json\/wp\/v2\/media?parent=1150"}],"wp:term":[{"taxonomy":"product_brand","embeddable":true,"href":"https:\/\/mobilhybrid.de\/fr\/wp-json\/wp\/v2\/product_brand?post=1150"},{"taxonomy":"product_cat","embeddable":true,"href":"https:\/\/mobilhybrid.de\/fr\/wp-json\/wp\/v2\/product_cat?post=1150"},{"taxonomy":"product_tag","embeddable":true,"href":"https:\/\/mobilhybrid.de\/fr\/wp-json\/wp\/v2\/product_tag?post=1150"}],"curies":[{"name":"wp","href":"https:\/\/api.w.org\/{rel}","templated":true}]}}