{"id":1552,"date":"2022-02-10T20:18:43","date_gmt":"2022-02-10T19:18:43","guid":{"rendered":"https:\/\/mhdemo.local\/?post_type=product&#038;p=1552"},"modified":"2025-07-06T15:42:24","modified_gmt":"2025-07-06T13:42:24","slug":"homehybrid-3","status":"publish","type":"product","link":"https:\/\/mobilhybrid.de\/fr\/produit\/homehybrid-3\/","title":{"rendered":"AccueilHybride"},"content":{"rendered":"<p>Le site <strong><span style=\"color: #58a332;\">H<\/span><\/strong>ome<strong><span style=\"color: #58a332;\">H<\/span><\/strong>ybrid fonctionne sans alimentation secteur et fonctionne comme une alimentation \u00e9lectrique sans coupure. Il prot\u00e8ge les consommateurs \u00e9lectriques tels que les syst\u00e8mes informatiques et les pompes \u00e0 chaleur. De plus, les obstacles bureaucratiques aupr\u00e8s de l'exploitant du r\u00e9seau et de l'administration fiscale disparaissent. L'\u00e9lectricit\u00e9 solaire est stock\u00e9e et utilis\u00e9e efficacement. Le site <strong><span style=\"color: #58a332;\">H<\/span><\/strong>ome<strong><span style=\"color: #58a332;\">H<\/span><\/strong>ybrid est id\u00e9al pour tous ceux qui recherchent une s\u00e9curit\u00e9 d'approvisionnement maximale, tant pour les m\u00e9nages que pour les entreprises.<\/p>\n<p>En cas de black-out, le <strong><span style=\"color: #58a332;\">H<\/span><\/strong>ome<strong><span style=\"color: #58a332;\">H<\/span><\/strong>ybrid pour une alimentation \u00e9lectrique ininterrompue de tous les consommateurs pendant plusieurs heures, jours, semaines ou m\u00eame mois. En plus de l'installation photovolta\u00efque, il est possible de raccorder un g\u00e9n\u00e9rateur d'\u00e9lectricit\u00e9. Le <strong><span style=\"color: #58a332;\">H<\/span><\/strong>ome<strong><span style=\"color: #58a332;\">H<\/span><\/strong>ybrid g\u00e8re automatiquement ce processus. Si l'\u00e9nergie de l'installation photovolta\u00efque ne suffit pas ou si des appareils \u00e0 forte consommation d'\u00e9nergie fonctionnent, le <strong><span style=\"color: #58a332;\">H<\/span><\/strong>ome<strong><span style=\"color: #58a332;\">H<\/span><\/strong>ybrid le groupe \u00e9lectrog\u00e8ne automatiquement. L'\u00e9nergie produite est utilis\u00e9e pour recharger la batterie et faire fonctionner le g\u00e9n\u00e9rateur le plus efficacement possible. Le <strong><span style=\"color: #58a332;\">H<\/span><\/strong>ome<strong><span style=\"color: #58a332;\">H<\/span><\/strong>ybrid est livr\u00e9 enti\u00e8rement pr\u00eat \u00e0 \u00eatre raccord\u00e9 \u00e0 la maison, y compris tous les composants n\u00e9cessaires dans un bo\u00eetier peu encombrant. En plus du syst\u00e8me de stockage, nous proposons \u00e9galement des modules PV et des structures de support d'un seul tenant.<\/p>","protected":false},"excerpt":{"rendered":"<p>Le site <strong><span style=\"color: #58a332;\">H<\/span><\/strong>ome<strong><span style=\"color: #58a332;\">H<\/span><\/strong>ybrid est une source d'\u00e9nergie autonome qui fonctionne ind\u00e9pendamment de l'alimentation du r\u00e9seau et fonctionne comme une alimentation sans coupure. Cela permet de prot\u00e9ger les appareils \u00e9lectriques sensibles tels que les ordinateurs et les pompes \u00e0 chaleur. Ce mode de fonctionnement r\u00e9duit consid\u00e9rablement les obstacles bureaucratiques, tant pour l'exploitant du r\u00e9seau que pour l'administration fiscale.<\/p>","protected":false},"featured_media":2238,"comment_status":"closed","ping_status":"closed","template":"","meta":[],"product_brand":[],"product_cat":[64],"product_tag":[],"class_list":{"0":"post-1552","1":"product","2":"type-product","3":"status-publish","4":"has-post-thumbnail","6":"product_cat-homehybrid","8":"first","9":"instock","10":"shipping-taxable","11":"product-type-simple"},"yoast_head":"<!-- This site is optimized with the Yoast SEO plugin v26.6 - https:\/\/yoast.com\/wordpress\/plugins\/seo\/ -->\n<title>HomeHybrid \u2013 Stromversorgung f\u00fcr Haushalte &amp; Gewerbe<\/title>\n<meta name=\"description\" content=\"Der HomeHybrid bietet zuverl\u00e4ssige Notstromversorgung. Speichern Sie Solarstrom effizient und genie\u00dfen Sie maximale Versorgungssicherheit\" \/>\n<meta name=\"robots\" content=\"index, follow, max-snippet:-1, max-image-preview:large, max-video-preview:-1\" \/>\n<link rel=\"canonical\" href=\"https:\/\/mobilhybrid.de\/fr\/produit\/homehybrid-3\/\" \/>\n<meta property=\"og:locale\" content=\"fr_FR\" \/>\n<meta property=\"og:type\" content=\"article\" \/>\n<meta property=\"og:title\" content=\"HomeHybrid \u2013 Stromversorgung f\u00fcr Haushalte &amp; Gewerbe\" \/>\n<meta property=\"og:description\" content=\"Der HomeHybrid bietet zuverl\u00e4ssige Notstromversorgung. Speichern Sie Solarstrom effizient und genie\u00dfen Sie maximale Versorgungssicherheit\" \/>\n<meta property=\"og:url\" content=\"https:\/\/mobilhybrid.de\/fr\/produit\/homehybrid-3\/\" \/>\n<meta property=\"og:site_name\" content=\"MobilHybrid\" \/>\n<meta property=\"article:publisher\" content=\"https:\/\/www.facebook.com\/MobilHybrid\/\" \/>\n<meta property=\"article:modified_time\" content=\"2025-07-06T13:42:24+00:00\" \/>\n<meta property=\"og:image\" content=\"https:\/\/mobilhybrid.de\/wp-content\/uploads\/2023\/08\/HomeHybrid.jpg\" \/>\n\t<meta property=\"og:image:width\" content=\"1000\" \/>\n\t<meta property=\"og:image:height\" content=\"1000\" \/>\n\t<meta property=\"og:image:type\" content=\"image\/jpeg\" \/>\n<meta name=\"twitter:card\" content=\"summary_large_image\" \/>\n<script type=\"application\/ld+json\" class=\"yoast-schema-graph\">{\"@context\":\"https:\/\/schema.org\",\"@graph\":[{\"@type\":\"WebPage\",\"@id\":\"https:\/\/mobilhybrid.de\/product\/homehybrid\/\",\"url\":\"https:\/\/mobilhybrid.de\/product\/homehybrid\/\",\"name\":\"HomeHybrid \u2013 Stromversorgung f\u00fcr Haushalte & Gewerbe\",\"isPartOf\":{\"@id\":\"https:\/\/mobilhybrid.de\/#website\"},\"primaryImageOfPage\":{\"@id\":\"https:\/\/mobilhybrid.de\/product\/homehybrid\/#primaryimage\"},\"image\":{\"@id\":\"https:\/\/mobilhybrid.de\/product\/homehybrid\/#primaryimage\"},\"thumbnailUrl\":\"https:\/\/mobilhybrid.de\/wp-content\/uploads\/2023\/08\/HomeHybrid.jpg\",\"datePublished\":\"2022-02-10T19:18:43+00:00\",\"dateModified\":\"2025-07-06T13:42:24+00:00\",\"description\":\"Der HomeHybrid bietet zuverl\u00e4ssige Notstromversorgung. Speichern Sie Solarstrom effizient und genie\u00dfen Sie maximale Versorgungssicherheit\",\"breadcrumb\":{\"@id\":\"https:\/\/mobilhybrid.de\/product\/homehybrid\/#breadcrumb\"},\"inLanguage\":\"fr-FR\",\"potentialAction\":[{\"@type\":\"ReadAction\",\"target\":[\"https:\/\/mobilhybrid.de\/product\/homehybrid\/\"]}]},{\"@type\":\"ImageObject\",\"inLanguage\":\"fr-FR\",\"@id\":\"https:\/\/mobilhybrid.de\/product\/homehybrid\/#primaryimage\",\"url\":\"https:\/\/mobilhybrid.de\/wp-content\/uploads\/2023\/08\/HomeHybrid.jpg\",\"contentUrl\":\"https:\/\/mobilhybrid.de\/wp-content\/uploads\/2023\/08\/HomeHybrid.jpg\",\"width\":1000,\"height\":1000,\"caption\":\"HomeHybrid\"},{\"@type\":\"BreadcrumbList\",\"@id\":\"https:\/\/mobilhybrid.de\/product\/homehybrid\/#breadcrumb\",\"itemListElement\":[{\"@type\":\"ListItem\",\"position\":1,\"name\":\"Home\",\"item\":\"https:\/\/mobilhybrid.de\/\"},{\"@type\":\"ListItem\",\"position\":2,\"name\":\"Produkte\",\"item\":\"https:\/\/mobilhybrid.de\/shop\/\"},{\"@type\":\"ListItem\",\"position\":3,\"name\":\"HomeHybrid\"}]},{\"@type\":\"WebSite\",\"@id\":\"https:\/\/mobilhybrid.de\/#website\",\"url\":\"https:\/\/mobilhybrid.de\/\",\"name\":\"MobilHybrid\",\"description\":\"die autarke, mobile netzunabh\u00e4ngige Stromversorgung\",\"publisher\":{\"@id\":\"https:\/\/mobilhybrid.de\/#organization\"},\"potentialAction\":[{\"@type\":\"SearchAction\",\"target\":{\"@type\":\"EntryPoint\",\"urlTemplate\":\"https:\/\/mobilhybrid.de\/?s={search_term_string}\"},\"query-input\":{\"@type\":\"PropertyValueSpecification\",\"valueRequired\":true,\"valueName\":\"search_term_string\"}}],\"inLanguage\":\"fr-FR\"},{\"@type\":\"Organization\",\"@id\":\"https:\/\/mobilhybrid.de\/#organization\",\"name\":\"MobilHybrid GmbH\",\"url\":\"https:\/\/mobilhybrid.de\/\",\"logo\":{\"@type\":\"ImageObject\",\"inLanguage\":\"fr-FR\",\"@id\":\"https:\/\/mobilhybrid.de\/#\/schema\/logo\/image\/\",\"url\":\"https:\/\/mobilhybrid.de\/wp-content\/uploads\/2020\/04\/152.png\",\"contentUrl\":\"https:\/\/mobilhybrid.de\/wp-content\/uploads\/2020\/04\/152.png\",\"width\":152,\"height\":152,\"caption\":\"MobilHybrid GmbH\"},\"image\":{\"@id\":\"https:\/\/mobilhybrid.de\/#\/schema\/logo\/image\/\"},\"sameAs\":[\"https:\/\/www.facebook.com\/MobilHybrid\/\",\"https:\/\/www.instagram.com\/_mobilhybrid_\/?hl=de\",\"https:\/\/www.youtube.com\/@pv4lifegmbh476\",\"https:\/\/de.linkedin.com\/company\/mobilhybrid-ug\"]}]}<\/script>\n<!-- \/ Yoast SEO plugin. -->","yoast_head_json":{"title":"HomeHybrid - Alimentation \u00e9lectrique pour les m\u00e9nages et les entreprises","description":"Le HomeHybrid offre une alimentation de secours fiable. Stockez efficacement l'\u00e9nergie solaire et b\u00e9n\u00e9ficiez d'une s\u00e9curit\u00e9 d'approvisionnement maximale.","robots":{"index":"index","follow":"follow","max-snippet":"max-snippet:-1","max-image-preview":"max-image-preview:large","max-video-preview":"max-video-preview:-1"},"canonical":"https:\/\/mobilhybrid.de\/fr\/produit\/homehybrid-3\/","og_locale":"fr_FR","og_type":"article","og_title":"HomeHybrid \u2013 Stromversorgung f\u00fcr Haushalte & Gewerbe","og_description":"Der HomeHybrid bietet zuverl\u00e4ssige Notstromversorgung. Speichern Sie Solarstrom effizient und genie\u00dfen Sie maximale Versorgungssicherheit","og_url":"https:\/\/mobilhybrid.de\/fr\/produit\/homehybrid-3\/","og_site_name":"MobilHybrid","article_publisher":"https:\/\/www.facebook.com\/MobilHybrid\/","article_modified_time":"2025-07-06T13:42:24+00:00","og_image":[{"width":1000,"height":1000,"url":"https:\/\/mobilhybrid.de\/wp-content\/uploads\/2023\/08\/HomeHybrid.jpg","type":"image\/jpeg"}],"twitter_card":"summary_large_image","schema":{"@context":"https:\/\/schema.org","@graph":[{"@type":"WebPage","@id":"https:\/\/mobilhybrid.de\/product\/homehybrid\/","url":"https:\/\/mobilhybrid.de\/product\/homehybrid\/","name":"HomeHybrid - Alimentation \u00e9lectrique pour les m\u00e9nages et les entreprises","isPartOf":{"@id":"https:\/\/mobilhybrid.de\/#website"},"primaryImageOfPage":{"@id":"https:\/\/mobilhybrid.de\/product\/homehybrid\/#primaryimage"},"image":{"@id":"https:\/\/mobilhybrid.de\/product\/homehybrid\/#primaryimage"},"thumbnailUrl":"https:\/\/mobilhybrid.de\/wp-content\/uploads\/2023\/08\/HomeHybrid.jpg","datePublished":"2022-02-10T19:18:43+00:00","dateModified":"2025-07-06T13:42:24+00:00","description":"Le HomeHybrid offre une alimentation de secours fiable. Stockez efficacement l'\u00e9nergie solaire et b\u00e9n\u00e9ficiez d'une s\u00e9curit\u00e9 d'approvisionnement maximale.","breadcrumb":{"@id":"https:\/\/mobilhybrid.de\/product\/homehybrid\/#breadcrumb"},"inLanguage":"fr-FR","potentialAction":[{"@type":"ReadAction","target":["https:\/\/mobilhybrid.de\/product\/homehybrid\/"]}]},{"@type":"ImageObject","inLanguage":"fr-FR","@id":"https:\/\/mobilhybrid.de\/product\/homehybrid\/#primaryimage","url":"https:\/\/mobilhybrid.de\/wp-content\/uploads\/2023\/08\/HomeHybrid.jpg","contentUrl":"https:\/\/mobilhybrid.de\/wp-content\/uploads\/2023\/08\/HomeHybrid.jpg","width":1000,"height":1000,"caption":"HomeHybrid"},{"@type":"BreadcrumbList","@id":"https:\/\/mobilhybrid.de\/product\/homehybrid\/#breadcrumb","itemListElement":[{"@type":"ListItem","position":1,"name":"Home","item":"https:\/\/mobilhybrid.de\/"},{"@type":"ListItem","position":2,"name":"Produkte","item":"https:\/\/mobilhybrid.de\/shop\/"},{"@type":"ListItem","position":3,"name":"HomeHybrid"}]},{"@type":"WebSite","@id":"https:\/\/mobilhybrid.de\/#website","url":"https:\/\/mobilhybrid.de\/","name":"MobilHybrid","description":"l'alimentation \u00e9lectrique autonome, mobile et ind\u00e9pendante du r\u00e9seau","publisher":{"@id":"https:\/\/mobilhybrid.de\/#organization"},"potentialAction":[{"@type":"SearchAction","target":{"@type":"EntryPoint","urlTemplate":"https:\/\/mobilhybrid.de\/?s={search_term_string}"},"query-input":{"@type":"PropertyValueSpecification","valueRequired":true,"valueName":"search_term_string"}}],"inLanguage":"fr-FR"},{"@type":"Organization","@id":"https:\/\/mobilhybrid.de\/#organization","name":"MobilHybrid GmbH","url":"https:\/\/mobilhybrid.de\/","logo":{"@type":"ImageObject","inLanguage":"fr-FR","@id":"https:\/\/mobilhybrid.de\/#\/schema\/logo\/image\/","url":"https:\/\/mobilhybrid.de\/wp-content\/uploads\/2020\/04\/152.png","contentUrl":"https:\/\/mobilhybrid.de\/wp-content\/uploads\/2020\/04\/152.png","width":152,"height":152,"caption":"MobilHybrid GmbH"},"image":{"@id":"https:\/\/mobilhybrid.de\/#\/schema\/logo\/image\/"},"sameAs":["https:\/\/www.facebook.com\/MobilHybrid\/","https:\/\/www.instagram.com\/_mobilhybrid_\/?hl=de","https:\/\/www.youtube.com\/@pv4lifegmbh476","https:\/\/de.linkedin.com\/company\/mobilhybrid-ug"]}]}},"_links":{"self":[{"href":"https:\/\/mobilhybrid.de\/fr\/wp-json\/wp\/v2\/product\/1552","targetHints":{"allow":["GET"]}}],"collection":[{"href":"https:\/\/mobilhybrid.de\/fr\/wp-json\/wp\/v2\/product"}],"about":[{"href":"https:\/\/mobilhybrid.de\/fr\/wp-json\/wp\/v2\/types\/product"}],"replies":[{"embeddable":true,"href":"https:\/\/mobilhybrid.de\/fr\/wp-json\/wp\/v2\/comments?post=1552"}],"wp:featuredmedia":[{"embeddable":true,"href":"https:\/\/mobilhybrid.de\/fr\/wp-json\/wp\/v2\/media\/2238"}],"wp:attachment":[{"href":"https:\/\/mobilhybrid.de\/fr\/wp-json\/wp\/v2\/media?parent=1552"}],"wp:term":[{"taxonomy":"product_brand","embeddable":true,"href":"https:\/\/mobilhybrid.de\/fr\/wp-json\/wp\/v2\/product_brand?post=1552"},{"taxonomy":"product_cat","embeddable":true,"href":"https:\/\/mobilhybrid.de\/fr\/wp-json\/wp\/v2\/product_cat?post=1552"},{"taxonomy":"product_tag","embeddable":true,"href":"https:\/\/mobilhybrid.de\/fr\/wp-json\/wp\/v2\/product_tag?post=1552"}],"curies":[{"name":"wp","href":"https:\/\/api.w.org\/{rel}","templated":true}]}}