{"id":1598,"date":"2022-02-16T21:42:24","date_gmt":"2022-02-16T20:42:24","guid":{"rendered":"https:\/\/mhdemo.local\/?post_type=product&#038;p=1598"},"modified":"2025-07-06T15:37:00","modified_gmt":"2025-07-06T13:37:00","slug":"klapppv","status":"publish","type":"product","link":"https:\/\/mobilhybrid.de\/fr\/produit\/klapppv\/","title":{"rendered":"KlappPV"},"content":{"rendered":"<p>Le site <strong><span style=\"color: #58a332;\">K<\/span><\/strong>lapp<strong><span style=\"color: #58a332;\">PV<\/span><\/strong> est une installation photovolta\u00efque innovante, sp\u00e9cialement con\u00e7ue pour les applications mobiles et les utilisations temporaires. Elle se caract\u00e9rise par une multitude d'avantages qui en font le choix id\u00e9al pour diff\u00e9rents domaines d'application :<\/p>\n<p><strong>1. utilisation sans autorisation de l'\u00e9nergie photovolta\u00efque sur les chantiers, les salons et les \u00e9v\u00e9nements<\/strong>: Les <strong><span style=\"color: #58a332;\">K<\/span><\/strong>lapp<strong><span style=\"color: #58a332;\">PV<\/span><\/strong> permet d'utiliser facilement et sans autorisation l'\u00e9nergie photovolta\u00efque dans diff\u00e9rents environnements, notamment les chantiers, les salons et les \u00e9v\u00e9nements. Cela offre une alternative \u00e9cologique et rentable aux sources d'\u00e9nergie traditionnelles.<\/p>\n<p><strong>2. transport facile et rangement s\u00fbr dans le support de transport<\/strong>: Les <strong><span style=\"color: #58a332;\">K<\/span><\/strong>lapp<strong><span style=\"color: #58a332;\">PV<\/span><\/strong> est extr\u00eamement mobile et peut \u00eatre rang\u00e9 en toute s\u00e9curit\u00e9 dans son support de transport sp\u00e9cial. Cela facilite le transport et prot\u00e8ge l'installation contre les dommages.<\/p>\n<p><strong>3. modulaire et extensible de mani\u00e8re flexible<\/strong>: Les <strong><span style=\"color: #58a332;\">K<\/span><\/strong>lapp<strong><span style=\"color: #58a332;\">PV<\/span><\/strong> est modulaire, ce qui signifie qu'il peut \u00eatre \u00e9tendu en fonction des besoins. Cela permet une adaptation flexible aux diff\u00e9rentes exigences.<\/p>\n<p><strong>4. orientable jusqu'\u00e0 30\u00b0 par rapport au soleil - 20% plus grand rendement \u00e9nerg\u00e9tique<\/strong>: Les <strong><span style=\"color: #58a332;\">K<\/span><\/strong>lapp<strong><span style=\"color: #58a332;\">PV<\/span><\/strong> peut \u00eatre orient\u00e9 jusqu'\u00e0 30 degr\u00e9s par rapport au soleil, ce qui permet d'augmenter le rendement \u00e9nerg\u00e9tique jusqu'\u00e0 20% par rapport \u00e0 un fonctionnement \u00e0 plat.<\/p>\n<p><strong>5. utilisation flexible de l'\u00e9nergie solaire partout o\u00f9 elle est n\u00e9cessaire<\/strong>: Les <strong><span style=\"color: #58a332;\">K<\/span><\/strong>lapp<strong><span style=\"color: #58a332;\">PV<\/span><\/strong> offre la possibilit\u00e9 d'une utilisation flexible de l'\u00e9nergie solaire sur diff\u00e9rents sites o\u00f9 l'\u00e9nergie est n\u00e9cessaire. Cela peut inclure des d\u00e9charges, des maisons de week-end, des alpages, des chantiers itin\u00e9rants et plus encore.<\/p>\n<p><strong>6. plug &amp; play, mont\u00e9\/d\u00e9mont\u00e9 en 2 minutes<\/strong>: L'installation de la <strong><span style=\"color: #58a332;\">K<\/span><\/strong>lapp<strong><span style=\"color: #58a332;\">PV<\/span><\/strong> est tr\u00e8s simple et ne n\u00e9cessite que quelques minutes. Le principe Plug &amp; Play permet un montage et un d\u00e9montage rapides, ce qui augmente l'efficacit\u00e9.<\/p>","protected":false},"excerpt":{"rendered":"<p>Le site <strong><span style=\"color: #58a332;\">K<\/span><\/strong>lapp<strong><span style=\"color: #58a332;\">PV<\/span><\/strong> est la solution optimale pour une alimentation \u00e9lectrique temporaire et offre une \u00e9nergie solaire respectueuse de l'environnement partout o\u00f9 elle est n\u00e9cessaire. Sa polyvalence et son efficacit\u00e9 en font le premier choix pour des utilisations \u00e0 court et moyen terme dans diff\u00e9rents environnements.<\/p>","protected":false},"featured_media":2470,"comment_status":"closed","ping_status":"closed","template":"","meta":[],"product_brand":[],"product_cat":[65],"product_tag":[],"class_list":{"0":"post-1598","1":"product","2":"type-product","3":"status-publish","4":"has-post-thumbnail","6":"product_cat-pv-systeme","8":"first","9":"instock","10":"shipping-taxable","11":"product-type-simple"},"yoast_head":"<!-- This site is optimized with the Yoast SEO plugin v26.6 - https:\/\/yoast.com\/wordpress\/plugins\/seo\/ -->\n<title>KlappPV - MobilHybrid<\/title>\n<meta name=\"description\" content=\"Die MobilHybrid KlappPV ist Ihre mobile PV Anlage f\u00fcr die netzunabh\u00e4ngige Stromversorgung Ihrer Betriebsst\u00e4tte oder Baustelle.\" \/>\n<meta name=\"robots\" content=\"index, follow, max-snippet:-1, max-image-preview:large, max-video-preview:-1\" \/>\n<link rel=\"canonical\" href=\"https:\/\/mobilhybrid.de\/fr\/produit\/klapppv\/\" \/>\n<meta property=\"og:locale\" content=\"fr_FR\" \/>\n<meta property=\"og:type\" content=\"article\" \/>\n<meta property=\"og:title\" content=\"KlappPV - MobilHybrid\" \/>\n<meta property=\"og:description\" content=\"Die MobilHybrid KlappPV ist Ihre mobile PV Anlage f\u00fcr die netzunabh\u00e4ngige Stromversorgung Ihrer Betriebsst\u00e4tte oder Baustelle.\" \/>\n<meta property=\"og:url\" content=\"https:\/\/mobilhybrid.de\/fr\/produit\/klapppv\/\" \/>\n<meta property=\"og:site_name\" content=\"MobilHybrid\" \/>\n<meta property=\"article:publisher\" content=\"https:\/\/www.facebook.com\/MobilHybrid\/\" \/>\n<meta property=\"article:modified_time\" content=\"2025-07-06T13:37:00+00:00\" \/>\n<meta property=\"og:image\" content=\"https:\/\/mobilhybrid.de\/wp-content\/uploads\/2023\/09\/KlappPV-WP.jpg\" \/>\n\t<meta property=\"og:image:width\" content=\"1000\" \/>\n\t<meta property=\"og:image:height\" content=\"1000\" \/>\n\t<meta property=\"og:image:type\" content=\"image\/jpeg\" \/>\n<meta name=\"twitter:card\" content=\"summary_large_image\" \/>\n<script type=\"application\/ld+json\" class=\"yoast-schema-graph\">{\"@context\":\"https:\/\/schema.org\",\"@graph\":[{\"@type\":\"WebPage\",\"@id\":\"https:\/\/mobilhybrid.de\/product\/klapppv\/\",\"url\":\"https:\/\/mobilhybrid.de\/product\/klapppv\/\",\"name\":\"KlappPV - MobilHybrid\",\"isPartOf\":{\"@id\":\"https:\/\/mobilhybrid.de\/#website\"},\"primaryImageOfPage\":{\"@id\":\"https:\/\/mobilhybrid.de\/product\/klapppv\/#primaryimage\"},\"image\":{\"@id\":\"https:\/\/mobilhybrid.de\/product\/klapppv\/#primaryimage\"},\"thumbnailUrl\":\"https:\/\/mobilhybrid.de\/wp-content\/uploads\/2023\/09\/KlappPV-WP.jpg\",\"datePublished\":\"2022-02-16T20:42:24+00:00\",\"dateModified\":\"2025-07-06T13:37:00+00:00\",\"description\":\"Die MobilHybrid KlappPV ist Ihre mobile PV Anlage f\u00fcr die netzunabh\u00e4ngige Stromversorgung Ihrer Betriebsst\u00e4tte oder Baustelle.\",\"breadcrumb\":{\"@id\":\"https:\/\/mobilhybrid.de\/product\/klapppv\/#breadcrumb\"},\"inLanguage\":\"fr-FR\",\"potentialAction\":[{\"@type\":\"ReadAction\",\"target\":[\"https:\/\/mobilhybrid.de\/product\/klapppv\/\"]}]},{\"@type\":\"ImageObject\",\"inLanguage\":\"fr-FR\",\"@id\":\"https:\/\/mobilhybrid.de\/product\/klapppv\/#primaryimage\",\"url\":\"https:\/\/mobilhybrid.de\/wp-content\/uploads\/2023\/09\/KlappPV-WP.jpg\",\"contentUrl\":\"https:\/\/mobilhybrid.de\/wp-content\/uploads\/2023\/09\/KlappPV-WP.jpg\",\"width\":1000,\"height\":1000,\"caption\":\"KlappPV\"},{\"@type\":\"BreadcrumbList\",\"@id\":\"https:\/\/mobilhybrid.de\/product\/klapppv\/#breadcrumb\",\"itemListElement\":[{\"@type\":\"ListItem\",\"position\":1,\"name\":\"Home\",\"item\":\"https:\/\/mobilhybrid.de\/\"},{\"@type\":\"ListItem\",\"position\":2,\"name\":\"Produkte\",\"item\":\"https:\/\/mobilhybrid.de\/shop\/\"},{\"@type\":\"ListItem\",\"position\":3,\"name\":\"KlappPV\"}]},{\"@type\":\"WebSite\",\"@id\":\"https:\/\/mobilhybrid.de\/#website\",\"url\":\"https:\/\/mobilhybrid.de\/\",\"name\":\"MobilHybrid\",\"description\":\"die autarke, mobile netzunabh\u00e4ngige Stromversorgung\",\"publisher\":{\"@id\":\"https:\/\/mobilhybrid.de\/#organization\"},\"potentialAction\":[{\"@type\":\"SearchAction\",\"target\":{\"@type\":\"EntryPoint\",\"urlTemplate\":\"https:\/\/mobilhybrid.de\/?s={search_term_string}\"},\"query-input\":{\"@type\":\"PropertyValueSpecification\",\"valueRequired\":true,\"valueName\":\"search_term_string\"}}],\"inLanguage\":\"fr-FR\"},{\"@type\":\"Organization\",\"@id\":\"https:\/\/mobilhybrid.de\/#organization\",\"name\":\"MobilHybrid GmbH\",\"url\":\"https:\/\/mobilhybrid.de\/\",\"logo\":{\"@type\":\"ImageObject\",\"inLanguage\":\"fr-FR\",\"@id\":\"https:\/\/mobilhybrid.de\/#\/schema\/logo\/image\/\",\"url\":\"https:\/\/mobilhybrid.de\/wp-content\/uploads\/2020\/04\/152.png\",\"contentUrl\":\"https:\/\/mobilhybrid.de\/wp-content\/uploads\/2020\/04\/152.png\",\"width\":152,\"height\":152,\"caption\":\"MobilHybrid GmbH\"},\"image\":{\"@id\":\"https:\/\/mobilhybrid.de\/#\/schema\/logo\/image\/\"},\"sameAs\":[\"https:\/\/www.facebook.com\/MobilHybrid\/\",\"https:\/\/www.instagram.com\/_mobilhybrid_\/?hl=de\",\"https:\/\/www.youtube.com\/@pv4lifegmbh476\",\"https:\/\/de.linkedin.com\/company\/mobilhybrid-ug\"]}]}<\/script>\n<!-- \/ Yoast SEO plugin. -->","yoast_head_json":{"title":"KlappPV - MobilHybrid","description":"La MobilHybrid KlappPV est votre installation PV mobile pour l'alimentation \u00e9lectrique hors r\u00e9seau de votre site d'exploitation ou de votre chantier.","robots":{"index":"index","follow":"follow","max-snippet":"max-snippet:-1","max-image-preview":"max-image-preview:large","max-video-preview":"max-video-preview:-1"},"canonical":"https:\/\/mobilhybrid.de\/fr\/produit\/klapppv\/","og_locale":"fr_FR","og_type":"article","og_title":"KlappPV - MobilHybrid","og_description":"Die MobilHybrid KlappPV ist Ihre mobile PV Anlage f\u00fcr die netzunabh\u00e4ngige Stromversorgung Ihrer Betriebsst\u00e4tte oder Baustelle.","og_url":"https:\/\/mobilhybrid.de\/fr\/produit\/klapppv\/","og_site_name":"MobilHybrid","article_publisher":"https:\/\/www.facebook.com\/MobilHybrid\/","article_modified_time":"2025-07-06T13:37:00+00:00","og_image":[{"width":1000,"height":1000,"url":"https:\/\/mobilhybrid.de\/wp-content\/uploads\/2023\/09\/KlappPV-WP.jpg","type":"image\/jpeg"}],"twitter_card":"summary_large_image","schema":{"@context":"https:\/\/schema.org","@graph":[{"@type":"WebPage","@id":"https:\/\/mobilhybrid.de\/product\/klapppv\/","url":"https:\/\/mobilhybrid.de\/product\/klapppv\/","name":"KlappPV - MobilHybrid","isPartOf":{"@id":"https:\/\/mobilhybrid.de\/#website"},"primaryImageOfPage":{"@id":"https:\/\/mobilhybrid.de\/product\/klapppv\/#primaryimage"},"image":{"@id":"https:\/\/mobilhybrid.de\/product\/klapppv\/#primaryimage"},"thumbnailUrl":"https:\/\/mobilhybrid.de\/wp-content\/uploads\/2023\/09\/KlappPV-WP.jpg","datePublished":"2022-02-16T20:42:24+00:00","dateModified":"2025-07-06T13:37:00+00:00","description":"La MobilHybrid KlappPV est votre installation PV mobile pour l'alimentation \u00e9lectrique hors r\u00e9seau de votre site d'exploitation ou de votre chantier.","breadcrumb":{"@id":"https:\/\/mobilhybrid.de\/product\/klapppv\/#breadcrumb"},"inLanguage":"fr-FR","potentialAction":[{"@type":"ReadAction","target":["https:\/\/mobilhybrid.de\/product\/klapppv\/"]}]},{"@type":"ImageObject","inLanguage":"fr-FR","@id":"https:\/\/mobilhybrid.de\/product\/klapppv\/#primaryimage","url":"https:\/\/mobilhybrid.de\/wp-content\/uploads\/2023\/09\/KlappPV-WP.jpg","contentUrl":"https:\/\/mobilhybrid.de\/wp-content\/uploads\/2023\/09\/KlappPV-WP.jpg","width":1000,"height":1000,"caption":"KlappPV"},{"@type":"BreadcrumbList","@id":"https:\/\/mobilhybrid.de\/product\/klapppv\/#breadcrumb","itemListElement":[{"@type":"ListItem","position":1,"name":"Home","item":"https:\/\/mobilhybrid.de\/"},{"@type":"ListItem","position":2,"name":"Produkte","item":"https:\/\/mobilhybrid.de\/shop\/"},{"@type":"ListItem","position":3,"name":"KlappPV"}]},{"@type":"WebSite","@id":"https:\/\/mobilhybrid.de\/#website","url":"https:\/\/mobilhybrid.de\/","name":"MobilHybrid","description":"l'alimentation \u00e9lectrique autonome, mobile et ind\u00e9pendante du r\u00e9seau","publisher":{"@id":"https:\/\/mobilhybrid.de\/#organization"},"potentialAction":[{"@type":"SearchAction","target":{"@type":"EntryPoint","urlTemplate":"https:\/\/mobilhybrid.de\/?s={search_term_string}"},"query-input":{"@type":"PropertyValueSpecification","valueRequired":true,"valueName":"search_term_string"}}],"inLanguage":"fr-FR"},{"@type":"Organization","@id":"https:\/\/mobilhybrid.de\/#organization","name":"MobilHybrid GmbH","url":"https:\/\/mobilhybrid.de\/","logo":{"@type":"ImageObject","inLanguage":"fr-FR","@id":"https:\/\/mobilhybrid.de\/#\/schema\/logo\/image\/","url":"https:\/\/mobilhybrid.de\/wp-content\/uploads\/2020\/04\/152.png","contentUrl":"https:\/\/mobilhybrid.de\/wp-content\/uploads\/2020\/04\/152.png","width":152,"height":152,"caption":"MobilHybrid GmbH"},"image":{"@id":"https:\/\/mobilhybrid.de\/#\/schema\/logo\/image\/"},"sameAs":["https:\/\/www.facebook.com\/MobilHybrid\/","https:\/\/www.instagram.com\/_mobilhybrid_\/?hl=de","https:\/\/www.youtube.com\/@pv4lifegmbh476","https:\/\/de.linkedin.com\/company\/mobilhybrid-ug"]}]}},"_links":{"self":[{"href":"https:\/\/mobilhybrid.de\/fr\/wp-json\/wp\/v2\/product\/1598","targetHints":{"allow":["GET"]}}],"collection":[{"href":"https:\/\/mobilhybrid.de\/fr\/wp-json\/wp\/v2\/product"}],"about":[{"href":"https:\/\/mobilhybrid.de\/fr\/wp-json\/wp\/v2\/types\/product"}],"replies":[{"embeddable":true,"href":"https:\/\/mobilhybrid.de\/fr\/wp-json\/wp\/v2\/comments?post=1598"}],"wp:featuredmedia":[{"embeddable":true,"href":"https:\/\/mobilhybrid.de\/fr\/wp-json\/wp\/v2\/media\/2470"}],"wp:attachment":[{"href":"https:\/\/mobilhybrid.de\/fr\/wp-json\/wp\/v2\/media?parent=1598"}],"wp:term":[{"taxonomy":"product_brand","embeddable":true,"href":"https:\/\/mobilhybrid.de\/fr\/wp-json\/wp\/v2\/product_brand?post=1598"},{"taxonomy":"product_cat","embeddable":true,"href":"https:\/\/mobilhybrid.de\/fr\/wp-json\/wp\/v2\/product_cat?post=1598"},{"taxonomy":"product_tag","embeddable":true,"href":"https:\/\/mobilhybrid.de\/fr\/wp-json\/wp\/v2\/product_tag?post=1598"}],"curies":[{"name":"wp","href":"https:\/\/api.w.org\/{rel}","templated":true}]}}