{"id":1633,"date":"2022-02-21T23:18:29","date_gmt":"2022-02-21T22:18:29","guid":{"rendered":"https:\/\/mhdemo.local\/?post_type=product&#038;p=1633"},"modified":"2025-07-06T15:30:56","modified_gmt":"2025-07-06T13:30:56","slug":"containerpv","status":"publish","type":"product","link":"https:\/\/mobilhybrid.de\/fr\/produit\/containerpv\/","title":{"rendered":"ConteneurPV CPV20F"},"content":{"rendered":"<p>La nouvelle <strong><span style=\"color: #58a332;\">C<\/span><\/strong>ontainer<strong><span style=\"color: #58a332;\">PV<\/span><\/strong> est une installation solaire innovante pour votre conteneur. Il suffit de la poser sur le toit du conteneur et de la visser aux coins du conteneur \u00e0 l'aide des \u00e9l\u00e9ments de fixation fournis, et vous pouvez imm\u00e9diatement produire votre propre \u00e9lectricit\u00e9 solaire. La nouvelle <strong><span style=\"color: #58a332;\">C<\/span><\/strong>ontainer<strong><span style=\"color: #58a332;\">PV<\/span><\/strong> est le compl\u00e9ment id\u00e9al de notre <strong><span style=\"color: #58a332;\">M<\/span><\/strong>obil<strong><span style=\"color: #58a332;\">H<\/span><\/strong>ybrid, ensemble ils assurent des \u00e9conomies optimales de CO2 et de diesel.<\/p>\n<p>Gr\u00e2ce \u00e0 la possibilit\u00e9 de basculer facilement, la <strong><span style=\"color: #58a332;\">C<\/span><\/strong>ontainer<strong><span style=\"color: #58a332;\">PV<\/span><\/strong> avec une inclinaison de 30\u00b0 et une orientation vers le sud, l'\u00e9nergie est toujours maximale. Si le conteneur est d\u00e9plac\u00e9 vers un autre site, la <strong><span style=\"color: #58a332;\">C<\/span><\/strong>ontainer<strong><span style=\"color: #58a332;\">PV<\/span><\/strong> m\u00eame pendant un transport, gr\u00e2ce \u00e0 la solide fixation par vis sur le conteneur. Il suffit de rabattre le support de mise en place et de <strong><span style=\"color: #58a332;\">C<\/span><\/strong>ontainer<strong><span style=\"color: #58a332;\">PV<\/span><\/strong> ne fait plus que 110 mm de haut, id\u00e9al pour le transport.<\/p>\n<p><strong>Autres avantages :<\/strong><\/p>\n<ol>\n<li>Il est possible d'obtenir une <strong><span style=\"color: #58a332;\">C<\/span><\/strong>ontainer<strong><span style=\"color: #58a332;\">PV<\/span><\/strong> sur un conteneur de 20 pieds et deux sur un conteneur de 40 pieds.<\/li>\n<li>L'ombrage du conteneur permet de r\u00e9duire consid\u00e9rablement les besoins en climatisation en \u00e9t\u00e9.<\/li>\n<\/ol>","protected":false},"excerpt":{"rendered":"<p>Le site <strong><span style=\"color: #58a332;\">C<\/span><\/strong>ontainer<strong><span style=\"color: #58a332;\">PV<\/span><\/strong> est une installation solaire innovante pour conteneurs. Il suffit de la poser sur le toit du conteneur et de la fixer aux coins du conteneur \u00e0 l'aide des \u00e9l\u00e9ments de fixation fournis pour produire imm\u00e9diatement sa propre \u00e9lectricit\u00e9 solaire. Cette solution solaire compl\u00e8te parfaitement notre <strong><span style=\"color: #58a332;\">C<\/span><\/strong>ontainer<strong><span style=\"color: #58a332;\">H<\/span><\/strong>ybrid et permet ensemble une r\u00e9duction optimale des co\u00fbts de CO2 et de diesel.<\/p>","protected":false},"featured_media":3962,"comment_status":"closed","ping_status":"closed","template":"","meta":[],"product_brand":[],"product_cat":[65],"product_tag":[],"class_list":{"0":"post-1633","1":"product","2":"type-product","3":"status-publish","4":"has-post-thumbnail","6":"product_cat-pv-systeme","8":"first","9":"instock","10":"shipping-taxable","11":"product-type-simple"},"yoast_head":"<!-- This site is optimized with the Yoast SEO plugin v26.6 - https:\/\/yoast.com\/wordpress\/plugins\/seo\/ -->\n<title>ContainerPV CPV20F - MobilHybrid<\/title>\n<meta name=\"description\" content=\"Entdecken Sie ContainerPV - die nachhaltige und effiziente L\u00f6sung f\u00fcr Ihre Energiebed\u00fcrfnisse. Zuverl\u00e4ssige Stromversorgung, reduzierter CO2-Fu\u00dfabdruck!\" \/>\n<meta name=\"robots\" content=\"index, follow, max-snippet:-1, max-image-preview:large, max-video-preview:-1\" \/>\n<link rel=\"canonical\" href=\"https:\/\/mobilhybrid.de\/fr\/produit\/containerpv\/\" \/>\n<meta property=\"og:locale\" content=\"fr_FR\" \/>\n<meta property=\"og:type\" content=\"article\" \/>\n<meta property=\"og:title\" content=\"ContainerPV CPV20F - MobilHybrid\" \/>\n<meta property=\"og:description\" content=\"Entdecken Sie ContainerPV - die nachhaltige und effiziente L\u00f6sung f\u00fcr Ihre Energiebed\u00fcrfnisse. Zuverl\u00e4ssige Stromversorgung, reduzierter CO2-Fu\u00dfabdruck!\" \/>\n<meta property=\"og:url\" content=\"https:\/\/mobilhybrid.de\/fr\/produit\/containerpv\/\" \/>\n<meta property=\"og:site_name\" content=\"MobilHybrid\" \/>\n<meta property=\"article:publisher\" content=\"https:\/\/www.facebook.com\/MobilHybrid\/\" \/>\n<meta property=\"article:modified_time\" content=\"2025-07-06T13:30:56+00:00\" \/>\n<meta property=\"og:image\" content=\"https:\/\/mobilhybrid.de\/wp-content\/uploads\/2022\/02\/Container-PV-CPV20F.jpg\" \/>\n\t<meta property=\"og:image:width\" content=\"1000\" \/>\n\t<meta property=\"og:image:height\" content=\"1000\" \/>\n\t<meta property=\"og:image:type\" content=\"image\/jpeg\" \/>\n<meta name=\"twitter:card\" content=\"summary_large_image\" \/>\n<script type=\"application\/ld+json\" class=\"yoast-schema-graph\">{\"@context\":\"https:\/\/schema.org\",\"@graph\":[{\"@type\":\"WebPage\",\"@id\":\"https:\/\/mobilhybrid.de\/product\/containerpv\/\",\"url\":\"https:\/\/mobilhybrid.de\/product\/containerpv\/\",\"name\":\"ContainerPV CPV20F - MobilHybrid\",\"isPartOf\":{\"@id\":\"https:\/\/mobilhybrid.de\/#website\"},\"primaryImageOfPage\":{\"@id\":\"https:\/\/mobilhybrid.de\/product\/containerpv\/#primaryimage\"},\"image\":{\"@id\":\"https:\/\/mobilhybrid.de\/product\/containerpv\/#primaryimage\"},\"thumbnailUrl\":\"https:\/\/mobilhybrid.de\/wp-content\/uploads\/2022\/02\/Container-PV-CPV20F.jpg\",\"datePublished\":\"2022-02-21T22:18:29+00:00\",\"dateModified\":\"2025-07-06T13:30:56+00:00\",\"description\":\"Entdecken Sie ContainerPV - die nachhaltige und effiziente L\u00f6sung f\u00fcr Ihre Energiebed\u00fcrfnisse. Zuverl\u00e4ssige Stromversorgung, reduzierter CO2-Fu\u00dfabdruck!\",\"breadcrumb\":{\"@id\":\"https:\/\/mobilhybrid.de\/product\/containerpv\/#breadcrumb\"},\"inLanguage\":\"fr-FR\",\"potentialAction\":[{\"@type\":\"ReadAction\",\"target\":[\"https:\/\/mobilhybrid.de\/product\/containerpv\/\"]}]},{\"@type\":\"ImageObject\",\"inLanguage\":\"fr-FR\",\"@id\":\"https:\/\/mobilhybrid.de\/product\/containerpv\/#primaryimage\",\"url\":\"https:\/\/mobilhybrid.de\/wp-content\/uploads\/2022\/02\/Container-PV-CPV20F.jpg\",\"contentUrl\":\"https:\/\/mobilhybrid.de\/wp-content\/uploads\/2022\/02\/Container-PV-CPV20F.jpg\",\"width\":1000,\"height\":1000,\"caption\":\"mobile Stromerzeugung durch ContainerPV\"},{\"@type\":\"BreadcrumbList\",\"@id\":\"https:\/\/mobilhybrid.de\/product\/containerpv\/#breadcrumb\",\"itemListElement\":[{\"@type\":\"ListItem\",\"position\":1,\"name\":\"Home\",\"item\":\"https:\/\/mobilhybrid.de\/\"},{\"@type\":\"ListItem\",\"position\":2,\"name\":\"Produkte\",\"item\":\"https:\/\/mobilhybrid.de\/shop\/\"},{\"@type\":\"ListItem\",\"position\":3,\"name\":\"ContainerPV CPV20F\"}]},{\"@type\":\"WebSite\",\"@id\":\"https:\/\/mobilhybrid.de\/#website\",\"url\":\"https:\/\/mobilhybrid.de\/\",\"name\":\"MobilHybrid\",\"description\":\"die autarke, mobile netzunabh\u00e4ngige Stromversorgung\",\"publisher\":{\"@id\":\"https:\/\/mobilhybrid.de\/#organization\"},\"potentialAction\":[{\"@type\":\"SearchAction\",\"target\":{\"@type\":\"EntryPoint\",\"urlTemplate\":\"https:\/\/mobilhybrid.de\/?s={search_term_string}\"},\"query-input\":{\"@type\":\"PropertyValueSpecification\",\"valueRequired\":true,\"valueName\":\"search_term_string\"}}],\"inLanguage\":\"fr-FR\"},{\"@type\":\"Organization\",\"@id\":\"https:\/\/mobilhybrid.de\/#organization\",\"name\":\"MobilHybrid GmbH\",\"url\":\"https:\/\/mobilhybrid.de\/\",\"logo\":{\"@type\":\"ImageObject\",\"inLanguage\":\"fr-FR\",\"@id\":\"https:\/\/mobilhybrid.de\/#\/schema\/logo\/image\/\",\"url\":\"https:\/\/mobilhybrid.de\/wp-content\/uploads\/2020\/04\/152.png\",\"contentUrl\":\"https:\/\/mobilhybrid.de\/wp-content\/uploads\/2020\/04\/152.png\",\"width\":152,\"height\":152,\"caption\":\"MobilHybrid GmbH\"},\"image\":{\"@id\":\"https:\/\/mobilhybrid.de\/#\/schema\/logo\/image\/\"},\"sameAs\":[\"https:\/\/www.facebook.com\/MobilHybrid\/\",\"https:\/\/www.instagram.com\/_mobilhybrid_\/?hl=de\",\"https:\/\/www.youtube.com\/@pv4lifegmbh476\",\"https:\/\/de.linkedin.com\/company\/mobilhybrid-ug\"]}]}<\/script>\n<!-- \/ Yoast SEO plugin. -->","yoast_head_json":{"title":"ContainerPV CPV20F - MobilHybrid","description":"D\u00e9couvrez ContainerPV - la solution durable et efficace pour vos besoins en \u00e9nergie. Une alimentation \u00e9lectrique fiable, une empreinte carbone r\u00e9duite !","robots":{"index":"index","follow":"follow","max-snippet":"max-snippet:-1","max-image-preview":"max-image-preview:large","max-video-preview":"max-video-preview:-1"},"canonical":"https:\/\/mobilhybrid.de\/fr\/produit\/containerpv\/","og_locale":"fr_FR","og_type":"article","og_title":"ContainerPV CPV20F - MobilHybrid","og_description":"Entdecken Sie ContainerPV - die nachhaltige und effiziente L\u00f6sung f\u00fcr Ihre Energiebed\u00fcrfnisse. Zuverl\u00e4ssige Stromversorgung, reduzierter CO2-Fu\u00dfabdruck!","og_url":"https:\/\/mobilhybrid.de\/fr\/produit\/containerpv\/","og_site_name":"MobilHybrid","article_publisher":"https:\/\/www.facebook.com\/MobilHybrid\/","article_modified_time":"2025-07-06T13:30:56+00:00","og_image":[{"width":1000,"height":1000,"url":"https:\/\/mobilhybrid.de\/wp-content\/uploads\/2022\/02\/Container-PV-CPV20F.jpg","type":"image\/jpeg"}],"twitter_card":"summary_large_image","schema":{"@context":"https:\/\/schema.org","@graph":[{"@type":"WebPage","@id":"https:\/\/mobilhybrid.de\/product\/containerpv\/","url":"https:\/\/mobilhybrid.de\/product\/containerpv\/","name":"ContainerPV CPV20F - MobilHybrid","isPartOf":{"@id":"https:\/\/mobilhybrid.de\/#website"},"primaryImageOfPage":{"@id":"https:\/\/mobilhybrid.de\/product\/containerpv\/#primaryimage"},"image":{"@id":"https:\/\/mobilhybrid.de\/product\/containerpv\/#primaryimage"},"thumbnailUrl":"https:\/\/mobilhybrid.de\/wp-content\/uploads\/2022\/02\/Container-PV-CPV20F.jpg","datePublished":"2022-02-21T22:18:29+00:00","dateModified":"2025-07-06T13:30:56+00:00","description":"D\u00e9couvrez ContainerPV - la solution durable et efficace pour vos besoins en \u00e9nergie. Une alimentation \u00e9lectrique fiable, une empreinte carbone r\u00e9duite !","breadcrumb":{"@id":"https:\/\/mobilhybrid.de\/product\/containerpv\/#breadcrumb"},"inLanguage":"fr-FR","potentialAction":[{"@type":"ReadAction","target":["https:\/\/mobilhybrid.de\/product\/containerpv\/"]}]},{"@type":"ImageObject","inLanguage":"fr-FR","@id":"https:\/\/mobilhybrid.de\/product\/containerpv\/#primaryimage","url":"https:\/\/mobilhybrid.de\/wp-content\/uploads\/2022\/02\/Container-PV-CPV20F.jpg","contentUrl":"https:\/\/mobilhybrid.de\/wp-content\/uploads\/2022\/02\/Container-PV-CPV20F.jpg","width":1000,"height":1000,"caption":"mobile Stromerzeugung durch ContainerPV"},{"@type":"BreadcrumbList","@id":"https:\/\/mobilhybrid.de\/product\/containerpv\/#breadcrumb","itemListElement":[{"@type":"ListItem","position":1,"name":"Home","item":"https:\/\/mobilhybrid.de\/"},{"@type":"ListItem","position":2,"name":"Produkte","item":"https:\/\/mobilhybrid.de\/shop\/"},{"@type":"ListItem","position":3,"name":"ContainerPV CPV20F"}]},{"@type":"WebSite","@id":"https:\/\/mobilhybrid.de\/#website","url":"https:\/\/mobilhybrid.de\/","name":"MobilHybrid","description":"l'alimentation \u00e9lectrique autonome, mobile et ind\u00e9pendante du r\u00e9seau","publisher":{"@id":"https:\/\/mobilhybrid.de\/#organization"},"potentialAction":[{"@type":"SearchAction","target":{"@type":"EntryPoint","urlTemplate":"https:\/\/mobilhybrid.de\/?s={search_term_string}"},"query-input":{"@type":"PropertyValueSpecification","valueRequired":true,"valueName":"search_term_string"}}],"inLanguage":"fr-FR"},{"@type":"Organization","@id":"https:\/\/mobilhybrid.de\/#organization","name":"MobilHybrid GmbH","url":"https:\/\/mobilhybrid.de\/","logo":{"@type":"ImageObject","inLanguage":"fr-FR","@id":"https:\/\/mobilhybrid.de\/#\/schema\/logo\/image\/","url":"https:\/\/mobilhybrid.de\/wp-content\/uploads\/2020\/04\/152.png","contentUrl":"https:\/\/mobilhybrid.de\/wp-content\/uploads\/2020\/04\/152.png","width":152,"height":152,"caption":"MobilHybrid GmbH"},"image":{"@id":"https:\/\/mobilhybrid.de\/#\/schema\/logo\/image\/"},"sameAs":["https:\/\/www.facebook.com\/MobilHybrid\/","https:\/\/www.instagram.com\/_mobilhybrid_\/?hl=de","https:\/\/www.youtube.com\/@pv4lifegmbh476","https:\/\/de.linkedin.com\/company\/mobilhybrid-ug"]}]}},"_links":{"self":[{"href":"https:\/\/mobilhybrid.de\/fr\/wp-json\/wp\/v2\/product\/1633","targetHints":{"allow":["GET"]}}],"collection":[{"href":"https:\/\/mobilhybrid.de\/fr\/wp-json\/wp\/v2\/product"}],"about":[{"href":"https:\/\/mobilhybrid.de\/fr\/wp-json\/wp\/v2\/types\/product"}],"replies":[{"embeddable":true,"href":"https:\/\/mobilhybrid.de\/fr\/wp-json\/wp\/v2\/comments?post=1633"}],"wp:featuredmedia":[{"embeddable":true,"href":"https:\/\/mobilhybrid.de\/fr\/wp-json\/wp\/v2\/media\/3962"}],"wp:attachment":[{"href":"https:\/\/mobilhybrid.de\/fr\/wp-json\/wp\/v2\/media?parent=1633"}],"wp:term":[{"taxonomy":"product_brand","embeddable":true,"href":"https:\/\/mobilhybrid.de\/fr\/wp-json\/wp\/v2\/product_brand?post=1633"},{"taxonomy":"product_cat","embeddable":true,"href":"https:\/\/mobilhybrid.de\/fr\/wp-json\/wp\/v2\/product_cat?post=1633"},{"taxonomy":"product_tag","embeddable":true,"href":"https:\/\/mobilhybrid.de\/fr\/wp-json\/wp\/v2\/product_tag?post=1633"}],"curies":[{"name":"wp","href":"https:\/\/api.w.org\/{rel}","templated":true}]}}