{"id":2086,"date":"2023-07-26T17:21:16","date_gmt":"2023-07-26T15:21:16","guid":{"rendered":"https:\/\/mhdemo.local\/?post_type=product&#038;p=2086"},"modified":"2024-01-13T12:55:00","modified_gmt":"2024-01-13T11:55:00","slug":"containerpv-2-0","status":"publish","type":"product","link":"https:\/\/mobilhybrid.de\/fr\/produit\/containerpv-2-0\/","title":{"rendered":"ContainerPV 2.0"},"content":{"rendered":"<p>Le site <strong><span style=\"color: #58a332;\">C<\/span><\/strong>ontainer<strong><span style=\"color: #58a332;\">PV<\/span><\/strong> 2.0 est une installation photovolta\u00efque de pointe, sp\u00e9cialement con\u00e7ue pour \u00eatre int\u00e9gr\u00e9e dans des solutions en conteneurs. Cette solution innovante offre de nombreux avantages qui en font le choix id\u00e9al pour diverses applications :<\/p>\n<p><strong>1. transport \u00e0 co\u00fbt optimis\u00e9 et manipulation ais\u00e9e<\/strong>: Les <strong><span style=\"color: #58a332;\">C<\/span><\/strong>ontainer<strong><span style=\"color: #58a332;\">PV<\/span><\/strong> 2.0 a \u00e9t\u00e9 con\u00e7u en mettant l'accent sur la rentabilit\u00e9 du transport et la facilit\u00e9 d'utilisation. Cela permet une int\u00e9gration et une utilisation sans probl\u00e8me dans diff\u00e9rents environnements.<\/p>\n<p><strong>2. installation flexible aussi bien sur les toits des conteneurs que sur le terrain<\/strong>: Cette installation photovolta\u00efque peut \u00eatre install\u00e9e aussi bien sur les toits des conteneurs que sur des terrains libres. Cette polyvalence la rend particuli\u00e8rement adaptable et utile.<\/p>\n<p><strong>3. syst\u00e8me PV pr\u00e9mont\u00e9 pour conteneurs de tous types, \u00e9galement adapt\u00e9 aux conteneurs de 3 m<\/strong>: Les <strong><span style=\"color: #58a332;\">C<\/span><\/strong>ontainer<strong><span style=\"color: #58a332;\">PV<\/span><\/strong> 2.0 est un syst\u00e8me PV pr\u00e9-assembl\u00e9 qui convient aux conteneurs de diff\u00e9rentes tailles, y compris les conteneurs de 3 m\u00e8tres. Cela permet une large gamme d'applications.<\/p>\n<p><strong>4. bac \u00e0 ballast mont\u00e9 pour un lestage s\u00fbr sans p\u00e9n\u00e9tration<\/strong>: L'installation PV dispose d'un bac de lestage mont\u00e9 qui permet un lestage s\u00fbr sans p\u00e9n\u00e9trer la surface du conteneur.<\/p>\n<p><strong>5. orientable individuellement en fonction de l'emplacement et de la position du conteneur<\/strong>: Les <span style=\"color: #58a332;\"><strong>C<\/strong><\/span>ontainer<strong><span style=\"color: #58a332;\">PV<\/span><\/strong> 2.0 peut \u00eatre orient\u00e9 individuellement afin de garantir le meilleur ensoleillement possible sur diff\u00e9rents sites et dans diff\u00e9rentes positions de conteneurs.<\/p>","protected":false},"excerpt":{"rendered":"<p>Le site <span style=\"color: #58a332;\"><strong>C<\/strong><\/span>ontainer<strong><span style=\"color: #58a332;\">PV<\/span><\/strong> 2.0 offre une possibilit\u00e9 d'avenir d'int\u00e9grer l'\u00e9nergie solaire dans les solutions de conteneurs et constitue le choix parfait pour les projets qui n\u00e9cessitent une source d'\u00e9nergie rentable, durable et flexible.<\/p>","protected":false},"featured_media":2088,"comment_status":"closed","ping_status":"closed","template":"","meta":[],"product_brand":[],"product_cat":[65],"product_tag":[61],"class_list":{"0":"post-2086","1":"product","2":"type-product","3":"status-publish","4":"has-post-thumbnail","6":"product_cat-pv-systeme","7":"product_tag-containerpv-2-0","9":"first","10":"instock","11":"shipping-taxable","12":"product-type-simple"},"yoast_head":"<!-- This site is optimized with the Yoast SEO plugin v26.6 - https:\/\/yoast.com\/wordpress\/plugins\/seo\/ -->\n<title>ContainerPV 2.0 - MobilHybrid<\/title>\n<meta name=\"description\" content=\"ContainerPV 2.0, die vormontierte PV-Anlage f\u00fcr 10 Fu\u00df Container 850Wp garantiert eine schnelle, einfache und sichere Montage.\" \/>\n<meta name=\"robots\" content=\"index, follow, max-snippet:-1, max-image-preview:large, max-video-preview:-1\" \/>\n<link rel=\"canonical\" href=\"https:\/\/mobilhybrid.de\/fr\/produit\/containerpv-2-0\/\" \/>\n<meta property=\"og:locale\" content=\"fr_FR\" \/>\n<meta property=\"og:type\" content=\"article\" \/>\n<meta property=\"og:title\" content=\"ContainerPV 2.0 - MobilHybrid\" \/>\n<meta property=\"og:description\" content=\"ContainerPV 2.0, die vormontierte PV-Anlage f\u00fcr 10 Fu\u00df Container 850Wp garantiert eine schnelle, einfache und sichere Montage.\" \/>\n<meta property=\"og:url\" content=\"https:\/\/mobilhybrid.de\/fr\/produit\/containerpv-2-0\/\" \/>\n<meta property=\"og:site_name\" content=\"MobilHybrid\" \/>\n<meta property=\"article:publisher\" content=\"https:\/\/www.facebook.com\/MobilHybrid\/\" \/>\n<meta property=\"article:modified_time\" content=\"2024-01-13T11:55:00+00:00\" \/>\n<meta property=\"og:image\" content=\"https:\/\/mobilhybrid.de\/wp-content\/uploads\/2023\/07\/Unbenannt-1.jpg\" \/>\n\t<meta property=\"og:image:width\" content=\"1000\" \/>\n\t<meta property=\"og:image:height\" content=\"1000\" \/>\n\t<meta property=\"og:image:type\" content=\"image\/jpeg\" \/>\n<meta name=\"twitter:card\" content=\"summary_large_image\" \/>\n<script type=\"application\/ld+json\" class=\"yoast-schema-graph\">{\"@context\":\"https:\/\/schema.org\",\"@graph\":[{\"@type\":\"WebPage\",\"@id\":\"https:\/\/mobilhybrid.de\/product\/containerpv-2-0\/\",\"url\":\"https:\/\/mobilhybrid.de\/product\/containerpv-2-0\/\",\"name\":\"ContainerPV 2.0 - MobilHybrid\",\"isPartOf\":{\"@id\":\"https:\/\/mobilhybrid.de\/#website\"},\"primaryImageOfPage\":{\"@id\":\"https:\/\/mobilhybrid.de\/product\/containerpv-2-0\/#primaryimage\"},\"image\":{\"@id\":\"https:\/\/mobilhybrid.de\/product\/containerpv-2-0\/#primaryimage\"},\"thumbnailUrl\":\"https:\/\/mobilhybrid.de\/wp-content\/uploads\/2023\/07\/Unbenannt-1.jpg\",\"datePublished\":\"2023-07-26T15:21:16+00:00\",\"dateModified\":\"2024-01-13T11:55:00+00:00\",\"description\":\"ContainerPV 2.0, die vormontierte PV-Anlage f\u00fcr 10 Fu\u00df Container 850Wp garantiert eine schnelle, einfache und sichere Montage.\",\"breadcrumb\":{\"@id\":\"https:\/\/mobilhybrid.de\/product\/containerpv-2-0\/#breadcrumb\"},\"inLanguage\":\"fr-FR\",\"potentialAction\":[{\"@type\":\"ReadAction\",\"target\":[\"https:\/\/mobilhybrid.de\/product\/containerpv-2-0\/\"]}]},{\"@type\":\"ImageObject\",\"inLanguage\":\"fr-FR\",\"@id\":\"https:\/\/mobilhybrid.de\/product\/containerpv-2-0\/#primaryimage\",\"url\":\"https:\/\/mobilhybrid.de\/wp-content\/uploads\/2023\/07\/Unbenannt-1.jpg\",\"contentUrl\":\"https:\/\/mobilhybrid.de\/wp-content\/uploads\/2023\/07\/Unbenannt-1.jpg\",\"width\":1000,\"height\":1000,\"caption\":\"ContainerPV 2.0\"},{\"@type\":\"BreadcrumbList\",\"@id\":\"https:\/\/mobilhybrid.de\/product\/containerpv-2-0\/#breadcrumb\",\"itemListElement\":[{\"@type\":\"ListItem\",\"position\":1,\"name\":\"Home\",\"item\":\"https:\/\/mobilhybrid.de\/\"},{\"@type\":\"ListItem\",\"position\":2,\"name\":\"Produkte\",\"item\":\"https:\/\/mobilhybrid.de\/shop\/\"},{\"@type\":\"ListItem\",\"position\":3,\"name\":\"ContainerPV 2.0\"}]},{\"@type\":\"WebSite\",\"@id\":\"https:\/\/mobilhybrid.de\/#website\",\"url\":\"https:\/\/mobilhybrid.de\/\",\"name\":\"MobilHybrid\",\"description\":\"die autarke, mobile netzunabh\u00e4ngige Stromversorgung\",\"publisher\":{\"@id\":\"https:\/\/mobilhybrid.de\/#organization\"},\"potentialAction\":[{\"@type\":\"SearchAction\",\"target\":{\"@type\":\"EntryPoint\",\"urlTemplate\":\"https:\/\/mobilhybrid.de\/?s={search_term_string}\"},\"query-input\":{\"@type\":\"PropertyValueSpecification\",\"valueRequired\":true,\"valueName\":\"search_term_string\"}}],\"inLanguage\":\"fr-FR\"},{\"@type\":\"Organization\",\"@id\":\"https:\/\/mobilhybrid.de\/#organization\",\"name\":\"MobilHybrid GmbH\",\"url\":\"https:\/\/mobilhybrid.de\/\",\"logo\":{\"@type\":\"ImageObject\",\"inLanguage\":\"fr-FR\",\"@id\":\"https:\/\/mobilhybrid.de\/#\/schema\/logo\/image\/\",\"url\":\"https:\/\/mobilhybrid.de\/wp-content\/uploads\/2020\/04\/152.png\",\"contentUrl\":\"https:\/\/mobilhybrid.de\/wp-content\/uploads\/2020\/04\/152.png\",\"width\":152,\"height\":152,\"caption\":\"MobilHybrid GmbH\"},\"image\":{\"@id\":\"https:\/\/mobilhybrid.de\/#\/schema\/logo\/image\/\"},\"sameAs\":[\"https:\/\/www.facebook.com\/MobilHybrid\/\",\"https:\/\/www.instagram.com\/_mobilhybrid_\/?hl=de\",\"https:\/\/www.youtube.com\/@pv4lifegmbh476\",\"https:\/\/de.linkedin.com\/company\/mobilhybrid-ug\"]}]}<\/script>\n<!-- \/ Yoast SEO plugin. -->","yoast_head_json":{"title":"ContainerPV 2.0 - MobilHybrid","description":"ContainerPV 2.0, l'installation PV pr\u00e9mont\u00e9e pour conteneur de 10 pieds 850Wp garantit un montage rapide, simple et s\u00fbr.","robots":{"index":"index","follow":"follow","max-snippet":"max-snippet:-1","max-image-preview":"max-image-preview:large","max-video-preview":"max-video-preview:-1"},"canonical":"https:\/\/mobilhybrid.de\/fr\/produit\/containerpv-2-0\/","og_locale":"fr_FR","og_type":"article","og_title":"ContainerPV 2.0 - MobilHybrid","og_description":"ContainerPV 2.0, die vormontierte PV-Anlage f\u00fcr 10 Fu\u00df Container 850Wp garantiert eine schnelle, einfache und sichere Montage.","og_url":"https:\/\/mobilhybrid.de\/fr\/produit\/containerpv-2-0\/","og_site_name":"MobilHybrid","article_publisher":"https:\/\/www.facebook.com\/MobilHybrid\/","article_modified_time":"2024-01-13T11:55:00+00:00","og_image":[{"width":1000,"height":1000,"url":"https:\/\/mobilhybrid.de\/wp-content\/uploads\/2023\/07\/Unbenannt-1.jpg","type":"image\/jpeg"}],"twitter_card":"summary_large_image","schema":{"@context":"https:\/\/schema.org","@graph":[{"@type":"WebPage","@id":"https:\/\/mobilhybrid.de\/product\/containerpv-2-0\/","url":"https:\/\/mobilhybrid.de\/product\/containerpv-2-0\/","name":"ContainerPV 2.0 - MobilHybrid","isPartOf":{"@id":"https:\/\/mobilhybrid.de\/#website"},"primaryImageOfPage":{"@id":"https:\/\/mobilhybrid.de\/product\/containerpv-2-0\/#primaryimage"},"image":{"@id":"https:\/\/mobilhybrid.de\/product\/containerpv-2-0\/#primaryimage"},"thumbnailUrl":"https:\/\/mobilhybrid.de\/wp-content\/uploads\/2023\/07\/Unbenannt-1.jpg","datePublished":"2023-07-26T15:21:16+00:00","dateModified":"2024-01-13T11:55:00+00:00","description":"ContainerPV 2.0, l'installation PV pr\u00e9mont\u00e9e pour conteneur de 10 pieds 850Wp garantit un montage rapide, simple et s\u00fbr.","breadcrumb":{"@id":"https:\/\/mobilhybrid.de\/product\/containerpv-2-0\/#breadcrumb"},"inLanguage":"fr-FR","potentialAction":[{"@type":"ReadAction","target":["https:\/\/mobilhybrid.de\/product\/containerpv-2-0\/"]}]},{"@type":"ImageObject","inLanguage":"fr-FR","@id":"https:\/\/mobilhybrid.de\/product\/containerpv-2-0\/#primaryimage","url":"https:\/\/mobilhybrid.de\/wp-content\/uploads\/2023\/07\/Unbenannt-1.jpg","contentUrl":"https:\/\/mobilhybrid.de\/wp-content\/uploads\/2023\/07\/Unbenannt-1.jpg","width":1000,"height":1000,"caption":"ContainerPV 2.0"},{"@type":"BreadcrumbList","@id":"https:\/\/mobilhybrid.de\/product\/containerpv-2-0\/#breadcrumb","itemListElement":[{"@type":"ListItem","position":1,"name":"Home","item":"https:\/\/mobilhybrid.de\/"},{"@type":"ListItem","position":2,"name":"Produkte","item":"https:\/\/mobilhybrid.de\/shop\/"},{"@type":"ListItem","position":3,"name":"ContainerPV 2.0"}]},{"@type":"WebSite","@id":"https:\/\/mobilhybrid.de\/#website","url":"https:\/\/mobilhybrid.de\/","name":"MobilHybrid","description":"l'alimentation \u00e9lectrique autonome, mobile et ind\u00e9pendante du r\u00e9seau","publisher":{"@id":"https:\/\/mobilhybrid.de\/#organization"},"potentialAction":[{"@type":"SearchAction","target":{"@type":"EntryPoint","urlTemplate":"https:\/\/mobilhybrid.de\/?s={search_term_string}"},"query-input":{"@type":"PropertyValueSpecification","valueRequired":true,"valueName":"search_term_string"}}],"inLanguage":"fr-FR"},{"@type":"Organization","@id":"https:\/\/mobilhybrid.de\/#organization","name":"MobilHybrid GmbH","url":"https:\/\/mobilhybrid.de\/","logo":{"@type":"ImageObject","inLanguage":"fr-FR","@id":"https:\/\/mobilhybrid.de\/#\/schema\/logo\/image\/","url":"https:\/\/mobilhybrid.de\/wp-content\/uploads\/2020\/04\/152.png","contentUrl":"https:\/\/mobilhybrid.de\/wp-content\/uploads\/2020\/04\/152.png","width":152,"height":152,"caption":"MobilHybrid GmbH"},"image":{"@id":"https:\/\/mobilhybrid.de\/#\/schema\/logo\/image\/"},"sameAs":["https:\/\/www.facebook.com\/MobilHybrid\/","https:\/\/www.instagram.com\/_mobilhybrid_\/?hl=de","https:\/\/www.youtube.com\/@pv4lifegmbh476","https:\/\/de.linkedin.com\/company\/mobilhybrid-ug"]}]}},"_links":{"self":[{"href":"https:\/\/mobilhybrid.de\/fr\/wp-json\/wp\/v2\/product\/2086","targetHints":{"allow":["GET"]}}],"collection":[{"href":"https:\/\/mobilhybrid.de\/fr\/wp-json\/wp\/v2\/product"}],"about":[{"href":"https:\/\/mobilhybrid.de\/fr\/wp-json\/wp\/v2\/types\/product"}],"replies":[{"embeddable":true,"href":"https:\/\/mobilhybrid.de\/fr\/wp-json\/wp\/v2\/comments?post=2086"}],"wp:featuredmedia":[{"embeddable":true,"href":"https:\/\/mobilhybrid.de\/fr\/wp-json\/wp\/v2\/media\/2088"}],"wp:attachment":[{"href":"https:\/\/mobilhybrid.de\/fr\/wp-json\/wp\/v2\/media?parent=2086"}],"wp:term":[{"taxonomy":"product_brand","embeddable":true,"href":"https:\/\/mobilhybrid.de\/fr\/wp-json\/wp\/v2\/product_brand?post=2086"},{"taxonomy":"product_cat","embeddable":true,"href":"https:\/\/mobilhybrid.de\/fr\/wp-json\/wp\/v2\/product_cat?post=2086"},{"taxonomy":"product_tag","embeddable":true,"href":"https:\/\/mobilhybrid.de\/fr\/wp-json\/wp\/v2\/product_tag?post=2086"}],"curies":[{"name":"wp","href":"https:\/\/api.w.org\/{rel}","templated":true}]}}