{"id":3992,"date":"2024-06-09T12:36:18","date_gmt":"2024-06-09T10:36:18","guid":{"rendered":"https:\/\/mobilhybrid.de\/?post_type=product&#038;p=3992"},"modified":"2025-07-06T15:25:52","modified_gmt":"2025-07-06T13:25:52","slug":"solution-solaire-innovante-pour-lhybride-mobile-mh-rooftoppv-alimentation-electrique-autonome","status":"publish","type":"product","link":"https:\/\/mobilhybrid.de\/fr\/produit\/solution-solaire-innovante-pour-lhybride-mobile-mh-rooftoppv-alimentation-electrique-autonome\/","title":{"rendered":"MH RoofTopPV"},"content":{"rendered":"<div class=\"page\" title=\"Page 1\">\n<div class=\"layoutArea\">\n<div class=\"column\">\n<p>Le site <strong><span style=\"color: #58a332;\">MH<\/span> <span style=\"color: #58a332;\">R<\/span><\/strong>oof<strong><span style=\"color: #58a332;\">T<\/span><\/strong>op<span style=\"color: #58a332;\"><strong>PV<\/strong><\/span> une solution solaire nouvellement d\u00e9velopp\u00e9e et innovante, sp\u00e9cialement pour leur <strong><span style=\"color: #58a332;\">M<\/span><\/strong>obil<strong><span style=\"color: #58a332;\">H<\/span><\/strong>ybrid. Install\u00e9 en un clin d'\u0153il gr\u00e2ce \u00e0 des supports pr\u00e9fabriqu\u00e9s. <strong><span style=\"color: #58a332;\">MH<\/span> <span style=\"color: #58a332;\">R<\/span><\/strong>oof<strong><span style=\"color: #58a332;\">T<\/span><\/strong>op<span style=\"color: #58a332;\"><strong>PV<\/strong><\/span> simplement au toit du <strong><span style=\"color: #58a332;\">M<\/span><\/strong>obil<strong><span style=\"color: #58a332;\">H<\/span><\/strong>ybrid et il est possible de produire jusqu'\u00e0 800kWh d'\u00e9lectricit\u00e9 solaire par an.<\/p>\n<ul>\n<li><strong>Installation rapide<\/strong>: Mont\u00e9 en un rien de temps gr\u00e2ce aux supports pr\u00e9fabriqu\u00e9s.<\/li>\n<li><strong>Production d'\u00e9nergie \u00e9lev\u00e9e<\/strong>: production de jusqu'\u00e0 800 kWh d'\u00e9lectricit\u00e9 solaire par an.<\/li>\n<li><strong>L'autonomie ultime en mati\u00e8re d'alimentation \u00e9lectrique<\/strong>: En combinaison avec notre accumulateur d'\u00e9nergie mobile pour une \u00e9nergie respectueuse de l'environnement.<\/li>\n<li><strong>R\u00e9duction des co\u00fbts<\/strong>: R\u00e9duit la consommation de diesel et les \u00e9missions de CO2, ne n\u00e9cessite pas d'autorisation et peut \u00eatre utilis\u00e9 ind\u00e9pendamment du r\u00e9seau.<\/li>\n<li><strong>Montage facile<\/strong>: Fixer des profil\u00e9s en aluminium robustes sur le toit \u00e0 l'aide de SuperMagnet, les modules PV peuvent \u00eatre mont\u00e9s en quelques minutes par une seule personne.<\/li>\n<li><strong>Dur\u00e9e de vie plus longue des piles<\/strong>: Les modules PV prot\u00e8gent contre les d\u00e9charges profondes en cas de panne de g\u00e9n\u00e9rateur ou de r\u00e9seau.<\/li>\n<li><strong>Avantages estivaux<\/strong>Ombrage optimal du MobilHybride.<\/li>\n<li><strong>Grande compatibilit\u00e9<\/strong>: Facile \u00e0 transporter et compatible avec n'importe quel MobilHybrid avec option PV.<\/li>\n<\/ul>\n<\/div>\n<\/div>\n<\/div>","protected":false},"excerpt":{"rendered":"<p>Le site <strong><span style=\"color: #58a332;\">MH<\/span> <span style=\"color: #58a332;\">R<\/span><\/strong>oof<strong><span style=\"color: #58a332;\">T<\/span><\/strong>op<span style=\"color: #58a332;\"><strong>PV<\/strong><\/span> est une solution solaire innovante pour <strong><span style=\"color: #58a332;\">M<\/span><\/strong>obil<strong><span style=\"color: #58a332;\">H<\/span><\/strong>ybrid. Installation rapide, jusqu'\u00e0 800 kWh d'\u00e9lectricit\u00e9 solaire par an, respectueux de l'environnement, ind\u00e9pendant du r\u00e9seau et \u00e9conomique. Id\u00e9al pour une alimentation en \u00e9nergie autonome en d\u00e9placement.<\/p>","protected":false},"featured_media":3993,"comment_status":"closed","ping_status":"closed","template":"","meta":[],"product_brand":[],"product_cat":[65],"product_tag":[],"class_list":{"0":"post-3992","1":"product","2":"type-product","3":"status-publish","4":"has-post-thumbnail","6":"product_cat-pv-systeme","8":"first","9":"instock","10":"shipping-taxable","11":"product-type-simple"},"yoast_head":"<!-- This site is optimized with the Yoast SEO plugin v26.6 - https:\/\/yoast.com\/wordpress\/plugins\/seo\/ -->\n<title>MH RoofTopPV - MobilHybrid<\/title>\n<meta name=\"description\" content=\"Entdecken Sie die MH RoofTopPV Solarl\u00f6sung f\u00fcr Ihren MobilHybrid. Schnelle Installation, netzunabh\u00e4ngig und umweltfreundlich.\" \/>\n<meta name=\"robots\" content=\"index, follow, max-snippet:-1, max-image-preview:large, max-video-preview:-1\" \/>\n<link rel=\"canonical\" href=\"https:\/\/mobilhybrid.de\/fr\/produit\/solution-solaire-innovante-pour-lhybride-mobile-mh-rooftoppv-alimentation-electrique-autonome\/\" \/>\n<meta property=\"og:locale\" content=\"fr_FR\" \/>\n<meta property=\"og:type\" content=\"article\" \/>\n<meta property=\"og:title\" content=\"MH RoofTopPV - MobilHybrid\" \/>\n<meta property=\"og:description\" content=\"Entdecken Sie die MH RoofTopPV Solarl\u00f6sung f\u00fcr Ihren MobilHybrid. Schnelle Installation, netzunabh\u00e4ngig und umweltfreundlich.\" \/>\n<meta property=\"og:url\" content=\"https:\/\/mobilhybrid.de\/fr\/produit\/solution-solaire-innovante-pour-lhybride-mobile-mh-rooftoppv-alimentation-electrique-autonome\/\" \/>\n<meta property=\"og:site_name\" content=\"MobilHybrid\" \/>\n<meta property=\"article:publisher\" content=\"https:\/\/www.facebook.com\/MobilHybrid\/\" \/>\n<meta property=\"article:modified_time\" content=\"2025-07-06T13:25:52+00:00\" \/>\n<meta property=\"og:image\" content=\"https:\/\/mobilhybrid.de\/wp-content\/uploads\/2024\/06\/MH-RoofTopPV.jpg\" \/>\n\t<meta property=\"og:image:width\" content=\"1000\" \/>\n\t<meta property=\"og:image:height\" content=\"1000\" \/>\n\t<meta property=\"og:image:type\" content=\"image\/jpeg\" \/>\n<meta name=\"twitter:card\" content=\"summary_large_image\" \/>\n<script type=\"application\/ld+json\" class=\"yoast-schema-graph\">{\"@context\":\"https:\/\/schema.org\",\"@graph\":[{\"@type\":\"WebPage\",\"@id\":\"https:\/\/mobilhybrid.de\/product\/innovative-solarloesung-fuer-mobilhybrid-mh-rooftoppv-autarke-stromversorgung\/\",\"url\":\"https:\/\/mobilhybrid.de\/product\/innovative-solarloesung-fuer-mobilhybrid-mh-rooftoppv-autarke-stromversorgung\/\",\"name\":\"MH RoofTopPV - MobilHybrid\",\"isPartOf\":{\"@id\":\"https:\/\/mobilhybrid.de\/#website\"},\"primaryImageOfPage\":{\"@id\":\"https:\/\/mobilhybrid.de\/product\/innovative-solarloesung-fuer-mobilhybrid-mh-rooftoppv-autarke-stromversorgung\/#primaryimage\"},\"image\":{\"@id\":\"https:\/\/mobilhybrid.de\/product\/innovative-solarloesung-fuer-mobilhybrid-mh-rooftoppv-autarke-stromversorgung\/#primaryimage\"},\"thumbnailUrl\":\"https:\/\/mobilhybrid.de\/wp-content\/uploads\/2024\/06\/MH-RoofTopPV.jpg\",\"datePublished\":\"2024-06-09T10:36:18+00:00\",\"dateModified\":\"2025-07-06T13:25:52+00:00\",\"description\":\"Entdecken Sie die MH RoofTopPV Solarl\u00f6sung f\u00fcr Ihren MobilHybrid. Schnelle Installation, netzunabh\u00e4ngig und umweltfreundlich.\",\"breadcrumb\":{\"@id\":\"https:\/\/mobilhybrid.de\/product\/innovative-solarloesung-fuer-mobilhybrid-mh-rooftoppv-autarke-stromversorgung\/#breadcrumb\"},\"inLanguage\":\"fr-FR\",\"potentialAction\":[{\"@type\":\"ReadAction\",\"target\":[\"https:\/\/mobilhybrid.de\/product\/innovative-solarloesung-fuer-mobilhybrid-mh-rooftoppv-autarke-stromversorgung\/\"]}]},{\"@type\":\"ImageObject\",\"inLanguage\":\"fr-FR\",\"@id\":\"https:\/\/mobilhybrid.de\/product\/innovative-solarloesung-fuer-mobilhybrid-mh-rooftoppv-autarke-stromversorgung\/#primaryimage\",\"url\":\"https:\/\/mobilhybrid.de\/wp-content\/uploads\/2024\/06\/MH-RoofTopPV.jpg\",\"contentUrl\":\"https:\/\/mobilhybrid.de\/wp-content\/uploads\/2024\/06\/MH-RoofTopPV.jpg\",\"width\":1000,\"height\":1000,\"caption\":\"Mobile PV-Anlage f\u00fcr MobilHybrid\"},{\"@type\":\"BreadcrumbList\",\"@id\":\"https:\/\/mobilhybrid.de\/product\/innovative-solarloesung-fuer-mobilhybrid-mh-rooftoppv-autarke-stromversorgung\/#breadcrumb\",\"itemListElement\":[{\"@type\":\"ListItem\",\"position\":1,\"name\":\"Home\",\"item\":\"https:\/\/mobilhybrid.de\/\"},{\"@type\":\"ListItem\",\"position\":2,\"name\":\"Produkte\",\"item\":\"https:\/\/mobilhybrid.de\/shop\/\"},{\"@type\":\"ListItem\",\"position\":3,\"name\":\"MH RoofTopPV\"}]},{\"@type\":\"WebSite\",\"@id\":\"https:\/\/mobilhybrid.de\/#website\",\"url\":\"https:\/\/mobilhybrid.de\/\",\"name\":\"MobilHybrid\",\"description\":\"die autarke, mobile netzunabh\u00e4ngige Stromversorgung\",\"publisher\":{\"@id\":\"https:\/\/mobilhybrid.de\/#organization\"},\"potentialAction\":[{\"@type\":\"SearchAction\",\"target\":{\"@type\":\"EntryPoint\",\"urlTemplate\":\"https:\/\/mobilhybrid.de\/?s={search_term_string}\"},\"query-input\":{\"@type\":\"PropertyValueSpecification\",\"valueRequired\":true,\"valueName\":\"search_term_string\"}}],\"inLanguage\":\"fr-FR\"},{\"@type\":\"Organization\",\"@id\":\"https:\/\/mobilhybrid.de\/#organization\",\"name\":\"MobilHybrid GmbH\",\"url\":\"https:\/\/mobilhybrid.de\/\",\"logo\":{\"@type\":\"ImageObject\",\"inLanguage\":\"fr-FR\",\"@id\":\"https:\/\/mobilhybrid.de\/#\/schema\/logo\/image\/\",\"url\":\"https:\/\/mobilhybrid.de\/wp-content\/uploads\/2020\/04\/152.png\",\"contentUrl\":\"https:\/\/mobilhybrid.de\/wp-content\/uploads\/2020\/04\/152.png\",\"width\":152,\"height\":152,\"caption\":\"MobilHybrid GmbH\"},\"image\":{\"@id\":\"https:\/\/mobilhybrid.de\/#\/schema\/logo\/image\/\"},\"sameAs\":[\"https:\/\/www.facebook.com\/MobilHybrid\/\",\"https:\/\/www.instagram.com\/_mobilhybrid_\/?hl=de\",\"https:\/\/www.youtube.com\/@pv4lifegmbh476\",\"https:\/\/de.linkedin.com\/company\/mobilhybrid-ug\"]}]}<\/script>\n<!-- \/ Yoast SEO plugin. -->","yoast_head_json":{"title":"MH RoofTopPV - MobilHybrid","description":"D\u00e9couvrez la solution solaire MH RoofTopPV pour votre MobilHybrid. Installation rapide, ind\u00e9pendante du r\u00e9seau et respectueuse de l'environnement.","robots":{"index":"index","follow":"follow","max-snippet":"max-snippet:-1","max-image-preview":"max-image-preview:large","max-video-preview":"max-video-preview:-1"},"canonical":"https:\/\/mobilhybrid.de\/fr\/produit\/solution-solaire-innovante-pour-lhybride-mobile-mh-rooftoppv-alimentation-electrique-autonome\/","og_locale":"fr_FR","og_type":"article","og_title":"MH RoofTopPV - MobilHybrid","og_description":"Entdecken Sie die MH RoofTopPV Solarl\u00f6sung f\u00fcr Ihren MobilHybrid. Schnelle Installation, netzunabh\u00e4ngig und umweltfreundlich.","og_url":"https:\/\/mobilhybrid.de\/fr\/produit\/solution-solaire-innovante-pour-lhybride-mobile-mh-rooftoppv-alimentation-electrique-autonome\/","og_site_name":"MobilHybrid","article_publisher":"https:\/\/www.facebook.com\/MobilHybrid\/","article_modified_time":"2025-07-06T13:25:52+00:00","og_image":[{"width":1000,"height":1000,"url":"https:\/\/mobilhybrid.de\/wp-content\/uploads\/2024\/06\/MH-RoofTopPV.jpg","type":"image\/jpeg"}],"twitter_card":"summary_large_image","schema":{"@context":"https:\/\/schema.org","@graph":[{"@type":"WebPage","@id":"https:\/\/mobilhybrid.de\/product\/innovative-solarloesung-fuer-mobilhybrid-mh-rooftoppv-autarke-stromversorgung\/","url":"https:\/\/mobilhybrid.de\/product\/innovative-solarloesung-fuer-mobilhybrid-mh-rooftoppv-autarke-stromversorgung\/","name":"MH RoofTopPV - MobilHybrid","isPartOf":{"@id":"https:\/\/mobilhybrid.de\/#website"},"primaryImageOfPage":{"@id":"https:\/\/mobilhybrid.de\/product\/innovative-solarloesung-fuer-mobilhybrid-mh-rooftoppv-autarke-stromversorgung\/#primaryimage"},"image":{"@id":"https:\/\/mobilhybrid.de\/product\/innovative-solarloesung-fuer-mobilhybrid-mh-rooftoppv-autarke-stromversorgung\/#primaryimage"},"thumbnailUrl":"https:\/\/mobilhybrid.de\/wp-content\/uploads\/2024\/06\/MH-RoofTopPV.jpg","datePublished":"2024-06-09T10:36:18+00:00","dateModified":"2025-07-06T13:25:52+00:00","description":"D\u00e9couvrez la solution solaire MH RoofTopPV pour votre MobilHybrid. Installation rapide, ind\u00e9pendante du r\u00e9seau et respectueuse de l'environnement.","breadcrumb":{"@id":"https:\/\/mobilhybrid.de\/product\/innovative-solarloesung-fuer-mobilhybrid-mh-rooftoppv-autarke-stromversorgung\/#breadcrumb"},"inLanguage":"fr-FR","potentialAction":[{"@type":"ReadAction","target":["https:\/\/mobilhybrid.de\/product\/innovative-solarloesung-fuer-mobilhybrid-mh-rooftoppv-autarke-stromversorgung\/"]}]},{"@type":"ImageObject","inLanguage":"fr-FR","@id":"https:\/\/mobilhybrid.de\/product\/innovative-solarloesung-fuer-mobilhybrid-mh-rooftoppv-autarke-stromversorgung\/#primaryimage","url":"https:\/\/mobilhybrid.de\/wp-content\/uploads\/2024\/06\/MH-RoofTopPV.jpg","contentUrl":"https:\/\/mobilhybrid.de\/wp-content\/uploads\/2024\/06\/MH-RoofTopPV.jpg","width":1000,"height":1000,"caption":"Mobile PV-Anlage f\u00fcr MobilHybrid"},{"@type":"BreadcrumbList","@id":"https:\/\/mobilhybrid.de\/product\/innovative-solarloesung-fuer-mobilhybrid-mh-rooftoppv-autarke-stromversorgung\/#breadcrumb","itemListElement":[{"@type":"ListItem","position":1,"name":"Home","item":"https:\/\/mobilhybrid.de\/"},{"@type":"ListItem","position":2,"name":"Produkte","item":"https:\/\/mobilhybrid.de\/shop\/"},{"@type":"ListItem","position":3,"name":"MH RoofTopPV"}]},{"@type":"WebSite","@id":"https:\/\/mobilhybrid.de\/#website","url":"https:\/\/mobilhybrid.de\/","name":"MobilHybrid","description":"l'alimentation \u00e9lectrique autonome, mobile et ind\u00e9pendante du r\u00e9seau","publisher":{"@id":"https:\/\/mobilhybrid.de\/#organization"},"potentialAction":[{"@type":"SearchAction","target":{"@type":"EntryPoint","urlTemplate":"https:\/\/mobilhybrid.de\/?s={search_term_string}"},"query-input":{"@type":"PropertyValueSpecification","valueRequired":true,"valueName":"search_term_string"}}],"inLanguage":"fr-FR"},{"@type":"Organization","@id":"https:\/\/mobilhybrid.de\/#organization","name":"MobilHybrid GmbH","url":"https:\/\/mobilhybrid.de\/","logo":{"@type":"ImageObject","inLanguage":"fr-FR","@id":"https:\/\/mobilhybrid.de\/#\/schema\/logo\/image\/","url":"https:\/\/mobilhybrid.de\/wp-content\/uploads\/2020\/04\/152.png","contentUrl":"https:\/\/mobilhybrid.de\/wp-content\/uploads\/2020\/04\/152.png","width":152,"height":152,"caption":"MobilHybrid GmbH"},"image":{"@id":"https:\/\/mobilhybrid.de\/#\/schema\/logo\/image\/"},"sameAs":["https:\/\/www.facebook.com\/MobilHybrid\/","https:\/\/www.instagram.com\/_mobilhybrid_\/?hl=de","https:\/\/www.youtube.com\/@pv4lifegmbh476","https:\/\/de.linkedin.com\/company\/mobilhybrid-ug"]}]}},"_links":{"self":[{"href":"https:\/\/mobilhybrid.de\/fr\/wp-json\/wp\/v2\/product\/3992","targetHints":{"allow":["GET"]}}],"collection":[{"href":"https:\/\/mobilhybrid.de\/fr\/wp-json\/wp\/v2\/product"}],"about":[{"href":"https:\/\/mobilhybrid.de\/fr\/wp-json\/wp\/v2\/types\/product"}],"replies":[{"embeddable":true,"href":"https:\/\/mobilhybrid.de\/fr\/wp-json\/wp\/v2\/comments?post=3992"}],"wp:featuredmedia":[{"embeddable":true,"href":"https:\/\/mobilhybrid.de\/fr\/wp-json\/wp\/v2\/media\/3993"}],"wp:attachment":[{"href":"https:\/\/mobilhybrid.de\/fr\/wp-json\/wp\/v2\/media?parent=3992"}],"wp:term":[{"taxonomy":"product_brand","embeddable":true,"href":"https:\/\/mobilhybrid.de\/fr\/wp-json\/wp\/v2\/product_brand?post=3992"},{"taxonomy":"product_cat","embeddable":true,"href":"https:\/\/mobilhybrid.de\/fr\/wp-json\/wp\/v2\/product_cat?post=3992"},{"taxonomy":"product_tag","embeddable":true,"href":"https:\/\/mobilhybrid.de\/fr\/wp-json\/wp\/v2\/product_tag?post=3992"}],"curies":[{"name":"wp","href":"https:\/\/api.w.org\/{rel}","templated":true}]}}