{"id":4473,"date":"2025-12-06T13:32:38","date_gmt":"2025-12-06T12:32:38","guid":{"rendered":"https:\/\/mobilhybrid.de\/?post_type=product&#038;p=4473"},"modified":"2025-12-06T14:23:14","modified_gmt":"2025-12-06T13:23:14","slug":"ch120-150","status":"publish","type":"product","link":"https:\/\/mobilhybrid.de\/fr\/produit\/ch120-150\/","title":{"rendered":"CH120-150"},"content":{"rendered":"<p><strong>ChargeHybrid CH120-150<\/strong><\/p>\n<p>Le site <strong>ChargeHybrid CH120-150<\/strong> est la nouvelle solution \u00e9nerg\u00e9tique performante pour les chantiers, les applications industrielles et les sites o\u00f9 la capacit\u00e9 du r\u00e9seau est limit\u00e9e. Elle combine stockage d'\u00e9nergie intelligent, fourniture de puissance flexible et s\u00e9curit\u00e9 de fonctionnement maximale - id\u00e9ale pour les exigences modernes en mati\u00e8re d'infrastructure de recharge et de stabilisation du r\u00e9seau.<\/p>\n<p>&nbsp;<\/p>\n<p><strong>Domaines d'application &amp; avantages<\/strong><\/p>\n<ol>\n<li><strong>Une alimentation en \u00e9nergie puissante pour les chantiers<\/strong><br \/>\nLe CH120-150 alimente les chantiers en \u00e9nergie de mani\u00e8re fiable, m\u00eame en cas de pics de puissance \u00e9lev\u00e9s. Il permet de faire fonctionner efficacement les machines \u00e9lectriques, les chargeurs et les installations temporaires.<\/li>\n<li><strong>Renforcement du r\u00e9seau (grid booster)<\/strong><br \/>\nEn tant que grid booster, le CH120-150 stabilise et renforce les raccordements au r\u00e9seau existants. Ainsi, m\u00eame les r\u00e9seaux faibles ou limit\u00e9s en puissance peuvent alimenter en toute s\u00e9curit\u00e9 des consommateurs plus importants.<\/li>\n<li><strong>Infrastructure de recharge pour les engins de chantier \u00e9lectriques<\/strong><br \/>\nLe CH120-150 est id\u00e9al comme unit\u00e9 de charge centrale pour les machines et appareils \u00e9lectriques de chantier. Il assure une puissance de charge \u00e9lev\u00e9e sans surcharger le r\u00e9seau \u00e9lectrique local.<\/li>\n<li><strong>Fonctionnement de machines avec un courant de d\u00e9marrage \u00e9lev\u00e9<\/strong><br \/>\nGr\u00e2ce \u00e0 sa puissance \u00e9lev\u00e9e \u00e0 court terme, le CH120-150 convient parfaitement aux appareils tels que les grues, les pompes, les finisseurs ou les scies qui n\u00e9cessitent de forts courants de d\u00e9marrage.<\/li>\n<li><strong>Hybridation efficace des g\u00e9n\u00e9rateurs d'\u00e9lectricit\u00e9<\/strong><br \/>\nEn combinaison avec un g\u00e9n\u00e9rateur, le CH120-150 r\u00e9duit consid\u00e9rablement les temps de fonctionnement du groupe. Cela permet de r\u00e9duire la consommation de carburant, les co\u00fbts de maintenance et les \u00e9missions de CO\u2082 jusqu'\u00e0 70 %.<\/li>\n<li><strong>Soutien des \u00e9nergies renouvelables<\/strong><br \/>\nLe CH120-150 peut \u00eatre facilement combin\u00e9 avec des modules PV. L'int\u00e9gration de l'\u00e9lectricit\u00e9 solaire permet un approvisionnement en \u00e9nergie durable et \u00e0 faibles \u00e9missions.<\/li>\n<li><strong>Bo\u00eetier outdoor robuste pour les environnements extr\u00eames<\/strong><br \/>\nLe ChargeHybrid CH120-150 est install\u00e9 dans un bo\u00eetier ext\u00e9rieur particuli\u00e8rement r\u00e9sistant, sp\u00e9cialement con\u00e7u pour les conditions difficiles des chantiers.<br \/>\nAvec un degr\u00e9 de protection IP54, le syst\u00e8me est prot\u00e9g\u00e9 de mani\u00e8re fiable contre la poussi\u00e8re et les projections d'eau et convient aux conditions d'utilisation les plus difficiles.<br \/>\nEn outre, optimis\u00e9 pour un fonctionnement s\u00fbr dans des plages de temp\u00e9ratures extr\u00eames de -15 \u00b0C \u00e0 +55 \u00b0C.<\/li>\n<\/ol>","protected":false},"excerpt":{"rendered":"<p>Gr\u00e2ce \u00e0 la combinaison d'un stockage d'\u00e9nergie, d'une gestion intelligente de la charge et d'une mise \u00e0 disposition flexible de la puissance, le ChargeHybrid met l'\u00e9nergie \u00e0 disposition exactement l\u00e0 o\u00f9 elle est n\u00e9cessaire - de mani\u00e8re fiable, \u00e9volutive et ind\u00e9pendamment de la qualit\u00e9 du r\u00e9seau.<\/p>\n<p>Qu'il s'agisse d'un grand parc de machines ou d'une logistique de chantier complexe : le ChargeHybrid cr\u00e9e la base pour des processus de construction efficaces, moins polluants et orient\u00e9s vers l'avenir.<\/p>","protected":false},"featured_media":2329,"comment_status":"closed","ping_status":"closed","template":"","meta":[],"product_brand":[],"product_cat":[83],"product_tag":[],"class_list":{"0":"post-4473","1":"product","2":"type-product","3":"status-publish","4":"has-post-thumbnail","6":"product_cat-chargehybrid","8":"first","9":"instock","10":"shipping-taxable","11":"product-type-simple"},"yoast_head":"<!-- This site is optimized with the Yoast SEO plugin v26.6 - https:\/\/yoast.com\/wordpress\/plugins\/seo\/ -->\n<title>ChargeHybrid CH120-150 \u2013 H\u00f6chstleistung f\u00fcr gro\u00dfe Baustellen<\/title>\n<meta name=\"description\" content=\"ChargeHybrid CH120-150 maximale Hochleistung f\u00fcr Gro\u00dfbaustellen. PowerBoost bis 150 kW, PV-ready, effizient &amp; robust. Jetzt mehr erfahren.\" \/>\n<meta name=\"robots\" content=\"noindex, follow, max-snippet:-1, max-image-preview:large, max-video-preview:-1\" \/>\n<meta property=\"og:locale\" content=\"fr_FR\" \/>\n<meta property=\"og:type\" content=\"article\" \/>\n<meta property=\"og:title\" content=\"ChargeHybrid CH120-150 \u2013 H\u00f6chstleistung f\u00fcr gro\u00dfe Baustellen\" \/>\n<meta property=\"og:description\" content=\"ChargeHybrid CH120-150 maximale Hochleistung f\u00fcr Gro\u00dfbaustellen. PowerBoost bis 150 kW, PV-ready, effizient &amp; robust. Jetzt mehr erfahren.\" \/>\n<meta property=\"og:url\" content=\"https:\/\/mobilhybrid.de\/fr\/produit\/ch120-150\/\" \/>\n<meta property=\"og:site_name\" content=\"MobilHybrid\" \/>\n<meta property=\"article:publisher\" content=\"https:\/\/www.facebook.com\/MobilHybrid\/\" \/>\n<meta property=\"article:modified_time\" content=\"2025-12-06T13:23:14+00:00\" \/>\n<meta property=\"og:image\" content=\"https:\/\/mobilhybrid.de\/wp-content\/uploads\/2023\/09\/MH-Hintergrund-weiss.jpg\" \/>\n\t<meta property=\"og:image:width\" content=\"1000\" \/>\n\t<meta property=\"og:image:height\" content=\"1000\" \/>\n\t<meta property=\"og:image:type\" content=\"image\/jpeg\" \/>\n<meta name=\"twitter:card\" content=\"summary_large_image\" \/>\n<script type=\"application\/ld+json\" class=\"yoast-schema-graph\">{\"@context\":\"https:\/\/schema.org\",\"@graph\":[{\"@type\":\"WebPage\",\"@id\":\"https:\/\/mobilhybrid.de\/product\/ch120-150\/\",\"url\":\"https:\/\/mobilhybrid.de\/product\/ch120-150\/\",\"name\":\"ChargeHybrid CH120-150 \u2013 H\u00f6chstleistung f\u00fcr gro\u00dfe Baustellen\",\"isPartOf\":{\"@id\":\"https:\/\/mobilhybrid.de\/#website\"},\"primaryImageOfPage\":{\"@id\":\"https:\/\/mobilhybrid.de\/product\/ch120-150\/#primaryimage\"},\"image\":{\"@id\":\"https:\/\/mobilhybrid.de\/product\/ch120-150\/#primaryimage\"},\"thumbnailUrl\":\"https:\/\/mobilhybrid.de\/wp-content\/uploads\/2023\/09\/MH-Hintergrund-weiss.jpg\",\"datePublished\":\"2025-12-06T12:32:38+00:00\",\"dateModified\":\"2025-12-06T13:23:14+00:00\",\"description\":\"ChargeHybrid CH120-150 maximale Hochleistung f\u00fcr Gro\u00dfbaustellen. PowerBoost bis 150 kW, PV-ready, effizient & robust. Jetzt mehr erfahren.\",\"breadcrumb\":{\"@id\":\"https:\/\/mobilhybrid.de\/product\/ch120-150\/#breadcrumb\"},\"inLanguage\":\"fr-FR\",\"potentialAction\":[{\"@type\":\"ReadAction\",\"target\":[\"https:\/\/mobilhybrid.de\/product\/ch120-150\/\"]}]},{\"@type\":\"ImageObject\",\"inLanguage\":\"fr-FR\",\"@id\":\"https:\/\/mobilhybrid.de\/product\/ch120-150\/#primaryimage\",\"url\":\"https:\/\/mobilhybrid.de\/wp-content\/uploads\/2023\/09\/MH-Hintergrund-weiss.jpg\",\"contentUrl\":\"https:\/\/mobilhybrid.de\/wp-content\/uploads\/2023\/09\/MH-Hintergrund-weiss.jpg\",\"width\":1000,\"height\":1000,\"caption\":\"MobilHybrid MH-48\"},{\"@type\":\"BreadcrumbList\",\"@id\":\"https:\/\/mobilhybrid.de\/product\/ch120-150\/#breadcrumb\",\"itemListElement\":[{\"@type\":\"ListItem\",\"position\":1,\"name\":\"Home\",\"item\":\"https:\/\/mobilhybrid.de\/\"},{\"@type\":\"ListItem\",\"position\":2,\"name\":\"Produkte\",\"item\":\"https:\/\/mobilhybrid.de\/shop\/\"},{\"@type\":\"ListItem\",\"position\":3,\"name\":\"CH120-150\"}]},{\"@type\":\"WebSite\",\"@id\":\"https:\/\/mobilhybrid.de\/#website\",\"url\":\"https:\/\/mobilhybrid.de\/\",\"name\":\"MobilHybrid\",\"description\":\"die autarke, mobile netzunabh\u00e4ngige Stromversorgung\",\"publisher\":{\"@id\":\"https:\/\/mobilhybrid.de\/#organization\"},\"potentialAction\":[{\"@type\":\"SearchAction\",\"target\":{\"@type\":\"EntryPoint\",\"urlTemplate\":\"https:\/\/mobilhybrid.de\/?s={search_term_string}\"},\"query-input\":{\"@type\":\"PropertyValueSpecification\",\"valueRequired\":true,\"valueName\":\"search_term_string\"}}],\"inLanguage\":\"fr-FR\"},{\"@type\":\"Organization\",\"@id\":\"https:\/\/mobilhybrid.de\/#organization\",\"name\":\"MobilHybrid GmbH\",\"url\":\"https:\/\/mobilhybrid.de\/\",\"logo\":{\"@type\":\"ImageObject\",\"inLanguage\":\"fr-FR\",\"@id\":\"https:\/\/mobilhybrid.de\/#\/schema\/logo\/image\/\",\"url\":\"https:\/\/mobilhybrid.de\/wp-content\/uploads\/2020\/04\/152.png\",\"contentUrl\":\"https:\/\/mobilhybrid.de\/wp-content\/uploads\/2020\/04\/152.png\",\"width\":152,\"height\":152,\"caption\":\"MobilHybrid GmbH\"},\"image\":{\"@id\":\"https:\/\/mobilhybrid.de\/#\/schema\/logo\/image\/\"},\"sameAs\":[\"https:\/\/www.facebook.com\/MobilHybrid\/\",\"https:\/\/www.instagram.com\/_mobilhybrid_\/?hl=de\",\"https:\/\/www.youtube.com\/@pv4lifegmbh476\",\"https:\/\/de.linkedin.com\/company\/mobilhybrid-ug\"]}]}<\/script>\n<!-- \/ Yoast SEO plugin. -->","yoast_head_json":{"title":"ChargeHybrid CH120-150 - Une puissance maximale pour les grands chantiers","description":"ChargeHybrid CH120-150 puissance maximale pour les grands chantiers. PowerBoost jusqu'\u00e0 150 kW, PV-ready, efficace &amp; robuste. En savoir plus maintenant.","robots":{"index":"noindex","follow":"follow","max-snippet":"max-snippet:-1","max-image-preview":"max-image-preview:large","max-video-preview":"max-video-preview:-1"},"og_locale":"fr_FR","og_type":"article","og_title":"ChargeHybrid CH120-150 \u2013 H\u00f6chstleistung f\u00fcr gro\u00dfe Baustellen","og_description":"ChargeHybrid CH120-150 maximale Hochleistung f\u00fcr Gro\u00dfbaustellen. PowerBoost bis 150 kW, PV-ready, effizient & robust. Jetzt mehr erfahren.","og_url":"https:\/\/mobilhybrid.de\/fr\/produit\/ch120-150\/","og_site_name":"MobilHybrid","article_publisher":"https:\/\/www.facebook.com\/MobilHybrid\/","article_modified_time":"2025-12-06T13:23:14+00:00","og_image":[{"width":1000,"height":1000,"url":"https:\/\/mobilhybrid.de\/wp-content\/uploads\/2023\/09\/MH-Hintergrund-weiss.jpg","type":"image\/jpeg"}],"twitter_card":"summary_large_image","schema":{"@context":"https:\/\/schema.org","@graph":[{"@type":"WebPage","@id":"https:\/\/mobilhybrid.de\/product\/ch120-150\/","url":"https:\/\/mobilhybrid.de\/product\/ch120-150\/","name":"ChargeHybrid CH120-150 - Une puissance maximale pour les grands chantiers","isPartOf":{"@id":"https:\/\/mobilhybrid.de\/#website"},"primaryImageOfPage":{"@id":"https:\/\/mobilhybrid.de\/product\/ch120-150\/#primaryimage"},"image":{"@id":"https:\/\/mobilhybrid.de\/product\/ch120-150\/#primaryimage"},"thumbnailUrl":"https:\/\/mobilhybrid.de\/wp-content\/uploads\/2023\/09\/MH-Hintergrund-weiss.jpg","datePublished":"2025-12-06T12:32:38+00:00","dateModified":"2025-12-06T13:23:14+00:00","description":"ChargeHybrid CH120-150 puissance maximale pour les grands chantiers. PowerBoost jusqu'\u00e0 150 kW, PV-ready, efficace &amp; robuste. En savoir plus maintenant.","breadcrumb":{"@id":"https:\/\/mobilhybrid.de\/product\/ch120-150\/#breadcrumb"},"inLanguage":"fr-FR","potentialAction":[{"@type":"ReadAction","target":["https:\/\/mobilhybrid.de\/product\/ch120-150\/"]}]},{"@type":"ImageObject","inLanguage":"fr-FR","@id":"https:\/\/mobilhybrid.de\/product\/ch120-150\/#primaryimage","url":"https:\/\/mobilhybrid.de\/wp-content\/uploads\/2023\/09\/MH-Hintergrund-weiss.jpg","contentUrl":"https:\/\/mobilhybrid.de\/wp-content\/uploads\/2023\/09\/MH-Hintergrund-weiss.jpg","width":1000,"height":1000,"caption":"MobilHybrid MH-48"},{"@type":"BreadcrumbList","@id":"https:\/\/mobilhybrid.de\/product\/ch120-150\/#breadcrumb","itemListElement":[{"@type":"ListItem","position":1,"name":"Home","item":"https:\/\/mobilhybrid.de\/"},{"@type":"ListItem","position":2,"name":"Produkte","item":"https:\/\/mobilhybrid.de\/shop\/"},{"@type":"ListItem","position":3,"name":"CH120-150"}]},{"@type":"WebSite","@id":"https:\/\/mobilhybrid.de\/#website","url":"https:\/\/mobilhybrid.de\/","name":"MobilHybrid","description":"l'alimentation \u00e9lectrique autonome, mobile et ind\u00e9pendante du r\u00e9seau","publisher":{"@id":"https:\/\/mobilhybrid.de\/#organization"},"potentialAction":[{"@type":"SearchAction","target":{"@type":"EntryPoint","urlTemplate":"https:\/\/mobilhybrid.de\/?s={search_term_string}"},"query-input":{"@type":"PropertyValueSpecification","valueRequired":true,"valueName":"search_term_string"}}],"inLanguage":"fr-FR"},{"@type":"Organization","@id":"https:\/\/mobilhybrid.de\/#organization","name":"MobilHybrid GmbH","url":"https:\/\/mobilhybrid.de\/","logo":{"@type":"ImageObject","inLanguage":"fr-FR","@id":"https:\/\/mobilhybrid.de\/#\/schema\/logo\/image\/","url":"https:\/\/mobilhybrid.de\/wp-content\/uploads\/2020\/04\/152.png","contentUrl":"https:\/\/mobilhybrid.de\/wp-content\/uploads\/2020\/04\/152.png","width":152,"height":152,"caption":"MobilHybrid GmbH"},"image":{"@id":"https:\/\/mobilhybrid.de\/#\/schema\/logo\/image\/"},"sameAs":["https:\/\/www.facebook.com\/MobilHybrid\/","https:\/\/www.instagram.com\/_mobilhybrid_\/?hl=de","https:\/\/www.youtube.com\/@pv4lifegmbh476","https:\/\/de.linkedin.com\/company\/mobilhybrid-ug"]}]}},"_links":{"self":[{"href":"https:\/\/mobilhybrid.de\/fr\/wp-json\/wp\/v2\/product\/4473","targetHints":{"allow":["GET"]}}],"collection":[{"href":"https:\/\/mobilhybrid.de\/fr\/wp-json\/wp\/v2\/product"}],"about":[{"href":"https:\/\/mobilhybrid.de\/fr\/wp-json\/wp\/v2\/types\/product"}],"replies":[{"embeddable":true,"href":"https:\/\/mobilhybrid.de\/fr\/wp-json\/wp\/v2\/comments?post=4473"}],"wp:featuredmedia":[{"embeddable":true,"href":"https:\/\/mobilhybrid.de\/fr\/wp-json\/wp\/v2\/media\/2329"}],"wp:attachment":[{"href":"https:\/\/mobilhybrid.de\/fr\/wp-json\/wp\/v2\/media?parent=4473"}],"wp:term":[{"taxonomy":"product_brand","embeddable":true,"href":"https:\/\/mobilhybrid.de\/fr\/wp-json\/wp\/v2\/product_brand?post=4473"},{"taxonomy":"product_cat","embeddable":true,"href":"https:\/\/mobilhybrid.de\/fr\/wp-json\/wp\/v2\/product_cat?post=4473"},{"taxonomy":"product_tag","embeddable":true,"href":"https:\/\/mobilhybrid.de\/fr\/wp-json\/wp\/v2\/product_tag?post=4473"}],"curies":[{"name":"wp","href":"https:\/\/api.w.org\/{rel}","templated":true}]}}