{"id":4498,"date":"2025-12-19T09:48:06","date_gmt":"2025-12-19T08:48:06","guid":{"rendered":"https:\/\/mobilhybrid.de\/?post_type=product&#038;p=4498"},"modified":"2026-04-02T18:28:51","modified_gmt":"2026-04-02T16:28:51","slug":"powerhybrid-ph60","status":"publish","type":"product","link":"https:\/\/mobilhybrid.de\/fr\/produit\/powerhybrid-ph60\/","title":{"rendered":"PowerHybrid PH60"},"content":{"rendered":"<p><strong>PowerHybrid PH60 - votre plateforme \u00e9nerg\u00e9tique cl\u00e9 en main pour les chantiers, les \u00e9v\u00e9nements et les applications BOS.<\/strong><\/p>\n<p>La PowerHybrid PH60 allie flexibilit\u00e9, efficacit\u00e9 et respect de l'environnement dans une solution pr\u00eate \u00e0 l'emploi pour une alimentation en \u00e9nergie moderne. Elle fournit du courant fiable pour les installations de conteneurs, les grues ainsi que les machines et outils \u00e9lectriques - m\u00eame sans raccordement au r\u00e9seau.<\/p>\n<h3>Vos avantages<\/h3>\n<ul>\n<li>Une alimentation en \u00e9nergie fiable pour des applications exigeantes<\/li>\n<li>Power Boost gr\u00e2ce \u00e0 la combinaison d'un g\u00e9n\u00e9rateur \u00e9lectrique et d'un accumulateur \u00e0 batterie<\/li>\n<li>Une hybridation efficace des g\u00e9n\u00e9rateurs d'\u00e9lectricit\u00e9 avec un fort potentiel d'\u00e9conomies<\/li>\n<li>Alimentation s\u00fbre pour les machines avec un courant de d\u00e9marrage \u00e9lev\u00e9<\/li>\n<li>Soutien au PV pour r\u00e9duire les \u00e9missions et augmenter l'autosuffisance<\/li>\n<li>Surveillance num\u00e9rique en temps r\u00e9el pour un fonctionnement s\u00fbr et sans faille<\/li>\n<li>Pr\u00eat \u00e0 l'emploi sans installation complexe<\/li>\n<\/ul>\n<h3>Points forts techniques<\/h3>\n<ul>\n<li>Groupe \u00e9lectrog\u00e8ne : 30 kVA, niveau d'\u00e9mission 5, en option HVO100<\/li>\n<li>Stockage d'\u00e9nergie : MobilHybrid MH24 avec 30 kVA<\/li>\n<li>Puissance continue : 24 kW \/ 30 kVA<\/li>\n<li>Boost de puissance : 48 kW<\/li>\n<li>Capacit\u00e9 de la batterie : 24 kWh utilisables<\/li>\n<li>Plage de temp\u00e9rature : -15 \u00b0C \u00e0 +45 \u00b0C<\/li>\n<\/ul>\n<p>La PowerHybrid PH60 est la solution id\u00e9ale pour les chantiers qui doivent \u00eatre aliment\u00e9s en \u00e9lectricit\u00e9 \u00e0 tout moment de mani\u00e8re puissante, fiable et durable.<\/p>","protected":false},"excerpt":{"rendered":"<p>La PowerHybrid PH60 est une plateforme \u00e9nerg\u00e9tique mobile cl\u00e9 en main pour les chantiers, les \u00e9v\u00e9nements et les applications BOS. Avec une puissance continue de 24 kW, un Power Boost de 48 kW et un soutien PV int\u00e9gr\u00e9, elle alimente en \u00e9lectricit\u00e9 les installations de conteneurs, les grues et les machines \u00e9lectriques de mani\u00e8re fiable et durable.<\/p>","protected":false},"featured_media":5114,"comment_status":"closed","ping_status":"closed","template":"","meta":[],"product_brand":[],"product_cat":[84],"product_tag":[86,87,89,88,91,97],"class_list":{"0":"post-4498","1":"product","2":"type-product","3":"status-publish","4":"has-post-thumbnail","6":"product_cat-powerhybrid","7":"product_tag-baustelle","8":"product_tag-energieplattform","9":"product_tag-generator","10":"product_tag-hybridstrom","11":"product_tag-photovoltaik","12":"product_tag-powerhybrid","14":"first","15":"instock","16":"shipping-taxable","17":"product-type-simple"},"yoast_head":"<!-- This site is optimized with the Yoast SEO plugin v26.6 - https:\/\/yoast.com\/wordpress\/plugins\/seo\/ -->\n<title>PowerHybrid PH60 \u2013 mobile Energieplattform f\u00fcr Baustellen | MobilHybrid<\/title>\n<meta name=\"description\" content=\"Der PowerHybrid PH60 ist die schl\u00fcsselfertige mobile Energieplattform f\u00fcr Baustellen, Events und BOS-Anwendungen \u2013 effizient, flexibel und nachhaltig.\" \/>\n<meta name=\"robots\" content=\"noindex, follow, max-snippet:-1, max-image-preview:large, max-video-preview:-1\" \/>\n<meta property=\"og:locale\" content=\"fr_FR\" \/>\n<meta property=\"og:type\" content=\"article\" \/>\n<meta property=\"og:title\" content=\"PowerHybrid PH60 \u2013 mobile Energieplattform f\u00fcr Baustellen | MobilHybrid\" \/>\n<meta property=\"og:description\" content=\"Der PowerHybrid PH60 ist die schl\u00fcsselfertige mobile Energieplattform f\u00fcr Baustellen, Events und BOS-Anwendungen \u2013 effizient, flexibel und nachhaltig.\" \/>\n<meta property=\"og:url\" content=\"https:\/\/mobilhybrid.de\/fr\/produit\/powerhybrid-ph60\/\" \/>\n<meta property=\"og:site_name\" content=\"MobilHybrid\" \/>\n<meta property=\"article:publisher\" content=\"https:\/\/www.facebook.com\/MobilHybrid\/\" \/>\n<meta property=\"article:modified_time\" content=\"2026-04-02T16:28:51+00:00\" \/>\n<meta property=\"og:image\" content=\"https:\/\/mobilhybrid.de\/wp-content\/uploads\/2026\/04\/PowerHybrid_V2.jpeg\" \/>\n\t<meta property=\"og:image:width\" content=\"1536\" \/>\n\t<meta property=\"og:image:height\" content=\"1024\" \/>\n\t<meta property=\"og:image:type\" content=\"image\/jpeg\" \/>\n<meta name=\"twitter:card\" content=\"summary_large_image\" \/>\n<script type=\"application\/ld+json\" class=\"yoast-schema-graph\">{\"@context\":\"https:\/\/schema.org\",\"@graph\":[{\"@type\":\"WebPage\",\"@id\":\"https:\/\/mobilhybrid.de\/product\/powerhybrid-ph60\/\",\"url\":\"https:\/\/mobilhybrid.de\/product\/powerhybrid-ph60\/\",\"name\":\"PowerHybrid PH60 \u2013 mobile Energieplattform f\u00fcr Baustellen | MobilHybrid\",\"isPartOf\":{\"@id\":\"https:\/\/mobilhybrid.de\/#website\"},\"primaryImageOfPage\":{\"@id\":\"https:\/\/mobilhybrid.de\/product\/powerhybrid-ph60\/#primaryimage\"},\"image\":{\"@id\":\"https:\/\/mobilhybrid.de\/product\/powerhybrid-ph60\/#primaryimage\"},\"thumbnailUrl\":\"https:\/\/mobilhybrid.de\/wp-content\/uploads\/2026\/04\/PowerHybrid_V2.jpeg\",\"datePublished\":\"2025-12-19T08:48:06+00:00\",\"dateModified\":\"2026-04-02T16:28:51+00:00\",\"description\":\"Der PowerHybrid PH60 ist die schl\u00fcsselfertige mobile Energieplattform f\u00fcr Baustellen, Events und BOS-Anwendungen \u2013 effizient, flexibel und nachhaltig.\",\"breadcrumb\":{\"@id\":\"https:\/\/mobilhybrid.de\/product\/powerhybrid-ph60\/#breadcrumb\"},\"inLanguage\":\"fr-FR\",\"potentialAction\":[{\"@type\":\"ReadAction\",\"target\":[\"https:\/\/mobilhybrid.de\/product\/powerhybrid-ph60\/\"]}]},{\"@type\":\"ImageObject\",\"inLanguage\":\"fr-FR\",\"@id\":\"https:\/\/mobilhybrid.de\/product\/powerhybrid-ph60\/#primaryimage\",\"url\":\"https:\/\/mobilhybrid.de\/wp-content\/uploads\/2026\/04\/PowerHybrid_V2.jpeg\",\"contentUrl\":\"https:\/\/mobilhybrid.de\/wp-content\/uploads\/2026\/04\/PowerHybrid_V2.jpeg\",\"width\":1536,\"height\":1024},{\"@type\":\"BreadcrumbList\",\"@id\":\"https:\/\/mobilhybrid.de\/product\/powerhybrid-ph60\/#breadcrumb\",\"itemListElement\":[{\"@type\":\"ListItem\",\"position\":1,\"name\":\"Home\",\"item\":\"https:\/\/mobilhybrid.de\/\"},{\"@type\":\"ListItem\",\"position\":2,\"name\":\"Produkte\",\"item\":\"https:\/\/mobilhybrid.de\/shop\/\"},{\"@type\":\"ListItem\",\"position\":3,\"name\":\"PowerHybrid PH60\"}]},{\"@type\":\"WebSite\",\"@id\":\"https:\/\/mobilhybrid.de\/#website\",\"url\":\"https:\/\/mobilhybrid.de\/\",\"name\":\"MobilHybrid\",\"description\":\"die autarke, mobile netzunabh\u00e4ngige Stromversorgung\",\"publisher\":{\"@id\":\"https:\/\/mobilhybrid.de\/#organization\"},\"potentialAction\":[{\"@type\":\"SearchAction\",\"target\":{\"@type\":\"EntryPoint\",\"urlTemplate\":\"https:\/\/mobilhybrid.de\/?s={search_term_string}\"},\"query-input\":{\"@type\":\"PropertyValueSpecification\",\"valueRequired\":true,\"valueName\":\"search_term_string\"}}],\"inLanguage\":\"fr-FR\"},{\"@type\":\"Organization\",\"@id\":\"https:\/\/mobilhybrid.de\/#organization\",\"name\":\"MobilHybrid GmbH\",\"url\":\"https:\/\/mobilhybrid.de\/\",\"logo\":{\"@type\":\"ImageObject\",\"inLanguage\":\"fr-FR\",\"@id\":\"https:\/\/mobilhybrid.de\/#\/schema\/logo\/image\/\",\"url\":\"https:\/\/mobilhybrid.de\/wp-content\/uploads\/2020\/04\/152.png\",\"contentUrl\":\"https:\/\/mobilhybrid.de\/wp-content\/uploads\/2020\/04\/152.png\",\"width\":152,\"height\":152,\"caption\":\"MobilHybrid GmbH\"},\"image\":{\"@id\":\"https:\/\/mobilhybrid.de\/#\/schema\/logo\/image\/\"},\"sameAs\":[\"https:\/\/www.facebook.com\/MobilHybrid\/\",\"https:\/\/www.instagram.com\/_mobilhybrid_\/?hl=de\",\"https:\/\/www.youtube.com\/@pv4lifegmbh476\",\"https:\/\/de.linkedin.com\/company\/mobilhybrid-ug\"]}]}<\/script>\n<!-- \/ Yoast SEO plugin. -->","yoast_head_json":{"title":"PowerHybrid PH60 - plateforme d'\u00e9nergie mobile pour les chantiers | MobilHybrid","description":"La PowerHybrid PH60 est la plateforme \u00e9nerg\u00e9tique mobile cl\u00e9 en main pour les chantiers, les \u00e9v\u00e9nements et les applications BOS - efficace, flexible et durable.","robots":{"index":"noindex","follow":"follow","max-snippet":"max-snippet:-1","max-image-preview":"max-image-preview:large","max-video-preview":"max-video-preview:-1"},"og_locale":"fr_FR","og_type":"article","og_title":"PowerHybrid PH60 \u2013 mobile Energieplattform f\u00fcr Baustellen | MobilHybrid","og_description":"Der PowerHybrid PH60 ist die schl\u00fcsselfertige mobile Energieplattform f\u00fcr Baustellen, Events und BOS-Anwendungen \u2013 effizient, flexibel und nachhaltig.","og_url":"https:\/\/mobilhybrid.de\/fr\/produit\/powerhybrid-ph60\/","og_site_name":"MobilHybrid","article_publisher":"https:\/\/www.facebook.com\/MobilHybrid\/","article_modified_time":"2026-04-02T16:28:51+00:00","og_image":[{"width":1536,"height":1024,"url":"https:\/\/mobilhybrid.de\/wp-content\/uploads\/2026\/04\/PowerHybrid_V2.jpeg","type":"image\/jpeg"}],"twitter_card":"summary_large_image","schema":{"@context":"https:\/\/schema.org","@graph":[{"@type":"WebPage","@id":"https:\/\/mobilhybrid.de\/product\/powerhybrid-ph60\/","url":"https:\/\/mobilhybrid.de\/product\/powerhybrid-ph60\/","name":"PowerHybrid PH60 - plateforme d'\u00e9nergie mobile pour les chantiers | MobilHybrid","isPartOf":{"@id":"https:\/\/mobilhybrid.de\/#website"},"primaryImageOfPage":{"@id":"https:\/\/mobilhybrid.de\/product\/powerhybrid-ph60\/#primaryimage"},"image":{"@id":"https:\/\/mobilhybrid.de\/product\/powerhybrid-ph60\/#primaryimage"},"thumbnailUrl":"https:\/\/mobilhybrid.de\/wp-content\/uploads\/2026\/04\/PowerHybrid_V2.jpeg","datePublished":"2025-12-19T08:48:06+00:00","dateModified":"2026-04-02T16:28:51+00:00","description":"La PowerHybrid PH60 est la plateforme \u00e9nerg\u00e9tique mobile cl\u00e9 en main pour les chantiers, les \u00e9v\u00e9nements et les applications BOS - efficace, flexible et durable.","breadcrumb":{"@id":"https:\/\/mobilhybrid.de\/product\/powerhybrid-ph60\/#breadcrumb"},"inLanguage":"fr-FR","potentialAction":[{"@type":"ReadAction","target":["https:\/\/mobilhybrid.de\/product\/powerhybrid-ph60\/"]}]},{"@type":"ImageObject","inLanguage":"fr-FR","@id":"https:\/\/mobilhybrid.de\/product\/powerhybrid-ph60\/#primaryimage","url":"https:\/\/mobilhybrid.de\/wp-content\/uploads\/2026\/04\/PowerHybrid_V2.jpeg","contentUrl":"https:\/\/mobilhybrid.de\/wp-content\/uploads\/2026\/04\/PowerHybrid_V2.jpeg","width":1536,"height":1024},{"@type":"BreadcrumbList","@id":"https:\/\/mobilhybrid.de\/product\/powerhybrid-ph60\/#breadcrumb","itemListElement":[{"@type":"ListItem","position":1,"name":"Home","item":"https:\/\/mobilhybrid.de\/"},{"@type":"ListItem","position":2,"name":"Produkte","item":"https:\/\/mobilhybrid.de\/shop\/"},{"@type":"ListItem","position":3,"name":"PowerHybrid PH60"}]},{"@type":"WebSite","@id":"https:\/\/mobilhybrid.de\/#website","url":"https:\/\/mobilhybrid.de\/","name":"MobilHybrid","description":"l'alimentation \u00e9lectrique autonome, mobile et ind\u00e9pendante du r\u00e9seau","publisher":{"@id":"https:\/\/mobilhybrid.de\/#organization"},"potentialAction":[{"@type":"SearchAction","target":{"@type":"EntryPoint","urlTemplate":"https:\/\/mobilhybrid.de\/?s={search_term_string}"},"query-input":{"@type":"PropertyValueSpecification","valueRequired":true,"valueName":"search_term_string"}}],"inLanguage":"fr-FR"},{"@type":"Organization","@id":"https:\/\/mobilhybrid.de\/#organization","name":"MobilHybrid GmbH","url":"https:\/\/mobilhybrid.de\/","logo":{"@type":"ImageObject","inLanguage":"fr-FR","@id":"https:\/\/mobilhybrid.de\/#\/schema\/logo\/image\/","url":"https:\/\/mobilhybrid.de\/wp-content\/uploads\/2020\/04\/152.png","contentUrl":"https:\/\/mobilhybrid.de\/wp-content\/uploads\/2020\/04\/152.png","width":152,"height":152,"caption":"MobilHybrid GmbH"},"image":{"@id":"https:\/\/mobilhybrid.de\/#\/schema\/logo\/image\/"},"sameAs":["https:\/\/www.facebook.com\/MobilHybrid\/","https:\/\/www.instagram.com\/_mobilhybrid_\/?hl=de","https:\/\/www.youtube.com\/@pv4lifegmbh476","https:\/\/de.linkedin.com\/company\/mobilhybrid-ug"]}]}},"_links":{"self":[{"href":"https:\/\/mobilhybrid.de\/fr\/wp-json\/wp\/v2\/product\/4498","targetHints":{"allow":["GET"]}}],"collection":[{"href":"https:\/\/mobilhybrid.de\/fr\/wp-json\/wp\/v2\/product"}],"about":[{"href":"https:\/\/mobilhybrid.de\/fr\/wp-json\/wp\/v2\/types\/product"}],"replies":[{"embeddable":true,"href":"https:\/\/mobilhybrid.de\/fr\/wp-json\/wp\/v2\/comments?post=4498"}],"wp:featuredmedia":[{"embeddable":true,"href":"https:\/\/mobilhybrid.de\/fr\/wp-json\/wp\/v2\/media\/5114"}],"wp:attachment":[{"href":"https:\/\/mobilhybrid.de\/fr\/wp-json\/wp\/v2\/media?parent=4498"}],"wp:term":[{"taxonomy":"product_brand","embeddable":true,"href":"https:\/\/mobilhybrid.de\/fr\/wp-json\/wp\/v2\/product_brand?post=4498"},{"taxonomy":"product_cat","embeddable":true,"href":"https:\/\/mobilhybrid.de\/fr\/wp-json\/wp\/v2\/product_cat?post=4498"},{"taxonomy":"product_tag","embeddable":true,"href":"https:\/\/mobilhybrid.de\/fr\/wp-json\/wp\/v2\/product_tag?post=4498"}],"curies":[{"name":"wp","href":"https:\/\/api.w.org\/{rel}","templated":true}]}}