{"id":3641,"date":"2024-01-28T13:21:04","date_gmt":"2024-01-28T12:21:04","guid":{"rendered":"https:\/\/mhdemo.local\/?page_id=3641"},"modified":"2025-10-26T18:53:04","modified_gmt":"2025-10-26T17:53:04","slug":"impronta","status":"publish","type":"page","link":"https:\/\/mobilhybrid.de\/it\/impronta\/","title":{"rendered":"Impronta"},"content":{"rendered":"<div data-elementor-type=\"wp-page\" data-elementor-id=\"3641\" class=\"elementor elementor-3641\" data-elementor-post-type=\"page\">\n\t\t\t\t<div class=\"elementor-element elementor-element-5b891db e-flex e-con-boxed e-con e-parent\" data-id=\"5b891db\" data-element_type=\"container\">\n\t\t\t\t\t<div class=\"e-con-inner\">\n\t\t\t\t<div class=\"elementor-element elementor-element-01a6853 elementor-widget elementor-widget-heading\" data-id=\"01a6853\" data-element_type=\"widget\" data-widget_type=\"heading.default\">\n\t\t\t\t<div class=\"elementor-widget-container\">\n\t\t\t\t\t<h1 class=\"elementor-heading-title elementor-size-default\">Impronta<\/h1>\t\t\t\t<\/div>\n\t\t\t\t<\/div>\n\t\t\t\t<div class=\"elementor-element elementor-element-4aab9d3 elementor-widget elementor-widget-text-editor\" data-id=\"4aab9d3\" data-element_type=\"widget\" data-widget_type=\"text-editor.default\">\n\t\t\t\t<div class=\"elementor-widget-container\">\n\t\t\t\t\t\t\t\t\t<p style=\"font-weight: 400\"><strong>Informazioni ai sensi del \u00a7 5 della Legge sui servizi digitali (DDG):<\/strong><\/p><p style=\"font-weight: 400\">MobilHybrid GmbH<br \/>B\u00fcrgermeister-Wegele-Stra\u00dfe 12<br \/>86167 Augsburg<\/p><p style=\"font-weight: 400\"><strong>Rappresentato da:<\/strong><br \/>Dott. Michael Seehuber<\/p><p style=\"font-weight: 400\"><strong>Contatto:<\/strong><br \/>Telefono: +49 (0)1578 3503438<br \/>E-mail: info@mobilhybrid.de<\/p><p style=\"font-weight: 400\"><strong>Iscrizione al registro:<\/strong><br \/>Iscrizione nel registro delle imprese.<br \/>Tribunale del registro: Tribunale di Monaco di Baviera<br \/>Numero di registro: HRB 33553<\/p><p style=\"font-weight: 400\"><strong>Codice fiscale delle vendite:<\/strong><br \/>Numero di identificazione dell'imposta sulle vendite secondo il \u00a7 27a della legge sull'imposta sulle vendite: DE328287121<\/p><p style=\"font-weight: 400\"><strong>Responsabilit\u00e0 per i contenuti<\/strong><\/p><p style=\"font-weight: 400\">In qualit\u00e0 di fornitore di servizi, siamo responsabili dei nostri contenuti su queste pagine ai sensi dell'art. 7 (1) DDG e della legislazione generale. Tuttavia, ai sensi dei \u00a7\u00a7 8-10 DDG, in qualit\u00e0 di fornitore di servizi non siamo obbligati a controllare le informazioni trasmesse o memorizzate da terzi o a indagare su circostanze che indicano un'attivit\u00e0 illegale.<\/p><p style=\"font-weight: 400\">L'obbligo di rimuovere o bloccare l'uso delle informazioni in conformit\u00e0 alle leggi generali rimane inalterato. Tuttavia, la responsabilit\u00e0 in questo senso \u00e8 possibile solo a partire dal momento in cui si viene a conoscenza di una violazione concreta. Qualora venissimo a conoscenza di violazioni corrispondenti, provvederemo a rimuovere immediatamente tali contenuti.<\/p><p style=\"font-weight: 400\"><strong>Responsabilit\u00e0 per i link<\/strong><\/p><p style=\"font-weight: 400\">Il nostro sito web contiene link a siti esterni di terzi sui cui contenuti non abbiamo alcuna influenza. Pertanto, non ci assumiamo alcuna responsabilit\u00e0 per questi contenuti di terzi. Il rispettivo fornitore o gestore \u00e8 sempre responsabile del contenuto delle pagine collegate.<\/p><p style=\"font-weight: 400\">Le pagine collegate sono state controllate per verificare eventuali violazioni legali al momento del collegamento. I contenuti illegali non erano riconoscibili al momento del collegamento. Tuttavia, un controllo permanente delle pagine collegate non \u00e8 ragionevole senza prove concrete. Nel caso in cui venissimo a conoscenza di eventuali violazioni di legge, provvederemo a rimuovere immediatamente tali link.<\/p><p style=\"font-weight: 400\"><strong>Copyright<\/strong><\/p><p style=\"font-weight: 400\">I contenuti e le opere create dagli operatori del sito su queste pagine sono soggetti alla legge tedesca sul diritto d'autore.<br \/>La duplicazione, l'elaborazione, la distribuzione e qualsiasi forma di commercializzazione di tale materiale al di l\u00e0 dell'ambito di applicazione della legge sul diritto d'autore richiede il previo consenso scritto del rispettivo autore o creatore. Download e copie di questo sito sono consentiti solo per uso privato e non commerciale.<\/p><p style=\"font-weight: 400\">Nella misura in cui i contenuti di questo sito non sono stati creati dall'operatore, vengono rispettati i diritti d'autore di terzi. I contenuti di terzi sono contrassegnati come tali. Se tuttavia doveste venire a conoscenza di una violazione del copyright, vi preghiamo di comunicarcelo. Se veniamo a conoscenza di violazioni, rimuoveremo immediatamente tali contenuti.<\/p><p style=\"font-weight: 400\"><strong>Crediti d'immagine<\/strong><\/p><p style=\"font-weight: 400\">\u00a9 MobilHybrid GmbH<br \/>\u00a9 Foto Hunger<br \/>\u00a9 Dr. Michael Seehuber<br \/>\u00a9 Harald Hornbacher<br \/>\u00a9 Adobe Stock (ex Fotolia.com)<\/p><p style=\"font-weight: 400\"><strong>Risoluzione delle controversie<\/strong><\/p><p style=\"font-weight: 400\">Non siamo disposti n\u00e9 obbligati a partecipare a procedure di risoluzione delle controversie davanti a un collegio arbitrale dei consumatori.<\/p>\t\t\t\t\t\t\t\t<\/div>\n\t\t\t\t<\/div>\n\t\t\t\t\t<\/div>\n\t\t\t\t<\/div>\n\t\t\t\t<\/div>","protected":false},"excerpt":{"rendered":"<p>Informazioni sull'impronta ai sensi del \u00a7 5 della Legge sui servizi digitali (DDG): MobilHybrid GmbHB\u00fcrgermeister-Wegele-Stra\u00dfe 1286167 Augsburg Rappresentato da:Dr Michael Seehuber Contatto:Telefono: +49 (0)1578 3503438Email: info@mobilhybrid.de Iscrizione nel registro delle imprese.Tribunale del registro: Tribunale di MonacoNumero di registro: HRB 33553 Identificazione dell'imposta sul valore aggiunto:Numero di identificazione dell'imposta sul valore aggiunto ai sensi del \u00a7 27a della legge sull'imposta sul valore aggiunto: DE328287121 Responsabilit\u00e0 per i contenuti In qualit\u00e0 di fornitore di servizi, siamo responsabili dei nostri contenuti su queste pagine ai sensi del \u00a7 7 comma 1 DDG [...]<\/p>","protected":false},"author":6,"featured_media":0,"parent":0,"menu_order":0,"comment_status":"closed","ping_status":"closed","template":"","meta":{"footnotes":""},"class_list":["post-3641","page","type-page","status-publish","hentry"],"yoast_head":"<!-- This site is optimized with the Yoast SEO plugin v26.6 - https:\/\/yoast.com\/wordpress\/plugins\/seo\/ -->\n<title>Impressum - MobilHybrid<\/title>\n<meta name=\"robots\" content=\"index, follow, max-snippet:-1, max-image-preview:large, max-video-preview:-1\" \/>\n<link rel=\"canonical\" href=\"https:\/\/mobilhybrid.de\/it\/impronta\/\" \/>\n<meta property=\"og:locale\" content=\"it_IT\" \/>\n<meta property=\"og:type\" content=\"article\" \/>\n<meta property=\"og:title\" content=\"Impressum - MobilHybrid\" \/>\n<meta property=\"og:description\" content=\"Impressum Angaben gem\u00e4\u00df \u00a7 5 Digitale-Dienste-Gesetz (DDG): MobilHybrid GmbHB\u00fcrgermeister-Wegele-Stra\u00dfe 1286167 Augsburg Vertreten durch:Dr. Michael Seehuber Kontakt:Telefon: +49 (0)1578 3503438E-Mail:\u00a0info@mobilhybrid.de Registereintrag:Eintragung im Handelsregister.Registergericht: Amtsgericht M\u00fcnchenRegisternummer: HRB 33553 Umsatzsteuer-ID:Umsatzsteuer-Identifikationsnummer gem\u00e4\u00df \u00a7 27a Umsatzsteuergesetz: DE328287121 Haftung f\u00fcr Inhalte Als Diensteanbieter sind wir gem\u00e4\u00df \u00a7 7 Abs. 1 DDG f\u00fcr eigene Inhalte auf diesen Seiten nach den allgemeinen Gesetzen [&hellip;]\" \/>\n<meta property=\"og:url\" content=\"https:\/\/mobilhybrid.de\/it\/impronta\/\" \/>\n<meta property=\"og:site_name\" content=\"MobilHybrid\" \/>\n<meta property=\"article:publisher\" content=\"https:\/\/www.facebook.com\/MobilHybrid\/\" \/>\n<meta property=\"article:modified_time\" content=\"2025-10-26T17:53:04+00:00\" \/>\n<meta property=\"og:image\" content=\"https:\/\/mobilhybrid.de\/wp-content\/uploads\/2024\/04\/MH-8-1.jpg\" \/>\n\t<meta property=\"og:image:width\" content=\"1000\" \/>\n\t<meta property=\"og:image:height\" content=\"1000\" \/>\n\t<meta property=\"og:image:type\" content=\"image\/jpeg\" \/>\n<meta name=\"twitter:card\" content=\"summary_large_image\" \/>\n<script type=\"application\/ld+json\" class=\"yoast-schema-graph\">{\"@context\":\"https:\/\/schema.org\",\"@graph\":[{\"@type\":\"WebPage\",\"@id\":\"https:\/\/mobilhybrid.de\/impressum\/\",\"url\":\"https:\/\/mobilhybrid.de\/impressum\/\",\"name\":\"Impressum - MobilHybrid\",\"isPartOf\":{\"@id\":\"https:\/\/mobilhybrid.de\/#website\"},\"datePublished\":\"2024-01-28T12:21:04+00:00\",\"dateModified\":\"2025-10-26T17:53:04+00:00\",\"breadcrumb\":{\"@id\":\"https:\/\/mobilhybrid.de\/impressum\/#breadcrumb\"},\"inLanguage\":\"it-IT\",\"potentialAction\":[{\"@type\":\"ReadAction\",\"target\":[\"https:\/\/mobilhybrid.de\/impressum\/\"]}]},{\"@type\":\"BreadcrumbList\",\"@id\":\"https:\/\/mobilhybrid.de\/impressum\/#breadcrumb\",\"itemListElement\":[{\"@type\":\"ListItem\",\"position\":1,\"name\":\"Home\",\"item\":\"https:\/\/mobilhybrid.de\/\"},{\"@type\":\"ListItem\",\"position\":2,\"name\":\"Impressum\"}]},{\"@type\":\"WebSite\",\"@id\":\"https:\/\/mobilhybrid.de\/#website\",\"url\":\"https:\/\/mobilhybrid.de\/\",\"name\":\"MobilHybrid\",\"description\":\"die autarke, mobile netzunabh\u00e4ngige Stromversorgung\",\"publisher\":{\"@id\":\"https:\/\/mobilhybrid.de\/#organization\"},\"potentialAction\":[{\"@type\":\"SearchAction\",\"target\":{\"@type\":\"EntryPoint\",\"urlTemplate\":\"https:\/\/mobilhybrid.de\/?s={search_term_string}\"},\"query-input\":{\"@type\":\"PropertyValueSpecification\",\"valueRequired\":true,\"valueName\":\"search_term_string\"}}],\"inLanguage\":\"it-IT\"},{\"@type\":\"Organization\",\"@id\":\"https:\/\/mobilhybrid.de\/#organization\",\"name\":\"MobilHybrid GmbH\",\"url\":\"https:\/\/mobilhybrid.de\/\",\"logo\":{\"@type\":\"ImageObject\",\"inLanguage\":\"it-IT\",\"@id\":\"https:\/\/mobilhybrid.de\/#\/schema\/logo\/image\/\",\"url\":\"https:\/\/mobilhybrid.de\/wp-content\/uploads\/2020\/04\/152.png\",\"contentUrl\":\"https:\/\/mobilhybrid.de\/wp-content\/uploads\/2020\/04\/152.png\",\"width\":152,\"height\":152,\"caption\":\"MobilHybrid GmbH\"},\"image\":{\"@id\":\"https:\/\/mobilhybrid.de\/#\/schema\/logo\/image\/\"},\"sameAs\":[\"https:\/\/www.facebook.com\/MobilHybrid\/\",\"https:\/\/www.instagram.com\/_mobilhybrid_\/?hl=de\",\"https:\/\/www.youtube.com\/@pv4lifegmbh476\",\"https:\/\/de.linkedin.com\/company\/mobilhybrid-ug\"]}]}<\/script>\n<!-- \/ Yoast SEO plugin. -->","yoast_head_json":{"title":"Impronta - MobilHybrid","robots":{"index":"index","follow":"follow","max-snippet":"max-snippet:-1","max-image-preview":"max-image-preview:large","max-video-preview":"max-video-preview:-1"},"canonical":"https:\/\/mobilhybrid.de\/it\/impronta\/","og_locale":"it_IT","og_type":"article","og_title":"Impressum - MobilHybrid","og_description":"Impressum Angaben gem\u00e4\u00df \u00a7 5 Digitale-Dienste-Gesetz (DDG): MobilHybrid GmbHB\u00fcrgermeister-Wegele-Stra\u00dfe 1286167 Augsburg Vertreten durch:Dr. Michael Seehuber Kontakt:Telefon: +49 (0)1578 3503438E-Mail:\u00a0info@mobilhybrid.de Registereintrag:Eintragung im Handelsregister.Registergericht: Amtsgericht M\u00fcnchenRegisternummer: HRB 33553 Umsatzsteuer-ID:Umsatzsteuer-Identifikationsnummer gem\u00e4\u00df \u00a7 27a Umsatzsteuergesetz: DE328287121 Haftung f\u00fcr Inhalte Als Diensteanbieter sind wir gem\u00e4\u00df \u00a7 7 Abs. 1 DDG f\u00fcr eigene Inhalte auf diesen Seiten nach den allgemeinen Gesetzen [&hellip;]","og_url":"https:\/\/mobilhybrid.de\/it\/impronta\/","og_site_name":"MobilHybrid","article_publisher":"https:\/\/www.facebook.com\/MobilHybrid\/","article_modified_time":"2025-10-26T17:53:04+00:00","og_image":[{"width":1000,"height":1000,"url":"https:\/\/mobilhybrid.de\/wp-content\/uploads\/2024\/04\/MH-8-1.jpg","type":"image\/jpeg"}],"twitter_card":"summary_large_image","schema":{"@context":"https:\/\/schema.org","@graph":[{"@type":"WebPage","@id":"https:\/\/mobilhybrid.de\/impressum\/","url":"https:\/\/mobilhybrid.de\/impressum\/","name":"Impronta - MobilHybrid","isPartOf":{"@id":"https:\/\/mobilhybrid.de\/#website"},"datePublished":"2024-01-28T12:21:04+00:00","dateModified":"2025-10-26T17:53:04+00:00","breadcrumb":{"@id":"https:\/\/mobilhybrid.de\/impressum\/#breadcrumb"},"inLanguage":"it-IT","potentialAction":[{"@type":"ReadAction","target":["https:\/\/mobilhybrid.de\/impressum\/"]}]},{"@type":"BreadcrumbList","@id":"https:\/\/mobilhybrid.de\/impressum\/#breadcrumb","itemListElement":[{"@type":"ListItem","position":1,"name":"Home","item":"https:\/\/mobilhybrid.de\/"},{"@type":"ListItem","position":2,"name":"Impressum"}]},{"@type":"WebSite","@id":"https:\/\/mobilhybrid.de\/#website","url":"https:\/\/mobilhybrid.de\/","name":"MobilHybrid","description":"l'alimentazione autosufficiente, mobile e off-grid","publisher":{"@id":"https:\/\/mobilhybrid.de\/#organization"},"potentialAction":[{"@type":"SearchAction","target":{"@type":"EntryPoint","urlTemplate":"https:\/\/mobilhybrid.de\/?s={search_term_string}"},"query-input":{"@type":"PropertyValueSpecification","valueRequired":true,"valueName":"search_term_string"}}],"inLanguage":"it-IT"},{"@type":"Organization","@id":"https:\/\/mobilhybrid.de\/#organization","name":"MobilHybrid GmbH","url":"https:\/\/mobilhybrid.de\/","logo":{"@type":"ImageObject","inLanguage":"it-IT","@id":"https:\/\/mobilhybrid.de\/#\/schema\/logo\/image\/","url":"https:\/\/mobilhybrid.de\/wp-content\/uploads\/2020\/04\/152.png","contentUrl":"https:\/\/mobilhybrid.de\/wp-content\/uploads\/2020\/04\/152.png","width":152,"height":152,"caption":"MobilHybrid GmbH"},"image":{"@id":"https:\/\/mobilhybrid.de\/#\/schema\/logo\/image\/"},"sameAs":["https:\/\/www.facebook.com\/MobilHybrid\/","https:\/\/www.instagram.com\/_mobilhybrid_\/?hl=de","https:\/\/www.youtube.com\/@pv4lifegmbh476","https:\/\/de.linkedin.com\/company\/mobilhybrid-ug"]}]}},"_links":{"self":[{"href":"https:\/\/mobilhybrid.de\/it\/wp-json\/wp\/v2\/pages\/3641","targetHints":{"allow":["GET"]}}],"collection":[{"href":"https:\/\/mobilhybrid.de\/it\/wp-json\/wp\/v2\/pages"}],"about":[{"href":"https:\/\/mobilhybrid.de\/it\/wp-json\/wp\/v2\/types\/page"}],"author":[{"embeddable":true,"href":"https:\/\/mobilhybrid.de\/it\/wp-json\/wp\/v2\/users\/6"}],"replies":[{"embeddable":true,"href":"https:\/\/mobilhybrid.de\/it\/wp-json\/wp\/v2\/comments?post=3641"}],"version-history":[{"count":24,"href":"https:\/\/mobilhybrid.de\/it\/wp-json\/wp\/v2\/pages\/3641\/revisions"}],"predecessor-version":[{"id":4469,"href":"https:\/\/mobilhybrid.de\/it\/wp-json\/wp\/v2\/pages\/3641\/revisions\/4469"}],"wp:attachment":[{"href":"https:\/\/mobilhybrid.de\/it\/wp-json\/wp\/v2\/media?parent=3641"}],"curies":[{"name":"wp","href":"https:\/\/api.w.org\/{rel}","templated":true}]}}