{"id":1133,"date":"2020-04-13T16:48:24","date_gmt":"2020-04-13T14:48:24","guid":{"rendered":"https:\/\/mhdemo.local\/?post_type=product&#038;p=1133"},"modified":"2025-07-06T15:54:06","modified_gmt":"2025-07-06T13:54:06","slug":"mh-8","status":"publish","type":"product","link":"https:\/\/mobilhybrid.de\/it\/prodotto\/mh-8\/","title":{"rendered":"MH-8"},"content":{"rendered":"<p>Il <strong><span style=\"color: #58a332;\">M<\/span><\/strong>obil<strong><span style=\"color: #58a332;\">H<\/span><\/strong>ibrido <strong><span style=\"color: #58a332;\">MH<\/span><\/strong>-8 \u00e8 un sistema di accumulo di energia versatile, ideale per una vasta gamma di applicazioni. Le sue dimensioni compatte e la potente tecnologia delle batterie lo rendono la soluzione perfetta per:<\/p>\n<p><strong>1. cantieri di piccole dimensioni<\/strong>Il <strong><span style=\"color: #58a332;\">MH<\/span><\/strong>-8 fornisce l'energia necessaria per alimentare in modo efficiente i cantieri pi\u00f9 piccoli. Funziona sia con che senza funzionamento a diesel e garantisce un'alimentazione affidabile, soprattutto nei periodi di basso carico notturno.<\/p>\n<p><strong>2. alimentazione elettrica autosufficiente per gli uffici e i contenitori sociali<\/strong>In combinazione con il nostro sistema fotovoltaico per container, il <strong><span style=\"color: #58a332;\">MH<\/span><\/strong>-8 per un'alimentazione autosufficiente per i container da ufficio e sociali. Potete far funzionare i vostri container in modo indipendente con energia pulita.<\/p>\n<p><strong>3. caricare i dispositivi a batteria<\/strong>Il <strong><span style=\"color: #58a332;\">MH<\/span><\/strong>-8 \u00e8 ideale per la ricarica di dispositivi alimentati a batteria, sia in cantieri, che in occasione di eventi o in aree remote. Avrete sempre a portata di mano una fonte di energia affidabile.<\/p>\n<p><strong>4. fornitura di illuminazione, sistemi di monitoraggio, PC, ecc.<\/strong>Utilizzare il tasto <strong><span style=\"color: #58a332;\">MH<\/span><\/strong>-8 per fornire energia all'illuminazione, ai sistemi di monitoraggio, ai computer e ad altri dispositivi elettronici. Garantisce un funzionamento regolare.<\/p>","protected":false},"excerpt":{"rendered":"<p>Il <strong><span style=\"color: #58a332;\">M<\/span><\/strong>obil<strong><span style=\"color: #58a332;\">H<\/span><\/strong>ibrido <strong><span style=\"color: #58a332;\">MH<\/span><\/strong>-8 \u00e8 stato progettato per soddisfare le vostre esigenze in modo flessibile e per fornirvi una fonte di energia affidabile ovunque ne abbiate bisogno. Grazie alla tecnologia ecologica e al design efficiente, \u00e8 possibile sfruttare i vantaggi dell'energia pulita in diversi scenari.<\/p>","protected":false},"featured_media":3958,"comment_status":"closed","ping_status":"closed","template":"","meta":[],"product_brand":[],"product_cat":[68,34],"product_tag":[],"class_list":{"0":"post-1133","1":"product","2":"type-product","3":"status-publish","4":"has-post-thumbnail","6":"product_cat-bg-b","7":"product_cat-mobilhybrid","9":"first","10":"instock","11":"shipping-taxable","12":"product-type-simple"},"yoast_head":"<!-- This site is optimized with the Yoast SEO plugin v26.6 - https:\/\/yoast.com\/wordpress\/plugins\/seo\/ -->\n<title>MobilHybrid MH-8: Vielseitiger Energiespeicher f\u00fcr Bau &amp; mehr<\/title>\n<meta name=\"description\" content=\"Der MobilHybrid MH-8 liefert zuverl\u00e4ssige Energie f\u00fcr Baustellen, B\u00fcrocontainer und mobile Ger\u00e4te. Kompakt, leistungsstark und vielseitig einsetzbar.\" \/>\n<meta name=\"robots\" content=\"index, follow, max-snippet:-1, max-image-preview:large, max-video-preview:-1\" \/>\n<link rel=\"canonical\" href=\"https:\/\/mobilhybrid.de\/it\/prodotto\/mh-8\/\" \/>\n<meta property=\"og:locale\" content=\"it_IT\" \/>\n<meta property=\"og:type\" content=\"article\" \/>\n<meta property=\"og:title\" content=\"MobilHybrid MH-8: Vielseitiger Energiespeicher f\u00fcr Bau &amp; mehr\" \/>\n<meta property=\"og:description\" content=\"Der MobilHybrid MH-8 liefert zuverl\u00e4ssige Energie f\u00fcr Baustellen, B\u00fcrocontainer und mobile Ger\u00e4te. Kompakt, leistungsstark und vielseitig einsetzbar.\" \/>\n<meta property=\"og:url\" content=\"https:\/\/mobilhybrid.de\/it\/prodotto\/mh-8\/\" \/>\n<meta property=\"og:site_name\" content=\"MobilHybrid\" \/>\n<meta property=\"article:publisher\" content=\"https:\/\/www.facebook.com\/MobilHybrid\/\" \/>\n<meta property=\"article:modified_time\" content=\"2025-07-06T13:54:06+00:00\" \/>\n<meta property=\"og:image\" content=\"https:\/\/mobilhybrid.de\/wp-content\/uploads\/2024\/04\/MH-8-1.jpg\" \/>\n\t<meta property=\"og:image:width\" content=\"1000\" \/>\n\t<meta property=\"og:image:height\" content=\"1000\" \/>\n\t<meta property=\"og:image:type\" content=\"image\/jpeg\" \/>\n<meta name=\"twitter:card\" content=\"summary_large_image\" \/>\n<script type=\"application\/ld+json\" class=\"yoast-schema-graph\">{\"@context\":\"https:\/\/schema.org\",\"@graph\":[{\"@type\":\"WebPage\",\"@id\":\"https:\/\/mobilhybrid.de\/product\/mh-8\/\",\"url\":\"https:\/\/mobilhybrid.de\/product\/mh-8\/\",\"name\":\"MobilHybrid MH-8: Vielseitiger Energiespeicher f\u00fcr Bau & mehr\",\"isPartOf\":{\"@id\":\"https:\/\/mobilhybrid.de\/#website\"},\"primaryImageOfPage\":{\"@id\":\"https:\/\/mobilhybrid.de\/product\/mh-8\/#primaryimage\"},\"image\":{\"@id\":\"https:\/\/mobilhybrid.de\/product\/mh-8\/#primaryimage\"},\"thumbnailUrl\":\"https:\/\/mobilhybrid.de\/wp-content\/uploads\/2024\/04\/MH-8-1.jpg\",\"datePublished\":\"2020-04-13T14:48:24+00:00\",\"dateModified\":\"2025-07-06T13:54:06+00:00\",\"description\":\"Der MobilHybrid MH-8 liefert zuverl\u00e4ssige Energie f\u00fcr Baustellen, B\u00fcrocontainer und mobile Ger\u00e4te. Kompakt, leistungsstark und vielseitig einsetzbar.\",\"breadcrumb\":{\"@id\":\"https:\/\/mobilhybrid.de\/product\/mh-8\/#breadcrumb\"},\"inLanguage\":\"it-IT\",\"potentialAction\":[{\"@type\":\"ReadAction\",\"target\":[\"https:\/\/mobilhybrid.de\/product\/mh-8\/\"]}]},{\"@type\":\"ImageObject\",\"inLanguage\":\"it-IT\",\"@id\":\"https:\/\/mobilhybrid.de\/product\/mh-8\/#primaryimage\",\"url\":\"https:\/\/mobilhybrid.de\/wp-content\/uploads\/2024\/04\/MH-8-1.jpg\",\"contentUrl\":\"https:\/\/mobilhybrid.de\/wp-content\/uploads\/2024\/04\/MH-8-1.jpg\",\"width\":1000,\"height\":1000,\"caption\":\"MobilHybrid MH-8\"},{\"@type\":\"BreadcrumbList\",\"@id\":\"https:\/\/mobilhybrid.de\/product\/mh-8\/#breadcrumb\",\"itemListElement\":[{\"@type\":\"ListItem\",\"position\":1,\"name\":\"Home\",\"item\":\"https:\/\/mobilhybrid.de\/\"},{\"@type\":\"ListItem\",\"position\":2,\"name\":\"Produkte\",\"item\":\"https:\/\/mobilhybrid.de\/shop\/\"},{\"@type\":\"ListItem\",\"position\":3,\"name\":\"MH-8\"}]},{\"@type\":\"WebSite\",\"@id\":\"https:\/\/mobilhybrid.de\/#website\",\"url\":\"https:\/\/mobilhybrid.de\/\",\"name\":\"MobilHybrid\",\"description\":\"die autarke, mobile netzunabh\u00e4ngige Stromversorgung\",\"publisher\":{\"@id\":\"https:\/\/mobilhybrid.de\/#organization\"},\"potentialAction\":[{\"@type\":\"SearchAction\",\"target\":{\"@type\":\"EntryPoint\",\"urlTemplate\":\"https:\/\/mobilhybrid.de\/?s={search_term_string}\"},\"query-input\":{\"@type\":\"PropertyValueSpecification\",\"valueRequired\":true,\"valueName\":\"search_term_string\"}}],\"inLanguage\":\"it-IT\"},{\"@type\":\"Organization\",\"@id\":\"https:\/\/mobilhybrid.de\/#organization\",\"name\":\"MobilHybrid GmbH\",\"url\":\"https:\/\/mobilhybrid.de\/\",\"logo\":{\"@type\":\"ImageObject\",\"inLanguage\":\"it-IT\",\"@id\":\"https:\/\/mobilhybrid.de\/#\/schema\/logo\/image\/\",\"url\":\"https:\/\/mobilhybrid.de\/wp-content\/uploads\/2020\/04\/152.png\",\"contentUrl\":\"https:\/\/mobilhybrid.de\/wp-content\/uploads\/2020\/04\/152.png\",\"width\":152,\"height\":152,\"caption\":\"MobilHybrid GmbH\"},\"image\":{\"@id\":\"https:\/\/mobilhybrid.de\/#\/schema\/logo\/image\/\"},\"sameAs\":[\"https:\/\/www.facebook.com\/MobilHybrid\/\",\"https:\/\/www.instagram.com\/_mobilhybrid_\/?hl=de\",\"https:\/\/www.youtube.com\/@pv4lifegmbh476\",\"https:\/\/de.linkedin.com\/company\/mobilhybrid-ug\"]}]}<\/script>\n<!-- \/ Yoast SEO plugin. -->","yoast_head_json":{"title":"MobilHybrid MH-8: accumulo di energia versatile per l'edilizia e altro ancora","description":"Il MobilHybrid MH-8 fornisce energia affidabile per cantieri, container per uffici e dispositivi mobili. Compatto, potente e versatile.","robots":{"index":"index","follow":"follow","max-snippet":"max-snippet:-1","max-image-preview":"max-image-preview:large","max-video-preview":"max-video-preview:-1"},"canonical":"https:\/\/mobilhybrid.de\/it\/prodotto\/mh-8\/","og_locale":"it_IT","og_type":"article","og_title":"MobilHybrid MH-8: Vielseitiger Energiespeicher f\u00fcr Bau & mehr","og_description":"Der MobilHybrid MH-8 liefert zuverl\u00e4ssige Energie f\u00fcr Baustellen, B\u00fcrocontainer und mobile Ger\u00e4te. Kompakt, leistungsstark und vielseitig einsetzbar.","og_url":"https:\/\/mobilhybrid.de\/it\/prodotto\/mh-8\/","og_site_name":"MobilHybrid","article_publisher":"https:\/\/www.facebook.com\/MobilHybrid\/","article_modified_time":"2025-07-06T13:54:06+00:00","og_image":[{"width":1000,"height":1000,"url":"https:\/\/mobilhybrid.de\/wp-content\/uploads\/2024\/04\/MH-8-1.jpg","type":"image\/jpeg"}],"twitter_card":"summary_large_image","schema":{"@context":"https:\/\/schema.org","@graph":[{"@type":"WebPage","@id":"https:\/\/mobilhybrid.de\/product\/mh-8\/","url":"https:\/\/mobilhybrid.de\/product\/mh-8\/","name":"MobilHybrid MH-8: accumulo di energia versatile per l'edilizia e altro ancora","isPartOf":{"@id":"https:\/\/mobilhybrid.de\/#website"},"primaryImageOfPage":{"@id":"https:\/\/mobilhybrid.de\/product\/mh-8\/#primaryimage"},"image":{"@id":"https:\/\/mobilhybrid.de\/product\/mh-8\/#primaryimage"},"thumbnailUrl":"https:\/\/mobilhybrid.de\/wp-content\/uploads\/2024\/04\/MH-8-1.jpg","datePublished":"2020-04-13T14:48:24+00:00","dateModified":"2025-07-06T13:54:06+00:00","description":"Il MobilHybrid MH-8 fornisce energia affidabile per cantieri, container per uffici e dispositivi mobili. Compatto, potente e versatile.","breadcrumb":{"@id":"https:\/\/mobilhybrid.de\/product\/mh-8\/#breadcrumb"},"inLanguage":"it-IT","potentialAction":[{"@type":"ReadAction","target":["https:\/\/mobilhybrid.de\/product\/mh-8\/"]}]},{"@type":"ImageObject","inLanguage":"it-IT","@id":"https:\/\/mobilhybrid.de\/product\/mh-8\/#primaryimage","url":"https:\/\/mobilhybrid.de\/wp-content\/uploads\/2024\/04\/MH-8-1.jpg","contentUrl":"https:\/\/mobilhybrid.de\/wp-content\/uploads\/2024\/04\/MH-8-1.jpg","width":1000,"height":1000,"caption":"MobilHybrid MH-8"},{"@type":"BreadcrumbList","@id":"https:\/\/mobilhybrid.de\/product\/mh-8\/#breadcrumb","itemListElement":[{"@type":"ListItem","position":1,"name":"Home","item":"https:\/\/mobilhybrid.de\/"},{"@type":"ListItem","position":2,"name":"Produkte","item":"https:\/\/mobilhybrid.de\/shop\/"},{"@type":"ListItem","position":3,"name":"MH-8"}]},{"@type":"WebSite","@id":"https:\/\/mobilhybrid.de\/#website","url":"https:\/\/mobilhybrid.de\/","name":"MobilHybrid","description":"l'alimentazione autosufficiente, mobile e off-grid","publisher":{"@id":"https:\/\/mobilhybrid.de\/#organization"},"potentialAction":[{"@type":"SearchAction","target":{"@type":"EntryPoint","urlTemplate":"https:\/\/mobilhybrid.de\/?s={search_term_string}"},"query-input":{"@type":"PropertyValueSpecification","valueRequired":true,"valueName":"search_term_string"}}],"inLanguage":"it-IT"},{"@type":"Organization","@id":"https:\/\/mobilhybrid.de\/#organization","name":"MobilHybrid GmbH","url":"https:\/\/mobilhybrid.de\/","logo":{"@type":"ImageObject","inLanguage":"it-IT","@id":"https:\/\/mobilhybrid.de\/#\/schema\/logo\/image\/","url":"https:\/\/mobilhybrid.de\/wp-content\/uploads\/2020\/04\/152.png","contentUrl":"https:\/\/mobilhybrid.de\/wp-content\/uploads\/2020\/04\/152.png","width":152,"height":152,"caption":"MobilHybrid GmbH"},"image":{"@id":"https:\/\/mobilhybrid.de\/#\/schema\/logo\/image\/"},"sameAs":["https:\/\/www.facebook.com\/MobilHybrid\/","https:\/\/www.instagram.com\/_mobilhybrid_\/?hl=de","https:\/\/www.youtube.com\/@pv4lifegmbh476","https:\/\/de.linkedin.com\/company\/mobilhybrid-ug"]}]}},"_links":{"self":[{"href":"https:\/\/mobilhybrid.de\/it\/wp-json\/wp\/v2\/product\/1133","targetHints":{"allow":["GET"]}}],"collection":[{"href":"https:\/\/mobilhybrid.de\/it\/wp-json\/wp\/v2\/product"}],"about":[{"href":"https:\/\/mobilhybrid.de\/it\/wp-json\/wp\/v2\/types\/product"}],"replies":[{"embeddable":true,"href":"https:\/\/mobilhybrid.de\/it\/wp-json\/wp\/v2\/comments?post=1133"}],"wp:featuredmedia":[{"embeddable":true,"href":"https:\/\/mobilhybrid.de\/it\/wp-json\/wp\/v2\/media\/3958"}],"wp:attachment":[{"href":"https:\/\/mobilhybrid.de\/it\/wp-json\/wp\/v2\/media?parent=1133"}],"wp:term":[{"taxonomy":"product_brand","embeddable":true,"href":"https:\/\/mobilhybrid.de\/it\/wp-json\/wp\/v2\/product_brand?post=1133"},{"taxonomy":"product_cat","embeddable":true,"href":"https:\/\/mobilhybrid.de\/it\/wp-json\/wp\/v2\/product_cat?post=1133"},{"taxonomy":"product_tag","embeddable":true,"href":"https:\/\/mobilhybrid.de\/it\/wp-json\/wp\/v2\/product_tag?post=1133"}],"curies":[{"name":"wp","href":"https:\/\/api.w.org\/{rel}","templated":true}]}}