{"id":1142,"date":"2020-04-13T17:26:13","date_gmt":"2020-04-13T15:26:13","guid":{"rendered":"https:\/\/mhdemo.local\/?post_type=product&#038;p=1142"},"modified":"2025-07-06T15:49:53","modified_gmt":"2025-07-06T13:49:53","slug":"mh-24","status":"publish","type":"product","link":"https:\/\/mobilhybrid.de\/it\/prodotto\/mh-24\/","title":{"rendered":"MH-24"},"content":{"rendered":"<p>Il <strong><span style=\"color: #58a332;\">M<\/span><\/strong>obil<strong><span style=\"color: #58a332;\">H<\/span><\/strong>ibrido <strong><span style=\"color: #58a332;\">MH<\/span><\/strong>-24\/3ph \u00e8 la soluzione per le esigenze di alimentazione estese in vari ambienti. Grazie alla potente alimentazione trifase e all'avanzata tecnologia delle batterie, fornisce un'alimentazione affidabile per un'ampia gamma di applicazioni impegnative.<\/p>\n<p><strong>Aree di applicazione:<\/strong><\/p>\n<ul>\n<li><strong>Cantieri di medie e grandi dimensioni:<\/strong> Il <strong><span style=\"color: #58a332;\">MH<\/span><\/strong>-24\/3ph \u00e8 ideale per i cantieri di medie e grandi dimensioni, sia con che senza funzionamento diesel. Assicura un'alimentazione stabile e continua e soddisfa il fabbisogno energetico anche in situazioni di basso carico notturno.<\/li>\n<li><strong>Aumento delle prestazioni della connessione alla rete:<\/strong> In situazioni in cui l'allacciamento alla rete elettrica raggiunge i suoi limiti, la <strong><span style=\"color: #58a332;\">MH<\/span><\/strong>-24\/3ph fornisce l'aumento di prestazioni richiesto. Assicura un'alimentazione affidabile e compensa le fluttuazioni di rete.<\/li>\n<li><strong>Peak-Shaving:<\/strong> Per le utenze con correnti di avviamento elevate, quali gru, seghe e pompe, il <strong><span style=\"color: #58a332;\">MH<\/span><\/strong>-24\/3ph costosi picchi di carico. Ottimizza l'efficienza energetica e supporta il buon funzionamento di questi apparecchi.<\/li>\n<li><strong>Fornitura di macchine mobili:<\/strong> Con le sue opzioni di collegamento flessibili (220V\/400V), il sistema <strong><span style=\"color: #58a332;\">MH<\/span><\/strong>-24\/3ph \u00e8 perfetto per l'alimentazione di macchine e dispositivi mobili. Fornisce l'energia necessaria, indipendentemente dall'applicazione.<\/li>\n<li><strong>Alimentazione senza emissioni:<\/strong> Soprattutto in ambienti in cui le emissioni devono essere evitate, come le gallerie, i cantieri nelle aree urbane e le riserve naturali, il <strong><span style=\"color: #58a332;\">MH<\/span><\/strong>-24\/3ph. Garantisce la disponibilit\u00e0 di energia ecologica e pulita senza compromettere le prestazioni.<\/li>\n<\/ul>","protected":false},"excerpt":{"rendered":"<p>Il <strong><span style=\"color: #58a332;\">M<\/span><\/strong>obil<strong><span style=\"color: #58a332;\">H<\/span><\/strong>ibrido <strong><span style=\"color: #58a332;\">MH<\/span><\/strong>-24\/3ph offre una soluzione potente e sostenibile per l'alimentazione di un'ampia gamma di applicazioni. Grazie al suo design robusto e alla tecnologia avanzata, \u00e8 la scelta ottimale per soddisfare le vostre esigenze energetiche.<\/p>","protected":false},"featured_media":2326,"comment_status":"closed","ping_status":"closed","template":"","meta":[],"product_brand":[],"product_cat":[69,34],"product_tag":[],"class_list":{"0":"post-1142","1":"product","2":"type-product","3":"status-publish","4":"has-post-thumbnail","6":"product_cat-bg-c","7":"product_cat-mobilhybrid","9":"first","10":"instock","11":"shipping-taxable","12":"product-type-simple"},"yoast_head":"<!-- This site is optimized with the Yoast SEO plugin v26.6 - https:\/\/yoast.com\/wordpress\/plugins\/seo\/ -->\n<title>MH-24 \u2013 Leistungsstarker Energiespeicher f\u00fcr gro\u00dfe Anwendungen<\/title>\n<meta name=\"description\" content=\"Der MH-24 bietet zuverl\u00e4ssige Energie f\u00fcr gro\u00dfe Baustellen, Netzanschlussverst\u00e4rkung und Peak-Shaving. Emissionsfrei, flexibel und leistungsstark.\" \/>\n<meta name=\"robots\" content=\"index, follow, max-snippet:-1, max-image-preview:large, max-video-preview:-1\" \/>\n<link rel=\"canonical\" href=\"https:\/\/mobilhybrid.de\/it\/prodotto\/mh-24\/\" \/>\n<meta property=\"og:locale\" content=\"it_IT\" \/>\n<meta property=\"og:type\" content=\"article\" \/>\n<meta property=\"og:title\" content=\"MH-24 \u2013 Leistungsstarker Energiespeicher f\u00fcr gro\u00dfe Anwendungen\" \/>\n<meta property=\"og:description\" content=\"Der MH-24 bietet zuverl\u00e4ssige Energie f\u00fcr gro\u00dfe Baustellen, Netzanschlussverst\u00e4rkung und Peak-Shaving. Emissionsfrei, flexibel und leistungsstark.\" \/>\n<meta property=\"og:url\" content=\"https:\/\/mobilhybrid.de\/it\/prodotto\/mh-24\/\" \/>\n<meta property=\"og:site_name\" content=\"MobilHybrid\" \/>\n<meta property=\"article:publisher\" content=\"https:\/\/www.facebook.com\/MobilHybrid\/\" \/>\n<meta property=\"article:modified_time\" content=\"2025-07-06T13:49:53+00:00\" \/>\n<meta property=\"og:image\" content=\"https:\/\/mobilhybrid.de\/wp-content\/uploads\/2023\/09\/MH24.jpg\" \/>\n\t<meta property=\"og:image:width\" content=\"1000\" \/>\n\t<meta property=\"og:image:height\" content=\"1000\" \/>\n\t<meta property=\"og:image:type\" content=\"image\/jpeg\" \/>\n<meta name=\"twitter:card\" content=\"summary_large_image\" \/>\n<script type=\"application\/ld+json\" class=\"yoast-schema-graph\">{\"@context\":\"https:\/\/schema.org\",\"@graph\":[{\"@type\":\"WebPage\",\"@id\":\"https:\/\/mobilhybrid.de\/product\/mh-24\/\",\"url\":\"https:\/\/mobilhybrid.de\/product\/mh-24\/\",\"name\":\"MH-24 \u2013 Leistungsstarker Energiespeicher f\u00fcr gro\u00dfe Anwendungen\",\"isPartOf\":{\"@id\":\"https:\/\/mobilhybrid.de\/#website\"},\"primaryImageOfPage\":{\"@id\":\"https:\/\/mobilhybrid.de\/product\/mh-24\/#primaryimage\"},\"image\":{\"@id\":\"https:\/\/mobilhybrid.de\/product\/mh-24\/#primaryimage\"},\"thumbnailUrl\":\"https:\/\/mobilhybrid.de\/wp-content\/uploads\/2023\/09\/MH24.jpg\",\"datePublished\":\"2020-04-13T15:26:13+00:00\",\"dateModified\":\"2025-07-06T13:49:53+00:00\",\"description\":\"Der MH-24 bietet zuverl\u00e4ssige Energie f\u00fcr gro\u00dfe Baustellen, Netzanschlussverst\u00e4rkung und Peak-Shaving. Emissionsfrei, flexibel und leistungsstark.\",\"breadcrumb\":{\"@id\":\"https:\/\/mobilhybrid.de\/product\/mh-24\/#breadcrumb\"},\"inLanguage\":\"it-IT\",\"potentialAction\":[{\"@type\":\"ReadAction\",\"target\":[\"https:\/\/mobilhybrid.de\/product\/mh-24\/\"]}]},{\"@type\":\"ImageObject\",\"inLanguage\":\"it-IT\",\"@id\":\"https:\/\/mobilhybrid.de\/product\/mh-24\/#primaryimage\",\"url\":\"https:\/\/mobilhybrid.de\/wp-content\/uploads\/2023\/09\/MH24.jpg\",\"contentUrl\":\"https:\/\/mobilhybrid.de\/wp-content\/uploads\/2023\/09\/MH24.jpg\",\"width\":1000,\"height\":1000,\"caption\":\"MobilHybrid MH-24\"},{\"@type\":\"BreadcrumbList\",\"@id\":\"https:\/\/mobilhybrid.de\/product\/mh-24\/#breadcrumb\",\"itemListElement\":[{\"@type\":\"ListItem\",\"position\":1,\"name\":\"Home\",\"item\":\"https:\/\/mobilhybrid.de\/\"},{\"@type\":\"ListItem\",\"position\":2,\"name\":\"Produkte\",\"item\":\"https:\/\/mobilhybrid.de\/shop\/\"},{\"@type\":\"ListItem\",\"position\":3,\"name\":\"MH-24\"}]},{\"@type\":\"WebSite\",\"@id\":\"https:\/\/mobilhybrid.de\/#website\",\"url\":\"https:\/\/mobilhybrid.de\/\",\"name\":\"MobilHybrid\",\"description\":\"die autarke, mobile netzunabh\u00e4ngige Stromversorgung\",\"publisher\":{\"@id\":\"https:\/\/mobilhybrid.de\/#organization\"},\"potentialAction\":[{\"@type\":\"SearchAction\",\"target\":{\"@type\":\"EntryPoint\",\"urlTemplate\":\"https:\/\/mobilhybrid.de\/?s={search_term_string}\"},\"query-input\":{\"@type\":\"PropertyValueSpecification\",\"valueRequired\":true,\"valueName\":\"search_term_string\"}}],\"inLanguage\":\"it-IT\"},{\"@type\":\"Organization\",\"@id\":\"https:\/\/mobilhybrid.de\/#organization\",\"name\":\"MobilHybrid GmbH\",\"url\":\"https:\/\/mobilhybrid.de\/\",\"logo\":{\"@type\":\"ImageObject\",\"inLanguage\":\"it-IT\",\"@id\":\"https:\/\/mobilhybrid.de\/#\/schema\/logo\/image\/\",\"url\":\"https:\/\/mobilhybrid.de\/wp-content\/uploads\/2020\/04\/152.png\",\"contentUrl\":\"https:\/\/mobilhybrid.de\/wp-content\/uploads\/2020\/04\/152.png\",\"width\":152,\"height\":152,\"caption\":\"MobilHybrid GmbH\"},\"image\":{\"@id\":\"https:\/\/mobilhybrid.de\/#\/schema\/logo\/image\/\"},\"sameAs\":[\"https:\/\/www.facebook.com\/MobilHybrid\/\",\"https:\/\/www.instagram.com\/_mobilhybrid_\/?hl=de\",\"https:\/\/www.youtube.com\/@pv4lifegmbh476\",\"https:\/\/de.linkedin.com\/company\/mobilhybrid-ug\"]}]}<\/script>\n<!-- \/ Yoast SEO plugin. -->","yoast_head_json":{"title":"MH-24 - Potente accumulatore di energia per applicazioni di grandi dimensioni","description":"L'MH-24 offre energia affidabile per i grandi cantieri, il potenziamento delle connessioni di rete e il peak shaving. Senza emissioni, flessibile e potente.","robots":{"index":"index","follow":"follow","max-snippet":"max-snippet:-1","max-image-preview":"max-image-preview:large","max-video-preview":"max-video-preview:-1"},"canonical":"https:\/\/mobilhybrid.de\/it\/prodotto\/mh-24\/","og_locale":"it_IT","og_type":"article","og_title":"MH-24 \u2013 Leistungsstarker Energiespeicher f\u00fcr gro\u00dfe Anwendungen","og_description":"Der MH-24 bietet zuverl\u00e4ssige Energie f\u00fcr gro\u00dfe Baustellen, Netzanschlussverst\u00e4rkung und Peak-Shaving. Emissionsfrei, flexibel und leistungsstark.","og_url":"https:\/\/mobilhybrid.de\/it\/prodotto\/mh-24\/","og_site_name":"MobilHybrid","article_publisher":"https:\/\/www.facebook.com\/MobilHybrid\/","article_modified_time":"2025-07-06T13:49:53+00:00","og_image":[{"width":1000,"height":1000,"url":"https:\/\/mobilhybrid.de\/wp-content\/uploads\/2023\/09\/MH24.jpg","type":"image\/jpeg"}],"twitter_card":"summary_large_image","schema":{"@context":"https:\/\/schema.org","@graph":[{"@type":"WebPage","@id":"https:\/\/mobilhybrid.de\/product\/mh-24\/","url":"https:\/\/mobilhybrid.de\/product\/mh-24\/","name":"MH-24 - Potente accumulatore di energia per applicazioni di grandi dimensioni","isPartOf":{"@id":"https:\/\/mobilhybrid.de\/#website"},"primaryImageOfPage":{"@id":"https:\/\/mobilhybrid.de\/product\/mh-24\/#primaryimage"},"image":{"@id":"https:\/\/mobilhybrid.de\/product\/mh-24\/#primaryimage"},"thumbnailUrl":"https:\/\/mobilhybrid.de\/wp-content\/uploads\/2023\/09\/MH24.jpg","datePublished":"2020-04-13T15:26:13+00:00","dateModified":"2025-07-06T13:49:53+00:00","description":"L'MH-24 offre energia affidabile per i grandi cantieri, il potenziamento delle connessioni di rete e il peak shaving. Senza emissioni, flessibile e potente.","breadcrumb":{"@id":"https:\/\/mobilhybrid.de\/product\/mh-24\/#breadcrumb"},"inLanguage":"it-IT","potentialAction":[{"@type":"ReadAction","target":["https:\/\/mobilhybrid.de\/product\/mh-24\/"]}]},{"@type":"ImageObject","inLanguage":"it-IT","@id":"https:\/\/mobilhybrid.de\/product\/mh-24\/#primaryimage","url":"https:\/\/mobilhybrid.de\/wp-content\/uploads\/2023\/09\/MH24.jpg","contentUrl":"https:\/\/mobilhybrid.de\/wp-content\/uploads\/2023\/09\/MH24.jpg","width":1000,"height":1000,"caption":"MobilHybrid MH-24"},{"@type":"BreadcrumbList","@id":"https:\/\/mobilhybrid.de\/product\/mh-24\/#breadcrumb","itemListElement":[{"@type":"ListItem","position":1,"name":"Home","item":"https:\/\/mobilhybrid.de\/"},{"@type":"ListItem","position":2,"name":"Produkte","item":"https:\/\/mobilhybrid.de\/shop\/"},{"@type":"ListItem","position":3,"name":"MH-24"}]},{"@type":"WebSite","@id":"https:\/\/mobilhybrid.de\/#website","url":"https:\/\/mobilhybrid.de\/","name":"MobilHybrid","description":"l'alimentazione autosufficiente, mobile e off-grid","publisher":{"@id":"https:\/\/mobilhybrid.de\/#organization"},"potentialAction":[{"@type":"SearchAction","target":{"@type":"EntryPoint","urlTemplate":"https:\/\/mobilhybrid.de\/?s={search_term_string}"},"query-input":{"@type":"PropertyValueSpecification","valueRequired":true,"valueName":"search_term_string"}}],"inLanguage":"it-IT"},{"@type":"Organization","@id":"https:\/\/mobilhybrid.de\/#organization","name":"MobilHybrid GmbH","url":"https:\/\/mobilhybrid.de\/","logo":{"@type":"ImageObject","inLanguage":"it-IT","@id":"https:\/\/mobilhybrid.de\/#\/schema\/logo\/image\/","url":"https:\/\/mobilhybrid.de\/wp-content\/uploads\/2020\/04\/152.png","contentUrl":"https:\/\/mobilhybrid.de\/wp-content\/uploads\/2020\/04\/152.png","width":152,"height":152,"caption":"MobilHybrid GmbH"},"image":{"@id":"https:\/\/mobilhybrid.de\/#\/schema\/logo\/image\/"},"sameAs":["https:\/\/www.facebook.com\/MobilHybrid\/","https:\/\/www.instagram.com\/_mobilhybrid_\/?hl=de","https:\/\/www.youtube.com\/@pv4lifegmbh476","https:\/\/de.linkedin.com\/company\/mobilhybrid-ug"]}]}},"_links":{"self":[{"href":"https:\/\/mobilhybrid.de\/it\/wp-json\/wp\/v2\/product\/1142","targetHints":{"allow":["GET"]}}],"collection":[{"href":"https:\/\/mobilhybrid.de\/it\/wp-json\/wp\/v2\/product"}],"about":[{"href":"https:\/\/mobilhybrid.de\/it\/wp-json\/wp\/v2\/types\/product"}],"replies":[{"embeddable":true,"href":"https:\/\/mobilhybrid.de\/it\/wp-json\/wp\/v2\/comments?post=1142"}],"wp:featuredmedia":[{"embeddable":true,"href":"https:\/\/mobilhybrid.de\/it\/wp-json\/wp\/v2\/media\/2326"}],"wp:attachment":[{"href":"https:\/\/mobilhybrid.de\/it\/wp-json\/wp\/v2\/media?parent=1142"}],"wp:term":[{"taxonomy":"product_brand","embeddable":true,"href":"https:\/\/mobilhybrid.de\/it\/wp-json\/wp\/v2\/product_brand?post=1142"},{"taxonomy":"product_cat","embeddable":true,"href":"https:\/\/mobilhybrid.de\/it\/wp-json\/wp\/v2\/product_cat?post=1142"},{"taxonomy":"product_tag","embeddable":true,"href":"https:\/\/mobilhybrid.de\/it\/wp-json\/wp\/v2\/product_tag?post=1142"}],"curies":[{"name":"wp","href":"https:\/\/api.w.org\/{rel}","templated":true}]}}