{"id":1145,"date":"2020-04-13T17:59:57","date_gmt":"2020-04-13T15:59:57","guid":{"rendered":"https:\/\/mhdemo.local\/?post_type=product&#038;p=1145"},"modified":"2025-07-06T15:47:18","modified_gmt":"2025-07-06T13:47:18","slug":"mh-72","status":"publish","type":"product","link":"https:\/\/mobilhybrid.de\/it\/prodotto\/mh-72\/","title":{"rendered":"MH-72"},"content":{"rendered":"<p>Il <strong><span style=\"color: #58a332;\">M<\/span><\/strong>obil<strong><span style=\"color: #58a332;\">H<\/span><\/strong>ibrido <strong><span style=\"color: #58a332;\">MH<\/span><\/strong>-72 \/ 3ph \u00e8 un potente sistema di accumulo di energia sviluppato per le applicazioni pi\u00f9 esigenti. Grazie alle sue notevoli prestazioni e all'affidabilit\u00e0, \u00e8 ideale per:<\/p>\n<ol>\n<li><strong>Fornisce ai cantieri fino a 150 kWh al giorno:<\/strong> Il <strong><span style=\"color: #58a332;\">MH<\/span><\/strong>-72 \/ 3ph alimenta in modo affidabile i cantieri fino a 150 kWh al giorno. Offre una fornitura di energia continua e potente.<\/li>\n<li><strong>Aumento delle prestazioni della connessione alla rete (grid booster):<\/strong> Come amplificatore di rete, il <strong><span style=\"color: #58a332;\">MH<\/span><\/strong>-72 \/ 3ph e garantisce un'alimentazione affidabile, anche in presenza di un maggiore fabbisogno energetico.<\/li>\n<li><strong>Ibridazione dei generatori di energia:<\/strong> Il <strong><span style=\"color: #58a332;\">MH<\/span><\/strong>-72 \/ 3ph riduce i costi operativi fino a 70% grazie all'ibridazione intelligente dei generatori di corrente. Questo migliora l'efficienza e fa risparmiare sui costi.<\/li>\n<li><strong>Alimentazione di carichi con elevata corrente di avviamento:<\/strong> Il <strong><span style=\"color: #58a332;\">MH<\/span><\/strong>-72 \/ 3ph assicura un'alimentazione efficiente e sicura per le macchine con un'elevata corrente di avviamento, come gru, seghe e pompe. Ci\u00f2 garantisce un funzionamento regolare.<\/li>\n<li><strong>Alimentazione elettrica priva di emissioni per lavori in galleria e cantieri:<\/strong> Il <strong><span style=\"color: #58a332;\">MH<\/span><\/strong>-72 \/ 3ph offre una soluzione ecologica per i lavori di tunnelling e i cantieri nelle citt\u00e0 e nelle riserve naturali. Riduce le emissioni di CO2 e minimizza l'impatto ambientale.<\/li>\n<\/ol>","protected":false},"excerpt":{"rendered":"<p>Il <strong><span style=\"color: #58a332;\">M<\/span><\/strong>obil<strong><span style=\"color: #58a332;\">H<\/span><\/strong>ibrido <strong><span style=\"color: #58a332;\">MH<\/span><\/strong>-72 \/ 3ph offre le massime prestazioni e affidabilit\u00e0 per le applicazioni pi\u00f9 esigenti. Con l'obiettivo di soddisfare i requisiti energetici, ridurre i costi di esercizio e minimizzare l'impatto ambientale, il sistema <strong><span style=\"color: #58a332;\">MH<\/span><\/strong>-72 \/ 3ph la soluzione ideale per il vostro successo.<\/p>","protected":false},"featured_media":2329,"comment_status":"closed","ping_status":"closed","template":"","meta":[],"product_brand":[],"product_cat":[71,34],"product_tag":[],"class_list":{"0":"post-1145","1":"product","2":"type-product","3":"status-publish","4":"has-post-thumbnail","6":"product_cat-bg-e","7":"product_cat-mobilhybrid","9":"first","10":"instock","11":"shipping-taxable","12":"product-type-simple"},"yoast_head":"<!-- This site is optimized with the Yoast SEO plugin v26.6 - https:\/\/yoast.com\/wordpress\/plugins\/seo\/ -->\n<title>MH-72 \u2013 Hochleistungsspeicher f\u00fcr anspruchsvolle Anwendungen<\/title>\n<meta name=\"description\" content=\"MobilHybrid MH-72 der leistungsstarke Energiespeicher f\u00fcr gro\u00dfe Baustellen, Netzsteigerung, und emissionsfreie Stromversorgung.\" \/>\n<meta name=\"robots\" content=\"index, follow, max-snippet:-1, max-image-preview:large, max-video-preview:-1\" \/>\n<link rel=\"canonical\" href=\"https:\/\/mobilhybrid.de\/it\/prodotto\/mh-72\/\" \/>\n<meta property=\"og:locale\" content=\"it_IT\" \/>\n<meta property=\"og:type\" content=\"article\" \/>\n<meta property=\"og:title\" content=\"MH-72 \u2013 Hochleistungsspeicher f\u00fcr anspruchsvolle Anwendungen\" \/>\n<meta property=\"og:description\" content=\"MobilHybrid MH-72 der leistungsstarke Energiespeicher f\u00fcr gro\u00dfe Baustellen, Netzsteigerung, und emissionsfreie Stromversorgung.\" \/>\n<meta property=\"og:url\" content=\"https:\/\/mobilhybrid.de\/it\/prodotto\/mh-72\/\" \/>\n<meta property=\"og:site_name\" content=\"MobilHybrid\" \/>\n<meta property=\"article:publisher\" content=\"https:\/\/www.facebook.com\/MobilHybrid\/\" \/>\n<meta property=\"article:modified_time\" content=\"2025-07-06T13:47:18+00:00\" \/>\n<meta property=\"og:image\" content=\"https:\/\/mobilhybrid.de\/wp-content\/uploads\/2023\/09\/MH-Hintergrund-weiss.jpg\" \/>\n\t<meta property=\"og:image:width\" content=\"1000\" \/>\n\t<meta property=\"og:image:height\" content=\"1000\" \/>\n\t<meta property=\"og:image:type\" content=\"image\/jpeg\" \/>\n<meta name=\"twitter:card\" content=\"summary_large_image\" \/>\n<script type=\"application\/ld+json\" class=\"yoast-schema-graph\">{\"@context\":\"https:\/\/schema.org\",\"@graph\":[{\"@type\":\"WebPage\",\"@id\":\"https:\/\/mobilhybrid.de\/product\/mh-72\/\",\"url\":\"https:\/\/mobilhybrid.de\/product\/mh-72\/\",\"name\":\"MH-72 \u2013 Hochleistungsspeicher f\u00fcr anspruchsvolle Anwendungen\",\"isPartOf\":{\"@id\":\"https:\/\/mobilhybrid.de\/#website\"},\"primaryImageOfPage\":{\"@id\":\"https:\/\/mobilhybrid.de\/product\/mh-72\/#primaryimage\"},\"image\":{\"@id\":\"https:\/\/mobilhybrid.de\/product\/mh-72\/#primaryimage\"},\"thumbnailUrl\":\"https:\/\/mobilhybrid.de\/wp-content\/uploads\/2023\/09\/MH-Hintergrund-weiss.jpg\",\"datePublished\":\"2020-04-13T15:59:57+00:00\",\"dateModified\":\"2025-07-06T13:47:18+00:00\",\"description\":\"MobilHybrid MH-72 der leistungsstarke Energiespeicher f\u00fcr gro\u00dfe Baustellen, Netzsteigerung, und emissionsfreie Stromversorgung.\",\"breadcrumb\":{\"@id\":\"https:\/\/mobilhybrid.de\/product\/mh-72\/#breadcrumb\"},\"inLanguage\":\"it-IT\",\"potentialAction\":[{\"@type\":\"ReadAction\",\"target\":[\"https:\/\/mobilhybrid.de\/product\/mh-72\/\"]}]},{\"@type\":\"ImageObject\",\"inLanguage\":\"it-IT\",\"@id\":\"https:\/\/mobilhybrid.de\/product\/mh-72\/#primaryimage\",\"url\":\"https:\/\/mobilhybrid.de\/wp-content\/uploads\/2023\/09\/MH-Hintergrund-weiss.jpg\",\"contentUrl\":\"https:\/\/mobilhybrid.de\/wp-content\/uploads\/2023\/09\/MH-Hintergrund-weiss.jpg\",\"width\":1000,\"height\":1000,\"caption\":\"MobilHybrid MH-48\"},{\"@type\":\"BreadcrumbList\",\"@id\":\"https:\/\/mobilhybrid.de\/product\/mh-72\/#breadcrumb\",\"itemListElement\":[{\"@type\":\"ListItem\",\"position\":1,\"name\":\"Home\",\"item\":\"https:\/\/mobilhybrid.de\/\"},{\"@type\":\"ListItem\",\"position\":2,\"name\":\"Produkte\",\"item\":\"https:\/\/mobilhybrid.de\/shop\/\"},{\"@type\":\"ListItem\",\"position\":3,\"name\":\"MH-72\"}]},{\"@type\":\"WebSite\",\"@id\":\"https:\/\/mobilhybrid.de\/#website\",\"url\":\"https:\/\/mobilhybrid.de\/\",\"name\":\"MobilHybrid\",\"description\":\"die autarke, mobile netzunabh\u00e4ngige Stromversorgung\",\"publisher\":{\"@id\":\"https:\/\/mobilhybrid.de\/#organization\"},\"potentialAction\":[{\"@type\":\"SearchAction\",\"target\":{\"@type\":\"EntryPoint\",\"urlTemplate\":\"https:\/\/mobilhybrid.de\/?s={search_term_string}\"},\"query-input\":{\"@type\":\"PropertyValueSpecification\",\"valueRequired\":true,\"valueName\":\"search_term_string\"}}],\"inLanguage\":\"it-IT\"},{\"@type\":\"Organization\",\"@id\":\"https:\/\/mobilhybrid.de\/#organization\",\"name\":\"MobilHybrid GmbH\",\"url\":\"https:\/\/mobilhybrid.de\/\",\"logo\":{\"@type\":\"ImageObject\",\"inLanguage\":\"it-IT\",\"@id\":\"https:\/\/mobilhybrid.de\/#\/schema\/logo\/image\/\",\"url\":\"https:\/\/mobilhybrid.de\/wp-content\/uploads\/2020\/04\/152.png\",\"contentUrl\":\"https:\/\/mobilhybrid.de\/wp-content\/uploads\/2020\/04\/152.png\",\"width\":152,\"height\":152,\"caption\":\"MobilHybrid GmbH\"},\"image\":{\"@id\":\"https:\/\/mobilhybrid.de\/#\/schema\/logo\/image\/\"},\"sameAs\":[\"https:\/\/www.facebook.com\/MobilHybrid\/\",\"https:\/\/www.instagram.com\/_mobilhybrid_\/?hl=de\",\"https:\/\/www.youtube.com\/@pv4lifegmbh476\",\"https:\/\/de.linkedin.com\/company\/mobilhybrid-ug\"]}]}<\/script>\n<!-- \/ Yoast SEO plugin. -->","yoast_head_json":{"title":"MH-72 - Storage ad alte prestazioni per applicazioni esigenti","description":"MobilHybrid MH-72 \u00e8 il potente sistema di accumulo di energia per i grandi cantieri, l'espansione della rete e l'alimentazione a zero emissioni.","robots":{"index":"index","follow":"follow","max-snippet":"max-snippet:-1","max-image-preview":"max-image-preview:large","max-video-preview":"max-video-preview:-1"},"canonical":"https:\/\/mobilhybrid.de\/it\/prodotto\/mh-72\/","og_locale":"it_IT","og_type":"article","og_title":"MH-72 \u2013 Hochleistungsspeicher f\u00fcr anspruchsvolle Anwendungen","og_description":"MobilHybrid MH-72 der leistungsstarke Energiespeicher f\u00fcr gro\u00dfe Baustellen, Netzsteigerung, und emissionsfreie Stromversorgung.","og_url":"https:\/\/mobilhybrid.de\/it\/prodotto\/mh-72\/","og_site_name":"MobilHybrid","article_publisher":"https:\/\/www.facebook.com\/MobilHybrid\/","article_modified_time":"2025-07-06T13:47:18+00:00","og_image":[{"width":1000,"height":1000,"url":"https:\/\/mobilhybrid.de\/wp-content\/uploads\/2023\/09\/MH-Hintergrund-weiss.jpg","type":"image\/jpeg"}],"twitter_card":"summary_large_image","schema":{"@context":"https:\/\/schema.org","@graph":[{"@type":"WebPage","@id":"https:\/\/mobilhybrid.de\/product\/mh-72\/","url":"https:\/\/mobilhybrid.de\/product\/mh-72\/","name":"MH-72 - Storage ad alte prestazioni per applicazioni esigenti","isPartOf":{"@id":"https:\/\/mobilhybrid.de\/#website"},"primaryImageOfPage":{"@id":"https:\/\/mobilhybrid.de\/product\/mh-72\/#primaryimage"},"image":{"@id":"https:\/\/mobilhybrid.de\/product\/mh-72\/#primaryimage"},"thumbnailUrl":"https:\/\/mobilhybrid.de\/wp-content\/uploads\/2023\/09\/MH-Hintergrund-weiss.jpg","datePublished":"2020-04-13T15:59:57+00:00","dateModified":"2025-07-06T13:47:18+00:00","description":"MobilHybrid MH-72 \u00e8 il potente sistema di accumulo di energia per i grandi cantieri, l'espansione della rete e l'alimentazione a zero emissioni.","breadcrumb":{"@id":"https:\/\/mobilhybrid.de\/product\/mh-72\/#breadcrumb"},"inLanguage":"it-IT","potentialAction":[{"@type":"ReadAction","target":["https:\/\/mobilhybrid.de\/product\/mh-72\/"]}]},{"@type":"ImageObject","inLanguage":"it-IT","@id":"https:\/\/mobilhybrid.de\/product\/mh-72\/#primaryimage","url":"https:\/\/mobilhybrid.de\/wp-content\/uploads\/2023\/09\/MH-Hintergrund-weiss.jpg","contentUrl":"https:\/\/mobilhybrid.de\/wp-content\/uploads\/2023\/09\/MH-Hintergrund-weiss.jpg","width":1000,"height":1000,"caption":"MobilHybrid MH-48"},{"@type":"BreadcrumbList","@id":"https:\/\/mobilhybrid.de\/product\/mh-72\/#breadcrumb","itemListElement":[{"@type":"ListItem","position":1,"name":"Home","item":"https:\/\/mobilhybrid.de\/"},{"@type":"ListItem","position":2,"name":"Produkte","item":"https:\/\/mobilhybrid.de\/shop\/"},{"@type":"ListItem","position":3,"name":"MH-72"}]},{"@type":"WebSite","@id":"https:\/\/mobilhybrid.de\/#website","url":"https:\/\/mobilhybrid.de\/","name":"MobilHybrid","description":"l'alimentazione autosufficiente, mobile e off-grid","publisher":{"@id":"https:\/\/mobilhybrid.de\/#organization"},"potentialAction":[{"@type":"SearchAction","target":{"@type":"EntryPoint","urlTemplate":"https:\/\/mobilhybrid.de\/?s={search_term_string}"},"query-input":{"@type":"PropertyValueSpecification","valueRequired":true,"valueName":"search_term_string"}}],"inLanguage":"it-IT"},{"@type":"Organization","@id":"https:\/\/mobilhybrid.de\/#organization","name":"MobilHybrid GmbH","url":"https:\/\/mobilhybrid.de\/","logo":{"@type":"ImageObject","inLanguage":"it-IT","@id":"https:\/\/mobilhybrid.de\/#\/schema\/logo\/image\/","url":"https:\/\/mobilhybrid.de\/wp-content\/uploads\/2020\/04\/152.png","contentUrl":"https:\/\/mobilhybrid.de\/wp-content\/uploads\/2020\/04\/152.png","width":152,"height":152,"caption":"MobilHybrid GmbH"},"image":{"@id":"https:\/\/mobilhybrid.de\/#\/schema\/logo\/image\/"},"sameAs":["https:\/\/www.facebook.com\/MobilHybrid\/","https:\/\/www.instagram.com\/_mobilhybrid_\/?hl=de","https:\/\/www.youtube.com\/@pv4lifegmbh476","https:\/\/de.linkedin.com\/company\/mobilhybrid-ug"]}]}},"_links":{"self":[{"href":"https:\/\/mobilhybrid.de\/it\/wp-json\/wp\/v2\/product\/1145","targetHints":{"allow":["GET"]}}],"collection":[{"href":"https:\/\/mobilhybrid.de\/it\/wp-json\/wp\/v2\/product"}],"about":[{"href":"https:\/\/mobilhybrid.de\/it\/wp-json\/wp\/v2\/types\/product"}],"replies":[{"embeddable":true,"href":"https:\/\/mobilhybrid.de\/it\/wp-json\/wp\/v2\/comments?post=1145"}],"wp:featuredmedia":[{"embeddable":true,"href":"https:\/\/mobilhybrid.de\/it\/wp-json\/wp\/v2\/media\/2329"}],"wp:attachment":[{"href":"https:\/\/mobilhybrid.de\/it\/wp-json\/wp\/v2\/media?parent=1145"}],"wp:term":[{"taxonomy":"product_brand","embeddable":true,"href":"https:\/\/mobilhybrid.de\/it\/wp-json\/wp\/v2\/product_brand?post=1145"},{"taxonomy":"product_cat","embeddable":true,"href":"https:\/\/mobilhybrid.de\/it\/wp-json\/wp\/v2\/product_cat?post=1145"},{"taxonomy":"product_tag","embeddable":true,"href":"https:\/\/mobilhybrid.de\/it\/wp-json\/wp\/v2\/product_tag?post=1145"}],"curies":[{"name":"wp","href":"https:\/\/api.w.org\/{rel}","templated":true}]}}