{"id":1146,"date":"2020-04-13T18:04:38","date_gmt":"2020-04-13T16:04:38","guid":{"rendered":"https:\/\/mhdemo.local\/?post_type=product&#038;p=1146"},"modified":"2025-07-06T15:43:41","modified_gmt":"2025-07-06T13:43:41","slug":"mh-108","status":"publish","type":"product","link":"https:\/\/mobilhybrid.de\/it\/prodotto\/mh-108\/","title":{"rendered":"MH-108"},"content":{"rendered":"<p>Il <strong><span style=\"color: #58a332;\">C<\/span><\/strong>contenitore<strong><span style=\"color: #58a332;\">H<\/span><\/strong>ibrido <strong><span style=\"color: #58a332;\">MH<\/span><\/strong>Il modello -108 \u00e8 un'innovazione di prodotto sviluppata per i grandi cantieri e le applicazioni pi\u00f9 impegnative. Grazie alla sua impressionante capacit\u00e0 e flessibilit\u00e0, \u00e8 ideale per:<\/p>\n<ol>\n<li><strong>Alimentazione dei cantieri fino a 200 kWh al giorno:<\/strong> Il <strong><span style=\"color: #58a332;\">MH<\/span><\/strong>-108 alimenta in modo affidabile i cantieri fino a 200 kWh al giorno. Consente il funzionamento regolare di macchine e impianti con un elevato fabbisogno energetico.<\/li>\n<li><strong>Aumento delle prestazioni della connessione alla rete (grid booster):<\/strong> Come amplificatore di rete, il <strong><span style=\"color: #58a332;\">MH<\/span><\/strong>-L'alimentatore garantisce un'alimentazione stabile, anche in presenza di un maggiore fabbisogno energetico.<\/li>\n<li><strong>Ibridazione dei generatori di energia:<\/strong> Il <strong><span style=\"color: #58a332;\">MH<\/span><\/strong>-108 riduce i costi operativi fino a 70% grazie all'ibridazione dei generatori di energia. Ci\u00f2 aumenta l'efficienza e consente un notevole risparmio.<\/li>\n<li><strong>Alimentazione di macchine con elevata corrente di avviamento:<\/strong> Il <strong><span style=\"color: #58a332;\">MH<\/span><\/strong>-108 fornisce un'alimentazione sicura ed efficiente per macchine con correnti di avviamento elevate, come gru, seghe e pompe. Garantisce il funzionamento regolare di tali dispositivi.<\/li>\n<li><strong>Generazione di energia ecologica attraverso sistemi solari:<\/strong> Il <strong><span style=\"color: #58a332;\">MH<\/span><\/strong>-108 consente l'installazione di pannelli solari sul tetto del container. In questo modo si favorisce la generazione ecologica di energia solare a supporto della fornitura di elettricit\u00e0.<\/li>\n<li><strong>Aria condizionata in base alle esigenze del cliente:<\/strong> Il contenitore pu\u00f2 essere climatizzato individualmente per far fronte a temperature comprese tra -40 \u00b0C e 55 \u00b0C. Ci\u00f2 ne consente l'utilizzo in ambienti estremi.<\/li>\n<\/ol>","protected":false},"excerpt":{"rendered":"<p>Il <strong><span style=\"color: #58a332;\">C<\/span><\/strong>contenitore<strong><span style=\"color: #58a332;\">H<\/span><\/strong>ibrido <strong><span style=\"color: #58a332;\">MH<\/span><\/strong>108 offre le massime prestazioni e flessibilit\u00e0 in un container da 20 piedi. \u00c8 stato progettato in modo da poter essere facilmente integrato nella logistica dei cantieri. Sia che si tratti di fornire energia ai cantieri, di aumentare la connessione alla rete o di ibridare i generatori di energia, il 108 \u00e8 in grado di fornire energia a tutti i cantieri. <strong><span style=\"color: #58a332;\">MH<\/span><\/strong>-108 \u00e8 la scelta ottimale per soddisfare le vostre esigenze.<\/p>","protected":false},"featured_media":2515,"comment_status":"closed","ping_status":"closed","template":"","meta":[],"product_brand":[],"product_cat":[63],"product_tag":[],"class_list":{"0":"post-1146","1":"product","2":"type-product","3":"status-publish","4":"has-post-thumbnail","6":"product_cat-containerhybrid","8":"first","9":"instock","10":"shipping-taxable","11":"product-type-simple"},"yoast_head":"<!-- This site is optimized with the Yoast SEO plugin v26.6 - https:\/\/yoast.com\/wordpress\/plugins\/seo\/ -->\n<title>ContainerHybrid MH-108 \u2013 H\u00f6chstleistung f\u00fcr Gro\u00dfe Baustellen<\/title>\n<meta name=\"description\" content=\"Der ContainerHybrid MH-108 liefert Spitzenleistung f\u00fcr gro\u00dfe Baustellen bis zu 200 kWh pro Tag. Effiziente Energieversorgung f\u00fcr anspruchsvolle Anwendungen.\" \/>\n<meta name=\"robots\" content=\"index, follow, max-snippet:-1, max-image-preview:large, max-video-preview:-1\" \/>\n<link rel=\"canonical\" href=\"https:\/\/mobilhybrid.de\/it\/prodotto\/mh-108\/\" \/>\n<meta property=\"og:locale\" content=\"it_IT\" \/>\n<meta property=\"og:type\" content=\"article\" \/>\n<meta property=\"og:title\" content=\"ContainerHybrid MH-108 \u2013 H\u00f6chstleistung f\u00fcr Gro\u00dfe Baustellen\" \/>\n<meta property=\"og:description\" content=\"Der ContainerHybrid MH-108 liefert Spitzenleistung f\u00fcr gro\u00dfe Baustellen bis zu 200 kWh pro Tag. Effiziente Energieversorgung f\u00fcr anspruchsvolle Anwendungen.\" \/>\n<meta property=\"og:url\" content=\"https:\/\/mobilhybrid.de\/it\/prodotto\/mh-108\/\" \/>\n<meta property=\"og:site_name\" content=\"MobilHybrid\" \/>\n<meta property=\"article:publisher\" content=\"https:\/\/www.facebook.com\/MobilHybrid\/\" \/>\n<meta property=\"article:modified_time\" content=\"2025-07-06T13:43:41+00:00\" \/>\n<meta property=\"og:image\" content=\"https:\/\/mobilhybrid.de\/wp-content\/uploads\/2023\/09\/ContainerHybrid.jpg\" \/>\n\t<meta property=\"og:image:width\" content=\"1000\" \/>\n\t<meta property=\"og:image:height\" content=\"1000\" \/>\n\t<meta property=\"og:image:type\" content=\"image\/jpeg\" \/>\n<meta name=\"twitter:card\" content=\"summary_large_image\" \/>\n<script type=\"application\/ld+json\" class=\"yoast-schema-graph\">{\"@context\":\"https:\/\/schema.org\",\"@graph\":[{\"@type\":\"WebPage\",\"@id\":\"https:\/\/mobilhybrid.de\/product\/mh-108\/\",\"url\":\"https:\/\/mobilhybrid.de\/product\/mh-108\/\",\"name\":\"ContainerHybrid MH-108 \u2013 H\u00f6chstleistung f\u00fcr Gro\u00dfe Baustellen\",\"isPartOf\":{\"@id\":\"https:\/\/mobilhybrid.de\/#website\"},\"primaryImageOfPage\":{\"@id\":\"https:\/\/mobilhybrid.de\/product\/mh-108\/#primaryimage\"},\"image\":{\"@id\":\"https:\/\/mobilhybrid.de\/product\/mh-108\/#primaryimage\"},\"thumbnailUrl\":\"https:\/\/mobilhybrid.de\/wp-content\/uploads\/2023\/09\/ContainerHybrid.jpg\",\"datePublished\":\"2020-04-13T16:04:38+00:00\",\"dateModified\":\"2025-07-06T13:43:41+00:00\",\"description\":\"Der ContainerHybrid MH-108 liefert Spitzenleistung f\u00fcr gro\u00dfe Baustellen bis zu 200 kWh pro Tag. Effiziente Energieversorgung f\u00fcr anspruchsvolle Anwendungen.\",\"breadcrumb\":{\"@id\":\"https:\/\/mobilhybrid.de\/product\/mh-108\/#breadcrumb\"},\"inLanguage\":\"it-IT\",\"potentialAction\":[{\"@type\":\"ReadAction\",\"target\":[\"https:\/\/mobilhybrid.de\/product\/mh-108\/\"]}]},{\"@type\":\"ImageObject\",\"inLanguage\":\"it-IT\",\"@id\":\"https:\/\/mobilhybrid.de\/product\/mh-108\/#primaryimage\",\"url\":\"https:\/\/mobilhybrid.de\/wp-content\/uploads\/2023\/09\/ContainerHybrid.jpg\",\"contentUrl\":\"https:\/\/mobilhybrid.de\/wp-content\/uploads\/2023\/09\/ContainerHybrid.jpg\",\"width\":1000,\"height\":1000,\"caption\":\"ContainerHybrid MH-108\"},{\"@type\":\"BreadcrumbList\",\"@id\":\"https:\/\/mobilhybrid.de\/product\/mh-108\/#breadcrumb\",\"itemListElement\":[{\"@type\":\"ListItem\",\"position\":1,\"name\":\"Home\",\"item\":\"https:\/\/mobilhybrid.de\/\"},{\"@type\":\"ListItem\",\"position\":2,\"name\":\"Produkte\",\"item\":\"https:\/\/mobilhybrid.de\/shop\/\"},{\"@type\":\"ListItem\",\"position\":3,\"name\":\"MH-108\"}]},{\"@type\":\"WebSite\",\"@id\":\"https:\/\/mobilhybrid.de\/#website\",\"url\":\"https:\/\/mobilhybrid.de\/\",\"name\":\"MobilHybrid\",\"description\":\"die autarke, mobile netzunabh\u00e4ngige Stromversorgung\",\"publisher\":{\"@id\":\"https:\/\/mobilhybrid.de\/#organization\"},\"potentialAction\":[{\"@type\":\"SearchAction\",\"target\":{\"@type\":\"EntryPoint\",\"urlTemplate\":\"https:\/\/mobilhybrid.de\/?s={search_term_string}\"},\"query-input\":{\"@type\":\"PropertyValueSpecification\",\"valueRequired\":true,\"valueName\":\"search_term_string\"}}],\"inLanguage\":\"it-IT\"},{\"@type\":\"Organization\",\"@id\":\"https:\/\/mobilhybrid.de\/#organization\",\"name\":\"MobilHybrid GmbH\",\"url\":\"https:\/\/mobilhybrid.de\/\",\"logo\":{\"@type\":\"ImageObject\",\"inLanguage\":\"it-IT\",\"@id\":\"https:\/\/mobilhybrid.de\/#\/schema\/logo\/image\/\",\"url\":\"https:\/\/mobilhybrid.de\/wp-content\/uploads\/2020\/04\/152.png\",\"contentUrl\":\"https:\/\/mobilhybrid.de\/wp-content\/uploads\/2020\/04\/152.png\",\"width\":152,\"height\":152,\"caption\":\"MobilHybrid GmbH\"},\"image\":{\"@id\":\"https:\/\/mobilhybrid.de\/#\/schema\/logo\/image\/\"},\"sameAs\":[\"https:\/\/www.facebook.com\/MobilHybrid\/\",\"https:\/\/www.instagram.com\/_mobilhybrid_\/?hl=de\",\"https:\/\/www.youtube.com\/@pv4lifegmbh476\",\"https:\/\/de.linkedin.com\/company\/mobilhybrid-ug\"]}]}<\/script>\n<!-- \/ Yoast SEO plugin. -->","yoast_head_json":{"title":"ContainerHybrid MH-108 - Prestazioni elevate per grandi cantieri","description":"Il ContainerHybrid MH-108 fornisce una potenza di picco per grandi cantieri fino a 200 kWh al giorno. Fornitura di energia efficiente per le applicazioni pi\u00f9 esigenti.","robots":{"index":"index","follow":"follow","max-snippet":"max-snippet:-1","max-image-preview":"max-image-preview:large","max-video-preview":"max-video-preview:-1"},"canonical":"https:\/\/mobilhybrid.de\/it\/prodotto\/mh-108\/","og_locale":"it_IT","og_type":"article","og_title":"ContainerHybrid MH-108 \u2013 H\u00f6chstleistung f\u00fcr Gro\u00dfe Baustellen","og_description":"Der ContainerHybrid MH-108 liefert Spitzenleistung f\u00fcr gro\u00dfe Baustellen bis zu 200 kWh pro Tag. Effiziente Energieversorgung f\u00fcr anspruchsvolle Anwendungen.","og_url":"https:\/\/mobilhybrid.de\/it\/prodotto\/mh-108\/","og_site_name":"MobilHybrid","article_publisher":"https:\/\/www.facebook.com\/MobilHybrid\/","article_modified_time":"2025-07-06T13:43:41+00:00","og_image":[{"width":1000,"height":1000,"url":"https:\/\/mobilhybrid.de\/wp-content\/uploads\/2023\/09\/ContainerHybrid.jpg","type":"image\/jpeg"}],"twitter_card":"summary_large_image","schema":{"@context":"https:\/\/schema.org","@graph":[{"@type":"WebPage","@id":"https:\/\/mobilhybrid.de\/product\/mh-108\/","url":"https:\/\/mobilhybrid.de\/product\/mh-108\/","name":"ContainerHybrid MH-108 - Prestazioni elevate per grandi cantieri","isPartOf":{"@id":"https:\/\/mobilhybrid.de\/#website"},"primaryImageOfPage":{"@id":"https:\/\/mobilhybrid.de\/product\/mh-108\/#primaryimage"},"image":{"@id":"https:\/\/mobilhybrid.de\/product\/mh-108\/#primaryimage"},"thumbnailUrl":"https:\/\/mobilhybrid.de\/wp-content\/uploads\/2023\/09\/ContainerHybrid.jpg","datePublished":"2020-04-13T16:04:38+00:00","dateModified":"2025-07-06T13:43:41+00:00","description":"Il ContainerHybrid MH-108 fornisce una potenza di picco per grandi cantieri fino a 200 kWh al giorno. Fornitura di energia efficiente per le applicazioni pi\u00f9 esigenti.","breadcrumb":{"@id":"https:\/\/mobilhybrid.de\/product\/mh-108\/#breadcrumb"},"inLanguage":"it-IT","potentialAction":[{"@type":"ReadAction","target":["https:\/\/mobilhybrid.de\/product\/mh-108\/"]}]},{"@type":"ImageObject","inLanguage":"it-IT","@id":"https:\/\/mobilhybrid.de\/product\/mh-108\/#primaryimage","url":"https:\/\/mobilhybrid.de\/wp-content\/uploads\/2023\/09\/ContainerHybrid.jpg","contentUrl":"https:\/\/mobilhybrid.de\/wp-content\/uploads\/2023\/09\/ContainerHybrid.jpg","width":1000,"height":1000,"caption":"ContainerHybrid MH-108"},{"@type":"BreadcrumbList","@id":"https:\/\/mobilhybrid.de\/product\/mh-108\/#breadcrumb","itemListElement":[{"@type":"ListItem","position":1,"name":"Home","item":"https:\/\/mobilhybrid.de\/"},{"@type":"ListItem","position":2,"name":"Produkte","item":"https:\/\/mobilhybrid.de\/shop\/"},{"@type":"ListItem","position":3,"name":"MH-108"}]},{"@type":"WebSite","@id":"https:\/\/mobilhybrid.de\/#website","url":"https:\/\/mobilhybrid.de\/","name":"MobilHybrid","description":"l'alimentazione autosufficiente, mobile e off-grid","publisher":{"@id":"https:\/\/mobilhybrid.de\/#organization"},"potentialAction":[{"@type":"SearchAction","target":{"@type":"EntryPoint","urlTemplate":"https:\/\/mobilhybrid.de\/?s={search_term_string}"},"query-input":{"@type":"PropertyValueSpecification","valueRequired":true,"valueName":"search_term_string"}}],"inLanguage":"it-IT"},{"@type":"Organization","@id":"https:\/\/mobilhybrid.de\/#organization","name":"MobilHybrid GmbH","url":"https:\/\/mobilhybrid.de\/","logo":{"@type":"ImageObject","inLanguage":"it-IT","@id":"https:\/\/mobilhybrid.de\/#\/schema\/logo\/image\/","url":"https:\/\/mobilhybrid.de\/wp-content\/uploads\/2020\/04\/152.png","contentUrl":"https:\/\/mobilhybrid.de\/wp-content\/uploads\/2020\/04\/152.png","width":152,"height":152,"caption":"MobilHybrid GmbH"},"image":{"@id":"https:\/\/mobilhybrid.de\/#\/schema\/logo\/image\/"},"sameAs":["https:\/\/www.facebook.com\/MobilHybrid\/","https:\/\/www.instagram.com\/_mobilhybrid_\/?hl=de","https:\/\/www.youtube.com\/@pv4lifegmbh476","https:\/\/de.linkedin.com\/company\/mobilhybrid-ug"]}]}},"_links":{"self":[{"href":"https:\/\/mobilhybrid.de\/it\/wp-json\/wp\/v2\/product\/1146","targetHints":{"allow":["GET"]}}],"collection":[{"href":"https:\/\/mobilhybrid.de\/it\/wp-json\/wp\/v2\/product"}],"about":[{"href":"https:\/\/mobilhybrid.de\/it\/wp-json\/wp\/v2\/types\/product"}],"replies":[{"embeddable":true,"href":"https:\/\/mobilhybrid.de\/it\/wp-json\/wp\/v2\/comments?post=1146"}],"wp:featuredmedia":[{"embeddable":true,"href":"https:\/\/mobilhybrid.de\/it\/wp-json\/wp\/v2\/media\/2515"}],"wp:attachment":[{"href":"https:\/\/mobilhybrid.de\/it\/wp-json\/wp\/v2\/media?parent=1146"}],"wp:term":[{"taxonomy":"product_brand","embeddable":true,"href":"https:\/\/mobilhybrid.de\/it\/wp-json\/wp\/v2\/product_brand?post=1146"},{"taxonomy":"product_cat","embeddable":true,"href":"https:\/\/mobilhybrid.de\/it\/wp-json\/wp\/v2\/product_cat?post=1146"},{"taxonomy":"product_tag","embeddable":true,"href":"https:\/\/mobilhybrid.de\/it\/wp-json\/wp\/v2\/product_tag?post=1146"}],"curies":[{"name":"wp","href":"https:\/\/api.w.org\/{rel}","templated":true}]}}