{"id":1633,"date":"2022-02-21T23:18:29","date_gmt":"2022-02-21T22:18:29","guid":{"rendered":"https:\/\/mhdemo.local\/?post_type=product&#038;p=1633"},"modified":"2025-07-06T15:30:56","modified_gmt":"2025-07-06T13:30:56","slug":"containerpv","status":"publish","type":"product","link":"https:\/\/mobilhybrid.de\/it\/prodotto\/containerpv\/","title":{"rendered":"ContenitorePV CPV20F"},"content":{"rendered":"<p>Il nuovo <strong><span style=\"color: #58a332;\">C<\/span><\/strong>contenitore<strong><span style=\"color: #58a332;\">PV<\/span><\/strong> \u00e8 un innovativo sistema solare per il vostro container. \u00c8 sufficiente posizionarlo sul tetto del container e avvitarlo agli angoli del container utilizzando gli elementi di fissaggio in dotazione per generare immediatamente la propria energia solare. Il nuovo <strong><span style=\"color: #58a332;\">C<\/span><\/strong>contenitore<strong><span style=\"color: #58a332;\">PV<\/span><\/strong> \u00e8 il complemento ideale per il nostro <strong><span style=\"color: #58a332;\">M<\/span><\/strong>obil<strong><span style=\"color: #58a332;\">H<\/span><\/strong>ibrido, insieme ottimizzano i risparmi di CO2 e di gasolio.<\/p>\n<p>Grazie alla semplice opzione di inclinazione, il <strong><span style=\"color: #58a332;\">C<\/span><\/strong>contenitore<strong><span style=\"color: #58a332;\">PV<\/span><\/strong> con un'inclinazione di 30\u00b0 e orientamento a sud massimizza sempre l'energia. Se il container viene spostato in un'altra posizione, la <strong><span style=\"color: #58a332;\">C<\/span><\/strong>contenitore<strong><span style=\"color: #58a332;\">PV<\/span><\/strong> Il sistema \u00e8 fissato saldamente al contenitore, anche durante il trasporto, grazie alla solida connessione a vite. \u00c8 sufficiente ripiegare la staffa di installazione e il <strong><span style=\"color: #58a332;\">C<\/span><\/strong>contenitore<strong><span style=\"color: #58a332;\">PV<\/span><\/strong> \u00e8 alto solo 110 mm, ideale per il trasporto.<\/p>\n<p><strong>Altri vantaggi:<\/strong><\/p>\n<ol>\n<li>A <strong><span style=\"color: #58a332;\">C<\/span><\/strong>contenitore<strong><span style=\"color: #58a332;\">PV<\/span><\/strong> per un container da 20 piedi e due per un container da 40 piedi.<\/li>\n<li>Grazie all'ombreggiatura del container, in estate \u00e8 necessaria una quantit\u00e0 significativamente minore di aria condizionata.<\/li>\n<\/ol>","protected":false},"excerpt":{"rendered":"<p>Il <strong><span style=\"color: #58a332;\">C<\/span><\/strong>contenitore<strong><span style=\"color: #58a332;\">PV<\/span><\/strong> \u00e8 un innovativo sistema solare per container. Si posiziona semplicemente sul tetto del container e si fissa agli angoli del container con gli elementi di fissaggio in dotazione per generare immediatamente la propria energia solare. Questa soluzione solare si integra perfettamente con il nostro <strong><span style=\"color: #58a332;\">C<\/span><\/strong>contenitore<strong><span style=\"color: #58a332;\">H<\/span><\/strong>ibridati e insieme ottimizzano la riduzione delle emissioni di CO2 e dei costi del gasolio.<\/p>","protected":false},"featured_media":3962,"comment_status":"closed","ping_status":"closed","template":"","meta":[],"product_brand":[],"product_cat":[65],"product_tag":[],"class_list":{"0":"post-1633","1":"product","2":"type-product","3":"status-publish","4":"has-post-thumbnail","6":"product_cat-pv-systeme","8":"first","9":"instock","10":"shipping-taxable","11":"product-type-simple"},"yoast_head":"<!-- This site is optimized with the Yoast SEO plugin v26.6 - https:\/\/yoast.com\/wordpress\/plugins\/seo\/ -->\n<title>ContainerPV CPV20F - MobilHybrid<\/title>\n<meta name=\"description\" content=\"Entdecken Sie ContainerPV - die nachhaltige und effiziente L\u00f6sung f\u00fcr Ihre Energiebed\u00fcrfnisse. Zuverl\u00e4ssige Stromversorgung, reduzierter CO2-Fu\u00dfabdruck!\" \/>\n<meta name=\"robots\" content=\"index, follow, max-snippet:-1, max-image-preview:large, max-video-preview:-1\" \/>\n<link rel=\"canonical\" href=\"https:\/\/mobilhybrid.de\/it\/prodotto\/containerpv\/\" \/>\n<meta property=\"og:locale\" content=\"it_IT\" \/>\n<meta property=\"og:type\" content=\"article\" \/>\n<meta property=\"og:title\" content=\"ContainerPV CPV20F - MobilHybrid\" \/>\n<meta property=\"og:description\" content=\"Entdecken Sie ContainerPV - die nachhaltige und effiziente L\u00f6sung f\u00fcr Ihre Energiebed\u00fcrfnisse. Zuverl\u00e4ssige Stromversorgung, reduzierter CO2-Fu\u00dfabdruck!\" \/>\n<meta property=\"og:url\" content=\"https:\/\/mobilhybrid.de\/it\/prodotto\/containerpv\/\" \/>\n<meta property=\"og:site_name\" content=\"MobilHybrid\" \/>\n<meta property=\"article:publisher\" content=\"https:\/\/www.facebook.com\/MobilHybrid\/\" \/>\n<meta property=\"article:modified_time\" content=\"2025-07-06T13:30:56+00:00\" \/>\n<meta property=\"og:image\" content=\"https:\/\/mobilhybrid.de\/wp-content\/uploads\/2022\/02\/Container-PV-CPV20F.jpg\" \/>\n\t<meta property=\"og:image:width\" content=\"1000\" \/>\n\t<meta property=\"og:image:height\" content=\"1000\" \/>\n\t<meta property=\"og:image:type\" content=\"image\/jpeg\" \/>\n<meta name=\"twitter:card\" content=\"summary_large_image\" \/>\n<script type=\"application\/ld+json\" class=\"yoast-schema-graph\">{\"@context\":\"https:\/\/schema.org\",\"@graph\":[{\"@type\":\"WebPage\",\"@id\":\"https:\/\/mobilhybrid.de\/product\/containerpv\/\",\"url\":\"https:\/\/mobilhybrid.de\/product\/containerpv\/\",\"name\":\"ContainerPV CPV20F - MobilHybrid\",\"isPartOf\":{\"@id\":\"https:\/\/mobilhybrid.de\/#website\"},\"primaryImageOfPage\":{\"@id\":\"https:\/\/mobilhybrid.de\/product\/containerpv\/#primaryimage\"},\"image\":{\"@id\":\"https:\/\/mobilhybrid.de\/product\/containerpv\/#primaryimage\"},\"thumbnailUrl\":\"https:\/\/mobilhybrid.de\/wp-content\/uploads\/2022\/02\/Container-PV-CPV20F.jpg\",\"datePublished\":\"2022-02-21T22:18:29+00:00\",\"dateModified\":\"2025-07-06T13:30:56+00:00\",\"description\":\"Entdecken Sie ContainerPV - die nachhaltige und effiziente L\u00f6sung f\u00fcr Ihre Energiebed\u00fcrfnisse. Zuverl\u00e4ssige Stromversorgung, reduzierter CO2-Fu\u00dfabdruck!\",\"breadcrumb\":{\"@id\":\"https:\/\/mobilhybrid.de\/product\/containerpv\/#breadcrumb\"},\"inLanguage\":\"it-IT\",\"potentialAction\":[{\"@type\":\"ReadAction\",\"target\":[\"https:\/\/mobilhybrid.de\/product\/containerpv\/\"]}]},{\"@type\":\"ImageObject\",\"inLanguage\":\"it-IT\",\"@id\":\"https:\/\/mobilhybrid.de\/product\/containerpv\/#primaryimage\",\"url\":\"https:\/\/mobilhybrid.de\/wp-content\/uploads\/2022\/02\/Container-PV-CPV20F.jpg\",\"contentUrl\":\"https:\/\/mobilhybrid.de\/wp-content\/uploads\/2022\/02\/Container-PV-CPV20F.jpg\",\"width\":1000,\"height\":1000,\"caption\":\"mobile Stromerzeugung durch ContainerPV\"},{\"@type\":\"BreadcrumbList\",\"@id\":\"https:\/\/mobilhybrid.de\/product\/containerpv\/#breadcrumb\",\"itemListElement\":[{\"@type\":\"ListItem\",\"position\":1,\"name\":\"Home\",\"item\":\"https:\/\/mobilhybrid.de\/\"},{\"@type\":\"ListItem\",\"position\":2,\"name\":\"Produkte\",\"item\":\"https:\/\/mobilhybrid.de\/shop\/\"},{\"@type\":\"ListItem\",\"position\":3,\"name\":\"ContainerPV CPV20F\"}]},{\"@type\":\"WebSite\",\"@id\":\"https:\/\/mobilhybrid.de\/#website\",\"url\":\"https:\/\/mobilhybrid.de\/\",\"name\":\"MobilHybrid\",\"description\":\"die autarke, mobile netzunabh\u00e4ngige Stromversorgung\",\"publisher\":{\"@id\":\"https:\/\/mobilhybrid.de\/#organization\"},\"potentialAction\":[{\"@type\":\"SearchAction\",\"target\":{\"@type\":\"EntryPoint\",\"urlTemplate\":\"https:\/\/mobilhybrid.de\/?s={search_term_string}\"},\"query-input\":{\"@type\":\"PropertyValueSpecification\",\"valueRequired\":true,\"valueName\":\"search_term_string\"}}],\"inLanguage\":\"it-IT\"},{\"@type\":\"Organization\",\"@id\":\"https:\/\/mobilhybrid.de\/#organization\",\"name\":\"MobilHybrid GmbH\",\"url\":\"https:\/\/mobilhybrid.de\/\",\"logo\":{\"@type\":\"ImageObject\",\"inLanguage\":\"it-IT\",\"@id\":\"https:\/\/mobilhybrid.de\/#\/schema\/logo\/image\/\",\"url\":\"https:\/\/mobilhybrid.de\/wp-content\/uploads\/2020\/04\/152.png\",\"contentUrl\":\"https:\/\/mobilhybrid.de\/wp-content\/uploads\/2020\/04\/152.png\",\"width\":152,\"height\":152,\"caption\":\"MobilHybrid GmbH\"},\"image\":{\"@id\":\"https:\/\/mobilhybrid.de\/#\/schema\/logo\/image\/\"},\"sameAs\":[\"https:\/\/www.facebook.com\/MobilHybrid\/\",\"https:\/\/www.instagram.com\/_mobilhybrid_\/?hl=de\",\"https:\/\/www.youtube.com\/@pv4lifegmbh476\",\"https:\/\/de.linkedin.com\/company\/mobilhybrid-ug\"]}]}<\/script>\n<!-- \/ Yoast SEO plugin. -->","yoast_head_json":{"title":"ContainerPV CPV20F - MobileHybrid","description":"Scoprite ContainerPV - la soluzione sostenibile ed efficiente per le vostre esigenze energetiche. Alimentazione affidabile, impronta di CO2 ridotta!","robots":{"index":"index","follow":"follow","max-snippet":"max-snippet:-1","max-image-preview":"max-image-preview:large","max-video-preview":"max-video-preview:-1"},"canonical":"https:\/\/mobilhybrid.de\/it\/prodotto\/containerpv\/","og_locale":"it_IT","og_type":"article","og_title":"ContainerPV CPV20F - MobilHybrid","og_description":"Entdecken Sie ContainerPV - die nachhaltige und effiziente L\u00f6sung f\u00fcr Ihre Energiebed\u00fcrfnisse. Zuverl\u00e4ssige Stromversorgung, reduzierter CO2-Fu\u00dfabdruck!","og_url":"https:\/\/mobilhybrid.de\/it\/prodotto\/containerpv\/","og_site_name":"MobilHybrid","article_publisher":"https:\/\/www.facebook.com\/MobilHybrid\/","article_modified_time":"2025-07-06T13:30:56+00:00","og_image":[{"width":1000,"height":1000,"url":"https:\/\/mobilhybrid.de\/wp-content\/uploads\/2022\/02\/Container-PV-CPV20F.jpg","type":"image\/jpeg"}],"twitter_card":"summary_large_image","schema":{"@context":"https:\/\/schema.org","@graph":[{"@type":"WebPage","@id":"https:\/\/mobilhybrid.de\/product\/containerpv\/","url":"https:\/\/mobilhybrid.de\/product\/containerpv\/","name":"ContainerPV CPV20F - MobileHybrid","isPartOf":{"@id":"https:\/\/mobilhybrid.de\/#website"},"primaryImageOfPage":{"@id":"https:\/\/mobilhybrid.de\/product\/containerpv\/#primaryimage"},"image":{"@id":"https:\/\/mobilhybrid.de\/product\/containerpv\/#primaryimage"},"thumbnailUrl":"https:\/\/mobilhybrid.de\/wp-content\/uploads\/2022\/02\/Container-PV-CPV20F.jpg","datePublished":"2022-02-21T22:18:29+00:00","dateModified":"2025-07-06T13:30:56+00:00","description":"Scoprite ContainerPV - la soluzione sostenibile ed efficiente per le vostre esigenze energetiche. Alimentazione affidabile, impronta di CO2 ridotta!","breadcrumb":{"@id":"https:\/\/mobilhybrid.de\/product\/containerpv\/#breadcrumb"},"inLanguage":"it-IT","potentialAction":[{"@type":"ReadAction","target":["https:\/\/mobilhybrid.de\/product\/containerpv\/"]}]},{"@type":"ImageObject","inLanguage":"it-IT","@id":"https:\/\/mobilhybrid.de\/product\/containerpv\/#primaryimage","url":"https:\/\/mobilhybrid.de\/wp-content\/uploads\/2022\/02\/Container-PV-CPV20F.jpg","contentUrl":"https:\/\/mobilhybrid.de\/wp-content\/uploads\/2022\/02\/Container-PV-CPV20F.jpg","width":1000,"height":1000,"caption":"mobile Stromerzeugung durch ContainerPV"},{"@type":"BreadcrumbList","@id":"https:\/\/mobilhybrid.de\/product\/containerpv\/#breadcrumb","itemListElement":[{"@type":"ListItem","position":1,"name":"Home","item":"https:\/\/mobilhybrid.de\/"},{"@type":"ListItem","position":2,"name":"Produkte","item":"https:\/\/mobilhybrid.de\/shop\/"},{"@type":"ListItem","position":3,"name":"ContainerPV CPV20F"}]},{"@type":"WebSite","@id":"https:\/\/mobilhybrid.de\/#website","url":"https:\/\/mobilhybrid.de\/","name":"MobilHybrid","description":"l'alimentazione autosufficiente, mobile e off-grid","publisher":{"@id":"https:\/\/mobilhybrid.de\/#organization"},"potentialAction":[{"@type":"SearchAction","target":{"@type":"EntryPoint","urlTemplate":"https:\/\/mobilhybrid.de\/?s={search_term_string}"},"query-input":{"@type":"PropertyValueSpecification","valueRequired":true,"valueName":"search_term_string"}}],"inLanguage":"it-IT"},{"@type":"Organization","@id":"https:\/\/mobilhybrid.de\/#organization","name":"MobilHybrid GmbH","url":"https:\/\/mobilhybrid.de\/","logo":{"@type":"ImageObject","inLanguage":"it-IT","@id":"https:\/\/mobilhybrid.de\/#\/schema\/logo\/image\/","url":"https:\/\/mobilhybrid.de\/wp-content\/uploads\/2020\/04\/152.png","contentUrl":"https:\/\/mobilhybrid.de\/wp-content\/uploads\/2020\/04\/152.png","width":152,"height":152,"caption":"MobilHybrid GmbH"},"image":{"@id":"https:\/\/mobilhybrid.de\/#\/schema\/logo\/image\/"},"sameAs":["https:\/\/www.facebook.com\/MobilHybrid\/","https:\/\/www.instagram.com\/_mobilhybrid_\/?hl=de","https:\/\/www.youtube.com\/@pv4lifegmbh476","https:\/\/de.linkedin.com\/company\/mobilhybrid-ug"]}]}},"_links":{"self":[{"href":"https:\/\/mobilhybrid.de\/it\/wp-json\/wp\/v2\/product\/1633","targetHints":{"allow":["GET"]}}],"collection":[{"href":"https:\/\/mobilhybrid.de\/it\/wp-json\/wp\/v2\/product"}],"about":[{"href":"https:\/\/mobilhybrid.de\/it\/wp-json\/wp\/v2\/types\/product"}],"replies":[{"embeddable":true,"href":"https:\/\/mobilhybrid.de\/it\/wp-json\/wp\/v2\/comments?post=1633"}],"wp:featuredmedia":[{"embeddable":true,"href":"https:\/\/mobilhybrid.de\/it\/wp-json\/wp\/v2\/media\/3962"}],"wp:attachment":[{"href":"https:\/\/mobilhybrid.de\/it\/wp-json\/wp\/v2\/media?parent=1633"}],"wp:term":[{"taxonomy":"product_brand","embeddable":true,"href":"https:\/\/mobilhybrid.de\/it\/wp-json\/wp\/v2\/product_brand?post=1633"},{"taxonomy":"product_cat","embeddable":true,"href":"https:\/\/mobilhybrid.de\/it\/wp-json\/wp\/v2\/product_cat?post=1633"},{"taxonomy":"product_tag","embeddable":true,"href":"https:\/\/mobilhybrid.de\/it\/wp-json\/wp\/v2\/product_tag?post=1633"}],"curies":[{"name":"wp","href":"https:\/\/api.w.org\/{rel}","templated":true}]}}