{"id":3992,"date":"2024-06-09T12:36:18","date_gmt":"2024-06-09T10:36:18","guid":{"rendered":"https:\/\/mobilhybrid.de\/?post_type=product&#038;p=3992"},"modified":"2025-07-06T15:25:52","modified_gmt":"2025-07-06T13:25:52","slug":"soluzione-solare-innovativa-per-lalimentazione-autosufficiente-di-tetti-mobili-ibridi-mhppv","status":"publish","type":"product","link":"https:\/\/mobilhybrid.de\/it\/prodotto\/soluzione-solare-innovativa-per-lalimentazione-autosufficiente-di-tetti-mobili-ibridi-mhppv\/","title":{"rendered":"MH RoofTopPV"},"content":{"rendered":"<div class=\"page\" title=\"Pagina 1\">\n<div class=\"layoutArea\">\n<div class=\"column\">\n<p>Il <strong><span style=\"color: #58a332;\">MH<\/span> <span style=\"color: #58a332;\">R<\/span><\/strong>oof<strong><span style=\"color: #58a332;\">T<\/span><\/strong>op<span style=\"color: #58a332;\"><strong>PV<\/strong><\/span> una soluzione solare innovativa e di nuova concezione, pensata appositamente per i vostri <strong><span style=\"color: #58a332;\">M<\/span><\/strong>obil<strong><span style=\"color: #58a332;\">H<\/span><\/strong>ibridato. Si installa in un attimo grazie alle staffe prefabbricate. <strong><span style=\"color: #58a332;\">MH<\/span> <span style=\"color: #58a332;\">R<\/span><\/strong>oof<strong><span style=\"color: #58a332;\">T<\/span><\/strong>op<span style=\"color: #58a332;\"><strong>PV<\/strong><\/span> semplicemente sul tetto del <strong><span style=\"color: #58a332;\">M<\/span><\/strong>obil<strong><span style=\"color: #58a332;\">H<\/span><\/strong>ibridato e si possono generare fino a 800 kWh di energia solare all'anno.<\/p>\n<ul>\n<li><strong>Installazione rapida<\/strong>Grazie alle staffe prefabbricate, pu\u00f2 essere installato in pochissimo tempo.<\/li>\n<li><strong>Elevata produzione di energia<\/strong>Generazione fino a 800 kWh di energia solare all'anno.<\/li>\n<li><strong>Alimentazione autosufficiente di ultima generazione<\/strong>In combinazione con la nostra unit\u00e0 mobile di accumulo di energia per un'energia ecologica.<\/li>\n<li><strong>Risparmio sui costi<\/strong>Riduce il consumo di gasolio e le emissioni di CO2, \u00e8 esente da licenze e pu\u00f2 essere utilizzato fuori rete.<\/li>\n<li><strong>Montaggio semplice<\/strong>Fissando i robusti profili in alluminio al tetto con i SuperMagneti, i moduli fotovoltaici possono essere installati da una sola persona in pochi minuti.<\/li>\n<li><strong>Durata della batteria pi\u00f9 lunga<\/strong>I moduli fotovoltaici proteggono dalla scarica profonda in caso di guasto del generatore o della rete.<\/li>\n<li><strong>Vantaggi estivi<\/strong>Ombreggiatura ottimale del MobilHybrid.<\/li>\n<li><strong>Alta compatibilit\u00e0<\/strong>Facile da trasportare e compatibile con qualsiasi MobilHybrid con opzione fotovoltaica.<\/li>\n<\/ul>\n<\/div>\n<\/div>\n<\/div>","protected":false},"excerpt":{"rendered":"<p>Il <strong><span style=\"color: #58a332;\">MH<\/span> <span style=\"color: #58a332;\">R<\/span><\/strong>oof<strong><span style=\"color: #58a332;\">T<\/span><\/strong>op<span style=\"color: #58a332;\"><strong>PV<\/strong><\/span> \u00e8 una soluzione solare innovativa per <strong><span style=\"color: #58a332;\">M<\/span><\/strong>obil<strong><span style=\"color: #58a332;\">H<\/span><\/strong>ibrido. Installazione rapida, fino a 800 kWh di energia solare all'anno, rispettosa dell'ambiente, non collegata alla rete e con un risparmio economico. Ideale per l'autosufficienza energetica in viaggio.<\/p>","protected":false},"featured_media":3993,"comment_status":"closed","ping_status":"closed","template":"","meta":[],"product_brand":[],"product_cat":[65],"product_tag":[],"class_list":{"0":"post-3992","1":"product","2":"type-product","3":"status-publish","4":"has-post-thumbnail","6":"product_cat-pv-systeme","8":"first","9":"instock","10":"shipping-taxable","11":"product-type-simple"},"yoast_head":"<!-- This site is optimized with the Yoast SEO plugin v26.6 - https:\/\/yoast.com\/wordpress\/plugins\/seo\/ -->\n<title>MH RoofTopPV - MobilHybrid<\/title>\n<meta name=\"description\" content=\"Entdecken Sie die MH RoofTopPV Solarl\u00f6sung f\u00fcr Ihren MobilHybrid. Schnelle Installation, netzunabh\u00e4ngig und umweltfreundlich.\" \/>\n<meta name=\"robots\" content=\"index, follow, max-snippet:-1, max-image-preview:large, max-video-preview:-1\" \/>\n<link rel=\"canonical\" href=\"https:\/\/mobilhybrid.de\/it\/prodotto\/soluzione-solare-innovativa-per-lalimentazione-autosufficiente-di-tetti-mobili-ibridi-mhppv\/\" \/>\n<meta property=\"og:locale\" content=\"it_IT\" \/>\n<meta property=\"og:type\" content=\"article\" \/>\n<meta property=\"og:title\" content=\"MH RoofTopPV - MobilHybrid\" \/>\n<meta property=\"og:description\" content=\"Entdecken Sie die MH RoofTopPV Solarl\u00f6sung f\u00fcr Ihren MobilHybrid. Schnelle Installation, netzunabh\u00e4ngig und umweltfreundlich.\" \/>\n<meta property=\"og:url\" content=\"https:\/\/mobilhybrid.de\/it\/prodotto\/soluzione-solare-innovativa-per-lalimentazione-autosufficiente-di-tetti-mobili-ibridi-mhppv\/\" \/>\n<meta property=\"og:site_name\" content=\"MobilHybrid\" \/>\n<meta property=\"article:publisher\" content=\"https:\/\/www.facebook.com\/MobilHybrid\/\" \/>\n<meta property=\"article:modified_time\" content=\"2025-07-06T13:25:52+00:00\" \/>\n<meta property=\"og:image\" content=\"https:\/\/mobilhybrid.de\/wp-content\/uploads\/2024\/06\/MH-RoofTopPV.jpg\" \/>\n\t<meta property=\"og:image:width\" content=\"1000\" \/>\n\t<meta property=\"og:image:height\" content=\"1000\" \/>\n\t<meta property=\"og:image:type\" content=\"image\/jpeg\" \/>\n<meta name=\"twitter:card\" content=\"summary_large_image\" \/>\n<script type=\"application\/ld+json\" class=\"yoast-schema-graph\">{\"@context\":\"https:\/\/schema.org\",\"@graph\":[{\"@type\":\"WebPage\",\"@id\":\"https:\/\/mobilhybrid.de\/product\/innovative-solarloesung-fuer-mobilhybrid-mh-rooftoppv-autarke-stromversorgung\/\",\"url\":\"https:\/\/mobilhybrid.de\/product\/innovative-solarloesung-fuer-mobilhybrid-mh-rooftoppv-autarke-stromversorgung\/\",\"name\":\"MH RoofTopPV - MobilHybrid\",\"isPartOf\":{\"@id\":\"https:\/\/mobilhybrid.de\/#website\"},\"primaryImageOfPage\":{\"@id\":\"https:\/\/mobilhybrid.de\/product\/innovative-solarloesung-fuer-mobilhybrid-mh-rooftoppv-autarke-stromversorgung\/#primaryimage\"},\"image\":{\"@id\":\"https:\/\/mobilhybrid.de\/product\/innovative-solarloesung-fuer-mobilhybrid-mh-rooftoppv-autarke-stromversorgung\/#primaryimage\"},\"thumbnailUrl\":\"https:\/\/mobilhybrid.de\/wp-content\/uploads\/2024\/06\/MH-RoofTopPV.jpg\",\"datePublished\":\"2024-06-09T10:36:18+00:00\",\"dateModified\":\"2025-07-06T13:25:52+00:00\",\"description\":\"Entdecken Sie die MH RoofTopPV Solarl\u00f6sung f\u00fcr Ihren MobilHybrid. Schnelle Installation, netzunabh\u00e4ngig und umweltfreundlich.\",\"breadcrumb\":{\"@id\":\"https:\/\/mobilhybrid.de\/product\/innovative-solarloesung-fuer-mobilhybrid-mh-rooftoppv-autarke-stromversorgung\/#breadcrumb\"},\"inLanguage\":\"it-IT\",\"potentialAction\":[{\"@type\":\"ReadAction\",\"target\":[\"https:\/\/mobilhybrid.de\/product\/innovative-solarloesung-fuer-mobilhybrid-mh-rooftoppv-autarke-stromversorgung\/\"]}]},{\"@type\":\"ImageObject\",\"inLanguage\":\"it-IT\",\"@id\":\"https:\/\/mobilhybrid.de\/product\/innovative-solarloesung-fuer-mobilhybrid-mh-rooftoppv-autarke-stromversorgung\/#primaryimage\",\"url\":\"https:\/\/mobilhybrid.de\/wp-content\/uploads\/2024\/06\/MH-RoofTopPV.jpg\",\"contentUrl\":\"https:\/\/mobilhybrid.de\/wp-content\/uploads\/2024\/06\/MH-RoofTopPV.jpg\",\"width\":1000,\"height\":1000,\"caption\":\"Mobile PV-Anlage f\u00fcr MobilHybrid\"},{\"@type\":\"BreadcrumbList\",\"@id\":\"https:\/\/mobilhybrid.de\/product\/innovative-solarloesung-fuer-mobilhybrid-mh-rooftoppv-autarke-stromversorgung\/#breadcrumb\",\"itemListElement\":[{\"@type\":\"ListItem\",\"position\":1,\"name\":\"Home\",\"item\":\"https:\/\/mobilhybrid.de\/\"},{\"@type\":\"ListItem\",\"position\":2,\"name\":\"Produkte\",\"item\":\"https:\/\/mobilhybrid.de\/shop\/\"},{\"@type\":\"ListItem\",\"position\":3,\"name\":\"MH RoofTopPV\"}]},{\"@type\":\"WebSite\",\"@id\":\"https:\/\/mobilhybrid.de\/#website\",\"url\":\"https:\/\/mobilhybrid.de\/\",\"name\":\"MobilHybrid\",\"description\":\"die autarke, mobile netzunabh\u00e4ngige Stromversorgung\",\"publisher\":{\"@id\":\"https:\/\/mobilhybrid.de\/#organization\"},\"potentialAction\":[{\"@type\":\"SearchAction\",\"target\":{\"@type\":\"EntryPoint\",\"urlTemplate\":\"https:\/\/mobilhybrid.de\/?s={search_term_string}\"},\"query-input\":{\"@type\":\"PropertyValueSpecification\",\"valueRequired\":true,\"valueName\":\"search_term_string\"}}],\"inLanguage\":\"it-IT\"},{\"@type\":\"Organization\",\"@id\":\"https:\/\/mobilhybrid.de\/#organization\",\"name\":\"MobilHybrid GmbH\",\"url\":\"https:\/\/mobilhybrid.de\/\",\"logo\":{\"@type\":\"ImageObject\",\"inLanguage\":\"it-IT\",\"@id\":\"https:\/\/mobilhybrid.de\/#\/schema\/logo\/image\/\",\"url\":\"https:\/\/mobilhybrid.de\/wp-content\/uploads\/2020\/04\/152.png\",\"contentUrl\":\"https:\/\/mobilhybrid.de\/wp-content\/uploads\/2020\/04\/152.png\",\"width\":152,\"height\":152,\"caption\":\"MobilHybrid GmbH\"},\"image\":{\"@id\":\"https:\/\/mobilhybrid.de\/#\/schema\/logo\/image\/\"},\"sameAs\":[\"https:\/\/www.facebook.com\/MobilHybrid\/\",\"https:\/\/www.instagram.com\/_mobilhybrid_\/?hl=de\",\"https:\/\/www.youtube.com\/@pv4lifegmbh476\",\"https:\/\/de.linkedin.com\/company\/mobilhybrid-ug\"]}]}<\/script>\n<!-- \/ Yoast SEO plugin. -->","yoast_head_json":{"title":"MH RoofTopPV - MobilHybrid","description":"Scoprite la soluzione solare MH RoofTopPV per il vostro MobilHybrid. Installazione rapida, non collegata alla rete e rispettosa dell'ambiente.","robots":{"index":"index","follow":"follow","max-snippet":"max-snippet:-1","max-image-preview":"max-image-preview:large","max-video-preview":"max-video-preview:-1"},"canonical":"https:\/\/mobilhybrid.de\/it\/prodotto\/soluzione-solare-innovativa-per-lalimentazione-autosufficiente-di-tetti-mobili-ibridi-mhppv\/","og_locale":"it_IT","og_type":"article","og_title":"MH RoofTopPV - MobilHybrid","og_description":"Entdecken Sie die MH RoofTopPV Solarl\u00f6sung f\u00fcr Ihren MobilHybrid. Schnelle Installation, netzunabh\u00e4ngig und umweltfreundlich.","og_url":"https:\/\/mobilhybrid.de\/it\/prodotto\/soluzione-solare-innovativa-per-lalimentazione-autosufficiente-di-tetti-mobili-ibridi-mhppv\/","og_site_name":"MobilHybrid","article_publisher":"https:\/\/www.facebook.com\/MobilHybrid\/","article_modified_time":"2025-07-06T13:25:52+00:00","og_image":[{"width":1000,"height":1000,"url":"https:\/\/mobilhybrid.de\/wp-content\/uploads\/2024\/06\/MH-RoofTopPV.jpg","type":"image\/jpeg"}],"twitter_card":"summary_large_image","schema":{"@context":"https:\/\/schema.org","@graph":[{"@type":"WebPage","@id":"https:\/\/mobilhybrid.de\/product\/innovative-solarloesung-fuer-mobilhybrid-mh-rooftoppv-autarke-stromversorgung\/","url":"https:\/\/mobilhybrid.de\/product\/innovative-solarloesung-fuer-mobilhybrid-mh-rooftoppv-autarke-stromversorgung\/","name":"MH RoofTopPV - MobilHybrid","isPartOf":{"@id":"https:\/\/mobilhybrid.de\/#website"},"primaryImageOfPage":{"@id":"https:\/\/mobilhybrid.de\/product\/innovative-solarloesung-fuer-mobilhybrid-mh-rooftoppv-autarke-stromversorgung\/#primaryimage"},"image":{"@id":"https:\/\/mobilhybrid.de\/product\/innovative-solarloesung-fuer-mobilhybrid-mh-rooftoppv-autarke-stromversorgung\/#primaryimage"},"thumbnailUrl":"https:\/\/mobilhybrid.de\/wp-content\/uploads\/2024\/06\/MH-RoofTopPV.jpg","datePublished":"2024-06-09T10:36:18+00:00","dateModified":"2025-07-06T13:25:52+00:00","description":"Scoprite la soluzione solare MH RoofTopPV per il vostro MobilHybrid. Installazione rapida, non collegata alla rete e rispettosa dell'ambiente.","breadcrumb":{"@id":"https:\/\/mobilhybrid.de\/product\/innovative-solarloesung-fuer-mobilhybrid-mh-rooftoppv-autarke-stromversorgung\/#breadcrumb"},"inLanguage":"it-IT","potentialAction":[{"@type":"ReadAction","target":["https:\/\/mobilhybrid.de\/product\/innovative-solarloesung-fuer-mobilhybrid-mh-rooftoppv-autarke-stromversorgung\/"]}]},{"@type":"ImageObject","inLanguage":"it-IT","@id":"https:\/\/mobilhybrid.de\/product\/innovative-solarloesung-fuer-mobilhybrid-mh-rooftoppv-autarke-stromversorgung\/#primaryimage","url":"https:\/\/mobilhybrid.de\/wp-content\/uploads\/2024\/06\/MH-RoofTopPV.jpg","contentUrl":"https:\/\/mobilhybrid.de\/wp-content\/uploads\/2024\/06\/MH-RoofTopPV.jpg","width":1000,"height":1000,"caption":"Mobile PV-Anlage f\u00fcr MobilHybrid"},{"@type":"BreadcrumbList","@id":"https:\/\/mobilhybrid.de\/product\/innovative-solarloesung-fuer-mobilhybrid-mh-rooftoppv-autarke-stromversorgung\/#breadcrumb","itemListElement":[{"@type":"ListItem","position":1,"name":"Home","item":"https:\/\/mobilhybrid.de\/"},{"@type":"ListItem","position":2,"name":"Produkte","item":"https:\/\/mobilhybrid.de\/shop\/"},{"@type":"ListItem","position":3,"name":"MH RoofTopPV"}]},{"@type":"WebSite","@id":"https:\/\/mobilhybrid.de\/#website","url":"https:\/\/mobilhybrid.de\/","name":"MobilHybrid","description":"l'alimentazione autosufficiente, mobile e off-grid","publisher":{"@id":"https:\/\/mobilhybrid.de\/#organization"},"potentialAction":[{"@type":"SearchAction","target":{"@type":"EntryPoint","urlTemplate":"https:\/\/mobilhybrid.de\/?s={search_term_string}"},"query-input":{"@type":"PropertyValueSpecification","valueRequired":true,"valueName":"search_term_string"}}],"inLanguage":"it-IT"},{"@type":"Organization","@id":"https:\/\/mobilhybrid.de\/#organization","name":"MobilHybrid GmbH","url":"https:\/\/mobilhybrid.de\/","logo":{"@type":"ImageObject","inLanguage":"it-IT","@id":"https:\/\/mobilhybrid.de\/#\/schema\/logo\/image\/","url":"https:\/\/mobilhybrid.de\/wp-content\/uploads\/2020\/04\/152.png","contentUrl":"https:\/\/mobilhybrid.de\/wp-content\/uploads\/2020\/04\/152.png","width":152,"height":152,"caption":"MobilHybrid GmbH"},"image":{"@id":"https:\/\/mobilhybrid.de\/#\/schema\/logo\/image\/"},"sameAs":["https:\/\/www.facebook.com\/MobilHybrid\/","https:\/\/www.instagram.com\/_mobilhybrid_\/?hl=de","https:\/\/www.youtube.com\/@pv4lifegmbh476","https:\/\/de.linkedin.com\/company\/mobilhybrid-ug"]}]}},"_links":{"self":[{"href":"https:\/\/mobilhybrid.de\/it\/wp-json\/wp\/v2\/product\/3992","targetHints":{"allow":["GET"]}}],"collection":[{"href":"https:\/\/mobilhybrid.de\/it\/wp-json\/wp\/v2\/product"}],"about":[{"href":"https:\/\/mobilhybrid.de\/it\/wp-json\/wp\/v2\/types\/product"}],"replies":[{"embeddable":true,"href":"https:\/\/mobilhybrid.de\/it\/wp-json\/wp\/v2\/comments?post=3992"}],"wp:featuredmedia":[{"embeddable":true,"href":"https:\/\/mobilhybrid.de\/it\/wp-json\/wp\/v2\/media\/3993"}],"wp:attachment":[{"href":"https:\/\/mobilhybrid.de\/it\/wp-json\/wp\/v2\/media?parent=3992"}],"wp:term":[{"taxonomy":"product_brand","embeddable":true,"href":"https:\/\/mobilhybrid.de\/it\/wp-json\/wp\/v2\/product_brand?post=3992"},{"taxonomy":"product_cat","embeddable":true,"href":"https:\/\/mobilhybrid.de\/it\/wp-json\/wp\/v2\/product_cat?post=3992"},{"taxonomy":"product_tag","embeddable":true,"href":"https:\/\/mobilhybrid.de\/it\/wp-json\/wp\/v2\/product_tag?post=3992"}],"curies":[{"name":"wp","href":"https:\/\/api.w.org\/{rel}","templated":true}]}}